{"id":4723,"date":"2023-05-10T11:52:13","date_gmt":"2023-05-10T09:52:13","guid":{"rendered":"https:\/\/koningdrone.nl\/kon\/product\/dji-mavic-3-pro-nd-filters-set-nd8-16-32-64\/"},"modified":"2026-04-29T04:21:03","modified_gmt":"2026-04-29T02:21:03","slug":"dji-mavic-3-pro-nd-filters-set-nd8-16-32-64","status":"publish","type":"product","link":"https:\/\/koningdrone.be\/fr\/produit\/dji-mavic-3-pro-nd-filters-set-nd8-16-32-64\/","title":{"rendered":"DJI Mavic 3 Pro Kit de filtres ND (ND8\/16\/32\/64)"},"content":{"rendered":"<p><strong>Introduction au jeu de filtres ND<\/strong><\/p>\n<p> Le kit de filtres ND est con\u00e7u pour aider les photographes \u00e0 cr\u00e9er de superbes photos \u00e0 longue exposition ou des images impeccables en pleine lumi\u00e8re. Ce kit est particuli\u00e8rement utile pour ceux qui souhaitent obtenir des mouvements fluides d'aspect professionnel dans leurs vid\u00e9os \u00e0 des niveaux de luminosit\u00e9 \u00e9lev\u00e9s. En permettant d'ajuster pr\u00e9cis\u00e9ment la vitesse d'obturation, ces filtres jouent un r\u00f4le crucial dans le maintien d'une exposition optimale sans compromettre la qualit\u00e9 de l'image.<\/p>\n<p><strong>Optimis\u00e9 pour diff\u00e9rentes conditions d'\u00e9clairage<\/strong><\/p>\n<p> Pour les photographes et vid\u00e9astes chevronn\u00e9s, la gestion de l'exposition pour obtenir l'esth\u00e9tique souhait\u00e9e peut s'av\u00e9rer difficile, en particulier dans des conditions d'\u00e9clairage variables. Le jeu de filtres ND r\u00e9sout ce probl\u00e8me en permettant de mieux contr\u00f4ler et de r\u00e9duire l'exposition \u00e0 la lumi\u00e8re dans l'appareil photo. Ceci est particuli\u00e8rement utile pour obtenir un rendu cin\u00e9matographique, o\u00f9 une vitesse d'obturation plus lente (correspondant souvent au double de la fr\u00e9quence d'images pour un angle d'ouverture de l'obturateur de 180\u00b0) permet d'obtenir un flou de mouvement plus doux dans des environnements tr\u00e8s \u00e9clair\u00e9s, sans avoir \u00e0 augmenter la sensibilit\u00e9 ISO et \u00e0 introduire potentiellement du bruit dans les images.<\/p>\n<p><strong>Con\u00e7u sur mesure pour les syst\u00e8mes \u00e0 trois cam\u00e9ras<\/strong><\/p>\n<p> Ce jeu de filtres se distingue par son optimisation sur mesure pour les appareils photo \u00e9quip\u00e9s d'un syst\u00e8me \u00e0 trois cam\u00e9ras. Il ajuste soigneusement la r\u00e9duction de la lumi\u00e8re pour le t\u00e9l\u00e9objectif afin d'\u00e9viter les sc\u00e9narios dans lesquels, bien que l'exposition soit correcte sur les cam\u00e9ras grand angle et t\u00e9l\u00e9objectif moyen, la cam\u00e9ra t\u00e9l\u00e9objectif est sous-expos\u00e9e. Cela garantit une exposition et une qualit\u00e9 uniformes \u00e0 diff\u00e9rents niveaux de zoom, am\u00e9liorant ainsi l'exp\u00e9rience photographique et vid\u00e9ographique globale.<\/p>\n<p><strong>Comprendre l'angle d'ouverture de l'obturateur<\/strong><\/p>\n<p> Comprendre l'angle d'ouverture de l'obturateur : ce terme est utilis\u00e9 pour d\u00e9crire comment la vitesse d'obturation est li\u00e9e \u00e0 la fr\u00e9quence d'images en vid\u00e9ographie. En termes simples, il permet de d\u00e9terminer le temps d'exposition \u00e0 l'aide de la formule suivante : Temps d'exposition = angle d'ouverture de l'obturateur\/(fr\u00e9quence d'images \u00d7 360\u00b0). Par exemple, si vous filmez \u00e0 24 images par seconde (ips) et que l'obturateur est ouvert \u00e0 un angle de 180\u00b0, le temps d'exposition est de 1\/48e de seconde. Ce concept est essentiel pour obtenir le bon \u00e9quilibre entre le flou de mouvement et l'exposition dans les s\u00e9quences vid\u00e9o.<\/p>\n<p><\/p>","protected":false},"excerpt":{"rendered":"<ul>\n<li>Con\u00e7u pour la photographie avec des temps d'exposition longs et un \u00e9clairage puissant.<\/li>\n<li> Am\u00e9liore le contr\u00f4le de la vitesse d'obturation pour des images fluides.<\/li>\n<li> Permet des vitesses d'obturation plus lentes avec une faible sensibilit\u00e9 ISO dans les environnements lumineux.<\/li>\n<li> Optimis\u00e9 pour les syst\u00e8mes d'imagerie \u00e0 trois cam\u00e9ras.<\/li>\n<li> Minimise la r\u00e9duction de la lumi\u00e8re pour les t\u00e9l\u00e9cam\u00e9ras afin d'obtenir une exposition \u00e9quilibr\u00e9e.<\/li>\n<li> Permet des r\u00e9glages pr\u00e9cis de l'exposition gr\u00e2ce \u00e0 l'angle d'ouverture de l'obturateur.<\/li>\n<\/ul>","protected":false},"featured_media":4720,"template":"","meta":{"_acf_changed":false},"product_brand":[],"product_cat":[172,97,138],"product_tag":[],"class_list":{"0":"post-4723","1":"product","2":"type-product","3":"status-publish","4":"has-post-thumbnail","6":"product_cat-alle-nd-filters","7":"product_cat-alle-producten","8":"product_cat-dji-mavic-3-pro","9":"product_shipping_class-dronelandall","10":"pa_brand-dji","11":"pa_productfamily-nd-filters","12":"pa_producttype-nd-filters","13":"pa_series-mavic-3-pro","15":"first","16":"instock","17":"taxable","18":"shipping-taxable","19":"purchasable","20":"product-type-simple"},"acf":[],"yoast_head":"<!-- This site is optimized with the Yoast SEO Premium plugin v27.2 (Yoast SEO v27.2) - https:\/\/yoast.com\/product\/yoast-seo-premium-wordpress\/ -->\n<title>DJI Mavic 3 Pro ND Filters Set (ND8\/16\/32\/64) - koningdrone.be<\/title>\n<meta name=\"robots\" content=\"index, follow, max-snippet:-1, max-image-preview:large, max-video-preview:-1\" \/>\n<link rel=\"canonical\" href=\"https:\/\/koningdrone.be\/fr\/produit\/dji-mavic-3-pro-nd-filters-set-nd8-16-32-64\/\" \/>\n<meta property=\"og:locale\" content=\"fr_FR\" \/>\n<meta property=\"og:type\" content=\"article\" \/>\n<meta property=\"og:title\" content=\"DJI Mavic 3 Pro ND Filters Set (ND8\/16\/32\/64)\" \/>\n<meta property=\"og:description\" content=\"Ontworpen voor fotografie met lange belichtingstijden en sterke verlichting. Verbetert de controle over de sluitertijd voor vloeiende beelden. Maakt lagere sluitertijden mogelijk met een lage ISO in heldere omgevingen. Geoptimaliseerd voor beeldverwerkingssystemen met drie camera&#039;s. Minimaliseert lichtreductie voor telecamera&#039;s voor een evenwichtige belichting. Ondersteunt nauwkeurige belichtingsaanpassingen met de openingshoek van de sluiter.\" \/>\n<meta property=\"og:url\" content=\"https:\/\/koningdrone.be\/fr\/produit\/dji-mavic-3-pro-nd-filters-set-nd8-16-32-64\/\" \/>\n<meta property=\"og:site_name\" content=\"koningdrone.be\" \/>\n<meta property=\"article:modified_time\" content=\"2026-04-29T02:21:03+00:00\" \/>\n<meta property=\"og:image\" content=\"https:\/\/koningdrone.be\/wp-content\/uploads\/sites\/13\/2025\/04\/6612e39662239d15eddd76af603da1f6@large.jpg\" \/>\n\t<meta property=\"og:image:width\" content=\"1200\" \/>\n\t<meta property=\"og:image:height\" content=\"800\" \/>\n\t<meta property=\"og:image:type\" content=\"image\/jpeg\" \/>\n<meta name=\"twitter:card\" content=\"summary_large_image\" \/>\n<meta name=\"twitter:label1\" content=\"Dur\u00e9e de lecture est.\" \/>\n\t<meta name=\"twitter:data1\" content=\"2 minutes\" \/>\n<script type=\"application\/ld+json\" class=\"yoast-schema-graph\">{\"@context\":\"https:\/\/schema.org\",\"@graph\":[{\"@type\":\"WebPage\",\"@id\":\"https:\/\/koningdrone.be\/product\/dji-mavic-3-pro-nd-filters-set-nd8-16-32-64\/\",\"url\":\"https:\/\/koningdrone.be\/product\/dji-mavic-3-pro-nd-filters-set-nd8-16-32-64\/\",\"name\":\"DJI Mavic 3 Pro ND Filters Set (ND8\/16\/32\/64) - koningdrone.be\",\"isPartOf\":{\"@id\":\"https:\/\/koningdrone.be\/#website\"},\"primaryImageOfPage\":{\"@id\":\"https:\/\/koningdrone.be\/product\/dji-mavic-3-pro-nd-filters-set-nd8-16-32-64\/#primaryimage\"},\"image\":{\"@id\":\"https:\/\/koningdrone.be\/product\/dji-mavic-3-pro-nd-filters-set-nd8-16-32-64\/#primaryimage\"},\"thumbnailUrl\":\"https:\/\/koningdrone.be\/wp-content\/uploads\/sites\/13\/2025\/04\/6612e39662239d15eddd76af603da1f6@large.jpg\",\"datePublished\":\"2023-05-10T09:52:13+00:00\",\"dateModified\":\"2026-04-29T02:21:03+00:00\",\"breadcrumb\":{\"@id\":\"https:\/\/koningdrone.be\/product\/dji-mavic-3-pro-nd-filters-set-nd8-16-32-64\/#breadcrumb\"},\"inLanguage\":\"fr-BE\",\"potentialAction\":[{\"@type\":\"ReadAction\",\"target\":[\"https:\/\/koningdrone.be\/product\/dji-mavic-3-pro-nd-filters-set-nd8-16-32-64\/\"]}]},{\"@type\":\"ImageObject\",\"inLanguage\":\"fr-BE\",\"@id\":\"https:\/\/koningdrone.be\/product\/dji-mavic-3-pro-nd-filters-set-nd8-16-32-64\/#primaryimage\",\"url\":\"https:\/\/koningdrone.be\/wp-content\/uploads\/sites\/13\/2025\/04\/6612e39662239d15eddd76af603da1f6@large.jpg\",\"contentUrl\":\"https:\/\/koningdrone.be\/wp-content\/uploads\/sites\/13\/2025\/04\/6612e39662239d15eddd76af603da1f6@large.jpg\",\"width\":1200,\"height\":800},{\"@type\":\"BreadcrumbList\",\"@id\":\"https:\/\/koningdrone.be\/product\/dji-mavic-3-pro-nd-filters-set-nd8-16-32-64\/#breadcrumb\",\"itemListElement\":[{\"@type\":\"ListItem\",\"position\":1,\"name\":\"Home\",\"item\":\"https:\/\/koningdrone.be\/\"},{\"@type\":\"ListItem\",\"position\":2,\"name\":\"AVSS Parachute Recovery System for DJI Matrice 300\/350\",\"item\":\"https:\/\/koningdrone.be\/product\/avss-parachute-recovery-system-for-dji-matrice-300-350\/\"},{\"@type\":\"ListItem\",\"position\":3,\"name\":\"Alle ND Filters\",\"item\":\"https:\/\/koningdrone.be\/categorie\/alle-nd-filters\/\"},{\"@type\":\"ListItem\",\"position\":4,\"name\":\"DJI Mavic 3 Pro ND Filters Set (ND8\/16\/32\/64)\"}]},{\"@type\":\"WebSite\",\"@id\":\"https:\/\/koningdrone.be\/#website\",\"url\":\"https:\/\/koningdrone.be\/\",\"name\":\"Koningdrone.be - Uw online specialist in drones, gimbals, camera's en power stations.\",\"description\":\"De webshop in drones en gimbals\",\"publisher\":{\"@id\":\"https:\/\/koningdrone.be\/#organization\"},\"potentialAction\":[{\"@type\":\"SearchAction\",\"target\":{\"@type\":\"EntryPoint\",\"urlTemplate\":\"https:\/\/koningdrone.be\/?s={search_term_string}\"},\"query-input\":{\"@type\":\"PropertyValueSpecification\",\"valueRequired\":true,\"valueName\":\"search_term_string\"}}],\"inLanguage\":\"fr-BE\"},{\"@type\":\"Organization\",\"@id\":\"https:\/\/koningdrone.be\/#organization\",\"name\":\"Koningdrone.be\",\"url\":\"https:\/\/koningdrone.be\/\",\"logo\":{\"@type\":\"ImageObject\",\"inLanguage\":\"fr-BE\",\"@id\":\"https:\/\/koningdrone.be\/#\/schema\/logo\/image\/\",\"url\":\"https:\/\/koningdrone.be\/wp-content\/uploads\/sites\/13\/2025\/04\/koningdrone-copyright-logo.svg\",\"contentUrl\":\"https:\/\/koningdrone.be\/wp-content\/uploads\/sites\/13\/2025\/04\/koningdrone-copyright-logo.svg\",\"width\":227,\"height\":38,\"caption\":\"Koningdrone.be\"},\"image\":{\"@id\":\"https:\/\/koningdrone.be\/#\/schema\/logo\/image\/\"}}]}<\/script>\n<!-- \/ Yoast SEO Premium plugin. -->","yoast_head_json":{"title":"DJI Mavic 3 Pro ND Filters Set (ND8\/16\/32\/64) - koningdrone.be","robots":{"index":"index","follow":"follow","max-snippet":"max-snippet:-1","max-image-preview":"max-image-preview:large","max-video-preview":"max-video-preview:-1"},"canonical":"https:\/\/koningdrone.be\/fr\/produit\/dji-mavic-3-pro-nd-filters-set-nd8-16-32-64\/","og_locale":"fr_FR","og_type":"article","og_title":"DJI Mavic 3 Pro ND Filters Set (ND8\/16\/32\/64)","og_description":"Ontworpen voor fotografie met lange belichtingstijden en sterke verlichting. Verbetert de controle over de sluitertijd voor vloeiende beelden. Maakt lagere sluitertijden mogelijk met een lage ISO in heldere omgevingen. Geoptimaliseerd voor beeldverwerkingssystemen met drie camera&#039;s. Minimaliseert lichtreductie voor telecamera&#039;s voor een evenwichtige belichting. Ondersteunt nauwkeurige belichtingsaanpassingen met de openingshoek van de sluiter.","og_url":"https:\/\/koningdrone.be\/fr\/produit\/dji-mavic-3-pro-nd-filters-set-nd8-16-32-64\/","og_site_name":"koningdrone.be","article_modified_time":"2026-04-29T02:21:03+00:00","og_image":[{"width":1200,"height":800,"url":"https:\/\/koningdrone.be\/wp-content\/uploads\/sites\/13\/2025\/04\/6612e39662239d15eddd76af603da1f6@large.jpg","type":"image\/jpeg"}],"twitter_card":"summary_large_image","twitter_misc":{"Dur\u00e9e de lecture est.":"2 minutes"},"schema":{"@context":"https:\/\/schema.org","@graph":[{"@type":"WebPage","@id":"https:\/\/koningdrone.be\/product\/dji-mavic-3-pro-nd-filters-set-nd8-16-32-64\/","url":"https:\/\/koningdrone.be\/product\/dji-mavic-3-pro-nd-filters-set-nd8-16-32-64\/","name":"DJI Mavic 3 Pro ND Filters Set (ND8\/16\/32\/64) - koningdrone.be","isPartOf":{"@id":"https:\/\/koningdrone.be\/#website"},"primaryImageOfPage":{"@id":"https:\/\/koningdrone.be\/product\/dji-mavic-3-pro-nd-filters-set-nd8-16-32-64\/#primaryimage"},"image":{"@id":"https:\/\/koningdrone.be\/product\/dji-mavic-3-pro-nd-filters-set-nd8-16-32-64\/#primaryimage"},"thumbnailUrl":"https:\/\/koningdrone.be\/wp-content\/uploads\/sites\/13\/2025\/04\/6612e39662239d15eddd76af603da1f6@large.jpg","datePublished":"2023-05-10T09:52:13+00:00","dateModified":"2026-04-29T02:21:03+00:00","breadcrumb":{"@id":"https:\/\/koningdrone.be\/product\/dji-mavic-3-pro-nd-filters-set-nd8-16-32-64\/#breadcrumb"},"inLanguage":"fr-BE","potentialAction":[{"@type":"ReadAction","target":["https:\/\/koningdrone.be\/product\/dji-mavic-3-pro-nd-filters-set-nd8-16-32-64\/"]}]},{"@type":"ImageObject","inLanguage":"fr-BE","@id":"https:\/\/koningdrone.be\/product\/dji-mavic-3-pro-nd-filters-set-nd8-16-32-64\/#primaryimage","url":"https:\/\/koningdrone.be\/wp-content\/uploads\/sites\/13\/2025\/04\/6612e39662239d15eddd76af603da1f6@large.jpg","contentUrl":"https:\/\/koningdrone.be\/wp-content\/uploads\/sites\/13\/2025\/04\/6612e39662239d15eddd76af603da1f6@large.jpg","width":1200,"height":800},{"@type":"BreadcrumbList","@id":"https:\/\/koningdrone.be\/product\/dji-mavic-3-pro-nd-filters-set-nd8-16-32-64\/#breadcrumb","itemListElement":[{"@type":"ListItem","position":1,"name":"Home","item":"https:\/\/koningdrone.be\/"},{"@type":"ListItem","position":2,"name":"AVSS Parachute Recovery System for DJI Matrice 300\/350","item":"https:\/\/koningdrone.be\/product\/avss-parachute-recovery-system-for-dji-matrice-300-350\/"},{"@type":"ListItem","position":3,"name":"Alle ND Filters","item":"https:\/\/koningdrone.be\/categorie\/alle-nd-filters\/"},{"@type":"ListItem","position":4,"name":"DJI Mavic 3 Pro ND Filters Set (ND8\/16\/32\/64)"}]},{"@type":"WebSite","@id":"https:\/\/koningdrone.be\/#website","url":"https:\/\/koningdrone.be\/","name":"Koningdrone.be - Votre sp\u00e9cialiste en ligne en mati\u00e8re de drones, de cardans, de cam\u00e9ras et de centrales \u00e9lectriques.","description":"La boutique en ligne de drones et de cardans","publisher":{"@id":"https:\/\/koningdrone.be\/#organization"},"potentialAction":[{"@type":"SearchAction","target":{"@type":"EntryPoint","urlTemplate":"https:\/\/koningdrone.be\/?s={search_term_string}"},"query-input":{"@type":"PropertyValueSpecification","valueRequired":true,"valueName":"search_term_string"}}],"inLanguage":"fr-BE"},{"@type":"Organization","@id":"https:\/\/koningdrone.be\/#organization","name":"Kingdrone.co.uk","url":"https:\/\/koningdrone.be\/","logo":{"@type":"ImageObject","inLanguage":"fr-BE","@id":"https:\/\/koningdrone.be\/#\/schema\/logo\/image\/","url":"https:\/\/koningdrone.be\/wp-content\/uploads\/sites\/13\/2025\/04\/koningdrone-copyright-logo.svg","contentUrl":"https:\/\/koningdrone.be\/wp-content\/uploads\/sites\/13\/2025\/04\/koningdrone-copyright-logo.svg","width":227,"height":38,"caption":"Koningdrone.be"},"image":{"@id":"https:\/\/koningdrone.be\/#\/schema\/logo\/image\/"}}]}},"df_price":159,"df_sale_price":"","df_regular_price":159,"df_image_link":"https:\/\/koningdrone.be\/wp-content\/uploads\/sites\/13\/2025\/04\/6612e39662239d15eddd76af603da1f6@large-300x200.jpg","_links":{"self":[{"href":"https:\/\/koningdrone.be\/fr\/wp-json\/wp\/v2\/product\/4723","targetHints":{"allow":["GET"]}}],"collection":[{"href":"https:\/\/koningdrone.be\/fr\/wp-json\/wp\/v2\/product"}],"about":[{"href":"https:\/\/koningdrone.be\/fr\/wp-json\/wp\/v2\/types\/product"}],"wp:featuredmedia":[{"embeddable":true,"href":"https:\/\/koningdrone.be\/fr\/wp-json\/wp\/v2\/media\/4720"}],"wp:attachment":[{"href":"https:\/\/koningdrone.be\/fr\/wp-json\/wp\/v2\/media?parent=4723"}],"wp:term":[{"taxonomy":"product_brand","embeddable":true,"href":"https:\/\/koningdrone.be\/fr\/wp-json\/wp\/v2\/product_brand?post=4723"},{"taxonomy":"product_cat","embeddable":true,"href":"https:\/\/koningdrone.be\/fr\/wp-json\/wp\/v2\/product_cat?post=4723"},{"taxonomy":"product_tag","embeddable":true,"href":"https:\/\/koningdrone.be\/fr\/wp-json\/wp\/v2\/product_tag?post=4723"}],"curies":[{"name":"wp","href":"https:\/\/api.w.org\/{rel}","templated":true}]}}