{"id":4715,"date":"2023-05-10T11:52:13","date_gmt":"2023-05-10T09:52:13","guid":{"rendered":"https:\/\/koningdrone.nl\/kon\/product\/dji-mavic-3-pro-cine-premium-combo\/"},"modified":"2026-04-29T13:40:28","modified_gmt":"2026-04-29T11:40:28","slug":"dji-mavic-3-pro-cine-premium-combo","status":"publish","type":"product","link":"https:\/\/koningdrone.be\/fr\/produit\/dji-mavic-3-pro-cine-premium-combo\/","title":{"rendered":"DJI Mavic 3 Pro Cine Premium Combo"},"content":{"rendered":"<p><strong>DJI Mavic 3 Pro Cine Premium Combo<\/strong><br \/>\nLe DJI Mavic 3 Pro Cine fait passer la photographie par drone au niveau sup\u00e9rieur gr\u00e2ce \u00e0 son syst\u00e8me avanc\u00e9 \u00e0 trois cam\u00e9ras, dont une cam\u00e9ra Hasselblad et deux t\u00e9l\u00e9objectifs. Cette configuration offre une libert\u00e9 cr\u00e9ative sans pr\u00e9c\u00e9dent et la possibilit\u00e9 de capturer des paysages impressionnants et des chefs-d'\u0153uvre cin\u00e9matographiques. Il prend en charge Apple ProRes et dispose d'un disque dur SSD de 1 To pour des performances optimales en mati\u00e8re de photographie a\u00e9rienne professionnelle.<br \/>\n<strong>Caract\u00e9ristiques principales :<\/strong><\/p>\n<ul>\n<li>Appareil photo Hasselblad avec enregistrement RAW 12 bits et plage dynamique allant jusqu'\u00e0 12,8 arr\u00eats.<\/li>\n<li>T\u00e9l\u00e9objectif moyen de 70 mm et t\u00e9l\u00e9objectif de 166 mm avec zoom optique 7x, id\u00e9al pour les cadrages dynamiques et les images d\u00e9taill\u00e9es de loin.<\/li>\n<li>Prise en charge de l'enregistrement vid\u00e9o 4K\/60fps, mode couleur D-Log M 10 bits et HLG pour des d\u00e9grad\u00e9s de couleurs sup\u00e9rieurs.<\/li>\n<li>Dur\u00e9e de vol prolong\u00e9e jusqu'\u00e0 43 minutes avec d\u00e9tection omnidirectionnelle des obstacles et fonctions avanc\u00e9es de pilotage automatique pour des vols s\u00fbrs et efficaces.<\/li>\n<li>Transmission vid\u00e9o \u00e9tendue gr\u00e2ce \u00e0 la technologie DJI O3+, fournissant un flux vid\u00e9o HD stable jusqu'\u00e0 15 km.<\/li>\n<\/ul>\n<p>Ces fonctionnalit\u00e9s avanc\u00e9es font du Mavic 3 Pro Cine un excellent choix pour les professionnels \u00e0 la recherche d'un outil puissant et polyvalent pour les prises de vue a\u00e9riennes.<\/p>","protected":false},"excerpt":{"rendered":"<ul>\n<li>Appareil photo Hasselblad 4\/3 CMOS<\/li>\n<li>20 MP photos<\/li>\n<li>5.1K vid\u00e9o<\/li>\n<li>Syst\u00e8me \u00e0 trois objectifs : appareil photo Hasselblad \u00e9quivalent 24 mm, appareil photo moyen \u00e9quivalent 70 mm, appareil photo t\u00e9l\u00e9objectif \u00e9quivalent 166 mm.<\/li>\n<li>Dur\u00e9e de vol maximale de 43 minutes<\/li>\n<li>Technologie de mise au point automatique par d\u00e9tection de vision (VDAF)<\/li>\n<li>D\u00e9tection des obstacles omnidirectionnels<\/li>\n<li>Transmission vid\u00e9o HD sur 15 km<\/li>\n<li>Prise en charge de trois cam\u00e9ras Apple ProRes<\/li>\n<\/ul>","protected":false},"featured_media":1174,"template":"","meta":{"_acf_changed":false},"product_brand":[],"product_cat":[135,97,136,137,138,99],"product_tag":[],"class_list":{"0":"post-4715","1":"product","2":"type-product","3":"status-publish","4":"has-post-thumbnail","6":"product_cat-alle-drones","7":"product_cat-alle-producten","8":"product_cat-consumer-drones","9":"product_cat-dji-mavic-3","10":"product_cat-dji-mavic-3-pro","11":"product_cat-drones-met-certificaat","12":"product_shipping_class-outofstock","13":"pa_brand-dji","14":"pa_dronegrade-consumer","15":"pa_productfamily-drone","16":"pa_producttype-drone","17":"pa_series-mavic-3-pro","19":"first","20":"outofstock","21":"taxable","22":"shipping-taxable","23":"product-type-simple"},"acf":[],"yoast_head":"<!-- This site is optimized with the Yoast SEO Premium plugin v27.2 (Yoast SEO v27.2) - https:\/\/yoast.com\/product\/yoast-seo-premium-wordpress\/ -->\n<title>DJI Mavic 3 Pro Cine Premium Combo - koningdrone.be<\/title>\n<meta name=\"robots\" content=\"index, follow, max-snippet:-1, max-image-preview:large, max-video-preview:-1\" \/>\n<link rel=\"canonical\" href=\"https:\/\/koningdrone.be\/fr\/produit\/dji-mavic-3-pro-cine-premium-combo\/\" \/>\n<meta property=\"og:locale\" content=\"fr_FR\" \/>\n<meta property=\"og:type\" content=\"article\" \/>\n<meta property=\"og:title\" content=\"DJI Mavic 3 Pro Cine Premium Combo\" \/>\n<meta property=\"og:description\" content=\"4\/3 CMOS Hasselblad-camera20 MP foto&#039;s5.1K-videoSysteem met drie lenzen: 24 mm equivalente Hasselblad-camera, 70 mm equivalent medium camera, 166 mm equivalente telecameraMaximale vliegtijd van 43 minutenVision Detection Auto Focus (VDAF)-technologieOmnidirectionele obstakeldetectie15 km HD-videotransmissieTri-Camera Apple ProRes-ondersteuning\" \/>\n<meta property=\"og:url\" content=\"https:\/\/koningdrone.be\/fr\/produit\/dji-mavic-3-pro-cine-premium-combo\/\" \/>\n<meta property=\"og:site_name\" content=\"koningdrone.be\" \/>\n<meta property=\"article:modified_time\" content=\"2026-04-29T11:40:28+00:00\" \/>\n<meta property=\"og:image\" content=\"https:\/\/koningdrone.be\/wp-content\/uploads\/sites\/13\/2025\/04\/6941565957078-1.jpg\" \/>\n\t<meta property=\"og:image:width\" content=\"800\" \/>\n\t<meta property=\"og:image:height\" content=\"640\" \/>\n\t<meta property=\"og:image:type\" content=\"image\/jpeg\" \/>\n<meta name=\"twitter:card\" content=\"summary_large_image\" \/>\n<meta name=\"twitter:label1\" content=\"Dur\u00e9e de lecture est.\" \/>\n\t<meta name=\"twitter:data1\" content=\"1 minute\" \/>\n<script type=\"application\/ld+json\" class=\"yoast-schema-graph\">{\"@context\":\"https:\/\/schema.org\",\"@graph\":[{\"@type\":\"WebPage\",\"@id\":\"https:\/\/koningdrone.be\/product\/dji-mavic-3-pro-cine-premium-combo\/\",\"url\":\"https:\/\/koningdrone.be\/product\/dji-mavic-3-pro-cine-premium-combo\/\",\"name\":\"DJI Mavic 3 Pro Cine Premium Combo - koningdrone.be\",\"isPartOf\":{\"@id\":\"https:\/\/koningdrone.be\/#website\"},\"primaryImageOfPage\":{\"@id\":\"https:\/\/koningdrone.be\/product\/dji-mavic-3-pro-cine-premium-combo\/#primaryimage\"},\"image\":{\"@id\":\"https:\/\/koningdrone.be\/product\/dji-mavic-3-pro-cine-premium-combo\/#primaryimage\"},\"thumbnailUrl\":\"https:\/\/koningdrone.be\/wp-content\/uploads\/sites\/13\/2025\/04\/6941565957078-1.jpg\",\"datePublished\":\"2023-05-10T09:52:13+00:00\",\"dateModified\":\"2026-04-29T11:40:28+00:00\",\"breadcrumb\":{\"@id\":\"https:\/\/koningdrone.be\/product\/dji-mavic-3-pro-cine-premium-combo\/#breadcrumb\"},\"inLanguage\":\"fr-BE\",\"potentialAction\":[{\"@type\":\"ReadAction\",\"target\":[\"https:\/\/koningdrone.be\/product\/dji-mavic-3-pro-cine-premium-combo\/\"]}]},{\"@type\":\"ImageObject\",\"inLanguage\":\"fr-BE\",\"@id\":\"https:\/\/koningdrone.be\/product\/dji-mavic-3-pro-cine-premium-combo\/#primaryimage\",\"url\":\"https:\/\/koningdrone.be\/wp-content\/uploads\/sites\/13\/2025\/04\/6941565957078-1.jpg\",\"contentUrl\":\"https:\/\/koningdrone.be\/wp-content\/uploads\/sites\/13\/2025\/04\/6941565957078-1.jpg\",\"width\":800,\"height\":640},{\"@type\":\"BreadcrumbList\",\"@id\":\"https:\/\/koningdrone.be\/product\/dji-mavic-3-pro-cine-premium-combo\/#breadcrumb\",\"itemListElement\":[{\"@type\":\"ListItem\",\"position\":1,\"name\":\"Home\",\"item\":\"https:\/\/koningdrone.be\/\"},{\"@type\":\"ListItem\",\"position\":2,\"name\":\"AVSS Parachute Recovery System for DJI Matrice 300\/350\",\"item\":\"https:\/\/koningdrone.be\/product\/avss-parachute-recovery-system-for-dji-matrice-300-350\/\"},{\"@type\":\"ListItem\",\"position\":3,\"name\":\"Alle drones\",\"item\":\"https:\/\/koningdrone.be\/categorie\/alle-drones\/\"},{\"@type\":\"ListItem\",\"position\":4,\"name\":\"DJI Mavic 3 Pro Cine Premium Combo\"}]},{\"@type\":\"WebSite\",\"@id\":\"https:\/\/koningdrone.be\/#website\",\"url\":\"https:\/\/koningdrone.be\/\",\"name\":\"Koningdrone.be - Uw online specialist in drones, gimbals, camera's en power stations.\",\"description\":\"De webshop in drones en gimbals\",\"publisher\":{\"@id\":\"https:\/\/koningdrone.be\/#organization\"},\"potentialAction\":[{\"@type\":\"SearchAction\",\"target\":{\"@type\":\"EntryPoint\",\"urlTemplate\":\"https:\/\/koningdrone.be\/?s={search_term_string}\"},\"query-input\":{\"@type\":\"PropertyValueSpecification\",\"valueRequired\":true,\"valueName\":\"search_term_string\"}}],\"inLanguage\":\"fr-BE\"},{\"@type\":\"Organization\",\"@id\":\"https:\/\/koningdrone.be\/#organization\",\"name\":\"Koningdrone.be\",\"url\":\"https:\/\/koningdrone.be\/\",\"logo\":{\"@type\":\"ImageObject\",\"inLanguage\":\"fr-BE\",\"@id\":\"https:\/\/koningdrone.be\/#\/schema\/logo\/image\/\",\"url\":\"https:\/\/koningdrone.be\/wp-content\/uploads\/sites\/13\/2025\/04\/koningdrone-copyright-logo.svg\",\"contentUrl\":\"https:\/\/koningdrone.be\/wp-content\/uploads\/sites\/13\/2025\/04\/koningdrone-copyright-logo.svg\",\"width\":227,\"height\":38,\"caption\":\"Koningdrone.be\"},\"image\":{\"@id\":\"https:\/\/koningdrone.be\/#\/schema\/logo\/image\/\"}}]}<\/script>\n<!-- \/ Yoast SEO Premium plugin. -->","yoast_head_json":{"title":"DJI Mavic 3 Pro Cine Premium Combo - koningdrone.be","robots":{"index":"index","follow":"follow","max-snippet":"max-snippet:-1","max-image-preview":"max-image-preview:large","max-video-preview":"max-video-preview:-1"},"canonical":"https:\/\/koningdrone.be\/fr\/produit\/dji-mavic-3-pro-cine-premium-combo\/","og_locale":"fr_FR","og_type":"article","og_title":"DJI Mavic 3 Pro Cine Premium Combo","og_description":"4\/3 CMOS Hasselblad-camera20 MP foto's5.1K-videoSysteem met drie lenzen: 24 mm equivalente Hasselblad-camera, 70 mm equivalent medium camera, 166 mm equivalente telecameraMaximale vliegtijd van 43 minutenVision Detection Auto Focus (VDAF)-technologieOmnidirectionele obstakeldetectie15 km HD-videotransmissieTri-Camera Apple ProRes-ondersteuning","og_url":"https:\/\/koningdrone.be\/fr\/produit\/dji-mavic-3-pro-cine-premium-combo\/","og_site_name":"koningdrone.be","article_modified_time":"2026-04-29T11:40:28+00:00","og_image":[{"width":800,"height":640,"url":"https:\/\/koningdrone.be\/wp-content\/uploads\/sites\/13\/2025\/04\/6941565957078-1.jpg","type":"image\/jpeg"}],"twitter_card":"summary_large_image","twitter_misc":{"Dur\u00e9e de lecture est.":"1 minute"},"schema":{"@context":"https:\/\/schema.org","@graph":[{"@type":"WebPage","@id":"https:\/\/koningdrone.be\/product\/dji-mavic-3-pro-cine-premium-combo\/","url":"https:\/\/koningdrone.be\/product\/dji-mavic-3-pro-cine-premium-combo\/","name":"DJI Mavic 3 Pro Cine Premium Combo - koningdrone.be","isPartOf":{"@id":"https:\/\/koningdrone.be\/#website"},"primaryImageOfPage":{"@id":"https:\/\/koningdrone.be\/product\/dji-mavic-3-pro-cine-premium-combo\/#primaryimage"},"image":{"@id":"https:\/\/koningdrone.be\/product\/dji-mavic-3-pro-cine-premium-combo\/#primaryimage"},"thumbnailUrl":"https:\/\/koningdrone.be\/wp-content\/uploads\/sites\/13\/2025\/04\/6941565957078-1.jpg","datePublished":"2023-05-10T09:52:13+00:00","dateModified":"2026-04-29T11:40:28+00:00","breadcrumb":{"@id":"https:\/\/koningdrone.be\/product\/dji-mavic-3-pro-cine-premium-combo\/#breadcrumb"},"inLanguage":"fr-BE","potentialAction":[{"@type":"ReadAction","target":["https:\/\/koningdrone.be\/product\/dji-mavic-3-pro-cine-premium-combo\/"]}]},{"@type":"ImageObject","inLanguage":"fr-BE","@id":"https:\/\/koningdrone.be\/product\/dji-mavic-3-pro-cine-premium-combo\/#primaryimage","url":"https:\/\/koningdrone.be\/wp-content\/uploads\/sites\/13\/2025\/04\/6941565957078-1.jpg","contentUrl":"https:\/\/koningdrone.be\/wp-content\/uploads\/sites\/13\/2025\/04\/6941565957078-1.jpg","width":800,"height":640},{"@type":"BreadcrumbList","@id":"https:\/\/koningdrone.be\/product\/dji-mavic-3-pro-cine-premium-combo\/#breadcrumb","itemListElement":[{"@type":"ListItem","position":1,"name":"Home","item":"https:\/\/koningdrone.be\/"},{"@type":"ListItem","position":2,"name":"AVSS Parachute Recovery System for DJI Matrice 300\/350","item":"https:\/\/koningdrone.be\/product\/avss-parachute-recovery-system-for-dji-matrice-300-350\/"},{"@type":"ListItem","position":3,"name":"Alle drones","item":"https:\/\/koningdrone.be\/categorie\/alle-drones\/"},{"@type":"ListItem","position":4,"name":"DJI Mavic 3 Pro Cine Premium Combo"}]},{"@type":"WebSite","@id":"https:\/\/koningdrone.be\/#website","url":"https:\/\/koningdrone.be\/","name":"Koningdrone.be - Votre sp\u00e9cialiste en ligne en mati\u00e8re de drones, de cardans, de cam\u00e9ras et de centrales \u00e9lectriques.","description":"La boutique en ligne de drones et de cardans","publisher":{"@id":"https:\/\/koningdrone.be\/#organization"},"potentialAction":[{"@type":"SearchAction","target":{"@type":"EntryPoint","urlTemplate":"https:\/\/koningdrone.be\/?s={search_term_string}"},"query-input":{"@type":"PropertyValueSpecification","valueRequired":true,"valueName":"search_term_string"}}],"inLanguage":"fr-BE"},{"@type":"Organization","@id":"https:\/\/koningdrone.be\/#organization","name":"Kingdrone.co.uk","url":"https:\/\/koningdrone.be\/","logo":{"@type":"ImageObject","inLanguage":"fr-BE","@id":"https:\/\/koningdrone.be\/#\/schema\/logo\/image\/","url":"https:\/\/koningdrone.be\/wp-content\/uploads\/sites\/13\/2025\/04\/koningdrone-copyright-logo.svg","contentUrl":"https:\/\/koningdrone.be\/wp-content\/uploads\/sites\/13\/2025\/04\/koningdrone-copyright-logo.svg","width":227,"height":38,"caption":"Koningdrone.be"},"image":{"@id":"https:\/\/koningdrone.be\/#\/schema\/logo\/image\/"}}]}},"df_price":"","df_sale_price":"","df_regular_price":"","df_image_link":"https:\/\/koningdrone.be\/wp-content\/uploads\/sites\/13\/2025\/04\/6941565957078-1-300x240.jpg","_links":{"self":[{"href":"https:\/\/koningdrone.be\/fr\/wp-json\/wp\/v2\/product\/4715","targetHints":{"allow":["GET"]}}],"collection":[{"href":"https:\/\/koningdrone.be\/fr\/wp-json\/wp\/v2\/product"}],"about":[{"href":"https:\/\/koningdrone.be\/fr\/wp-json\/wp\/v2\/types\/product"}],"wp:featuredmedia":[{"embeddable":true,"href":"https:\/\/koningdrone.be\/fr\/wp-json\/wp\/v2\/media\/1174"}],"wp:attachment":[{"href":"https:\/\/koningdrone.be\/fr\/wp-json\/wp\/v2\/media?parent=4715"}],"wp:term":[{"taxonomy":"product_brand","embeddable":true,"href":"https:\/\/koningdrone.be\/fr\/wp-json\/wp\/v2\/product_brand?post=4715"},{"taxonomy":"product_cat","embeddable":true,"href":"https:\/\/koningdrone.be\/fr\/wp-json\/wp\/v2\/product_cat?post=4715"},{"taxonomy":"product_tag","embeddable":true,"href":"https:\/\/koningdrone.be\/fr\/wp-json\/wp\/v2\/product_tag?post=4715"}],"curies":[{"name":"wp","href":"https:\/\/api.w.org\/{rel}","templated":true}]}}