{"id":4711,"date":"2023-05-10T11:52:13","date_gmt":"2023-05-10T09:52:13","guid":{"rendered":"https:\/\/koningdrone.nl\/kon\/product\/dji-mavic-3-pro-fly-more-combodji-rc\/"},"modified":"2026-04-29T13:40:32","modified_gmt":"2026-04-29T11:40:32","slug":"dji-mavic-3-pro-fly-more-combodji-rc","status":"publish","type":"product","link":"https:\/\/koningdrone.be\/fr\/produit\/dji-mavic-3-pro-fly-more-combodji-rc\/","title":{"rendered":"DJI Mavic 3 Pro Fly More Combo(DJI RC)"},"content":{"rendered":"<p><strong>DJI Mavic 3 Pro Fly More Combo(DJI RC)<\/strong><br \/>\nLe DJI Mavic 3 Pro \u00e9tablit la norme pour les drones cam\u00e9ra avanc\u00e9s avec une cam\u00e9ra Hasselblad CMOS 4\/3 et des cam\u00e9ras Dual Tele, permettant de filmer et de photographier \u00e0 partir de multiples perspectives. Ce drone offre une gamme de sp\u00e9cifications professionnelles telles que l'enregistrement vid\u00e9o 5,1K\/50fps, le mode couleur D-Log M 10 bits, et prend en charge Apple ProRes 422 HQ pour l'enregistrement d'images de haute qualit\u00e9. Les trois objectifs diff\u00e9rents vous permettent de passer facilement d'une longueur focale \u00e0 l'autre, ce qui vous permet de rester flexible dans diff\u00e9rents sc\u00e9narios de prise de vue.<\/p>\n<ul>\n<li><strong>Sp\u00e9cifications de l'appareil photo :<\/strong><\/li>\n<ul>\n<li>Appareil photo Hasselblad 4\/3 CMOS avec 20MP<\/li>\n<li>T\u00e9l\u00e9objectif moyen CMOS 1\/1,3 pouce avec 48 MP<\/li>\n<li>T\u00e9l\u00e9cam\u00e9ra CMOS 1\/2 pouce avec 12MP<\/li>\n<\/ul>\n<li><strong>Capacit\u00e9s vid\u00e9o et photographiques :<\/strong><\/li>\n<ul>\n<li>Enregistrement HLG et Hyperlapse<\/li>\n<li>Zoom hybride jusqu'\u00e0 28x<\/li>\n<li>Mode nuit et options de panorama pour des possibilit\u00e9s de prise de vue \u00e9tendues<\/li>\n<\/ul>\n<li><strong>Fonctions de vol avanc\u00e9es :<\/strong><\/li>\n<ul>\n<li>\u00c9vitement omnidirectionnel des obstacles et APAS 5.0<\/li>\n<li>Vol aux points de rep\u00e8re et contr\u00f4le de croisi\u00e8re pour la navigation automatis\u00e9e<\/li>\n<li>Jusqu'\u00e0 43 minutes de vol par charge de batterie<\/li>\n<\/ul>\n<\/ul>\n<p>Cette combinaison de technologie d'imagerie avanc\u00e9e et de capacit\u00e9s de vol robustes fait du Mavic 3 Pro la solution id\u00e9ale pour les photographes et vid\u00e9astes professionnels \u00e0 la recherche d'un drone polyvalent et puissant.<\/p>","protected":false},"excerpt":{"rendered":"<ul>\n<li>- Appareil photo Hasselblad 4\/3 CMOS<\/li>\n<li>- Deux t\u00e9l\u00e9cam\u00e9ras (24 mm, 70 mm, 166 mm)<\/li>\n<li>- Dur\u00e9e de vol maximale de 43 minutes<\/li>\n<li>- D\u00e9tection des obstacles omnidirectionnels<\/li>\n<li>- Transmission vid\u00e9o HD sur 15 km<\/li>\n<\/ul>","protected":false},"featured_media":4708,"template":"","meta":{"_acf_changed":false},"product_brand":[],"product_cat":[135,97,136,138,99],"product_tag":[],"class_list":{"0":"post-4711","1":"product","2":"type-product","3":"status-publish","4":"has-post-thumbnail","6":"product_cat-alle-drones","7":"product_cat-alle-producten","8":"product_cat-consumer-drones","9":"product_cat-dji-mavic-3-pro","10":"product_cat-drones-met-certificaat","11":"product_shipping_class-outofstock","12":"pa_brand-dji","13":"pa_dronegrade-consumer","14":"pa_productfamily-drone","15":"pa_producttype-drone","16":"pa_series-mavic-3-pro","18":"first","19":"outofstock","20":"taxable","21":"shipping-taxable","22":"product-type-simple"},"acf":[],"yoast_head":"<!-- This site is optimized with the Yoast SEO Premium plugin v27.2 (Yoast SEO v27.2) - https:\/\/yoast.com\/product\/yoast-seo-premium-wordpress\/ -->\n<title>DJI Mavic 3 Pro Fly More Combo(DJI RC) - koningdrone.be<\/title>\n<meta name=\"robots\" content=\"index, follow, max-snippet:-1, max-image-preview:large, max-video-preview:-1\" \/>\n<link rel=\"canonical\" href=\"https:\/\/koningdrone.be\/fr\/produit\/dji-mavic-3-pro-fly-more-combodji-rc\/\" \/>\n<meta property=\"og:locale\" content=\"fr_FR\" \/>\n<meta property=\"og:type\" content=\"article\" \/>\n<meta property=\"og:title\" content=\"DJI Mavic 3 Pro Fly More Combo(DJI RC)\" \/>\n<meta property=\"og:description\" content=\"- 4\/3 CMOS Hasselblad-camera- Dubbele telecamera&#039;s (24 mm, 70 mm, 166 mm)- Maximale vliegtijd van 43 minuten- Omnidirectionele obstakeldetectie- 15 km HD-videotransmissie\" \/>\n<meta property=\"og:url\" content=\"https:\/\/koningdrone.be\/fr\/produit\/dji-mavic-3-pro-fly-more-combodji-rc\/\" \/>\n<meta property=\"og:site_name\" content=\"koningdrone.be\" \/>\n<meta property=\"article:modified_time\" content=\"2026-04-29T11:40:32+00:00\" \/>\n<meta property=\"og:image\" content=\"https:\/\/koningdrone.be\/wp-content\/uploads\/sites\/13\/2025\/04\/6941565957092-1.jpg\" \/>\n\t<meta property=\"og:image:width\" content=\"800\" \/>\n\t<meta property=\"og:image:height\" content=\"640\" \/>\n\t<meta property=\"og:image:type\" content=\"image\/jpeg\" \/>\n<meta name=\"twitter:card\" content=\"summary_large_image\" \/>\n<meta name=\"twitter:label1\" content=\"Dur\u00e9e de lecture est.\" \/>\n\t<meta name=\"twitter:data1\" content=\"1 minute\" \/>\n<script type=\"application\/ld+json\" class=\"yoast-schema-graph\">{\"@context\":\"https:\/\/schema.org\",\"@graph\":[{\"@type\":\"WebPage\",\"@id\":\"https:\/\/koningdrone.be\/product\/dji-mavic-3-pro-fly-more-combodji-rc\/\",\"url\":\"https:\/\/koningdrone.be\/product\/dji-mavic-3-pro-fly-more-combodji-rc\/\",\"name\":\"DJI Mavic 3 Pro Fly More Combo(DJI RC) - koningdrone.be\",\"isPartOf\":{\"@id\":\"https:\/\/koningdrone.be\/#website\"},\"primaryImageOfPage\":{\"@id\":\"https:\/\/koningdrone.be\/product\/dji-mavic-3-pro-fly-more-combodji-rc\/#primaryimage\"},\"image\":{\"@id\":\"https:\/\/koningdrone.be\/product\/dji-mavic-3-pro-fly-more-combodji-rc\/#primaryimage\"},\"thumbnailUrl\":\"https:\/\/koningdrone.be\/wp-content\/uploads\/sites\/13\/2025\/04\/6941565957092-1.jpg\",\"datePublished\":\"2023-05-10T09:52:13+00:00\",\"dateModified\":\"2026-04-29T11:40:32+00:00\",\"breadcrumb\":{\"@id\":\"https:\/\/koningdrone.be\/product\/dji-mavic-3-pro-fly-more-combodji-rc\/#breadcrumb\"},\"inLanguage\":\"fr-BE\",\"potentialAction\":[{\"@type\":\"ReadAction\",\"target\":[\"https:\/\/koningdrone.be\/product\/dji-mavic-3-pro-fly-more-combodji-rc\/\"]}]},{\"@type\":\"ImageObject\",\"inLanguage\":\"fr-BE\",\"@id\":\"https:\/\/koningdrone.be\/product\/dji-mavic-3-pro-fly-more-combodji-rc\/#primaryimage\",\"url\":\"https:\/\/koningdrone.be\/wp-content\/uploads\/sites\/13\/2025\/04\/6941565957092-1.jpg\",\"contentUrl\":\"https:\/\/koningdrone.be\/wp-content\/uploads\/sites\/13\/2025\/04\/6941565957092-1.jpg\",\"width\":800,\"height\":640},{\"@type\":\"BreadcrumbList\",\"@id\":\"https:\/\/koningdrone.be\/product\/dji-mavic-3-pro-fly-more-combodji-rc\/#breadcrumb\",\"itemListElement\":[{\"@type\":\"ListItem\",\"position\":1,\"name\":\"Home\",\"item\":\"https:\/\/koningdrone.be\/\"},{\"@type\":\"ListItem\",\"position\":2,\"name\":\"AVSS Parachute Recovery System for DJI Matrice 300\/350\",\"item\":\"https:\/\/koningdrone.be\/product\/avss-parachute-recovery-system-for-dji-matrice-300-350\/\"},{\"@type\":\"ListItem\",\"position\":3,\"name\":\"Alle drones\",\"item\":\"https:\/\/koningdrone.be\/categorie\/alle-drones\/\"},{\"@type\":\"ListItem\",\"position\":4,\"name\":\"DJI Mavic 3 Pro Fly More Combo(DJI RC)\"}]},{\"@type\":\"WebSite\",\"@id\":\"https:\/\/koningdrone.be\/#website\",\"url\":\"https:\/\/koningdrone.be\/\",\"name\":\"Koningdrone.be - Uw online specialist in drones, gimbals, camera's en power stations.\",\"description\":\"De webshop in drones en gimbals\",\"publisher\":{\"@id\":\"https:\/\/koningdrone.be\/#organization\"},\"potentialAction\":[{\"@type\":\"SearchAction\",\"target\":{\"@type\":\"EntryPoint\",\"urlTemplate\":\"https:\/\/koningdrone.be\/?s={search_term_string}\"},\"query-input\":{\"@type\":\"PropertyValueSpecification\",\"valueRequired\":true,\"valueName\":\"search_term_string\"}}],\"inLanguage\":\"fr-BE\"},{\"@type\":\"Organization\",\"@id\":\"https:\/\/koningdrone.be\/#organization\",\"name\":\"Koningdrone.be\",\"url\":\"https:\/\/koningdrone.be\/\",\"logo\":{\"@type\":\"ImageObject\",\"inLanguage\":\"fr-BE\",\"@id\":\"https:\/\/koningdrone.be\/#\/schema\/logo\/image\/\",\"url\":\"https:\/\/koningdrone.be\/wp-content\/uploads\/sites\/13\/2025\/04\/koningdrone-copyright-logo.svg\",\"contentUrl\":\"https:\/\/koningdrone.be\/wp-content\/uploads\/sites\/13\/2025\/04\/koningdrone-copyright-logo.svg\",\"width\":227,\"height\":38,\"caption\":\"Koningdrone.be\"},\"image\":{\"@id\":\"https:\/\/koningdrone.be\/#\/schema\/logo\/image\/\"}}]}<\/script>\n<!-- \/ Yoast SEO Premium plugin. -->","yoast_head_json":{"title":"DJI Mavic 3 Pro Fly More Combo(DJI RC) - koningdrone.be","robots":{"index":"index","follow":"follow","max-snippet":"max-snippet:-1","max-image-preview":"max-image-preview:large","max-video-preview":"max-video-preview:-1"},"canonical":"https:\/\/koningdrone.be\/fr\/produit\/dji-mavic-3-pro-fly-more-combodji-rc\/","og_locale":"fr_FR","og_type":"article","og_title":"DJI Mavic 3 Pro Fly More Combo(DJI RC)","og_description":"- 4\/3 CMOS Hasselblad-camera- Dubbele telecamera's (24 mm, 70 mm, 166 mm)- Maximale vliegtijd van 43 minuten- Omnidirectionele obstakeldetectie- 15 km HD-videotransmissie","og_url":"https:\/\/koningdrone.be\/fr\/produit\/dji-mavic-3-pro-fly-more-combodji-rc\/","og_site_name":"koningdrone.be","article_modified_time":"2026-04-29T11:40:32+00:00","og_image":[{"width":800,"height":640,"url":"https:\/\/koningdrone.be\/wp-content\/uploads\/sites\/13\/2025\/04\/6941565957092-1.jpg","type":"image\/jpeg"}],"twitter_card":"summary_large_image","twitter_misc":{"Dur\u00e9e de lecture est.":"1 minute"},"schema":{"@context":"https:\/\/schema.org","@graph":[{"@type":"WebPage","@id":"https:\/\/koningdrone.be\/product\/dji-mavic-3-pro-fly-more-combodji-rc\/","url":"https:\/\/koningdrone.be\/product\/dji-mavic-3-pro-fly-more-combodji-rc\/","name":"DJI Mavic 3 Pro Fly More Combo(DJI RC) - koningdrone.be","isPartOf":{"@id":"https:\/\/koningdrone.be\/#website"},"primaryImageOfPage":{"@id":"https:\/\/koningdrone.be\/product\/dji-mavic-3-pro-fly-more-combodji-rc\/#primaryimage"},"image":{"@id":"https:\/\/koningdrone.be\/product\/dji-mavic-3-pro-fly-more-combodji-rc\/#primaryimage"},"thumbnailUrl":"https:\/\/koningdrone.be\/wp-content\/uploads\/sites\/13\/2025\/04\/6941565957092-1.jpg","datePublished":"2023-05-10T09:52:13+00:00","dateModified":"2026-04-29T11:40:32+00:00","breadcrumb":{"@id":"https:\/\/koningdrone.be\/product\/dji-mavic-3-pro-fly-more-combodji-rc\/#breadcrumb"},"inLanguage":"fr-BE","potentialAction":[{"@type":"ReadAction","target":["https:\/\/koningdrone.be\/product\/dji-mavic-3-pro-fly-more-combodji-rc\/"]}]},{"@type":"ImageObject","inLanguage":"fr-BE","@id":"https:\/\/koningdrone.be\/product\/dji-mavic-3-pro-fly-more-combodji-rc\/#primaryimage","url":"https:\/\/koningdrone.be\/wp-content\/uploads\/sites\/13\/2025\/04\/6941565957092-1.jpg","contentUrl":"https:\/\/koningdrone.be\/wp-content\/uploads\/sites\/13\/2025\/04\/6941565957092-1.jpg","width":800,"height":640},{"@type":"BreadcrumbList","@id":"https:\/\/koningdrone.be\/product\/dji-mavic-3-pro-fly-more-combodji-rc\/#breadcrumb","itemListElement":[{"@type":"ListItem","position":1,"name":"Home","item":"https:\/\/koningdrone.be\/"},{"@type":"ListItem","position":2,"name":"AVSS Parachute Recovery System for DJI Matrice 300\/350","item":"https:\/\/koningdrone.be\/product\/avss-parachute-recovery-system-for-dji-matrice-300-350\/"},{"@type":"ListItem","position":3,"name":"Alle drones","item":"https:\/\/koningdrone.be\/categorie\/alle-drones\/"},{"@type":"ListItem","position":4,"name":"DJI Mavic 3 Pro Fly More Combo(DJI RC)"}]},{"@type":"WebSite","@id":"https:\/\/koningdrone.be\/#website","url":"https:\/\/koningdrone.be\/","name":"Koningdrone.be - Votre sp\u00e9cialiste en ligne en mati\u00e8re de drones, de cardans, de cam\u00e9ras et de centrales \u00e9lectriques.","description":"La boutique en ligne de drones et de cardans","publisher":{"@id":"https:\/\/koningdrone.be\/#organization"},"potentialAction":[{"@type":"SearchAction","target":{"@type":"EntryPoint","urlTemplate":"https:\/\/koningdrone.be\/?s={search_term_string}"},"query-input":{"@type":"PropertyValueSpecification","valueRequired":true,"valueName":"search_term_string"}}],"inLanguage":"fr-BE"},{"@type":"Organization","@id":"https:\/\/koningdrone.be\/#organization","name":"Kingdrone.co.uk","url":"https:\/\/koningdrone.be\/","logo":{"@type":"ImageObject","inLanguage":"fr-BE","@id":"https:\/\/koningdrone.be\/#\/schema\/logo\/image\/","url":"https:\/\/koningdrone.be\/wp-content\/uploads\/sites\/13\/2025\/04\/koningdrone-copyright-logo.svg","contentUrl":"https:\/\/koningdrone.be\/wp-content\/uploads\/sites\/13\/2025\/04\/koningdrone-copyright-logo.svg","width":227,"height":38,"caption":"Koningdrone.be"},"image":{"@id":"https:\/\/koningdrone.be\/#\/schema\/logo\/image\/"}}]}},"df_price":"","df_sale_price":"","df_regular_price":"","df_image_link":"https:\/\/koningdrone.be\/wp-content\/uploads\/sites\/13\/2025\/04\/6941565957092-1-300x240.jpg","_links":{"self":[{"href":"https:\/\/koningdrone.be\/fr\/wp-json\/wp\/v2\/product\/4711","targetHints":{"allow":["GET"]}}],"collection":[{"href":"https:\/\/koningdrone.be\/fr\/wp-json\/wp\/v2\/product"}],"about":[{"href":"https:\/\/koningdrone.be\/fr\/wp-json\/wp\/v2\/types\/product"}],"wp:featuredmedia":[{"embeddable":true,"href":"https:\/\/koningdrone.be\/fr\/wp-json\/wp\/v2\/media\/4708"}],"wp:attachment":[{"href":"https:\/\/koningdrone.be\/fr\/wp-json\/wp\/v2\/media?parent=4711"}],"wp:term":[{"taxonomy":"product_brand","embeddable":true,"href":"https:\/\/koningdrone.be\/fr\/wp-json\/wp\/v2\/product_brand?post=4711"},{"taxonomy":"product_cat","embeddable":true,"href":"https:\/\/koningdrone.be\/fr\/wp-json\/wp\/v2\/product_cat?post=4711"},{"taxonomy":"product_tag","embeddable":true,"href":"https:\/\/koningdrone.be\/fr\/wp-json\/wp\/v2\/product_tag?post=4711"}],"curies":[{"name":"wp","href":"https:\/\/api.w.org\/{rel}","templated":true}]}}