{"id":4703,"date":"2023-05-10T11:52:13","date_gmt":"2023-05-10T09:52:13","guid":{"rendered":"https:\/\/koningdrone.nl\/kon\/product\/dji-mavic-3-pro-drone-only\/"},"modified":"2026-04-29T13:40:36","modified_gmt":"2026-04-29T11:40:36","slug":"dji-mavic-3-pro-drone-only","status":"publish","type":"product","link":"https:\/\/koningdrone.be\/fr\/produit\/dji-mavic-3-pro-drone-only\/","title":{"rendered":"DJI Mavic 3 Pro (Drone uniquement)"},"content":{"rendered":"<p><strong>DJI Mavic 3 Pro - Drone uniquement<\/strong><br \/> Le DJI Mavic 3 Pro r\u00e9volutionne la photographie a\u00e9rienne gr\u00e2ce \u00e0 son syst\u00e8me \u00e0 triple cam\u00e9ra comprenant une cam\u00e9ra Hasselblad CMOS 4\/3, deux t\u00e9l\u00e9objectifs et plusieurs longueurs focales. Cette configuration offre une libert\u00e9 cr\u00e9ative sans pr\u00e9c\u00e9dent, permettant de capturer des paysages \u00e9poustouflants et des chefs-d'\u0153uvre cin\u00e9matographiques en toute simplicit\u00e9. L'appareil photo Hasselblad du drone prend en charge les photos RAW 12 bits et utilise la solution Hasselblad Natural Colour Solution (HNCS) pour des couleurs r\u00e9alistes, minimisant ainsi la n\u00e9cessit\u00e9 d'un post-traitement lourd.<\/p>\n<p> <strong>Caract\u00e9ristiques principales :<\/strong><\/p>\n<ul>\n<li> Appareil photo Hasselblad CMOS 4\/3 : 20 MP, f\/2.8-f\/11<\/li>\n<li> Appareil photo \u00e0 t\u00e9l\u00e9objectif moyen : 48 MP, 70 mm eq., zoom optique 3x, f\/2.8<\/li>\n<li> T\u00e9l\u00e9cam\u00e9ra : 12 MP, 166 mm eq., zoom optique 7x, zoom hybride 28x, f\/3.4<\/li>\n<\/ul>\n<p> Profitez de capacit\u00e9s vid\u00e9o professionnelles avec le mode couleur D-Log M 10 bits, qui capture jusqu'\u00e0 un milliard de couleurs et prend en charge l'encodage Apple ProRes 422 HQ. Le Mavic 3 Pro est \u00e9galement dot\u00e9 d'un disque SSD int\u00e9gr\u00e9 de 1 To et d'un c\u00e2ble de donn\u00e9es lightspeed de 10 Gbps pour des cr\u00e9ations professionnelles am\u00e9lior\u00e9es. Avec une autonomie de vol de 43 minutes et des syst\u00e8mes avanc\u00e9s d'\u00e9vitement des obstacles, ce drone vous permet de capturer chaque instant avec pr\u00e9cision et en toute s\u00e9curit\u00e9.<\/p>","protected":false},"excerpt":{"rendered":"<ul>\n<li>Rotule \u00e0 3 axes et syst\u00e8me \u00e0 3 cam\u00e9ras<\/li>\n<li>CMOS 4\/3 Hasselblad 20MP 5.1K grand angle<\/li>\n<li>T\u00e9l\u00e9objectif moyen 70 mm 48 MP zoom 3x<\/li>\n<li>166 mm 12 MP T\u00e9l\u00e9objectif zoom 7x<\/li>\n<li>Jusqu'\u00e0 43 minutes de vol<\/li>\n<li>7 modes de vol intelligents<\/li>\n<li>\u00c9vitement omnidirectionnel avec APAS 5.0<\/li>\n<li>Transmission O3+ avec une autonomie de 9,3 miles<\/li>\n<li>Post-traitement D-LOG, D-LOG M et HLG<\/li>\n<li>Compatible avec les DJI Goggles Integra Motion Combo et les DJI Goggles 2 Motion Combo, vendus s\u00e9par\u00e9ment.<\/li>\n<\/ul>","protected":false},"featured_media":4697,"template":"","meta":{"_acf_changed":false},"product_brand":[],"product_cat":[135,97,136,138,99],"product_tag":[],"class_list":{"0":"post-4703","1":"product","2":"type-product","3":"status-publish","4":"has-post-thumbnail","6":"product_cat-alle-drones","7":"product_cat-alle-producten","8":"product_cat-consumer-drones","9":"product_cat-dji-mavic-3-pro","10":"product_cat-drones-met-certificaat","11":"product_shipping_class-outofstock","12":"pa_brand-dji","13":"pa_dronegrade-consumer","14":"pa_productfamily-drone","15":"pa_producttype-drone","16":"pa_series-mavic-3-pro","18":"first","19":"outofstock","20":"taxable","21":"shipping-taxable","22":"product-type-simple"},"acf":[],"yoast_head":"<!-- This site is optimized with the Yoast SEO Premium plugin v27.2 (Yoast SEO v27.2) - https:\/\/yoast.com\/product\/yoast-seo-premium-wordpress\/ -->\n<title>DJI Mavic 3 Pro (Drone Only) - koningdrone.be<\/title>\n<meta name=\"robots\" content=\"index, follow, max-snippet:-1, max-image-preview:large, max-video-preview:-1\" \/>\n<link rel=\"canonical\" href=\"https:\/\/koningdrone.be\/fr\/produit\/dji-mavic-3-pro-drone-only\/\" \/>\n<meta property=\"og:locale\" content=\"fr_FR\" \/>\n<meta property=\"og:type\" content=\"article\" \/>\n<meta property=\"og:title\" content=\"DJI Mavic 3 Pro (Drone Only)\" \/>\n<meta property=\"og:description\" content=\"Gimbal met 3 assen en systeem met drie camera&#039;s20MP 5.1K Groothoek 4\/3 CMOS Hasselblad70 mm 48 MP 3x zoom medium telelens166 mm 12 MP 7x zoomtelefotoTot 43 minuten vliegtijd7 intelligente vluchtmodiOmnidirectioneel vermijden met APAS 5.0O3+-transmissie met actieradius van 9,3 mijlD-LOG, D-LOG M en HLG-nabewerkingCompatibel met DJI Goggles Integra Motion Combo en DJI Goggles 2 Motion Combo, apart verkrijgbaar.\" \/>\n<meta property=\"og:url\" content=\"https:\/\/koningdrone.be\/fr\/produit\/dji-mavic-3-pro-drone-only\/\" \/>\n<meta property=\"og:site_name\" content=\"koningdrone.be\" \/>\n<meta property=\"article:modified_time\" content=\"2026-04-29T11:40:36+00:00\" \/>\n<meta property=\"og:image\" content=\"https:\/\/koningdrone.be\/wp-content\/uploads\/sites\/13\/2025\/04\/6941565957085-1.png\" \/>\n\t<meta property=\"og:image:width\" content=\"800\" \/>\n\t<meta property=\"og:image:height\" content=\"450\" \/>\n\t<meta property=\"og:image:type\" content=\"image\/png\" \/>\n<meta name=\"twitter:card\" content=\"summary_large_image\" \/>\n<meta name=\"twitter:label1\" content=\"Dur\u00e9e de lecture est.\" \/>\n\t<meta name=\"twitter:data1\" content=\"1 minute\" \/>\n<script type=\"application\/ld+json\" class=\"yoast-schema-graph\">{\"@context\":\"https:\/\/schema.org\",\"@graph\":[{\"@type\":\"WebPage\",\"@id\":\"https:\/\/koningdrone.be\/product\/dji-mavic-3-pro-drone-only\/\",\"url\":\"https:\/\/koningdrone.be\/product\/dji-mavic-3-pro-drone-only\/\",\"name\":\"DJI Mavic 3 Pro (Drone Only) - koningdrone.be\",\"isPartOf\":{\"@id\":\"https:\/\/koningdrone.be\/#website\"},\"primaryImageOfPage\":{\"@id\":\"https:\/\/koningdrone.be\/product\/dji-mavic-3-pro-drone-only\/#primaryimage\"},\"image\":{\"@id\":\"https:\/\/koningdrone.be\/product\/dji-mavic-3-pro-drone-only\/#primaryimage\"},\"thumbnailUrl\":\"https:\/\/koningdrone.be\/wp-content\/uploads\/sites\/13\/2025\/04\/6941565957085-1.png\",\"datePublished\":\"2023-05-10T09:52:13+00:00\",\"dateModified\":\"2026-04-29T11:40:36+00:00\",\"breadcrumb\":{\"@id\":\"https:\/\/koningdrone.be\/product\/dji-mavic-3-pro-drone-only\/#breadcrumb\"},\"inLanguage\":\"fr-BE\",\"potentialAction\":[{\"@type\":\"ReadAction\",\"target\":[\"https:\/\/koningdrone.be\/product\/dji-mavic-3-pro-drone-only\/\"]}]},{\"@type\":\"ImageObject\",\"inLanguage\":\"fr-BE\",\"@id\":\"https:\/\/koningdrone.be\/product\/dji-mavic-3-pro-drone-only\/#primaryimage\",\"url\":\"https:\/\/koningdrone.be\/wp-content\/uploads\/sites\/13\/2025\/04\/6941565957085-1.png\",\"contentUrl\":\"https:\/\/koningdrone.be\/wp-content\/uploads\/sites\/13\/2025\/04\/6941565957085-1.png\",\"width\":800,\"height\":450},{\"@type\":\"BreadcrumbList\",\"@id\":\"https:\/\/koningdrone.be\/product\/dji-mavic-3-pro-drone-only\/#breadcrumb\",\"itemListElement\":[{\"@type\":\"ListItem\",\"position\":1,\"name\":\"Home\",\"item\":\"https:\/\/koningdrone.be\/\"},{\"@type\":\"ListItem\",\"position\":2,\"name\":\"AVSS Parachute Recovery System for DJI Matrice 300\/350\",\"item\":\"https:\/\/koningdrone.be\/product\/avss-parachute-recovery-system-for-dji-matrice-300-350\/\"},{\"@type\":\"ListItem\",\"position\":3,\"name\":\"Alle drones\",\"item\":\"https:\/\/koningdrone.be\/categorie\/alle-drones\/\"},{\"@type\":\"ListItem\",\"position\":4,\"name\":\"DJI Mavic 3 Pro (Drone Only)\"}]},{\"@type\":\"WebSite\",\"@id\":\"https:\/\/koningdrone.be\/#website\",\"url\":\"https:\/\/koningdrone.be\/\",\"name\":\"Koningdrone.be - Uw online specialist in drones, gimbals, camera's en power stations.\",\"description\":\"De webshop in drones en gimbals\",\"publisher\":{\"@id\":\"https:\/\/koningdrone.be\/#organization\"},\"potentialAction\":[{\"@type\":\"SearchAction\",\"target\":{\"@type\":\"EntryPoint\",\"urlTemplate\":\"https:\/\/koningdrone.be\/?s={search_term_string}\"},\"query-input\":{\"@type\":\"PropertyValueSpecification\",\"valueRequired\":true,\"valueName\":\"search_term_string\"}}],\"inLanguage\":\"fr-BE\"},{\"@type\":\"Organization\",\"@id\":\"https:\/\/koningdrone.be\/#organization\",\"name\":\"Koningdrone.be\",\"url\":\"https:\/\/koningdrone.be\/\",\"logo\":{\"@type\":\"ImageObject\",\"inLanguage\":\"fr-BE\",\"@id\":\"https:\/\/koningdrone.be\/#\/schema\/logo\/image\/\",\"url\":\"https:\/\/koningdrone.be\/wp-content\/uploads\/sites\/13\/2025\/04\/koningdrone-copyright-logo.svg\",\"contentUrl\":\"https:\/\/koningdrone.be\/wp-content\/uploads\/sites\/13\/2025\/04\/koningdrone-copyright-logo.svg\",\"width\":227,\"height\":38,\"caption\":\"Koningdrone.be\"},\"image\":{\"@id\":\"https:\/\/koningdrone.be\/#\/schema\/logo\/image\/\"}}]}<\/script>\n<!-- \/ Yoast SEO Premium plugin. -->","yoast_head_json":{"title":"DJI Mavic 3 Pro (Drone Only) - koningdrone.be","robots":{"index":"index","follow":"follow","max-snippet":"max-snippet:-1","max-image-preview":"max-image-preview:large","max-video-preview":"max-video-preview:-1"},"canonical":"https:\/\/koningdrone.be\/fr\/produit\/dji-mavic-3-pro-drone-only\/","og_locale":"fr_FR","og_type":"article","og_title":"DJI Mavic 3 Pro (Drone Only)","og_description":"Gimbal met 3 assen en systeem met drie camera's20MP 5.1K Groothoek 4\/3 CMOS Hasselblad70 mm 48 MP 3x zoom medium telelens166 mm 12 MP 7x zoomtelefotoTot 43 minuten vliegtijd7 intelligente vluchtmodiOmnidirectioneel vermijden met APAS 5.0O3+-transmissie met actieradius van 9,3 mijlD-LOG, D-LOG M en HLG-nabewerkingCompatibel met DJI Goggles Integra Motion Combo en DJI Goggles 2 Motion Combo, apart verkrijgbaar.","og_url":"https:\/\/koningdrone.be\/fr\/produit\/dji-mavic-3-pro-drone-only\/","og_site_name":"koningdrone.be","article_modified_time":"2026-04-29T11:40:36+00:00","og_image":[{"width":800,"height":450,"url":"https:\/\/koningdrone.be\/wp-content\/uploads\/sites\/13\/2025\/04\/6941565957085-1.png","type":"image\/png"}],"twitter_card":"summary_large_image","twitter_misc":{"Dur\u00e9e de lecture est.":"1 minute"},"schema":{"@context":"https:\/\/schema.org","@graph":[{"@type":"WebPage","@id":"https:\/\/koningdrone.be\/product\/dji-mavic-3-pro-drone-only\/","url":"https:\/\/koningdrone.be\/product\/dji-mavic-3-pro-drone-only\/","name":"DJI Mavic 3 Pro (Drone Only) - koningdrone.be","isPartOf":{"@id":"https:\/\/koningdrone.be\/#website"},"primaryImageOfPage":{"@id":"https:\/\/koningdrone.be\/product\/dji-mavic-3-pro-drone-only\/#primaryimage"},"image":{"@id":"https:\/\/koningdrone.be\/product\/dji-mavic-3-pro-drone-only\/#primaryimage"},"thumbnailUrl":"https:\/\/koningdrone.be\/wp-content\/uploads\/sites\/13\/2025\/04\/6941565957085-1.png","datePublished":"2023-05-10T09:52:13+00:00","dateModified":"2026-04-29T11:40:36+00:00","breadcrumb":{"@id":"https:\/\/koningdrone.be\/product\/dji-mavic-3-pro-drone-only\/#breadcrumb"},"inLanguage":"fr-BE","potentialAction":[{"@type":"ReadAction","target":["https:\/\/koningdrone.be\/product\/dji-mavic-3-pro-drone-only\/"]}]},{"@type":"ImageObject","inLanguage":"fr-BE","@id":"https:\/\/koningdrone.be\/product\/dji-mavic-3-pro-drone-only\/#primaryimage","url":"https:\/\/koningdrone.be\/wp-content\/uploads\/sites\/13\/2025\/04\/6941565957085-1.png","contentUrl":"https:\/\/koningdrone.be\/wp-content\/uploads\/sites\/13\/2025\/04\/6941565957085-1.png","width":800,"height":450},{"@type":"BreadcrumbList","@id":"https:\/\/koningdrone.be\/product\/dji-mavic-3-pro-drone-only\/#breadcrumb","itemListElement":[{"@type":"ListItem","position":1,"name":"Home","item":"https:\/\/koningdrone.be\/"},{"@type":"ListItem","position":2,"name":"AVSS Parachute Recovery System for DJI Matrice 300\/350","item":"https:\/\/koningdrone.be\/product\/avss-parachute-recovery-system-for-dji-matrice-300-350\/"},{"@type":"ListItem","position":3,"name":"Alle drones","item":"https:\/\/koningdrone.be\/categorie\/alle-drones\/"},{"@type":"ListItem","position":4,"name":"DJI Mavic 3 Pro (Drone Only)"}]},{"@type":"WebSite","@id":"https:\/\/koningdrone.be\/#website","url":"https:\/\/koningdrone.be\/","name":"Koningdrone.be - Votre sp\u00e9cialiste en ligne en mati\u00e8re de drones, de cardans, de cam\u00e9ras et de centrales \u00e9lectriques.","description":"La boutique en ligne de drones et de cardans","publisher":{"@id":"https:\/\/koningdrone.be\/#organization"},"potentialAction":[{"@type":"SearchAction","target":{"@type":"EntryPoint","urlTemplate":"https:\/\/koningdrone.be\/?s={search_term_string}"},"query-input":{"@type":"PropertyValueSpecification","valueRequired":true,"valueName":"search_term_string"}}],"inLanguage":"fr-BE"},{"@type":"Organization","@id":"https:\/\/koningdrone.be\/#organization","name":"Kingdrone.co.uk","url":"https:\/\/koningdrone.be\/","logo":{"@type":"ImageObject","inLanguage":"fr-BE","@id":"https:\/\/koningdrone.be\/#\/schema\/logo\/image\/","url":"https:\/\/koningdrone.be\/wp-content\/uploads\/sites\/13\/2025\/04\/koningdrone-copyright-logo.svg","contentUrl":"https:\/\/koningdrone.be\/wp-content\/uploads\/sites\/13\/2025\/04\/koningdrone-copyright-logo.svg","width":227,"height":38,"caption":"Koningdrone.be"},"image":{"@id":"https:\/\/koningdrone.be\/#\/schema\/logo\/image\/"}}]}},"df_price":"","df_sale_price":"","df_regular_price":"","df_image_link":"https:\/\/koningdrone.be\/wp-content\/uploads\/sites\/13\/2025\/04\/6941565957085-1-300x169.png","_links":{"self":[{"href":"https:\/\/koningdrone.be\/fr\/wp-json\/wp\/v2\/product\/4703","targetHints":{"allow":["GET"]}}],"collection":[{"href":"https:\/\/koningdrone.be\/fr\/wp-json\/wp\/v2\/product"}],"about":[{"href":"https:\/\/koningdrone.be\/fr\/wp-json\/wp\/v2\/types\/product"}],"wp:featuredmedia":[{"embeddable":true,"href":"https:\/\/koningdrone.be\/fr\/wp-json\/wp\/v2\/media\/4697"}],"wp:attachment":[{"href":"https:\/\/koningdrone.be\/fr\/wp-json\/wp\/v2\/media?parent=4703"}],"wp:term":[{"taxonomy":"product_brand","embeddable":true,"href":"https:\/\/koningdrone.be\/fr\/wp-json\/wp\/v2\/product_brand?post=4703"},{"taxonomy":"product_cat","embeddable":true,"href":"https:\/\/koningdrone.be\/fr\/wp-json\/wp\/v2\/product_cat?post=4703"},{"taxonomy":"product_tag","embeddable":true,"href":"https:\/\/koningdrone.be\/fr\/wp-json\/wp\/v2\/product_tag?post=4703"}],"curies":[{"name":"wp","href":"https:\/\/api.w.org\/{rel}","templated":true}]}}