{"id":4696,"date":"2023-06-07T09:04:07","date_gmt":"2023-06-07T07:04:07","guid":{"rendered":"https:\/\/koningdrone.nl\/kon\/product\/dji-inspire-2-hub-p08\/"},"modified":"2026-04-29T15:00:25","modified_gmt":"2026-04-29T13:00:25","slug":"dji-inspire-2-hub-p08","status":"publish","type":"product","link":"https:\/\/koningdrone.be\/fr\/produit\/dji-inspire-2-hub-p08\/","title":{"rendered":"Hub de charge de batterie Inspire 2\/Ronin 2"},"content":{"rendered":"<p> Le hub de chargement de batterie Inspire 2 Intelligent Flight est un accessoire essentiel pour les passionn\u00e9s de drones. Con\u00e7u pour g\u00e9rer efficacement la charge des batteries du drone Inspire 2, cet appareil peut accueillir jusqu'\u00e0 quatre batteries simultan\u00e9ment. Le syst\u00e8me de priorit\u00e9 intelligent garantit que les batteries ayant les niveaux de charge les plus \u00e9lev\u00e9s sont charg\u00e9es en premier, optimisant ainsi le temps de charge et l'efficacit\u00e9.<\/p>\n<p><strong>Gestion de la charge<\/strong><\/p>\n<p> Bien que le concentrateur puisse contenir quatre batteries, il en charge deux \u00e0 la fois en fonction de leur niveau d'\u00e9nergie restant. Cette fonction intelligente garantit un temps d'ex\u00e9cution plus rapide, de sorte que vos drones sont pr\u00eats \u00e0 voler avec un minimum de temps d'arr\u00eat. La hi\u00e9rarchisation des batteries est automatique, ce qui simplifie le processus de chargement pour les utilisateurs.<\/p>\n<p><strong>Appairage de la batterie via l'application DJI GO 4<\/strong><\/p>\n<p> Pour une meilleure strat\u00e9gie de charge, les utilisateurs peuvent coupler les batteries \u00e0 l'aide de l'application DJI GO 4. Cette fonctionnalit\u00e9 permet de maintenir des cycles de charge \u00e9quilibr\u00e9s pour plusieurs batteries. Elle simplifie la gestion des batteries et permet aux utilisateurs de conserver leur \u00e9quipement dans des conditions optimales plus longtemps.<\/p>\n<p><strong>Mises \u00e0 jour du micrologiciel<\/strong><\/p>\n<p> L'inclusion d'un port micro-USB sur le concentrateur de charge joue un r\u00f4le crucial dans la mise \u00e0 jour de l'appareil. Les mises \u00e0 jour du micrologiciel sont essentielles pour maintenir la compatibilit\u00e9 avec les derni\u00e8res am\u00e9liorations logicielles et op\u00e9rationnelles. Les utilisateurs sont encourag\u00e9s \u00e0 v\u00e9rifier r\u00e9guli\u00e8rement les mises \u00e0 jour pour s'assurer que leur concentrateur de charge fonctionne de mani\u00e8re optimale.<\/p>\n<p><strong>Manuel de l'utilisateur et ressources<\/strong><\/p>\n<p> Des instructions d\u00e9taill\u00e9es sur le couplage des batteries et d'autres fonctionnalit\u00e9s sont disponibles dans le manuel de l'utilisateur de l'Inspire 2. Ce manuel et d'autres ressources sont disponibles sur le site officiel de DJI. Il s'agit d'une ressource pr\u00e9cieuse pour les op\u00e9rateurs de drones novices et exp\u00e9riment\u00e9s, offrant des conseils sur la mani\u00e8re de maximiser l'utilisation de leur concentrateur de charge.<\/p>\n<p><\/p>","protected":false},"excerpt":{"rendered":"<ul>\n<li>Con\u00e7u pour \u00eatre utilis\u00e9 avec le chargeur de batterie Inspire 2<\/li>\n<li> Charge simultan\u00e9ment quatre batteries de vol intelligentes<\/li>\n<li> Charge deux batteries simultan\u00e9ment pour plus d'efficacit\u00e9<\/li>\n<li> Chargement intelligent en fonction du niveau de la batterie<\/li>\n<li> Appairage de la batterie via l'application DJI GO 4<\/li>\n<li> Port micro-USB pour les mises \u00e0 jour du micrologiciel<\/li>\n<\/ul>","protected":false},"featured_media":4688,"template":"","meta":{"_acf_changed":false},"product_brand":[],"product_cat":[111,97,788],"product_tag":[],"class_list":{"0":"post-4696","1":"product","2":"type-product","3":"status-publish","4":"has-post-thumbnail","6":"product_cat-alle-opladers","7":"product_cat-alle-producten","8":"product_cat-dji-inspire-2","9":"product_shipping_class-outofstock","10":"pa_brand-dji","11":"pa_productfamily-oplaadhub","12":"pa_producttype-oplaadhub","13":"pa_series-inspire-2","15":"first","16":"outofstock","17":"taxable","18":"shipping-taxable","19":"purchasable","20":"product-type-simple"},"acf":[],"yoast_head":"<!-- This site is optimized with the Yoast SEO Premium plugin v27.2 (Yoast SEO v27.2) - https:\/\/yoast.com\/product\/yoast-seo-premium-wordpress\/ -->\n<title>Inspire 2\/Ronin 2 Battery Charging Hub - koningdrone.be<\/title>\n<meta name=\"robots\" content=\"index, follow, max-snippet:-1, max-image-preview:large, max-video-preview:-1\" \/>\n<link rel=\"canonical\" href=\"https:\/\/koningdrone.be\/fr\/produit\/dji-inspire-2-hub-p08\/\" \/>\n<meta property=\"og:locale\" content=\"fr_FR\" \/>\n<meta property=\"og:type\" content=\"article\" \/>\n<meta property=\"og:title\" content=\"Inspire 2\/Ronin 2 Battery Charging Hub\" \/>\n<meta property=\"og:description\" content=\"Ontworpen voor gebruik van de Inspire 2 batterijlader Laadt tegelijkertijd vier Intelligent Flight Batteries op Laadt twee batterijen tegelijk op voor effici\u00ebntie Intelligent opladen op basis van het batterijniveau Batterij koppelen via DJI GO 4-app Micro-USB-poort voor firmware-updates\" \/>\n<meta property=\"og:url\" content=\"https:\/\/koningdrone.be\/fr\/produit\/dji-inspire-2-hub-p08\/\" \/>\n<meta property=\"og:site_name\" content=\"koningdrone.be\" \/>\n<meta property=\"article:modified_time\" content=\"2026-04-29T13:00:25+00:00\" \/>\n<meta property=\"og:image\" content=\"https:\/\/koningdrone.be\/wp-content\/uploads\/sites\/13\/2025\/04\/large_5f292407-1582-4bef-a692-8a7f088c749d.jpg\" \/>\n\t<meta property=\"og:image:width\" content=\"1200\" \/>\n\t<meta property=\"og:image:height\" content=\"800\" \/>\n\t<meta property=\"og:image:type\" content=\"image\/jpeg\" \/>\n<meta name=\"twitter:card\" content=\"summary_large_image\" \/>\n<meta name=\"twitter:label1\" content=\"Dur\u00e9e de lecture est.\" \/>\n\t<meta name=\"twitter:data1\" content=\"1 minute\" \/>\n<script type=\"application\/ld+json\" class=\"yoast-schema-graph\">{\"@context\":\"https:\/\/schema.org\",\"@graph\":[{\"@type\":\"WebPage\",\"@id\":\"https:\/\/koningdrone.be\/product\/dji-inspire-2-hub-p08\/\",\"url\":\"https:\/\/koningdrone.be\/product\/dji-inspire-2-hub-p08\/\",\"name\":\"Inspire 2\/Ronin 2 Battery Charging Hub - koningdrone.be\",\"isPartOf\":{\"@id\":\"https:\/\/koningdrone.be\/#website\"},\"primaryImageOfPage\":{\"@id\":\"https:\/\/koningdrone.be\/product\/dji-inspire-2-hub-p08\/#primaryimage\"},\"image\":{\"@id\":\"https:\/\/koningdrone.be\/product\/dji-inspire-2-hub-p08\/#primaryimage\"},\"thumbnailUrl\":\"https:\/\/koningdrone.be\/wp-content\/uploads\/sites\/13\/2025\/04\/large_5f292407-1582-4bef-a692-8a7f088c749d.jpg\",\"datePublished\":\"2023-06-07T07:04:07+00:00\",\"dateModified\":\"2026-04-29T13:00:25+00:00\",\"breadcrumb\":{\"@id\":\"https:\/\/koningdrone.be\/product\/dji-inspire-2-hub-p08\/#breadcrumb\"},\"inLanguage\":\"fr-BE\",\"potentialAction\":[{\"@type\":\"ReadAction\",\"target\":[\"https:\/\/koningdrone.be\/product\/dji-inspire-2-hub-p08\/\"]}]},{\"@type\":\"ImageObject\",\"inLanguage\":\"fr-BE\",\"@id\":\"https:\/\/koningdrone.be\/product\/dji-inspire-2-hub-p08\/#primaryimage\",\"url\":\"https:\/\/koningdrone.be\/wp-content\/uploads\/sites\/13\/2025\/04\/large_5f292407-1582-4bef-a692-8a7f088c749d.jpg\",\"contentUrl\":\"https:\/\/koningdrone.be\/wp-content\/uploads\/sites\/13\/2025\/04\/large_5f292407-1582-4bef-a692-8a7f088c749d.jpg\",\"width\":1200,\"height\":800},{\"@type\":\"BreadcrumbList\",\"@id\":\"https:\/\/koningdrone.be\/product\/dji-inspire-2-hub-p08\/#breadcrumb\",\"itemListElement\":[{\"@type\":\"ListItem\",\"position\":1,\"name\":\"Home\",\"item\":\"https:\/\/koningdrone.be\/\"},{\"@type\":\"ListItem\",\"position\":2,\"name\":\"AVSS Parachute Recovery System for DJI Matrice 300\/350\",\"item\":\"https:\/\/koningdrone.be\/product\/avss-parachute-recovery-system-for-dji-matrice-300-350\/\"},{\"@type\":\"ListItem\",\"position\":3,\"name\":\"Alle opladers\",\"item\":\"https:\/\/koningdrone.be\/categorie\/alle-opladers\/\"},{\"@type\":\"ListItem\",\"position\":4,\"name\":\"Inspire 2\/Ronin 2 Battery Charging Hub\"}]},{\"@type\":\"WebSite\",\"@id\":\"https:\/\/koningdrone.be\/#website\",\"url\":\"https:\/\/koningdrone.be\/\",\"name\":\"Koningdrone.be - Uw online specialist in drones, gimbals, camera's en power stations.\",\"description\":\"De webshop in drones en gimbals\",\"publisher\":{\"@id\":\"https:\/\/koningdrone.be\/#organization\"},\"potentialAction\":[{\"@type\":\"SearchAction\",\"target\":{\"@type\":\"EntryPoint\",\"urlTemplate\":\"https:\/\/koningdrone.be\/?s={search_term_string}\"},\"query-input\":{\"@type\":\"PropertyValueSpecification\",\"valueRequired\":true,\"valueName\":\"search_term_string\"}}],\"inLanguage\":\"fr-BE\"},{\"@type\":\"Organization\",\"@id\":\"https:\/\/koningdrone.be\/#organization\",\"name\":\"Koningdrone.be\",\"url\":\"https:\/\/koningdrone.be\/\",\"logo\":{\"@type\":\"ImageObject\",\"inLanguage\":\"fr-BE\",\"@id\":\"https:\/\/koningdrone.be\/#\/schema\/logo\/image\/\",\"url\":\"https:\/\/koningdrone.be\/wp-content\/uploads\/sites\/13\/2025\/04\/koningdrone-copyright-logo.svg\",\"contentUrl\":\"https:\/\/koningdrone.be\/wp-content\/uploads\/sites\/13\/2025\/04\/koningdrone-copyright-logo.svg\",\"width\":227,\"height\":38,\"caption\":\"Koningdrone.be\"},\"image\":{\"@id\":\"https:\/\/koningdrone.be\/#\/schema\/logo\/image\/\"}}]}<\/script>\n<!-- \/ Yoast SEO Premium plugin. -->","yoast_head_json":{"title":"Inspire 2\/Ronin 2 Battery Charging Hub - koningdrone.be","robots":{"index":"index","follow":"follow","max-snippet":"max-snippet:-1","max-image-preview":"max-image-preview:large","max-video-preview":"max-video-preview:-1"},"canonical":"https:\/\/koningdrone.be\/fr\/produit\/dji-inspire-2-hub-p08\/","og_locale":"fr_FR","og_type":"article","og_title":"Inspire 2\/Ronin 2 Battery Charging Hub","og_description":"Ontworpen voor gebruik van de Inspire 2 batterijlader Laadt tegelijkertijd vier Intelligent Flight Batteries op Laadt twee batterijen tegelijk op voor effici\u00ebntie Intelligent opladen op basis van het batterijniveau Batterij koppelen via DJI GO 4-app Micro-USB-poort voor firmware-updates","og_url":"https:\/\/koningdrone.be\/fr\/produit\/dji-inspire-2-hub-p08\/","og_site_name":"koningdrone.be","article_modified_time":"2026-04-29T13:00:25+00:00","og_image":[{"width":1200,"height":800,"url":"https:\/\/koningdrone.be\/wp-content\/uploads\/sites\/13\/2025\/04\/large_5f292407-1582-4bef-a692-8a7f088c749d.jpg","type":"image\/jpeg"}],"twitter_card":"summary_large_image","twitter_misc":{"Dur\u00e9e de lecture est.":"1 minute"},"schema":{"@context":"https:\/\/schema.org","@graph":[{"@type":"WebPage","@id":"https:\/\/koningdrone.be\/product\/dji-inspire-2-hub-p08\/","url":"https:\/\/koningdrone.be\/product\/dji-inspire-2-hub-p08\/","name":"Inspire 2\/Ronin 2 Battery Charging Hub - koningdrone.be","isPartOf":{"@id":"https:\/\/koningdrone.be\/#website"},"primaryImageOfPage":{"@id":"https:\/\/koningdrone.be\/product\/dji-inspire-2-hub-p08\/#primaryimage"},"image":{"@id":"https:\/\/koningdrone.be\/product\/dji-inspire-2-hub-p08\/#primaryimage"},"thumbnailUrl":"https:\/\/koningdrone.be\/wp-content\/uploads\/sites\/13\/2025\/04\/large_5f292407-1582-4bef-a692-8a7f088c749d.jpg","datePublished":"2023-06-07T07:04:07+00:00","dateModified":"2026-04-29T13:00:25+00:00","breadcrumb":{"@id":"https:\/\/koningdrone.be\/product\/dji-inspire-2-hub-p08\/#breadcrumb"},"inLanguage":"fr-BE","potentialAction":[{"@type":"ReadAction","target":["https:\/\/koningdrone.be\/product\/dji-inspire-2-hub-p08\/"]}]},{"@type":"ImageObject","inLanguage":"fr-BE","@id":"https:\/\/koningdrone.be\/product\/dji-inspire-2-hub-p08\/#primaryimage","url":"https:\/\/koningdrone.be\/wp-content\/uploads\/sites\/13\/2025\/04\/large_5f292407-1582-4bef-a692-8a7f088c749d.jpg","contentUrl":"https:\/\/koningdrone.be\/wp-content\/uploads\/sites\/13\/2025\/04\/large_5f292407-1582-4bef-a692-8a7f088c749d.jpg","width":1200,"height":800},{"@type":"BreadcrumbList","@id":"https:\/\/koningdrone.be\/product\/dji-inspire-2-hub-p08\/#breadcrumb","itemListElement":[{"@type":"ListItem","position":1,"name":"Home","item":"https:\/\/koningdrone.be\/"},{"@type":"ListItem","position":2,"name":"AVSS Parachute Recovery System for DJI Matrice 300\/350","item":"https:\/\/koningdrone.be\/product\/avss-parachute-recovery-system-for-dji-matrice-300-350\/"},{"@type":"ListItem","position":3,"name":"Alle opladers","item":"https:\/\/koningdrone.be\/categorie\/alle-opladers\/"},{"@type":"ListItem","position":4,"name":"Inspire 2\/Ronin 2 Battery Charging Hub"}]},{"@type":"WebSite","@id":"https:\/\/koningdrone.be\/#website","url":"https:\/\/koningdrone.be\/","name":"Koningdrone.be - Votre sp\u00e9cialiste en ligne en mati\u00e8re de drones, de cardans, de cam\u00e9ras et de centrales \u00e9lectriques.","description":"La boutique en ligne de drones et de cardans","publisher":{"@id":"https:\/\/koningdrone.be\/#organization"},"potentialAction":[{"@type":"SearchAction","target":{"@type":"EntryPoint","urlTemplate":"https:\/\/koningdrone.be\/?s={search_term_string}"},"query-input":{"@type":"PropertyValueSpecification","valueRequired":true,"valueName":"search_term_string"}}],"inLanguage":"fr-BE"},{"@type":"Organization","@id":"https:\/\/koningdrone.be\/#organization","name":"Kingdrone.co.uk","url":"https:\/\/koningdrone.be\/","logo":{"@type":"ImageObject","inLanguage":"fr-BE","@id":"https:\/\/koningdrone.be\/#\/schema\/logo\/image\/","url":"https:\/\/koningdrone.be\/wp-content\/uploads\/sites\/13\/2025\/04\/koningdrone-copyright-logo.svg","contentUrl":"https:\/\/koningdrone.be\/wp-content\/uploads\/sites\/13\/2025\/04\/koningdrone-copyright-logo.svg","width":227,"height":38,"caption":"Koningdrone.be"},"image":{"@id":"https:\/\/koningdrone.be\/#\/schema\/logo\/image\/"}}]}},"df_price":109,"df_sale_price":"","df_regular_price":109,"df_image_link":"https:\/\/koningdrone.be\/wp-content\/uploads\/sites\/13\/2025\/04\/large_5f292407-1582-4bef-a692-8a7f088c749d-300x200.jpg","_links":{"self":[{"href":"https:\/\/koningdrone.be\/fr\/wp-json\/wp\/v2\/product\/4696","targetHints":{"allow":["GET"]}}],"collection":[{"href":"https:\/\/koningdrone.be\/fr\/wp-json\/wp\/v2\/product"}],"about":[{"href":"https:\/\/koningdrone.be\/fr\/wp-json\/wp\/v2\/types\/product"}],"wp:featuredmedia":[{"embeddable":true,"href":"https:\/\/koningdrone.be\/fr\/wp-json\/wp\/v2\/media\/4688"}],"wp:attachment":[{"href":"https:\/\/koningdrone.be\/fr\/wp-json\/wp\/v2\/media?parent=4696"}],"wp:term":[{"taxonomy":"product_brand","embeddable":true,"href":"https:\/\/koningdrone.be\/fr\/wp-json\/wp\/v2\/product_brand?post=4696"},{"taxonomy":"product_cat","embeddable":true,"href":"https:\/\/koningdrone.be\/fr\/wp-json\/wp\/v2\/product_cat?post=4696"},{"taxonomy":"product_tag","embeddable":true,"href":"https:\/\/koningdrone.be\/fr\/wp-json\/wp\/v2\/product_tag?post=4696"}],"curies":[{"name":"wp","href":"https:\/\/api.w.org\/{rel}","templated":true}]}}