{"id":4687,"date":"2023-06-07T09:04:28","date_gmt":"2023-06-07T07:04:28","guid":{"rendered":"https:\/\/koningdrone.nl\/kon\/product\/dji-inspire-2-180w-ac-power-adaptor-p16\/"},"modified":"2026-04-29T12:50:48","modified_gmt":"2026-04-29T10:50:48","slug":"dji-inspire-2-180w-ac-power-adaptor-p16","status":"publish","type":"product","link":"https:\/\/koningdrone.be\/fr\/produit\/dji-inspire-2-180w-ac-power-adaptor-p16\/","title":{"rendered":"Chargeur de batterie Inspire 2\/Ronin 2 180 W"},"content":{"rendered":"<p> Accessoire indispensable pour les passionn\u00e9s de drones, le chargeur de batterie Inspire 2 180 W offre des solutions de charge efficaces pour la batterie du drone Inspire 2 et la t\u00e9l\u00e9commande. Con\u00e7u dans un souci de commodit\u00e9, il permet aux utilisateurs d'alimenter facilement leur \u00e9quipement en le branchant simplement sur une prise murale.<\/p>\n<p><strong>Chargement efficace<\/strong><\/p>\n<p> Si vous devez charger la batterie de vol intelligente du drone Inspire 2, ce chargeur s'acquitte de cette t\u00e2che en 1,5 heure environ. Ce temps de charge rapide garantit que votre drone est pr\u00eat \u00e0 prendre l'air rapidement, ce qui le rend id\u00e9al pour les pilotes enthousiastes comme pour les professionnels.<\/p>\n<p><strong>Chargement de la t\u00e9l\u00e9commande<\/strong><\/p>\n<p> Le chargeur de batterie 180 W de l'Inspire 2 est \u00e9galement compatible avec la t\u00e9l\u00e9commande ; il faut environ 2,5 heures pour la charger compl\u00e8tement. Cette fonction garantit que votre drone et votre contr\u00f4leur sont enti\u00e8rement aliment\u00e9s et pr\u00eats pour toute aventure ou t\u00e2che que vous avez planifi\u00e9e.<\/p>\n<p><strong>Chargement simultan\u00e9<\/strong><\/p>\n<p> Pour plus de commodit\u00e9, ce chargeur permet de charger simultan\u00e9ment la batterie du drone et la t\u00e9l\u00e9commande. Bien que cette fonctionnalit\u00e9 de double charge prolonge l\u00e9g\u00e8rement le temps de charge total \u00e0 un peu plus de 2,5 heures, elle offre l'avantage d'avoir les deux composants pr\u00eats \u00e0 l'emploi en m\u00eame temps.<\/p>\n<p><\/p>","protected":false},"excerpt":{"rendered":"<ul>\n<li>Recharge la t\u00e9l\u00e9commande et la batterie de l'Inspire 2<\/li>\n<li> Utilise le courant alternatif pour le chargement<\/li>\n<li> Recharge compl\u00e8tement la batterie de vol en 1,5 heure environ<\/li>\n<li> Chargement de la t\u00e9l\u00e9commande en 2,5 heures environ<\/li>\n<li> Temps de charge plus long lorsque les deux appareils sont charg\u00e9s ensemble<\/li>\n<\/ul>","protected":false},"featured_media":4682,"template":"","meta":{"_acf_changed":false},"product_brand":[],"product_cat":[111,97,788],"product_tag":[],"class_list":{"0":"post-4687","1":"product","2":"type-product","3":"status-publish","4":"has-post-thumbnail","6":"product_cat-alle-opladers","7":"product_cat-alle-producten","8":"product_cat-dji-inspire-2","9":"product_shipping_class-outofstock","10":"pa_brand-dji","11":"pa_productfamily-oplader","12":"pa_producttype-oplader","13":"pa_series-inspire-2","15":"first","16":"outofstock","17":"taxable","18":"shipping-taxable","19":"product-type-simple"},"acf":[],"yoast_head":"<!-- This site is optimized with the Yoast SEO Premium plugin v27.2 (Yoast SEO v27.2) - https:\/\/yoast.com\/product\/yoast-seo-premium-wordpress\/ -->\n<title>Inspire 2\/Ronin 2 180 W Battery Charger - koningdrone.be<\/title>\n<meta name=\"robots\" content=\"index, follow, max-snippet:-1, max-image-preview:large, max-video-preview:-1\" \/>\n<link rel=\"canonical\" href=\"https:\/\/koningdrone.be\/fr\/produit\/dji-inspire-2-180w-ac-power-adaptor-p16\/\" \/>\n<meta property=\"og:locale\" content=\"fr_FR\" \/>\n<meta property=\"og:type\" content=\"article\" \/>\n<meta property=\"og:title\" content=\"Inspire 2\/Ronin 2 180 W Battery Charger\" \/>\n<meta property=\"og:description\" content=\"Laadt de Inspire 2-afstandsbediening en batterij op Maakt gebruik van wisselstroom voor het opladen Laadt de vliegaccu volledig op in ongeveer 1,5 uur Laadt de afstandsbediening op in ongeveer 2,5 uur Langere oplaadtijd wanneer beide apparaten samen worden opgeladen\" \/>\n<meta property=\"og:url\" content=\"https:\/\/koningdrone.be\/fr\/produit\/dji-inspire-2-180w-ac-power-adaptor-p16\/\" \/>\n<meta property=\"og:site_name\" content=\"koningdrone.be\" \/>\n<meta property=\"article:modified_time\" content=\"2026-04-29T10:50:48+00:00\" \/>\n<meta property=\"og:image\" content=\"https:\/\/koningdrone.be\/wp-content\/uploads\/sites\/13\/2025\/04\/large_9178ffcd-c7a8-400e-8bfd-5d88e8d28084.jpg\" \/>\n\t<meta property=\"og:image:width\" content=\"1200\" \/>\n\t<meta property=\"og:image:height\" content=\"800\" \/>\n\t<meta property=\"og:image:type\" content=\"image\/jpeg\" \/>\n<meta name=\"twitter:card\" content=\"summary_large_image\" \/>\n<meta name=\"twitter:label1\" content=\"Dur\u00e9e de lecture est.\" \/>\n\t<meta name=\"twitter:data1\" content=\"1 minute\" \/>\n<script type=\"application\/ld+json\" class=\"yoast-schema-graph\">{\"@context\":\"https:\/\/schema.org\",\"@graph\":[{\"@type\":\"WebPage\",\"@id\":\"https:\/\/koningdrone.be\/product\/dji-inspire-2-180w-ac-power-adaptor-p16\/\",\"url\":\"https:\/\/koningdrone.be\/product\/dji-inspire-2-180w-ac-power-adaptor-p16\/\",\"name\":\"Inspire 2\/Ronin 2 180 W Battery Charger - koningdrone.be\",\"isPartOf\":{\"@id\":\"https:\/\/koningdrone.be\/#website\"},\"primaryImageOfPage\":{\"@id\":\"https:\/\/koningdrone.be\/product\/dji-inspire-2-180w-ac-power-adaptor-p16\/#primaryimage\"},\"image\":{\"@id\":\"https:\/\/koningdrone.be\/product\/dji-inspire-2-180w-ac-power-adaptor-p16\/#primaryimage\"},\"thumbnailUrl\":\"https:\/\/koningdrone.be\/wp-content\/uploads\/sites\/13\/2025\/04\/large_9178ffcd-c7a8-400e-8bfd-5d88e8d28084.jpg\",\"datePublished\":\"2023-06-07T07:04:28+00:00\",\"dateModified\":\"2026-04-29T10:50:48+00:00\",\"breadcrumb\":{\"@id\":\"https:\/\/koningdrone.be\/product\/dji-inspire-2-180w-ac-power-adaptor-p16\/#breadcrumb\"},\"inLanguage\":\"fr-BE\",\"potentialAction\":[{\"@type\":\"ReadAction\",\"target\":[\"https:\/\/koningdrone.be\/product\/dji-inspire-2-180w-ac-power-adaptor-p16\/\"]}]},{\"@type\":\"ImageObject\",\"inLanguage\":\"fr-BE\",\"@id\":\"https:\/\/koningdrone.be\/product\/dji-inspire-2-180w-ac-power-adaptor-p16\/#primaryimage\",\"url\":\"https:\/\/koningdrone.be\/wp-content\/uploads\/sites\/13\/2025\/04\/large_9178ffcd-c7a8-400e-8bfd-5d88e8d28084.jpg\",\"contentUrl\":\"https:\/\/koningdrone.be\/wp-content\/uploads\/sites\/13\/2025\/04\/large_9178ffcd-c7a8-400e-8bfd-5d88e8d28084.jpg\",\"width\":1200,\"height\":800},{\"@type\":\"BreadcrumbList\",\"@id\":\"https:\/\/koningdrone.be\/product\/dji-inspire-2-180w-ac-power-adaptor-p16\/#breadcrumb\",\"itemListElement\":[{\"@type\":\"ListItem\",\"position\":1,\"name\":\"Home\",\"item\":\"https:\/\/koningdrone.be\/\"},{\"@type\":\"ListItem\",\"position\":2,\"name\":\"AVSS Parachute Recovery System for DJI Matrice 300\/350\",\"item\":\"https:\/\/koningdrone.be\/product\/avss-parachute-recovery-system-for-dji-matrice-300-350\/\"},{\"@type\":\"ListItem\",\"position\":3,\"name\":\"Alle opladers\",\"item\":\"https:\/\/koningdrone.be\/categorie\/alle-opladers\/\"},{\"@type\":\"ListItem\",\"position\":4,\"name\":\"Inspire 2\/Ronin 2 180 W Battery Charger\"}]},{\"@type\":\"WebSite\",\"@id\":\"https:\/\/koningdrone.be\/#website\",\"url\":\"https:\/\/koningdrone.be\/\",\"name\":\"Koningdrone.be - Uw online specialist in drones, gimbals, camera's en power stations.\",\"description\":\"De webshop in drones en gimbals\",\"publisher\":{\"@id\":\"https:\/\/koningdrone.be\/#organization\"},\"potentialAction\":[{\"@type\":\"SearchAction\",\"target\":{\"@type\":\"EntryPoint\",\"urlTemplate\":\"https:\/\/koningdrone.be\/?s={search_term_string}\"},\"query-input\":{\"@type\":\"PropertyValueSpecification\",\"valueRequired\":true,\"valueName\":\"search_term_string\"}}],\"inLanguage\":\"fr-BE\"},{\"@type\":\"Organization\",\"@id\":\"https:\/\/koningdrone.be\/#organization\",\"name\":\"Koningdrone.be\",\"url\":\"https:\/\/koningdrone.be\/\",\"logo\":{\"@type\":\"ImageObject\",\"inLanguage\":\"fr-BE\",\"@id\":\"https:\/\/koningdrone.be\/#\/schema\/logo\/image\/\",\"url\":\"https:\/\/koningdrone.be\/wp-content\/uploads\/sites\/13\/2025\/04\/koningdrone-copyright-logo.svg\",\"contentUrl\":\"https:\/\/koningdrone.be\/wp-content\/uploads\/sites\/13\/2025\/04\/koningdrone-copyright-logo.svg\",\"width\":227,\"height\":38,\"caption\":\"Koningdrone.be\"},\"image\":{\"@id\":\"https:\/\/koningdrone.be\/#\/schema\/logo\/image\/\"}}]}<\/script>\n<!-- \/ Yoast SEO Premium plugin. -->","yoast_head_json":{"title":"Inspire 2\/Ronin 2 180 W Battery Charger - koningdrone.be","robots":{"index":"index","follow":"follow","max-snippet":"max-snippet:-1","max-image-preview":"max-image-preview:large","max-video-preview":"max-video-preview:-1"},"canonical":"https:\/\/koningdrone.be\/fr\/produit\/dji-inspire-2-180w-ac-power-adaptor-p16\/","og_locale":"fr_FR","og_type":"article","og_title":"Inspire 2\/Ronin 2 180 W Battery Charger","og_description":"Laadt de Inspire 2-afstandsbediening en batterij op Maakt gebruik van wisselstroom voor het opladen Laadt de vliegaccu volledig op in ongeveer 1,5 uur Laadt de afstandsbediening op in ongeveer 2,5 uur Langere oplaadtijd wanneer beide apparaten samen worden opgeladen","og_url":"https:\/\/koningdrone.be\/fr\/produit\/dji-inspire-2-180w-ac-power-adaptor-p16\/","og_site_name":"koningdrone.be","article_modified_time":"2026-04-29T10:50:48+00:00","og_image":[{"width":1200,"height":800,"url":"https:\/\/koningdrone.be\/wp-content\/uploads\/sites\/13\/2025\/04\/large_9178ffcd-c7a8-400e-8bfd-5d88e8d28084.jpg","type":"image\/jpeg"}],"twitter_card":"summary_large_image","twitter_misc":{"Dur\u00e9e de lecture est.":"1 minute"},"schema":{"@context":"https:\/\/schema.org","@graph":[{"@type":"WebPage","@id":"https:\/\/koningdrone.be\/product\/dji-inspire-2-180w-ac-power-adaptor-p16\/","url":"https:\/\/koningdrone.be\/product\/dji-inspire-2-180w-ac-power-adaptor-p16\/","name":"Inspire 2\/Ronin 2 180 W Battery Charger - koningdrone.be","isPartOf":{"@id":"https:\/\/koningdrone.be\/#website"},"primaryImageOfPage":{"@id":"https:\/\/koningdrone.be\/product\/dji-inspire-2-180w-ac-power-adaptor-p16\/#primaryimage"},"image":{"@id":"https:\/\/koningdrone.be\/product\/dji-inspire-2-180w-ac-power-adaptor-p16\/#primaryimage"},"thumbnailUrl":"https:\/\/koningdrone.be\/wp-content\/uploads\/sites\/13\/2025\/04\/large_9178ffcd-c7a8-400e-8bfd-5d88e8d28084.jpg","datePublished":"2023-06-07T07:04:28+00:00","dateModified":"2026-04-29T10:50:48+00:00","breadcrumb":{"@id":"https:\/\/koningdrone.be\/product\/dji-inspire-2-180w-ac-power-adaptor-p16\/#breadcrumb"},"inLanguage":"fr-BE","potentialAction":[{"@type":"ReadAction","target":["https:\/\/koningdrone.be\/product\/dji-inspire-2-180w-ac-power-adaptor-p16\/"]}]},{"@type":"ImageObject","inLanguage":"fr-BE","@id":"https:\/\/koningdrone.be\/product\/dji-inspire-2-180w-ac-power-adaptor-p16\/#primaryimage","url":"https:\/\/koningdrone.be\/wp-content\/uploads\/sites\/13\/2025\/04\/large_9178ffcd-c7a8-400e-8bfd-5d88e8d28084.jpg","contentUrl":"https:\/\/koningdrone.be\/wp-content\/uploads\/sites\/13\/2025\/04\/large_9178ffcd-c7a8-400e-8bfd-5d88e8d28084.jpg","width":1200,"height":800},{"@type":"BreadcrumbList","@id":"https:\/\/koningdrone.be\/product\/dji-inspire-2-180w-ac-power-adaptor-p16\/#breadcrumb","itemListElement":[{"@type":"ListItem","position":1,"name":"Home","item":"https:\/\/koningdrone.be\/"},{"@type":"ListItem","position":2,"name":"AVSS Parachute Recovery System for DJI Matrice 300\/350","item":"https:\/\/koningdrone.be\/product\/avss-parachute-recovery-system-for-dji-matrice-300-350\/"},{"@type":"ListItem","position":3,"name":"Alle opladers","item":"https:\/\/koningdrone.be\/categorie\/alle-opladers\/"},{"@type":"ListItem","position":4,"name":"Inspire 2\/Ronin 2 180 W Battery Charger"}]},{"@type":"WebSite","@id":"https:\/\/koningdrone.be\/#website","url":"https:\/\/koningdrone.be\/","name":"Koningdrone.be - Votre sp\u00e9cialiste en ligne en mati\u00e8re de drones, de cardans, de cam\u00e9ras et de centrales \u00e9lectriques.","description":"La boutique en ligne de drones et de cardans","publisher":{"@id":"https:\/\/koningdrone.be\/#organization"},"potentialAction":[{"@type":"SearchAction","target":{"@type":"EntryPoint","urlTemplate":"https:\/\/koningdrone.be\/?s={search_term_string}"},"query-input":{"@type":"PropertyValueSpecification","valueRequired":true,"valueName":"search_term_string"}}],"inLanguage":"fr-BE"},{"@type":"Organization","@id":"https:\/\/koningdrone.be\/#organization","name":"Kingdrone.co.uk","url":"https:\/\/koningdrone.be\/","logo":{"@type":"ImageObject","inLanguage":"fr-BE","@id":"https:\/\/koningdrone.be\/#\/schema\/logo\/image\/","url":"https:\/\/koningdrone.be\/wp-content\/uploads\/sites\/13\/2025\/04\/koningdrone-copyright-logo.svg","contentUrl":"https:\/\/koningdrone.be\/wp-content\/uploads\/sites\/13\/2025\/04\/koningdrone-copyright-logo.svg","width":227,"height":38,"caption":"Koningdrone.be"},"image":{"@id":"https:\/\/koningdrone.be\/#\/schema\/logo\/image\/"}}]}},"df_price":"","df_sale_price":"","df_regular_price":"","df_image_link":"https:\/\/koningdrone.be\/wp-content\/uploads\/sites\/13\/2025\/04\/large_9178ffcd-c7a8-400e-8bfd-5d88e8d28084-300x200.jpg","_links":{"self":[{"href":"https:\/\/koningdrone.be\/fr\/wp-json\/wp\/v2\/product\/4687","targetHints":{"allow":["GET"]}}],"collection":[{"href":"https:\/\/koningdrone.be\/fr\/wp-json\/wp\/v2\/product"}],"about":[{"href":"https:\/\/koningdrone.be\/fr\/wp-json\/wp\/v2\/types\/product"}],"wp:featuredmedia":[{"embeddable":true,"href":"https:\/\/koningdrone.be\/fr\/wp-json\/wp\/v2\/media\/4682"}],"wp:attachment":[{"href":"https:\/\/koningdrone.be\/fr\/wp-json\/wp\/v2\/media?parent=4687"}],"wp:term":[{"taxonomy":"product_brand","embeddable":true,"href":"https:\/\/koningdrone.be\/fr\/wp-json\/wp\/v2\/product_brand?post=4687"},{"taxonomy":"product_cat","embeddable":true,"href":"https:\/\/koningdrone.be\/fr\/wp-json\/wp\/v2\/product_cat?post=4687"},{"taxonomy":"product_tag","embeddable":true,"href":"https:\/\/koningdrone.be\/fr\/wp-json\/wp\/v2\/product_tag?post=4687"}],"curies":[{"name":"wp","href":"https:\/\/api.w.org\/{rel}","templated":true}]}}