{"id":4680,"date":"2023-06-14T08:55:11","date_gmt":"2023-06-14T06:55:11","guid":{"rendered":"https:\/\/koningdrone.nl\/kon\/product\/dji-matrice-m350-rtk\/"},"modified":"2026-05-17T15:10:37","modified_gmt":"2026-05-17T13:10:37","slug":"dji-matrice-m350-rtk","status":"publish","type":"product","link":"https:\/\/koningdrone.be\/fr\/produit\/dji-matrice-m350-rtk\/","title":{"rendered":"DJI Matrice M350 RTK"},"content":{"rendered":"<p><strong>DJI Matrice M350 RTK<\/strong><br \/>\nFaites l'exp\u00e9rience de la technologie des drones de nouvelle g\u00e9n\u00e9ration avec le DJI Matrice M350 RTK et \u00e9tablissez de nouvelles normes industrielles gr\u00e2ce \u00e0 ses caract\u00e9ristiques avanc\u00e9es. Cette plateforme de drone robuste comprend un syst\u00e8me de transmission vid\u00e9o am\u00e9lior\u00e9, de nouvelles options de contr\u00f4le, un syst\u00e8me de batterie efficace, des fonctions de s\u00e9curit\u00e9 am\u00e9lior\u00e9es et des capacit\u00e9s de charge et d'extension \u00e9tendues. Id\u00e9al pour diverses missions a\u00e9riennes :<\/p>\n<ul>\n<li>Temps de vol maximum de 55 minutes<\/li>\n<li>Degr\u00e9 de protection IP55<\/li>\n<li>Transmission DJI O3 Enterprise<\/li>\n<li>T\u00e9l\u00e9commande DJI RC Plus<\/li>\n<li>400 cycles de batterie<\/li>\n<li>Capteurs et positionnement dans 6 directions<\/li>\n<li>Cam\u00e9ra FPV avec vision nocturne<\/li>\n<li>Prise en charge de plusieurs charges utiles<\/li>\n<\/ul>\n<p><strong>Des performances de vol puissantes et sans effort<\/strong><br \/>\nLe Matrice 350 RTK est de construction robuste, dot\u00e9 d'un moteur puissant, d'un indice de protection \u00e9lev\u00e9 et d'excellentes caract\u00e9ristiques de vol qui lui permettent de relever sans effort toute une s\u00e9rie de d\u00e9fis. Ses principales caract\u00e9ristiques sont les suivantes :<\/p>\n<ul>\n<li>Dur\u00e9e maximale de vol : 55 minutes.<\/li>\n<li>Indice de protection : IP55<\/li>\n<li>Charge utile maximale : 2,7 kg<\/li>\n<li>R\u00e9sistance maximale au vent : 12 m\/s<\/li>\n<li>Temp\u00e9rature de fonctionnement : -20\u2103 \u00e0 50\u2103<\/li>\n<li>Altitude maximale de vol : 7 000 m<\/li>\n<\/ul>\n<p>&nbsp;<\/p>","protected":false},"excerpt":{"rendered":"<ul>\n<li>55 minutes de temps de vol maximum<\/li>\n<li>Transmission DJI O3 Enterprise<\/li>\n<li>T\u00e9l\u00e9commande DJI RC Plus<\/li>\n<li>Degr\u00e9 de protection IP55<\/li>\n<li>Capteurs et positionnement dans 6 directions<\/li>\n<li>Cam\u00e9ra FPV \u00e0 vision nocturne<\/li>\n<li>Temp\u00e9rature de fonctionnement : -20\u00b0C \u00e0 +50\u00b0C<\/li>\n<li>Syst\u00e8me de batterie avec \u00e9change \u00e0 chaud<\/li>\n<li>Syst\u00e8me d'\u00e9tat et de gestion des drones<\/li>\n<\/ul>","protected":false},"featured_media":4675,"template":"","meta":{"_acf_changed":false},"product_brand":[],"product_cat":[135,97,152,153,99,100,115,101,102],"product_tag":[],"class_list":{"0":"post-4680","1":"product","2":"type-product","3":"status-publish","4":"has-post-thumbnail","6":"product_cat-alle-drones","7":"product_cat-alle-producten","8":"product_cat-dji-matrice-300","9":"product_cat-dji-matrice-350","10":"product_cat-drones-met-certificaat","11":"product_cat-enterprise-drones","12":"product_cat-inspecties-met-drones","13":"product_cat-professionele-dji-drone","14":"product_cat-search-and-rescue-drones","15":"product_shipping_class-outofstock","16":"pa_brand-dji","17":"pa_dronegrade-enterprise","18":"pa_productfamily-drone","19":"pa_producttype-drone","20":"pa_series-matrice-350","22":"first","23":"onbackorder","24":"taxable","25":"shipping-taxable","26":"purchasable","27":"product-type-simple"},"acf":[],"yoast_head":"<!-- This site is optimized with the Yoast SEO Premium plugin v27.2 (Yoast SEO v27.2) - https:\/\/yoast.com\/product\/yoast-seo-premium-wordpress\/ -->\n<title>DJI Matrice M350 RTK - koningdrone.be<\/title>\n<meta name=\"robots\" content=\"index, follow, max-snippet:-1, max-image-preview:large, max-video-preview:-1\" \/>\n<link rel=\"canonical\" href=\"https:\/\/koningdrone.be\/fr\/produit\/dji-matrice-m350-rtk\/\" \/>\n<meta property=\"og:locale\" content=\"fr_FR\" \/>\n<meta property=\"og:type\" content=\"article\" \/>\n<meta property=\"og:title\" content=\"DJI Matrice M350 RTK\" \/>\n<meta property=\"og:description\" content=\"55 minuten maximale vliegtijd  DJI O3 Enterprise-transmissie  DJI RC Plus-afstandsbediening  Beschermingsgraad IP55  Sensoren &amp; positionering in 6 richtingen  Nachtzicht FPV-camera  Bedrijfstemperatuur: -20\u00b0C tot +50\u00b0C  Batterijsysteem met hot-swap  UAV status en beheersysteem\" \/>\n<meta property=\"og:url\" content=\"https:\/\/koningdrone.be\/fr\/produit\/dji-matrice-m350-rtk\/\" \/>\n<meta property=\"og:site_name\" content=\"koningdrone.be\" \/>\n<meta property=\"article:modified_time\" content=\"2026-05-17T13:10:37+00:00\" \/>\n<meta property=\"og:image\" content=\"https:\/\/koningdrone.be\/wp-content\/uploads\/sites\/13\/2025\/04\/6941565961389-2.jpg\" \/>\n\t<meta property=\"og:image:width\" content=\"1000\" \/>\n\t<meta property=\"og:image:height\" content=\"720\" \/>\n\t<meta property=\"og:image:type\" content=\"image\/jpeg\" \/>\n<meta name=\"twitter:card\" content=\"summary_large_image\" \/>\n<meta name=\"twitter:label1\" content=\"Dur\u00e9e de lecture est.\" \/>\n\t<meta name=\"twitter:data1\" content=\"1 minute\" \/>\n<script type=\"application\/ld+json\" class=\"yoast-schema-graph\">{\"@context\":\"https:\/\/schema.org\",\"@graph\":[{\"@type\":\"WebPage\",\"@id\":\"https:\/\/koningdrone.be\/product\/dji-matrice-m350-rtk\/\",\"url\":\"https:\/\/koningdrone.be\/product\/dji-matrice-m350-rtk\/\",\"name\":\"DJI Matrice M350 RTK - koningdrone.be\",\"isPartOf\":{\"@id\":\"https:\/\/koningdrone.be\/#website\"},\"primaryImageOfPage\":{\"@id\":\"https:\/\/koningdrone.be\/product\/dji-matrice-m350-rtk\/#primaryimage\"},\"image\":{\"@id\":\"https:\/\/koningdrone.be\/product\/dji-matrice-m350-rtk\/#primaryimage\"},\"thumbnailUrl\":\"https:\/\/koningdrone.be\/wp-content\/uploads\/sites\/13\/2025\/04\/6941565961389-2.jpg\",\"datePublished\":\"2023-06-14T06:55:11+00:00\",\"dateModified\":\"2026-05-17T13:10:37+00:00\",\"breadcrumb\":{\"@id\":\"https:\/\/koningdrone.be\/product\/dji-matrice-m350-rtk\/#breadcrumb\"},\"inLanguage\":\"fr-BE\",\"potentialAction\":[{\"@type\":\"ReadAction\",\"target\":[\"https:\/\/koningdrone.be\/product\/dji-matrice-m350-rtk\/\"]}]},{\"@type\":\"ImageObject\",\"inLanguage\":\"fr-BE\",\"@id\":\"https:\/\/koningdrone.be\/product\/dji-matrice-m350-rtk\/#primaryimage\",\"url\":\"https:\/\/koningdrone.be\/wp-content\/uploads\/sites\/13\/2025\/04\/6941565961389-2.jpg\",\"contentUrl\":\"https:\/\/koningdrone.be\/wp-content\/uploads\/sites\/13\/2025\/04\/6941565961389-2.jpg\",\"width\":1000,\"height\":720},{\"@type\":\"BreadcrumbList\",\"@id\":\"https:\/\/koningdrone.be\/product\/dji-matrice-m350-rtk\/#breadcrumb\",\"itemListElement\":[{\"@type\":\"ListItem\",\"position\":1,\"name\":\"Home\",\"item\":\"https:\/\/koningdrone.be\/\"},{\"@type\":\"ListItem\",\"position\":2,\"name\":\"AVSS Parachute Recovery System for DJI Matrice 300\/350\",\"item\":\"https:\/\/koningdrone.be\/product\/avss-parachute-recovery-system-for-dji-matrice-300-350\/\"},{\"@type\":\"ListItem\",\"position\":3,\"name\":\"Alle drones\",\"item\":\"https:\/\/koningdrone.be\/categorie\/alle-drones\/\"},{\"@type\":\"ListItem\",\"position\":4,\"name\":\"DJI Matrice M350 RTK\"}]},{\"@type\":\"WebSite\",\"@id\":\"https:\/\/koningdrone.be\/#website\",\"url\":\"https:\/\/koningdrone.be\/\",\"name\":\"Koningdrone.be - Uw online specialist in drones, gimbals, camera's en power stations.\",\"description\":\"De webshop in drones en gimbals\",\"publisher\":{\"@id\":\"https:\/\/koningdrone.be\/#organization\"},\"potentialAction\":[{\"@type\":\"SearchAction\",\"target\":{\"@type\":\"EntryPoint\",\"urlTemplate\":\"https:\/\/koningdrone.be\/?s={search_term_string}\"},\"query-input\":{\"@type\":\"PropertyValueSpecification\",\"valueRequired\":true,\"valueName\":\"search_term_string\"}}],\"inLanguage\":\"fr-BE\"},{\"@type\":\"Organization\",\"@id\":\"https:\/\/koningdrone.be\/#organization\",\"name\":\"Koningdrone.be\",\"url\":\"https:\/\/koningdrone.be\/\",\"logo\":{\"@type\":\"ImageObject\",\"inLanguage\":\"fr-BE\",\"@id\":\"https:\/\/koningdrone.be\/#\/schema\/logo\/image\/\",\"url\":\"https:\/\/koningdrone.be\/wp-content\/uploads\/sites\/13\/2025\/04\/koningdrone-copyright-logo.svg\",\"contentUrl\":\"https:\/\/koningdrone.be\/wp-content\/uploads\/sites\/13\/2025\/04\/koningdrone-copyright-logo.svg\",\"width\":227,\"height\":38,\"caption\":\"Koningdrone.be\"},\"image\":{\"@id\":\"https:\/\/koningdrone.be\/#\/schema\/logo\/image\/\"}}]}<\/script>\n<!-- \/ Yoast SEO Premium plugin. -->","yoast_head_json":{"title":"DJI Matrice M350 RTK - koningdrone.be","robots":{"index":"index","follow":"follow","max-snippet":"max-snippet:-1","max-image-preview":"max-image-preview:large","max-video-preview":"max-video-preview:-1"},"canonical":"https:\/\/koningdrone.be\/fr\/produit\/dji-matrice-m350-rtk\/","og_locale":"fr_FR","og_type":"article","og_title":"DJI Matrice M350 RTK","og_description":"55 minuten maximale vliegtijd  DJI O3 Enterprise-transmissie  DJI RC Plus-afstandsbediening  Beschermingsgraad IP55  Sensoren &amp; positionering in 6 richtingen  Nachtzicht FPV-camera  Bedrijfstemperatuur: -20\u00b0C tot +50\u00b0C  Batterijsysteem met hot-swap  UAV status en beheersysteem","og_url":"https:\/\/koningdrone.be\/fr\/produit\/dji-matrice-m350-rtk\/","og_site_name":"koningdrone.be","article_modified_time":"2026-05-17T13:10:37+00:00","og_image":[{"width":1000,"height":720,"url":"https:\/\/koningdrone.be\/wp-content\/uploads\/sites\/13\/2025\/04\/6941565961389-2.jpg","type":"image\/jpeg"}],"twitter_card":"summary_large_image","twitter_misc":{"Dur\u00e9e de lecture est.":"1 minute"},"schema":{"@context":"https:\/\/schema.org","@graph":[{"@type":"WebPage","@id":"https:\/\/koningdrone.be\/product\/dji-matrice-m350-rtk\/","url":"https:\/\/koningdrone.be\/product\/dji-matrice-m350-rtk\/","name":"DJI Matrice M350 RTK - koningdrone.be","isPartOf":{"@id":"https:\/\/koningdrone.be\/#website"},"primaryImageOfPage":{"@id":"https:\/\/koningdrone.be\/product\/dji-matrice-m350-rtk\/#primaryimage"},"image":{"@id":"https:\/\/koningdrone.be\/product\/dji-matrice-m350-rtk\/#primaryimage"},"thumbnailUrl":"https:\/\/koningdrone.be\/wp-content\/uploads\/sites\/13\/2025\/04\/6941565961389-2.jpg","datePublished":"2023-06-14T06:55:11+00:00","dateModified":"2026-05-17T13:10:37+00:00","breadcrumb":{"@id":"https:\/\/koningdrone.be\/product\/dji-matrice-m350-rtk\/#breadcrumb"},"inLanguage":"fr-BE","potentialAction":[{"@type":"ReadAction","target":["https:\/\/koningdrone.be\/product\/dji-matrice-m350-rtk\/"]}]},{"@type":"ImageObject","inLanguage":"fr-BE","@id":"https:\/\/koningdrone.be\/product\/dji-matrice-m350-rtk\/#primaryimage","url":"https:\/\/koningdrone.be\/wp-content\/uploads\/sites\/13\/2025\/04\/6941565961389-2.jpg","contentUrl":"https:\/\/koningdrone.be\/wp-content\/uploads\/sites\/13\/2025\/04\/6941565961389-2.jpg","width":1000,"height":720},{"@type":"BreadcrumbList","@id":"https:\/\/koningdrone.be\/product\/dji-matrice-m350-rtk\/#breadcrumb","itemListElement":[{"@type":"ListItem","position":1,"name":"Home","item":"https:\/\/koningdrone.be\/"},{"@type":"ListItem","position":2,"name":"AVSS Parachute Recovery System for DJI Matrice 300\/350","item":"https:\/\/koningdrone.be\/product\/avss-parachute-recovery-system-for-dji-matrice-300-350\/"},{"@type":"ListItem","position":3,"name":"Alle drones","item":"https:\/\/koningdrone.be\/categorie\/alle-drones\/"},{"@type":"ListItem","position":4,"name":"DJI Matrice M350 RTK"}]},{"@type":"WebSite","@id":"https:\/\/koningdrone.be\/#website","url":"https:\/\/koningdrone.be\/","name":"Koningdrone.be - Votre sp\u00e9cialiste en ligne en mati\u00e8re de drones, de cardans, de cam\u00e9ras et de centrales \u00e9lectriques.","description":"La boutique en ligne de drones et de cardans","publisher":{"@id":"https:\/\/koningdrone.be\/#organization"},"potentialAction":[{"@type":"SearchAction","target":{"@type":"EntryPoint","urlTemplate":"https:\/\/koningdrone.be\/?s={search_term_string}"},"query-input":{"@type":"PropertyValueSpecification","valueRequired":true,"valueName":"search_term_string"}}],"inLanguage":"fr-BE"},{"@type":"Organization","@id":"https:\/\/koningdrone.be\/#organization","name":"Kingdrone.co.uk","url":"https:\/\/koningdrone.be\/","logo":{"@type":"ImageObject","inLanguage":"fr-BE","@id":"https:\/\/koningdrone.be\/#\/schema\/logo\/image\/","url":"https:\/\/koningdrone.be\/wp-content\/uploads\/sites\/13\/2025\/04\/koningdrone-copyright-logo.svg","contentUrl":"https:\/\/koningdrone.be\/wp-content\/uploads\/sites\/13\/2025\/04\/koningdrone-copyright-logo.svg","width":227,"height":38,"caption":"Koningdrone.be"},"image":{"@id":"https:\/\/koningdrone.be\/#\/schema\/logo\/image\/"}}]}},"df_price":9644,"df_sale_price":"","df_regular_price":9644,"df_image_link":"https:\/\/koningdrone.be\/wp-content\/uploads\/sites\/13\/2025\/04\/6941565961389-2-300x216.jpg","_links":{"self":[{"href":"https:\/\/koningdrone.be\/fr\/wp-json\/wp\/v2\/product\/4680","targetHints":{"allow":["GET"]}}],"collection":[{"href":"https:\/\/koningdrone.be\/fr\/wp-json\/wp\/v2\/product"}],"about":[{"href":"https:\/\/koningdrone.be\/fr\/wp-json\/wp\/v2\/types\/product"}],"wp:featuredmedia":[{"embeddable":true,"href":"https:\/\/koningdrone.be\/fr\/wp-json\/wp\/v2\/media\/4675"}],"wp:attachment":[{"href":"https:\/\/koningdrone.be\/fr\/wp-json\/wp\/v2\/media?parent=4680"}],"wp:term":[{"taxonomy":"product_brand","embeddable":true,"href":"https:\/\/koningdrone.be\/fr\/wp-json\/wp\/v2\/product_brand?post=4680"},{"taxonomy":"product_cat","embeddable":true,"href":"https:\/\/koningdrone.be\/fr\/wp-json\/wp\/v2\/product_cat?post=4680"},{"taxonomy":"product_tag","embeddable":true,"href":"https:\/\/koningdrone.be\/fr\/wp-json\/wp\/v2\/product_tag?post=4680"}],"curies":[{"name":"wp","href":"https:\/\/api.w.org\/{rel}","templated":true}]}}