{"id":4664,"date":"2023-06-14T08:55:11","date_gmt":"2023-06-14T06:55:11","guid":{"rendered":"https:\/\/koningdrone.nl\/kon\/product\/dji-matrice-350-bs65-charging-station\/"},"modified":"2026-04-29T03:50:18","modified_gmt":"2026-04-29T01:50:18","slug":"dji-matrice-350-bs65-charging-station","status":"publish","type":"product","link":"https:\/\/koningdrone.be\/fr\/produit\/dji-matrice-350-bs65-charging-station\/","title":{"rendered":"DJI Matrice 350 - Station de charge BS65"},"content":{"rendered":"<h1>DJI Matrice 350 - Station de charge BS65<\/h1>\n<p>La station de charge de batterie est une solution compl\u00e8te pour la charge, le stockage et le transport des batteries. Le nouveau mode \u00e9conomique et le mode pr\u00eat pour le vol augmentent l'efficacit\u00e9 de la charge et prolongent la dur\u00e9e de vie de la batterie. Les nouvelles roues \u00e0 360\u00b0 facilitent le transport et le d\u00e9placement. La station de charge de batterie offre huit ports de batterie TB65, quatre ports de batterie WB37, un port de service USB-C, un port de charge USB-C et un port de charge USB-A. Elle peut charger jusqu'\u00e0 deux batteries TB65, deux batteries WB37 et deux batteries WB37. Elle peut charger simultan\u00e9ment jusqu'\u00e0 deux batteries TB65 et une batterie WB37.<\/p>\n<p><strong> Modes de charge multiples <\/strong><br \/>\nLe mode stockage charge jusqu'\u00e0 50%, ce qui est optimal pour le stockage \u00e0 long terme. En mode pr\u00eat \u00e0 voler, plusieurs blocs-batteries se chargent rapidement \u00e0 90% pour des op\u00e9rations pr\u00eates \u00e0 l'emploi tout en prolongeant la dur\u00e9e de vie de la batterie.<\/p>\n<p><strong> Gestion intelligente <\/strong><br \/>\nLorsque la station de charge de la batterie est connect\u00e9e au DJI RC Plus, l'application DJI Pilot 2 affiche le niveau de la batterie et l'\u00e9tat de fonctionnement. De plus, vous pouvez d\u00e9finir le nombre de jours d'autod\u00e9charge, mettre \u00e0 jour le micrologiciel, exporter les journaux et acc\u00e9der \u00e0 d'autres \u00e9tapes de fonctionnement rapide d'un simple toucher.<\/p>\n<p><strong> Se d\u00e9placer sans effort <\/strong><br \/>\nLa station de charge de la batterie est \u00e9quip\u00e9e de roues \u00e0 360\u00b0 pour un transport et un changement de position plus confortables.<\/p>\n<p><strong>Conseils<\/strong><br \/>\n1. Ne pas fermer le couvercle de protection de la station de charge de la batterie pendant la charge.<\/p>\n<p>2. N'essayez PAS de toucher les connecteurs m\u00e9talliques des bornes de la batterie.<\/p>","protected":false},"excerpt":{"rendered":"<ul>\n<li>Dimensions : 580 \u00d7 358 \u00d7 254 mm (L\u00d7L\u00d7H)<\/li>\n<li>Poids net : Environ 9,03 kg<\/li>\n<li>Puissance de sortie : 100 \u00e0 120 V (AC), 750 W ; 220 \u00e0 240 V (AC), 992 W<\/li>\n<li>Port de charge USB-C : Puissance de sortie maximale de 65 W<\/li>\n<li>Temp\u00e9rature de fonctionnement : -20 \u00e0 +40 \u00b0C<\/li>\n<li>Compatibilit\u00e9 : Matrice 350 RTK<\/li>\n<\/ul>","protected":false},"featured_media":4660,"template":"","meta":{"_acf_changed":false},"product_brand":[],"product_cat":[111,97,426,153,624],"product_tag":[],"class_list":{"0":"post-4664","1":"product","2":"type-product","3":"status-publish","4":"has-post-thumbnail","6":"product_cat-alle-opladers","7":"product_cat-alle-producten","8":"product_cat-dji-matrice","9":"product_cat-dji-matrice-350","10":"product_cat-enterprise-accessoires","11":"product_shipping_class-uavspacesshowall","12":"pa_brand-dji","13":"pa_productfamily-laadkoffer","14":"pa_producttype-laadkoffer","15":"pa_series-matrice-350","17":"first","18":"instock","19":"taxable","20":"shipping-taxable","21":"purchasable","22":"product-type-simple"},"acf":[],"yoast_head":"<!-- This site is optimized with the Yoast SEO Premium plugin v27.2 (Yoast SEO v27.2) - https:\/\/yoast.com\/product\/yoast-seo-premium-wordpress\/ -->\n<title>DJI Matrice 350 - BS65 charging station - koningdrone.be<\/title>\n<meta name=\"robots\" content=\"index, follow, max-snippet:-1, max-image-preview:large, max-video-preview:-1\" \/>\n<link rel=\"canonical\" href=\"https:\/\/koningdrone.be\/fr\/produit\/dji-matrice-350-bs65-charging-station\/\" \/>\n<meta property=\"og:locale\" content=\"fr_FR\" \/>\n<meta property=\"og:type\" content=\"article\" \/>\n<meta property=\"og:title\" content=\"DJI Matrice 350 - BS65 charging station\" \/>\n<meta property=\"og:description\" content=\"Afmetingen: 580 \u00d7 358 \u00d7 254 mm (L\u00d7B\u00d7H)  Netto gewicht: Ca. 9,03 kg  Uitgangsvermogen: 100 tot 120 V (AC), 750 W; 220 tot 240 V (wisselstroom), 992 W  USB-C oplaadpoort: Max. uitgangsvermogen van 65 W  Bedrijfstemperatuur: -20 tot +40 \u00b0C  Compatibiliteit: Matrice 350 RTK\" \/>\n<meta property=\"og:url\" content=\"https:\/\/koningdrone.be\/fr\/produit\/dji-matrice-350-bs65-charging-station\/\" \/>\n<meta property=\"og:site_name\" content=\"koningdrone.be\" \/>\n<meta property=\"article:modified_time\" content=\"2026-04-29T01:50:18+00:00\" \/>\n<meta property=\"og:image\" content=\"https:\/\/koningdrone.be\/wp-content\/uploads\/sites\/13\/2025\/04\/6941565960498-1.jpg\" \/>\n\t<meta property=\"og:image:width\" content=\"1200\" \/>\n\t<meta property=\"og:image:height\" content=\"1200\" \/>\n\t<meta property=\"og:image:type\" content=\"image\/jpeg\" \/>\n<meta name=\"twitter:card\" content=\"summary_large_image\" \/>\n<meta name=\"twitter:label1\" content=\"Dur\u00e9e de lecture est.\" \/>\n\t<meta name=\"twitter:data1\" content=\"1 minute\" \/>\n<script type=\"application\/ld+json\" class=\"yoast-schema-graph\">{\"@context\":\"https:\/\/schema.org\",\"@graph\":[{\"@type\":\"WebPage\",\"@id\":\"https:\/\/koningdrone.be\/product\/dji-matrice-350-bs65-charging-station\/\",\"url\":\"https:\/\/koningdrone.be\/product\/dji-matrice-350-bs65-charging-station\/\",\"name\":\"DJI Matrice 350 - BS65 charging station - koningdrone.be\",\"isPartOf\":{\"@id\":\"https:\/\/koningdrone.be\/#website\"},\"primaryImageOfPage\":{\"@id\":\"https:\/\/koningdrone.be\/product\/dji-matrice-350-bs65-charging-station\/#primaryimage\"},\"image\":{\"@id\":\"https:\/\/koningdrone.be\/product\/dji-matrice-350-bs65-charging-station\/#primaryimage\"},\"thumbnailUrl\":\"https:\/\/koningdrone.be\/wp-content\/uploads\/sites\/13\/2025\/04\/6941565960498-1.jpg\",\"datePublished\":\"2023-06-14T06:55:11+00:00\",\"dateModified\":\"2026-04-29T01:50:18+00:00\",\"breadcrumb\":{\"@id\":\"https:\/\/koningdrone.be\/product\/dji-matrice-350-bs65-charging-station\/#breadcrumb\"},\"inLanguage\":\"fr-BE\",\"potentialAction\":[{\"@type\":\"ReadAction\",\"target\":[\"https:\/\/koningdrone.be\/product\/dji-matrice-350-bs65-charging-station\/\"]}]},{\"@type\":\"ImageObject\",\"inLanguage\":\"fr-BE\",\"@id\":\"https:\/\/koningdrone.be\/product\/dji-matrice-350-bs65-charging-station\/#primaryimage\",\"url\":\"https:\/\/koningdrone.be\/wp-content\/uploads\/sites\/13\/2025\/04\/6941565960498-1.jpg\",\"contentUrl\":\"https:\/\/koningdrone.be\/wp-content\/uploads\/sites\/13\/2025\/04\/6941565960498-1.jpg\",\"width\":1200,\"height\":1200},{\"@type\":\"BreadcrumbList\",\"@id\":\"https:\/\/koningdrone.be\/product\/dji-matrice-350-bs65-charging-station\/#breadcrumb\",\"itemListElement\":[{\"@type\":\"ListItem\",\"position\":1,\"name\":\"Home\",\"item\":\"https:\/\/koningdrone.be\/\"},{\"@type\":\"ListItem\",\"position\":2,\"name\":\"AVSS Parachute Recovery System for DJI Matrice 300\/350\",\"item\":\"https:\/\/koningdrone.be\/product\/avss-parachute-recovery-system-for-dji-matrice-300-350\/\"},{\"@type\":\"ListItem\",\"position\":3,\"name\":\"Alle opladers\",\"item\":\"https:\/\/koningdrone.be\/categorie\/alle-opladers\/\"},{\"@type\":\"ListItem\",\"position\":4,\"name\":\"DJI Matrice 350 &#8211; BS65 charging station\"}]},{\"@type\":\"WebSite\",\"@id\":\"https:\/\/koningdrone.be\/#website\",\"url\":\"https:\/\/koningdrone.be\/\",\"name\":\"Koningdrone.be - Uw online specialist in drones, gimbals, camera's en power stations.\",\"description\":\"De webshop in drones en gimbals\",\"publisher\":{\"@id\":\"https:\/\/koningdrone.be\/#organization\"},\"potentialAction\":[{\"@type\":\"SearchAction\",\"target\":{\"@type\":\"EntryPoint\",\"urlTemplate\":\"https:\/\/koningdrone.be\/?s={search_term_string}\"},\"query-input\":{\"@type\":\"PropertyValueSpecification\",\"valueRequired\":true,\"valueName\":\"search_term_string\"}}],\"inLanguage\":\"fr-BE\"},{\"@type\":\"Organization\",\"@id\":\"https:\/\/koningdrone.be\/#organization\",\"name\":\"Koningdrone.be\",\"url\":\"https:\/\/koningdrone.be\/\",\"logo\":{\"@type\":\"ImageObject\",\"inLanguage\":\"fr-BE\",\"@id\":\"https:\/\/koningdrone.be\/#\/schema\/logo\/image\/\",\"url\":\"https:\/\/koningdrone.be\/wp-content\/uploads\/sites\/13\/2025\/04\/koningdrone-copyright-logo.svg\",\"contentUrl\":\"https:\/\/koningdrone.be\/wp-content\/uploads\/sites\/13\/2025\/04\/koningdrone-copyright-logo.svg\",\"width\":227,\"height\":38,\"caption\":\"Koningdrone.be\"},\"image\":{\"@id\":\"https:\/\/koningdrone.be\/#\/schema\/logo\/image\/\"}}]}<\/script>\n<!-- \/ Yoast SEO Premium plugin. -->","yoast_head_json":{"title":"DJI Matrice 350 - BS65 charging station - koningdrone.be","robots":{"index":"index","follow":"follow","max-snippet":"max-snippet:-1","max-image-preview":"max-image-preview:large","max-video-preview":"max-video-preview:-1"},"canonical":"https:\/\/koningdrone.be\/fr\/produit\/dji-matrice-350-bs65-charging-station\/","og_locale":"fr_FR","og_type":"article","og_title":"DJI Matrice 350 - BS65 charging station","og_description":"Afmetingen: 580 \u00d7 358 \u00d7 254 mm (L\u00d7B\u00d7H)  Netto gewicht: Ca. 9,03 kg  Uitgangsvermogen: 100 tot 120 V (AC), 750 W; 220 tot 240 V (wisselstroom), 992 W  USB-C oplaadpoort: Max. uitgangsvermogen van 65 W  Bedrijfstemperatuur: -20 tot +40 \u00b0C  Compatibiliteit: Matrice 350 RTK","og_url":"https:\/\/koningdrone.be\/fr\/produit\/dji-matrice-350-bs65-charging-station\/","og_site_name":"koningdrone.be","article_modified_time":"2026-04-29T01:50:18+00:00","og_image":[{"width":1200,"height":1200,"url":"https:\/\/koningdrone.be\/wp-content\/uploads\/sites\/13\/2025\/04\/6941565960498-1.jpg","type":"image\/jpeg"}],"twitter_card":"summary_large_image","twitter_misc":{"Dur\u00e9e de lecture est.":"1 minute"},"schema":{"@context":"https:\/\/schema.org","@graph":[{"@type":"WebPage","@id":"https:\/\/koningdrone.be\/product\/dji-matrice-350-bs65-charging-station\/","url":"https:\/\/koningdrone.be\/product\/dji-matrice-350-bs65-charging-station\/","name":"DJI Matrice 350 - BS65 charging station - koningdrone.be","isPartOf":{"@id":"https:\/\/koningdrone.be\/#website"},"primaryImageOfPage":{"@id":"https:\/\/koningdrone.be\/product\/dji-matrice-350-bs65-charging-station\/#primaryimage"},"image":{"@id":"https:\/\/koningdrone.be\/product\/dji-matrice-350-bs65-charging-station\/#primaryimage"},"thumbnailUrl":"https:\/\/koningdrone.be\/wp-content\/uploads\/sites\/13\/2025\/04\/6941565960498-1.jpg","datePublished":"2023-06-14T06:55:11+00:00","dateModified":"2026-04-29T01:50:18+00:00","breadcrumb":{"@id":"https:\/\/koningdrone.be\/product\/dji-matrice-350-bs65-charging-station\/#breadcrumb"},"inLanguage":"fr-BE","potentialAction":[{"@type":"ReadAction","target":["https:\/\/koningdrone.be\/product\/dji-matrice-350-bs65-charging-station\/"]}]},{"@type":"ImageObject","inLanguage":"fr-BE","@id":"https:\/\/koningdrone.be\/product\/dji-matrice-350-bs65-charging-station\/#primaryimage","url":"https:\/\/koningdrone.be\/wp-content\/uploads\/sites\/13\/2025\/04\/6941565960498-1.jpg","contentUrl":"https:\/\/koningdrone.be\/wp-content\/uploads\/sites\/13\/2025\/04\/6941565960498-1.jpg","width":1200,"height":1200},{"@type":"BreadcrumbList","@id":"https:\/\/koningdrone.be\/product\/dji-matrice-350-bs65-charging-station\/#breadcrumb","itemListElement":[{"@type":"ListItem","position":1,"name":"Home","item":"https:\/\/koningdrone.be\/"},{"@type":"ListItem","position":2,"name":"AVSS Parachute Recovery System for DJI Matrice 300\/350","item":"https:\/\/koningdrone.be\/product\/avss-parachute-recovery-system-for-dji-matrice-300-350\/"},{"@type":"ListItem","position":3,"name":"Alle opladers","item":"https:\/\/koningdrone.be\/categorie\/alle-opladers\/"},{"@type":"ListItem","position":4,"name":"DJI Matrice 350 &#8211; BS65 charging station"}]},{"@type":"WebSite","@id":"https:\/\/koningdrone.be\/#website","url":"https:\/\/koningdrone.be\/","name":"Koningdrone.be - Votre sp\u00e9cialiste en ligne en mati\u00e8re de drones, de cardans, de cam\u00e9ras et de centrales \u00e9lectriques.","description":"La boutique en ligne de drones et de cardans","publisher":{"@id":"https:\/\/koningdrone.be\/#organization"},"potentialAction":[{"@type":"SearchAction","target":{"@type":"EntryPoint","urlTemplate":"https:\/\/koningdrone.be\/?s={search_term_string}"},"query-input":{"@type":"PropertyValueSpecification","valueRequired":true,"valueName":"search_term_string"}}],"inLanguage":"fr-BE"},{"@type":"Organization","@id":"https:\/\/koningdrone.be\/#organization","name":"Kingdrone.co.uk","url":"https:\/\/koningdrone.be\/","logo":{"@type":"ImageObject","inLanguage":"fr-BE","@id":"https:\/\/koningdrone.be\/#\/schema\/logo\/image\/","url":"https:\/\/koningdrone.be\/wp-content\/uploads\/sites\/13\/2025\/04\/koningdrone-copyright-logo.svg","contentUrl":"https:\/\/koningdrone.be\/wp-content\/uploads\/sites\/13\/2025\/04\/koningdrone-copyright-logo.svg","width":227,"height":38,"caption":"Koningdrone.be"},"image":{"@id":"https:\/\/koningdrone.be\/#\/schema\/logo\/image\/"}}]}},"df_price":1201,"df_sale_price":"","df_regular_price":1201,"df_image_link":"https:\/\/koningdrone.be\/wp-content\/uploads\/sites\/13\/2025\/04\/6941565960498-1-300x300.jpg","_links":{"self":[{"href":"https:\/\/koningdrone.be\/fr\/wp-json\/wp\/v2\/product\/4664","targetHints":{"allow":["GET"]}}],"collection":[{"href":"https:\/\/koningdrone.be\/fr\/wp-json\/wp\/v2\/product"}],"about":[{"href":"https:\/\/koningdrone.be\/fr\/wp-json\/wp\/v2\/types\/product"}],"wp:featuredmedia":[{"embeddable":true,"href":"https:\/\/koningdrone.be\/fr\/wp-json\/wp\/v2\/media\/4660"}],"wp:attachment":[{"href":"https:\/\/koningdrone.be\/fr\/wp-json\/wp\/v2\/media?parent=4664"}],"wp:term":[{"taxonomy":"product_brand","embeddable":true,"href":"https:\/\/koningdrone.be\/fr\/wp-json\/wp\/v2\/product_brand?post=4664"},{"taxonomy":"product_cat","embeddable":true,"href":"https:\/\/koningdrone.be\/fr\/wp-json\/wp\/v2\/product_cat?post=4664"},{"taxonomy":"product_tag","embeddable":true,"href":"https:\/\/koningdrone.be\/fr\/wp-json\/wp\/v2\/product_tag?post=4664"}],"curies":[{"name":"wp","href":"https:\/\/api.w.org\/{rel}","templated":true}]}}