{"id":4659,"date":"2023-07-05T13:44:55","date_gmt":"2023-07-05T11:44:55","guid":{"rendered":"https:\/\/koningdrone.nl\/kon\/product\/ecoflow-delta-pro-bundle-one-400w\/"},"modified":"2026-04-29T14:30:05","modified_gmt":"2026-04-29T12:30:05","slug":"ecoflow-delta-pro-bundle-one-400w","status":"publish","type":"product","link":"https:\/\/koningdrone.be\/fr\/produit\/ecoflow-delta-pro-bundle-one-400w\/","title":{"rendered":"Ecoflow DELTA Pro Bundle (un 400W)"},"content":{"rendered":"<p>La DELTA Pro Power Station est la toute derni\u00e8re solution d'alimentation portable qui vous fournit une alimentation fiable o\u00f9 que vous soyez. Avec une seule unit\u00e9 DELTA Pro, vous pouvez g\u00e9n\u00e9rer une puissance CA allant jusqu'\u00e0 3600 W, qui peut \u00eatre port\u00e9e \u00e0 4500 W avec X-Boost. Vous disposez ainsi d'une puissance CA suffisante pour les appareils les plus lourds.<\/p>\n<p><strong>Capacit\u00e9 et puissance<\/strong><\/p>\n<p>La capacit\u00e9 de 3,6 kWh du DELTA Pro peut \u00eatre port\u00e9e \u00e0 25 kWh. Cela vous permet d'alimenter presque tout, faisant de DELTA Pro un leader de l'industrie en mati\u00e8re de puissance CA.<\/p>\n<p><strong>Options de chargement<\/strong><\/p>\n<p>Le DELTA Pro est la solution d'alimentation portable la plus rapide au monde et peut \u00eatre recharg\u00e9 par l'une des 6 m\u00e9thodes. Il est m\u00eame le premier \u00e0 se charger \u00e0 partir d'une station EV et peut m\u00eame combiner plusieurs m\u00e9thodes de charge pour charger rapidement 6500 W.<\/p>\n<p><strong>Autonomie et gestion de la batterie<\/strong><\/p>\n<p>Avec une batterie LFP neuve de 6500 cycles, vous pouvez profiter du DELTA Pro pendant des ann\u00e9es avant qu'il n'atteigne 50% de sa capacit\u00e9 d'origine. Le syst\u00e8me de gestion de la batterie EcoFlow permet d'analyser et de contr\u00f4ler en temps r\u00e9el la tension, le courant et la temp\u00e9rature, ce qui fait de DELTA Pro une batterie domestique incroyablement s\u00fbre et efficace. Avec DELTA Pro, vous avez la garantie d'une s\u00e9curit\u00e9 et d'une ind\u00e9pendance \u00e9nerg\u00e9tiques o\u00f9 que vous soyez.<\/p>\n<p><\/p>","protected":false},"excerpt":{"rendered":"<ul>\n<li>Ce bundle combine cette centrale avec le panneau solaire 400w. Avec une puissance de 400 W, il s'agit de l'un des panneaux solaires pliables les plus puissants du march\u00e9. Pesant seulement 16 kg, sa conception l\u00e9g\u00e8re et sa bandouli\u00e8re int\u00e9gr\u00e9e en font un outil id\u00e9al pour les aventuriers en plein air.<\/li>\n<li>Autoportant La housse de protection se transforme facilement en un support qui peut \u00eatre ajust\u00e9 de 40 \u00e0 90\u00b0, permettant aux panneaux solaires de capter le maximum de rayons.<\/li>\n<li>Robuste et r\u00e9sistant aux intemp\u00e9ries Compos\u00e9 de couches d'EVA souple et de fibre de verre durable, il allie la polyvalence des panneaux solaires flexibles \u00e0 la solidit\u00e9 des panneaux solaires rigides. Chaque cellule de silicium monocristallin est recouverte d'un film ETFE qui la prot\u00e8ge de la salet\u00e9, de la poussi\u00e8re et de l'eau. Avec un indice d'\u00e9tanch\u00e9it\u00e9 IP68, le panneau solaire portable fonctionne dans toutes les conditions m\u00e9t\u00e9orologiques, ce qui le rend id\u00e9al pour le camping et l'utilisation sur les toits.<\/li>\n<li>Compatibilit\u00e9 \u00e9tendue Utilise le connecteur solaire universellement reconnu, ce qui le rend compatible avec toutes les centrales \u00e9lectriques portables de la s\u00e9rie EcoFlow DELTA et de nombreux autres g\u00e9n\u00e9rateurs tiers.<\/li>\n<li>Solaire intelligent Le panneau solaire EcoFlow 400W a un rendement de conversion de 22,4%.<\/li>\n<\/ul>","protected":false},"featured_media":4656,"template":"","meta":{"_acf_changed":false},"product_brand":[],"product_cat":[97,245,415],"product_tag":[],"class_list":{"0":"post-4659","1":"product","2":"type-product","3":"status-publish","4":"has-post-thumbnail","6":"product_cat-alle-producten","7":"product_cat-ecoflow","8":"product_cat-energy","9":"product_shipping_class-outofstock","10":"pa_brand-ecoflow","11":"pa_productfamily-generator","12":"pa_producttype-generator","13":"pa_series-delta-pro","15":"first","16":"outofstock","17":"taxable","18":"shipping-taxable","19":"product-type-simple"},"acf":[],"yoast_head":"<!-- This site is optimized with the Yoast SEO Premium plugin v27.2 (Yoast SEO v27.2) - https:\/\/yoast.com\/product\/yoast-seo-premium-wordpress\/ -->\n<title>Ecoflow DELTA Pro Bundle (one 400W) - koningdrone.be<\/title>\n<meta name=\"robots\" content=\"index, follow, max-snippet:-1, max-image-preview:large, max-video-preview:-1\" \/>\n<link rel=\"canonical\" href=\"https:\/\/koningdrone.be\/fr\/produit\/ecoflow-delta-pro-bundle-one-400w\/\" \/>\n<meta property=\"og:locale\" content=\"fr_FR\" \/>\n<meta property=\"og:type\" content=\"article\" \/>\n<meta property=\"og:title\" content=\"Ecoflow DELTA Pro Bundle (one 400W)\" \/>\n<meta property=\"og:description\" content=\"Deze bundel combineert deze energiecentrale met het 400w zonnepaneel. Met een input van 400W is dit een van de krachtigste opvouwbare zonnepanelen op de markt. Met een gewicht van slechts 16 kg, het lichtgewicht ontwerp en de ingebouwde schouderriem is hij ideaal voor outdoor-avonturiers.Zelfdragend De beschermhoes verandert gemakkelijk in een standaard die kan worden aangepast van 40-90\u00b0, zodat de zonnepanelen de meeste stralen kunnen opvangen.Robuust en weerbestendig Gemaakt van lagen buigzaam EVA en duurzaam glasvezel om de veelzijdigheid van flexibele zonnepanelen te combineren met de sterkte van stijve zonnepanelen. Elke monokristallijne siliciumcel is bedekt met ETFE-film, die beschermt tegen vuil, vuil en water. Met een IP68-waterdichtheidsclassificatie werkt het draagbare zonnepaneel bij alle weersomstandigheden, perfect voor zowel op de camping als op het dak.Uitgebreide compatibiliteit Maakt gebruik van de universeel erkende zonneconnector, waardoor deze compatibel is met alle draagbare energiecentrales van de EcoFlow DELTA-serie en vele andere generatoren van derden.Slimme zonne-energie Het EcoFlow 400W zonnepaneel heeft een omzettingsrendement van 22,4%.\" \/>\n<meta property=\"og:url\" content=\"https:\/\/koningdrone.be\/fr\/produit\/ecoflow-delta-pro-bundle-one-400w\/\" \/>\n<meta property=\"og:site_name\" content=\"koningdrone.be\" \/>\n<meta property=\"article:modified_time\" content=\"2026-04-29T12:30:05+00:00\" \/>\n<meta property=\"og:image\" content=\"https:\/\/koningdrone.be\/wp-content\/uploads\/sites\/13\/2025\/04\/5706649033175-1.webp\" \/>\n\t<meta property=\"og:image:width\" content=\"600\" \/>\n\t<meta property=\"og:image:height\" content=\"600\" \/>\n\t<meta property=\"og:image:type\" content=\"image\/webp\" \/>\n<meta name=\"twitter:card\" content=\"summary_large_image\" \/>\n<meta name=\"twitter:label1\" content=\"Dur\u00e9e de lecture est.\" \/>\n\t<meta name=\"twitter:data1\" content=\"1 minute\" \/>\n<script type=\"application\/ld+json\" class=\"yoast-schema-graph\">{\"@context\":\"https:\/\/schema.org\",\"@graph\":[{\"@type\":\"WebPage\",\"@id\":\"https:\/\/koningdrone.be\/product\/ecoflow-delta-pro-bundle-one-400w\/\",\"url\":\"https:\/\/koningdrone.be\/product\/ecoflow-delta-pro-bundle-one-400w\/\",\"name\":\"Ecoflow DELTA Pro Bundle (one 400W) - koningdrone.be\",\"isPartOf\":{\"@id\":\"https:\/\/koningdrone.be\/#website\"},\"primaryImageOfPage\":{\"@id\":\"https:\/\/koningdrone.be\/product\/ecoflow-delta-pro-bundle-one-400w\/#primaryimage\"},\"image\":{\"@id\":\"https:\/\/koningdrone.be\/product\/ecoflow-delta-pro-bundle-one-400w\/#primaryimage\"},\"thumbnailUrl\":\"https:\/\/koningdrone.be\/wp-content\/uploads\/sites\/13\/2025\/04\/5706649033175-1.webp\",\"datePublished\":\"2023-07-05T11:44:55+00:00\",\"dateModified\":\"2026-04-29T12:30:05+00:00\",\"breadcrumb\":{\"@id\":\"https:\/\/koningdrone.be\/product\/ecoflow-delta-pro-bundle-one-400w\/#breadcrumb\"},\"inLanguage\":\"fr-BE\",\"potentialAction\":[{\"@type\":\"ReadAction\",\"target\":[\"https:\/\/koningdrone.be\/product\/ecoflow-delta-pro-bundle-one-400w\/\"]}]},{\"@type\":\"ImageObject\",\"inLanguage\":\"fr-BE\",\"@id\":\"https:\/\/koningdrone.be\/product\/ecoflow-delta-pro-bundle-one-400w\/#primaryimage\",\"url\":\"https:\/\/koningdrone.be\/wp-content\/uploads\/sites\/13\/2025\/04\/5706649033175-1.webp\",\"contentUrl\":\"https:\/\/koningdrone.be\/wp-content\/uploads\/sites\/13\/2025\/04\/5706649033175-1.webp\",\"width\":600,\"height\":600},{\"@type\":\"BreadcrumbList\",\"@id\":\"https:\/\/koningdrone.be\/product\/ecoflow-delta-pro-bundle-one-400w\/#breadcrumb\",\"itemListElement\":[{\"@type\":\"ListItem\",\"position\":1,\"name\":\"Home\",\"item\":\"https:\/\/koningdrone.be\/\"},{\"@type\":\"ListItem\",\"position\":2,\"name\":\"AVSS Parachute Recovery System for DJI Matrice 300\/350\",\"item\":\"https:\/\/koningdrone.be\/product\/avss-parachute-recovery-system-for-dji-matrice-300-350\/\"},{\"@type\":\"ListItem\",\"position\":3,\"name\":\"Alle producten\",\"item\":\"https:\/\/koningdrone.be\/categorie\/alle-producten\/\"},{\"@type\":\"ListItem\",\"position\":4,\"name\":\"Ecoflow DELTA Pro Bundle (one 400W)\"}]},{\"@type\":\"WebSite\",\"@id\":\"https:\/\/koningdrone.be\/#website\",\"url\":\"https:\/\/koningdrone.be\/\",\"name\":\"Koningdrone.be - Uw online specialist in drones, gimbals, camera's en power stations.\",\"description\":\"De webshop in drones en gimbals\",\"publisher\":{\"@id\":\"https:\/\/koningdrone.be\/#organization\"},\"potentialAction\":[{\"@type\":\"SearchAction\",\"target\":{\"@type\":\"EntryPoint\",\"urlTemplate\":\"https:\/\/koningdrone.be\/?s={search_term_string}\"},\"query-input\":{\"@type\":\"PropertyValueSpecification\",\"valueRequired\":true,\"valueName\":\"search_term_string\"}}],\"inLanguage\":\"fr-BE\"},{\"@type\":\"Organization\",\"@id\":\"https:\/\/koningdrone.be\/#organization\",\"name\":\"Koningdrone.be\",\"url\":\"https:\/\/koningdrone.be\/\",\"logo\":{\"@type\":\"ImageObject\",\"inLanguage\":\"fr-BE\",\"@id\":\"https:\/\/koningdrone.be\/#\/schema\/logo\/image\/\",\"url\":\"https:\/\/koningdrone.be\/wp-content\/uploads\/sites\/13\/2025\/04\/koningdrone-copyright-logo.svg\",\"contentUrl\":\"https:\/\/koningdrone.be\/wp-content\/uploads\/sites\/13\/2025\/04\/koningdrone-copyright-logo.svg\",\"width\":227,\"height\":38,\"caption\":\"Koningdrone.be\"},\"image\":{\"@id\":\"https:\/\/koningdrone.be\/#\/schema\/logo\/image\/\"}}]}<\/script>\n<!-- \/ Yoast SEO Premium plugin. -->","yoast_head_json":{"title":"Ecoflow DELTA Pro Bundle (one 400W) - koningdrone.be","robots":{"index":"index","follow":"follow","max-snippet":"max-snippet:-1","max-image-preview":"max-image-preview:large","max-video-preview":"max-video-preview:-1"},"canonical":"https:\/\/koningdrone.be\/fr\/produit\/ecoflow-delta-pro-bundle-one-400w\/","og_locale":"fr_FR","og_type":"article","og_title":"Ecoflow DELTA Pro Bundle (one 400W)","og_description":"Deze bundel combineert deze energiecentrale met het 400w zonnepaneel. Met een input van 400W is dit een van de krachtigste opvouwbare zonnepanelen op de markt. Met een gewicht van slechts 16 kg, het lichtgewicht ontwerp en de ingebouwde schouderriem is hij ideaal voor outdoor-avonturiers.Zelfdragend De beschermhoes verandert gemakkelijk in een standaard die kan worden aangepast van 40-90\u00b0, zodat de zonnepanelen de meeste stralen kunnen opvangen.Robuust en weerbestendig Gemaakt van lagen buigzaam EVA en duurzaam glasvezel om de veelzijdigheid van flexibele zonnepanelen te combineren met de sterkte van stijve zonnepanelen. Elke monokristallijne siliciumcel is bedekt met ETFE-film, die beschermt tegen vuil, vuil en water. Met een IP68-waterdichtheidsclassificatie werkt het draagbare zonnepaneel bij alle weersomstandigheden, perfect voor zowel op de camping als op het dak.Uitgebreide compatibiliteit Maakt gebruik van de universeel erkende zonneconnector, waardoor deze compatibel is met alle draagbare energiecentrales van de EcoFlow DELTA-serie en vele andere generatoren van derden.Slimme zonne-energie Het EcoFlow 400W zonnepaneel heeft een omzettingsrendement van 22,4%.","og_url":"https:\/\/koningdrone.be\/fr\/produit\/ecoflow-delta-pro-bundle-one-400w\/","og_site_name":"koningdrone.be","article_modified_time":"2026-04-29T12:30:05+00:00","og_image":[{"width":600,"height":600,"url":"https:\/\/koningdrone.be\/wp-content\/uploads\/sites\/13\/2025\/04\/5706649033175-1.webp","type":"image\/webp"}],"twitter_card":"summary_large_image","twitter_misc":{"Dur\u00e9e de lecture est.":"1 minute"},"schema":{"@context":"https:\/\/schema.org","@graph":[{"@type":"WebPage","@id":"https:\/\/koningdrone.be\/product\/ecoflow-delta-pro-bundle-one-400w\/","url":"https:\/\/koningdrone.be\/product\/ecoflow-delta-pro-bundle-one-400w\/","name":"Ecoflow DELTA Pro Bundle (one 400W) - koningdrone.be","isPartOf":{"@id":"https:\/\/koningdrone.be\/#website"},"primaryImageOfPage":{"@id":"https:\/\/koningdrone.be\/product\/ecoflow-delta-pro-bundle-one-400w\/#primaryimage"},"image":{"@id":"https:\/\/koningdrone.be\/product\/ecoflow-delta-pro-bundle-one-400w\/#primaryimage"},"thumbnailUrl":"https:\/\/koningdrone.be\/wp-content\/uploads\/sites\/13\/2025\/04\/5706649033175-1.webp","datePublished":"2023-07-05T11:44:55+00:00","dateModified":"2026-04-29T12:30:05+00:00","breadcrumb":{"@id":"https:\/\/koningdrone.be\/product\/ecoflow-delta-pro-bundle-one-400w\/#breadcrumb"},"inLanguage":"fr-BE","potentialAction":[{"@type":"ReadAction","target":["https:\/\/koningdrone.be\/product\/ecoflow-delta-pro-bundle-one-400w\/"]}]},{"@type":"ImageObject","inLanguage":"fr-BE","@id":"https:\/\/koningdrone.be\/product\/ecoflow-delta-pro-bundle-one-400w\/#primaryimage","url":"https:\/\/koningdrone.be\/wp-content\/uploads\/sites\/13\/2025\/04\/5706649033175-1.webp","contentUrl":"https:\/\/koningdrone.be\/wp-content\/uploads\/sites\/13\/2025\/04\/5706649033175-1.webp","width":600,"height":600},{"@type":"BreadcrumbList","@id":"https:\/\/koningdrone.be\/product\/ecoflow-delta-pro-bundle-one-400w\/#breadcrumb","itemListElement":[{"@type":"ListItem","position":1,"name":"Home","item":"https:\/\/koningdrone.be\/"},{"@type":"ListItem","position":2,"name":"AVSS Parachute Recovery System for DJI Matrice 300\/350","item":"https:\/\/koningdrone.be\/product\/avss-parachute-recovery-system-for-dji-matrice-300-350\/"},{"@type":"ListItem","position":3,"name":"Alle producten","item":"https:\/\/koningdrone.be\/categorie\/alle-producten\/"},{"@type":"ListItem","position":4,"name":"Ecoflow DELTA Pro Bundle (one 400W)"}]},{"@type":"WebSite","@id":"https:\/\/koningdrone.be\/#website","url":"https:\/\/koningdrone.be\/","name":"Koningdrone.be - Votre sp\u00e9cialiste en ligne en mati\u00e8re de drones, de cardans, de cam\u00e9ras et de centrales \u00e9lectriques.","description":"La boutique en ligne de drones et de cardans","publisher":{"@id":"https:\/\/koningdrone.be\/#organization"},"potentialAction":[{"@type":"SearchAction","target":{"@type":"EntryPoint","urlTemplate":"https:\/\/koningdrone.be\/?s={search_term_string}"},"query-input":{"@type":"PropertyValueSpecification","valueRequired":true,"valueName":"search_term_string"}}],"inLanguage":"fr-BE"},{"@type":"Organization","@id":"https:\/\/koningdrone.be\/#organization","name":"Kingdrone.co.uk","url":"https:\/\/koningdrone.be\/","logo":{"@type":"ImageObject","inLanguage":"fr-BE","@id":"https:\/\/koningdrone.be\/#\/schema\/logo\/image\/","url":"https:\/\/koningdrone.be\/wp-content\/uploads\/sites\/13\/2025\/04\/koningdrone-copyright-logo.svg","contentUrl":"https:\/\/koningdrone.be\/wp-content\/uploads\/sites\/13\/2025\/04\/koningdrone-copyright-logo.svg","width":227,"height":38,"caption":"Koningdrone.be"},"image":{"@id":"https:\/\/koningdrone.be\/#\/schema\/logo\/image\/"}}]}},"df_price":"","df_sale_price":"","df_regular_price":"","df_image_link":"https:\/\/koningdrone.be\/wp-content\/uploads\/sites\/13\/2025\/04\/5706649033175-1-300x300.webp","_links":{"self":[{"href":"https:\/\/koningdrone.be\/fr\/wp-json\/wp\/v2\/product\/4659","targetHints":{"allow":["GET"]}}],"collection":[{"href":"https:\/\/koningdrone.be\/fr\/wp-json\/wp\/v2\/product"}],"about":[{"href":"https:\/\/koningdrone.be\/fr\/wp-json\/wp\/v2\/types\/product"}],"wp:featuredmedia":[{"embeddable":true,"href":"https:\/\/koningdrone.be\/fr\/wp-json\/wp\/v2\/media\/4656"}],"wp:attachment":[{"href":"https:\/\/koningdrone.be\/fr\/wp-json\/wp\/v2\/media?parent=4659"}],"wp:term":[{"taxonomy":"product_brand","embeddable":true,"href":"https:\/\/koningdrone.be\/fr\/wp-json\/wp\/v2\/product_brand?post=4659"},{"taxonomy":"product_cat","embeddable":true,"href":"https:\/\/koningdrone.be\/fr\/wp-json\/wp\/v2\/product_cat?post=4659"},{"taxonomy":"product_tag","embeddable":true,"href":"https:\/\/koningdrone.be\/fr\/wp-json\/wp\/v2\/product_tag?post=4659"}],"curies":[{"name":"wp","href":"https:\/\/api.w.org\/{rel}","templated":true}]}}