{"id":4655,"date":"2023-07-05T13:44:55","date_gmt":"2023-07-05T11:44:55","guid":{"rendered":"https:\/\/koningdrone.nl\/kon\/product\/ecoflow-delta-max2000-bundleone-400w\/"},"modified":"2026-04-29T14:30:14","modified_gmt":"2026-04-29T12:30:14","slug":"ecoflow-delta-max2000-bundleone-400w","status":"publish","type":"product","link":"https:\/\/koningdrone.be\/fr\/produit\/ecoflow-delta-max2000-bundleone-400w\/","title":{"rendered":"Ecoflow DELTA Max(2000) Bundle (un 400W)"},"content":{"rendered":"<p>Le DELTA Max EU 2000 d'EcoFlow est une source d'\u00e9nergie portable dot\u00e9e d'un puissant panneau solaire de 400W. Avec une capacit\u00e9 de 2000 Wh, le DELTA Max EU 2000 fournit suffisamment d'\u00e9nergie pour charger tous vos appareils \u00e9lectroniques, tels que les smartphones, les ordinateurs portables, les r\u00e9frig\u00e9rateurs et les outils \u00e9lectriques. Gr\u00e2ce \u00e0 sa sortie sinuso\u00efdale, le DELTA Max EU 2000 fournit une alimentation fiable, similaire \u00e0 celle du secteur, afin que vos appareils continuent \u00e0 fonctionner en toute s\u00e9curit\u00e9.<\/p>\n<p><strong>Panneau solaire de haute qualit\u00e9<\/strong><\/p>\n<p>L'ensemble comprend \u00e9galement un panneau solaire de haute qualit\u00e9 de 400 W avec des cellules solaires monocristallines efficaces, vous offrant une source fiable d'\u00e9nergie renouvelable. Gr\u00e2ce \u00e0 sa conception portable et pliable, le panneau solaire est facile \u00e0 transporter et \u00e0 placer au soleil pour charger le DELTA Max EU 2000 directement \u00e0 partir du soleil. Cela vous permet non seulement d'\u00eatre ind\u00e9pendant du r\u00e9seau \u00e9lectrique, mais aussi de r\u00e9duire votre empreinte carbone.<\/p>\n<p><strong>Libert\u00e9 et fiabilit\u00e9 des \u00e9nergies propres<\/strong><\/p>\n<p>Le DELTA Max EU 2000 d'EcoFlow, associ\u00e9 au panneau solaire de 400 W, offre la libert\u00e9 d'avoir de l'\u00e9nergie \u00e0 tout moment et en tout lieu. Gr\u00e2ce \u00e0 des technologies de charge avanc\u00e9es telles que la charge X-Stream et les capacit\u00e9s de charge rapide, la DELTA Max EU 2000 se charge rapidement via une prise murale, un chargeur de voiture ou le panneau solaire. De plus, l'\u00e9cran LCD intuitif vous donne un aper\u00e7u de l'\u00e9tat de la batterie et de la consommation d'\u00e9nergie.<\/p>\n<p><strong>Id\u00e9al pour diff\u00e9rentes situations<\/strong><\/p>\n<p>Que vous fassiez du camping, que vous viviez hors r\u00e9seau ou que vous vous pr\u00e9pariez \u00e0 des situations d'urgence, ce kit vous permet de ne jamais manquer d'\u00e9lectricit\u00e9. Gr\u00e2ce \u00e0 sa portabilit\u00e9 et \u00e0 sa facilit\u00e9 d'utilisation, vous pouvez facilement emporter le DELTA Max EU 2000 et le panneau solaire avec vous et les installer o\u00f9 vous le souhaitez. Choisissez le DELTA Max EU 2000 d'EcoFlow avec un panneau solaire de 400 W et profitez de la libert\u00e9 et de la fiabilit\u00e9 d'une \u00e9nergie propre o\u00f9 que vous soyez.<\/p>\n<p><\/p>","protected":false},"excerpt":{"rendered":"<ul>\n<li>Capacit\u00e9 : L'EcoFlow DELTA Max EU 2000 a une capacit\u00e9 puissante de 2000Wh, ce qui vous permet de charger tous vos appareils \u00e9lectroniques plusieurs fois avant de devoir les recharger.<\/li>\n<li>Portabilit\u00e9 : cette source d'\u00e9nergie portable a \u00e9t\u00e9 con\u00e7ue dans un souci de portabilit\u00e9. Gr\u00e2ce \u00e0 sa taille compacte et \u00e0 sa poign\u00e9e de transport, le DELTA Max EU 2000 est facile \u00e0 emporter avec vous lors de vos aventures.<\/li>\n<li>\u00c9nergie solaire : l'offre comprend un panneau solaire de haute qualit\u00e9 de 400 W qui convertit efficacement la lumi\u00e8re du soleil en \u00e9lectricit\u00e9. Cela garantit une alimentation \u00e9lectrique durable et ind\u00e9pendante, o\u00f9 que vous soyez.<\/li>\n<li>Onde sinuso\u00efdale pure : Le DELTA Max EU 2000 d\u00e9livre une onde sinuso\u00efdale pure, similaire \u00e0 celle du secteur. Cela garantit une alimentation stable et s\u00fbre pour les appareils \u00e9lectroniques sensibles, notamment les ordinateurs portables, les appareils m\u00e9dicaux, etc.<\/li>\n<li>Options de charge rapide : Gr\u00e2ce aux technologies de charge avanc\u00e9es, vous pouvez recharger rapidement le DELTA Max EU 2000 via des prises murales, des chargeurs de voiture ou le panneau solaire inclus. Vous retrouvez ainsi rapidement de l'\u00e9nergie, m\u00eame lorsque vous \u00eates en d\u00e9placement.<\/li>\n<\/ul>","protected":false},"featured_media":4653,"template":"","meta":{"_acf_changed":false},"product_brand":[],"product_cat":[97,245,415],"product_tag":[],"class_list":{"0":"post-4655","1":"product","2":"type-product","3":"status-publish","4":"has-post-thumbnail","6":"product_cat-alle-producten","7":"product_cat-ecoflow","8":"product_cat-energy","9":"product_shipping_class-outofstock","10":"pa_brand-ecoflow","11":"pa_productfamily-generator","12":"pa_producttype-generator","13":"pa_series-delta-max","15":"first","16":"outofstock","17":"taxable","18":"shipping-taxable","19":"product-type-simple"},"acf":[],"yoast_head":"<!-- This site is optimized with the Yoast SEO Premium plugin v27.2 (Yoast SEO v27.2) - https:\/\/yoast.com\/product\/yoast-seo-premium-wordpress\/ -->\n<title>Ecoflow DELTA Max(2000) Bundle(one 400W) - koningdrone.be<\/title>\n<meta name=\"robots\" content=\"index, follow, max-snippet:-1, max-image-preview:large, max-video-preview:-1\" \/>\n<link rel=\"canonical\" href=\"https:\/\/koningdrone.be\/fr\/produit\/ecoflow-delta-max2000-bundleone-400w\/\" \/>\n<meta property=\"og:locale\" content=\"fr_FR\" \/>\n<meta property=\"og:type\" content=\"article\" \/>\n<meta property=\"og:title\" content=\"Ecoflow DELTA Max(2000) Bundle(one 400W)\" \/>\n<meta property=\"og:description\" content=\"Capaciteit: De EcoFlow DELTA Max EU 2000 heeft een krachtige capaciteit van 2000Wh, waarmee u al uw elektronische apparaten meerdere keren kunt opladen voordat u de DELTA Max EU 2000 weer moet opladen.Draagbaarheid: deze draagbare stroombron is ontworpen met het oog op draagbaarheid. Met een compact formaat en een draagbeugel is de DELTA Max EU 2000 gemakkelijk mee te nemen op je avonturen.Zonne-energie: de bundel wordt geleverd met een hoogwaardig zonnepaneel van 400 W dat zonlicht effici\u00ebnt omzet in elektriciteit. Dit zorgt voor een duurzame en onafhankelijke stroomvoorziening, waar je ook bent.Zuivere sinusgolf: De DELTA Max EU 2000 levert een zuivere sinusgolf, vergelijkbaar met het lichtnet. Dit zorgt voor een stabiele en veilige stroomvoorziening voor gevoelige elektronica, waaronder laptops, medische apparaten en meer.Snellaadmogelijkheden: Met geavanceerde laadtechnologie\u00ebn kunt u de DELTA Max EU 2000 snel opladen via stopcontacten, autoladers of het meegeleverde zonnepaneel. Zo geniet je snel weer van power, ook als je onderweg bent.\" \/>\n<meta property=\"og:url\" content=\"https:\/\/koningdrone.be\/fr\/produit\/ecoflow-delta-max2000-bundleone-400w\/\" \/>\n<meta property=\"og:site_name\" content=\"koningdrone.be\" \/>\n<meta property=\"article:modified_time\" content=\"2026-04-29T12:30:14+00:00\" \/>\n<meta property=\"og:image\" content=\"https:\/\/koningdrone.be\/wp-content\/uploads\/sites\/13\/2025\/04\/5706649033182-1.jpg\" \/>\n\t<meta property=\"og:image:width\" content=\"1000\" \/>\n\t<meta property=\"og:image:height\" content=\"1000\" \/>\n\t<meta property=\"og:image:type\" content=\"image\/jpeg\" \/>\n<meta name=\"twitter:card\" content=\"summary_large_image\" \/>\n<meta name=\"twitter:label1\" content=\"Dur\u00e9e de lecture est.\" \/>\n\t<meta name=\"twitter:data1\" content=\"1 minute\" \/>\n<script type=\"application\/ld+json\" class=\"yoast-schema-graph\">{\"@context\":\"https:\/\/schema.org\",\"@graph\":[{\"@type\":\"WebPage\",\"@id\":\"https:\/\/koningdrone.be\/product\/ecoflow-delta-max2000-bundleone-400w\/\",\"url\":\"https:\/\/koningdrone.be\/product\/ecoflow-delta-max2000-bundleone-400w\/\",\"name\":\"Ecoflow DELTA Max(2000) Bundle(one 400W) - koningdrone.be\",\"isPartOf\":{\"@id\":\"https:\/\/koningdrone.be\/#website\"},\"primaryImageOfPage\":{\"@id\":\"https:\/\/koningdrone.be\/product\/ecoflow-delta-max2000-bundleone-400w\/#primaryimage\"},\"image\":{\"@id\":\"https:\/\/koningdrone.be\/product\/ecoflow-delta-max2000-bundleone-400w\/#primaryimage\"},\"thumbnailUrl\":\"https:\/\/koningdrone.be\/wp-content\/uploads\/sites\/13\/2025\/04\/5706649033182-1.jpg\",\"datePublished\":\"2023-07-05T11:44:55+00:00\",\"dateModified\":\"2026-04-29T12:30:14+00:00\",\"breadcrumb\":{\"@id\":\"https:\/\/koningdrone.be\/product\/ecoflow-delta-max2000-bundleone-400w\/#breadcrumb\"},\"inLanguage\":\"fr-BE\",\"potentialAction\":[{\"@type\":\"ReadAction\",\"target\":[\"https:\/\/koningdrone.be\/product\/ecoflow-delta-max2000-bundleone-400w\/\"]}]},{\"@type\":\"ImageObject\",\"inLanguage\":\"fr-BE\",\"@id\":\"https:\/\/koningdrone.be\/product\/ecoflow-delta-max2000-bundleone-400w\/#primaryimage\",\"url\":\"https:\/\/koningdrone.be\/wp-content\/uploads\/sites\/13\/2025\/04\/5706649033182-1.jpg\",\"contentUrl\":\"https:\/\/koningdrone.be\/wp-content\/uploads\/sites\/13\/2025\/04\/5706649033182-1.jpg\",\"width\":1000,\"height\":1000},{\"@type\":\"BreadcrumbList\",\"@id\":\"https:\/\/koningdrone.be\/product\/ecoflow-delta-max2000-bundleone-400w\/#breadcrumb\",\"itemListElement\":[{\"@type\":\"ListItem\",\"position\":1,\"name\":\"Home\",\"item\":\"https:\/\/koningdrone.be\/\"},{\"@type\":\"ListItem\",\"position\":2,\"name\":\"AVSS Parachute Recovery System for DJI Matrice 300\/350\",\"item\":\"https:\/\/koningdrone.be\/product\/avss-parachute-recovery-system-for-dji-matrice-300-350\/\"},{\"@type\":\"ListItem\",\"position\":3,\"name\":\"Alle producten\",\"item\":\"https:\/\/koningdrone.be\/categorie\/alle-producten\/\"},{\"@type\":\"ListItem\",\"position\":4,\"name\":\"Ecoflow DELTA Max(2000) Bundle(one 400W)\"}]},{\"@type\":\"WebSite\",\"@id\":\"https:\/\/koningdrone.be\/#website\",\"url\":\"https:\/\/koningdrone.be\/\",\"name\":\"Koningdrone.be - Uw online specialist in drones, gimbals, camera's en power stations.\",\"description\":\"De webshop in drones en gimbals\",\"publisher\":{\"@id\":\"https:\/\/koningdrone.be\/#organization\"},\"potentialAction\":[{\"@type\":\"SearchAction\",\"target\":{\"@type\":\"EntryPoint\",\"urlTemplate\":\"https:\/\/koningdrone.be\/?s={search_term_string}\"},\"query-input\":{\"@type\":\"PropertyValueSpecification\",\"valueRequired\":true,\"valueName\":\"search_term_string\"}}],\"inLanguage\":\"fr-BE\"},{\"@type\":\"Organization\",\"@id\":\"https:\/\/koningdrone.be\/#organization\",\"name\":\"Koningdrone.be\",\"url\":\"https:\/\/koningdrone.be\/\",\"logo\":{\"@type\":\"ImageObject\",\"inLanguage\":\"fr-BE\",\"@id\":\"https:\/\/koningdrone.be\/#\/schema\/logo\/image\/\",\"url\":\"https:\/\/koningdrone.be\/wp-content\/uploads\/sites\/13\/2025\/04\/koningdrone-copyright-logo.svg\",\"contentUrl\":\"https:\/\/koningdrone.be\/wp-content\/uploads\/sites\/13\/2025\/04\/koningdrone-copyright-logo.svg\",\"width\":227,\"height\":38,\"caption\":\"Koningdrone.be\"},\"image\":{\"@id\":\"https:\/\/koningdrone.be\/#\/schema\/logo\/image\/\"}}]}<\/script>\n<!-- \/ Yoast SEO Premium plugin. -->","yoast_head_json":{"title":"Ecoflow DELTA Max(2000) Bundle(one 400W) - koningdrone.be","robots":{"index":"index","follow":"follow","max-snippet":"max-snippet:-1","max-image-preview":"max-image-preview:large","max-video-preview":"max-video-preview:-1"},"canonical":"https:\/\/koningdrone.be\/fr\/produit\/ecoflow-delta-max2000-bundleone-400w\/","og_locale":"fr_FR","og_type":"article","og_title":"Ecoflow DELTA Max(2000) Bundle(one 400W)","og_description":"Capaciteit: De EcoFlow DELTA Max EU 2000 heeft een krachtige capaciteit van 2000Wh, waarmee u al uw elektronische apparaten meerdere keren kunt opladen voordat u de DELTA Max EU 2000 weer moet opladen.Draagbaarheid: deze draagbare stroombron is ontworpen met het oog op draagbaarheid. Met een compact formaat en een draagbeugel is de DELTA Max EU 2000 gemakkelijk mee te nemen op je avonturen.Zonne-energie: de bundel wordt geleverd met een hoogwaardig zonnepaneel van 400 W dat zonlicht effici\u00ebnt omzet in elektriciteit. Dit zorgt voor een duurzame en onafhankelijke stroomvoorziening, waar je ook bent.Zuivere sinusgolf: De DELTA Max EU 2000 levert een zuivere sinusgolf, vergelijkbaar met het lichtnet. Dit zorgt voor een stabiele en veilige stroomvoorziening voor gevoelige elektronica, waaronder laptops, medische apparaten en meer.Snellaadmogelijkheden: Met geavanceerde laadtechnologie\u00ebn kunt u de DELTA Max EU 2000 snel opladen via stopcontacten, autoladers of het meegeleverde zonnepaneel. Zo geniet je snel weer van power, ook als je onderweg bent.","og_url":"https:\/\/koningdrone.be\/fr\/produit\/ecoflow-delta-max2000-bundleone-400w\/","og_site_name":"koningdrone.be","article_modified_time":"2026-04-29T12:30:14+00:00","og_image":[{"width":1000,"height":1000,"url":"https:\/\/koningdrone.be\/wp-content\/uploads\/sites\/13\/2025\/04\/5706649033182-1.jpg","type":"image\/jpeg"}],"twitter_card":"summary_large_image","twitter_misc":{"Dur\u00e9e de lecture est.":"1 minute"},"schema":{"@context":"https:\/\/schema.org","@graph":[{"@type":"WebPage","@id":"https:\/\/koningdrone.be\/product\/ecoflow-delta-max2000-bundleone-400w\/","url":"https:\/\/koningdrone.be\/product\/ecoflow-delta-max2000-bundleone-400w\/","name":"Ecoflow DELTA Max(2000) Bundle(one 400W) - koningdrone.be","isPartOf":{"@id":"https:\/\/koningdrone.be\/#website"},"primaryImageOfPage":{"@id":"https:\/\/koningdrone.be\/product\/ecoflow-delta-max2000-bundleone-400w\/#primaryimage"},"image":{"@id":"https:\/\/koningdrone.be\/product\/ecoflow-delta-max2000-bundleone-400w\/#primaryimage"},"thumbnailUrl":"https:\/\/koningdrone.be\/wp-content\/uploads\/sites\/13\/2025\/04\/5706649033182-1.jpg","datePublished":"2023-07-05T11:44:55+00:00","dateModified":"2026-04-29T12:30:14+00:00","breadcrumb":{"@id":"https:\/\/koningdrone.be\/product\/ecoflow-delta-max2000-bundleone-400w\/#breadcrumb"},"inLanguage":"fr-BE","potentialAction":[{"@type":"ReadAction","target":["https:\/\/koningdrone.be\/product\/ecoflow-delta-max2000-bundleone-400w\/"]}]},{"@type":"ImageObject","inLanguage":"fr-BE","@id":"https:\/\/koningdrone.be\/product\/ecoflow-delta-max2000-bundleone-400w\/#primaryimage","url":"https:\/\/koningdrone.be\/wp-content\/uploads\/sites\/13\/2025\/04\/5706649033182-1.jpg","contentUrl":"https:\/\/koningdrone.be\/wp-content\/uploads\/sites\/13\/2025\/04\/5706649033182-1.jpg","width":1000,"height":1000},{"@type":"BreadcrumbList","@id":"https:\/\/koningdrone.be\/product\/ecoflow-delta-max2000-bundleone-400w\/#breadcrumb","itemListElement":[{"@type":"ListItem","position":1,"name":"Home","item":"https:\/\/koningdrone.be\/"},{"@type":"ListItem","position":2,"name":"AVSS Parachute Recovery System for DJI Matrice 300\/350","item":"https:\/\/koningdrone.be\/product\/avss-parachute-recovery-system-for-dji-matrice-300-350\/"},{"@type":"ListItem","position":3,"name":"Alle producten","item":"https:\/\/koningdrone.be\/categorie\/alle-producten\/"},{"@type":"ListItem","position":4,"name":"Ecoflow DELTA Max(2000) Bundle(one 400W)"}]},{"@type":"WebSite","@id":"https:\/\/koningdrone.be\/#website","url":"https:\/\/koningdrone.be\/","name":"Koningdrone.be - Votre sp\u00e9cialiste en ligne en mati\u00e8re de drones, de cardans, de cam\u00e9ras et de centrales \u00e9lectriques.","description":"La boutique en ligne de drones et de cardans","publisher":{"@id":"https:\/\/koningdrone.be\/#organization"},"potentialAction":[{"@type":"SearchAction","target":{"@type":"EntryPoint","urlTemplate":"https:\/\/koningdrone.be\/?s={search_term_string}"},"query-input":{"@type":"PropertyValueSpecification","valueRequired":true,"valueName":"search_term_string"}}],"inLanguage":"fr-BE"},{"@type":"Organization","@id":"https:\/\/koningdrone.be\/#organization","name":"Kingdrone.co.uk","url":"https:\/\/koningdrone.be\/","logo":{"@type":"ImageObject","inLanguage":"fr-BE","@id":"https:\/\/koningdrone.be\/#\/schema\/logo\/image\/","url":"https:\/\/koningdrone.be\/wp-content\/uploads\/sites\/13\/2025\/04\/koningdrone-copyright-logo.svg","contentUrl":"https:\/\/koningdrone.be\/wp-content\/uploads\/sites\/13\/2025\/04\/koningdrone-copyright-logo.svg","width":227,"height":38,"caption":"Koningdrone.be"},"image":{"@id":"https:\/\/koningdrone.be\/#\/schema\/logo\/image\/"}}]}},"df_price":"","df_sale_price":"","df_regular_price":"","df_image_link":"https:\/\/koningdrone.be\/wp-content\/uploads\/sites\/13\/2025\/04\/5706649033182-1-300x300.jpg","_links":{"self":[{"href":"https:\/\/koningdrone.be\/fr\/wp-json\/wp\/v2\/product\/4655","targetHints":{"allow":["GET"]}}],"collection":[{"href":"https:\/\/koningdrone.be\/fr\/wp-json\/wp\/v2\/product"}],"about":[{"href":"https:\/\/koningdrone.be\/fr\/wp-json\/wp\/v2\/types\/product"}],"wp:featuredmedia":[{"embeddable":true,"href":"https:\/\/koningdrone.be\/fr\/wp-json\/wp\/v2\/media\/4653"}],"wp:attachment":[{"href":"https:\/\/koningdrone.be\/fr\/wp-json\/wp\/v2\/media?parent=4655"}],"wp:term":[{"taxonomy":"product_brand","embeddable":true,"href":"https:\/\/koningdrone.be\/fr\/wp-json\/wp\/v2\/product_brand?post=4655"},{"taxonomy":"product_cat","embeddable":true,"href":"https:\/\/koningdrone.be\/fr\/wp-json\/wp\/v2\/product_cat?post=4655"},{"taxonomy":"product_tag","embeddable":true,"href":"https:\/\/koningdrone.be\/fr\/wp-json\/wp\/v2\/product_tag?post=4655"}],"curies":[{"name":"wp","href":"https:\/\/api.w.org\/{rel}","templated":true}]}}