{"id":4652,"date":"2023-07-05T13:44:55","date_gmt":"2023-07-05T11:44:55","guid":{"rendered":"https:\/\/koningdrone.nl\/kon\/product\/ecoflow-delta-pro-bundle-two-400w-solr\/"},"modified":"2026-04-29T14:30:02","modified_gmt":"2026-04-29T12:30:02","slug":"ecoflow-delta-pro-bundle-two-400w-solr","status":"publish","type":"product","link":"https:\/\/koningdrone.be\/fr\/produit\/ecoflow-delta-pro-bundle-two-400w-solr\/","title":{"rendered":"Ecoflow DELTA Pro Bundle (deux 400W Solr)"},"content":{"rendered":"<p><strong>Pr\u00e9sentation de l'EcoFlow DELTA Pro EU<\/strong><\/p>\n<p>Le DELTA Pro EU d'EcoFlow est un puissant g\u00e9n\u00e9rateur d'\u00e9lectricit\u00e9 portable \u00e9quip\u00e9 de deux panneaux solaires de 400 W de haute qualit\u00e9. Que vous soyez en d\u00e9placement, en camping ou que vous ayez simplement besoin d'une source d'\u00e9nergie fiable, le DELTA Pro EU vous donne la libert\u00e9 d'avoir de l'\u00e9lectricit\u00e9 partout. <\/p>\n<p><strong>Capacit\u00e9 \u00e9nerg\u00e9tique et sortie d'onde sinuso\u00efdale pure<\/strong><\/p>\n<p>Le DELTA Pro EU d'EcoFlow a une puissance de sortie in\u00e9gal\u00e9e de 3500Wh, ce qui vous permet de charger et d'utiliser tous vos appareils sans vous soucier des coupures de courant. Gr\u00e2ce \u00e0 sa sortie sinuso\u00efdale pure, le DELTA Pro EU fournit une alimentation propre et stable, similaire \u00e0 celle du secteur, afin de pr\u00e9server la s\u00e9curit\u00e9 de vos appareils \u00e9lectroniques lorsque vous \u00eates en d\u00e9placement.<\/p>\n<p><strong>Fourniture efficace d'\u00e9nergie par les panneaux solaires<\/strong><\/p>\n<p>Cette offre est unique en raison de l'ajout de deux panneaux solaires de 400 W, qui fournissent une alimentation efficace et fiable. Il suffit de d\u00e9plier les panneaux et de les placer au soleil pour recharger votre DELTA Pro EU directement \u00e0 partir du soleil, sans d\u00e9pendre du r\u00e9seau \u00e9lectrique. Ce n'est pas seulement bon pour l'environnement, mais cela permet aussi d'\u00e9conomiser sur les co\u00fbts d'\u00e9nergie.<\/p>\n<p><strong>Acc\u00e8s \u00e0 l'\u00e9lectricit\u00e9 partout et \u00e0 tout moment<\/strong><\/p>\n<p>Avec l'EcoFlow DELTA Pro EU et les panneaux solaires inclus, vous avez acc\u00e8s \u00e0 l'\u00e9lectricit\u00e9 partout et \u00e0 tout moment. Que vous fassiez du camping, que vous assistiez \u00e0 un festival en plein air ou que vous souhaitiez simplement vous pr\u00e9parer aux situations d'urgence, ce kit vous offre la tranquillit\u00e9 d'esprit de ne jamais manquer d'\u00e9lectricit\u00e9. Gr\u00e2ce \u00e0 sa portabilit\u00e9 et \u00e0 sa facilit\u00e9 d'utilisation, vous pouvez facilement transporter et installer le DELTA Pro EU n'importe o\u00f9.<\/p>\n<p><strong>Technologies avanc\u00e9es et \u00e9cran LCD intuitif<\/strong><\/p>\n<p>Gr\u00e2ce \u00e0 des technologies avanc\u00e9es telles que le chargement X-Stream et la technologie de chargement rapide, vous pouvez recharger le DELTA Pro EU en quelques heures seulement via une prise murale, un chargeur de voiture ou, bien s\u00fbr, les panneaux solaires. De plus, DELTA Pro EU est \u00e9quip\u00e9 d'un \u00e9cran LCD intuitif qui vous permet de contr\u00f4ler l'\u00e9tat de la batterie, la consommation et le courant de charge.<\/p>\n<p><strong>Le choix id\u00e9al pour une solution d'alimentation portable<\/strong><\/p>\n<p>L'EcoFlow DELTA Pro EU associ\u00e9 \u00e0 2 panneaux solaires de 400 W est le choix id\u00e9al pour tous ceux qui ont besoin d'une solution d'alimentation fiable et portable. Profitez de la libert\u00e9 et de la flexibilit\u00e9 d'une \u00e9nergie propre o\u00f9 que vous soyez.<\/p>\n<p><\/p>","protected":false},"excerpt":{"rendered":"<ul>\n<li>L'EcoFlow DELTA Pro avec 2 panneaux solaires de 400W est la solution \u00e9nerg\u00e9tique portable en d\u00e9placement.<\/li>\n<li>Avec une capacit\u00e9 de 3500Wh et une sortie d'onde sinuso\u00efdale pure, vous chargez tous vos appareils sans effort.<\/li>\n<li>Les panneaux solaires fournis permettent de produire de l'\u00e9nergie durable o\u00f9 que vous soyez.<\/li>\n<li>Le DELTA Pro peut \u00eatre recharg\u00e9 via des prises murales, des chargeurs de voiture ou des panneaux solaires, et l'\u00e9cran LCD intuitif vous informe de l'\u00e9tat de la batterie.<\/li>\n<li>Choisissez la libert\u00e9 et la flexibilit\u00e9 avec l'EcoFlow DELTA Pro et restez connect\u00e9 \u00e0 tout moment, o\u00f9 que vous soyez.<\/li>\n<\/ul>","protected":false},"featured_media":4649,"template":"","meta":{"_acf_changed":false},"product_brand":[],"product_cat":[97,245,415],"product_tag":[],"class_list":{"0":"post-4652","1":"product","2":"type-product","3":"status-publish","4":"has-post-thumbnail","6":"product_cat-alle-producten","7":"product_cat-ecoflow","8":"product_cat-energy","9":"product_shipping_class-outofstock","10":"pa_brand-ecoflow","11":"pa_productfamily-generator","12":"pa_producttype-generator","13":"pa_series-delta-pro","15":"first","16":"outofstock","17":"taxable","18":"shipping-taxable","19":"product-type-simple"},"acf":[],"yoast_head":"<!-- This site is optimized with the Yoast SEO Premium plugin v27.2 (Yoast SEO v27.2) - https:\/\/yoast.com\/product\/yoast-seo-premium-wordpress\/ -->\n<title>Ecoflow DELTA Pro Bundle (two 400W Solr) - koningdrone.be<\/title>\n<meta name=\"robots\" content=\"index, follow, max-snippet:-1, max-image-preview:large, max-video-preview:-1\" \/>\n<link rel=\"canonical\" href=\"https:\/\/koningdrone.be\/fr\/produit\/ecoflow-delta-pro-bundle-two-400w-solr\/\" \/>\n<meta property=\"og:locale\" content=\"fr_FR\" \/>\n<meta property=\"og:type\" content=\"article\" \/>\n<meta property=\"og:title\" content=\"Ecoflow DELTA Pro Bundle (two 400W Solr)\" \/>\n<meta property=\"og:description\" content=\"De EcoFlow DELTA Pro met 2x 400W zonnepanelen is d\u00e9 draagbare energieoplossing voor onderweg.Met een capaciteit van 3500Wh en zuivere sinusgolfoutput laad je al je apparaten moeiteloos op.De meegeleverde zonnepanelen zorgen voor duurzame energieopwekking, waar u ook bent.De DELTA Pro kan worden opgeladen via stopcontacten, autoladers of de zonnepanelen, en het intu\u00eftieve LCD-scherm houdt u op de hoogte van de batterijstatus.Kies voor vrijheid en flexibiliteit met de EcoFlow DELTA Pro en blijf altijd en overal verbonden.\" \/>\n<meta property=\"og:url\" content=\"https:\/\/koningdrone.be\/fr\/produit\/ecoflow-delta-pro-bundle-two-400w-solr\/\" \/>\n<meta property=\"og:site_name\" content=\"koningdrone.be\" \/>\n<meta property=\"article:modified_time\" content=\"2026-04-29T12:30:02+00:00\" \/>\n<meta property=\"og:image\" content=\"https:\/\/koningdrone.be\/wp-content\/uploads\/sites\/13\/2025\/04\/5706649033199-1.jpg\" \/>\n\t<meta property=\"og:image:width\" content=\"1000\" \/>\n\t<meta property=\"og:image:height\" content=\"1000\" \/>\n\t<meta property=\"og:image:type\" content=\"image\/jpeg\" \/>\n<meta name=\"twitter:card\" content=\"summary_large_image\" \/>\n<meta name=\"twitter:label1\" content=\"Dur\u00e9e de lecture est.\" \/>\n\t<meta name=\"twitter:data1\" content=\"2 minutes\" \/>\n<script type=\"application\/ld+json\" class=\"yoast-schema-graph\">{\"@context\":\"https:\/\/schema.org\",\"@graph\":[{\"@type\":\"WebPage\",\"@id\":\"https:\/\/koningdrone.be\/product\/ecoflow-delta-pro-bundle-two-400w-solr\/\",\"url\":\"https:\/\/koningdrone.be\/product\/ecoflow-delta-pro-bundle-two-400w-solr\/\",\"name\":\"Ecoflow DELTA Pro Bundle (two 400W Solr) - koningdrone.be\",\"isPartOf\":{\"@id\":\"https:\/\/koningdrone.be\/#website\"},\"primaryImageOfPage\":{\"@id\":\"https:\/\/koningdrone.be\/product\/ecoflow-delta-pro-bundle-two-400w-solr\/#primaryimage\"},\"image\":{\"@id\":\"https:\/\/koningdrone.be\/product\/ecoflow-delta-pro-bundle-two-400w-solr\/#primaryimage\"},\"thumbnailUrl\":\"https:\/\/koningdrone.be\/wp-content\/uploads\/sites\/13\/2025\/04\/5706649033199-1.jpg\",\"datePublished\":\"2023-07-05T11:44:55+00:00\",\"dateModified\":\"2026-04-29T12:30:02+00:00\",\"breadcrumb\":{\"@id\":\"https:\/\/koningdrone.be\/product\/ecoflow-delta-pro-bundle-two-400w-solr\/#breadcrumb\"},\"inLanguage\":\"fr-BE\",\"potentialAction\":[{\"@type\":\"ReadAction\",\"target\":[\"https:\/\/koningdrone.be\/product\/ecoflow-delta-pro-bundle-two-400w-solr\/\"]}]},{\"@type\":\"ImageObject\",\"inLanguage\":\"fr-BE\",\"@id\":\"https:\/\/koningdrone.be\/product\/ecoflow-delta-pro-bundle-two-400w-solr\/#primaryimage\",\"url\":\"https:\/\/koningdrone.be\/wp-content\/uploads\/sites\/13\/2025\/04\/5706649033199-1.jpg\",\"contentUrl\":\"https:\/\/koningdrone.be\/wp-content\/uploads\/sites\/13\/2025\/04\/5706649033199-1.jpg\",\"width\":1000,\"height\":1000},{\"@type\":\"BreadcrumbList\",\"@id\":\"https:\/\/koningdrone.be\/product\/ecoflow-delta-pro-bundle-two-400w-solr\/#breadcrumb\",\"itemListElement\":[{\"@type\":\"ListItem\",\"position\":1,\"name\":\"Home\",\"item\":\"https:\/\/koningdrone.be\/\"},{\"@type\":\"ListItem\",\"position\":2,\"name\":\"AVSS Parachute Recovery System for DJI Matrice 300\/350\",\"item\":\"https:\/\/koningdrone.be\/product\/avss-parachute-recovery-system-for-dji-matrice-300-350\/\"},{\"@type\":\"ListItem\",\"position\":3,\"name\":\"Alle producten\",\"item\":\"https:\/\/koningdrone.be\/categorie\/alle-producten\/\"},{\"@type\":\"ListItem\",\"position\":4,\"name\":\"Ecoflow DELTA Pro Bundle (two 400W Solr)\"}]},{\"@type\":\"WebSite\",\"@id\":\"https:\/\/koningdrone.be\/#website\",\"url\":\"https:\/\/koningdrone.be\/\",\"name\":\"Koningdrone.be - Uw online specialist in drones, gimbals, camera's en power stations.\",\"description\":\"De webshop in drones en gimbals\",\"publisher\":{\"@id\":\"https:\/\/koningdrone.be\/#organization\"},\"potentialAction\":[{\"@type\":\"SearchAction\",\"target\":{\"@type\":\"EntryPoint\",\"urlTemplate\":\"https:\/\/koningdrone.be\/?s={search_term_string}\"},\"query-input\":{\"@type\":\"PropertyValueSpecification\",\"valueRequired\":true,\"valueName\":\"search_term_string\"}}],\"inLanguage\":\"fr-BE\"},{\"@type\":\"Organization\",\"@id\":\"https:\/\/koningdrone.be\/#organization\",\"name\":\"Koningdrone.be\",\"url\":\"https:\/\/koningdrone.be\/\",\"logo\":{\"@type\":\"ImageObject\",\"inLanguage\":\"fr-BE\",\"@id\":\"https:\/\/koningdrone.be\/#\/schema\/logo\/image\/\",\"url\":\"https:\/\/koningdrone.be\/wp-content\/uploads\/sites\/13\/2025\/04\/koningdrone-copyright-logo.svg\",\"contentUrl\":\"https:\/\/koningdrone.be\/wp-content\/uploads\/sites\/13\/2025\/04\/koningdrone-copyright-logo.svg\",\"width\":227,\"height\":38,\"caption\":\"Koningdrone.be\"},\"image\":{\"@id\":\"https:\/\/koningdrone.be\/#\/schema\/logo\/image\/\"}}]}<\/script>\n<!-- \/ Yoast SEO Premium plugin. -->","yoast_head_json":{"title":"Ecoflow DELTA Pro Bundle (two 400W Solr) - koningdrone.be","robots":{"index":"index","follow":"follow","max-snippet":"max-snippet:-1","max-image-preview":"max-image-preview:large","max-video-preview":"max-video-preview:-1"},"canonical":"https:\/\/koningdrone.be\/fr\/produit\/ecoflow-delta-pro-bundle-two-400w-solr\/","og_locale":"fr_FR","og_type":"article","og_title":"Ecoflow DELTA Pro Bundle (two 400W Solr)","og_description":"De EcoFlow DELTA Pro met 2x 400W zonnepanelen is d\u00e9 draagbare energieoplossing voor onderweg.Met een capaciteit van 3500Wh en zuivere sinusgolfoutput laad je al je apparaten moeiteloos op.De meegeleverde zonnepanelen zorgen voor duurzame energieopwekking, waar u ook bent.De DELTA Pro kan worden opgeladen via stopcontacten, autoladers of de zonnepanelen, en het intu\u00eftieve LCD-scherm houdt u op de hoogte van de batterijstatus.Kies voor vrijheid en flexibiliteit met de EcoFlow DELTA Pro en blijf altijd en overal verbonden.","og_url":"https:\/\/koningdrone.be\/fr\/produit\/ecoflow-delta-pro-bundle-two-400w-solr\/","og_site_name":"koningdrone.be","article_modified_time":"2026-04-29T12:30:02+00:00","og_image":[{"width":1000,"height":1000,"url":"https:\/\/koningdrone.be\/wp-content\/uploads\/sites\/13\/2025\/04\/5706649033199-1.jpg","type":"image\/jpeg"}],"twitter_card":"summary_large_image","twitter_misc":{"Dur\u00e9e de lecture est.":"2 minutes"},"schema":{"@context":"https:\/\/schema.org","@graph":[{"@type":"WebPage","@id":"https:\/\/koningdrone.be\/product\/ecoflow-delta-pro-bundle-two-400w-solr\/","url":"https:\/\/koningdrone.be\/product\/ecoflow-delta-pro-bundle-two-400w-solr\/","name":"Ecoflow DELTA Pro Bundle (two 400W Solr) - koningdrone.be","isPartOf":{"@id":"https:\/\/koningdrone.be\/#website"},"primaryImageOfPage":{"@id":"https:\/\/koningdrone.be\/product\/ecoflow-delta-pro-bundle-two-400w-solr\/#primaryimage"},"image":{"@id":"https:\/\/koningdrone.be\/product\/ecoflow-delta-pro-bundle-two-400w-solr\/#primaryimage"},"thumbnailUrl":"https:\/\/koningdrone.be\/wp-content\/uploads\/sites\/13\/2025\/04\/5706649033199-1.jpg","datePublished":"2023-07-05T11:44:55+00:00","dateModified":"2026-04-29T12:30:02+00:00","breadcrumb":{"@id":"https:\/\/koningdrone.be\/product\/ecoflow-delta-pro-bundle-two-400w-solr\/#breadcrumb"},"inLanguage":"fr-BE","potentialAction":[{"@type":"ReadAction","target":["https:\/\/koningdrone.be\/product\/ecoflow-delta-pro-bundle-two-400w-solr\/"]}]},{"@type":"ImageObject","inLanguage":"fr-BE","@id":"https:\/\/koningdrone.be\/product\/ecoflow-delta-pro-bundle-two-400w-solr\/#primaryimage","url":"https:\/\/koningdrone.be\/wp-content\/uploads\/sites\/13\/2025\/04\/5706649033199-1.jpg","contentUrl":"https:\/\/koningdrone.be\/wp-content\/uploads\/sites\/13\/2025\/04\/5706649033199-1.jpg","width":1000,"height":1000},{"@type":"BreadcrumbList","@id":"https:\/\/koningdrone.be\/product\/ecoflow-delta-pro-bundle-two-400w-solr\/#breadcrumb","itemListElement":[{"@type":"ListItem","position":1,"name":"Home","item":"https:\/\/koningdrone.be\/"},{"@type":"ListItem","position":2,"name":"AVSS Parachute Recovery System for DJI Matrice 300\/350","item":"https:\/\/koningdrone.be\/product\/avss-parachute-recovery-system-for-dji-matrice-300-350\/"},{"@type":"ListItem","position":3,"name":"Alle producten","item":"https:\/\/koningdrone.be\/categorie\/alle-producten\/"},{"@type":"ListItem","position":4,"name":"Ecoflow DELTA Pro Bundle (two 400W Solr)"}]},{"@type":"WebSite","@id":"https:\/\/koningdrone.be\/#website","url":"https:\/\/koningdrone.be\/","name":"Koningdrone.be - Votre sp\u00e9cialiste en ligne en mati\u00e8re de drones, de cardans, de cam\u00e9ras et de centrales \u00e9lectriques.","description":"La boutique en ligne de drones et de cardans","publisher":{"@id":"https:\/\/koningdrone.be\/#organization"},"potentialAction":[{"@type":"SearchAction","target":{"@type":"EntryPoint","urlTemplate":"https:\/\/koningdrone.be\/?s={search_term_string}"},"query-input":{"@type":"PropertyValueSpecification","valueRequired":true,"valueName":"search_term_string"}}],"inLanguage":"fr-BE"},{"@type":"Organization","@id":"https:\/\/koningdrone.be\/#organization","name":"Kingdrone.co.uk","url":"https:\/\/koningdrone.be\/","logo":{"@type":"ImageObject","inLanguage":"fr-BE","@id":"https:\/\/koningdrone.be\/#\/schema\/logo\/image\/","url":"https:\/\/koningdrone.be\/wp-content\/uploads\/sites\/13\/2025\/04\/koningdrone-copyright-logo.svg","contentUrl":"https:\/\/koningdrone.be\/wp-content\/uploads\/sites\/13\/2025\/04\/koningdrone-copyright-logo.svg","width":227,"height":38,"caption":"Koningdrone.be"},"image":{"@id":"https:\/\/koningdrone.be\/#\/schema\/logo\/image\/"}}]}},"df_price":"","df_sale_price":"","df_regular_price":"","df_image_link":"https:\/\/koningdrone.be\/wp-content\/uploads\/sites\/13\/2025\/04\/5706649033199-1-300x300.jpg","_links":{"self":[{"href":"https:\/\/koningdrone.be\/fr\/wp-json\/wp\/v2\/product\/4652","targetHints":{"allow":["GET"]}}],"collection":[{"href":"https:\/\/koningdrone.be\/fr\/wp-json\/wp\/v2\/product"}],"about":[{"href":"https:\/\/koningdrone.be\/fr\/wp-json\/wp\/v2\/types\/product"}],"wp:featuredmedia":[{"embeddable":true,"href":"https:\/\/koningdrone.be\/fr\/wp-json\/wp\/v2\/media\/4649"}],"wp:attachment":[{"href":"https:\/\/koningdrone.be\/fr\/wp-json\/wp\/v2\/media?parent=4652"}],"wp:term":[{"taxonomy":"product_brand","embeddable":true,"href":"https:\/\/koningdrone.be\/fr\/wp-json\/wp\/v2\/product_brand?post=4652"},{"taxonomy":"product_cat","embeddable":true,"href":"https:\/\/koningdrone.be\/fr\/wp-json\/wp\/v2\/product_cat?post=4652"},{"taxonomy":"product_tag","embeddable":true,"href":"https:\/\/koningdrone.be\/fr\/wp-json\/wp\/v2\/product_tag?post=4652"}],"curies":[{"name":"wp","href":"https:\/\/api.w.org\/{rel}","templated":true}]}}