{"id":4612,"date":"2023-07-05T13:44:55","date_gmt":"2023-07-05T11:44:55","guid":{"rendered":"https:\/\/koningdrone.nl\/kon\/product\/ecoflow-delta-max-2000600w-micro-inverter-bundle\/"},"modified":"2026-04-29T14:30:20","modified_gmt":"2026-04-29T12:30:20","slug":"ecoflow-delta-max-2000600w-micro-inverter-bundle","status":"publish","type":"product","link":"https:\/\/koningdrone.be\/fr\/produit\/ecoflow-delta-max-2000600w-micro-inverter-bundle\/","title":{"rendered":"Ecoflow DELTA Max 2000+600W Micro Inverter bundle"},"content":{"rendered":"<p>La station d'alimentation Ecoflow Delta Max - version UE est une solution de stockage puissante d'une capacit\u00e9 de 2016 Wh, extensible \u00e0 un total de 6 kWh. Cela lui permet d'alimenter pratiquement n'importe quel appareil jusqu'\u00e0 2400 W, ce qui la rend id\u00e9ale pour recharger les smartphones, les tablettes, les ordinateurs portables, les drones, les lampes, les t\u00e9l\u00e9viseurs, les petits r\u00e9frig\u00e9rateurs et m\u00eame les appareils plus puissants tels que les bouilloires, les cafeti\u00e8res et les pompes \u00e0 eau.<\/p>\n<p><strong>Capacit\u00e9 et technologie de recharge<\/strong><\/p>\n<p>Avec une batterie int\u00e9gr\u00e9e au lithium-ion de 2016 Wh, la capacit\u00e9 de la Delta Max peut \u00eatre tripl\u00e9e \u00e0 6048 Wh en ajoutant une batterie suppl\u00e9mentaire d'Ecoflow. Cela permet d'alimenter les appareils encore plus longtemps. Gr\u00e2ce \u00e0 la technologie X-Stream, la Delta Max peut \u00eatre charg\u00e9e de 0 \u00e0 80% en 65 minutes, ce qui limite le temps de charge compl\u00e8te \u00e0 seulement 2 heures. Avec une entr\u00e9e solaire avanc\u00e9e de 800W \/ 11V - 100V et un adaptateur secteur de 2600W, le processus de charge peut \u00eatre maximis\u00e9.<\/p>\n<p><strong>Connectivit\u00e9 et fonctionnalit\u00e9s de l'application<\/strong><\/p>\n<p>Gr\u00e2ce \u00e0 l'application Ecoflow, vous pouvez acc\u00e9der \u00e0 des informations d\u00e9taill\u00e9es sur l'\u00e9tat de la station de charge, le panneau de commande et les options de charge. Gr\u00e2ce \u00e0 la fonction Wi-Fi, la Delta Max peut \u00e9galement \u00eatre contr\u00f4l\u00e9e \u00e0 distance via le routeur Wi-Fi. Le syst\u00e8me de gestion de la batterie est con\u00e7u pour surveiller les cellules individuelles plusieurs fois par minute, optimisant ainsi l'utilisation de la capacit\u00e9, prot\u00e9geant la batterie contre la surcharge et garantissant une dur\u00e9e de vie plus longue.<\/p>\n<p><strong>Ecoflow PowerStream Micro Onduleur-EU 600W<\/strong><\/p>\n<p>Le micro-onduleur Ecoflow PowerStream-EU 600W convertit l'\u00e9nergie solaire g\u00e9n\u00e9r\u00e9e en courant alternatif et la r\u00e9injecte dans le r\u00e9seau directement via la prise murale. Cela vous permet d'\u00eatre autonome et d'\u00e9conomiser sur vos factures d'\u00e9lectricit\u00e9. Le micro-onduleur est adapt\u00e9 \u00e0 la production d'\u00e9nergie solaire avec un maximum de 2 panneaux solaires d'une puissance de 400 W chacun. Associ\u00e9e \u00e0 une centrale \u00e9lectrique Ecoflow, l'\u00e9nergie produite pendant la journ\u00e9e peut \u00eatre stock\u00e9e et utilis\u00e9e pendant la nuit, ce qui permet de r\u00e9aliser des \u00e9conomies et d'alimenter la maison de mani\u00e8re durable.<\/p>\n<p><\/p>","protected":false},"excerpt":{"rendered":"<p>De Ecoflow Delta Max Krachtcentrale &#8211; EU versie is een krachtige capaciteitsopslagoplossing met een capaciteit van 2016 Wh, uitbreidbaar tot een totaal van 6 kWh. Dit maakt het mogelijk om vrijwel elk apparaat tot 2400W van stroom te voorzien, waardoor het ideaal is voor het opladen van smartphones, tablets, laptops, drones, verlichting, tv&#8217;s, kleine koelkasten [&hellip;]<\/p>\n","protected":false},"featured_media":4611,"template":"","meta":{"_acf_changed":false},"product_brand":[],"product_cat":[454,97,245,415],"product_tag":[],"class_list":{"0":"post-4612","1":"product","2":"type-product","3":"status-publish","4":"has-post-thumbnail","6":"product_cat-alle-powerstations","7":"product_cat-alle-producten","8":"product_cat-ecoflow","9":"product_cat-energy","10":"product_shipping_class-outofstock","11":"pa_brand-ecoflow","12":"pa_materiaal-kunststof","13":"pa_productfamily-power-station","14":"pa_producttype-power-station","15":"pa_series-delta-max","17":"first","18":"outofstock","19":"taxable","20":"shipping-taxable","21":"product-type-simple"},"acf":[],"yoast_head":"<!-- This site is optimized with the Yoast SEO Premium plugin v27.2 (Yoast SEO v27.2) - https:\/\/yoast.com\/product\/yoast-seo-premium-wordpress\/ -->\n<title>Ecoflow DELTA Max 2000+600W Micro Inverter bundle - koningdrone.be<\/title>\n<meta name=\"robots\" content=\"index, follow, max-snippet:-1, max-image-preview:large, max-video-preview:-1\" \/>\n<link rel=\"canonical\" href=\"https:\/\/koningdrone.be\/fr\/produit\/ecoflow-delta-max-2000600w-micro-inverter-bundle\/\" \/>\n<meta property=\"og:locale\" content=\"fr_FR\" \/>\n<meta property=\"og:type\" content=\"article\" \/>\n<meta property=\"og:title\" content=\"Ecoflow DELTA Max 2000+600W Micro Inverter bundle\" \/>\n<meta property=\"og:description\" content=\"De Ecoflow Delta Max Krachtcentrale &#8211; EU versie is een krachtige capaciteitsopslagoplossing met een capaciteit van 2016 Wh, uitbreidbaar tot een totaal van 6 kWh. Dit maakt het mogelijk om vrijwel elk apparaat tot 2400W van stroom te voorzien, waardoor het ideaal is voor het opladen van smartphones, tablets, laptops, drones, verlichting, tv&#8217;s, kleine koelkasten [&hellip;]\" \/>\n<meta property=\"og:url\" content=\"https:\/\/koningdrone.be\/fr\/produit\/ecoflow-delta-max-2000600w-micro-inverter-bundle\/\" \/>\n<meta property=\"og:site_name\" content=\"koningdrone.be\" \/>\n<meta property=\"article:modified_time\" content=\"2026-04-29T12:30:20+00:00\" \/>\n<meta property=\"og:image\" content=\"https:\/\/koningdrone.be\/wp-content\/uploads\/sites\/13\/2025\/04\/5706649033465.jpeg\" \/>\n\t<meta property=\"og:image:width\" content=\"1000\" \/>\n\t<meta property=\"og:image:height\" content=\"1000\" \/>\n\t<meta property=\"og:image:type\" content=\"image\/jpeg\" \/>\n<meta name=\"twitter:card\" content=\"summary_large_image\" \/>\n<meta name=\"twitter:label1\" content=\"Dur\u00e9e de lecture est.\" \/>\n\t<meta name=\"twitter:data1\" content=\"2 minutes\" \/>\n<script type=\"application\/ld+json\" class=\"yoast-schema-graph\">{\"@context\":\"https:\/\/schema.org\",\"@graph\":[{\"@type\":\"WebPage\",\"@id\":\"https:\/\/koningdrone.be\/product\/ecoflow-delta-max-2000600w-micro-inverter-bundle\/\",\"url\":\"https:\/\/koningdrone.be\/product\/ecoflow-delta-max-2000600w-micro-inverter-bundle\/\",\"name\":\"Ecoflow DELTA Max 2000+600W Micro Inverter bundle - koningdrone.be\",\"isPartOf\":{\"@id\":\"https:\/\/koningdrone.be\/#website\"},\"primaryImageOfPage\":{\"@id\":\"https:\/\/koningdrone.be\/product\/ecoflow-delta-max-2000600w-micro-inverter-bundle\/#primaryimage\"},\"image\":{\"@id\":\"https:\/\/koningdrone.be\/product\/ecoflow-delta-max-2000600w-micro-inverter-bundle\/#primaryimage\"},\"thumbnailUrl\":\"https:\/\/koningdrone.be\/wp-content\/uploads\/sites\/13\/2025\/04\/5706649033465.jpeg\",\"datePublished\":\"2023-07-05T11:44:55+00:00\",\"dateModified\":\"2026-04-29T12:30:20+00:00\",\"breadcrumb\":{\"@id\":\"https:\/\/koningdrone.be\/product\/ecoflow-delta-max-2000600w-micro-inverter-bundle\/#breadcrumb\"},\"inLanguage\":\"fr-BE\",\"potentialAction\":[{\"@type\":\"ReadAction\",\"target\":[\"https:\/\/koningdrone.be\/product\/ecoflow-delta-max-2000600w-micro-inverter-bundle\/\"]}]},{\"@type\":\"ImageObject\",\"inLanguage\":\"fr-BE\",\"@id\":\"https:\/\/koningdrone.be\/product\/ecoflow-delta-max-2000600w-micro-inverter-bundle\/#primaryimage\",\"url\":\"https:\/\/koningdrone.be\/wp-content\/uploads\/sites\/13\/2025\/04\/5706649033465.jpeg\",\"contentUrl\":\"https:\/\/koningdrone.be\/wp-content\/uploads\/sites\/13\/2025\/04\/5706649033465.jpeg\",\"width\":1000,\"height\":1000},{\"@type\":\"BreadcrumbList\",\"@id\":\"https:\/\/koningdrone.be\/product\/ecoflow-delta-max-2000600w-micro-inverter-bundle\/#breadcrumb\",\"itemListElement\":[{\"@type\":\"ListItem\",\"position\":1,\"name\":\"Home\",\"item\":\"https:\/\/koningdrone.be\/\"},{\"@type\":\"ListItem\",\"position\":2,\"name\":\"AVSS Parachute Recovery System for DJI Matrice 300\/350\",\"item\":\"https:\/\/koningdrone.be\/product\/avss-parachute-recovery-system-for-dji-matrice-300-350\/\"},{\"@type\":\"ListItem\",\"position\":3,\"name\":\"Alle powerstations\",\"item\":\"https:\/\/koningdrone.be\/categorie\/alle-powerstations\/\"},{\"@type\":\"ListItem\",\"position\":4,\"name\":\"Ecoflow DELTA Max 2000+600W Micro Inverter bundle\"}]},{\"@type\":\"WebSite\",\"@id\":\"https:\/\/koningdrone.be\/#website\",\"url\":\"https:\/\/koningdrone.be\/\",\"name\":\"Koningdrone.be - Uw online specialist in drones, gimbals, camera's en power stations.\",\"description\":\"De webshop in drones en gimbals\",\"publisher\":{\"@id\":\"https:\/\/koningdrone.be\/#organization\"},\"potentialAction\":[{\"@type\":\"SearchAction\",\"target\":{\"@type\":\"EntryPoint\",\"urlTemplate\":\"https:\/\/koningdrone.be\/?s={search_term_string}\"},\"query-input\":{\"@type\":\"PropertyValueSpecification\",\"valueRequired\":true,\"valueName\":\"search_term_string\"}}],\"inLanguage\":\"fr-BE\"},{\"@type\":\"Organization\",\"@id\":\"https:\/\/koningdrone.be\/#organization\",\"name\":\"Koningdrone.be\",\"url\":\"https:\/\/koningdrone.be\/\",\"logo\":{\"@type\":\"ImageObject\",\"inLanguage\":\"fr-BE\",\"@id\":\"https:\/\/koningdrone.be\/#\/schema\/logo\/image\/\",\"url\":\"https:\/\/koningdrone.be\/wp-content\/uploads\/sites\/13\/2025\/04\/koningdrone-copyright-logo.svg\",\"contentUrl\":\"https:\/\/koningdrone.be\/wp-content\/uploads\/sites\/13\/2025\/04\/koningdrone-copyright-logo.svg\",\"width\":227,\"height\":38,\"caption\":\"Koningdrone.be\"},\"image\":{\"@id\":\"https:\/\/koningdrone.be\/#\/schema\/logo\/image\/\"}}]}<\/script>\n<!-- \/ Yoast SEO Premium plugin. -->","yoast_head_json":{"title":"Ecoflow DELTA Max 2000+600W Micro Inverter bundle - koningdrone.be","robots":{"index":"index","follow":"follow","max-snippet":"max-snippet:-1","max-image-preview":"max-image-preview:large","max-video-preview":"max-video-preview:-1"},"canonical":"https:\/\/koningdrone.be\/fr\/produit\/ecoflow-delta-max-2000600w-micro-inverter-bundle\/","og_locale":"fr_FR","og_type":"article","og_title":"Ecoflow DELTA Max 2000+600W Micro Inverter bundle","og_description":"De Ecoflow Delta Max Krachtcentrale &#8211; EU versie is een krachtige capaciteitsopslagoplossing met een capaciteit van 2016 Wh, uitbreidbaar tot een totaal van 6 kWh. Dit maakt het mogelijk om vrijwel elk apparaat tot 2400W van stroom te voorzien, waardoor het ideaal is voor het opladen van smartphones, tablets, laptops, drones, verlichting, tv&#8217;s, kleine koelkasten [&hellip;]","og_url":"https:\/\/koningdrone.be\/fr\/produit\/ecoflow-delta-max-2000600w-micro-inverter-bundle\/","og_site_name":"koningdrone.be","article_modified_time":"2026-04-29T12:30:20+00:00","og_image":[{"width":1000,"height":1000,"url":"https:\/\/koningdrone.be\/wp-content\/uploads\/sites\/13\/2025\/04\/5706649033465.jpeg","type":"image\/jpeg"}],"twitter_card":"summary_large_image","twitter_misc":{"Dur\u00e9e de lecture est.":"2 minutes"},"schema":{"@context":"https:\/\/schema.org","@graph":[{"@type":"WebPage","@id":"https:\/\/koningdrone.be\/product\/ecoflow-delta-max-2000600w-micro-inverter-bundle\/","url":"https:\/\/koningdrone.be\/product\/ecoflow-delta-max-2000600w-micro-inverter-bundle\/","name":"Ecoflow DELTA Max 2000+600W Micro Inverter bundle - koningdrone.be","isPartOf":{"@id":"https:\/\/koningdrone.be\/#website"},"primaryImageOfPage":{"@id":"https:\/\/koningdrone.be\/product\/ecoflow-delta-max-2000600w-micro-inverter-bundle\/#primaryimage"},"image":{"@id":"https:\/\/koningdrone.be\/product\/ecoflow-delta-max-2000600w-micro-inverter-bundle\/#primaryimage"},"thumbnailUrl":"https:\/\/koningdrone.be\/wp-content\/uploads\/sites\/13\/2025\/04\/5706649033465.jpeg","datePublished":"2023-07-05T11:44:55+00:00","dateModified":"2026-04-29T12:30:20+00:00","breadcrumb":{"@id":"https:\/\/koningdrone.be\/product\/ecoflow-delta-max-2000600w-micro-inverter-bundle\/#breadcrumb"},"inLanguage":"fr-BE","potentialAction":[{"@type":"ReadAction","target":["https:\/\/koningdrone.be\/product\/ecoflow-delta-max-2000600w-micro-inverter-bundle\/"]}]},{"@type":"ImageObject","inLanguage":"fr-BE","@id":"https:\/\/koningdrone.be\/product\/ecoflow-delta-max-2000600w-micro-inverter-bundle\/#primaryimage","url":"https:\/\/koningdrone.be\/wp-content\/uploads\/sites\/13\/2025\/04\/5706649033465.jpeg","contentUrl":"https:\/\/koningdrone.be\/wp-content\/uploads\/sites\/13\/2025\/04\/5706649033465.jpeg","width":1000,"height":1000},{"@type":"BreadcrumbList","@id":"https:\/\/koningdrone.be\/product\/ecoflow-delta-max-2000600w-micro-inverter-bundle\/#breadcrumb","itemListElement":[{"@type":"ListItem","position":1,"name":"Home","item":"https:\/\/koningdrone.be\/"},{"@type":"ListItem","position":2,"name":"AVSS Parachute Recovery System for DJI Matrice 300\/350","item":"https:\/\/koningdrone.be\/product\/avss-parachute-recovery-system-for-dji-matrice-300-350\/"},{"@type":"ListItem","position":3,"name":"Alle powerstations","item":"https:\/\/koningdrone.be\/categorie\/alle-powerstations\/"},{"@type":"ListItem","position":4,"name":"Ecoflow DELTA Max 2000+600W Micro Inverter bundle"}]},{"@type":"WebSite","@id":"https:\/\/koningdrone.be\/#website","url":"https:\/\/koningdrone.be\/","name":"Koningdrone.be - Votre sp\u00e9cialiste en ligne en mati\u00e8re de drones, de cardans, de cam\u00e9ras et de centrales \u00e9lectriques.","description":"La boutique en ligne de drones et de cardans","publisher":{"@id":"https:\/\/koningdrone.be\/#organization"},"potentialAction":[{"@type":"SearchAction","target":{"@type":"EntryPoint","urlTemplate":"https:\/\/koningdrone.be\/?s={search_term_string}"},"query-input":{"@type":"PropertyValueSpecification","valueRequired":true,"valueName":"search_term_string"}}],"inLanguage":"fr-BE"},{"@type":"Organization","@id":"https:\/\/koningdrone.be\/#organization","name":"Kingdrone.co.uk","url":"https:\/\/koningdrone.be\/","logo":{"@type":"ImageObject","inLanguage":"fr-BE","@id":"https:\/\/koningdrone.be\/#\/schema\/logo\/image\/","url":"https:\/\/koningdrone.be\/wp-content\/uploads\/sites\/13\/2025\/04\/koningdrone-copyright-logo.svg","contentUrl":"https:\/\/koningdrone.be\/wp-content\/uploads\/sites\/13\/2025\/04\/koningdrone-copyright-logo.svg","width":227,"height":38,"caption":"Koningdrone.be"},"image":{"@id":"https:\/\/koningdrone.be\/#\/schema\/logo\/image\/"}}]}},"df_price":"","df_sale_price":"","df_regular_price":"","df_image_link":"https:\/\/koningdrone.be\/wp-content\/uploads\/sites\/13\/2025\/04\/5706649033465-300x300.jpeg","_links":{"self":[{"href":"https:\/\/koningdrone.be\/fr\/wp-json\/wp\/v2\/product\/4612","targetHints":{"allow":["GET"]}}],"collection":[{"href":"https:\/\/koningdrone.be\/fr\/wp-json\/wp\/v2\/product"}],"about":[{"href":"https:\/\/koningdrone.be\/fr\/wp-json\/wp\/v2\/types\/product"}],"wp:featuredmedia":[{"embeddable":true,"href":"https:\/\/koningdrone.be\/fr\/wp-json\/wp\/v2\/media\/4611"}],"wp:attachment":[{"href":"https:\/\/koningdrone.be\/fr\/wp-json\/wp\/v2\/media?parent=4612"}],"wp:term":[{"taxonomy":"product_brand","embeddable":true,"href":"https:\/\/koningdrone.be\/fr\/wp-json\/wp\/v2\/product_brand?post=4612"},{"taxonomy":"product_cat","embeddable":true,"href":"https:\/\/koningdrone.be\/fr\/wp-json\/wp\/v2\/product_cat?post=4612"},{"taxonomy":"product_tag","embeddable":true,"href":"https:\/\/koningdrone.be\/fr\/wp-json\/wp\/v2\/product_tag?post=4612"}],"curies":[{"name":"wp","href":"https:\/\/api.w.org\/{rel}","templated":true}]}}