{"id":4605,"date":"2023-07-05T13:44:55","date_gmt":"2023-07-05T11:44:55","guid":{"rendered":"https:\/\/koningdrone.nl\/kon\/product\/ecoflow-delta-pro600w-micro-inverter-bundle\/"},"modified":"2026-04-29T14:30:10","modified_gmt":"2026-04-29T12:30:10","slug":"ecoflow-delta-pro600w-micro-inverter-bundle","status":"publish","type":"product","link":"https:\/\/koningdrone.be\/fr\/produit\/ecoflow-delta-pro600w-micro-inverter-bundle\/","title":{"rendered":"Ecoflow DELTA Pro+600W Micro Inverter bundle"},"content":{"rendered":"<p>La centrale EcoFlow DELTA Pro - version UE est un syst\u00e8me de stockage d'\u00e9nergie modulaire con\u00e7u sp\u00e9cialement pour un usage domestique. Cette batterie LiFePO4 a une capacit\u00e9 de 3600 Wh et peut \u00eatre \u00e9tendue jusqu'\u00e0 25 kWh avec des batteries suppl\u00e9mentaires et des g\u00e9n\u00e9rateurs intelligents. Le panneau Smarthome d'Ecoflow qui l'accompagne (disponible exclusivement en 2022) peut \u00eatre int\u00e9gr\u00e9 dans le bo\u00eetier du compteur et garantit une alimentation \u00e9lectrique ininterrompue en cas d'urgence ou de panne. Ce syst\u00e8me r\u00e9duit \u00e9galement la d\u00e9pendance \u00e0 l'\u00e9gard du r\u00e9seau, ce qui vous permet d'\u00e9conomiser sur vos factures d'\u00e9nergie.<\/p>\n<p><strong>Capacit\u00e9 et possibilit\u00e9s d'expansion<\/strong> <\/p>\n<p>Avec une puissance allant jusqu'\u00e0 3600 W (7200 W en charge de pointe), la Delta Pro Power Station peut alimenter des appareils tels que des r\u00e9frig\u00e9rateurs, des cong\u00e9lateurs, des climatiseurs, des machines \u00e0 laver, des aspirateurs et des outils \u00e9lectriques. Vous pouvez augmenter la capacit\u00e9 jusqu'\u00e0 10,8 kWh avec deux batteries suppl\u00e9mentaires ou m\u00eame jusqu'\u00e0 25 kWh en choisissant deux Delta Pro avec des batteries suppl\u00e9mentaires et des g\u00e9n\u00e9rateurs intelligents.<\/p>\n<p><strong>Rechargeabilit\u00e9 et longue dur\u00e9e de vie<\/strong> <\/p>\n<p>La technologie brevet\u00e9e X-Stream permet \u00e0 la Delta Pro de se charger rapidement avec une puissance allant jusqu'\u00e0 2900 W, ce qui permet \u00e0 la station d'\u00e9nergie d'\u00eatre compl\u00e8tement charg\u00e9e en 1,9 heure. L'application Ecoflow vous permet de d\u00e9finir les exigences de charge et de g\u00e9rer votre consommation d'\u00e9nergie, tandis que la batterie LiFePO4 int\u00e9gr\u00e9e dure de nombreuses ann\u00e9es. Cela fait du DELTA Pro un produit de stockage d'\u00e9nergie tr\u00e8s innovant, offrant s\u00e9curit\u00e9 et ind\u00e9pendance o\u00f9 que vous soyez.<\/p>\n<p><strong>PowerStream Micro Onduleur-EU 600W<\/strong> <\/p>\n<p>Le micro-onduleur Ecoflow PowerStream-EU 600W convertit l'\u00e9nergie solaire g\u00e9n\u00e9r\u00e9e en courant alternatif et peut la r\u00e9injecter directement dans le r\u00e9seau. Cela vous permet de stocker l'\u00e9nergie g\u00e9n\u00e9r\u00e9e pendant la journ\u00e9e et de l'utiliser selon vos besoins pendant la nuit. Avec une capacit\u00e9 de 600 W, ce micro-onduleur convient pour r\u00e9injecter de l'\u00e9nergie dans le r\u00e9seau public. Combin\u00e9 \u00e0 des panneaux solaires, le micro-onduleur offre une solution intelligente pour \u00eatre autonome et \u00e9conomiser de l'argent sur votre facture d'\u00e9lectricit\u00e9.<\/p>\n<p><\/p>","protected":false},"excerpt":{"rendered":"<p>De EcoFlow DELTA Pro Power Station &#8211; EU-versie is een modulair energieopslagsysteem dat speciaal is ontworpen voor thuisgebruik. Deze LiFePO4 accu heeft een capaciteit van 3600 Wh en kan worden uitgebreid tot 25 kWh met extra accu&#8217;s en slimme generatoren. Het bijbehorende Smarthome-paneel van Ecoflow (exclusief verkrijgbaar in 2022) kan worden ge\u00efntegreerd in de meterkast [&hellip;]<\/p>\n","protected":false},"featured_media":4603,"template":"","meta":{"_acf_changed":false},"product_brand":[],"product_cat":[454,97,245,415],"product_tag":[],"class_list":{"0":"post-4605","1":"product","2":"type-product","3":"status-publish","4":"has-post-thumbnail","6":"product_cat-alle-powerstations","7":"product_cat-alle-producten","8":"product_cat-ecoflow","9":"product_cat-energy","10":"product_shipping_class-outofstock","11":"pa_brand-ecoflow","12":"pa_materiaal-kunststof","13":"pa_productfamily-power-station","14":"pa_producttype-power-station","15":"pa_series-delta-pro","17":"first","18":"outofstock","19":"taxable","20":"shipping-taxable","21":"product-type-simple"},"acf":[],"yoast_head":"<!-- This site is optimized with the Yoast SEO Premium plugin v27.2 (Yoast SEO v27.2) - https:\/\/yoast.com\/product\/yoast-seo-premium-wordpress\/ -->\n<title>Ecoflow DELTA Pro+600W Micro Inverter bundle - koningdrone.be<\/title>\n<meta name=\"robots\" content=\"index, follow, max-snippet:-1, max-image-preview:large, max-video-preview:-1\" \/>\n<link rel=\"canonical\" href=\"https:\/\/koningdrone.be\/fr\/produit\/ecoflow-delta-pro600w-micro-inverter-bundle\/\" \/>\n<meta property=\"og:locale\" content=\"fr_FR\" \/>\n<meta property=\"og:type\" content=\"article\" \/>\n<meta property=\"og:title\" content=\"Ecoflow DELTA Pro+600W Micro Inverter bundle\" \/>\n<meta property=\"og:description\" content=\"De EcoFlow DELTA Pro Power Station &#8211; EU-versie is een modulair energieopslagsysteem dat speciaal is ontworpen voor thuisgebruik. Deze LiFePO4 accu heeft een capaciteit van 3600 Wh en kan worden uitgebreid tot 25 kWh met extra accu&#8217;s en slimme generatoren. Het bijbehorende Smarthome-paneel van Ecoflow (exclusief verkrijgbaar in 2022) kan worden ge\u00efntegreerd in de meterkast [&hellip;]\" \/>\n<meta property=\"og:url\" content=\"https:\/\/koningdrone.be\/fr\/produit\/ecoflow-delta-pro600w-micro-inverter-bundle\/\" \/>\n<meta property=\"og:site_name\" content=\"koningdrone.be\" \/>\n<meta property=\"article:modified_time\" content=\"2026-04-29T12:30:10+00:00\" \/>\n<meta property=\"og:image\" content=\"https:\/\/koningdrone.be\/wp-content\/uploads\/sites\/13\/2025\/04\/5706649033472-1.jpg\" \/>\n\t<meta property=\"og:image:width\" content=\"1600\" \/>\n\t<meta property=\"og:image:height\" content=\"800\" \/>\n\t<meta property=\"og:image:type\" content=\"image\/jpeg\" \/>\n<meta name=\"twitter:card\" content=\"summary_large_image\" \/>\n<meta name=\"twitter:label1\" content=\"Dur\u00e9e de lecture est.\" \/>\n\t<meta name=\"twitter:data1\" content=\"1 minute\" \/>\n<script type=\"application\/ld+json\" class=\"yoast-schema-graph\">{\"@context\":\"https:\/\/schema.org\",\"@graph\":[{\"@type\":\"WebPage\",\"@id\":\"https:\/\/koningdrone.be\/product\/ecoflow-delta-pro600w-micro-inverter-bundle\/\",\"url\":\"https:\/\/koningdrone.be\/product\/ecoflow-delta-pro600w-micro-inverter-bundle\/\",\"name\":\"Ecoflow DELTA Pro+600W Micro Inverter bundle - koningdrone.be\",\"isPartOf\":{\"@id\":\"https:\/\/koningdrone.be\/#website\"},\"primaryImageOfPage\":{\"@id\":\"https:\/\/koningdrone.be\/product\/ecoflow-delta-pro600w-micro-inverter-bundle\/#primaryimage\"},\"image\":{\"@id\":\"https:\/\/koningdrone.be\/product\/ecoflow-delta-pro600w-micro-inverter-bundle\/#primaryimage\"},\"thumbnailUrl\":\"https:\/\/koningdrone.be\/wp-content\/uploads\/sites\/13\/2025\/04\/5706649033472-1.jpg\",\"datePublished\":\"2023-07-05T11:44:55+00:00\",\"dateModified\":\"2026-04-29T12:30:10+00:00\",\"breadcrumb\":{\"@id\":\"https:\/\/koningdrone.be\/product\/ecoflow-delta-pro600w-micro-inverter-bundle\/#breadcrumb\"},\"inLanguage\":\"fr-BE\",\"potentialAction\":[{\"@type\":\"ReadAction\",\"target\":[\"https:\/\/koningdrone.be\/product\/ecoflow-delta-pro600w-micro-inverter-bundle\/\"]}]},{\"@type\":\"ImageObject\",\"inLanguage\":\"fr-BE\",\"@id\":\"https:\/\/koningdrone.be\/product\/ecoflow-delta-pro600w-micro-inverter-bundle\/#primaryimage\",\"url\":\"https:\/\/koningdrone.be\/wp-content\/uploads\/sites\/13\/2025\/04\/5706649033472-1.jpg\",\"contentUrl\":\"https:\/\/koningdrone.be\/wp-content\/uploads\/sites\/13\/2025\/04\/5706649033472-1.jpg\",\"width\":1600,\"height\":800},{\"@type\":\"BreadcrumbList\",\"@id\":\"https:\/\/koningdrone.be\/product\/ecoflow-delta-pro600w-micro-inverter-bundle\/#breadcrumb\",\"itemListElement\":[{\"@type\":\"ListItem\",\"position\":1,\"name\":\"Home\",\"item\":\"https:\/\/koningdrone.be\/\"},{\"@type\":\"ListItem\",\"position\":2,\"name\":\"AVSS Parachute Recovery System for DJI Matrice 300\/350\",\"item\":\"https:\/\/koningdrone.be\/product\/avss-parachute-recovery-system-for-dji-matrice-300-350\/\"},{\"@type\":\"ListItem\",\"position\":3,\"name\":\"Alle powerstations\",\"item\":\"https:\/\/koningdrone.be\/categorie\/alle-powerstations\/\"},{\"@type\":\"ListItem\",\"position\":4,\"name\":\"Ecoflow DELTA Pro+600W Micro Inverter bundle\"}]},{\"@type\":\"WebSite\",\"@id\":\"https:\/\/koningdrone.be\/#website\",\"url\":\"https:\/\/koningdrone.be\/\",\"name\":\"Koningdrone.be - Uw online specialist in drones, gimbals, camera's en power stations.\",\"description\":\"De webshop in drones en gimbals\",\"publisher\":{\"@id\":\"https:\/\/koningdrone.be\/#organization\"},\"potentialAction\":[{\"@type\":\"SearchAction\",\"target\":{\"@type\":\"EntryPoint\",\"urlTemplate\":\"https:\/\/koningdrone.be\/?s={search_term_string}\"},\"query-input\":{\"@type\":\"PropertyValueSpecification\",\"valueRequired\":true,\"valueName\":\"search_term_string\"}}],\"inLanguage\":\"fr-BE\"},{\"@type\":\"Organization\",\"@id\":\"https:\/\/koningdrone.be\/#organization\",\"name\":\"Koningdrone.be\",\"url\":\"https:\/\/koningdrone.be\/\",\"logo\":{\"@type\":\"ImageObject\",\"inLanguage\":\"fr-BE\",\"@id\":\"https:\/\/koningdrone.be\/#\/schema\/logo\/image\/\",\"url\":\"https:\/\/koningdrone.be\/wp-content\/uploads\/sites\/13\/2025\/04\/koningdrone-copyright-logo.svg\",\"contentUrl\":\"https:\/\/koningdrone.be\/wp-content\/uploads\/sites\/13\/2025\/04\/koningdrone-copyright-logo.svg\",\"width\":227,\"height\":38,\"caption\":\"Koningdrone.be\"},\"image\":{\"@id\":\"https:\/\/koningdrone.be\/#\/schema\/logo\/image\/\"}}]}<\/script>\n<!-- \/ Yoast SEO Premium plugin. -->","yoast_head_json":{"title":"Ecoflow DELTA Pro+600W Micro Inverter bundle - koningdrone.be","robots":{"index":"index","follow":"follow","max-snippet":"max-snippet:-1","max-image-preview":"max-image-preview:large","max-video-preview":"max-video-preview:-1"},"canonical":"https:\/\/koningdrone.be\/fr\/produit\/ecoflow-delta-pro600w-micro-inverter-bundle\/","og_locale":"fr_FR","og_type":"article","og_title":"Ecoflow DELTA Pro+600W Micro Inverter bundle","og_description":"De EcoFlow DELTA Pro Power Station &#8211; EU-versie is een modulair energieopslagsysteem dat speciaal is ontworpen voor thuisgebruik. Deze LiFePO4 accu heeft een capaciteit van 3600 Wh en kan worden uitgebreid tot 25 kWh met extra accu&#8217;s en slimme generatoren. Het bijbehorende Smarthome-paneel van Ecoflow (exclusief verkrijgbaar in 2022) kan worden ge\u00efntegreerd in de meterkast [&hellip;]","og_url":"https:\/\/koningdrone.be\/fr\/produit\/ecoflow-delta-pro600w-micro-inverter-bundle\/","og_site_name":"koningdrone.be","article_modified_time":"2026-04-29T12:30:10+00:00","og_image":[{"width":1600,"height":800,"url":"https:\/\/koningdrone.be\/wp-content\/uploads\/sites\/13\/2025\/04\/5706649033472-1.jpg","type":"image\/jpeg"}],"twitter_card":"summary_large_image","twitter_misc":{"Dur\u00e9e de lecture est.":"1 minute"},"schema":{"@context":"https:\/\/schema.org","@graph":[{"@type":"WebPage","@id":"https:\/\/koningdrone.be\/product\/ecoflow-delta-pro600w-micro-inverter-bundle\/","url":"https:\/\/koningdrone.be\/product\/ecoflow-delta-pro600w-micro-inverter-bundle\/","name":"Ecoflow DELTA Pro+600W Micro Inverter bundle - koningdrone.be","isPartOf":{"@id":"https:\/\/koningdrone.be\/#website"},"primaryImageOfPage":{"@id":"https:\/\/koningdrone.be\/product\/ecoflow-delta-pro600w-micro-inverter-bundle\/#primaryimage"},"image":{"@id":"https:\/\/koningdrone.be\/product\/ecoflow-delta-pro600w-micro-inverter-bundle\/#primaryimage"},"thumbnailUrl":"https:\/\/koningdrone.be\/wp-content\/uploads\/sites\/13\/2025\/04\/5706649033472-1.jpg","datePublished":"2023-07-05T11:44:55+00:00","dateModified":"2026-04-29T12:30:10+00:00","breadcrumb":{"@id":"https:\/\/koningdrone.be\/product\/ecoflow-delta-pro600w-micro-inverter-bundle\/#breadcrumb"},"inLanguage":"fr-BE","potentialAction":[{"@type":"ReadAction","target":["https:\/\/koningdrone.be\/product\/ecoflow-delta-pro600w-micro-inverter-bundle\/"]}]},{"@type":"ImageObject","inLanguage":"fr-BE","@id":"https:\/\/koningdrone.be\/product\/ecoflow-delta-pro600w-micro-inverter-bundle\/#primaryimage","url":"https:\/\/koningdrone.be\/wp-content\/uploads\/sites\/13\/2025\/04\/5706649033472-1.jpg","contentUrl":"https:\/\/koningdrone.be\/wp-content\/uploads\/sites\/13\/2025\/04\/5706649033472-1.jpg","width":1600,"height":800},{"@type":"BreadcrumbList","@id":"https:\/\/koningdrone.be\/product\/ecoflow-delta-pro600w-micro-inverter-bundle\/#breadcrumb","itemListElement":[{"@type":"ListItem","position":1,"name":"Home","item":"https:\/\/koningdrone.be\/"},{"@type":"ListItem","position":2,"name":"AVSS Parachute Recovery System for DJI Matrice 300\/350","item":"https:\/\/koningdrone.be\/product\/avss-parachute-recovery-system-for-dji-matrice-300-350\/"},{"@type":"ListItem","position":3,"name":"Alle powerstations","item":"https:\/\/koningdrone.be\/categorie\/alle-powerstations\/"},{"@type":"ListItem","position":4,"name":"Ecoflow DELTA Pro+600W Micro Inverter bundle"}]},{"@type":"WebSite","@id":"https:\/\/koningdrone.be\/#website","url":"https:\/\/koningdrone.be\/","name":"Koningdrone.be - Votre sp\u00e9cialiste en ligne en mati\u00e8re de drones, de cardans, de cam\u00e9ras et de centrales \u00e9lectriques.","description":"La boutique en ligne de drones et de cardans","publisher":{"@id":"https:\/\/koningdrone.be\/#organization"},"potentialAction":[{"@type":"SearchAction","target":{"@type":"EntryPoint","urlTemplate":"https:\/\/koningdrone.be\/?s={search_term_string}"},"query-input":{"@type":"PropertyValueSpecification","valueRequired":true,"valueName":"search_term_string"}}],"inLanguage":"fr-BE"},{"@type":"Organization","@id":"https:\/\/koningdrone.be\/#organization","name":"Kingdrone.co.uk","url":"https:\/\/koningdrone.be\/","logo":{"@type":"ImageObject","inLanguage":"fr-BE","@id":"https:\/\/koningdrone.be\/#\/schema\/logo\/image\/","url":"https:\/\/koningdrone.be\/wp-content\/uploads\/sites\/13\/2025\/04\/koningdrone-copyright-logo.svg","contentUrl":"https:\/\/koningdrone.be\/wp-content\/uploads\/sites\/13\/2025\/04\/koningdrone-copyright-logo.svg","width":227,"height":38,"caption":"Koningdrone.be"},"image":{"@id":"https:\/\/koningdrone.be\/#\/schema\/logo\/image\/"}}]}},"df_price":"","df_sale_price":"","df_regular_price":"","df_image_link":"https:\/\/koningdrone.be\/wp-content\/uploads\/sites\/13\/2025\/04\/5706649033472-1-300x150.jpg","_links":{"self":[{"href":"https:\/\/koningdrone.be\/fr\/wp-json\/wp\/v2\/product\/4605","targetHints":{"allow":["GET"]}}],"collection":[{"href":"https:\/\/koningdrone.be\/fr\/wp-json\/wp\/v2\/product"}],"about":[{"href":"https:\/\/koningdrone.be\/fr\/wp-json\/wp\/v2\/types\/product"}],"wp:featuredmedia":[{"embeddable":true,"href":"https:\/\/koningdrone.be\/fr\/wp-json\/wp\/v2\/media\/4603"}],"wp:attachment":[{"href":"https:\/\/koningdrone.be\/fr\/wp-json\/wp\/v2\/media?parent=4605"}],"wp:term":[{"taxonomy":"product_brand","embeddable":true,"href":"https:\/\/koningdrone.be\/fr\/wp-json\/wp\/v2\/product_brand?post=4605"},{"taxonomy":"product_cat","embeddable":true,"href":"https:\/\/koningdrone.be\/fr\/wp-json\/wp\/v2\/product_cat?post=4605"},{"taxonomy":"product_tag","embeddable":true,"href":"https:\/\/koningdrone.be\/fr\/wp-json\/wp\/v2\/product_tag?post=4605"}],"curies":[{"name":"wp","href":"https:\/\/api.w.org\/{rel}","templated":true}]}}