{"id":4602,"date":"2023-07-05T13:44:55","date_gmt":"2023-07-05T11:44:55","guid":{"rendered":"https:\/\/koningdrone.nl\/kon\/product\/ecoflow-60w-solar-panel\/"},"modified":"2026-04-29T14:21:11","modified_gmt":"2026-04-29T12:21:11","slug":"ecoflow-60w-solar-panel","status":"publish","type":"product","link":"https:\/\/koningdrone.be\/fr\/produit\/ecoflow-60w-solar-panel\/","title":{"rendered":"Panneau solaire Ecoflow 60W"},"content":{"rendered":"<p>Le panneau solaire portable EcoFlow 60 Watt est une option l\u00e9g\u00e8re et pratique pour le camping ou le camping-car. Pesant seulement 3,2 kilogrammes, il est facile \u00e0 transporter gr\u00e2ce \u00e0 sa conception pliable.<\/p>\n<p><strong>Taux de conversion \u00e9lev\u00e9<\/strong><\/p>\n<p>Avec un taux de conversion \u00e9lev\u00e9 de 23,4%, par exemple, la centrale \u00e9lectrique portable RIVER 2 peut \u00eatre enti\u00e8rement recharg\u00e9e en seulement 5 heures en cas d'ensoleillement maximal. Le nouveau design pliable facilite l'installation et l'angle de charge peut \u00eatre ajust\u00e9 pour une efficacit\u00e9 maximale.<\/p>\n<p><strong>R\u00e9sistant aux intemp\u00e9ries<\/strong><\/p>\n<p>Le panneau solaire de 60 watts est con\u00e7u pour r\u00e9sister aux \u00e9l\u00e9ments, qu'ils soient humides ou secs et poussi\u00e9reux, gr\u00e2ce \u00e0 des cellules solaires \u00e9tanches et \u00e0 un film protecteur en ETFE. Fourni avec un sac de protection qui sert \u00e9galement de support solide, le panneau solaire est facile \u00e0 placer et \u00e0 ajuster n'importe o\u00f9 pour capter autant d'\u00e9nergie solaire que possible.<\/p>\n<p><strong>Connecteur complet<\/strong><\/p>\n<p>Le connecteur polyvalent permet une connexion facile \u00e0 toutes les stations d'alimentation EcoFlow et \u00e0 la plupart des batteries tierces. Lorsqu'il est connect\u00e9 \u00e0 une station d'alimentation EcoFlow, le panneau solaire portable de 60 watts est compatible avec l'application Ecoflow.<\/p>\n<p>&nbsp;<\/p>","protected":false},"excerpt":{"rendered":"<ul>\n<li>type de cellules monocristallines<\/li>\n<li>Convient pour le camping\/ext\u00e9rieur, le jardin\/terrasse<\/li>\n<li>Appareils adapt\u00e9s Centrale \u00e9lectrique RIVER 2, etc.<\/li>\n<li>Puissance totale du panneau solaire : 60 watts<\/li>\n<li>rendement 23.40%<\/li>\n<li>tension \u00e0 vide 24,5 volts<\/li>\n<li>courant de court-circuit 3,5A<\/li>\n<li>Fiche compatible MC4<\/li>\n<li>angle d'inclinaison r\u00e9glable<\/li>\n<li>Degr\u00e9 de protection IP68<\/li>\n<li>Caract\u00e9ristiques Le sac de protection sert \u00e9galement de support stable<\/li>\n<li>Plus d'informations Autoportant avec angle r\u00e9glable de 30\u00b0 \u00e0 60\u00b0, dimensions pli\u00e9es 38cm x 40cm<\/li>\n<li>Accessoires disponibles Manuel de l'utilisateur, c\u00e2ble de charge MC4 &gt; XT60i (2,5 m\u00e8tres), mallette de transport<\/li>\n<li>Dimensions Largeur : 400 mm x Longueur : 1 030 mm<\/li>\n<li>Poids 3,2 kg<\/li>\n<\/ul>","protected":false},"featured_media":4598,"template":"","meta":{"_acf_changed":false},"product_brand":[],"product_cat":[97,245,415,198],"product_tag":[],"class_list":{"0":"post-4602","1":"product","2":"type-product","3":"status-publish","4":"has-post-thumbnail","6":"product_cat-alle-producten","7":"product_cat-ecoflow","8":"product_cat-energy","9":"product_cat-zonnepanelen","10":"product_shipping_class-outofstock","11":"pa_afmetingen-opengevouwen-103-x-40-2-x-2-5-cm_x000d_-dichtgevouwen-38-x-40-2-x-2-5-cm","12":"pa_brand-ecoflow","13":"pa_gewicht-3-2-kg","14":"pa_materiaal-monocrystalline-silicon","15":"pa_productfamily-zonnepaneel","16":"pa_producttype-zonnepaneel","17":"pa_series-ecoflow","19":"first","20":"outofstock","21":"taxable","22":"shipping-taxable","23":"product-type-simple"},"acf":[],"yoast_head":"<!-- This site is optimized with the Yoast SEO Premium plugin v27.2 (Yoast SEO v27.2) - https:\/\/yoast.com\/product\/yoast-seo-premium-wordpress\/ -->\n<title>Ecoflow 60W Solar Panel - koningdrone.be<\/title>\n<meta name=\"robots\" content=\"index, follow, max-snippet:-1, max-image-preview:large, max-video-preview:-1\" \/>\n<link rel=\"canonical\" href=\"https:\/\/koningdrone.be\/fr\/produit\/ecoflow-60w-solar-panel\/\" \/>\n<meta property=\"og:locale\" content=\"fr_FR\" \/>\n<meta property=\"og:type\" content=\"article\" \/>\n<meta property=\"og:title\" content=\"Ecoflow 60W Solar Panel\" \/>\n<meta property=\"og:description\" content=\"type monokristallijne cellen  Geschikt voor Camping\/outdoor, tuin\/terras  Geschikte apparaten Krachtcentrale RIVER 2 etc  totaal rendement zonnepanelen 60 watt  rendement 23,40%  nullastspanning 24,5 volt  kortsluitstroom 3,5A  Stekker MC4 compatibel  kantelhoek verstelbaar  Beschermingsgraad IP68  kenmerk Beschermtas doet ook dienst als stabiele standaard  Meer informatie Zelfdragend met hoek verstelbaar van 30\u00b0 - 60\u00b0, ingeklapte afmetingen 38cm x 40cm  Accessoires verkrijgbaar Gebruikershandleiding, MC4 &gt; XT60i oplaadkabel (2,5 meter), draagtas  Afmetingen Breedte: 400 mm x Lengte: 1.030 mm  Gewicht 3,2 kg\" \/>\n<meta property=\"og:url\" content=\"https:\/\/koningdrone.be\/fr\/produit\/ecoflow-60w-solar-panel\/\" \/>\n<meta property=\"og:site_name\" content=\"koningdrone.be\" \/>\n<meta property=\"article:modified_time\" content=\"2026-04-29T12:21:11+00:00\" \/>\n<meta property=\"og:image\" content=\"https:\/\/koningdrone.be\/wp-content\/uploads\/sites\/13\/2025\/04\/4897082661368-1.jpg\" \/>\n\t<meta property=\"og:image:width\" content=\"1866\" \/>\n\t<meta property=\"og:image:height\" content=\"1866\" \/>\n\t<meta property=\"og:image:type\" content=\"image\/jpeg\" \/>\n<meta name=\"twitter:card\" content=\"summary_large_image\" \/>\n<meta name=\"twitter:label1\" content=\"Dur\u00e9e de lecture est.\" \/>\n\t<meta name=\"twitter:data1\" content=\"1 minute\" \/>\n<script type=\"application\/ld+json\" class=\"yoast-schema-graph\">{\"@context\":\"https:\/\/schema.org\",\"@graph\":[{\"@type\":\"WebPage\",\"@id\":\"https:\/\/koningdrone.be\/product\/ecoflow-60w-solar-panel\/\",\"url\":\"https:\/\/koningdrone.be\/product\/ecoflow-60w-solar-panel\/\",\"name\":\"Ecoflow 60W Solar Panel - koningdrone.be\",\"isPartOf\":{\"@id\":\"https:\/\/koningdrone.be\/#website\"},\"primaryImageOfPage\":{\"@id\":\"https:\/\/koningdrone.be\/product\/ecoflow-60w-solar-panel\/#primaryimage\"},\"image\":{\"@id\":\"https:\/\/koningdrone.be\/product\/ecoflow-60w-solar-panel\/#primaryimage\"},\"thumbnailUrl\":\"https:\/\/koningdrone.be\/wp-content\/uploads\/sites\/13\/2025\/04\/4897082661368-1.jpg\",\"datePublished\":\"2023-07-05T11:44:55+00:00\",\"dateModified\":\"2026-04-29T12:21:11+00:00\",\"breadcrumb\":{\"@id\":\"https:\/\/koningdrone.be\/product\/ecoflow-60w-solar-panel\/#breadcrumb\"},\"inLanguage\":\"fr-BE\",\"potentialAction\":[{\"@type\":\"ReadAction\",\"target\":[\"https:\/\/koningdrone.be\/product\/ecoflow-60w-solar-panel\/\"]}]},{\"@type\":\"ImageObject\",\"inLanguage\":\"fr-BE\",\"@id\":\"https:\/\/koningdrone.be\/product\/ecoflow-60w-solar-panel\/#primaryimage\",\"url\":\"https:\/\/koningdrone.be\/wp-content\/uploads\/sites\/13\/2025\/04\/4897082661368-1.jpg\",\"contentUrl\":\"https:\/\/koningdrone.be\/wp-content\/uploads\/sites\/13\/2025\/04\/4897082661368-1.jpg\",\"width\":1866,\"height\":1866},{\"@type\":\"BreadcrumbList\",\"@id\":\"https:\/\/koningdrone.be\/product\/ecoflow-60w-solar-panel\/#breadcrumb\",\"itemListElement\":[{\"@type\":\"ListItem\",\"position\":1,\"name\":\"Home\",\"item\":\"https:\/\/koningdrone.be\/\"},{\"@type\":\"ListItem\",\"position\":2,\"name\":\"AVSS Parachute Recovery System for DJI Matrice 300\/350\",\"item\":\"https:\/\/koningdrone.be\/product\/avss-parachute-recovery-system-for-dji-matrice-300-350\/\"},{\"@type\":\"ListItem\",\"position\":3,\"name\":\"Alle producten\",\"item\":\"https:\/\/koningdrone.be\/categorie\/alle-producten\/\"},{\"@type\":\"ListItem\",\"position\":4,\"name\":\"Ecoflow 60W Solar Panel\"}]},{\"@type\":\"WebSite\",\"@id\":\"https:\/\/koningdrone.be\/#website\",\"url\":\"https:\/\/koningdrone.be\/\",\"name\":\"Koningdrone.be - Uw online specialist in drones, gimbals, camera's en power stations.\",\"description\":\"De webshop in drones en gimbals\",\"publisher\":{\"@id\":\"https:\/\/koningdrone.be\/#organization\"},\"potentialAction\":[{\"@type\":\"SearchAction\",\"target\":{\"@type\":\"EntryPoint\",\"urlTemplate\":\"https:\/\/koningdrone.be\/?s={search_term_string}\"},\"query-input\":{\"@type\":\"PropertyValueSpecification\",\"valueRequired\":true,\"valueName\":\"search_term_string\"}}],\"inLanguage\":\"fr-BE\"},{\"@type\":\"Organization\",\"@id\":\"https:\/\/koningdrone.be\/#organization\",\"name\":\"Koningdrone.be\",\"url\":\"https:\/\/koningdrone.be\/\",\"logo\":{\"@type\":\"ImageObject\",\"inLanguage\":\"fr-BE\",\"@id\":\"https:\/\/koningdrone.be\/#\/schema\/logo\/image\/\",\"url\":\"https:\/\/koningdrone.be\/wp-content\/uploads\/sites\/13\/2025\/04\/koningdrone-copyright-logo.svg\",\"contentUrl\":\"https:\/\/koningdrone.be\/wp-content\/uploads\/sites\/13\/2025\/04\/koningdrone-copyright-logo.svg\",\"width\":227,\"height\":38,\"caption\":\"Koningdrone.be\"},\"image\":{\"@id\":\"https:\/\/koningdrone.be\/#\/schema\/logo\/image\/\"}}]}<\/script>\n<!-- \/ Yoast SEO Premium plugin. -->","yoast_head_json":{"title":"Ecoflow 60W Solar Panel - koningdrone.be","robots":{"index":"index","follow":"follow","max-snippet":"max-snippet:-1","max-image-preview":"max-image-preview:large","max-video-preview":"max-video-preview:-1"},"canonical":"https:\/\/koningdrone.be\/fr\/produit\/ecoflow-60w-solar-panel\/","og_locale":"fr_FR","og_type":"article","og_title":"Ecoflow 60W Solar Panel","og_description":"type monokristallijne cellen  Geschikt voor Camping\/outdoor, tuin\/terras  Geschikte apparaten Krachtcentrale RIVER 2 etc  totaal rendement zonnepanelen 60 watt  rendement 23,40%  nullastspanning 24,5 volt  kortsluitstroom 3,5A  Stekker MC4 compatibel  kantelhoek verstelbaar  Beschermingsgraad IP68  kenmerk Beschermtas doet ook dienst als stabiele standaard  Meer informatie Zelfdragend met hoek verstelbaar van 30\u00b0 - 60\u00b0, ingeklapte afmetingen 38cm x 40cm  Accessoires verkrijgbaar Gebruikershandleiding, MC4 &gt; XT60i oplaadkabel (2,5 meter), draagtas  Afmetingen Breedte: 400 mm x Lengte: 1.030 mm  Gewicht 3,2 kg","og_url":"https:\/\/koningdrone.be\/fr\/produit\/ecoflow-60w-solar-panel\/","og_site_name":"koningdrone.be","article_modified_time":"2026-04-29T12:21:11+00:00","og_image":[{"width":1866,"height":1866,"url":"https:\/\/koningdrone.be\/wp-content\/uploads\/sites\/13\/2025\/04\/4897082661368-1.jpg","type":"image\/jpeg"}],"twitter_card":"summary_large_image","twitter_misc":{"Dur\u00e9e de lecture est.":"1 minute"},"schema":{"@context":"https:\/\/schema.org","@graph":[{"@type":"WebPage","@id":"https:\/\/koningdrone.be\/product\/ecoflow-60w-solar-panel\/","url":"https:\/\/koningdrone.be\/product\/ecoflow-60w-solar-panel\/","name":"Ecoflow 60W Solar Panel - koningdrone.be","isPartOf":{"@id":"https:\/\/koningdrone.be\/#website"},"primaryImageOfPage":{"@id":"https:\/\/koningdrone.be\/product\/ecoflow-60w-solar-panel\/#primaryimage"},"image":{"@id":"https:\/\/koningdrone.be\/product\/ecoflow-60w-solar-panel\/#primaryimage"},"thumbnailUrl":"https:\/\/koningdrone.be\/wp-content\/uploads\/sites\/13\/2025\/04\/4897082661368-1.jpg","datePublished":"2023-07-05T11:44:55+00:00","dateModified":"2026-04-29T12:21:11+00:00","breadcrumb":{"@id":"https:\/\/koningdrone.be\/product\/ecoflow-60w-solar-panel\/#breadcrumb"},"inLanguage":"fr-BE","potentialAction":[{"@type":"ReadAction","target":["https:\/\/koningdrone.be\/product\/ecoflow-60w-solar-panel\/"]}]},{"@type":"ImageObject","inLanguage":"fr-BE","@id":"https:\/\/koningdrone.be\/product\/ecoflow-60w-solar-panel\/#primaryimage","url":"https:\/\/koningdrone.be\/wp-content\/uploads\/sites\/13\/2025\/04\/4897082661368-1.jpg","contentUrl":"https:\/\/koningdrone.be\/wp-content\/uploads\/sites\/13\/2025\/04\/4897082661368-1.jpg","width":1866,"height":1866},{"@type":"BreadcrumbList","@id":"https:\/\/koningdrone.be\/product\/ecoflow-60w-solar-panel\/#breadcrumb","itemListElement":[{"@type":"ListItem","position":1,"name":"Home","item":"https:\/\/koningdrone.be\/"},{"@type":"ListItem","position":2,"name":"AVSS Parachute Recovery System for DJI Matrice 300\/350","item":"https:\/\/koningdrone.be\/product\/avss-parachute-recovery-system-for-dji-matrice-300-350\/"},{"@type":"ListItem","position":3,"name":"Alle producten","item":"https:\/\/koningdrone.be\/categorie\/alle-producten\/"},{"@type":"ListItem","position":4,"name":"Ecoflow 60W Solar Panel"}]},{"@type":"WebSite","@id":"https:\/\/koningdrone.be\/#website","url":"https:\/\/koningdrone.be\/","name":"Koningdrone.be - Votre sp\u00e9cialiste en ligne en mati\u00e8re de drones, de cardans, de cam\u00e9ras et de centrales \u00e9lectriques.","description":"La boutique en ligne de drones et de cardans","publisher":{"@id":"https:\/\/koningdrone.be\/#organization"},"potentialAction":[{"@type":"SearchAction","target":{"@type":"EntryPoint","urlTemplate":"https:\/\/koningdrone.be\/?s={search_term_string}"},"query-input":{"@type":"PropertyValueSpecification","valueRequired":true,"valueName":"search_term_string"}}],"inLanguage":"fr-BE"},{"@type":"Organization","@id":"https:\/\/koningdrone.be\/#organization","name":"Kingdrone.co.uk","url":"https:\/\/koningdrone.be\/","logo":{"@type":"ImageObject","inLanguage":"fr-BE","@id":"https:\/\/koningdrone.be\/#\/schema\/logo\/image\/","url":"https:\/\/koningdrone.be\/wp-content\/uploads\/sites\/13\/2025\/04\/koningdrone-copyright-logo.svg","contentUrl":"https:\/\/koningdrone.be\/wp-content\/uploads\/sites\/13\/2025\/04\/koningdrone-copyright-logo.svg","width":227,"height":38,"caption":"Koningdrone.be"},"image":{"@id":"https:\/\/koningdrone.be\/#\/schema\/logo\/image\/"}}]}},"df_price":"","df_sale_price":"","df_regular_price":"","df_image_link":"https:\/\/koningdrone.be\/wp-content\/uploads\/sites\/13\/2025\/04\/4897082661368-1-300x300.jpg","_links":{"self":[{"href":"https:\/\/koningdrone.be\/fr\/wp-json\/wp\/v2\/product\/4602","targetHints":{"allow":["GET"]}}],"collection":[{"href":"https:\/\/koningdrone.be\/fr\/wp-json\/wp\/v2\/product"}],"about":[{"href":"https:\/\/koningdrone.be\/fr\/wp-json\/wp\/v2\/types\/product"}],"wp:featuredmedia":[{"embeddable":true,"href":"https:\/\/koningdrone.be\/fr\/wp-json\/wp\/v2\/media\/4598"}],"wp:attachment":[{"href":"https:\/\/koningdrone.be\/fr\/wp-json\/wp\/v2\/media?parent=4602"}],"wp:term":[{"taxonomy":"product_brand","embeddable":true,"href":"https:\/\/koningdrone.be\/fr\/wp-json\/wp\/v2\/product_brand?post=4602"},{"taxonomy":"product_cat","embeddable":true,"href":"https:\/\/koningdrone.be\/fr\/wp-json\/wp\/v2\/product_cat?post=4602"},{"taxonomy":"product_tag","embeddable":true,"href":"https:\/\/koningdrone.be\/fr\/wp-json\/wp\/v2\/product_tag?post=4602"}],"curies":[{"name":"wp","href":"https:\/\/api.w.org\/{rel}","templated":true}]}}