{"id":4588,"date":"2023-07-05T13:44:55","date_gmt":"2023-07-05T11:44:55","guid":{"rendered":"https:\/\/koningdrone.nl\/kon\/product\/ecoflow-2-x-100w-rigid-solar-panel-combo\/"},"modified":"2026-04-29T16:40:20","modified_gmt":"2026-04-29T14:40:20","slug":"ecoflow-2-x-100w-rigid-solar-panel-combo","status":"publish","type":"product","link":"https:\/\/koningdrone.be\/fr\/produit\/ecoflow-2-x-100w-rigid-solar-panel-combo\/","title":{"rendered":"Panneau solaire rigide Ecoflow 2 x 100W Combo"},"content":{"rendered":"<p>Le panneau solaire rigide EcoFlow 2 x 100W est l'option id\u00e9ale pour int\u00e9grer une \u00e9nergie propre et renouvelable dans votre maison ou votre entreprise. Sa conception l\u00e9g\u00e8re et robuste simplifie l'installation et le transport, tandis que son rendement \u00e9lev\u00e9 et ses performances fiables r\u00e9pondent \u00e0 tous vos besoins \u00e9nerg\u00e9tiques. Ce panneau solaire fournit un flux constant d'\u00e9nergie respectueuse de l'environnement, ce qui se traduit par une r\u00e9duction significative de votre empreinte carbone et de vos co\u00fbts \u00e9nerg\u00e9tiques. En investissant dans ce panneau solaire, vous contribuez \u00e0 un avenir plus vert et plus durable.<\/p>\n<p><strong>Caract\u00e9ristiques :<\/strong><\/p>\n<p>- Chargement rapide : Le panneau solaire rigide de 100W a un rendement de conversion \u00e9lev\u00e9 de 23%, ce qui permet de charger les batteries de votre Power Kits en un temps record.<\/p>\n<p><\/p>\n<p>- Pr\u00eat pour l'installation : Les fentes pr\u00e9-perc\u00e9es sur le pourtour du panneau permettent de le monter facilement et en toute s\u00e9curit\u00e9 sur le toit de votre camionnette.<\/p>\n<p><\/p>\n<p>- R\u00e9sistant aux intemp\u00e9ries et durable : le panneau rigide r\u00e9siste \u00e0 toutes les temp\u00eates et offre d'excellentes performances et un aspect esth\u00e9tique pendant des ann\u00e9es.<\/p>\n<p><\/p>\n<p>- Compatibilit\u00e9 universelle : le panneau rigide de 100 W est compatible avec d'autres syst\u00e8mes solaires et centrales \u00e9lectriques tierces.<\/p>\n<p><\/p>\n<p>Gr\u00e2ce \u00e0 des cellules monocristallines \u00e0 haut rendement et \u00e0 l'utilisation d'un connecteur solaire universel, ce panneau solaire offre des performances et une connectivit\u00e9 optimales avec d'autres syst\u00e8mes solaires. En outre, il est \u00e9tanche, durable et r\u00e9sistant aux conditions m\u00e9t\u00e9orologiques extr\u00eames. Ce panneau solaire est un choix judicieux pour ceux qui recherchent des solutions solaires de haute qualit\u00e9.<\/p>\n<p><\/p>","protected":false},"excerpt":{"rendered":"<ul>\n<li>Poids du panneau solaire Environ 6,2 kg (13,7 lbs)<\/li>\n<li>Dimensions 98*58.6*3 cm (38.6*23.1*1.2 pouces)<\/li>\n<li>Puissance nominale 100 W\uff08+\/-5W\uff09<\/li>\n<li>Tension \u00e0 vide 20,3 V<\/li>\n<li>Courant de court-circuit 6,3 A<\/li>\n<li>Tension de fonctionnement maximale 17,1 V<\/li>\n<li>Courant de fonctionnement maximal 5,9 A<\/li>\n<li>Coefficient de temp\u00e9rature de la puissance nominale -0,39%\/\u00b0C<\/li>\n<li>Coefficient de temp\u00e9rature de la tension \u00e0 vide -0,33%\/\u00b0C<\/li>\n<li>Coefficient de temp\u00e9rature du courant de court-circuit 0,06%\/\u00b0C<\/li>\n<li>Tension maximale du syst\u00e8me 600 VDC (UL)<\/li>\n<li>Courant maximal du fusible 15 A<\/li>\n<\/ul>","protected":false},"featured_media":4587,"template":"","meta":{"_acf_changed":false},"product_brand":[],"product_cat":[97,245,415,198],"product_tag":[],"class_list":{"0":"post-4588","1":"product","2":"type-product","3":"status-publish","4":"has-post-thumbnail","6":"product_cat-alle-producten","7":"product_cat-ecoflow","8":"product_cat-energy","9":"product_cat-zonnepanelen","10":"product_shipping_class-outofstock","11":"pa_brand-ecoflow","12":"pa_productfamily-zonnepaneel","13":"pa_producttype-zonnepaneel","14":"pa_series-ecoflow","16":"first","17":"outofstock","18":"taxable","19":"shipping-taxable","20":"purchasable","21":"product-type-simple"},"acf":[],"yoast_head":"<!-- This site is optimized with the Yoast SEO Premium plugin v27.2 (Yoast SEO v27.2) - https:\/\/yoast.com\/product\/yoast-seo-premium-wordpress\/ -->\n<title>Ecoflow 2 x 100W Rigid Solar Panel Combo - koningdrone.be<\/title>\n<meta name=\"robots\" content=\"index, follow, max-snippet:-1, max-image-preview:large, max-video-preview:-1\" \/>\n<link rel=\"canonical\" href=\"https:\/\/koningdrone.be\/fr\/produit\/ecoflow-2-x-100w-rigid-solar-panel-combo\/\" \/>\n<meta property=\"og:locale\" content=\"fr_FR\" \/>\n<meta property=\"og:type\" content=\"article\" \/>\n<meta property=\"og:title\" content=\"Ecoflow 2 x 100W Rigid Solar Panel Combo\" \/>\n<meta property=\"og:description\" content=\"Gewicht zonnepaneel Ca. 6,2 kg (13,7 lbs)Afmetingen 98*58,6*3 cm (38,6*23,1*1,2 inch)Nominaal vermogen 100 W\uff08+\/-5W\uff09Nullastspanning 20,3 VKortsluitstroom 6,3 AMaximale bedrijfsspanning 17,1 VMaximale bedrijfsstroom 5,9 ATemperatuurco\u00ebffici\u00ebnt van nominaal vermogen -0,39%\/\u00b0CTemperatuurco\u00ebffici\u00ebnt van nullastspanning -0,33%\/\u00b0CTemperatuurco\u00ebffici\u00ebnt van kortsluitstroom 0,06%\/\u00b0CMaximale systeemspanning 600 VDC (UL)Maximale zekeringstroom 15 A\" \/>\n<meta property=\"og:url\" content=\"https:\/\/koningdrone.be\/fr\/produit\/ecoflow-2-x-100w-rigid-solar-panel-combo\/\" \/>\n<meta property=\"og:site_name\" content=\"koningdrone.be\" \/>\n<meta property=\"article:modified_time\" content=\"2026-04-29T14:40:20+00:00\" \/>\n<meta property=\"og:image\" content=\"https:\/\/koningdrone.be\/wp-content\/uploads\/sites\/13\/2025\/04\/4897082668626.jpg\" \/>\n\t<meta property=\"og:image:width\" content=\"500\" \/>\n\t<meta property=\"og:image:height\" content=\"500\" \/>\n\t<meta property=\"og:image:type\" content=\"image\/jpeg\" \/>\n<meta name=\"twitter:card\" content=\"summary_large_image\" \/>\n<meta name=\"twitter:label1\" content=\"Dur\u00e9e de lecture est.\" \/>\n\t<meta name=\"twitter:data1\" content=\"1 minute\" \/>\n<script type=\"application\/ld+json\" class=\"yoast-schema-graph\">{\"@context\":\"https:\/\/schema.org\",\"@graph\":[{\"@type\":\"WebPage\",\"@id\":\"https:\/\/koningdrone.be\/product\/ecoflow-2-x-100w-rigid-solar-panel-combo\/\",\"url\":\"https:\/\/koningdrone.be\/product\/ecoflow-2-x-100w-rigid-solar-panel-combo\/\",\"name\":\"Ecoflow 2 x 100W Rigid Solar Panel Combo - koningdrone.be\",\"isPartOf\":{\"@id\":\"https:\/\/koningdrone.be\/#website\"},\"primaryImageOfPage\":{\"@id\":\"https:\/\/koningdrone.be\/product\/ecoflow-2-x-100w-rigid-solar-panel-combo\/#primaryimage\"},\"image\":{\"@id\":\"https:\/\/koningdrone.be\/product\/ecoflow-2-x-100w-rigid-solar-panel-combo\/#primaryimage\"},\"thumbnailUrl\":\"https:\/\/koningdrone.be\/wp-content\/uploads\/sites\/13\/2025\/04\/4897082668626.jpg\",\"datePublished\":\"2023-07-05T11:44:55+00:00\",\"dateModified\":\"2026-04-29T14:40:20+00:00\",\"breadcrumb\":{\"@id\":\"https:\/\/koningdrone.be\/product\/ecoflow-2-x-100w-rigid-solar-panel-combo\/#breadcrumb\"},\"inLanguage\":\"fr-BE\",\"potentialAction\":[{\"@type\":\"ReadAction\",\"target\":[\"https:\/\/koningdrone.be\/product\/ecoflow-2-x-100w-rigid-solar-panel-combo\/\"]}]},{\"@type\":\"ImageObject\",\"inLanguage\":\"fr-BE\",\"@id\":\"https:\/\/koningdrone.be\/product\/ecoflow-2-x-100w-rigid-solar-panel-combo\/#primaryimage\",\"url\":\"https:\/\/koningdrone.be\/wp-content\/uploads\/sites\/13\/2025\/04\/4897082668626.jpg\",\"contentUrl\":\"https:\/\/koningdrone.be\/wp-content\/uploads\/sites\/13\/2025\/04\/4897082668626.jpg\",\"width\":500,\"height\":500},{\"@type\":\"BreadcrumbList\",\"@id\":\"https:\/\/koningdrone.be\/product\/ecoflow-2-x-100w-rigid-solar-panel-combo\/#breadcrumb\",\"itemListElement\":[{\"@type\":\"ListItem\",\"position\":1,\"name\":\"Home\",\"item\":\"https:\/\/koningdrone.be\/\"},{\"@type\":\"ListItem\",\"position\":2,\"name\":\"AVSS Parachute Recovery System for DJI Matrice 300\/350\",\"item\":\"https:\/\/koningdrone.be\/product\/avss-parachute-recovery-system-for-dji-matrice-300-350\/\"},{\"@type\":\"ListItem\",\"position\":3,\"name\":\"Alle producten\",\"item\":\"https:\/\/koningdrone.be\/categorie\/alle-producten\/\"},{\"@type\":\"ListItem\",\"position\":4,\"name\":\"Ecoflow 2 x 100W Rigid Solar Panel Combo\"}]},{\"@type\":\"WebSite\",\"@id\":\"https:\/\/koningdrone.be\/#website\",\"url\":\"https:\/\/koningdrone.be\/\",\"name\":\"Koningdrone.be - Uw online specialist in drones, gimbals, camera's en power stations.\",\"description\":\"De webshop in drones en gimbals\",\"publisher\":{\"@id\":\"https:\/\/koningdrone.be\/#organization\"},\"potentialAction\":[{\"@type\":\"SearchAction\",\"target\":{\"@type\":\"EntryPoint\",\"urlTemplate\":\"https:\/\/koningdrone.be\/?s={search_term_string}\"},\"query-input\":{\"@type\":\"PropertyValueSpecification\",\"valueRequired\":true,\"valueName\":\"search_term_string\"}}],\"inLanguage\":\"fr-BE\"},{\"@type\":\"Organization\",\"@id\":\"https:\/\/koningdrone.be\/#organization\",\"name\":\"Koningdrone.be\",\"url\":\"https:\/\/koningdrone.be\/\",\"logo\":{\"@type\":\"ImageObject\",\"inLanguage\":\"fr-BE\",\"@id\":\"https:\/\/koningdrone.be\/#\/schema\/logo\/image\/\",\"url\":\"https:\/\/koningdrone.be\/wp-content\/uploads\/sites\/13\/2025\/04\/koningdrone-copyright-logo.svg\",\"contentUrl\":\"https:\/\/koningdrone.be\/wp-content\/uploads\/sites\/13\/2025\/04\/koningdrone-copyright-logo.svg\",\"width\":227,\"height\":38,\"caption\":\"Koningdrone.be\"},\"image\":{\"@id\":\"https:\/\/koningdrone.be\/#\/schema\/logo\/image\/\"}}]}<\/script>\n<!-- \/ Yoast SEO Premium plugin. -->","yoast_head_json":{"title":"Ecoflow 2 x 100W Rigid Solar Panel Combo - koningdrone.be","robots":{"index":"index","follow":"follow","max-snippet":"max-snippet:-1","max-image-preview":"max-image-preview:large","max-video-preview":"max-video-preview:-1"},"canonical":"https:\/\/koningdrone.be\/fr\/produit\/ecoflow-2-x-100w-rigid-solar-panel-combo\/","og_locale":"fr_FR","og_type":"article","og_title":"Ecoflow 2 x 100W Rigid Solar Panel Combo","og_description":"Gewicht zonnepaneel Ca. 6,2 kg (13,7 lbs)Afmetingen 98*58,6*3 cm (38,6*23,1*1,2 inch)Nominaal vermogen 100 W\uff08+\/-5W\uff09Nullastspanning 20,3 VKortsluitstroom 6,3 AMaximale bedrijfsspanning 17,1 VMaximale bedrijfsstroom 5,9 ATemperatuurco\u00ebffici\u00ebnt van nominaal vermogen -0,39%\/\u00b0CTemperatuurco\u00ebffici\u00ebnt van nullastspanning -0,33%\/\u00b0CTemperatuurco\u00ebffici\u00ebnt van kortsluitstroom 0,06%\/\u00b0CMaximale systeemspanning 600 VDC (UL)Maximale zekeringstroom 15 A","og_url":"https:\/\/koningdrone.be\/fr\/produit\/ecoflow-2-x-100w-rigid-solar-panel-combo\/","og_site_name":"koningdrone.be","article_modified_time":"2026-04-29T14:40:20+00:00","og_image":[{"width":500,"height":500,"url":"https:\/\/koningdrone.be\/wp-content\/uploads\/sites\/13\/2025\/04\/4897082668626.jpg","type":"image\/jpeg"}],"twitter_card":"summary_large_image","twitter_misc":{"Dur\u00e9e de lecture est.":"1 minute"},"schema":{"@context":"https:\/\/schema.org","@graph":[{"@type":"WebPage","@id":"https:\/\/koningdrone.be\/product\/ecoflow-2-x-100w-rigid-solar-panel-combo\/","url":"https:\/\/koningdrone.be\/product\/ecoflow-2-x-100w-rigid-solar-panel-combo\/","name":"Ecoflow 2 x 100W Rigid Solar Panel Combo - koningdrone.be","isPartOf":{"@id":"https:\/\/koningdrone.be\/#website"},"primaryImageOfPage":{"@id":"https:\/\/koningdrone.be\/product\/ecoflow-2-x-100w-rigid-solar-panel-combo\/#primaryimage"},"image":{"@id":"https:\/\/koningdrone.be\/product\/ecoflow-2-x-100w-rigid-solar-panel-combo\/#primaryimage"},"thumbnailUrl":"https:\/\/koningdrone.be\/wp-content\/uploads\/sites\/13\/2025\/04\/4897082668626.jpg","datePublished":"2023-07-05T11:44:55+00:00","dateModified":"2026-04-29T14:40:20+00:00","breadcrumb":{"@id":"https:\/\/koningdrone.be\/product\/ecoflow-2-x-100w-rigid-solar-panel-combo\/#breadcrumb"},"inLanguage":"fr-BE","potentialAction":[{"@type":"ReadAction","target":["https:\/\/koningdrone.be\/product\/ecoflow-2-x-100w-rigid-solar-panel-combo\/"]}]},{"@type":"ImageObject","inLanguage":"fr-BE","@id":"https:\/\/koningdrone.be\/product\/ecoflow-2-x-100w-rigid-solar-panel-combo\/#primaryimage","url":"https:\/\/koningdrone.be\/wp-content\/uploads\/sites\/13\/2025\/04\/4897082668626.jpg","contentUrl":"https:\/\/koningdrone.be\/wp-content\/uploads\/sites\/13\/2025\/04\/4897082668626.jpg","width":500,"height":500},{"@type":"BreadcrumbList","@id":"https:\/\/koningdrone.be\/product\/ecoflow-2-x-100w-rigid-solar-panel-combo\/#breadcrumb","itemListElement":[{"@type":"ListItem","position":1,"name":"Home","item":"https:\/\/koningdrone.be\/"},{"@type":"ListItem","position":2,"name":"AVSS Parachute Recovery System for DJI Matrice 300\/350","item":"https:\/\/koningdrone.be\/product\/avss-parachute-recovery-system-for-dji-matrice-300-350\/"},{"@type":"ListItem","position":3,"name":"Alle producten","item":"https:\/\/koningdrone.be\/categorie\/alle-producten\/"},{"@type":"ListItem","position":4,"name":"Ecoflow 2 x 100W Rigid Solar Panel Combo"}]},{"@type":"WebSite","@id":"https:\/\/koningdrone.be\/#website","url":"https:\/\/koningdrone.be\/","name":"Koningdrone.be - Votre sp\u00e9cialiste en ligne en mati\u00e8re de drones, de cardans, de cam\u00e9ras et de centrales \u00e9lectriques.","description":"La boutique en ligne de drones et de cardans","publisher":{"@id":"https:\/\/koningdrone.be\/#organization"},"potentialAction":[{"@type":"SearchAction","target":{"@type":"EntryPoint","urlTemplate":"https:\/\/koningdrone.be\/?s={search_term_string}"},"query-input":{"@type":"PropertyValueSpecification","valueRequired":true,"valueName":"search_term_string"}}],"inLanguage":"fr-BE"},{"@type":"Organization","@id":"https:\/\/koningdrone.be\/#organization","name":"Kingdrone.co.uk","url":"https:\/\/koningdrone.be\/","logo":{"@type":"ImageObject","inLanguage":"fr-BE","@id":"https:\/\/koningdrone.be\/#\/schema\/logo\/image\/","url":"https:\/\/koningdrone.be\/wp-content\/uploads\/sites\/13\/2025\/04\/koningdrone-copyright-logo.svg","contentUrl":"https:\/\/koningdrone.be\/wp-content\/uploads\/sites\/13\/2025\/04\/koningdrone-copyright-logo.svg","width":227,"height":38,"caption":"Koningdrone.be"},"image":{"@id":"https:\/\/koningdrone.be\/#\/schema\/logo\/image\/"}}]}},"df_price":159,"df_sale_price":"","df_regular_price":159,"df_image_link":"https:\/\/koningdrone.be\/wp-content\/uploads\/sites\/13\/2025\/04\/4897082668626-300x300.jpg","_links":{"self":[{"href":"https:\/\/koningdrone.be\/fr\/wp-json\/wp\/v2\/product\/4588","targetHints":{"allow":["GET"]}}],"collection":[{"href":"https:\/\/koningdrone.be\/fr\/wp-json\/wp\/v2\/product"}],"about":[{"href":"https:\/\/koningdrone.be\/fr\/wp-json\/wp\/v2\/types\/product"}],"wp:featuredmedia":[{"embeddable":true,"href":"https:\/\/koningdrone.be\/fr\/wp-json\/wp\/v2\/media\/4587"}],"wp:attachment":[{"href":"https:\/\/koningdrone.be\/fr\/wp-json\/wp\/v2\/media?parent=4588"}],"wp:term":[{"taxonomy":"product_brand","embeddable":true,"href":"https:\/\/koningdrone.be\/fr\/wp-json\/wp\/v2\/product_brand?post=4588"},{"taxonomy":"product_cat","embeddable":true,"href":"https:\/\/koningdrone.be\/fr\/wp-json\/wp\/v2\/product_cat?post=4588"},{"taxonomy":"product_tag","embeddable":true,"href":"https:\/\/koningdrone.be\/fr\/wp-json\/wp\/v2\/product_tag?post=4588"}],"curies":[{"name":"wp","href":"https:\/\/api.w.org\/{rel}","templated":true}]}}