{"id":4586,"date":"2023-07-05T13:44:55","date_gmt":"2023-07-05T11:44:55","guid":{"rendered":"https:\/\/koningdrone.nl\/kon\/product\/ecoflow-delta-max-1600-delta-max-smart-extra-battery\/"},"modified":"2026-04-29T14:30:12","modified_gmt":"2026-04-29T12:30:12","slug":"ecoflow-delta-max-1600-delta-max-smart-extra-battery","status":"publish","type":"product","link":"https:\/\/koningdrone.be\/fr\/produit\/ecoflow-delta-max-1600-delta-max-smart-extra-battery\/","title":{"rendered":"Ecoflow DELTA Max (1600) + DELTA Max SMART EXTRA BATTERY"},"content":{"rendered":"<p>L'EcoFlow DELTA Max (1600) offre une incroyable capacit\u00e9 de batterie de 1612 Wh et dispose d'une puissance maximale de 2800 W gr\u00e2ce \u00e0 la technologie X-Boost. Avec 4 prises CA, 2 ports USB-A et 2 ports USB-C et 2 prises DC5521, ce puissant g\u00e9n\u00e9rateur d'\u00e9nergie portable offre suffisamment d'options de connexion pour tous vos appareils. De plus, il prend en charge la charge rapide via plusieurs ports et dispose d'une connectivit\u00e9 sans fil Wi-Fi.<\/p>\n<p><strong>Caract\u00e9ristiques de l'EcoFlow DELTA Max<\/strong><\/p>\n<p>Le poids de l'EcoFlow DELTA Max est d'environ 21,7 kg, et il supporte jusqu'\u00e0 deux batteries suppl\u00e9mentaires pour encore plus de puissance. Avec une dur\u00e9e de vie de 500 cycles pour une capacit\u00e9 de 80% et une garantie d'un an apr\u00e8s la charge compl\u00e8te, la DELTA Max offre une alimentation durable et fiable. Mesurant 500 x 240 x 308 mm, le DELTA Max est portable et pratique \u00e0 utiliser, vous permettant d'acc\u00e9der \u00e0 l'\u00e9lectricit\u00e9 partout et \u00e0 tout moment.<\/p>\n<p><strong>Sp\u00e9cifications de l'EcoFlow DELTA Max<\/strong><\/p>\n<p>Les sp\u00e9cifications de la DELTA Max garantissent une capacit\u00e9 impressionnante de 2016Wh et une dur\u00e9e de vie de 800 cycles pour une capacit\u00e9 de 80%. Avec une batterie NCM et un poids net d'environ 18 kg, il s'agit d'une solution d'alimentation portable robuste et durable.<\/p>\n<p><\/p>","protected":false},"excerpt":{"rendered":"<ul>\n<li>Alimentation de secours pour la maison : DELTA Max s'\u00e9tend jusqu'\u00e0 6 kWh avec des batteries suppl\u00e9mentaires intelligentes pour maintenir votre maison aliment\u00e9e en cas d'urgence.<\/li>\n<li>Double charge rapide : chargez 0-80% en 1 heure. Ou atteignez des vitesses allant jusqu'\u00e0 3600 W en combinant la charge en courant alternatif avec le g\u00e9n\u00e9rateur intelligent EcoFlow.<\/li>\n<li>Alimentation de plusieurs appareils : vous cherchez un appareil capable d'alimenter des appareils lourds tels que votre r\u00e9frig\u00e9rateur et votre s\u00e8che-linge ? Gr\u00e2ce \u00e0 la fonction X-Boost, DELTA Max peut alimenter sans probl\u00e8me des appareils d'une puissance maximale de 3 000 W.<\/li>\n<li>G\u00e9n\u00e9rateur solaire portable : Restez branch\u00e9 en toutes circonstances. DELTA Max se connecte \u00e0 un maximum de 2 panneaux solaires EcoFlow de 400 W pour offrir une vitesse de charge solaire de 800 W Max.<\/li>\n<\/ul>","protected":false},"featured_media":4584,"template":"","meta":{"_acf_changed":false},"product_brand":[],"product_cat":[97,245,415],"product_tag":[],"class_list":{"0":"post-4586","1":"product","2":"type-product","3":"status-publish","4":"has-post-thumbnail","6":"product_cat-alle-producten","7":"product_cat-ecoflow","8":"product_cat-energy","9":"product_shipping_class-outofstock","10":"pa_brand-ecoflow","11":"pa_productfamily-generator","12":"pa_producttype-generator","13":"pa_series-delta-max","15":"first","16":"outofstock","17":"taxable","18":"shipping-taxable","19":"product-type-simple"},"acf":[],"yoast_head":"<!-- This site is optimized with the Yoast SEO Premium plugin v27.2 (Yoast SEO v27.2) - https:\/\/yoast.com\/product\/yoast-seo-premium-wordpress\/ -->\n<title>Ecoflow DELTA Max (1600) + DELTA Max SMART EXTRA BATTERY - koningdrone.be<\/title>\n<meta name=\"robots\" content=\"index, follow, max-snippet:-1, max-image-preview:large, max-video-preview:-1\" \/>\n<link rel=\"canonical\" href=\"https:\/\/koningdrone.be\/fr\/produit\/ecoflow-delta-max-1600-delta-max-smart-extra-battery\/\" \/>\n<meta property=\"og:locale\" content=\"fr_FR\" \/>\n<meta property=\"og:type\" content=\"article\" \/>\n<meta property=\"og:title\" content=\"Ecoflow DELTA Max (1600) + DELTA Max SMART EXTRA BATTERY\" \/>\n<meta property=\"og:description\" content=\"Noodstroom voor thuis: DELTA Max breidt uit tot 6 kWh met slimme extra batterijen, zodat uw huis in geval van nood van stroom blijft voorzien.Snel dubbel opladen: opladen van 0-80% in 1 uur. Of haal snelheden tot 3600 W door AC-opladen te combineren met de EcoFlow Smart Generator.Meerdere apparaten van stroom voorzien: op zoek naar iets om zware apparaten zoals uw koelkast en droger van stroom te voorzien? Met X-Boost kan DELTA Max apparaten tot 3000 W met gemak aan.Draagbare zonnegenerator: Blijf altijd ingeschakeld, wat er ook gebeurt. DELTA Max maakt verbinding met maximaal 2x 400W EcoFlow-zonnepanelen om 800W Max zonnelaadsnelheden te leveren.\" \/>\n<meta property=\"og:url\" content=\"https:\/\/koningdrone.be\/fr\/produit\/ecoflow-delta-max-1600-delta-max-smart-extra-battery\/\" \/>\n<meta property=\"og:site_name\" content=\"koningdrone.be\" \/>\n<meta property=\"article:modified_time\" content=\"2026-04-29T12:30:12+00:00\" \/>\n<meta property=\"og:image\" content=\"https:\/\/koningdrone.be\/wp-content\/uploads\/sites\/13\/2025\/04\/5706649033113-1.jpg\" \/>\n\t<meta property=\"og:image:width\" content=\"2048\" \/>\n\t<meta property=\"og:image:height\" content=\"2048\" \/>\n\t<meta property=\"og:image:type\" content=\"image\/jpeg\" \/>\n<meta name=\"twitter:card\" content=\"summary_large_image\" \/>\n<meta name=\"twitter:label1\" content=\"Dur\u00e9e de lecture est.\" \/>\n\t<meta name=\"twitter:data1\" content=\"1 minute\" \/>\n<script type=\"application\/ld+json\" class=\"yoast-schema-graph\">{\"@context\":\"https:\/\/schema.org\",\"@graph\":[{\"@type\":\"WebPage\",\"@id\":\"https:\/\/koningdrone.be\/product\/ecoflow-delta-max-1600-delta-max-smart-extra-battery\/\",\"url\":\"https:\/\/koningdrone.be\/product\/ecoflow-delta-max-1600-delta-max-smart-extra-battery\/\",\"name\":\"Ecoflow DELTA Max (1600) + DELTA Max SMART EXTRA BATTERY - koningdrone.be\",\"isPartOf\":{\"@id\":\"https:\/\/koningdrone.be\/#website\"},\"primaryImageOfPage\":{\"@id\":\"https:\/\/koningdrone.be\/product\/ecoflow-delta-max-1600-delta-max-smart-extra-battery\/#primaryimage\"},\"image\":{\"@id\":\"https:\/\/koningdrone.be\/product\/ecoflow-delta-max-1600-delta-max-smart-extra-battery\/#primaryimage\"},\"thumbnailUrl\":\"https:\/\/koningdrone.be\/wp-content\/uploads\/sites\/13\/2025\/04\/5706649033113-1.jpg\",\"datePublished\":\"2023-07-05T11:44:55+00:00\",\"dateModified\":\"2026-04-29T12:30:12+00:00\",\"breadcrumb\":{\"@id\":\"https:\/\/koningdrone.be\/product\/ecoflow-delta-max-1600-delta-max-smart-extra-battery\/#breadcrumb\"},\"inLanguage\":\"fr-BE\",\"potentialAction\":[{\"@type\":\"ReadAction\",\"target\":[\"https:\/\/koningdrone.be\/product\/ecoflow-delta-max-1600-delta-max-smart-extra-battery\/\"]}]},{\"@type\":\"ImageObject\",\"inLanguage\":\"fr-BE\",\"@id\":\"https:\/\/koningdrone.be\/product\/ecoflow-delta-max-1600-delta-max-smart-extra-battery\/#primaryimage\",\"url\":\"https:\/\/koningdrone.be\/wp-content\/uploads\/sites\/13\/2025\/04\/5706649033113-1.jpg\",\"contentUrl\":\"https:\/\/koningdrone.be\/wp-content\/uploads\/sites\/13\/2025\/04\/5706649033113-1.jpg\",\"width\":2048,\"height\":2048},{\"@type\":\"BreadcrumbList\",\"@id\":\"https:\/\/koningdrone.be\/product\/ecoflow-delta-max-1600-delta-max-smart-extra-battery\/#breadcrumb\",\"itemListElement\":[{\"@type\":\"ListItem\",\"position\":1,\"name\":\"Home\",\"item\":\"https:\/\/koningdrone.be\/\"},{\"@type\":\"ListItem\",\"position\":2,\"name\":\"AVSS Parachute Recovery System for DJI Matrice 300\/350\",\"item\":\"https:\/\/koningdrone.be\/product\/avss-parachute-recovery-system-for-dji-matrice-300-350\/\"},{\"@type\":\"ListItem\",\"position\":3,\"name\":\"Alle producten\",\"item\":\"https:\/\/koningdrone.be\/categorie\/alle-producten\/\"},{\"@type\":\"ListItem\",\"position\":4,\"name\":\"Ecoflow DELTA Max (1600) + DELTA Max SMART EXTRA BATTERY\"}]},{\"@type\":\"WebSite\",\"@id\":\"https:\/\/koningdrone.be\/#website\",\"url\":\"https:\/\/koningdrone.be\/\",\"name\":\"Koningdrone.be - Uw online specialist in drones, gimbals, camera's en power stations.\",\"description\":\"De webshop in drones en gimbals\",\"publisher\":{\"@id\":\"https:\/\/koningdrone.be\/#organization\"},\"potentialAction\":[{\"@type\":\"SearchAction\",\"target\":{\"@type\":\"EntryPoint\",\"urlTemplate\":\"https:\/\/koningdrone.be\/?s={search_term_string}\"},\"query-input\":{\"@type\":\"PropertyValueSpecification\",\"valueRequired\":true,\"valueName\":\"search_term_string\"}}],\"inLanguage\":\"fr-BE\"},{\"@type\":\"Organization\",\"@id\":\"https:\/\/koningdrone.be\/#organization\",\"name\":\"Koningdrone.be\",\"url\":\"https:\/\/koningdrone.be\/\",\"logo\":{\"@type\":\"ImageObject\",\"inLanguage\":\"fr-BE\",\"@id\":\"https:\/\/koningdrone.be\/#\/schema\/logo\/image\/\",\"url\":\"https:\/\/koningdrone.be\/wp-content\/uploads\/sites\/13\/2025\/04\/koningdrone-copyright-logo.svg\",\"contentUrl\":\"https:\/\/koningdrone.be\/wp-content\/uploads\/sites\/13\/2025\/04\/koningdrone-copyright-logo.svg\",\"width\":227,\"height\":38,\"caption\":\"Koningdrone.be\"},\"image\":{\"@id\":\"https:\/\/koningdrone.be\/#\/schema\/logo\/image\/\"}}]}<\/script>\n<!-- \/ Yoast SEO Premium plugin. -->","yoast_head_json":{"title":"Ecoflow DELTA Max (1600) + DELTA Max SMART EXTRA BATTERY - koningdrone.be","robots":{"index":"index","follow":"follow","max-snippet":"max-snippet:-1","max-image-preview":"max-image-preview:large","max-video-preview":"max-video-preview:-1"},"canonical":"https:\/\/koningdrone.be\/fr\/produit\/ecoflow-delta-max-1600-delta-max-smart-extra-battery\/","og_locale":"fr_FR","og_type":"article","og_title":"Ecoflow DELTA Max (1600) + DELTA Max SMART EXTRA BATTERY","og_description":"Noodstroom voor thuis: DELTA Max breidt uit tot 6 kWh met slimme extra batterijen, zodat uw huis in geval van nood van stroom blijft voorzien.Snel dubbel opladen: opladen van 0-80% in 1 uur. Of haal snelheden tot 3600 W door AC-opladen te combineren met de EcoFlow Smart Generator.Meerdere apparaten van stroom voorzien: op zoek naar iets om zware apparaten zoals uw koelkast en droger van stroom te voorzien? Met X-Boost kan DELTA Max apparaten tot 3000 W met gemak aan.Draagbare zonnegenerator: Blijf altijd ingeschakeld, wat er ook gebeurt. DELTA Max maakt verbinding met maximaal 2x 400W EcoFlow-zonnepanelen om 800W Max zonnelaadsnelheden te leveren.","og_url":"https:\/\/koningdrone.be\/fr\/produit\/ecoflow-delta-max-1600-delta-max-smart-extra-battery\/","og_site_name":"koningdrone.be","article_modified_time":"2026-04-29T12:30:12+00:00","og_image":[{"width":2048,"height":2048,"url":"https:\/\/koningdrone.be\/wp-content\/uploads\/sites\/13\/2025\/04\/5706649033113-1.jpg","type":"image\/jpeg"}],"twitter_card":"summary_large_image","twitter_misc":{"Dur\u00e9e de lecture est.":"1 minute"},"schema":{"@context":"https:\/\/schema.org","@graph":[{"@type":"WebPage","@id":"https:\/\/koningdrone.be\/product\/ecoflow-delta-max-1600-delta-max-smart-extra-battery\/","url":"https:\/\/koningdrone.be\/product\/ecoflow-delta-max-1600-delta-max-smart-extra-battery\/","name":"Ecoflow DELTA Max (1600) + DELTA Max SMART EXTRA BATTERY - koningdrone.be","isPartOf":{"@id":"https:\/\/koningdrone.be\/#website"},"primaryImageOfPage":{"@id":"https:\/\/koningdrone.be\/product\/ecoflow-delta-max-1600-delta-max-smart-extra-battery\/#primaryimage"},"image":{"@id":"https:\/\/koningdrone.be\/product\/ecoflow-delta-max-1600-delta-max-smart-extra-battery\/#primaryimage"},"thumbnailUrl":"https:\/\/koningdrone.be\/wp-content\/uploads\/sites\/13\/2025\/04\/5706649033113-1.jpg","datePublished":"2023-07-05T11:44:55+00:00","dateModified":"2026-04-29T12:30:12+00:00","breadcrumb":{"@id":"https:\/\/koningdrone.be\/product\/ecoflow-delta-max-1600-delta-max-smart-extra-battery\/#breadcrumb"},"inLanguage":"fr-BE","potentialAction":[{"@type":"ReadAction","target":["https:\/\/koningdrone.be\/product\/ecoflow-delta-max-1600-delta-max-smart-extra-battery\/"]}]},{"@type":"ImageObject","inLanguage":"fr-BE","@id":"https:\/\/koningdrone.be\/product\/ecoflow-delta-max-1600-delta-max-smart-extra-battery\/#primaryimage","url":"https:\/\/koningdrone.be\/wp-content\/uploads\/sites\/13\/2025\/04\/5706649033113-1.jpg","contentUrl":"https:\/\/koningdrone.be\/wp-content\/uploads\/sites\/13\/2025\/04\/5706649033113-1.jpg","width":2048,"height":2048},{"@type":"BreadcrumbList","@id":"https:\/\/koningdrone.be\/product\/ecoflow-delta-max-1600-delta-max-smart-extra-battery\/#breadcrumb","itemListElement":[{"@type":"ListItem","position":1,"name":"Home","item":"https:\/\/koningdrone.be\/"},{"@type":"ListItem","position":2,"name":"AVSS Parachute Recovery System for DJI Matrice 300\/350","item":"https:\/\/koningdrone.be\/product\/avss-parachute-recovery-system-for-dji-matrice-300-350\/"},{"@type":"ListItem","position":3,"name":"Alle producten","item":"https:\/\/koningdrone.be\/categorie\/alle-producten\/"},{"@type":"ListItem","position":4,"name":"Ecoflow DELTA Max (1600) + DELTA Max SMART EXTRA BATTERY"}]},{"@type":"WebSite","@id":"https:\/\/koningdrone.be\/#website","url":"https:\/\/koningdrone.be\/","name":"Koningdrone.be - Votre sp\u00e9cialiste en ligne en mati\u00e8re de drones, de cardans, de cam\u00e9ras et de centrales \u00e9lectriques.","description":"La boutique en ligne de drones et de cardans","publisher":{"@id":"https:\/\/koningdrone.be\/#organization"},"potentialAction":[{"@type":"SearchAction","target":{"@type":"EntryPoint","urlTemplate":"https:\/\/koningdrone.be\/?s={search_term_string}"},"query-input":{"@type":"PropertyValueSpecification","valueRequired":true,"valueName":"search_term_string"}}],"inLanguage":"fr-BE"},{"@type":"Organization","@id":"https:\/\/koningdrone.be\/#organization","name":"Kingdrone.co.uk","url":"https:\/\/koningdrone.be\/","logo":{"@type":"ImageObject","inLanguage":"fr-BE","@id":"https:\/\/koningdrone.be\/#\/schema\/logo\/image\/","url":"https:\/\/koningdrone.be\/wp-content\/uploads\/sites\/13\/2025\/04\/koningdrone-copyright-logo.svg","contentUrl":"https:\/\/koningdrone.be\/wp-content\/uploads\/sites\/13\/2025\/04\/koningdrone-copyright-logo.svg","width":227,"height":38,"caption":"Koningdrone.be"},"image":{"@id":"https:\/\/koningdrone.be\/#\/schema\/logo\/image\/"}}]}},"df_price":"","df_sale_price":"","df_regular_price":"","df_image_link":"https:\/\/koningdrone.be\/wp-content\/uploads\/sites\/13\/2025\/04\/5706649033113-1-300x300.jpg","_links":{"self":[{"href":"https:\/\/koningdrone.be\/fr\/wp-json\/wp\/v2\/product\/4586","targetHints":{"allow":["GET"]}}],"collection":[{"href":"https:\/\/koningdrone.be\/fr\/wp-json\/wp\/v2\/product"}],"about":[{"href":"https:\/\/koningdrone.be\/fr\/wp-json\/wp\/v2\/types\/product"}],"wp:featuredmedia":[{"embeddable":true,"href":"https:\/\/koningdrone.be\/fr\/wp-json\/wp\/v2\/media\/4584"}],"wp:attachment":[{"href":"https:\/\/koningdrone.be\/fr\/wp-json\/wp\/v2\/media?parent=4586"}],"wp:term":[{"taxonomy":"product_brand","embeddable":true,"href":"https:\/\/koningdrone.be\/fr\/wp-json\/wp\/v2\/product_brand?post=4586"},{"taxonomy":"product_cat","embeddable":true,"href":"https:\/\/koningdrone.be\/fr\/wp-json\/wp\/v2\/product_cat?post=4586"},{"taxonomy":"product_tag","embeddable":true,"href":"https:\/\/koningdrone.be\/fr\/wp-json\/wp\/v2\/product_tag?post=4586"}],"curies":[{"name":"wp","href":"https:\/\/api.w.org\/{rel}","templated":true}]}}