{"id":4583,"date":"2023-07-05T13:44:55","date_gmt":"2023-07-05T11:44:55","guid":{"rendered":"https:\/\/koningdrone.nl\/kon\/product\/ecoflow-delta-max1600-bundle-one-220w-portable-solar-panel\/"},"modified":"2026-04-29T14:30:18","modified_gmt":"2026-04-29T12:30:18","slug":"ecoflow-delta-max1600-bundle-one-220w-portable-solar-panel","status":"publish","type":"product","link":"https:\/\/koningdrone.be\/fr\/produit\/ecoflow-delta-max1600-bundle-one-220w-portable-solar-panel\/","title":{"rendered":"Offre group\u00e9e Ecoflow DELTA Max(1600) (un PANNEAU SOLAIRE PORTABLE 220W)"},"content":{"rendered":"<p>La DELTA Max d'EcoFlow est la solution parfaite pour les situations d'urgence o\u00f9 la panne de courant est un probl\u00e8me. Avec une capacit\u00e9 extensible jusqu'\u00e0 6 kWh et la possibilit\u00e9 d'alimenter 99% de vos appareils m\u00e9nagers, la DELTA Max vous permettra de rester branch\u00e9 en toute situation. Gr\u00e2ce \u00e0 la technologie X-Boost, le DELTA Max peut alimenter des appareils lourds jusqu'\u00e0 3 000 W, y compris les r\u00e9frig\u00e9rateurs et les s\u00e8che-linge. De plus, cette centrale peut \u00eatre connect\u00e9e \u00e0 un maximum de 4 panneaux solaires EcoFlow 220 W, ce qui vous permet de b\u00e9n\u00e9ficier de taux de charge solaire \u00e9lev\u00e9s.<\/p>\n<p><strong>Caract\u00e9ristiques<\/strong><\/p>\n<p>L'application EcoFlow vous permet de surveiller et de g\u00e9rer votre consommation d'\u00e9nergie, et gr\u00e2ce \u00e0 l'algorithme MPPT intelligent, une production solaire optimale est toujours assur\u00e9e, m\u00eame par temps nuageux. Le DELTA Max p\u00e8se environ 22 kg et mesure 49,7 x 24,2 x 30,5 cm. Avec plusieurs options de charge, une capacit\u00e9 de 1612Wh et plusieurs syst\u00e8mes de s\u00e9curit\u00e9, elle constitue une solution fiable pour les situations d'urgence. Elle est \u00e9galement test\u00e9e et certifi\u00e9e selon diff\u00e9rentes normes.<\/p>\n<p><strong>Panneau solaire<\/strong><\/p>\n<p>Le panneau solaire portable de 220 W fourni a une puissance nominale de 220 W \u00e0 l'avant et de 155 W \u00e0 l'arri\u00e8re, avec un rendement de 22-23%. Pesant environ 9,5 kg, le panneau solaire est facile \u00e0 transporter et \u00e0 installer.<\/p>\n<p><strong>Conclusion<\/strong><\/p>\n<p>En r\u00e9sum\u00e9, l'EcoFlow DELTA Max est une solution compl\u00e8te et fiable pour faire face aux coupures de courant et r\u00e9pondre \u00e0 vos besoins \u00e9nerg\u00e9tiques.<\/p>\n<p><\/p>","protected":false},"excerpt":{"rendered":"<ul>\n<li>G\u00e9n\u00e8re jusqu'\u00e0 3,5 kWh \u00e0 4 kWh par jour.<\/li>\n<li>2000W \u00e0 2400W Sortie AC.<\/li>\n<li>Conversion jusqu'\u00e0 23% avec une conception bifaciale unique deux-en-un pour assurer une vitesse de charge solaire rapide : 0-100% en 3-3,5 heures (3 ensembles), 4,5-5,5 heures (2 ensembles) et 9-11 heures (1 ensemble).<\/li>\n<li>R\u00e9sistance \u00e0 la poussi\u00e8re et \u00e0 l'eau IP68.<\/li>\n<li>T\u00e9l\u00e9commande intelligente avec l'application EcoFlow.<\/li>\n<li>Garantie de 3 ans sur le DELTA Max et de 24 mois sur le panneau solaire portable 220W Bifacial.<\/li>\n<\/ul>","protected":false},"featured_media":4582,"template":"","meta":{"_acf_changed":false},"product_brand":[],"product_cat":[97,245,415],"product_tag":[],"class_list":{"0":"post-4583","1":"product","2":"type-product","3":"status-publish","4":"has-post-thumbnail","6":"product_cat-alle-producten","7":"product_cat-ecoflow","8":"product_cat-energy","9":"product_shipping_class-outofstock","10":"pa_brand-ecoflow","11":"pa_productfamily-generator","12":"pa_producttype-generator","13":"pa_series-delta-max","15":"first","16":"outofstock","17":"taxable","18":"shipping-taxable","19":"product-type-simple"},"acf":[],"yoast_head":"<!-- This site is optimized with the Yoast SEO Premium plugin v27.2 (Yoast SEO v27.2) - https:\/\/yoast.com\/product\/yoast-seo-premium-wordpress\/ -->\n<title>Ecoflow DELTA Max(1600) Bundle (one 220W PORTABLE SOLAR PANEL) - koningdrone.be<\/title>\n<meta name=\"robots\" content=\"index, follow, max-snippet:-1, max-image-preview:large, max-video-preview:-1\" \/>\n<link rel=\"canonical\" href=\"https:\/\/koningdrone.be\/fr\/produit\/ecoflow-delta-max1600-bundle-one-220w-portable-solar-panel\/\" \/>\n<meta property=\"og:locale\" content=\"fr_FR\" \/>\n<meta property=\"og:type\" content=\"article\" \/>\n<meta property=\"og:title\" content=\"Ecoflow DELTA Max(1600) Bundle (one 220W PORTABLE SOLAR PANEL)\" \/>\n<meta property=\"og:description\" content=\"Genereert tot 3,5 kWh tot 4 kWh per dag.2000W tot 2400W AC-uitgang.Tot 23% conversie met een uniek twee-in-\u00e9\u00e9n bifaciaal ontwerp om een snelle oplaadsnelheid van zonne-energie te garanderen: 0-100% in 3-3,5 uur (3 sets), 4,5-5,5 uur (2 sets) en 9-11 uur (1 reeks).IP68 stof- en waterbestendig.Slimme afstandsbediening met EcoFlow app.3 jaar garantie op DELTA Max en 24 maanden garantie op 220W Bifacial draagbaar zonnepaneel.\" \/>\n<meta property=\"og:url\" content=\"https:\/\/koningdrone.be\/fr\/produit\/ecoflow-delta-max1600-bundle-one-220w-portable-solar-panel\/\" \/>\n<meta property=\"og:site_name\" content=\"koningdrone.be\" \/>\n<meta property=\"article:modified_time\" content=\"2026-04-29T12:30:18+00:00\" \/>\n<meta property=\"og:image\" content=\"https:\/\/koningdrone.be\/wp-content\/uploads\/sites\/13\/2025\/04\/5706649033137.webp\" \/>\n\t<meta property=\"og:image:width\" content=\"2000\" \/>\n\t<meta property=\"og:image:height\" content=\"2000\" \/>\n\t<meta property=\"og:image:type\" content=\"image\/webp\" \/>\n<meta name=\"twitter:card\" content=\"summary_large_image\" \/>\n<meta name=\"twitter:label1\" content=\"Dur\u00e9e de lecture est.\" \/>\n\t<meta name=\"twitter:data1\" content=\"1 minute\" \/>\n<script type=\"application\/ld+json\" class=\"yoast-schema-graph\">{\"@context\":\"https:\/\/schema.org\",\"@graph\":[{\"@type\":\"WebPage\",\"@id\":\"https:\/\/koningdrone.be\/product\/ecoflow-delta-max1600-bundle-one-220w-portable-solar-panel\/\",\"url\":\"https:\/\/koningdrone.be\/product\/ecoflow-delta-max1600-bundle-one-220w-portable-solar-panel\/\",\"name\":\"Ecoflow DELTA Max(1600) Bundle (one 220W PORTABLE SOLAR PANEL) - koningdrone.be\",\"isPartOf\":{\"@id\":\"https:\/\/koningdrone.be\/#website\"},\"primaryImageOfPage\":{\"@id\":\"https:\/\/koningdrone.be\/product\/ecoflow-delta-max1600-bundle-one-220w-portable-solar-panel\/#primaryimage\"},\"image\":{\"@id\":\"https:\/\/koningdrone.be\/product\/ecoflow-delta-max1600-bundle-one-220w-portable-solar-panel\/#primaryimage\"},\"thumbnailUrl\":\"https:\/\/koningdrone.be\/wp-content\/uploads\/sites\/13\/2025\/04\/5706649033137.webp\",\"datePublished\":\"2023-07-05T11:44:55+00:00\",\"dateModified\":\"2026-04-29T12:30:18+00:00\",\"breadcrumb\":{\"@id\":\"https:\/\/koningdrone.be\/product\/ecoflow-delta-max1600-bundle-one-220w-portable-solar-panel\/#breadcrumb\"},\"inLanguage\":\"fr-BE\",\"potentialAction\":[{\"@type\":\"ReadAction\",\"target\":[\"https:\/\/koningdrone.be\/product\/ecoflow-delta-max1600-bundle-one-220w-portable-solar-panel\/\"]}]},{\"@type\":\"ImageObject\",\"inLanguage\":\"fr-BE\",\"@id\":\"https:\/\/koningdrone.be\/product\/ecoflow-delta-max1600-bundle-one-220w-portable-solar-panel\/#primaryimage\",\"url\":\"https:\/\/koningdrone.be\/wp-content\/uploads\/sites\/13\/2025\/04\/5706649033137.webp\",\"contentUrl\":\"https:\/\/koningdrone.be\/wp-content\/uploads\/sites\/13\/2025\/04\/5706649033137.webp\",\"width\":2000,\"height\":2000},{\"@type\":\"BreadcrumbList\",\"@id\":\"https:\/\/koningdrone.be\/product\/ecoflow-delta-max1600-bundle-one-220w-portable-solar-panel\/#breadcrumb\",\"itemListElement\":[{\"@type\":\"ListItem\",\"position\":1,\"name\":\"Home\",\"item\":\"https:\/\/koningdrone.be\/\"},{\"@type\":\"ListItem\",\"position\":2,\"name\":\"AVSS Parachute Recovery System for DJI Matrice 300\/350\",\"item\":\"https:\/\/koningdrone.be\/product\/avss-parachute-recovery-system-for-dji-matrice-300-350\/\"},{\"@type\":\"ListItem\",\"position\":3,\"name\":\"Alle producten\",\"item\":\"https:\/\/koningdrone.be\/categorie\/alle-producten\/\"},{\"@type\":\"ListItem\",\"position\":4,\"name\":\"Ecoflow DELTA Max(1600) Bundle (one 220W PORTABLE SOLAR PANEL)\"}]},{\"@type\":\"WebSite\",\"@id\":\"https:\/\/koningdrone.be\/#website\",\"url\":\"https:\/\/koningdrone.be\/\",\"name\":\"Koningdrone.be - Uw online specialist in drones, gimbals, camera's en power stations.\",\"description\":\"De webshop in drones en gimbals\",\"publisher\":{\"@id\":\"https:\/\/koningdrone.be\/#organization\"},\"potentialAction\":[{\"@type\":\"SearchAction\",\"target\":{\"@type\":\"EntryPoint\",\"urlTemplate\":\"https:\/\/koningdrone.be\/?s={search_term_string}\"},\"query-input\":{\"@type\":\"PropertyValueSpecification\",\"valueRequired\":true,\"valueName\":\"search_term_string\"}}],\"inLanguage\":\"fr-BE\"},{\"@type\":\"Organization\",\"@id\":\"https:\/\/koningdrone.be\/#organization\",\"name\":\"Koningdrone.be\",\"url\":\"https:\/\/koningdrone.be\/\",\"logo\":{\"@type\":\"ImageObject\",\"inLanguage\":\"fr-BE\",\"@id\":\"https:\/\/koningdrone.be\/#\/schema\/logo\/image\/\",\"url\":\"https:\/\/koningdrone.be\/wp-content\/uploads\/sites\/13\/2025\/04\/koningdrone-copyright-logo.svg\",\"contentUrl\":\"https:\/\/koningdrone.be\/wp-content\/uploads\/sites\/13\/2025\/04\/koningdrone-copyright-logo.svg\",\"width\":227,\"height\":38,\"caption\":\"Koningdrone.be\"},\"image\":{\"@id\":\"https:\/\/koningdrone.be\/#\/schema\/logo\/image\/\"}}]}<\/script>\n<!-- \/ Yoast SEO Premium plugin. -->","yoast_head_json":{"title":"Ecoflow DELTA Max(1600) Bundle (one 220W PORTABLE SOLAR PANEL) - koningdrone.be","robots":{"index":"index","follow":"follow","max-snippet":"max-snippet:-1","max-image-preview":"max-image-preview:large","max-video-preview":"max-video-preview:-1"},"canonical":"https:\/\/koningdrone.be\/fr\/produit\/ecoflow-delta-max1600-bundle-one-220w-portable-solar-panel\/","og_locale":"fr_FR","og_type":"article","og_title":"Ecoflow DELTA Max(1600) Bundle (one 220W PORTABLE SOLAR PANEL)","og_description":"Genereert tot 3,5 kWh tot 4 kWh per dag.2000W tot 2400W AC-uitgang.Tot 23% conversie met een uniek twee-in-\u00e9\u00e9n bifaciaal ontwerp om een snelle oplaadsnelheid van zonne-energie te garanderen: 0-100% in 3-3,5 uur (3 sets), 4,5-5,5 uur (2 sets) en 9-11 uur (1 reeks).IP68 stof- en waterbestendig.Slimme afstandsbediening met EcoFlow app.3 jaar garantie op DELTA Max en 24 maanden garantie op 220W Bifacial draagbaar zonnepaneel.","og_url":"https:\/\/koningdrone.be\/fr\/produit\/ecoflow-delta-max1600-bundle-one-220w-portable-solar-panel\/","og_site_name":"koningdrone.be","article_modified_time":"2026-04-29T12:30:18+00:00","og_image":[{"width":2000,"height":2000,"url":"https:\/\/koningdrone.be\/wp-content\/uploads\/sites\/13\/2025\/04\/5706649033137.webp","type":"image\/webp"}],"twitter_card":"summary_large_image","twitter_misc":{"Dur\u00e9e de lecture est.":"1 minute"},"schema":{"@context":"https:\/\/schema.org","@graph":[{"@type":"WebPage","@id":"https:\/\/koningdrone.be\/product\/ecoflow-delta-max1600-bundle-one-220w-portable-solar-panel\/","url":"https:\/\/koningdrone.be\/product\/ecoflow-delta-max1600-bundle-one-220w-portable-solar-panel\/","name":"Ecoflow DELTA Max(1600) Bundle (one 220W PORTABLE SOLAR PANEL) - koningdrone.be","isPartOf":{"@id":"https:\/\/koningdrone.be\/#website"},"primaryImageOfPage":{"@id":"https:\/\/koningdrone.be\/product\/ecoflow-delta-max1600-bundle-one-220w-portable-solar-panel\/#primaryimage"},"image":{"@id":"https:\/\/koningdrone.be\/product\/ecoflow-delta-max1600-bundle-one-220w-portable-solar-panel\/#primaryimage"},"thumbnailUrl":"https:\/\/koningdrone.be\/wp-content\/uploads\/sites\/13\/2025\/04\/5706649033137.webp","datePublished":"2023-07-05T11:44:55+00:00","dateModified":"2026-04-29T12:30:18+00:00","breadcrumb":{"@id":"https:\/\/koningdrone.be\/product\/ecoflow-delta-max1600-bundle-one-220w-portable-solar-panel\/#breadcrumb"},"inLanguage":"fr-BE","potentialAction":[{"@type":"ReadAction","target":["https:\/\/koningdrone.be\/product\/ecoflow-delta-max1600-bundle-one-220w-portable-solar-panel\/"]}]},{"@type":"ImageObject","inLanguage":"fr-BE","@id":"https:\/\/koningdrone.be\/product\/ecoflow-delta-max1600-bundle-one-220w-portable-solar-panel\/#primaryimage","url":"https:\/\/koningdrone.be\/wp-content\/uploads\/sites\/13\/2025\/04\/5706649033137.webp","contentUrl":"https:\/\/koningdrone.be\/wp-content\/uploads\/sites\/13\/2025\/04\/5706649033137.webp","width":2000,"height":2000},{"@type":"BreadcrumbList","@id":"https:\/\/koningdrone.be\/product\/ecoflow-delta-max1600-bundle-one-220w-portable-solar-panel\/#breadcrumb","itemListElement":[{"@type":"ListItem","position":1,"name":"Home","item":"https:\/\/koningdrone.be\/"},{"@type":"ListItem","position":2,"name":"AVSS Parachute Recovery System for DJI Matrice 300\/350","item":"https:\/\/koningdrone.be\/product\/avss-parachute-recovery-system-for-dji-matrice-300-350\/"},{"@type":"ListItem","position":3,"name":"Alle producten","item":"https:\/\/koningdrone.be\/categorie\/alle-producten\/"},{"@type":"ListItem","position":4,"name":"Ecoflow DELTA Max(1600) Bundle (one 220W PORTABLE SOLAR PANEL)"}]},{"@type":"WebSite","@id":"https:\/\/koningdrone.be\/#website","url":"https:\/\/koningdrone.be\/","name":"Koningdrone.be - Votre sp\u00e9cialiste en ligne en mati\u00e8re de drones, de cardans, de cam\u00e9ras et de centrales \u00e9lectriques.","description":"La boutique en ligne de drones et de cardans","publisher":{"@id":"https:\/\/koningdrone.be\/#organization"},"potentialAction":[{"@type":"SearchAction","target":{"@type":"EntryPoint","urlTemplate":"https:\/\/koningdrone.be\/?s={search_term_string}"},"query-input":{"@type":"PropertyValueSpecification","valueRequired":true,"valueName":"search_term_string"}}],"inLanguage":"fr-BE"},{"@type":"Organization","@id":"https:\/\/koningdrone.be\/#organization","name":"Kingdrone.co.uk","url":"https:\/\/koningdrone.be\/","logo":{"@type":"ImageObject","inLanguage":"fr-BE","@id":"https:\/\/koningdrone.be\/#\/schema\/logo\/image\/","url":"https:\/\/koningdrone.be\/wp-content\/uploads\/sites\/13\/2025\/04\/koningdrone-copyright-logo.svg","contentUrl":"https:\/\/koningdrone.be\/wp-content\/uploads\/sites\/13\/2025\/04\/koningdrone-copyright-logo.svg","width":227,"height":38,"caption":"Koningdrone.be"},"image":{"@id":"https:\/\/koningdrone.be\/#\/schema\/logo\/image\/"}}]}},"df_price":"","df_sale_price":"","df_regular_price":"","df_image_link":"https:\/\/koningdrone.be\/wp-content\/uploads\/sites\/13\/2025\/04\/5706649033137-300x300.webp","_links":{"self":[{"href":"https:\/\/koningdrone.be\/fr\/wp-json\/wp\/v2\/product\/4583","targetHints":{"allow":["GET"]}}],"collection":[{"href":"https:\/\/koningdrone.be\/fr\/wp-json\/wp\/v2\/product"}],"about":[{"href":"https:\/\/koningdrone.be\/fr\/wp-json\/wp\/v2\/types\/product"}],"wp:featuredmedia":[{"embeddable":true,"href":"https:\/\/koningdrone.be\/fr\/wp-json\/wp\/v2\/media\/4582"}],"wp:attachment":[{"href":"https:\/\/koningdrone.be\/fr\/wp-json\/wp\/v2\/media?parent=4583"}],"wp:term":[{"taxonomy":"product_brand","embeddable":true,"href":"https:\/\/koningdrone.be\/fr\/wp-json\/wp\/v2\/product_brand?post=4583"},{"taxonomy":"product_cat","embeddable":true,"href":"https:\/\/koningdrone.be\/fr\/wp-json\/wp\/v2\/product_cat?post=4583"},{"taxonomy":"product_tag","embeddable":true,"href":"https:\/\/koningdrone.be\/fr\/wp-json\/wp\/v2\/product_tag?post=4583"}],"curies":[{"name":"wp","href":"https:\/\/api.w.org\/{rel}","templated":true}]}}