{"id":4581,"date":"2023-07-05T13:44:55","date_gmt":"2023-07-05T11:44:55","guid":{"rendered":"https:\/\/koningdrone.nl\/kon\/product\/ecoflow-delta-bundle-two-110w-solar\/"},"modified":"2026-04-29T14:21:16","modified_gmt":"2026-04-29T12:21:16","slug":"ecoflow-delta-bundle-two-110w-solar","status":"publish","type":"product","link":"https:\/\/koningdrone.be\/fr\/produit\/ecoflow-delta-bundle-two-110w-solar\/","title":{"rendered":"Ecoflow DELTA Bundle (deux 110W Solar)"},"content":{"rendered":"<p><strong>Description du produit Panneaux solaires EcoFlow DELTA &amp; 110W<\/strong><\/p>\n<p>L'EcoFlow DELTA est un puissant g\u00e9n\u00e9rateur de batterie avec une \u00e9norme capacit\u00e9 de 1260Wh et 4 sorties AC, fournissant une alimentation de secours fiable pour une utilisation domestique en cas d'urgence ou de coupure de courant. L'EcoFlow DELTA peut charger de 0 \u00e0 80% en 1 heure, ce qui est plus rapide que n'importe quel autre g\u00e9n\u00e9rateur de batterie sur le march\u00e9.<\/p>\n<p><strong>Chargement rapide<\/strong><\/p>\n<p>Les panneaux solaires EcoFlow 110W vous permettent de charger compl\u00e8tement l'EcoFlow DELTA si vous n'\u00eates pas raccord\u00e9 au r\u00e9seau ou si vous recherchez une autre source d'alimentation de secours. En outre, l'EcoFlow DELTA peut alimenter jusqu'\u00e0 11 appareils simultan\u00e9ment, ce qui vous permet de recharger facilement tous vos t\u00e9l\u00e9phones, ordinateurs portables et autres appareils.<\/p>\n<p><strong>Technologie X-Stream<\/strong><\/p>\n<p>Le DELTA utilise la technologie brevet\u00e9e X-Stream, qui offre la vitesse de charge la plus rapide du march\u00e9 et fonctionne 10 fois plus vite que les g\u00e9n\u00e9rateurs concurrents aliment\u00e9s par batterie. Avec une \u00e9norme capacit\u00e9 de stockage d'\u00e9nergie de 1260 Wh, le DELTA peut alimenter des r\u00e9frig\u00e9rateurs, des lampes, des appareils m\u00e9dicaux et d'autres appareils n\u00e9cessaires en appuyant simplement sur un bouton. En outre, le DELTA peut \u00eatre enti\u00e8rement recharg\u00e9 en quatre heures en plein soleil gr\u00e2ce \u00e0 un panneau solaire de 4x110W.<\/p>\n<p><strong>Panneaux solaires EcoFlow 110W<\/strong><\/p>\n<p>Compos\u00e9s de cellules de silicium monocristallin efficaces, les panneaux solaires EcoFlow 110W peuvent charger les centrales \u00e9lectriques portables et les appareils \u00e9lectriques. La fonction de liaison permet de relier les panneaux solaires entre eux \u00e0 l'aide d'un c\u00e2ble parall\u00e8le, g\u00e9n\u00e9rant ainsi suffisamment d'\u00e9nergie pour votre centrale \u00e9lectrique. Con\u00e7u avec une poign\u00e9e en caoutchouc et un support flexible, le panneau solaire peut ajuster l'angle de 0 \u00e0 180 degr\u00e9s et est r\u00e9sistant \u00e0 la poussi\u00e8re et \u00e0 l'eau pour r\u00e9sister \u00e0 toutes les conditions m\u00e9t\u00e9orologiques, id\u00e9al pour les activit\u00e9s de plein air.<\/p>\n<p><\/p>","protected":false},"excerpt":{"rendered":"<ul>\n<li>Avec une \u00e9norme capacit\u00e9 de 1260 Wh et 4 prises CA, l'EcoFlow DELTA fournit une alimentation de secours fiable \u00e0 la maison en cas d'urgence ou de panne de courant.<\/li>\n<li>L'EcoFlow DELTA se charge en 1 heure \u00e0 partir de 0-80%, plus rapidement que n'importe quel autre g\u00e9n\u00e9rateur de batterie sur le march\u00e9.<\/li>\n<li>\u2019La station d'alimentation la plus rapide au monde recharge 2 \u00e0 3 fois plus vite que la plupart des stations d'alimentation portables du march\u00e9. De 0 \u00e0 80% en moins d'une heure.<\/li>\n<li>Capacit\u00e9 exceptionnelle de 1,2 kWh : la portabilit\u00e9 ne doit pas sacrifier la capacit\u00e9. L'unit\u00e9 DELTA est un g\u00e9n\u00e9rateur aliment\u00e9 par batterie avec une capacit\u00e9 exceptionnelle de 1,2 kWh. De quoi disposer de plusieurs heures de r\u00e9serve d'\u00e9nergie.<\/li>\n<li>Alimente presque tout : la grande charge de l'onduleur DELTA peut \u00e9galement alimenter des outils de bricolage gourmands en \u00e9nergie jusqu'\u00e0 1800 W (3300 W cr\u00eate, onde sinuso\u00efdale pure). Cela en fait le meilleur onduleur portable de sa taille en termes de performances.<\/li>\n<li>Chargement solaire, chargement de voitures et bien plus encore : DELTA est \u00e9galement une centrale \u00e9lectrique aliment\u00e9e par l'\u00e9nergie solaire. Les panneaux EcoFlow permettent de la recharger compl\u00e8tement en 4 heures seulement. Vous partez en voyage ? Branchez-le sur la prise de votre voiture et rechargez vos appareils pendant le trajet.<\/li>\n<li>Alimentez 11 appareils simultan\u00e9ment : autant de ports que n\u00e9cessaire pour votre \u00e9quipement. Alimentez jusqu'\u00e0 11 appareils simultan\u00e9ment via des sorties CA, CC ou USB. Id\u00e9al comme g\u00e9n\u00e9rateur aliment\u00e9 par batterie en cas de coupure de courant.<\/li>\n<\/ul>","protected":false},"featured_media":4578,"template":"","meta":{"_acf_changed":false},"product_brand":[],"product_cat":[97,245,415],"product_tag":[],"class_list":{"0":"post-4581","1":"product","2":"type-product","3":"status-publish","4":"has-post-thumbnail","6":"product_cat-alle-producten","7":"product_cat-ecoflow","8":"product_cat-energy","9":"product_shipping_class-outofstock","10":"pa_brand-ecoflow","11":"pa_productfamily-generator","12":"pa_producttype-generator","13":"pa_series-delta","15":"first","16":"outofstock","17":"taxable","18":"shipping-taxable","19":"product-type-simple"},"acf":[],"yoast_head":"<!-- This site is optimized with the Yoast SEO Premium plugin v27.2 (Yoast SEO v27.2) - https:\/\/yoast.com\/product\/yoast-seo-premium-wordpress\/ -->\n<title>Ecoflow DELTA Bundle (two 110W Solar) - koningdrone.be<\/title>\n<meta name=\"robots\" content=\"index, follow, max-snippet:-1, max-image-preview:large, max-video-preview:-1\" \/>\n<link rel=\"canonical\" href=\"https:\/\/koningdrone.be\/fr\/produit\/ecoflow-delta-bundle-two-110w-solar\/\" \/>\n<meta property=\"og:locale\" content=\"fr_FR\" \/>\n<meta property=\"og:type\" content=\"article\" \/>\n<meta property=\"og:title\" content=\"Ecoflow DELTA Bundle (two 110W Solar)\" \/>\n<meta property=\"og:description\" content=\"Met een enorme capaciteit van 1260 Wh en 4 AC-uitgangen biedt de EcoFlow DELTA betrouwbare back-upstroom in huis tijdens een noodgeval of stroomuitval.De EcoFlow DELTA laadt binnen 1 uur op van 0-80%, sneller dan elke andere batterijgenerator op de markt.&#039;s Werelds snelst opladende energiecentrale laadt 2 tot 3 keer sneller op dan de meeste draagbare energiecentrales op de markt. Van 0 tot 80% in minder dan een uur.Uitzonderlijke capaciteit van 1,2 kWh: draagbaarheid hoeft geen capaciteit op te offeren. De DELTA-unit is een generator op batterijen met een uitstekend vermogen van 1,2 kWh. Voldoende om uren reserve energie te leveren.Voedt vrijwel alles: DELTA&#039;s grote omvormerbelasting kan ook stroomverslindende doe-het-zelfgereedschappen ondersteunen tot 1800 W (3300 W piek, zuivere sinusgolf). Dit maakt het qua prestaties de beste draagbare krachtcentrale van zijn formaat.Opladen met zonne-energie, opladen van auto&#039;s en nog veel meer: DELTA is ook een energiecentrale die wordt opgeladen met zonne-energie. Volledig opgeladen in slechts 4 uur met EcoFlow-panelen. Ga je op roadtrip? Steek de stekker in het stopcontact van je auto en laad je apparaten onderweg op.Voorzie 11 apparaten tegelijk van stroom:\u00a0\u00a0Zoveel poorten als je nodig hebt voor je uitrusting. Voed tot 11 apparaten tegelijkertijd via AC-, DC- of USB-uitgangen. Ideaal als generator op batterijen tijdens stroomuitval.\" \/>\n<meta property=\"og:url\" content=\"https:\/\/koningdrone.be\/fr\/produit\/ecoflow-delta-bundle-two-110w-solar\/\" \/>\n<meta property=\"og:site_name\" content=\"koningdrone.be\" \/>\n<meta property=\"article:modified_time\" content=\"2026-04-29T12:21:16+00:00\" \/>\n<meta property=\"og:image\" content=\"https:\/\/koningdrone.be\/wp-content\/uploads\/sites\/13\/2025\/04\/5706649033144-1.jpg\" \/>\n\t<meta property=\"og:image:width\" content=\"1000\" \/>\n\t<meta property=\"og:image:height\" content=\"1000\" \/>\n\t<meta property=\"og:image:type\" content=\"image\/jpeg\" \/>\n<meta name=\"twitter:card\" content=\"summary_large_image\" \/>\n<meta name=\"twitter:label1\" content=\"Dur\u00e9e de lecture est.\" \/>\n\t<meta name=\"twitter:data1\" content=\"1 minute\" \/>\n<script type=\"application\/ld+json\" class=\"yoast-schema-graph\">{\"@context\":\"https:\/\/schema.org\",\"@graph\":[{\"@type\":\"WebPage\",\"@id\":\"https:\/\/koningdrone.be\/product\/ecoflow-delta-bundle-two-110w-solar\/\",\"url\":\"https:\/\/koningdrone.be\/product\/ecoflow-delta-bundle-two-110w-solar\/\",\"name\":\"Ecoflow DELTA Bundle (two 110W Solar) - koningdrone.be\",\"isPartOf\":{\"@id\":\"https:\/\/koningdrone.be\/#website\"},\"primaryImageOfPage\":{\"@id\":\"https:\/\/koningdrone.be\/product\/ecoflow-delta-bundle-two-110w-solar\/#primaryimage\"},\"image\":{\"@id\":\"https:\/\/koningdrone.be\/product\/ecoflow-delta-bundle-two-110w-solar\/#primaryimage\"},\"thumbnailUrl\":\"https:\/\/koningdrone.be\/wp-content\/uploads\/sites\/13\/2025\/04\/5706649033144-1.jpg\",\"datePublished\":\"2023-07-05T11:44:55+00:00\",\"dateModified\":\"2026-04-29T12:21:16+00:00\",\"breadcrumb\":{\"@id\":\"https:\/\/koningdrone.be\/product\/ecoflow-delta-bundle-two-110w-solar\/#breadcrumb\"},\"inLanguage\":\"fr-BE\",\"potentialAction\":[{\"@type\":\"ReadAction\",\"target\":[\"https:\/\/koningdrone.be\/product\/ecoflow-delta-bundle-two-110w-solar\/\"]}]},{\"@type\":\"ImageObject\",\"inLanguage\":\"fr-BE\",\"@id\":\"https:\/\/koningdrone.be\/product\/ecoflow-delta-bundle-two-110w-solar\/#primaryimage\",\"url\":\"https:\/\/koningdrone.be\/wp-content\/uploads\/sites\/13\/2025\/04\/5706649033144-1.jpg\",\"contentUrl\":\"https:\/\/koningdrone.be\/wp-content\/uploads\/sites\/13\/2025\/04\/5706649033144-1.jpg\",\"width\":1000,\"height\":1000},{\"@type\":\"BreadcrumbList\",\"@id\":\"https:\/\/koningdrone.be\/product\/ecoflow-delta-bundle-two-110w-solar\/#breadcrumb\",\"itemListElement\":[{\"@type\":\"ListItem\",\"position\":1,\"name\":\"Home\",\"item\":\"https:\/\/koningdrone.be\/\"},{\"@type\":\"ListItem\",\"position\":2,\"name\":\"AVSS Parachute Recovery System for DJI Matrice 300\/350\",\"item\":\"https:\/\/koningdrone.be\/product\/avss-parachute-recovery-system-for-dji-matrice-300-350\/\"},{\"@type\":\"ListItem\",\"position\":3,\"name\":\"Alle producten\",\"item\":\"https:\/\/koningdrone.be\/categorie\/alle-producten\/\"},{\"@type\":\"ListItem\",\"position\":4,\"name\":\"Ecoflow DELTA Bundle (two 110W Solar)\"}]},{\"@type\":\"WebSite\",\"@id\":\"https:\/\/koningdrone.be\/#website\",\"url\":\"https:\/\/koningdrone.be\/\",\"name\":\"Koningdrone.be - Uw online specialist in drones, gimbals, camera's en power stations.\",\"description\":\"De webshop in drones en gimbals\",\"publisher\":{\"@id\":\"https:\/\/koningdrone.be\/#organization\"},\"potentialAction\":[{\"@type\":\"SearchAction\",\"target\":{\"@type\":\"EntryPoint\",\"urlTemplate\":\"https:\/\/koningdrone.be\/?s={search_term_string}\"},\"query-input\":{\"@type\":\"PropertyValueSpecification\",\"valueRequired\":true,\"valueName\":\"search_term_string\"}}],\"inLanguage\":\"fr-BE\"},{\"@type\":\"Organization\",\"@id\":\"https:\/\/koningdrone.be\/#organization\",\"name\":\"Koningdrone.be\",\"url\":\"https:\/\/koningdrone.be\/\",\"logo\":{\"@type\":\"ImageObject\",\"inLanguage\":\"fr-BE\",\"@id\":\"https:\/\/koningdrone.be\/#\/schema\/logo\/image\/\",\"url\":\"https:\/\/koningdrone.be\/wp-content\/uploads\/sites\/13\/2025\/04\/koningdrone-copyright-logo.svg\",\"contentUrl\":\"https:\/\/koningdrone.be\/wp-content\/uploads\/sites\/13\/2025\/04\/koningdrone-copyright-logo.svg\",\"width\":227,\"height\":38,\"caption\":\"Koningdrone.be\"},\"image\":{\"@id\":\"https:\/\/koningdrone.be\/#\/schema\/logo\/image\/\"}}]}<\/script>\n<!-- \/ Yoast SEO Premium plugin. -->","yoast_head_json":{"title":"Ecoflow DELTA Bundle (two 110W Solar) - koningdrone.be","robots":{"index":"index","follow":"follow","max-snippet":"max-snippet:-1","max-image-preview":"max-image-preview:large","max-video-preview":"max-video-preview:-1"},"canonical":"https:\/\/koningdrone.be\/fr\/produit\/ecoflow-delta-bundle-two-110w-solar\/","og_locale":"fr_FR","og_type":"article","og_title":"Ecoflow DELTA Bundle (two 110W Solar)","og_description":"Met een enorme capaciteit van 1260 Wh en 4 AC-uitgangen biedt de EcoFlow DELTA betrouwbare back-upstroom in huis tijdens een noodgeval of stroomuitval.De EcoFlow DELTA laadt binnen 1 uur op van 0-80%, sneller dan elke andere batterijgenerator op de markt.'s Werelds snelst opladende energiecentrale laadt 2 tot 3 keer sneller op dan de meeste draagbare energiecentrales op de markt. Van 0 tot 80% in minder dan een uur.Uitzonderlijke capaciteit van 1,2 kWh: draagbaarheid hoeft geen capaciteit op te offeren. De DELTA-unit is een generator op batterijen met een uitstekend vermogen van 1,2 kWh. Voldoende om uren reserve energie te leveren.Voedt vrijwel alles: DELTA's grote omvormerbelasting kan ook stroomverslindende doe-het-zelfgereedschappen ondersteunen tot 1800 W (3300 W piek, zuivere sinusgolf). Dit maakt het qua prestaties de beste draagbare krachtcentrale van zijn formaat.Opladen met zonne-energie, opladen van auto's en nog veel meer: DELTA is ook een energiecentrale die wordt opgeladen met zonne-energie. Volledig opgeladen in slechts 4 uur met EcoFlow-panelen. Ga je op roadtrip? Steek de stekker in het stopcontact van je auto en laad je apparaten onderweg op.Voorzie 11 apparaten tegelijk van stroom:\u00a0\u00a0Zoveel poorten als je nodig hebt voor je uitrusting. Voed tot 11 apparaten tegelijkertijd via AC-, DC- of USB-uitgangen. Ideaal als generator op batterijen tijdens stroomuitval.","og_url":"https:\/\/koningdrone.be\/fr\/produit\/ecoflow-delta-bundle-two-110w-solar\/","og_site_name":"koningdrone.be","article_modified_time":"2026-04-29T12:21:16+00:00","og_image":[{"width":1000,"height":1000,"url":"https:\/\/koningdrone.be\/wp-content\/uploads\/sites\/13\/2025\/04\/5706649033144-1.jpg","type":"image\/jpeg"}],"twitter_card":"summary_large_image","twitter_misc":{"Dur\u00e9e de lecture est.":"1 minute"},"schema":{"@context":"https:\/\/schema.org","@graph":[{"@type":"WebPage","@id":"https:\/\/koningdrone.be\/product\/ecoflow-delta-bundle-two-110w-solar\/","url":"https:\/\/koningdrone.be\/product\/ecoflow-delta-bundle-two-110w-solar\/","name":"Ecoflow DELTA Bundle (two 110W Solar) - koningdrone.be","isPartOf":{"@id":"https:\/\/koningdrone.be\/#website"},"primaryImageOfPage":{"@id":"https:\/\/koningdrone.be\/product\/ecoflow-delta-bundle-two-110w-solar\/#primaryimage"},"image":{"@id":"https:\/\/koningdrone.be\/product\/ecoflow-delta-bundle-two-110w-solar\/#primaryimage"},"thumbnailUrl":"https:\/\/koningdrone.be\/wp-content\/uploads\/sites\/13\/2025\/04\/5706649033144-1.jpg","datePublished":"2023-07-05T11:44:55+00:00","dateModified":"2026-04-29T12:21:16+00:00","breadcrumb":{"@id":"https:\/\/koningdrone.be\/product\/ecoflow-delta-bundle-two-110w-solar\/#breadcrumb"},"inLanguage":"fr-BE","potentialAction":[{"@type":"ReadAction","target":["https:\/\/koningdrone.be\/product\/ecoflow-delta-bundle-two-110w-solar\/"]}]},{"@type":"ImageObject","inLanguage":"fr-BE","@id":"https:\/\/koningdrone.be\/product\/ecoflow-delta-bundle-two-110w-solar\/#primaryimage","url":"https:\/\/koningdrone.be\/wp-content\/uploads\/sites\/13\/2025\/04\/5706649033144-1.jpg","contentUrl":"https:\/\/koningdrone.be\/wp-content\/uploads\/sites\/13\/2025\/04\/5706649033144-1.jpg","width":1000,"height":1000},{"@type":"BreadcrumbList","@id":"https:\/\/koningdrone.be\/product\/ecoflow-delta-bundle-two-110w-solar\/#breadcrumb","itemListElement":[{"@type":"ListItem","position":1,"name":"Home","item":"https:\/\/koningdrone.be\/"},{"@type":"ListItem","position":2,"name":"AVSS Parachute Recovery System for DJI Matrice 300\/350","item":"https:\/\/koningdrone.be\/product\/avss-parachute-recovery-system-for-dji-matrice-300-350\/"},{"@type":"ListItem","position":3,"name":"Alle producten","item":"https:\/\/koningdrone.be\/categorie\/alle-producten\/"},{"@type":"ListItem","position":4,"name":"Ecoflow DELTA Bundle (two 110W Solar)"}]},{"@type":"WebSite","@id":"https:\/\/koningdrone.be\/#website","url":"https:\/\/koningdrone.be\/","name":"Koningdrone.be - Votre sp\u00e9cialiste en ligne en mati\u00e8re de drones, de cardans, de cam\u00e9ras et de centrales \u00e9lectriques.","description":"La boutique en ligne de drones et de cardans","publisher":{"@id":"https:\/\/koningdrone.be\/#organization"},"potentialAction":[{"@type":"SearchAction","target":{"@type":"EntryPoint","urlTemplate":"https:\/\/koningdrone.be\/?s={search_term_string}"},"query-input":{"@type":"PropertyValueSpecification","valueRequired":true,"valueName":"search_term_string"}}],"inLanguage":"fr-BE"},{"@type":"Organization","@id":"https:\/\/koningdrone.be\/#organization","name":"Kingdrone.co.uk","url":"https:\/\/koningdrone.be\/","logo":{"@type":"ImageObject","inLanguage":"fr-BE","@id":"https:\/\/koningdrone.be\/#\/schema\/logo\/image\/","url":"https:\/\/koningdrone.be\/wp-content\/uploads\/sites\/13\/2025\/04\/koningdrone-copyright-logo.svg","contentUrl":"https:\/\/koningdrone.be\/wp-content\/uploads\/sites\/13\/2025\/04\/koningdrone-copyright-logo.svg","width":227,"height":38,"caption":"Koningdrone.be"},"image":{"@id":"https:\/\/koningdrone.be\/#\/schema\/logo\/image\/"}}]}},"df_price":"","df_sale_price":"","df_regular_price":"","df_image_link":"https:\/\/koningdrone.be\/wp-content\/uploads\/sites\/13\/2025\/04\/5706649033144-1-300x300.jpg","_links":{"self":[{"href":"https:\/\/koningdrone.be\/fr\/wp-json\/wp\/v2\/product\/4581","targetHints":{"allow":["GET"]}}],"collection":[{"href":"https:\/\/koningdrone.be\/fr\/wp-json\/wp\/v2\/product"}],"about":[{"href":"https:\/\/koningdrone.be\/fr\/wp-json\/wp\/v2\/types\/product"}],"wp:featuredmedia":[{"embeddable":true,"href":"https:\/\/koningdrone.be\/fr\/wp-json\/wp\/v2\/media\/4578"}],"wp:attachment":[{"href":"https:\/\/koningdrone.be\/fr\/wp-json\/wp\/v2\/media?parent=4581"}],"wp:term":[{"taxonomy":"product_brand","embeddable":true,"href":"https:\/\/koningdrone.be\/fr\/wp-json\/wp\/v2\/product_brand?post=4581"},{"taxonomy":"product_cat","embeddable":true,"href":"https:\/\/koningdrone.be\/fr\/wp-json\/wp\/v2\/product_cat?post=4581"},{"taxonomy":"product_tag","embeddable":true,"href":"https:\/\/koningdrone.be\/fr\/wp-json\/wp\/v2\/product_tag?post=4581"}],"curies":[{"name":"wp","href":"https:\/\/api.w.org\/{rel}","templated":true}]}}