{"id":4577,"date":"2023-07-05T13:44:55","date_gmt":"2023-07-05T11:44:55","guid":{"rendered":"https:\/\/koningdrone.nl\/kon\/product\/ecoflow-delta-max-2000-delta-max\/"},"modified":"2026-04-29T14:30:07","modified_gmt":"2026-04-29T12:30:07","slug":"ecoflow-delta-max-2000-delta-max","status":"publish","type":"product","link":"https:\/\/koningdrone.be\/fr\/produit\/ecoflow-delta-max-2000-delta-max\/","title":{"rendered":"Ecoflow DELTA Max (2000) + DELTA Max"},"content":{"rendered":"<p>L'EcoFlow DELTA Max fournit une alimentation d'urgence \u00e0 la maison et peut \u00eatre \u00e9tendue jusqu'\u00e0 6 kWh avec des batteries suppl\u00e9mentaires intelligentes, alimentant ainsi votre maison en cas d'urgence. La recharge du 0-80% ne prend qu'une heure, ce qui vous permet de retrouver rapidement de l'\u00e9lectricit\u00e9.<\/p>\n<p><strong>Chargement et vitesse<\/strong><\/p>\n<p>Avec le g\u00e9n\u00e9rateur intelligent EcoFlow, vous pouvez atteindre des vitesses allant jusqu'\u00e0 3600 W en combinant la charge en courant alternatif. Le chargement du 0-80% ne prend qu'une heure, ce qui vous permet de retrouver rapidement de l'\u00e9nergie. De plus, gr\u00e2ce \u00e0 la fonction X-Boost, vous pouvez alimenter facilement des appareils lourds tels que les r\u00e9frig\u00e9rateurs et les s\u00e8che-linge, jusqu'\u00e0 3000 W. Le DELTA Max est donc capable d'alimenter plusieurs appareils.<\/p>\n<p><strong>Portabilit\u00e9<\/strong><\/p>\n<p>L'EcoFlow DELTA Max est portable et vous permet de rester branch\u00e9 en toute circonstance. Ce g\u00e9n\u00e9rateur solaire est donc tr\u00e8s pratique et polyvalent.<\/p>\n<p><\/p>","protected":false},"excerpt":{"rendered":"<ul>\n<li>Le DELTA Max peut \u00eatre compl\u00e9t\u00e9 par des batteries intelligentes suppl\u00e9mentaires jusqu'\u00e0 un maximum de 6 000 kWh d'\u00e9nergie.<\/li>\n<li>Chaque batterie suppl\u00e9mentaire offre une capacit\u00e9 additionnelle de 2 000 Wh.<\/li>\n<li>La connexion de la station DELTA max-energy avec deux panneaux solaires EcoFlow de 400 W permet d'obtenir des taux de charge solaire allant jusqu'\u00e0 800 W.<\/li>\n<li>La Delta Max peut connecter jusqu'\u00e0 2 panneaux solaires EcoFlow de 400W pour fournir un taux de charge solaire \u00e9tonnant de 800W Max.<\/li>\n<li>L'\u00e9cran couleur int\u00e9gr\u00e9 du DELTA Max vous informe des performances cl\u00e9s, notamment du pourcentage de la batterie, de la charge restante, de la puissance de sortie et m\u00eame d'un avertissement de surcharge.<\/li>\n<li>Connectez votre DELTA Max \u00e0 un r\u00e9seau Wi-Fi pour acc\u00e9der \u00e0 un panneau de contr\u00f4le intelligent via n'importe quel appareil intelligent. Vous pouvez ainsi contr\u00f4ler et surveiller votre centrale \u00e9lectrique depuis n'importe o\u00f9.<\/li>\n<li>Le DELTA Max est livr\u00e9 avec six sorties CA, quatre sorties USB-A, deux sorties DC5521 et deux sorties USB-C, ce qui vous permet de connecter plusieurs appareils simultan\u00e9ment<\/li>\n<li>Le DELTA Max offre une charge ultra-rapide avec la possibilit\u00e9 de charger de 0 \u00e0 80% en 1 heure. Pour une charge encore plus rapide, vous pouvez combiner deux options de charge. Cela comprend le courant alternatif et un g\u00e9n\u00e9rateur intelligent, le courant alternatif et le courant solaire, ou le g\u00e9n\u00e9rateur intelligent et le courant solaire.<\/li>\n<\/ul>","protected":false},"featured_media":4575,"template":"","meta":{"_acf_changed":false},"product_brand":[],"product_cat":[97,245,415],"product_tag":[],"class_list":{"0":"post-4577","1":"product","2":"type-product","3":"status-publish","4":"has-post-thumbnail","6":"product_cat-alle-producten","7":"product_cat-ecoflow","8":"product_cat-energy","9":"product_shipping_class-outofstock","10":"pa_brand-ecoflow","11":"pa_productfamily-generator","12":"pa_producttype-generator","13":"pa_series-delta-max","15":"first","16":"outofstock","17":"taxable","18":"shipping-taxable","19":"product-type-simple"},"acf":[],"yoast_head":"<!-- This site is optimized with the Yoast SEO Premium plugin v27.2 (Yoast SEO v27.2) - https:\/\/yoast.com\/product\/yoast-seo-premium-wordpress\/ -->\n<title>Ecoflow DELTA Max (2000) + DELTA Max - koningdrone.be<\/title>\n<meta name=\"robots\" content=\"index, follow, max-snippet:-1, max-image-preview:large, max-video-preview:-1\" \/>\n<link rel=\"canonical\" href=\"https:\/\/koningdrone.be\/fr\/produit\/ecoflow-delta-max-2000-delta-max\/\" \/>\n<meta property=\"og:locale\" content=\"fr_FR\" \/>\n<meta property=\"og:type\" content=\"article\" \/>\n<meta property=\"og:title\" content=\"Ecoflow DELTA Max (2000) + DELTA Max\" \/>\n<meta property=\"og:description\" content=\"De DELTA Max kan worden uitgebreid met extra slimme batterijen tot maximaal 6.000 kWh vermogenElke extra batterij voorziet u van 2.000 Wh extra capaciteitHet aansluiten van het DELTA max-energiestation met twee 400W EcoFlow-zonnepanelen kan tot 800W zonnelaadsnelheden leverenDe Delta Max kan tot 2 EcoFlow-zonnepanelen van 400 W aansluiten om een verbazingwekkende 800 W Max Solar-laadsnelheid te leveren.Het ge\u00efntegreerde kleurendisplay op de DELTA Max houdt u op de hoogte met belangrijke prestatie-informatie, waaronder batterijpercentage, resterende lading, uitgangsvermogen en zelfs overbelastingswaarschuwing.Verbind uw DELTA Max met een Wi-Fi-netwerk om toegang te krijgen tot een slim bedieningspaneel via elk slim apparaat. Zo kunt u uw energiecentrale overal vandaan besturen en bewaken.De DELTA Max wordt geleverd met zes AC-uitgangen, vier USB-A-uitgangen, twee DC5521-uitgangen en twee USB-C-uitgangen, zodat u meerdere apparaten tegelijkertijd kunt aansluitenDe DELTA Max levert supersnel opladen met de mogelijkheid om van 0-80% op te laden in 1 uur. Voor nog sneller opladen kun je twee willekeurige oplaadopties combineren. Dit omvat AC en een Smart Generator, AC en zonne-energie, of de Smart Generator en zonne-energie.\" \/>\n<meta property=\"og:url\" content=\"https:\/\/koningdrone.be\/fr\/produit\/ecoflow-delta-max-2000-delta-max\/\" \/>\n<meta property=\"og:site_name\" content=\"koningdrone.be\" \/>\n<meta property=\"article:modified_time\" content=\"2026-04-29T12:30:07+00:00\" \/>\n<meta property=\"og:image\" content=\"https:\/\/koningdrone.be\/wp-content\/uploads\/sites\/13\/2025\/04\/5706649033168-1.jpg\" \/>\n\t<meta property=\"og:image:width\" content=\"500\" \/>\n\t<meta property=\"og:image:height\" content=\"500\" \/>\n\t<meta property=\"og:image:type\" content=\"image\/jpeg\" \/>\n<meta name=\"twitter:card\" content=\"summary_large_image\" \/>\n<meta name=\"twitter:label1\" content=\"Dur\u00e9e de lecture est.\" \/>\n\t<meta name=\"twitter:data1\" content=\"1 minute\" \/>\n<script type=\"application\/ld+json\" class=\"yoast-schema-graph\">{\"@context\":\"https:\/\/schema.org\",\"@graph\":[{\"@type\":\"WebPage\",\"@id\":\"https:\/\/koningdrone.be\/product\/ecoflow-delta-max-2000-delta-max\/\",\"url\":\"https:\/\/koningdrone.be\/product\/ecoflow-delta-max-2000-delta-max\/\",\"name\":\"Ecoflow DELTA Max (2000) + DELTA Max - koningdrone.be\",\"isPartOf\":{\"@id\":\"https:\/\/koningdrone.be\/#website\"},\"primaryImageOfPage\":{\"@id\":\"https:\/\/koningdrone.be\/product\/ecoflow-delta-max-2000-delta-max\/#primaryimage\"},\"image\":{\"@id\":\"https:\/\/koningdrone.be\/product\/ecoflow-delta-max-2000-delta-max\/#primaryimage\"},\"thumbnailUrl\":\"https:\/\/koningdrone.be\/wp-content\/uploads\/sites\/13\/2025\/04\/5706649033168-1.jpg\",\"datePublished\":\"2023-07-05T11:44:55+00:00\",\"dateModified\":\"2026-04-29T12:30:07+00:00\",\"breadcrumb\":{\"@id\":\"https:\/\/koningdrone.be\/product\/ecoflow-delta-max-2000-delta-max\/#breadcrumb\"},\"inLanguage\":\"fr-BE\",\"potentialAction\":[{\"@type\":\"ReadAction\",\"target\":[\"https:\/\/koningdrone.be\/product\/ecoflow-delta-max-2000-delta-max\/\"]}]},{\"@type\":\"ImageObject\",\"inLanguage\":\"fr-BE\",\"@id\":\"https:\/\/koningdrone.be\/product\/ecoflow-delta-max-2000-delta-max\/#primaryimage\",\"url\":\"https:\/\/koningdrone.be\/wp-content\/uploads\/sites\/13\/2025\/04\/5706649033168-1.jpg\",\"contentUrl\":\"https:\/\/koningdrone.be\/wp-content\/uploads\/sites\/13\/2025\/04\/5706649033168-1.jpg\",\"width\":500,\"height\":500},{\"@type\":\"BreadcrumbList\",\"@id\":\"https:\/\/koningdrone.be\/product\/ecoflow-delta-max-2000-delta-max\/#breadcrumb\",\"itemListElement\":[{\"@type\":\"ListItem\",\"position\":1,\"name\":\"Home\",\"item\":\"https:\/\/koningdrone.be\/\"},{\"@type\":\"ListItem\",\"position\":2,\"name\":\"AVSS Parachute Recovery System for DJI Matrice 300\/350\",\"item\":\"https:\/\/koningdrone.be\/product\/avss-parachute-recovery-system-for-dji-matrice-300-350\/\"},{\"@type\":\"ListItem\",\"position\":3,\"name\":\"Alle producten\",\"item\":\"https:\/\/koningdrone.be\/categorie\/alle-producten\/\"},{\"@type\":\"ListItem\",\"position\":4,\"name\":\"Ecoflow DELTA Max (2000) + DELTA Max\"}]},{\"@type\":\"WebSite\",\"@id\":\"https:\/\/koningdrone.be\/#website\",\"url\":\"https:\/\/koningdrone.be\/\",\"name\":\"Koningdrone.be - Uw online specialist in drones, gimbals, camera's en power stations.\",\"description\":\"De webshop in drones en gimbals\",\"publisher\":{\"@id\":\"https:\/\/koningdrone.be\/#organization\"},\"potentialAction\":[{\"@type\":\"SearchAction\",\"target\":{\"@type\":\"EntryPoint\",\"urlTemplate\":\"https:\/\/koningdrone.be\/?s={search_term_string}\"},\"query-input\":{\"@type\":\"PropertyValueSpecification\",\"valueRequired\":true,\"valueName\":\"search_term_string\"}}],\"inLanguage\":\"fr-BE\"},{\"@type\":\"Organization\",\"@id\":\"https:\/\/koningdrone.be\/#organization\",\"name\":\"Koningdrone.be\",\"url\":\"https:\/\/koningdrone.be\/\",\"logo\":{\"@type\":\"ImageObject\",\"inLanguage\":\"fr-BE\",\"@id\":\"https:\/\/koningdrone.be\/#\/schema\/logo\/image\/\",\"url\":\"https:\/\/koningdrone.be\/wp-content\/uploads\/sites\/13\/2025\/04\/koningdrone-copyright-logo.svg\",\"contentUrl\":\"https:\/\/koningdrone.be\/wp-content\/uploads\/sites\/13\/2025\/04\/koningdrone-copyright-logo.svg\",\"width\":227,\"height\":38,\"caption\":\"Koningdrone.be\"},\"image\":{\"@id\":\"https:\/\/koningdrone.be\/#\/schema\/logo\/image\/\"}}]}<\/script>\n<!-- \/ Yoast SEO Premium plugin. -->","yoast_head_json":{"title":"Ecoflow DELTA Max (2000) + DELTA Max - koningdrone.be","robots":{"index":"index","follow":"follow","max-snippet":"max-snippet:-1","max-image-preview":"max-image-preview:large","max-video-preview":"max-video-preview:-1"},"canonical":"https:\/\/koningdrone.be\/fr\/produit\/ecoflow-delta-max-2000-delta-max\/","og_locale":"fr_FR","og_type":"article","og_title":"Ecoflow DELTA Max (2000) + DELTA Max","og_description":"De DELTA Max kan worden uitgebreid met extra slimme batterijen tot maximaal 6.000 kWh vermogenElke extra batterij voorziet u van 2.000 Wh extra capaciteitHet aansluiten van het DELTA max-energiestation met twee 400W EcoFlow-zonnepanelen kan tot 800W zonnelaadsnelheden leverenDe Delta Max kan tot 2 EcoFlow-zonnepanelen van 400 W aansluiten om een verbazingwekkende 800 W Max Solar-laadsnelheid te leveren.Het ge\u00efntegreerde kleurendisplay op de DELTA Max houdt u op de hoogte met belangrijke prestatie-informatie, waaronder batterijpercentage, resterende lading, uitgangsvermogen en zelfs overbelastingswaarschuwing.Verbind uw DELTA Max met een Wi-Fi-netwerk om toegang te krijgen tot een slim bedieningspaneel via elk slim apparaat. Zo kunt u uw energiecentrale overal vandaan besturen en bewaken.De DELTA Max wordt geleverd met zes AC-uitgangen, vier USB-A-uitgangen, twee DC5521-uitgangen en twee USB-C-uitgangen, zodat u meerdere apparaten tegelijkertijd kunt aansluitenDe DELTA Max levert supersnel opladen met de mogelijkheid om van 0-80% op te laden in 1 uur. Voor nog sneller opladen kun je twee willekeurige oplaadopties combineren. Dit omvat AC en een Smart Generator, AC en zonne-energie, of de Smart Generator en zonne-energie.","og_url":"https:\/\/koningdrone.be\/fr\/produit\/ecoflow-delta-max-2000-delta-max\/","og_site_name":"koningdrone.be","article_modified_time":"2026-04-29T12:30:07+00:00","og_image":[{"width":500,"height":500,"url":"https:\/\/koningdrone.be\/wp-content\/uploads\/sites\/13\/2025\/04\/5706649033168-1.jpg","type":"image\/jpeg"}],"twitter_card":"summary_large_image","twitter_misc":{"Dur\u00e9e de lecture est.":"1 minute"},"schema":{"@context":"https:\/\/schema.org","@graph":[{"@type":"WebPage","@id":"https:\/\/koningdrone.be\/product\/ecoflow-delta-max-2000-delta-max\/","url":"https:\/\/koningdrone.be\/product\/ecoflow-delta-max-2000-delta-max\/","name":"Ecoflow DELTA Max (2000) + DELTA Max - koningdrone.be","isPartOf":{"@id":"https:\/\/koningdrone.be\/#website"},"primaryImageOfPage":{"@id":"https:\/\/koningdrone.be\/product\/ecoflow-delta-max-2000-delta-max\/#primaryimage"},"image":{"@id":"https:\/\/koningdrone.be\/product\/ecoflow-delta-max-2000-delta-max\/#primaryimage"},"thumbnailUrl":"https:\/\/koningdrone.be\/wp-content\/uploads\/sites\/13\/2025\/04\/5706649033168-1.jpg","datePublished":"2023-07-05T11:44:55+00:00","dateModified":"2026-04-29T12:30:07+00:00","breadcrumb":{"@id":"https:\/\/koningdrone.be\/product\/ecoflow-delta-max-2000-delta-max\/#breadcrumb"},"inLanguage":"fr-BE","potentialAction":[{"@type":"ReadAction","target":["https:\/\/koningdrone.be\/product\/ecoflow-delta-max-2000-delta-max\/"]}]},{"@type":"ImageObject","inLanguage":"fr-BE","@id":"https:\/\/koningdrone.be\/product\/ecoflow-delta-max-2000-delta-max\/#primaryimage","url":"https:\/\/koningdrone.be\/wp-content\/uploads\/sites\/13\/2025\/04\/5706649033168-1.jpg","contentUrl":"https:\/\/koningdrone.be\/wp-content\/uploads\/sites\/13\/2025\/04\/5706649033168-1.jpg","width":500,"height":500},{"@type":"BreadcrumbList","@id":"https:\/\/koningdrone.be\/product\/ecoflow-delta-max-2000-delta-max\/#breadcrumb","itemListElement":[{"@type":"ListItem","position":1,"name":"Home","item":"https:\/\/koningdrone.be\/"},{"@type":"ListItem","position":2,"name":"AVSS Parachute Recovery System for DJI Matrice 300\/350","item":"https:\/\/koningdrone.be\/product\/avss-parachute-recovery-system-for-dji-matrice-300-350\/"},{"@type":"ListItem","position":3,"name":"Alle producten","item":"https:\/\/koningdrone.be\/categorie\/alle-producten\/"},{"@type":"ListItem","position":4,"name":"Ecoflow DELTA Max (2000) + DELTA Max"}]},{"@type":"WebSite","@id":"https:\/\/koningdrone.be\/#website","url":"https:\/\/koningdrone.be\/","name":"Koningdrone.be - Votre sp\u00e9cialiste en ligne en mati\u00e8re de drones, de cardans, de cam\u00e9ras et de centrales \u00e9lectriques.","description":"La boutique en ligne de drones et de cardans","publisher":{"@id":"https:\/\/koningdrone.be\/#organization"},"potentialAction":[{"@type":"SearchAction","target":{"@type":"EntryPoint","urlTemplate":"https:\/\/koningdrone.be\/?s={search_term_string}"},"query-input":{"@type":"PropertyValueSpecification","valueRequired":true,"valueName":"search_term_string"}}],"inLanguage":"fr-BE"},{"@type":"Organization","@id":"https:\/\/koningdrone.be\/#organization","name":"Kingdrone.co.uk","url":"https:\/\/koningdrone.be\/","logo":{"@type":"ImageObject","inLanguage":"fr-BE","@id":"https:\/\/koningdrone.be\/#\/schema\/logo\/image\/","url":"https:\/\/koningdrone.be\/wp-content\/uploads\/sites\/13\/2025\/04\/koningdrone-copyright-logo.svg","contentUrl":"https:\/\/koningdrone.be\/wp-content\/uploads\/sites\/13\/2025\/04\/koningdrone-copyright-logo.svg","width":227,"height":38,"caption":"Koningdrone.be"},"image":{"@id":"https:\/\/koningdrone.be\/#\/schema\/logo\/image\/"}}]}},"df_price":"","df_sale_price":"","df_regular_price":"","df_image_link":"https:\/\/koningdrone.be\/wp-content\/uploads\/sites\/13\/2025\/04\/5706649033168-1-300x300.jpg","_links":{"self":[{"href":"https:\/\/koningdrone.be\/fr\/wp-json\/wp\/v2\/product\/4577","targetHints":{"allow":["GET"]}}],"collection":[{"href":"https:\/\/koningdrone.be\/fr\/wp-json\/wp\/v2\/product"}],"about":[{"href":"https:\/\/koningdrone.be\/fr\/wp-json\/wp\/v2\/types\/product"}],"wp:featuredmedia":[{"embeddable":true,"href":"https:\/\/koningdrone.be\/fr\/wp-json\/wp\/v2\/media\/4575"}],"wp:attachment":[{"href":"https:\/\/koningdrone.be\/fr\/wp-json\/wp\/v2\/media?parent=4577"}],"wp:term":[{"taxonomy":"product_brand","embeddable":true,"href":"https:\/\/koningdrone.be\/fr\/wp-json\/wp\/v2\/product_brand?post=4577"},{"taxonomy":"product_cat","embeddable":true,"href":"https:\/\/koningdrone.be\/fr\/wp-json\/wp\/v2\/product_cat?post=4577"},{"taxonomy":"product_tag","embeddable":true,"href":"https:\/\/koningdrone.be\/fr\/wp-json\/wp\/v2\/product_tag?post=4577"}],"curies":[{"name":"wp","href":"https:\/\/api.w.org\/{rel}","templated":true}]}}