{"id":4535,"date":"2023-07-05T13:45:41","date_gmt":"2023-07-05T11:45:41","guid":{"rendered":"https:\/\/koningdrone.nl\/kon\/product\/ecoflow-delta-2-max\/"},"modified":"2026-04-29T16:40:34","modified_gmt":"2026-04-29T14:40:34","slug":"ecoflow-delta-2-max","status":"publish","type":"product","link":"https:\/\/koningdrone.be\/fr\/produit\/ecoflow-delta-2-max\/","title":{"rendered":"Ecoflow Delta 2 Max"},"content":{"rendered":"<p>La centrale \u00e9lectrique portable DELTA 2 Max d'Ecoflow utilise une batterie LFP d'une dur\u00e9e de vie allant jusqu'\u00e0 10 ans, ce qui la rend id\u00e9ale pour une utilisation quotidienne. Le syst\u00e8me est extensible jusqu'\u00e0 6 kWh, ce qui lui permet de stocker l'\u00e9nergie solaire pour l'utiliser pendant les heures de pointe. Dot\u00e9e de l'une des capacit\u00e9s de charge les plus rapides au monde, elle offre \u00e9galement une protection BMS avanc\u00e9e, des couches de protection \u00e0 l'int\u00e9rieur et \u00e0 l'ext\u00e9rieur, une conception robuste et un poids r\u00e9duit gr\u00e2ce \u00e0 une technologie actualis\u00e9e.<\/p>\n<p><strong>Compatibilit\u00e9 et capacit\u00e9<\/strong><\/p>\n<p>L'EcoFlow Delta 2 Max peut alimenter presque tous les appareils jusqu'\u00e0 3 100 W et est compatible avec le syst\u00e8me photovolta\u00efque de balcon PowerStream. Avec une capacit\u00e9 de 2 048 Wh, extensible \u00e0 6 kWh et une r\u00e9serve d'\u00e9nergie pour toute la famille, elle permet d'alimenter un r\u00e9frig\u00e9rateur de 120 W pendant des heures.<\/p>\n<p><strong>Temps de charge et efficacit\u00e9<\/strong><\/p>\n<p>En outre, la Delta 2 Max offre le temps de charge le plus rapide au monde, soit 43 minutes pour une charge de 80%, un rendement MPPT de 99% pour maximiser l'\u00e9nergie solaire pendant la journ\u00e9e, et une gestion personnalis\u00e9e de l'alimentation dans l'application pour un contr\u00f4le intelligent. Avec une garantie \u00e9tendue de 5 ans, un niveau sonore de seulement 30 dB et une solution d'alimentation par batterie LFP extensible, la Delta 2 Max constitue une alimentation durable et fiable pour une grande vari\u00e9t\u00e9 d'applications.<\/p>\n<p>&nbsp;<\/p>","protected":false},"excerpt":{"rendered":"<ul>\n<li>Capacit\u00e9 : 2048Wh<\/li>\n<li>Batterie suppl\u00e9mentaire : prend en charge jusqu'\u00e0 deux batteries DELTA 2 Max Smart Extra \/ batterie DELTA Max Smart ExtraPrend en charge jusqu'\u00e0 deux batteries DELTA 2 Max Smart Extra.<\/li>\n<li>LTA 2 Max Smart Extra Battery \/ DELTA Max Smart Extra Battery<\/li>\n<li>Sortie AC : 4 prises, 2400W au total (4800W en cr\u00eate)<\/li>\n<li>Puissance maximale de l'appareil (avec X-Boost) : X-Boost 3 100 W<\/li>\n<li>Sortie USB-A : 2 ports, 5V, 2,4A, max 12W par port<\/li>\n<li>Chargement rapide USB-A : 2 ports, 5V, 2,4A \/ 9V, 2A \/ 12V, 1,5A, 18W Max<\/li>\n<li>Sortie USB-C : 2 ports, 5\/9\/12\/15\/20V, 5A, 100W Max par port<\/li>\n<li>Courant de sortie de la voiture : 1 port, 12,6V, 10A, 126W Max<\/li>\n<li>Sortie DC5521 : 2 ports, 12,6 V, 3 A, max. 38 W par port<\/li>\n<li>Chargement CA : Charge rapide X-stream 2300 W, 10 A<\/li>\n<li>Chargement solaire : 11-60V 15A, port simple 500W ; port double 1 000W<\/li>\n<li>Tension d'entr\u00e9e AC : 220-240V~ max. 10A 50\/60Hz<\/li>\n<li>Chargement automatique : batterie 12V\/24V, 8A<\/li>\n<li>Chimie de la batterie : LFP (batterie LiFePO4)<\/li>\n<li>Cycle de vie : LFP (batterie LiFePO4) 3 000 cycles pour une capacit\u00e9 sup\u00e9rieure \u00e0 80%<\/li>\n<li>Connectivit\u00e9 : Bluetooth, Wi-Fi<\/li>\n<li>Dimensions : 49,7 x 24,2 x 30,5 cm<\/li>\n<li>Poids net : 23 kg<\/li>\n<\/ul>","protected":false},"featured_media":4526,"template":"","meta":{"_acf_changed":false},"product_brand":[],"product_cat":[454,97,245,276,415,628],"product_tag":[],"class_list":{"0":"post-4535","1":"product","2":"type-product","3":"status-publish","4":"has-post-thumbnail","6":"product_cat-alle-powerstations","7":"product_cat-alle-producten","8":"product_cat-ecoflow","9":"product_cat-ecoflow-powerstations","10":"product_cat-energy","11":"product_cat-powerstations","12":"product_shipping_class-outofstock","13":"pa_afmetingen-497-x-242-x-305cm","14":"pa_brand-ecoflow","15":"pa_capaciteit-2048-wh","16":"pa_gewicht-23-kg","17":"pa_input-dc-netstroom-poort-2300w_x000d_-solar-port-xt60-500-w-11-60-v-dual-port-1000w_x000d_-car-charger-12v-24v-dc-8a-max","18":"pa_materiaal-kunststof","19":"pa_oplaadtijd-via-ac-1-4-uur","20":"pa_output-230-v-4-x-ac-230-v-eu-schuko_x000d_-totaal-max-2400-w-continuvermogen_x000d_-totaal-max-4800-w-piek-vermogen","21":"pa_output-dc-12-v-car-port-12-6v-10a-_x000d_-2-x-dc5521-output-12-6v-dc-3a","22":"pa_output-usb-2-x-usb-a-5v-up-to-2-4a-12w-max_x000d_-2-x-fast-charge-usb-port-5v-2-4a-9v-2a-12v-1-5a_x000d_-2-x-usb-c-port-5-9-12-15-20v-5a-100w-max","23":"pa_productfamily-power-station","24":"pa_producttype-power-station","25":"pa_series-delta-2","26":"pa_type-batterij-lifepo4","27":"pa_wifi-functie-ja","29":"first","30":"outofstock","31":"taxable","32":"shipping-taxable","33":"purchasable","34":"product-type-simple"},"acf":[],"yoast_head":"<!-- This site is optimized with the Yoast SEO Premium plugin v27.2 (Yoast SEO v27.2) - https:\/\/yoast.com\/product\/yoast-seo-premium-wordpress\/ -->\n<title>Ecoflow Delta 2 Max - koningdrone.be<\/title>\n<meta name=\"robots\" content=\"index, follow, max-snippet:-1, max-image-preview:large, max-video-preview:-1\" \/>\n<link rel=\"canonical\" href=\"https:\/\/koningdrone.be\/fr\/produit\/ecoflow-delta-2-max\/\" \/>\n<meta property=\"og:locale\" content=\"fr_FR\" \/>\n<meta property=\"og:type\" content=\"article\" \/>\n<meta property=\"og:title\" content=\"Ecoflow Delta 2 Max\" \/>\n<meta property=\"og:description\" content=\"Capaciteit: 2048Wh  Extra batterij: Ondersteunt maximaal twee DELTA 2 Max Smart Extra batterijen \/ DELTA Max Smart Extra batterijOndersteunt maximaal twee  LTA 2 Max Smart Extra accu&#039;s \/ DELTA Max Smart Extra accu  AC output: 4 stopcontacten, 2400W totaal (4800W piek)  Maximaal apparaatvermogen (met X-Boost): X-Boost 3.100W  USB-A-uitgang: 2 poorten, 5V, 2,4A, max. 12W per poort  USB-A snel opladen: 2 poorten, 5V, 2.4A \/ 9V, 2A \/ 12V, 1.5A, 18W Max  USB-C-uitgang: 2 poorten, 5\/9\/12\/15\/20V, 5A, 100W Max per poort  Uitgangsstroom auto: 1 poort, 12,6V, 10A, 126W Max  DC5521-uitgang: 2 poorten, 12,6 V, 3 A, max. 38 W per poort  AC-opladen: X-stream Quick Charge 2300 W, 10 A  Opladen op zonne-energie: 11-60V 15A, enkele poort 500W; 1.000W dubbele poort  AC ingangsspanning: 220-240V~ max. 10A 50\/60Hz  Auto opladen: batterijondersteuning 12V\/24V, 8A  Batterijchemie: LFP (LiFePO4-batterij)  Levenscyclus: LFP (LiFePO4-batterij) 3.000 cycli tot meer dan 80% capaciteit  Connectiviteit: Bluetooth, wifi  Afmetingen: 49,7 x 24,2 x 30,5 cm  Netto gewicht: 23 kg\" \/>\n<meta property=\"og:url\" content=\"https:\/\/koningdrone.be\/fr\/produit\/ecoflow-delta-2-max\/\" \/>\n<meta property=\"og:site_name\" content=\"koningdrone.be\" \/>\n<meta property=\"article:modified_time\" content=\"2026-04-29T14:40:34+00:00\" \/>\n<meta property=\"og:image\" content=\"https:\/\/koningdrone.be\/wp-content\/uploads\/sites\/13\/2025\/04\/4895251604772-1.webp\" \/>\n\t<meta property=\"og:image:width\" content=\"1313\" \/>\n\t<meta property=\"og:image:height\" content=\"1313\" \/>\n\t<meta property=\"og:image:type\" content=\"image\/webp\" \/>\n<meta name=\"twitter:card\" content=\"summary_large_image\" \/>\n<meta name=\"twitter:label1\" content=\"Dur\u00e9e de lecture est.\" \/>\n\t<meta name=\"twitter:data1\" content=\"1 minute\" \/>\n<script type=\"application\/ld+json\" class=\"yoast-schema-graph\">{\"@context\":\"https:\/\/schema.org\",\"@graph\":[{\"@type\":\"WebPage\",\"@id\":\"https:\/\/koningdrone.be\/product\/ecoflow-delta-2-max\/\",\"url\":\"https:\/\/koningdrone.be\/product\/ecoflow-delta-2-max\/\",\"name\":\"Ecoflow Delta 2 Max - koningdrone.be\",\"isPartOf\":{\"@id\":\"https:\/\/koningdrone.be\/#website\"},\"primaryImageOfPage\":{\"@id\":\"https:\/\/koningdrone.be\/product\/ecoflow-delta-2-max\/#primaryimage\"},\"image\":{\"@id\":\"https:\/\/koningdrone.be\/product\/ecoflow-delta-2-max\/#primaryimage\"},\"thumbnailUrl\":\"https:\/\/koningdrone.be\/wp-content\/uploads\/sites\/13\/2025\/04\/4895251604772-1.webp\",\"datePublished\":\"2023-07-05T11:45:41+00:00\",\"dateModified\":\"2026-04-29T14:40:34+00:00\",\"breadcrumb\":{\"@id\":\"https:\/\/koningdrone.be\/product\/ecoflow-delta-2-max\/#breadcrumb\"},\"inLanguage\":\"fr-BE\",\"potentialAction\":[{\"@type\":\"ReadAction\",\"target\":[\"https:\/\/koningdrone.be\/product\/ecoflow-delta-2-max\/\"]}]},{\"@type\":\"ImageObject\",\"inLanguage\":\"fr-BE\",\"@id\":\"https:\/\/koningdrone.be\/product\/ecoflow-delta-2-max\/#primaryimage\",\"url\":\"https:\/\/koningdrone.be\/wp-content\/uploads\/sites\/13\/2025\/04\/4895251604772-1.webp\",\"contentUrl\":\"https:\/\/koningdrone.be\/wp-content\/uploads\/sites\/13\/2025\/04\/4895251604772-1.webp\",\"width\":1313,\"height\":1313},{\"@type\":\"BreadcrumbList\",\"@id\":\"https:\/\/koningdrone.be\/product\/ecoflow-delta-2-max\/#breadcrumb\",\"itemListElement\":[{\"@type\":\"ListItem\",\"position\":1,\"name\":\"Home\",\"item\":\"https:\/\/koningdrone.be\/\"},{\"@type\":\"ListItem\",\"position\":2,\"name\":\"AVSS Parachute Recovery System for DJI Matrice 300\/350\",\"item\":\"https:\/\/koningdrone.be\/product\/avss-parachute-recovery-system-for-dji-matrice-300-350\/\"},{\"@type\":\"ListItem\",\"position\":3,\"name\":\"Alle powerstations\",\"item\":\"https:\/\/koningdrone.be\/categorie\/alle-powerstations\/\"},{\"@type\":\"ListItem\",\"position\":4,\"name\":\"Ecoflow Delta 2 Max\"}]},{\"@type\":\"WebSite\",\"@id\":\"https:\/\/koningdrone.be\/#website\",\"url\":\"https:\/\/koningdrone.be\/\",\"name\":\"Koningdrone.be - Uw online specialist in drones, gimbals, camera's en power stations.\",\"description\":\"De webshop in drones en gimbals\",\"publisher\":{\"@id\":\"https:\/\/koningdrone.be\/#organization\"},\"potentialAction\":[{\"@type\":\"SearchAction\",\"target\":{\"@type\":\"EntryPoint\",\"urlTemplate\":\"https:\/\/koningdrone.be\/?s={search_term_string}\"},\"query-input\":{\"@type\":\"PropertyValueSpecification\",\"valueRequired\":true,\"valueName\":\"search_term_string\"}}],\"inLanguage\":\"fr-BE\"},{\"@type\":\"Organization\",\"@id\":\"https:\/\/koningdrone.be\/#organization\",\"name\":\"Koningdrone.be\",\"url\":\"https:\/\/koningdrone.be\/\",\"logo\":{\"@type\":\"ImageObject\",\"inLanguage\":\"fr-BE\",\"@id\":\"https:\/\/koningdrone.be\/#\/schema\/logo\/image\/\",\"url\":\"https:\/\/koningdrone.be\/wp-content\/uploads\/sites\/13\/2025\/04\/koningdrone-copyright-logo.svg\",\"contentUrl\":\"https:\/\/koningdrone.be\/wp-content\/uploads\/sites\/13\/2025\/04\/koningdrone-copyright-logo.svg\",\"width\":227,\"height\":38,\"caption\":\"Koningdrone.be\"},\"image\":{\"@id\":\"https:\/\/koningdrone.be\/#\/schema\/logo\/image\/\"}}]}<\/script>\n<!-- \/ Yoast SEO Premium plugin. -->","yoast_head_json":{"title":"Ecoflow Delta 2 Max - koningdrone.be","robots":{"index":"index","follow":"follow","max-snippet":"max-snippet:-1","max-image-preview":"max-image-preview:large","max-video-preview":"max-video-preview:-1"},"canonical":"https:\/\/koningdrone.be\/fr\/produit\/ecoflow-delta-2-max\/","og_locale":"fr_FR","og_type":"article","og_title":"Ecoflow Delta 2 Max","og_description":"Capaciteit: 2048Wh  Extra batterij: Ondersteunt maximaal twee DELTA 2 Max Smart Extra batterijen \/ DELTA Max Smart Extra batterijOndersteunt maximaal twee  LTA 2 Max Smart Extra accu's \/ DELTA Max Smart Extra accu  AC output: 4 stopcontacten, 2400W totaal (4800W piek)  Maximaal apparaatvermogen (met X-Boost): X-Boost 3.100W  USB-A-uitgang: 2 poorten, 5V, 2,4A, max. 12W per poort  USB-A snel opladen: 2 poorten, 5V, 2.4A \/ 9V, 2A \/ 12V, 1.5A, 18W Max  USB-C-uitgang: 2 poorten, 5\/9\/12\/15\/20V, 5A, 100W Max per poort  Uitgangsstroom auto: 1 poort, 12,6V, 10A, 126W Max  DC5521-uitgang: 2 poorten, 12,6 V, 3 A, max. 38 W per poort  AC-opladen: X-stream Quick Charge 2300 W, 10 A  Opladen op zonne-energie: 11-60V 15A, enkele poort 500W; 1.000W dubbele poort  AC ingangsspanning: 220-240V~ max. 10A 50\/60Hz  Auto opladen: batterijondersteuning 12V\/24V, 8A  Batterijchemie: LFP (LiFePO4-batterij)  Levenscyclus: LFP (LiFePO4-batterij) 3.000 cycli tot meer dan 80% capaciteit  Connectiviteit: Bluetooth, wifi  Afmetingen: 49,7 x 24,2 x 30,5 cm  Netto gewicht: 23 kg","og_url":"https:\/\/koningdrone.be\/fr\/produit\/ecoflow-delta-2-max\/","og_site_name":"koningdrone.be","article_modified_time":"2026-04-29T14:40:34+00:00","og_image":[{"width":1313,"height":1313,"url":"https:\/\/koningdrone.be\/wp-content\/uploads\/sites\/13\/2025\/04\/4895251604772-1.webp","type":"image\/webp"}],"twitter_card":"summary_large_image","twitter_misc":{"Dur\u00e9e de lecture est.":"1 minute"},"schema":{"@context":"https:\/\/schema.org","@graph":[{"@type":"WebPage","@id":"https:\/\/koningdrone.be\/product\/ecoflow-delta-2-max\/","url":"https:\/\/koningdrone.be\/product\/ecoflow-delta-2-max\/","name":"Ecoflow Delta 2 Max - koningdrone.be","isPartOf":{"@id":"https:\/\/koningdrone.be\/#website"},"primaryImageOfPage":{"@id":"https:\/\/koningdrone.be\/product\/ecoflow-delta-2-max\/#primaryimage"},"image":{"@id":"https:\/\/koningdrone.be\/product\/ecoflow-delta-2-max\/#primaryimage"},"thumbnailUrl":"https:\/\/koningdrone.be\/wp-content\/uploads\/sites\/13\/2025\/04\/4895251604772-1.webp","datePublished":"2023-07-05T11:45:41+00:00","dateModified":"2026-04-29T14:40:34+00:00","breadcrumb":{"@id":"https:\/\/koningdrone.be\/product\/ecoflow-delta-2-max\/#breadcrumb"},"inLanguage":"fr-BE","potentialAction":[{"@type":"ReadAction","target":["https:\/\/koningdrone.be\/product\/ecoflow-delta-2-max\/"]}]},{"@type":"ImageObject","inLanguage":"fr-BE","@id":"https:\/\/koningdrone.be\/product\/ecoflow-delta-2-max\/#primaryimage","url":"https:\/\/koningdrone.be\/wp-content\/uploads\/sites\/13\/2025\/04\/4895251604772-1.webp","contentUrl":"https:\/\/koningdrone.be\/wp-content\/uploads\/sites\/13\/2025\/04\/4895251604772-1.webp","width":1313,"height":1313},{"@type":"BreadcrumbList","@id":"https:\/\/koningdrone.be\/product\/ecoflow-delta-2-max\/#breadcrumb","itemListElement":[{"@type":"ListItem","position":1,"name":"Home","item":"https:\/\/koningdrone.be\/"},{"@type":"ListItem","position":2,"name":"AVSS Parachute Recovery System for DJI Matrice 300\/350","item":"https:\/\/koningdrone.be\/product\/avss-parachute-recovery-system-for-dji-matrice-300-350\/"},{"@type":"ListItem","position":3,"name":"Alle powerstations","item":"https:\/\/koningdrone.be\/categorie\/alle-powerstations\/"},{"@type":"ListItem","position":4,"name":"Ecoflow Delta 2 Max"}]},{"@type":"WebSite","@id":"https:\/\/koningdrone.be\/#website","url":"https:\/\/koningdrone.be\/","name":"Koningdrone.be - Votre sp\u00e9cialiste en ligne en mati\u00e8re de drones, de cardans, de cam\u00e9ras et de centrales \u00e9lectriques.","description":"La boutique en ligne de drones et de cardans","publisher":{"@id":"https:\/\/koningdrone.be\/#organization"},"potentialAction":[{"@type":"SearchAction","target":{"@type":"EntryPoint","urlTemplate":"https:\/\/koningdrone.be\/?s={search_term_string}"},"query-input":{"@type":"PropertyValueSpecification","valueRequired":true,"valueName":"search_term_string"}}],"inLanguage":"fr-BE"},{"@type":"Organization","@id":"https:\/\/koningdrone.be\/#organization","name":"Kingdrone.co.uk","url":"https:\/\/koningdrone.be\/","logo":{"@type":"ImageObject","inLanguage":"fr-BE","@id":"https:\/\/koningdrone.be\/#\/schema\/logo\/image\/","url":"https:\/\/koningdrone.be\/wp-content\/uploads\/sites\/13\/2025\/04\/koningdrone-copyright-logo.svg","contentUrl":"https:\/\/koningdrone.be\/wp-content\/uploads\/sites\/13\/2025\/04\/koningdrone-copyright-logo.svg","width":227,"height":38,"caption":"Koningdrone.be"},"image":{"@id":"https:\/\/koningdrone.be\/#\/schema\/logo\/image\/"}}]}},"df_price":1799,"df_sale_price":"","df_regular_price":1799,"df_image_link":"https:\/\/koningdrone.be\/wp-content\/uploads\/sites\/13\/2025\/04\/4895251604772-1-300x300.webp","_links":{"self":[{"href":"https:\/\/koningdrone.be\/fr\/wp-json\/wp\/v2\/product\/4535","targetHints":{"allow":["GET"]}}],"collection":[{"href":"https:\/\/koningdrone.be\/fr\/wp-json\/wp\/v2\/product"}],"about":[{"href":"https:\/\/koningdrone.be\/fr\/wp-json\/wp\/v2\/types\/product"}],"wp:featuredmedia":[{"embeddable":true,"href":"https:\/\/koningdrone.be\/fr\/wp-json\/wp\/v2\/media\/4526"}],"wp:attachment":[{"href":"https:\/\/koningdrone.be\/fr\/wp-json\/wp\/v2\/media?parent=4535"}],"wp:term":[{"taxonomy":"product_brand","embeddable":true,"href":"https:\/\/koningdrone.be\/fr\/wp-json\/wp\/v2\/product_brand?post=4535"},{"taxonomy":"product_cat","embeddable":true,"href":"https:\/\/koningdrone.be\/fr\/wp-json\/wp\/v2\/product_cat?post=4535"},{"taxonomy":"product_tag","embeddable":true,"href":"https:\/\/koningdrone.be\/fr\/wp-json\/wp\/v2\/product_tag?post=4535"}],"curies":[{"name":"wp","href":"https:\/\/api.w.org\/{rel}","templated":true}]}}