{"id":4521,"date":"2023-07-10T13:03:07","date_gmt":"2023-07-10T11:03:07","guid":{"rendered":"https:\/\/koningdrone.nl\/kon\/product\/dji-mavic-3-thermal-2-yr-care\/"},"modified":"2026-04-29T05:10:20","modified_gmt":"2026-04-29T03:10:20","slug":"dji-mavic-3-thermal-2-yr-care","status":"publish","type":"product","link":"https:\/\/koningdrone.be\/fr\/produit\/dji-mavic-3-thermal-2-yr-care\/","title":{"rendered":"DJI Mavic 3 Thermal + 2 ans de DJI Care"},"content":{"rendered":"<h1>DJI Mavic 3 Thermal avec 2 ans de DJI Care<\/h1>\n<p>La s\u00e9rie Mavic 3 Enterprise red\u00e9finit les normes de l'industrie des petits drones commerciaux. Dot\u00e9 d'un obturateur m\u00e9canique, d'une cam\u00e9ra \u00e0 zoom 56\u00d7 et d'un module RTK pour une pr\u00e9cision au centim\u00e8tre pr\u00e8s, le Mavic 3E atteint de nouveaux sommets en mati\u00e8re de cartographie et d'efficacit\u00e9 des missions. Une version thermique est disponible pour la lutte contre les incendies, la recherche et le sauvetage, l'inspection et les op\u00e9rations nocturnes.<\/p>\n<ul>\n<li style=\"list-style-type: none\">\n<ul>\n<li>Compact et portable<\/li>\n<\/ul>\n<\/li>\n<\/ul>\n<ul>\n<li style=\"list-style-type: none\">\n<ul>\n<li>Cam\u00e9ra 4\/3 CMOS \u00e0 \u00e9cran large<\/li>\n<\/ul>\n<\/li>\n<\/ul>\n<ul>\n<li style=\"list-style-type: none\">\n<ul>\n<li>Zoom hybride 56\u00d7<\/li>\n<\/ul>\n<\/li>\n<\/ul>\n<ul>\n<li style=\"list-style-type: none\">\n<ul>\n<li>Cam\u00e9ra thermique 640 \u00d7 512 px<\/li>\n<\/ul>\n<\/li>\n<\/ul>\n<ul>\n<li style=\"list-style-type: none\">\n<ul>\n<li>Dur\u00e9e de vol maximale de 45 minutes<\/li>\n<\/ul>\n<\/li>\n<\/ul>\n<ul>\n<li style=\"list-style-type: none\">\n<ul>\n<li>DJI O3 Enterprise Transmission<\/li>\n<\/ul>\n<\/li>\n<\/ul>\n<ul>\n<li style=\"list-style-type: none\">\n<ul>\n<li>Positionnement au centim\u00e8tre pr\u00e8s avec RTK<\/li>\n<\/ul>\n<\/li>\n<\/ul>\n<ul>\n<li style=\"list-style-type: none\">\n<ul>\n<li>Haut-parleur \u00e0 volume \u00e9lev\u00e9<\/li>\n<\/ul>\n<\/li>\n<\/ul>\n<ul>\n<li style=\"list-style-type: none\">\n<ul>\n<li>Grand angle : longueur focale 24 mm, 48 MP<\/li>\n<\/ul>\n<\/li>\n<\/ul>\n<ul>\n<li style=\"list-style-type: none\">\n<ul>\n<li>T\u00e9l\u00e9objectif : longueur focale 162 mm, 12 MP, zoom hybride 56\u00d7<\/li>\n<\/ul>\n<\/li>\n<\/ul>\n<ul>\n<li style=\"list-style-type: none\">\n<ul>\n<li>Image thermique : Champ de vision diagonal : 61\u00b0, longueur focale \u00e9quivalente 40 mm, r\u00e9solution 640\u00d7512<\/li>\n<\/ul>\n<\/li>\n<\/ul>\n<p>D\u00e9couvrez les performances du DJI Mavic 3 Thermal par rapport au DJI Mavic 2 Enterprise Advanced et au DJI Matrice 30T. <a href=\"\/fr\/blog\/dji-mavic-3-enterprise-series\/#elementor-toc__heading-anchor-4\">cliquez ici.<\/a><\/p>","protected":false},"excerpt":{"rendered":"<ul>\n<li>Compact et pratique<\/li>\n<li>Appareil photo grand angle CMOS 4\/3<\/li>\n<li>Zoom hybride 56\u00d7<\/li>\n<li>Cam\u00e9ra thermique 640\u00d7512 px<\/li>\n<li>45 minutes de temps de vol maximum<\/li>\n<li>Transmission DJI O3 Enterprise<\/li>\n<li>Positionnement au centim\u00e8tre pr\u00e8s avec RTK<\/li>\n<li>Haut-parleur puissant<\/li>\n<\/ul>","protected":false},"featured_media":3505,"template":"","meta":{"_acf_changed":false},"product_brand":[],"product_cat":[135,97,871,165,99,100,115,101,102],"product_tag":[],"class_list":{"0":"post-4521","1":"product","2":"type-product","3":"status-publish","4":"has-post-thumbnail","6":"product_cat-alle-drones","7":"product_cat-alle-producten","8":"product_cat-dji-mavic","9":"product_cat-dji-mavic-3-enterprise","10":"product_cat-drones-met-certificaat","11":"product_cat-enterprise-drones","12":"product_cat-inspecties-met-drones","13":"product_cat-professionele-dji-drone","14":"product_cat-search-and-rescue-drones","15":"product_shipping_class-outofstock","16":"pa_brand-dji","17":"pa_care-basic-1-jaar","18":"pa_care-basic-2-jaar","19":"pa_dronegrade-enterprise","20":"pa_productfamily-drone","21":"pa_producttype-drone","22":"pa_series-mavic-3","24":"first","25":"outofstock","26":"taxable","27":"shipping-taxable","28":"product-type-simple"},"acf":[],"yoast_head":"<!-- This site is optimized with the Yoast SEO Premium plugin v27.2 (Yoast SEO v27.2) - https:\/\/yoast.com\/product\/yoast-seo-premium-wordpress\/ -->\n<title>DJI Mavic 3 Thermal + 2 jaar DJI Care - koningdrone.be<\/title>\n<meta name=\"robots\" content=\"index, follow, max-snippet:-1, max-image-preview:large, max-video-preview:-1\" \/>\n<link rel=\"canonical\" href=\"https:\/\/koningdrone.be\/fr\/produit\/dji-mavic-3-thermal-2-yr-care\/\" \/>\n<meta property=\"og:locale\" content=\"fr_FR\" \/>\n<meta property=\"og:type\" content=\"article\" \/>\n<meta property=\"og:title\" content=\"DJI Mavic 3 Thermal + 2 jaar DJI Care\" \/>\n<meta property=\"og:description\" content=\"Compact en handig  4\/3 CMOS-groothoekcamera  56\u00d7 hybride zoom  640\u00d7512 px warmtebeeldcamera  45 min maximale vliegtijd  DJI O3 Enterprise-transmissie  Centimeter nauwkeurige positionering met RTK  Krachtige luidspreker\" \/>\n<meta property=\"og:url\" content=\"https:\/\/koningdrone.be\/fr\/produit\/dji-mavic-3-thermal-2-yr-care\/\" \/>\n<meta property=\"og:site_name\" content=\"koningdrone.be\" \/>\n<meta property=\"article:modified_time\" content=\"2026-04-29T03:10:20+00:00\" \/>\n<meta property=\"og:image\" content=\"https:\/\/koningdrone.be\/wp-content\/uploads\/sites\/13\/2025\/04\/6941565944207-1.jpg\" \/>\n\t<meta property=\"og:image:width\" content=\"1200\" \/>\n\t<meta property=\"og:image:height\" content=\"1200\" \/>\n\t<meta property=\"og:image:type\" content=\"image\/jpeg\" \/>\n<meta name=\"twitter:card\" content=\"summary_large_image\" \/>\n<meta name=\"twitter:label1\" content=\"Dur\u00e9e de lecture est.\" \/>\n\t<meta name=\"twitter:data1\" content=\"1 minute\" \/>\n<script type=\"application\/ld+json\" class=\"yoast-schema-graph\">{\"@context\":\"https:\/\/schema.org\",\"@graph\":[{\"@type\":\"WebPage\",\"@id\":\"https:\/\/koningdrone.be\/product\/dji-mavic-3-thermal-2-yr-care\/\",\"url\":\"https:\/\/koningdrone.be\/product\/dji-mavic-3-thermal-2-yr-care\/\",\"name\":\"DJI Mavic 3 Thermal + 2 jaar DJI Care - koningdrone.be\",\"isPartOf\":{\"@id\":\"https:\/\/koningdrone.be\/#website\"},\"primaryImageOfPage\":{\"@id\":\"https:\/\/koningdrone.be\/product\/dji-mavic-3-thermal-2-yr-care\/#primaryimage\"},\"image\":{\"@id\":\"https:\/\/koningdrone.be\/product\/dji-mavic-3-thermal-2-yr-care\/#primaryimage\"},\"thumbnailUrl\":\"https:\/\/koningdrone.be\/wp-content\/uploads\/sites\/13\/2025\/04\/6941565944207-1.jpg\",\"datePublished\":\"2023-07-10T11:03:07+00:00\",\"dateModified\":\"2026-04-29T03:10:20+00:00\",\"breadcrumb\":{\"@id\":\"https:\/\/koningdrone.be\/product\/dji-mavic-3-thermal-2-yr-care\/#breadcrumb\"},\"inLanguage\":\"fr-BE\",\"potentialAction\":[{\"@type\":\"ReadAction\",\"target\":[\"https:\/\/koningdrone.be\/product\/dji-mavic-3-thermal-2-yr-care\/\"]}]},{\"@type\":\"ImageObject\",\"inLanguage\":\"fr-BE\",\"@id\":\"https:\/\/koningdrone.be\/product\/dji-mavic-3-thermal-2-yr-care\/#primaryimage\",\"url\":\"https:\/\/koningdrone.be\/wp-content\/uploads\/sites\/13\/2025\/04\/6941565944207-1.jpg\",\"contentUrl\":\"https:\/\/koningdrone.be\/wp-content\/uploads\/sites\/13\/2025\/04\/6941565944207-1.jpg\",\"width\":1200,\"height\":1200},{\"@type\":\"BreadcrumbList\",\"@id\":\"https:\/\/koningdrone.be\/product\/dji-mavic-3-thermal-2-yr-care\/#breadcrumb\",\"itemListElement\":[{\"@type\":\"ListItem\",\"position\":1,\"name\":\"Home\",\"item\":\"https:\/\/koningdrone.be\/\"},{\"@type\":\"ListItem\",\"position\":2,\"name\":\"AVSS Parachute Recovery System for DJI Matrice 300\/350\",\"item\":\"https:\/\/koningdrone.be\/product\/avss-parachute-recovery-system-for-dji-matrice-300-350\/\"},{\"@type\":\"ListItem\",\"position\":3,\"name\":\"Alle drones\",\"item\":\"https:\/\/koningdrone.be\/categorie\/alle-drones\/\"},{\"@type\":\"ListItem\",\"position\":4,\"name\":\"DJI Mavic 3 Thermal + 2 jaar DJI Care\"}]},{\"@type\":\"WebSite\",\"@id\":\"https:\/\/koningdrone.be\/#website\",\"url\":\"https:\/\/koningdrone.be\/\",\"name\":\"Koningdrone.be - Uw online specialist in drones, gimbals, camera's en power stations.\",\"description\":\"De webshop in drones en gimbals\",\"publisher\":{\"@id\":\"https:\/\/koningdrone.be\/#organization\"},\"potentialAction\":[{\"@type\":\"SearchAction\",\"target\":{\"@type\":\"EntryPoint\",\"urlTemplate\":\"https:\/\/koningdrone.be\/?s={search_term_string}\"},\"query-input\":{\"@type\":\"PropertyValueSpecification\",\"valueRequired\":true,\"valueName\":\"search_term_string\"}}],\"inLanguage\":\"fr-BE\"},{\"@type\":\"Organization\",\"@id\":\"https:\/\/koningdrone.be\/#organization\",\"name\":\"Koningdrone.be\",\"url\":\"https:\/\/koningdrone.be\/\",\"logo\":{\"@type\":\"ImageObject\",\"inLanguage\":\"fr-BE\",\"@id\":\"https:\/\/koningdrone.be\/#\/schema\/logo\/image\/\",\"url\":\"https:\/\/koningdrone.be\/wp-content\/uploads\/sites\/13\/2025\/04\/koningdrone-copyright-logo.svg\",\"contentUrl\":\"https:\/\/koningdrone.be\/wp-content\/uploads\/sites\/13\/2025\/04\/koningdrone-copyright-logo.svg\",\"width\":227,\"height\":38,\"caption\":\"Koningdrone.be\"},\"image\":{\"@id\":\"https:\/\/koningdrone.be\/#\/schema\/logo\/image\/\"}}]}<\/script>\n<!-- \/ Yoast SEO Premium plugin. -->","yoast_head_json":{"title":"DJI Mavic 3 Thermal + 2 jaar DJI Care - koningdrone.be","robots":{"index":"index","follow":"follow","max-snippet":"max-snippet:-1","max-image-preview":"max-image-preview:large","max-video-preview":"max-video-preview:-1"},"canonical":"https:\/\/koningdrone.be\/fr\/produit\/dji-mavic-3-thermal-2-yr-care\/","og_locale":"fr_FR","og_type":"article","og_title":"DJI Mavic 3 Thermal + 2 jaar DJI Care","og_description":"Compact en handig  4\/3 CMOS-groothoekcamera  56\u00d7 hybride zoom  640\u00d7512 px warmtebeeldcamera  45 min maximale vliegtijd  DJI O3 Enterprise-transmissie  Centimeter nauwkeurige positionering met RTK  Krachtige luidspreker","og_url":"https:\/\/koningdrone.be\/fr\/produit\/dji-mavic-3-thermal-2-yr-care\/","og_site_name":"koningdrone.be","article_modified_time":"2026-04-29T03:10:20+00:00","og_image":[{"width":1200,"height":1200,"url":"https:\/\/koningdrone.be\/wp-content\/uploads\/sites\/13\/2025\/04\/6941565944207-1.jpg","type":"image\/jpeg"}],"twitter_card":"summary_large_image","twitter_misc":{"Dur\u00e9e de lecture est.":"1 minute"},"schema":{"@context":"https:\/\/schema.org","@graph":[{"@type":"WebPage","@id":"https:\/\/koningdrone.be\/product\/dji-mavic-3-thermal-2-yr-care\/","url":"https:\/\/koningdrone.be\/product\/dji-mavic-3-thermal-2-yr-care\/","name":"DJI Mavic 3 Thermal + 2 jaar DJI Care - koningdrone.be","isPartOf":{"@id":"https:\/\/koningdrone.be\/#website"},"primaryImageOfPage":{"@id":"https:\/\/koningdrone.be\/product\/dji-mavic-3-thermal-2-yr-care\/#primaryimage"},"image":{"@id":"https:\/\/koningdrone.be\/product\/dji-mavic-3-thermal-2-yr-care\/#primaryimage"},"thumbnailUrl":"https:\/\/koningdrone.be\/wp-content\/uploads\/sites\/13\/2025\/04\/6941565944207-1.jpg","datePublished":"2023-07-10T11:03:07+00:00","dateModified":"2026-04-29T03:10:20+00:00","breadcrumb":{"@id":"https:\/\/koningdrone.be\/product\/dji-mavic-3-thermal-2-yr-care\/#breadcrumb"},"inLanguage":"fr-BE","potentialAction":[{"@type":"ReadAction","target":["https:\/\/koningdrone.be\/product\/dji-mavic-3-thermal-2-yr-care\/"]}]},{"@type":"ImageObject","inLanguage":"fr-BE","@id":"https:\/\/koningdrone.be\/product\/dji-mavic-3-thermal-2-yr-care\/#primaryimage","url":"https:\/\/koningdrone.be\/wp-content\/uploads\/sites\/13\/2025\/04\/6941565944207-1.jpg","contentUrl":"https:\/\/koningdrone.be\/wp-content\/uploads\/sites\/13\/2025\/04\/6941565944207-1.jpg","width":1200,"height":1200},{"@type":"BreadcrumbList","@id":"https:\/\/koningdrone.be\/product\/dji-mavic-3-thermal-2-yr-care\/#breadcrumb","itemListElement":[{"@type":"ListItem","position":1,"name":"Home","item":"https:\/\/koningdrone.be\/"},{"@type":"ListItem","position":2,"name":"AVSS Parachute Recovery System for DJI Matrice 300\/350","item":"https:\/\/koningdrone.be\/product\/avss-parachute-recovery-system-for-dji-matrice-300-350\/"},{"@type":"ListItem","position":3,"name":"Alle drones","item":"https:\/\/koningdrone.be\/categorie\/alle-drones\/"},{"@type":"ListItem","position":4,"name":"DJI Mavic 3 Thermal + 2 jaar DJI Care"}]},{"@type":"WebSite","@id":"https:\/\/koningdrone.be\/#website","url":"https:\/\/koningdrone.be\/","name":"Koningdrone.be - Votre sp\u00e9cialiste en ligne en mati\u00e8re de drones, de cardans, de cam\u00e9ras et de centrales \u00e9lectriques.","description":"La boutique en ligne de drones et de cardans","publisher":{"@id":"https:\/\/koningdrone.be\/#organization"},"potentialAction":[{"@type":"SearchAction","target":{"@type":"EntryPoint","urlTemplate":"https:\/\/koningdrone.be\/?s={search_term_string}"},"query-input":{"@type":"PropertyValueSpecification","valueRequired":true,"valueName":"search_term_string"}}],"inLanguage":"fr-BE"},{"@type":"Organization","@id":"https:\/\/koningdrone.be\/#organization","name":"Kingdrone.co.uk","url":"https:\/\/koningdrone.be\/","logo":{"@type":"ImageObject","inLanguage":"fr-BE","@id":"https:\/\/koningdrone.be\/#\/schema\/logo\/image\/","url":"https:\/\/koningdrone.be\/wp-content\/uploads\/sites\/13\/2025\/04\/koningdrone-copyright-logo.svg","contentUrl":"https:\/\/koningdrone.be\/wp-content\/uploads\/sites\/13\/2025\/04\/koningdrone-copyright-logo.svg","width":227,"height":38,"caption":"Koningdrone.be"},"image":{"@id":"https:\/\/koningdrone.be\/#\/schema\/logo\/image\/"}}]}},"df_price":"","df_sale_price":"","df_regular_price":"","df_image_link":"https:\/\/koningdrone.be\/wp-content\/uploads\/sites\/13\/2025\/04\/6941565944207-1-300x300.jpg","_links":{"self":[{"href":"https:\/\/koningdrone.be\/fr\/wp-json\/wp\/v2\/product\/4521","targetHints":{"allow":["GET"]}}],"collection":[{"href":"https:\/\/koningdrone.be\/fr\/wp-json\/wp\/v2\/product"}],"about":[{"href":"https:\/\/koningdrone.be\/fr\/wp-json\/wp\/v2\/types\/product"}],"wp:featuredmedia":[{"embeddable":true,"href":"https:\/\/koningdrone.be\/fr\/wp-json\/wp\/v2\/media\/3505"}],"wp:attachment":[{"href":"https:\/\/koningdrone.be\/fr\/wp-json\/wp\/v2\/media?parent=4521"}],"wp:term":[{"taxonomy":"product_brand","embeddable":true,"href":"https:\/\/koningdrone.be\/fr\/wp-json\/wp\/v2\/product_brand?post=4521"},{"taxonomy":"product_cat","embeddable":true,"href":"https:\/\/koningdrone.be\/fr\/wp-json\/wp\/v2\/product_cat?post=4521"},{"taxonomy":"product_tag","embeddable":true,"href":"https:\/\/koningdrone.be\/fr\/wp-json\/wp\/v2\/product_tag?post=4521"}],"curies":[{"name":"wp","href":"https:\/\/api.w.org\/{rel}","templated":true}]}}