{"id":4512,"date":"2023-07-10T13:10:27","date_gmt":"2023-07-10T11:10:27","guid":{"rendered":"https:\/\/koningdrone.nl\/kon\/product\/dji-mavic-3-multispecteral-2-yr-care\/"},"modified":"2026-04-29T05:01:09","modified_gmt":"2026-04-29T03:01:09","slug":"dji-mavic-3-multispecteral-2-yr-care","status":"publish","type":"product","link":"https:\/\/koningdrone.be\/fr\/produit\/dji-mavic-3-multispecteral-2-yr-care\/","title":{"rendered":"DJI Mavic 3 Multispecteral + 2 ans de DJI Care"},"content":{"rendered":"<h1>DJI Mavic 3 Multispecteral + 2 jaar DJI Care<\/h1>\n<p>[embedyt] https:\/\/www.youtube.com\/watch?v=4f8NiLApHLk[\/embedyt]<\/p>\n<p>DJI Mavic 3M: Zie meer, werk slimmer<\/p>\n<p>Effectief luchtonderzoek moet het onzichtbare kunnen zien. Om deze reden heeft de Mavic 3 Multispectral meerdere camera&#8217;s om je meerdere weergaven te geven. Het combineert een RGB-camera met een multispectrale camera om de plantengroei met absolute precisie te scannen en te analyseren. Precisielandbouw vereist relevante details en gegevens, en de Mavic 3M levert beide.<\/p>\n<ul> <\/p>\n<li>Compact en handig: opvouwbaar voor eenvoudig opbergen<\/li>\n<p> <\/p>\n<li>Multispectrale camera: 4 x 5 MP G\/R\/RE\/NIR<\/li>\n<p> <\/p>\n<li>RGB-camera: 20 MP, 4\/3 CMOS, mechanische sluiter<\/li>\n<p> <\/p>\n<li>Veilig en stabiel: omnidirectioneel obstakel vermijden , 15 km zendbereik<\/li>\n<p> <\/p>\n<li>Nauwkeurige positionering: RTK-positionering tot op de centimeter nauwkeurig, tijdsynchronisatie tot op de microseconde nauwkeurig<\/li>\n<p> <\/p>\n<li>Effici\u00ebnte luchtmeting: Effici\u00ebnte luchtmeting<\/li>\n<p><\/ul>\n<p><strong>Multispectraal + RGB-beeldverwerkingssysteem<\/strong><\/p>\n<p>Sterk ge\u00efntegreerd beeldverwerkingssysteem<br \/>Nieuw, verbeterd beeldverwerkingssysteem met een 20 MP RGB-camera en vier 5 MP multispectrale camera&#8217;s (groen, rood, rode rand en nabij-infrarood). Maakt toepassingen mogelijk zoals zeer nauwkeurige landmetingen vanuit de lucht, monitoring van plantengroei en landmetingen van natuurlijke hulpbronnen.<\/p>\n<p><strong>5 MP multispectrale camera<\/strong><\/p>\n<ul> <\/p>\n<li>Nabij infrarood (NIR): 860nm \u00b1 26nm<\/li>\n<p> <\/p>\n<li>Rood \u00ae 650nm \u00b1 16nm<\/li>\n<p> <\/p>\n<li>Rode rand (RE): 730nm \u00b1 16nm<\/li>\n<p> <\/p>\n<li>Groen (G): 560nm \u00b1 16nm<\/li>\n<p><\/ul>\n<p><strong>RGB-camerafuncties<\/strong><\/p>\n<ul> <\/p>\n<li>4\/3 CMOS: 20MP camerasensor<\/li>\n<p> <\/p>\n<li>1\/2.000 sec.: Snelste mechanische sluitertijd<\/li>\n<p> <\/p>\n<li>0,7 sec continu fotograferen met hoge snelheid bij gebruik van de RGB-camera<\/li>\n<p><\/ul>\n<p><strong>Zonlicht sensor<\/strong><br \/>De ge\u00efntegreerde zonlichtsensor vangt zonnestraling op en registreert deze in een beeldbestand, waardoor lichtcompensatie van beeldgegevens tijdens 2D-reconstructie mogelijk is. Dit leidt tot nauwkeurigere NDVI-resultaten en verbeterde nauwkeurigheid en consistentie van gegevens die in de loop van de tijd zijn verzameld.<\/p>\n<p><strong>RTK-module<\/strong><br \/>Nauwkeurige afbeeldingen die elke pixel vastleggen<br \/>Mavic 3M met RTK-module voor centimeter-nauwkeurige positionering. De vluchtbesturingen, camera en RTK-module worden gesynchroniseerd in microseconden om altijd nauwkeurig de positie van het midden van elke camera-opname te bepalen. Hierdoor kan de Mavic 3M zeer nauwkeurige luchtonderzoeken uitvoeren zonder controlepunten.<\/p>\n<p><strong>Effici\u00ebnte en betrouwbare levensduur van de batterij<\/strong><br \/>Ultralange batterijduur voor het snel, continu fotograferen:<\/p>\n<ul> <\/p>\n<li>43 minuten vliegtijd<\/li>\n<p> <\/p>\n<li>200 hectare : Een enkele vlucht kan mapping-missies uitvoeren over een gebied van 200 hectare.<\/li>\n<p><\/ul>\n<p><strong>Stabiel signaal, soepele beeldoverdracht<\/strong><br \/>De O3-transmissie integreert twee zendsignalen en vier ontvangsignalen om een \u200b\u200bultralange transmissieafstand van 15 km te ondersteunen.<\/p>\n<p><strong>Obstakelvermijding in alle richtingen , terreinvolgend luchtonderzoek<\/strong><br \/>Het vliegtuig heeft meerdere groothoekzichtsensoren die nauwkeurig obstakels in alle richtingen detecteren om obstakels in alle richtingen te vermijden. Het terreinvolgende luchtonderzoek kan eenvoudig worden uitgevoerd in landschappen met steile hellingen.<\/p>\n<p><strong>Intelligente veldanalyse<\/strong><br \/>De Mavic 3M kan automatische veldanalyse uitvoeren. De beelden van de veldanalyse kunnen via een 4G-netwerk in realtime worden ge\u00fcpload naar de DJI SmartFarm. Het kan afwijkingen zoals plagen, onkruidgroei en tekorten in de plantontwikkeling in een vroeg stadium detecteren. Het kan ook intelligente analyses uitvoeren, b.v. B. Katoenzaailingen identificeren en rijstproductie testen, gebruikmakend van AI-identificatie voor real-time delen van informatie<\/p>\n<p>Bekijk hoe de DJI Mavic 3 Multispecteral presteert vergeleken met de DJI Phantom 4 Multispecteral door <a href=\"\/blog\/dji-mavic-3-enterprise-series\/#elementor-toc__heading-anchor-6\"><br \/><strong>hier te klikken.<\/strong><\/a><\/p>\n","protected":false},"excerpt":{"rendered":"<ul>\n<li>Compact et portable<\/li>\n<li>Pliable pour un rangement facile<\/li>\n<li>Cam\u00e9ra multispectrale : 4 \u00d7 5MP (G\/R\/RE\/NIR)<\/li>\n<li>Appareil photo RVB : 20 MP (CMOS 4\/3, obturateur m\u00e9canique)<\/li>\n<li>\u00c9vitement omnidirectionnel des obstacles<\/li>\n<li>Distance de transmission de 15 km<\/li>\n<li>Positionnement pr\u00e9cis<\/li>\n<li>Positionnement RTK au centim\u00e8tre pr\u00e8s<\/li>\n<li>Synchronisation du temps au niveau de la microseconde<\/li>\n<li>Recherche efficace sur l'air<\/li>\n<li>Jusqu'\u00e0 200 hectares par vol<\/li>\n<\/ul>","protected":false},"featured_media":3515,"template":"","meta":{"_acf_changed":false},"product_brand":[],"product_cat":[135,97,871,165,99,100,568,101],"product_tag":[],"class_list":{"0":"post-4512","1":"product","2":"type-product","3":"status-publish","4":"has-post-thumbnail","6":"product_cat-alle-drones","7":"product_cat-alle-producten","8":"product_cat-dji-mavic","9":"product_cat-dji-mavic-3-enterprise","10":"product_cat-drones-met-certificaat","11":"product_cat-enterprise-drones","12":"product_cat-landbouw-drones","13":"product_cat-professionele-dji-drone","14":"product_shipping_class-outofstock","15":"pa_brand-dji","16":"pa_care-basic-1-jaar","17":"pa_care-basic-2-jaar","18":"pa_dronegrade-enterprise","19":"pa_productfamily-drone","20":"pa_producttype-drone","21":"pa_series-mavic-3","23":"first","24":"outofstock","25":"taxable","26":"shipping-taxable","27":"product-type-simple"},"acf":[],"yoast_head":"<!-- This site is optimized with the Yoast SEO Premium plugin v27.2 (Yoast SEO v27.2) - https:\/\/yoast.com\/product\/yoast-seo-premium-wordpress\/ -->\n<title>DJI Mavic 3 Multispecteral + 2 jaar DJI Care - koningdrone.be<\/title>\n<meta name=\"robots\" content=\"index, follow, max-snippet:-1, max-image-preview:large, max-video-preview:-1\" \/>\n<link rel=\"canonical\" href=\"https:\/\/koningdrone.be\/fr\/produit\/dji-mavic-3-multispecteral-2-yr-care\/\" \/>\n<meta property=\"og:locale\" content=\"fr_FR\" \/>\n<meta property=\"og:type\" content=\"article\" \/>\n<meta property=\"og:title\" content=\"DJI Mavic 3 Multispecteral + 2 jaar DJI Care\" \/>\n<meta property=\"og:description\" content=\"Compact en draagbaar  Opvouwbaar voor eenvoudig opbergen  Multispectrale camera: 4 \u00d7 5MP (G\/R\/RE\/NIR)  RGB-camera: 20 MP (4\/3 CMOS, mechanische sluiter)  Omnidirectionele obstakelvermijding  15 km transmissieafstand  Nauwkeurige positionering  RTK-positionering op centimeterniveau  Tijdsynchronisatie op microseconde niveau  Effici\u00ebnt luchtonderzoek  Tot 200 hectare per vlucht\" \/>\n<meta property=\"og:url\" content=\"https:\/\/koningdrone.be\/fr\/produit\/dji-mavic-3-multispecteral-2-yr-care\/\" \/>\n<meta property=\"og:site_name\" content=\"koningdrone.be\" \/>\n<meta property=\"article:modified_time\" content=\"2026-04-29T03:01:09+00:00\" \/>\n<meta property=\"og:image\" content=\"https:\/\/koningdrone.be\/wp-content\/uploads\/sites\/13\/2025\/04\/950505-DJI-Mavic-3-Multispectral-inkl-1-Year-Care-Basic-1.jpg\" \/>\n\t<meta property=\"og:image:width\" content=\"1280\" \/>\n\t<meta property=\"og:image:height\" content=\"800\" \/>\n\t<meta property=\"og:image:type\" content=\"image\/jpeg\" \/>\n<meta name=\"twitter:card\" content=\"summary_large_image\" \/>\n<meta name=\"twitter:label1\" content=\"Dur\u00e9e de lecture est.\" \/>\n\t<meta name=\"twitter:data1\" content=\"2 minutes\" \/>\n<script type=\"application\/ld+json\" class=\"yoast-schema-graph\">{\"@context\":\"https:\/\/schema.org\",\"@graph\":[{\"@type\":\"WebPage\",\"@id\":\"https:\/\/koningdrone.be\/product\/dji-mavic-3-multispecteral-2-yr-care\/\",\"url\":\"https:\/\/koningdrone.be\/product\/dji-mavic-3-multispecteral-2-yr-care\/\",\"name\":\"DJI Mavic 3 Multispecteral + 2 jaar DJI Care - koningdrone.be\",\"isPartOf\":{\"@id\":\"https:\/\/koningdrone.be\/#website\"},\"primaryImageOfPage\":{\"@id\":\"https:\/\/koningdrone.be\/product\/dji-mavic-3-multispecteral-2-yr-care\/#primaryimage\"},\"image\":{\"@id\":\"https:\/\/koningdrone.be\/product\/dji-mavic-3-multispecteral-2-yr-care\/#primaryimage\"},\"thumbnailUrl\":\"https:\/\/koningdrone.be\/wp-content\/uploads\/sites\/13\/2025\/04\/950505-DJI-Mavic-3-Multispectral-inkl-1-Year-Care-Basic-1.jpg\",\"datePublished\":\"2023-07-10T11:10:27+00:00\",\"dateModified\":\"2026-04-29T03:01:09+00:00\",\"breadcrumb\":{\"@id\":\"https:\/\/koningdrone.be\/product\/dji-mavic-3-multispecteral-2-yr-care\/#breadcrumb\"},\"inLanguage\":\"fr-BE\",\"potentialAction\":[{\"@type\":\"ReadAction\",\"target\":[\"https:\/\/koningdrone.be\/product\/dji-mavic-3-multispecteral-2-yr-care\/\"]}]},{\"@type\":\"ImageObject\",\"inLanguage\":\"fr-BE\",\"@id\":\"https:\/\/koningdrone.be\/product\/dji-mavic-3-multispecteral-2-yr-care\/#primaryimage\",\"url\":\"https:\/\/koningdrone.be\/wp-content\/uploads\/sites\/13\/2025\/04\/950505-DJI-Mavic-3-Multispectral-inkl-1-Year-Care-Basic-1.jpg\",\"contentUrl\":\"https:\/\/koningdrone.be\/wp-content\/uploads\/sites\/13\/2025\/04\/950505-DJI-Mavic-3-Multispectral-inkl-1-Year-Care-Basic-1.jpg\",\"width\":1280,\"height\":800},{\"@type\":\"BreadcrumbList\",\"@id\":\"https:\/\/koningdrone.be\/product\/dji-mavic-3-multispecteral-2-yr-care\/#breadcrumb\",\"itemListElement\":[{\"@type\":\"ListItem\",\"position\":1,\"name\":\"Home\",\"item\":\"https:\/\/koningdrone.be\/\"},{\"@type\":\"ListItem\",\"position\":2,\"name\":\"AVSS Parachute Recovery System for DJI Matrice 300\/350\",\"item\":\"https:\/\/koningdrone.be\/product\/avss-parachute-recovery-system-for-dji-matrice-300-350\/\"},{\"@type\":\"ListItem\",\"position\":3,\"name\":\"Alle drones\",\"item\":\"https:\/\/koningdrone.be\/categorie\/alle-drones\/\"},{\"@type\":\"ListItem\",\"position\":4,\"name\":\"DJI Mavic 3 Multispecteral + 2 jaar DJI Care\"}]},{\"@type\":\"WebSite\",\"@id\":\"https:\/\/koningdrone.be\/#website\",\"url\":\"https:\/\/koningdrone.be\/\",\"name\":\"Koningdrone.be - Uw online specialist in drones, gimbals, camera's en power stations.\",\"description\":\"De webshop in drones en gimbals\",\"publisher\":{\"@id\":\"https:\/\/koningdrone.be\/#organization\"},\"potentialAction\":[{\"@type\":\"SearchAction\",\"target\":{\"@type\":\"EntryPoint\",\"urlTemplate\":\"https:\/\/koningdrone.be\/?s={search_term_string}\"},\"query-input\":{\"@type\":\"PropertyValueSpecification\",\"valueRequired\":true,\"valueName\":\"search_term_string\"}}],\"inLanguage\":\"fr-BE\"},{\"@type\":\"Organization\",\"@id\":\"https:\/\/koningdrone.be\/#organization\",\"name\":\"Koningdrone.be\",\"url\":\"https:\/\/koningdrone.be\/\",\"logo\":{\"@type\":\"ImageObject\",\"inLanguage\":\"fr-BE\",\"@id\":\"https:\/\/koningdrone.be\/#\/schema\/logo\/image\/\",\"url\":\"https:\/\/koningdrone.be\/wp-content\/uploads\/sites\/13\/2025\/04\/koningdrone-copyright-logo.svg\",\"contentUrl\":\"https:\/\/koningdrone.be\/wp-content\/uploads\/sites\/13\/2025\/04\/koningdrone-copyright-logo.svg\",\"width\":227,\"height\":38,\"caption\":\"Koningdrone.be\"},\"image\":{\"@id\":\"https:\/\/koningdrone.be\/#\/schema\/logo\/image\/\"}}]}<\/script>\n<!-- \/ Yoast SEO Premium plugin. -->","yoast_head_json":{"title":"DJI Mavic 3 Multispecteral + 2 jaar DJI Care - koningdrone.be","robots":{"index":"index","follow":"follow","max-snippet":"max-snippet:-1","max-image-preview":"max-image-preview:large","max-video-preview":"max-video-preview:-1"},"canonical":"https:\/\/koningdrone.be\/fr\/produit\/dji-mavic-3-multispecteral-2-yr-care\/","og_locale":"fr_FR","og_type":"article","og_title":"DJI Mavic 3 Multispecteral + 2 jaar DJI Care","og_description":"Compact en draagbaar  Opvouwbaar voor eenvoudig opbergen  Multispectrale camera: 4 \u00d7 5MP (G\/R\/RE\/NIR)  RGB-camera: 20 MP (4\/3 CMOS, mechanische sluiter)  Omnidirectionele obstakelvermijding  15 km transmissieafstand  Nauwkeurige positionering  RTK-positionering op centimeterniveau  Tijdsynchronisatie op microseconde niveau  Effici\u00ebnt luchtonderzoek  Tot 200 hectare per vlucht","og_url":"https:\/\/koningdrone.be\/fr\/produit\/dji-mavic-3-multispecteral-2-yr-care\/","og_site_name":"koningdrone.be","article_modified_time":"2026-04-29T03:01:09+00:00","og_image":[{"width":1280,"height":800,"url":"https:\/\/koningdrone.be\/wp-content\/uploads\/sites\/13\/2025\/04\/950505-DJI-Mavic-3-Multispectral-inkl-1-Year-Care-Basic-1.jpg","type":"image\/jpeg"}],"twitter_card":"summary_large_image","twitter_misc":{"Dur\u00e9e de lecture est.":"2 minutes"},"schema":{"@context":"https:\/\/schema.org","@graph":[{"@type":"WebPage","@id":"https:\/\/koningdrone.be\/product\/dji-mavic-3-multispecteral-2-yr-care\/","url":"https:\/\/koningdrone.be\/product\/dji-mavic-3-multispecteral-2-yr-care\/","name":"DJI Mavic 3 Multispecteral + 2 jaar DJI Care - koningdrone.be","isPartOf":{"@id":"https:\/\/koningdrone.be\/#website"},"primaryImageOfPage":{"@id":"https:\/\/koningdrone.be\/product\/dji-mavic-3-multispecteral-2-yr-care\/#primaryimage"},"image":{"@id":"https:\/\/koningdrone.be\/product\/dji-mavic-3-multispecteral-2-yr-care\/#primaryimage"},"thumbnailUrl":"https:\/\/koningdrone.be\/wp-content\/uploads\/sites\/13\/2025\/04\/950505-DJI-Mavic-3-Multispectral-inkl-1-Year-Care-Basic-1.jpg","datePublished":"2023-07-10T11:10:27+00:00","dateModified":"2026-04-29T03:01:09+00:00","breadcrumb":{"@id":"https:\/\/koningdrone.be\/product\/dji-mavic-3-multispecteral-2-yr-care\/#breadcrumb"},"inLanguage":"fr-BE","potentialAction":[{"@type":"ReadAction","target":["https:\/\/koningdrone.be\/product\/dji-mavic-3-multispecteral-2-yr-care\/"]}]},{"@type":"ImageObject","inLanguage":"fr-BE","@id":"https:\/\/koningdrone.be\/product\/dji-mavic-3-multispecteral-2-yr-care\/#primaryimage","url":"https:\/\/koningdrone.be\/wp-content\/uploads\/sites\/13\/2025\/04\/950505-DJI-Mavic-3-Multispectral-inkl-1-Year-Care-Basic-1.jpg","contentUrl":"https:\/\/koningdrone.be\/wp-content\/uploads\/sites\/13\/2025\/04\/950505-DJI-Mavic-3-Multispectral-inkl-1-Year-Care-Basic-1.jpg","width":1280,"height":800},{"@type":"BreadcrumbList","@id":"https:\/\/koningdrone.be\/product\/dji-mavic-3-multispecteral-2-yr-care\/#breadcrumb","itemListElement":[{"@type":"ListItem","position":1,"name":"Home","item":"https:\/\/koningdrone.be\/"},{"@type":"ListItem","position":2,"name":"AVSS Parachute Recovery System for DJI Matrice 300\/350","item":"https:\/\/koningdrone.be\/product\/avss-parachute-recovery-system-for-dji-matrice-300-350\/"},{"@type":"ListItem","position":3,"name":"Alle drones","item":"https:\/\/koningdrone.be\/categorie\/alle-drones\/"},{"@type":"ListItem","position":4,"name":"DJI Mavic 3 Multispecteral + 2 jaar DJI Care"}]},{"@type":"WebSite","@id":"https:\/\/koningdrone.be\/#website","url":"https:\/\/koningdrone.be\/","name":"Koningdrone.be - Votre sp\u00e9cialiste en ligne en mati\u00e8re de drones, de cardans, de cam\u00e9ras et de centrales \u00e9lectriques.","description":"La boutique en ligne de drones et de cardans","publisher":{"@id":"https:\/\/koningdrone.be\/#organization"},"potentialAction":[{"@type":"SearchAction","target":{"@type":"EntryPoint","urlTemplate":"https:\/\/koningdrone.be\/?s={search_term_string}"},"query-input":{"@type":"PropertyValueSpecification","valueRequired":true,"valueName":"search_term_string"}}],"inLanguage":"fr-BE"},{"@type":"Organization","@id":"https:\/\/koningdrone.be\/#organization","name":"Kingdrone.co.uk","url":"https:\/\/koningdrone.be\/","logo":{"@type":"ImageObject","inLanguage":"fr-BE","@id":"https:\/\/koningdrone.be\/#\/schema\/logo\/image\/","url":"https:\/\/koningdrone.be\/wp-content\/uploads\/sites\/13\/2025\/04\/koningdrone-copyright-logo.svg","contentUrl":"https:\/\/koningdrone.be\/wp-content\/uploads\/sites\/13\/2025\/04\/koningdrone-copyright-logo.svg","width":227,"height":38,"caption":"Koningdrone.be"},"image":{"@id":"https:\/\/koningdrone.be\/#\/schema\/logo\/image\/"}}]}},"df_price":"","df_sale_price":"","df_regular_price":"","df_image_link":"https:\/\/koningdrone.be\/wp-content\/uploads\/sites\/13\/2025\/04\/950505-DJI-Mavic-3-Multispectral-inkl-1-Year-Care-Basic-1-300x188.jpg","_links":{"self":[{"href":"https:\/\/koningdrone.be\/fr\/wp-json\/wp\/v2\/product\/4512","targetHints":{"allow":["GET"]}}],"collection":[{"href":"https:\/\/koningdrone.be\/fr\/wp-json\/wp\/v2\/product"}],"about":[{"href":"https:\/\/koningdrone.be\/fr\/wp-json\/wp\/v2\/types\/product"}],"wp:featuredmedia":[{"embeddable":true,"href":"https:\/\/koningdrone.be\/fr\/wp-json\/wp\/v2\/media\/3515"}],"wp:attachment":[{"href":"https:\/\/koningdrone.be\/fr\/wp-json\/wp\/v2\/media?parent=4512"}],"wp:term":[{"taxonomy":"product_brand","embeddable":true,"href":"https:\/\/koningdrone.be\/fr\/wp-json\/wp\/v2\/product_brand?post=4512"},{"taxonomy":"product_cat","embeddable":true,"href":"https:\/\/koningdrone.be\/fr\/wp-json\/wp\/v2\/product_cat?post=4512"},{"taxonomy":"product_tag","embeddable":true,"href":"https:\/\/koningdrone.be\/fr\/wp-json\/wp\/v2\/product_tag?post=4512"}],"curies":[{"name":"wp","href":"https:\/\/api.w.org\/{rel}","templated":true}]}}