{"id":4398,"date":"2023-07-20T10:56:57","date_gmt":"2023-07-20T08:56:57","guid":{"rendered":"https:\/\/koningdrone.nl\/kon\/product\/dji-matrice-30-front-landing-gear\/"},"modified":"2026-04-29T05:00:54","modified_gmt":"2026-04-29T03:00:54","slug":"dji-matrice-30-front-landing-gear","status":"publish","type":"product","link":"https:\/\/koningdrone.be\/fr\/produit\/dji-matrice-30-front-landing-gear\/","title":{"rendered":"DJI Matrice 30 - Train d'atterrissage avant"},"content":{"rendered":"<h1>DJI Matrice 30 Train d'atterrissage avant<\/h1>\n<p>\"Il s'agit d'une pi\u00e8ce pour r\u00e9parer le DJI Matrice 30. Les couleurs de la photo peuvent ne pas correspondre aux couleurs r\u00e9elles. Les photos peuvent \u00eatre plus claires en raison de l'\u00e9clairage de studio utilis\u00e9. Si vous avez des questions, n'h\u00e9sitez pas \u00e0 nous contacter.<\/p>","protected":false},"excerpt":{"rendered":"<ul>\n<li>Train d'atterrissage avant pour DJI Matrice 30<\/li>\n<\/ul>","protected":false},"featured_media":4396,"template":"","meta":{"_acf_changed":false},"product_brand":[],"product_cat":[97,149,452],"product_tag":[],"class_list":{"0":"post-4398","1":"product","2":"type-product","3":"status-publish","4":"has-post-thumbnail","6":"product_cat-alle-producten","7":"product_cat-dji-matrice-30","8":"product_cat-reparatie","9":"product_shipping_class-outofstock","10":"pa_brand-dji","11":"pa_productfamily-reparatie","12":"pa_producttype-reparatie","13":"pa_series-matrice-30","15":"first","16":"outofstock","17":"taxable","18":"shipping-taxable","19":"product-type-simple"},"acf":[],"yoast_head":"<!-- This site is optimized with the Yoast SEO Premium plugin v27.2 (Yoast SEO v27.2) - https:\/\/yoast.com\/product\/yoast-seo-premium-wordpress\/ -->\n<title>DJI Matrice 30 - Front Landing Gear - koningdrone.be<\/title>\n<meta name=\"robots\" content=\"index, follow, max-snippet:-1, max-image-preview:large, max-video-preview:-1\" \/>\n<link rel=\"canonical\" href=\"https:\/\/koningdrone.be\/fr\/produit\/dji-matrice-30-front-landing-gear\/\" \/>\n<meta property=\"og:locale\" content=\"fr_FR\" \/>\n<meta property=\"og:type\" content=\"article\" \/>\n<meta property=\"og:title\" content=\"DJI Matrice 30 - Front Landing Gear\" \/>\n<meta property=\"og:description\" content=\"Front Landing Gear voor de DJI Matrice 30\" \/>\n<meta property=\"og:url\" content=\"https:\/\/koningdrone.be\/fr\/produit\/dji-matrice-30-front-landing-gear\/\" \/>\n<meta property=\"og:site_name\" content=\"koningdrone.be\" \/>\n<meta property=\"article:modified_time\" content=\"2026-04-29T03:00:54+00:00\" \/>\n<meta property=\"og:image\" content=\"https:\/\/koningdrone.be\/wp-content\/uploads\/sites\/13\/2025\/04\/YC.JG_.ZS001815.03-1.jpg\" \/>\n\t<meta property=\"og:image:width\" content=\"1000\" \/>\n\t<meta property=\"og:image:height\" content=\"667\" \/>\n\t<meta property=\"og:image:type\" content=\"image\/jpeg\" \/>\n<meta name=\"twitter:card\" content=\"summary_large_image\" \/>\n<script type=\"application\/ld+json\" class=\"yoast-schema-graph\">{\"@context\":\"https:\/\/schema.org\",\"@graph\":[{\"@type\":\"WebPage\",\"@id\":\"https:\/\/koningdrone.be\/product\/dji-matrice-30-front-landing-gear\/\",\"url\":\"https:\/\/koningdrone.be\/product\/dji-matrice-30-front-landing-gear\/\",\"name\":\"DJI Matrice 30 - Front Landing Gear - koningdrone.be\",\"isPartOf\":{\"@id\":\"https:\/\/koningdrone.be\/#website\"},\"primaryImageOfPage\":{\"@id\":\"https:\/\/koningdrone.be\/product\/dji-matrice-30-front-landing-gear\/#primaryimage\"},\"image\":{\"@id\":\"https:\/\/koningdrone.be\/product\/dji-matrice-30-front-landing-gear\/#primaryimage\"},\"thumbnailUrl\":\"https:\/\/koningdrone.be\/wp-content\/uploads\/sites\/13\/2025\/04\/YC.JG_.ZS001815.03-1.jpg\",\"datePublished\":\"2023-07-20T08:56:57+00:00\",\"dateModified\":\"2026-04-29T03:00:54+00:00\",\"breadcrumb\":{\"@id\":\"https:\/\/koningdrone.be\/product\/dji-matrice-30-front-landing-gear\/#breadcrumb\"},\"inLanguage\":\"fr-BE\",\"potentialAction\":[{\"@type\":\"ReadAction\",\"target\":[\"https:\/\/koningdrone.be\/product\/dji-matrice-30-front-landing-gear\/\"]}]},{\"@type\":\"ImageObject\",\"inLanguage\":\"fr-BE\",\"@id\":\"https:\/\/koningdrone.be\/product\/dji-matrice-30-front-landing-gear\/#primaryimage\",\"url\":\"https:\/\/koningdrone.be\/wp-content\/uploads\/sites\/13\/2025\/04\/YC.JG_.ZS001815.03-1.jpg\",\"contentUrl\":\"https:\/\/koningdrone.be\/wp-content\/uploads\/sites\/13\/2025\/04\/YC.JG_.ZS001815.03-1.jpg\",\"width\":1000,\"height\":667},{\"@type\":\"BreadcrumbList\",\"@id\":\"https:\/\/koningdrone.be\/product\/dji-matrice-30-front-landing-gear\/#breadcrumb\",\"itemListElement\":[{\"@type\":\"ListItem\",\"position\":1,\"name\":\"Home\",\"item\":\"https:\/\/koningdrone.be\/\"},{\"@type\":\"ListItem\",\"position\":2,\"name\":\"AVSS Parachute Recovery System for DJI Matrice 300\/350\",\"item\":\"https:\/\/koningdrone.be\/product\/avss-parachute-recovery-system-for-dji-matrice-300-350\/\"},{\"@type\":\"ListItem\",\"position\":3,\"name\":\"Alle producten\",\"item\":\"https:\/\/koningdrone.be\/categorie\/alle-producten\/\"},{\"@type\":\"ListItem\",\"position\":4,\"name\":\"DJI Matrice 30 &#8211; Front Landing Gear\"}]},{\"@type\":\"WebSite\",\"@id\":\"https:\/\/koningdrone.be\/#website\",\"url\":\"https:\/\/koningdrone.be\/\",\"name\":\"Koningdrone.be - Uw online specialist in drones, gimbals, camera's en power stations.\",\"description\":\"De webshop in drones en gimbals\",\"publisher\":{\"@id\":\"https:\/\/koningdrone.be\/#organization\"},\"potentialAction\":[{\"@type\":\"SearchAction\",\"target\":{\"@type\":\"EntryPoint\",\"urlTemplate\":\"https:\/\/koningdrone.be\/?s={search_term_string}\"},\"query-input\":{\"@type\":\"PropertyValueSpecification\",\"valueRequired\":true,\"valueName\":\"search_term_string\"}}],\"inLanguage\":\"fr-BE\"},{\"@type\":\"Organization\",\"@id\":\"https:\/\/koningdrone.be\/#organization\",\"name\":\"Koningdrone.be\",\"url\":\"https:\/\/koningdrone.be\/\",\"logo\":{\"@type\":\"ImageObject\",\"inLanguage\":\"fr-BE\",\"@id\":\"https:\/\/koningdrone.be\/#\/schema\/logo\/image\/\",\"url\":\"https:\/\/koningdrone.be\/wp-content\/uploads\/sites\/13\/2025\/04\/koningdrone-copyright-logo.svg\",\"contentUrl\":\"https:\/\/koningdrone.be\/wp-content\/uploads\/sites\/13\/2025\/04\/koningdrone-copyright-logo.svg\",\"width\":227,\"height\":38,\"caption\":\"Koningdrone.be\"},\"image\":{\"@id\":\"https:\/\/koningdrone.be\/#\/schema\/logo\/image\/\"}}]}<\/script>\n<!-- \/ Yoast SEO Premium plugin. -->","yoast_head_json":{"title":"DJI Matrice 30 - Front Landing Gear - koningdrone.be","robots":{"index":"index","follow":"follow","max-snippet":"max-snippet:-1","max-image-preview":"max-image-preview:large","max-video-preview":"max-video-preview:-1"},"canonical":"https:\/\/koningdrone.be\/fr\/produit\/dji-matrice-30-front-landing-gear\/","og_locale":"fr_FR","og_type":"article","og_title":"DJI Matrice 30 - Front Landing Gear","og_description":"Front Landing Gear voor de DJI Matrice 30","og_url":"https:\/\/koningdrone.be\/fr\/produit\/dji-matrice-30-front-landing-gear\/","og_site_name":"koningdrone.be","article_modified_time":"2026-04-29T03:00:54+00:00","og_image":[{"width":1000,"height":667,"url":"https:\/\/koningdrone.be\/wp-content\/uploads\/sites\/13\/2025\/04\/YC.JG_.ZS001815.03-1.jpg","type":"image\/jpeg"}],"twitter_card":"summary_large_image","schema":{"@context":"https:\/\/schema.org","@graph":[{"@type":"WebPage","@id":"https:\/\/koningdrone.be\/product\/dji-matrice-30-front-landing-gear\/","url":"https:\/\/koningdrone.be\/product\/dji-matrice-30-front-landing-gear\/","name":"DJI Matrice 30 - Front Landing Gear - koningdrone.be","isPartOf":{"@id":"https:\/\/koningdrone.be\/#website"},"primaryImageOfPage":{"@id":"https:\/\/koningdrone.be\/product\/dji-matrice-30-front-landing-gear\/#primaryimage"},"image":{"@id":"https:\/\/koningdrone.be\/product\/dji-matrice-30-front-landing-gear\/#primaryimage"},"thumbnailUrl":"https:\/\/koningdrone.be\/wp-content\/uploads\/sites\/13\/2025\/04\/YC.JG_.ZS001815.03-1.jpg","datePublished":"2023-07-20T08:56:57+00:00","dateModified":"2026-04-29T03:00:54+00:00","breadcrumb":{"@id":"https:\/\/koningdrone.be\/product\/dji-matrice-30-front-landing-gear\/#breadcrumb"},"inLanguage":"fr-BE","potentialAction":[{"@type":"ReadAction","target":["https:\/\/koningdrone.be\/product\/dji-matrice-30-front-landing-gear\/"]}]},{"@type":"ImageObject","inLanguage":"fr-BE","@id":"https:\/\/koningdrone.be\/product\/dji-matrice-30-front-landing-gear\/#primaryimage","url":"https:\/\/koningdrone.be\/wp-content\/uploads\/sites\/13\/2025\/04\/YC.JG_.ZS001815.03-1.jpg","contentUrl":"https:\/\/koningdrone.be\/wp-content\/uploads\/sites\/13\/2025\/04\/YC.JG_.ZS001815.03-1.jpg","width":1000,"height":667},{"@type":"BreadcrumbList","@id":"https:\/\/koningdrone.be\/product\/dji-matrice-30-front-landing-gear\/#breadcrumb","itemListElement":[{"@type":"ListItem","position":1,"name":"Home","item":"https:\/\/koningdrone.be\/"},{"@type":"ListItem","position":2,"name":"AVSS Parachute Recovery System for DJI Matrice 300\/350","item":"https:\/\/koningdrone.be\/product\/avss-parachute-recovery-system-for-dji-matrice-300-350\/"},{"@type":"ListItem","position":3,"name":"Alle producten","item":"https:\/\/koningdrone.be\/categorie\/alle-producten\/"},{"@type":"ListItem","position":4,"name":"DJI Matrice 30 &#8211; Front Landing Gear"}]},{"@type":"WebSite","@id":"https:\/\/koningdrone.be\/#website","url":"https:\/\/koningdrone.be\/","name":"Koningdrone.be - Votre sp\u00e9cialiste en ligne en mati\u00e8re de drones, de cardans, de cam\u00e9ras et de centrales \u00e9lectriques.","description":"La boutique en ligne de drones et de cardans","publisher":{"@id":"https:\/\/koningdrone.be\/#organization"},"potentialAction":[{"@type":"SearchAction","target":{"@type":"EntryPoint","urlTemplate":"https:\/\/koningdrone.be\/?s={search_term_string}"},"query-input":{"@type":"PropertyValueSpecification","valueRequired":true,"valueName":"search_term_string"}}],"inLanguage":"fr-BE"},{"@type":"Organization","@id":"https:\/\/koningdrone.be\/#organization","name":"Kingdrone.co.uk","url":"https:\/\/koningdrone.be\/","logo":{"@type":"ImageObject","inLanguage":"fr-BE","@id":"https:\/\/koningdrone.be\/#\/schema\/logo\/image\/","url":"https:\/\/koningdrone.be\/wp-content\/uploads\/sites\/13\/2025\/04\/koningdrone-copyright-logo.svg","contentUrl":"https:\/\/koningdrone.be\/wp-content\/uploads\/sites\/13\/2025\/04\/koningdrone-copyright-logo.svg","width":227,"height":38,"caption":"Koningdrone.be"},"image":{"@id":"https:\/\/koningdrone.be\/#\/schema\/logo\/image\/"}}]}},"df_price":"","df_sale_price":"","df_regular_price":"","df_image_link":"https:\/\/koningdrone.be\/wp-content\/uploads\/sites\/13\/2025\/04\/YC.JG_.ZS001815.03-1-300x200.jpg","_links":{"self":[{"href":"https:\/\/koningdrone.be\/fr\/wp-json\/wp\/v2\/product\/4398","targetHints":{"allow":["GET"]}}],"collection":[{"href":"https:\/\/koningdrone.be\/fr\/wp-json\/wp\/v2\/product"}],"about":[{"href":"https:\/\/koningdrone.be\/fr\/wp-json\/wp\/v2\/types\/product"}],"wp:featuredmedia":[{"embeddable":true,"href":"https:\/\/koningdrone.be\/fr\/wp-json\/wp\/v2\/media\/4396"}],"wp:attachment":[{"href":"https:\/\/koningdrone.be\/fr\/wp-json\/wp\/v2\/media?parent=4398"}],"wp:term":[{"taxonomy":"product_brand","embeddable":true,"href":"https:\/\/koningdrone.be\/fr\/wp-json\/wp\/v2\/product_brand?post=4398"},{"taxonomy":"product_cat","embeddable":true,"href":"https:\/\/koningdrone.be\/fr\/wp-json\/wp\/v2\/product_cat?post=4398"},{"taxonomy":"product_tag","embeddable":true,"href":"https:\/\/koningdrone.be\/fr\/wp-json\/wp\/v2\/product_tag?post=4398"}],"curies":[{"name":"wp","href":"https:\/\/api.w.org\/{rel}","templated":true}]}}