{"id":4337,"date":"2023-09-26T13:58:56","date_gmt":"2023-09-26T11:58:56","guid":{"rendered":"https:\/\/koningdrone.nl\/kon\/product\/jackery-explorer-3000-pro\/"},"modified":"2026-04-29T14:41:02","modified_gmt":"2026-04-29T12:41:02","slug":"jackery-explorer-3000-pro","status":"publish","type":"product","link":"https:\/\/koningdrone.be\/fr\/produit\/jackery-explorer-3000-pro\/","title":{"rendered":"Jackery Explorer 3000 Pro"},"content":{"rendered":"<p><span style=\"vertical-align: inherit\"><span style=\"vertical-align: inherit\">La Jackery Explorer 3000 Pro est une puissante centrale \u00e9lectrique id\u00e9ale pour alimenter tous vos appareils \u00e9lectroniques. Gr\u00e2ce \u00e0 ses roues int\u00e9gr\u00e9es, elle est facile \u00e0 d\u00e9placer, ce qui la rend parfaite pour les activit\u00e9s de plein air telles que le camping ou les \u00e9v\u00e9nements. La conception est ax\u00e9e sur la s\u00e9curit\u00e9 et prot\u00e8ge contre la surchauffe, la surcharge et les courts-circuits.<\/span><\/span><\/p>\n<p><strong><span style=\"vertical-align: inherit\"><span style=\"vertical-align: inherit\">Caract\u00e9ristiques principales<\/span><\/span><\/strong><\/p>\n<p><span style=\"vertical-align: inherit\"><span style=\"vertical-align: inherit\">Le Jackery utilise 9 capteurs de temp\u00e9rature pour surveiller son \u00e9tat, ce qui lui permet d'ajuster sa ventilation et sa vitesse pour un refroidissement et une vitesse de charge optimaux. Il peut \u00e9galement ralentir lorsqu'il fournit une faible puissance afin de rester aussi silencieux que possible. Avec le Jackery Explorer 3000 Pro, vous \u00eates assur\u00e9 de b\u00e9n\u00e9ficier de la meilleure combinaison d'efficacit\u00e9, de s\u00e9curit\u00e9 et de commodit\u00e9. Les principales caract\u00e9ristiques sont les suivantes :<\/span><\/span><\/p>\n<p><span style=\"vertical-align: inherit\"><span style=\"vertical-align: inherit\">- Grande capacit\u00e9 : 3024Wh peuvent alimenter jusqu'\u00e0 99% d'appareils ext\u00e9rieurs <\/span><\/span><br \/>\n<span style=\"vertical-align: inherit\"><span style=\"vertical-align: inherit\">- Chargement ultra-rapide : charge solaire compl\u00e8te en 3-4 heures et charge murale en 2,4 heures. <\/span><\/span><br \/>\n<span style=\"vertical-align: inherit\"><span style=\"vertical-align: inherit\">- Conception portative : poign\u00e9e de traction et doubles roues pour un transport facile <\/span><\/span><br \/>\n<span style=\"vertical-align: inherit\"><span style=\"vertical-align: inherit\">- Facilit\u00e9 d'acc\u00e8s : contr\u00f4le via une application intelligente <\/span><\/span><br \/>\n<span style=\"vertical-align: inherit\"><span style=\"vertical-align: inherit\">- Compatible avec le froid : Fonctionne \u00e0 des temp\u00e9ratures allant jusqu'\u00e0 -20\u00b0C \/ -4\u00b0F <\/span><\/span><br \/>\n<span style=\"vertical-align: inherit\"><span style=\"vertical-align: inherit\">- Silencieux : Syst\u00e8me de refroidissement unique et silencieux pour une production minimale de bruit <\/span><\/span><br \/>\n<span style=\"vertical-align: inherit\"><span style=\"vertical-align: inherit\">- S\u00e9curit\u00e9 totale : BMS enti\u00e8rement mis \u00e0 niveau pour une protection maximale <\/span><\/span><br \/>\n<span style=\"vertical-align: inherit\"><span style=\"vertical-align: inherit\">- Satisfaction garantie : garantie de 5 ans pour la tranquillit\u00e9 d'esprit<\/span><\/span><\/p>\n<p><span style=\"vertical-align: inherit\"><span style=\"vertical-align: inherit\">Avec le Jackery Explorer 3000 Pro, vous \u00eates assur\u00e9 d'une alimentation \u00e9lectrique fiable dans toutes les situations, en mettant l'accent sur l'efficacit\u00e9, la s\u00e9curit\u00e9 et la portabilit\u00e9.<\/span><\/span><\/p>\n<p>&nbsp;<\/p>","protected":false},"excerpt":{"rendered":"<ul>\n<li>Grande capacit\u00e9 : 3024Wh capable d'alimenter jusqu'\u00e0 99% d'appareils ext\u00e9rieurs<\/li>\n<li>Chargement ultra-rapide : Chargement complet \u00e0 l'\u00e9nergie solaire en 3-4 heures et chargement sur le mur en 2,4 heures<\/li>\n<li>Conception portative : poign\u00e9e de traction et doubles roues<\/li>\n<li>Facile d'acc\u00e8s : contr\u00f4le par application intelligente<\/li>\n<li>Adapt\u00e9 au froid : Fonctionne \u00e0 des temp\u00e9ratures allant jusqu'\u00e0 -20\u00b0C \/-4\u00b0F<\/li>\n<li>Silencieux : syst\u00e8me de refroidissement unique \"silent canyon<\/li>\n<li>La s\u00e9curit\u00e9 sur toute la ligne : BMS enti\u00e8rement mis \u00e0 niveau<\/li>\n<li>Satisfaction garantie : garantie longue de 5 ans<\/li>\n<\/ul>","protected":false},"featured_media":4328,"template":"","meta":{"_acf_changed":false},"product_brand":[],"product_cat":[454,97,415,475,476],"product_tag":[],"class_list":{"0":"post-4337","1":"product","2":"type-product","3":"status-publish","4":"has-post-thumbnail","6":"product_cat-alle-powerstations","7":"product_cat-alle-producten","8":"product_cat-energy","9":"product_cat-jackery","10":"product_cat-jackery-powerstations","11":"product_shipping_class-outofstock","12":"pa_brand-jackery","13":"pa_capaciteit-301-1100-wh","14":"pa_productfamily-power-station","15":"pa_producttype-power-station","16":"pa_series-explorer","17":"pa_type-batterij-li-ion-nmc","19":"first","20":"outofstock","21":"taxable","22":"shipping-taxable","23":"product-type-simple"},"acf":[],"yoast_head":"<!-- This site is optimized with the Yoast SEO Premium plugin v27.2 (Yoast SEO v27.2) - https:\/\/yoast.com\/product\/yoast-seo-premium-wordpress\/ -->\n<title>Jackery Explorer 3000 Pro - koningdrone.be<\/title>\n<meta name=\"robots\" content=\"index, follow, max-snippet:-1, max-image-preview:large, max-video-preview:-1\" \/>\n<link rel=\"canonical\" href=\"https:\/\/koningdrone.be\/fr\/produit\/jackery-explorer-3000-pro\/\" \/>\n<meta property=\"og:locale\" content=\"fr_FR\" \/>\n<meta property=\"og:type\" content=\"article\" \/>\n<meta property=\"og:title\" content=\"Jackery Explorer 3000 Pro\" \/>\n<meta property=\"og:description\" content=\"Grote capaciteit: 3024Wh die tot 99% van de apparaten buitenshuis van stroom kan voorzien  Ultrasnel opladen: Volledig opgeladen op zonne-energie in 3-4 uur en opgeladen aan de muur in 2,4 uur  Draagbaar ontwerp: Trekstang en dubbele wielen  Gemakkelijk toegankelijk: Slimme app-bediening  Koudvriendelijk: Functioneel bij temperaturen tot -20\u00b0C \/-4\u00b0F  Stil: Uniek stil canyon koelsysteem  Veiligheid rondom: Volledig ge\u00fcpgraded BMS  Gegarandeerde tevredenheid: 5 jaar lange garantie\" \/>\n<meta property=\"og:url\" content=\"https:\/\/koningdrone.be\/fr\/produit\/jackery-explorer-3000-pro\/\" \/>\n<meta property=\"og:site_name\" content=\"koningdrone.be\" \/>\n<meta property=\"article:modified_time\" content=\"2026-04-29T12:41:02+00:00\" \/>\n<meta property=\"og:image\" content=\"https:\/\/koningdrone.be\/wp-content\/uploads\/sites\/13\/2025\/04\/Jackery-explorer-3000-pro.webp\" \/>\n\t<meta property=\"og:image:width\" content=\"919\" \/>\n\t<meta property=\"og:image:height\" content=\"876\" \/>\n\t<meta property=\"og:image:type\" content=\"image\/webp\" \/>\n<meta name=\"twitter:card\" content=\"summary_large_image\" \/>\n<meta name=\"twitter:label1\" content=\"Dur\u00e9e de lecture est.\" \/>\n\t<meta name=\"twitter:data1\" content=\"1 minute\" \/>\n<script type=\"application\/ld+json\" class=\"yoast-schema-graph\">{\"@context\":\"https:\/\/schema.org\",\"@graph\":[{\"@type\":\"WebPage\",\"@id\":\"https:\/\/koningdrone.be\/product\/jackery-explorer-3000-pro\/\",\"url\":\"https:\/\/koningdrone.be\/product\/jackery-explorer-3000-pro\/\",\"name\":\"Jackery Explorer 3000 Pro - koningdrone.be\",\"isPartOf\":{\"@id\":\"https:\/\/koningdrone.be\/#website\"},\"primaryImageOfPage\":{\"@id\":\"https:\/\/koningdrone.be\/product\/jackery-explorer-3000-pro\/#primaryimage\"},\"image\":{\"@id\":\"https:\/\/koningdrone.be\/product\/jackery-explorer-3000-pro\/#primaryimage\"},\"thumbnailUrl\":\"https:\/\/koningdrone.be\/wp-content\/uploads\/sites\/13\/2025\/04\/Jackery-explorer-3000-pro.webp\",\"datePublished\":\"2023-09-26T11:58:56+00:00\",\"dateModified\":\"2026-04-29T12:41:02+00:00\",\"breadcrumb\":{\"@id\":\"https:\/\/koningdrone.be\/product\/jackery-explorer-3000-pro\/#breadcrumb\"},\"inLanguage\":\"fr-BE\",\"potentialAction\":[{\"@type\":\"ReadAction\",\"target\":[\"https:\/\/koningdrone.be\/product\/jackery-explorer-3000-pro\/\"]}]},{\"@type\":\"ImageObject\",\"inLanguage\":\"fr-BE\",\"@id\":\"https:\/\/koningdrone.be\/product\/jackery-explorer-3000-pro\/#primaryimage\",\"url\":\"https:\/\/koningdrone.be\/wp-content\/uploads\/sites\/13\/2025\/04\/Jackery-explorer-3000-pro.webp\",\"contentUrl\":\"https:\/\/koningdrone.be\/wp-content\/uploads\/sites\/13\/2025\/04\/Jackery-explorer-3000-pro.webp\",\"width\":919,\"height\":876},{\"@type\":\"BreadcrumbList\",\"@id\":\"https:\/\/koningdrone.be\/product\/jackery-explorer-3000-pro\/#breadcrumb\",\"itemListElement\":[{\"@type\":\"ListItem\",\"position\":1,\"name\":\"Home\",\"item\":\"https:\/\/koningdrone.be\/\"},{\"@type\":\"ListItem\",\"position\":2,\"name\":\"AVSS Parachute Recovery System for DJI Matrice 300\/350\",\"item\":\"https:\/\/koningdrone.be\/product\/avss-parachute-recovery-system-for-dji-matrice-300-350\/\"},{\"@type\":\"ListItem\",\"position\":3,\"name\":\"Alle powerstations\",\"item\":\"https:\/\/koningdrone.be\/categorie\/alle-powerstations\/\"},{\"@type\":\"ListItem\",\"position\":4,\"name\":\"Jackery Explorer 3000 Pro\"}]},{\"@type\":\"WebSite\",\"@id\":\"https:\/\/koningdrone.be\/#website\",\"url\":\"https:\/\/koningdrone.be\/\",\"name\":\"Koningdrone.be - Uw online specialist in drones, gimbals, camera's en power stations.\",\"description\":\"De webshop in drones en gimbals\",\"publisher\":{\"@id\":\"https:\/\/koningdrone.be\/#organization\"},\"potentialAction\":[{\"@type\":\"SearchAction\",\"target\":{\"@type\":\"EntryPoint\",\"urlTemplate\":\"https:\/\/koningdrone.be\/?s={search_term_string}\"},\"query-input\":{\"@type\":\"PropertyValueSpecification\",\"valueRequired\":true,\"valueName\":\"search_term_string\"}}],\"inLanguage\":\"fr-BE\"},{\"@type\":\"Organization\",\"@id\":\"https:\/\/koningdrone.be\/#organization\",\"name\":\"Koningdrone.be\",\"url\":\"https:\/\/koningdrone.be\/\",\"logo\":{\"@type\":\"ImageObject\",\"inLanguage\":\"fr-BE\",\"@id\":\"https:\/\/koningdrone.be\/#\/schema\/logo\/image\/\",\"url\":\"https:\/\/koningdrone.be\/wp-content\/uploads\/sites\/13\/2025\/04\/koningdrone-copyright-logo.svg\",\"contentUrl\":\"https:\/\/koningdrone.be\/wp-content\/uploads\/sites\/13\/2025\/04\/koningdrone-copyright-logo.svg\",\"width\":227,\"height\":38,\"caption\":\"Koningdrone.be\"},\"image\":{\"@id\":\"https:\/\/koningdrone.be\/#\/schema\/logo\/image\/\"}}]}<\/script>\n<!-- \/ Yoast SEO Premium plugin. -->","yoast_head_json":{"title":"Jackery Explorer 3000 Pro - koningdrone.be","robots":{"index":"index","follow":"follow","max-snippet":"max-snippet:-1","max-image-preview":"max-image-preview:large","max-video-preview":"max-video-preview:-1"},"canonical":"https:\/\/koningdrone.be\/fr\/produit\/jackery-explorer-3000-pro\/","og_locale":"fr_FR","og_type":"article","og_title":"Jackery Explorer 3000 Pro","og_description":"Grote capaciteit: 3024Wh die tot 99% van de apparaten buitenshuis van stroom kan voorzien  Ultrasnel opladen: Volledig opgeladen op zonne-energie in 3-4 uur en opgeladen aan de muur in 2,4 uur  Draagbaar ontwerp: Trekstang en dubbele wielen  Gemakkelijk toegankelijk: Slimme app-bediening  Koudvriendelijk: Functioneel bij temperaturen tot -20\u00b0C \/-4\u00b0F  Stil: Uniek stil canyon koelsysteem  Veiligheid rondom: Volledig ge\u00fcpgraded BMS  Gegarandeerde tevredenheid: 5 jaar lange garantie","og_url":"https:\/\/koningdrone.be\/fr\/produit\/jackery-explorer-3000-pro\/","og_site_name":"koningdrone.be","article_modified_time":"2026-04-29T12:41:02+00:00","og_image":[{"width":919,"height":876,"url":"https:\/\/koningdrone.be\/wp-content\/uploads\/sites\/13\/2025\/04\/Jackery-explorer-3000-pro.webp","type":"image\/webp"}],"twitter_card":"summary_large_image","twitter_misc":{"Dur\u00e9e de lecture est.":"1 minute"},"schema":{"@context":"https:\/\/schema.org","@graph":[{"@type":"WebPage","@id":"https:\/\/koningdrone.be\/product\/jackery-explorer-3000-pro\/","url":"https:\/\/koningdrone.be\/product\/jackery-explorer-3000-pro\/","name":"Jackery Explorer 3000 Pro - koningdrone.be","isPartOf":{"@id":"https:\/\/koningdrone.be\/#website"},"primaryImageOfPage":{"@id":"https:\/\/koningdrone.be\/product\/jackery-explorer-3000-pro\/#primaryimage"},"image":{"@id":"https:\/\/koningdrone.be\/product\/jackery-explorer-3000-pro\/#primaryimage"},"thumbnailUrl":"https:\/\/koningdrone.be\/wp-content\/uploads\/sites\/13\/2025\/04\/Jackery-explorer-3000-pro.webp","datePublished":"2023-09-26T11:58:56+00:00","dateModified":"2026-04-29T12:41:02+00:00","breadcrumb":{"@id":"https:\/\/koningdrone.be\/product\/jackery-explorer-3000-pro\/#breadcrumb"},"inLanguage":"fr-BE","potentialAction":[{"@type":"ReadAction","target":["https:\/\/koningdrone.be\/product\/jackery-explorer-3000-pro\/"]}]},{"@type":"ImageObject","inLanguage":"fr-BE","@id":"https:\/\/koningdrone.be\/product\/jackery-explorer-3000-pro\/#primaryimage","url":"https:\/\/koningdrone.be\/wp-content\/uploads\/sites\/13\/2025\/04\/Jackery-explorer-3000-pro.webp","contentUrl":"https:\/\/koningdrone.be\/wp-content\/uploads\/sites\/13\/2025\/04\/Jackery-explorer-3000-pro.webp","width":919,"height":876},{"@type":"BreadcrumbList","@id":"https:\/\/koningdrone.be\/product\/jackery-explorer-3000-pro\/#breadcrumb","itemListElement":[{"@type":"ListItem","position":1,"name":"Home","item":"https:\/\/koningdrone.be\/"},{"@type":"ListItem","position":2,"name":"AVSS Parachute Recovery System for DJI Matrice 300\/350","item":"https:\/\/koningdrone.be\/product\/avss-parachute-recovery-system-for-dji-matrice-300-350\/"},{"@type":"ListItem","position":3,"name":"Alle powerstations","item":"https:\/\/koningdrone.be\/categorie\/alle-powerstations\/"},{"@type":"ListItem","position":4,"name":"Jackery Explorer 3000 Pro"}]},{"@type":"WebSite","@id":"https:\/\/koningdrone.be\/#website","url":"https:\/\/koningdrone.be\/","name":"Koningdrone.be - Votre sp\u00e9cialiste en ligne en mati\u00e8re de drones, de cardans, de cam\u00e9ras et de centrales \u00e9lectriques.","description":"La boutique en ligne de drones et de cardans","publisher":{"@id":"https:\/\/koningdrone.be\/#organization"},"potentialAction":[{"@type":"SearchAction","target":{"@type":"EntryPoint","urlTemplate":"https:\/\/koningdrone.be\/?s={search_term_string}"},"query-input":{"@type":"PropertyValueSpecification","valueRequired":true,"valueName":"search_term_string"}}],"inLanguage":"fr-BE"},{"@type":"Organization","@id":"https:\/\/koningdrone.be\/#organization","name":"Kingdrone.co.uk","url":"https:\/\/koningdrone.be\/","logo":{"@type":"ImageObject","inLanguage":"fr-BE","@id":"https:\/\/koningdrone.be\/#\/schema\/logo\/image\/","url":"https:\/\/koningdrone.be\/wp-content\/uploads\/sites\/13\/2025\/04\/koningdrone-copyright-logo.svg","contentUrl":"https:\/\/koningdrone.be\/wp-content\/uploads\/sites\/13\/2025\/04\/koningdrone-copyright-logo.svg","width":227,"height":38,"caption":"Koningdrone.be"},"image":{"@id":"https:\/\/koningdrone.be\/#\/schema\/logo\/image\/"}}]}},"df_price":"","df_sale_price":"","df_regular_price":"","df_image_link":"https:\/\/koningdrone.be\/wp-content\/uploads\/sites\/13\/2025\/04\/Jackery-explorer-3000-pro-300x286.webp","_links":{"self":[{"href":"https:\/\/koningdrone.be\/fr\/wp-json\/wp\/v2\/product\/4337","targetHints":{"allow":["GET"]}}],"collection":[{"href":"https:\/\/koningdrone.be\/fr\/wp-json\/wp\/v2\/product"}],"about":[{"href":"https:\/\/koningdrone.be\/fr\/wp-json\/wp\/v2\/types\/product"}],"wp:featuredmedia":[{"embeddable":true,"href":"https:\/\/koningdrone.be\/fr\/wp-json\/wp\/v2\/media\/4328"}],"wp:attachment":[{"href":"https:\/\/koningdrone.be\/fr\/wp-json\/wp\/v2\/media?parent=4337"}],"wp:term":[{"taxonomy":"product_brand","embeddable":true,"href":"https:\/\/koningdrone.be\/fr\/wp-json\/wp\/v2\/product_brand?post=4337"},{"taxonomy":"product_cat","embeddable":true,"href":"https:\/\/koningdrone.be\/fr\/wp-json\/wp\/v2\/product_cat?post=4337"},{"taxonomy":"product_tag","embeddable":true,"href":"https:\/\/koningdrone.be\/fr\/wp-json\/wp\/v2\/product_tag?post=4337"}],"curies":[{"name":"wp","href":"https:\/\/api.w.org\/{rel}","templated":true}]}}