{"id":4327,"date":"2023-09-26T14:07:24","date_gmt":"2023-09-26T12:07:24","guid":{"rendered":"https:\/\/koningdrone.nl\/kon\/product\/jackery-2000-plus-battery-pack\/"},"modified":"2026-04-29T14:50:02","modified_gmt":"2026-04-29T12:50:02","slug":"jackery-2000-plus-battery-pack","status":"publish","type":"product","link":"https:\/\/koningdrone.be\/fr\/produit\/jackery-2000-plus-battery-pack\/","title":{"rendered":"Pack batterie Jackery 2000 Plus"},"content":{"rendered":"<p><span style=\"vertical-align: inherit\"><span style=\"vertical-align: inherit\">Le Jackery Battery Pack 2000 Plus vous permet d'augmenter la capacit\u00e9 de la batterie du Jackery Explorer 2000 Plus de 2 kWh \u00e0 24 kWh. Ce bloc-batterie est id\u00e9al pour vivre hors r\u00e9seau et pour fournir de l'\u00e9nergie pendant les pannes de courant prolong\u00e9es et les coupures d'\u00e9lectricit\u00e9. L'Explorer 2000 Plus \u00e9tant rechargeable \u00e0 l'aide de panneaux solaires, vous ne serez jamais d\u00e9pendant du r\u00e9seau \u00e9lectrique en cas de coupure de courant.<\/span><\/span><\/p>\n<p><strong><span style=\"vertical-align: inherit\"><span style=\"vertical-align: inherit\">Caract\u00e9ristiques principales<\/span><\/span><\/strong><\/p>\n<p><span style=\"vertical-align: inherit\"><span style=\"vertical-align: inherit\">- Grande capacit\u00e9 de 2042,8 Wh<\/span><\/span><\/p>\n<p>&nbsp;<\/p>\n<p><span style=\"vertical-align: inherit\"><span style=\"vertical-align: inherit\">- Compatible avec le Jackery Explorer 2000 Plus<\/span><\/span><\/p>\n<p>&nbsp;<\/p>\n<p><span style=\"vertical-align: inherit\"><span style=\"vertical-align: inherit\">- Chargement solaire r\u00e9volutionnaire pour une batterie extensible<\/span><\/span><\/p>\n<p>&nbsp;<\/p>\n<p><span style=\"vertical-align: inherit\"><span style=\"vertical-align: inherit\">- Chargement solaire en 2 heures (avec SolarSaga 200 WX 6 pi\u00e8ces)<\/span><\/span><\/p>\n<p>&nbsp;<\/p>\n<p><span style=\"vertical-align: inherit\"><span style=\"vertical-align: inherit\">- BMS intelligent avec 12 couches de protection<\/span><\/span><\/p>\n<p>&nbsp;<\/p>\n<p><span style=\"vertical-align: inherit\"><span style=\"vertical-align: inherit\">- Garantie compl\u00e8te de 5 ans apr\u00e8s l'enregistrement en ligne<\/span><\/span><\/p>\n<p>&nbsp;<\/p>\n<p><span style=\"vertical-align: inherit\"><span style=\"vertical-align: inherit\">- Batterie LiFePO4 s\u00fbre<\/span><\/span><\/p>\n<p>&nbsp;<\/p>","protected":false},"excerpt":{"rendered":"<ul>\n<li><span style=\"vertical-align: inherit\"><span style=\"vertical-align: inherit\">2042.8Wh grande capacit\u00e9<\/span><\/span><\/li>\n<li><span style=\"vertical-align: inherit\"><span style=\"vertical-align: inherit\">Compatible avec Jackery Explorer 2000 Plus<\/span><\/span><\/li>\n<li><span style=\"vertical-align: inherit\"><span style=\"vertical-align: inherit\">Chargement solaire r\u00e9volutionnaire pour une batterie extensible<\/span><\/span><\/li>\n<li><span style=\"vertical-align: inherit\"><span style=\"vertical-align: inherit\">Chargement solaire en 2 heures (SolarSaga 200 WX 6pcs) BMS intelligent avec 12 couches de protection<\/span><\/span><\/li>\n<li><span style=\"vertical-align: inherit\"><span style=\"vertical-align: inherit\">Garantie compl\u00e8te de 5 ans, apr\u00e8s enregistrement en ligne<\/span><\/span><\/li>\n<li><span style=\"vertical-align: inherit\"><span style=\"vertical-align: inherit\">Batterie LiFePO4 s\u00fbre<\/span><\/span><\/li>\n<\/ul>","protected":false},"featured_media":4323,"template":"","meta":{"_acf_changed":false},"product_brand":[],"product_cat":[454,97,415,475,476],"product_tag":[],"class_list":{"0":"post-4327","1":"product","2":"type-product","3":"status-publish","4":"has-post-thumbnail","6":"product_cat-alle-powerstations","7":"product_cat-alle-producten","8":"product_cat-energy","9":"product_cat-jackery","10":"product_cat-jackery-powerstations","11":"product_shipping_class-outofstock","12":"pa_brand-jackery","13":"pa_capaciteit-301-1100-wh","14":"pa_productfamily-power-station","15":"pa_producttype-power-station","16":"pa_series-explorer","17":"pa_type-batterij-li-ion-nmc","19":"first","20":"outofstock","21":"taxable","22":"shipping-taxable","23":"product-type-simple"},"acf":[],"yoast_head":"<!-- This site is optimized with the Yoast SEO Premium plugin v27.2 (Yoast SEO v27.2) - https:\/\/yoast.com\/product\/yoast-seo-premium-wordpress\/ -->\n<title>Jackery 2000 Plus Battery Pack - koningdrone.be<\/title>\n<meta name=\"robots\" content=\"index, follow, max-snippet:-1, max-image-preview:large, max-video-preview:-1\" \/>\n<link rel=\"canonical\" href=\"https:\/\/koningdrone.be\/fr\/produit\/jackery-2000-plus-battery-pack\/\" \/>\n<meta property=\"og:locale\" content=\"fr_FR\" \/>\n<meta property=\"og:type\" content=\"article\" \/>\n<meta property=\"og:title\" content=\"Jackery 2000 Plus Battery Pack\" \/>\n<meta property=\"og:description\" content=\"2042.8Wh large capacity  Compatible with Jackery Explorer 2000 Plus  Groundbreaking solar charging for expandable battery  Solar Charging in 2 Hours (SolarSaga 200 WX 6pcs) Intelligent BMS with 12 layers of protection  5 year full warranty, after online registration  Safe LiFePO4 battery\" \/>\n<meta property=\"og:url\" content=\"https:\/\/koningdrone.be\/fr\/produit\/jackery-2000-plus-battery-pack\/\" \/>\n<meta property=\"og:site_name\" content=\"koningdrone.be\" \/>\n<meta property=\"article:modified_time\" content=\"2026-04-29T12:50:02+00:00\" \/>\n<meta property=\"og:image\" content=\"https:\/\/koningdrone.be\/wp-content\/uploads\/sites\/13\/2025\/04\/7b0640d5f36cf09433587db1c1463a82.webp\" \/>\n\t<meta property=\"og:image:width\" content=\"2000\" \/>\n\t<meta property=\"og:image:height\" content=\"2000\" \/>\n\t<meta property=\"og:image:type\" content=\"image\/webp\" \/>\n<meta name=\"twitter:card\" content=\"summary_large_image\" \/>\n<meta name=\"twitter:label1\" content=\"Dur\u00e9e de lecture est.\" \/>\n\t<meta name=\"twitter:data1\" content=\"1 minute\" \/>\n<script type=\"application\/ld+json\" class=\"yoast-schema-graph\">{\"@context\":\"https:\/\/schema.org\",\"@graph\":[{\"@type\":\"WebPage\",\"@id\":\"https:\/\/koningdrone.be\/product\/jackery-2000-plus-battery-pack\/\",\"url\":\"https:\/\/koningdrone.be\/product\/jackery-2000-plus-battery-pack\/\",\"name\":\"Jackery 2000 Plus Battery Pack - koningdrone.be\",\"isPartOf\":{\"@id\":\"https:\/\/koningdrone.be\/#website\"},\"primaryImageOfPage\":{\"@id\":\"https:\/\/koningdrone.be\/product\/jackery-2000-plus-battery-pack\/#primaryimage\"},\"image\":{\"@id\":\"https:\/\/koningdrone.be\/product\/jackery-2000-plus-battery-pack\/#primaryimage\"},\"thumbnailUrl\":\"https:\/\/koningdrone.be\/wp-content\/uploads\/sites\/13\/2025\/04\/7b0640d5f36cf09433587db1c1463a82.webp\",\"datePublished\":\"2023-09-26T12:07:24+00:00\",\"dateModified\":\"2026-04-29T12:50:02+00:00\",\"breadcrumb\":{\"@id\":\"https:\/\/koningdrone.be\/product\/jackery-2000-plus-battery-pack\/#breadcrumb\"},\"inLanguage\":\"fr-BE\",\"potentialAction\":[{\"@type\":\"ReadAction\",\"target\":[\"https:\/\/koningdrone.be\/product\/jackery-2000-plus-battery-pack\/\"]}]},{\"@type\":\"ImageObject\",\"inLanguage\":\"fr-BE\",\"@id\":\"https:\/\/koningdrone.be\/product\/jackery-2000-plus-battery-pack\/#primaryimage\",\"url\":\"https:\/\/koningdrone.be\/wp-content\/uploads\/sites\/13\/2025\/04\/7b0640d5f36cf09433587db1c1463a82.webp\",\"contentUrl\":\"https:\/\/koningdrone.be\/wp-content\/uploads\/sites\/13\/2025\/04\/7b0640d5f36cf09433587db1c1463a82.webp\",\"width\":2000,\"height\":2000},{\"@type\":\"BreadcrumbList\",\"@id\":\"https:\/\/koningdrone.be\/product\/jackery-2000-plus-battery-pack\/#breadcrumb\",\"itemListElement\":[{\"@type\":\"ListItem\",\"position\":1,\"name\":\"Home\",\"item\":\"https:\/\/koningdrone.be\/\"},{\"@type\":\"ListItem\",\"position\":2,\"name\":\"AVSS Parachute Recovery System for DJI Matrice 300\/350\",\"item\":\"https:\/\/koningdrone.be\/product\/avss-parachute-recovery-system-for-dji-matrice-300-350\/\"},{\"@type\":\"ListItem\",\"position\":3,\"name\":\"Alle powerstations\",\"item\":\"https:\/\/koningdrone.be\/categorie\/alle-powerstations\/\"},{\"@type\":\"ListItem\",\"position\":4,\"name\":\"Jackery 2000 Plus Battery Pack\"}]},{\"@type\":\"WebSite\",\"@id\":\"https:\/\/koningdrone.be\/#website\",\"url\":\"https:\/\/koningdrone.be\/\",\"name\":\"Koningdrone.be - Uw online specialist in drones, gimbals, camera's en power stations.\",\"description\":\"De webshop in drones en gimbals\",\"publisher\":{\"@id\":\"https:\/\/koningdrone.be\/#organization\"},\"potentialAction\":[{\"@type\":\"SearchAction\",\"target\":{\"@type\":\"EntryPoint\",\"urlTemplate\":\"https:\/\/koningdrone.be\/?s={search_term_string}\"},\"query-input\":{\"@type\":\"PropertyValueSpecification\",\"valueRequired\":true,\"valueName\":\"search_term_string\"}}],\"inLanguage\":\"fr-BE\"},{\"@type\":\"Organization\",\"@id\":\"https:\/\/koningdrone.be\/#organization\",\"name\":\"Koningdrone.be\",\"url\":\"https:\/\/koningdrone.be\/\",\"logo\":{\"@type\":\"ImageObject\",\"inLanguage\":\"fr-BE\",\"@id\":\"https:\/\/koningdrone.be\/#\/schema\/logo\/image\/\",\"url\":\"https:\/\/koningdrone.be\/wp-content\/uploads\/sites\/13\/2025\/04\/koningdrone-copyright-logo.svg\",\"contentUrl\":\"https:\/\/koningdrone.be\/wp-content\/uploads\/sites\/13\/2025\/04\/koningdrone-copyright-logo.svg\",\"width\":227,\"height\":38,\"caption\":\"Koningdrone.be\"},\"image\":{\"@id\":\"https:\/\/koningdrone.be\/#\/schema\/logo\/image\/\"}}]}<\/script>\n<!-- \/ Yoast SEO Premium plugin. -->","yoast_head_json":{"title":"Jackery 2000 Plus Battery Pack - koningdrone.be","robots":{"index":"index","follow":"follow","max-snippet":"max-snippet:-1","max-image-preview":"max-image-preview:large","max-video-preview":"max-video-preview:-1"},"canonical":"https:\/\/koningdrone.be\/fr\/produit\/jackery-2000-plus-battery-pack\/","og_locale":"fr_FR","og_type":"article","og_title":"Jackery 2000 Plus Battery Pack","og_description":"2042.8Wh large capacity  Compatible with Jackery Explorer 2000 Plus  Groundbreaking solar charging for expandable battery  Solar Charging in 2 Hours (SolarSaga 200 WX 6pcs) Intelligent BMS with 12 layers of protection  5 year full warranty, after online registration  Safe LiFePO4 battery","og_url":"https:\/\/koningdrone.be\/fr\/produit\/jackery-2000-plus-battery-pack\/","og_site_name":"koningdrone.be","article_modified_time":"2026-04-29T12:50:02+00:00","og_image":[{"width":2000,"height":2000,"url":"https:\/\/koningdrone.be\/wp-content\/uploads\/sites\/13\/2025\/04\/7b0640d5f36cf09433587db1c1463a82.webp","type":"image\/webp"}],"twitter_card":"summary_large_image","twitter_misc":{"Dur\u00e9e de lecture est.":"1 minute"},"schema":{"@context":"https:\/\/schema.org","@graph":[{"@type":"WebPage","@id":"https:\/\/koningdrone.be\/product\/jackery-2000-plus-battery-pack\/","url":"https:\/\/koningdrone.be\/product\/jackery-2000-plus-battery-pack\/","name":"Jackery 2000 Plus Battery Pack - koningdrone.be","isPartOf":{"@id":"https:\/\/koningdrone.be\/#website"},"primaryImageOfPage":{"@id":"https:\/\/koningdrone.be\/product\/jackery-2000-plus-battery-pack\/#primaryimage"},"image":{"@id":"https:\/\/koningdrone.be\/product\/jackery-2000-plus-battery-pack\/#primaryimage"},"thumbnailUrl":"https:\/\/koningdrone.be\/wp-content\/uploads\/sites\/13\/2025\/04\/7b0640d5f36cf09433587db1c1463a82.webp","datePublished":"2023-09-26T12:07:24+00:00","dateModified":"2026-04-29T12:50:02+00:00","breadcrumb":{"@id":"https:\/\/koningdrone.be\/product\/jackery-2000-plus-battery-pack\/#breadcrumb"},"inLanguage":"fr-BE","potentialAction":[{"@type":"ReadAction","target":["https:\/\/koningdrone.be\/product\/jackery-2000-plus-battery-pack\/"]}]},{"@type":"ImageObject","inLanguage":"fr-BE","@id":"https:\/\/koningdrone.be\/product\/jackery-2000-plus-battery-pack\/#primaryimage","url":"https:\/\/koningdrone.be\/wp-content\/uploads\/sites\/13\/2025\/04\/7b0640d5f36cf09433587db1c1463a82.webp","contentUrl":"https:\/\/koningdrone.be\/wp-content\/uploads\/sites\/13\/2025\/04\/7b0640d5f36cf09433587db1c1463a82.webp","width":2000,"height":2000},{"@type":"BreadcrumbList","@id":"https:\/\/koningdrone.be\/product\/jackery-2000-plus-battery-pack\/#breadcrumb","itemListElement":[{"@type":"ListItem","position":1,"name":"Home","item":"https:\/\/koningdrone.be\/"},{"@type":"ListItem","position":2,"name":"AVSS Parachute Recovery System for DJI Matrice 300\/350","item":"https:\/\/koningdrone.be\/product\/avss-parachute-recovery-system-for-dji-matrice-300-350\/"},{"@type":"ListItem","position":3,"name":"Alle powerstations","item":"https:\/\/koningdrone.be\/categorie\/alle-powerstations\/"},{"@type":"ListItem","position":4,"name":"Jackery 2000 Plus Battery Pack"}]},{"@type":"WebSite","@id":"https:\/\/koningdrone.be\/#website","url":"https:\/\/koningdrone.be\/","name":"Koningdrone.be - Votre sp\u00e9cialiste en ligne en mati\u00e8re de drones, de cardans, de cam\u00e9ras et de centrales \u00e9lectriques.","description":"La boutique en ligne de drones et de cardans","publisher":{"@id":"https:\/\/koningdrone.be\/#organization"},"potentialAction":[{"@type":"SearchAction","target":{"@type":"EntryPoint","urlTemplate":"https:\/\/koningdrone.be\/?s={search_term_string}"},"query-input":{"@type":"PropertyValueSpecification","valueRequired":true,"valueName":"search_term_string"}}],"inLanguage":"fr-BE"},{"@type":"Organization","@id":"https:\/\/koningdrone.be\/#organization","name":"Kingdrone.co.uk","url":"https:\/\/koningdrone.be\/","logo":{"@type":"ImageObject","inLanguage":"fr-BE","@id":"https:\/\/koningdrone.be\/#\/schema\/logo\/image\/","url":"https:\/\/koningdrone.be\/wp-content\/uploads\/sites\/13\/2025\/04\/koningdrone-copyright-logo.svg","contentUrl":"https:\/\/koningdrone.be\/wp-content\/uploads\/sites\/13\/2025\/04\/koningdrone-copyright-logo.svg","width":227,"height":38,"caption":"Koningdrone.be"},"image":{"@id":"https:\/\/koningdrone.be\/#\/schema\/logo\/image\/"}}]}},"df_price":"","df_sale_price":"","df_regular_price":"","df_image_link":"https:\/\/koningdrone.be\/wp-content\/uploads\/sites\/13\/2025\/04\/7b0640d5f36cf09433587db1c1463a82-300x300.webp","_links":{"self":[{"href":"https:\/\/koningdrone.be\/fr\/wp-json\/wp\/v2\/product\/4327","targetHints":{"allow":["GET"]}}],"collection":[{"href":"https:\/\/koningdrone.be\/fr\/wp-json\/wp\/v2\/product"}],"about":[{"href":"https:\/\/koningdrone.be\/fr\/wp-json\/wp\/v2\/types\/product"}],"wp:featuredmedia":[{"embeddable":true,"href":"https:\/\/koningdrone.be\/fr\/wp-json\/wp\/v2\/media\/4323"}],"wp:attachment":[{"href":"https:\/\/koningdrone.be\/fr\/wp-json\/wp\/v2\/media?parent=4327"}],"wp:term":[{"taxonomy":"product_brand","embeddable":true,"href":"https:\/\/koningdrone.be\/fr\/wp-json\/wp\/v2\/product_brand?post=4327"},{"taxonomy":"product_cat","embeddable":true,"href":"https:\/\/koningdrone.be\/fr\/wp-json\/wp\/v2\/product_cat?post=4327"},{"taxonomy":"product_tag","embeddable":true,"href":"https:\/\/koningdrone.be\/fr\/wp-json\/wp\/v2\/product_tag?post=4327"}],"curies":[{"name":"wp","href":"https:\/\/api.w.org\/{rel}","templated":true}]}}