{"id":4304,"date":"2023-09-27T09:31:15","date_gmt":"2023-09-27T07:31:15","guid":{"rendered":"https:\/\/koningdrone.nl\/kon\/product\/jackery-solarsaga-80-zonnepaneel-80w\/"},"modified":"2026-04-29T14:50:09","modified_gmt":"2026-04-29T12:50:09","slug":"jackery-solarsaga-80-zonnepaneel-80w","status":"publish","type":"product","link":"https:\/\/koningdrone.be\/fr\/produit\/jackery-solarsaga-80-zonnepaneel-80w\/","title":{"rendered":"Jackery SolarSaga 80 Panneau solaire 80W"},"content":{"rendered":"<h1>Jackery SolarSaga 80 Panneau solaire 80W<\/h1>\n<p>Le Jackery SolarSaga 80W est un panneau solaire portable qui convertit l'\u00e9nergie solaire en \u00e9nergie renouvelable. Le panneau est con\u00e7u avec un verre blanc suppl\u00e9mentaire sur le panneau arri\u00e8re, ce qui augmente l'efficacit\u00e9 de conversion \u00e0 25%. Ce panneau convient parfaitement aux activit\u00e9s de plein air et aux pannes de courant.<\/p>\n<p>Le panneau ne pesant que 4,5 kg, vous pouvez facilement l'emporter partout. Il est l\u00e9ger, \u00e9tanche selon la norme IP68 et dot\u00e9 d'une poign\u00e9e facile \u00e0 transporter. Il est \u00e9galement dot\u00e9 de pare-chocs en caoutchouc \u00e0 chaque coin, ce qui permet d'\u00e9viter les dommages accidentels pendant le transport.<\/p>","protected":false},"excerpt":{"rendered":"<ul>\n<li>Rendement de conversion ultra-solaire de 25%<\/li>\n<li>Panneaux double face am\u00e9lior\u00e9s<\/li>\n<li>Indice d'\u00e9tanch\u00e9it\u00e9 IP68<\/li>\n<li>Compatibilit\u00e9 \u00e9tendue avec tous les produits Jackery<\/li>\n<li>\u2019Les premiers modules photovolta\u00efques (PV) grand public au monde certifi\u00e9s par T\u00dcV S\u00dcD<\/li>\n<\/ul>","protected":false},"featured_media":4300,"template":"","meta":{"_acf_changed":false},"product_brand":[],"product_cat":[97,415,475,198],"product_tag":[],"class_list":{"0":"post-4304","1":"product","2":"type-product","3":"status-publish","4":"has-post-thumbnail","6":"product_cat-alle-producten","7":"product_cat-energy","8":"product_cat-jackery","9":"product_cat-zonnepanelen","10":"product_shipping_class-outofstock","11":"pa_brand-jackery","12":"pa_productfamily-zonnepaneel","13":"pa_producttype-zonnepaneel","14":"pa_series-jackery","16":"first","17":"outofstock","18":"taxable","19":"shipping-taxable","20":"product-type-simple"},"acf":[],"yoast_head":"<!-- This site is optimized with the Yoast SEO Premium plugin v27.2 (Yoast SEO v27.2) - https:\/\/yoast.com\/product\/yoast-seo-premium-wordpress\/ -->\n<title>Jackery SolarSaga 80 Zonnepaneel 80W - koningdrone.be<\/title>\n<meta name=\"robots\" content=\"index, follow, max-snippet:-1, max-image-preview:large, max-video-preview:-1\" \/>\n<link rel=\"canonical\" href=\"https:\/\/koningdrone.be\/fr\/produit\/jackery-solarsaga-80-zonnepaneel-80w\/\" \/>\n<meta property=\"og:locale\" content=\"fr_FR\" \/>\n<meta property=\"og:type\" content=\"article\" \/>\n<meta property=\"og:title\" content=\"Jackery SolarSaga 80 Zonnepaneel 80W\" \/>\n<meta property=\"og:description\" content=\"Ultra-zonneconversie-effici\u00ebntie van 25%  Verbeterde dubbelzijdige panelen  IP68 waterdichte beoordeling  Uitgebreide compatibiliteit met alle Jackery-producten  &#039;s Werelds eerste fotovolta\u00efsche (PV) consumentenmodules gecertificeerd door T\u00dcV S\u00dcD\" \/>\n<meta property=\"og:url\" content=\"https:\/\/koningdrone.be\/fr\/produit\/jackery-solarsaga-80-zonnepaneel-80w\/\" \/>\n<meta property=\"og:site_name\" content=\"koningdrone.be\" \/>\n<meta property=\"article:modified_time\" content=\"2026-04-29T12:50:09+00:00\" \/>\n<meta property=\"og:image\" content=\"https:\/\/koningdrone.be\/wp-content\/uploads\/sites\/13\/2025\/04\/Jackery-SolarSaga-80-Zonnepaneel-80W-1.webp\" \/>\n\t<meta property=\"og:image:width\" content=\"2000\" \/>\n\t<meta property=\"og:image:height\" content=\"2000\" \/>\n\t<meta property=\"og:image:type\" content=\"image\/webp\" \/>\n<meta name=\"twitter:card\" content=\"summary_large_image\" \/>\n<script type=\"application\/ld+json\" class=\"yoast-schema-graph\">{\"@context\":\"https:\/\/schema.org\",\"@graph\":[{\"@type\":\"WebPage\",\"@id\":\"https:\/\/koningdrone.be\/product\/jackery-solarsaga-80-zonnepaneel-80w\/\",\"url\":\"https:\/\/koningdrone.be\/product\/jackery-solarsaga-80-zonnepaneel-80w\/\",\"name\":\"Jackery SolarSaga 80 Zonnepaneel 80W - koningdrone.be\",\"isPartOf\":{\"@id\":\"https:\/\/koningdrone.be\/#website\"},\"primaryImageOfPage\":{\"@id\":\"https:\/\/koningdrone.be\/product\/jackery-solarsaga-80-zonnepaneel-80w\/#primaryimage\"},\"image\":{\"@id\":\"https:\/\/koningdrone.be\/product\/jackery-solarsaga-80-zonnepaneel-80w\/#primaryimage\"},\"thumbnailUrl\":\"https:\/\/koningdrone.be\/wp-content\/uploads\/sites\/13\/2025\/04\/Jackery-SolarSaga-80-Zonnepaneel-80W-1.webp\",\"datePublished\":\"2023-09-27T07:31:15+00:00\",\"dateModified\":\"2026-04-29T12:50:09+00:00\",\"breadcrumb\":{\"@id\":\"https:\/\/koningdrone.be\/product\/jackery-solarsaga-80-zonnepaneel-80w\/#breadcrumb\"},\"inLanguage\":\"fr-BE\",\"potentialAction\":[{\"@type\":\"ReadAction\",\"target\":[\"https:\/\/koningdrone.be\/product\/jackery-solarsaga-80-zonnepaneel-80w\/\"]}]},{\"@type\":\"ImageObject\",\"inLanguage\":\"fr-BE\",\"@id\":\"https:\/\/koningdrone.be\/product\/jackery-solarsaga-80-zonnepaneel-80w\/#primaryimage\",\"url\":\"https:\/\/koningdrone.be\/wp-content\/uploads\/sites\/13\/2025\/04\/Jackery-SolarSaga-80-Zonnepaneel-80W-1.webp\",\"contentUrl\":\"https:\/\/koningdrone.be\/wp-content\/uploads\/sites\/13\/2025\/04\/Jackery-SolarSaga-80-Zonnepaneel-80W-1.webp\",\"width\":2000,\"height\":2000},{\"@type\":\"BreadcrumbList\",\"@id\":\"https:\/\/koningdrone.be\/product\/jackery-solarsaga-80-zonnepaneel-80w\/#breadcrumb\",\"itemListElement\":[{\"@type\":\"ListItem\",\"position\":1,\"name\":\"Home\",\"item\":\"https:\/\/koningdrone.be\/\"},{\"@type\":\"ListItem\",\"position\":2,\"name\":\"AVSS Parachute Recovery System for DJI Matrice 300\/350\",\"item\":\"https:\/\/koningdrone.be\/product\/avss-parachute-recovery-system-for-dji-matrice-300-350\/\"},{\"@type\":\"ListItem\",\"position\":3,\"name\":\"Alle producten\",\"item\":\"https:\/\/koningdrone.be\/categorie\/alle-producten\/\"},{\"@type\":\"ListItem\",\"position\":4,\"name\":\"Jackery SolarSaga 80 Zonnepaneel 80W\"}]},{\"@type\":\"WebSite\",\"@id\":\"https:\/\/koningdrone.be\/#website\",\"url\":\"https:\/\/koningdrone.be\/\",\"name\":\"Koningdrone.be - Uw online specialist in drones, gimbals, camera's en power stations.\",\"description\":\"De webshop in drones en gimbals\",\"publisher\":{\"@id\":\"https:\/\/koningdrone.be\/#organization\"},\"potentialAction\":[{\"@type\":\"SearchAction\",\"target\":{\"@type\":\"EntryPoint\",\"urlTemplate\":\"https:\/\/koningdrone.be\/?s={search_term_string}\"},\"query-input\":{\"@type\":\"PropertyValueSpecification\",\"valueRequired\":true,\"valueName\":\"search_term_string\"}}],\"inLanguage\":\"fr-BE\"},{\"@type\":\"Organization\",\"@id\":\"https:\/\/koningdrone.be\/#organization\",\"name\":\"Koningdrone.be\",\"url\":\"https:\/\/koningdrone.be\/\",\"logo\":{\"@type\":\"ImageObject\",\"inLanguage\":\"fr-BE\",\"@id\":\"https:\/\/koningdrone.be\/#\/schema\/logo\/image\/\",\"url\":\"https:\/\/koningdrone.be\/wp-content\/uploads\/sites\/13\/2025\/04\/koningdrone-copyright-logo.svg\",\"contentUrl\":\"https:\/\/koningdrone.be\/wp-content\/uploads\/sites\/13\/2025\/04\/koningdrone-copyright-logo.svg\",\"width\":227,\"height\":38,\"caption\":\"Koningdrone.be\"},\"image\":{\"@id\":\"https:\/\/koningdrone.be\/#\/schema\/logo\/image\/\"}}]}<\/script>\n<!-- \/ Yoast SEO Premium plugin. -->","yoast_head_json":{"title":"Jackery SolarSaga 80 Zonnepaneel 80W - koningdrone.be","robots":{"index":"index","follow":"follow","max-snippet":"max-snippet:-1","max-image-preview":"max-image-preview:large","max-video-preview":"max-video-preview:-1"},"canonical":"https:\/\/koningdrone.be\/fr\/produit\/jackery-solarsaga-80-zonnepaneel-80w\/","og_locale":"fr_FR","og_type":"article","og_title":"Jackery SolarSaga 80 Zonnepaneel 80W","og_description":"Ultra-zonneconversie-effici\u00ebntie van 25%  Verbeterde dubbelzijdige panelen  IP68 waterdichte beoordeling  Uitgebreide compatibiliteit met alle Jackery-producten  's Werelds eerste fotovolta\u00efsche (PV) consumentenmodules gecertificeerd door T\u00dcV S\u00dcD","og_url":"https:\/\/koningdrone.be\/fr\/produit\/jackery-solarsaga-80-zonnepaneel-80w\/","og_site_name":"koningdrone.be","article_modified_time":"2026-04-29T12:50:09+00:00","og_image":[{"width":2000,"height":2000,"url":"https:\/\/koningdrone.be\/wp-content\/uploads\/sites\/13\/2025\/04\/Jackery-SolarSaga-80-Zonnepaneel-80W-1.webp","type":"image\/webp"}],"twitter_card":"summary_large_image","schema":{"@context":"https:\/\/schema.org","@graph":[{"@type":"WebPage","@id":"https:\/\/koningdrone.be\/product\/jackery-solarsaga-80-zonnepaneel-80w\/","url":"https:\/\/koningdrone.be\/product\/jackery-solarsaga-80-zonnepaneel-80w\/","name":"Jackery SolarSaga 80 Zonnepaneel 80W - koningdrone.be","isPartOf":{"@id":"https:\/\/koningdrone.be\/#website"},"primaryImageOfPage":{"@id":"https:\/\/koningdrone.be\/product\/jackery-solarsaga-80-zonnepaneel-80w\/#primaryimage"},"image":{"@id":"https:\/\/koningdrone.be\/product\/jackery-solarsaga-80-zonnepaneel-80w\/#primaryimage"},"thumbnailUrl":"https:\/\/koningdrone.be\/wp-content\/uploads\/sites\/13\/2025\/04\/Jackery-SolarSaga-80-Zonnepaneel-80W-1.webp","datePublished":"2023-09-27T07:31:15+00:00","dateModified":"2026-04-29T12:50:09+00:00","breadcrumb":{"@id":"https:\/\/koningdrone.be\/product\/jackery-solarsaga-80-zonnepaneel-80w\/#breadcrumb"},"inLanguage":"fr-BE","potentialAction":[{"@type":"ReadAction","target":["https:\/\/koningdrone.be\/product\/jackery-solarsaga-80-zonnepaneel-80w\/"]}]},{"@type":"ImageObject","inLanguage":"fr-BE","@id":"https:\/\/koningdrone.be\/product\/jackery-solarsaga-80-zonnepaneel-80w\/#primaryimage","url":"https:\/\/koningdrone.be\/wp-content\/uploads\/sites\/13\/2025\/04\/Jackery-SolarSaga-80-Zonnepaneel-80W-1.webp","contentUrl":"https:\/\/koningdrone.be\/wp-content\/uploads\/sites\/13\/2025\/04\/Jackery-SolarSaga-80-Zonnepaneel-80W-1.webp","width":2000,"height":2000},{"@type":"BreadcrumbList","@id":"https:\/\/koningdrone.be\/product\/jackery-solarsaga-80-zonnepaneel-80w\/#breadcrumb","itemListElement":[{"@type":"ListItem","position":1,"name":"Home","item":"https:\/\/koningdrone.be\/"},{"@type":"ListItem","position":2,"name":"AVSS Parachute Recovery System for DJI Matrice 300\/350","item":"https:\/\/koningdrone.be\/product\/avss-parachute-recovery-system-for-dji-matrice-300-350\/"},{"@type":"ListItem","position":3,"name":"Alle producten","item":"https:\/\/koningdrone.be\/categorie\/alle-producten\/"},{"@type":"ListItem","position":4,"name":"Jackery SolarSaga 80 Zonnepaneel 80W"}]},{"@type":"WebSite","@id":"https:\/\/koningdrone.be\/#website","url":"https:\/\/koningdrone.be\/","name":"Koningdrone.be - Votre sp\u00e9cialiste en ligne en mati\u00e8re de drones, de cardans, de cam\u00e9ras et de centrales \u00e9lectriques.","description":"La boutique en ligne de drones et de cardans","publisher":{"@id":"https:\/\/koningdrone.be\/#organization"},"potentialAction":[{"@type":"SearchAction","target":{"@type":"EntryPoint","urlTemplate":"https:\/\/koningdrone.be\/?s={search_term_string}"},"query-input":{"@type":"PropertyValueSpecification","valueRequired":true,"valueName":"search_term_string"}}],"inLanguage":"fr-BE"},{"@type":"Organization","@id":"https:\/\/koningdrone.be\/#organization","name":"Kingdrone.co.uk","url":"https:\/\/koningdrone.be\/","logo":{"@type":"ImageObject","inLanguage":"fr-BE","@id":"https:\/\/koningdrone.be\/#\/schema\/logo\/image\/","url":"https:\/\/koningdrone.be\/wp-content\/uploads\/sites\/13\/2025\/04\/koningdrone-copyright-logo.svg","contentUrl":"https:\/\/koningdrone.be\/wp-content\/uploads\/sites\/13\/2025\/04\/koningdrone-copyright-logo.svg","width":227,"height":38,"caption":"Koningdrone.be"},"image":{"@id":"https:\/\/koningdrone.be\/#\/schema\/logo\/image\/"}}]}},"df_price":"","df_sale_price":"","df_regular_price":"","df_image_link":"https:\/\/koningdrone.be\/wp-content\/uploads\/sites\/13\/2025\/04\/Jackery-SolarSaga-80-Zonnepaneel-80W-1-300x300.webp","_links":{"self":[{"href":"https:\/\/koningdrone.be\/fr\/wp-json\/wp\/v2\/product\/4304","targetHints":{"allow":["GET"]}}],"collection":[{"href":"https:\/\/koningdrone.be\/fr\/wp-json\/wp\/v2\/product"}],"about":[{"href":"https:\/\/koningdrone.be\/fr\/wp-json\/wp\/v2\/types\/product"}],"wp:featuredmedia":[{"embeddable":true,"href":"https:\/\/koningdrone.be\/fr\/wp-json\/wp\/v2\/media\/4300"}],"wp:attachment":[{"href":"https:\/\/koningdrone.be\/fr\/wp-json\/wp\/v2\/media?parent=4304"}],"wp:term":[{"taxonomy":"product_brand","embeddable":true,"href":"https:\/\/koningdrone.be\/fr\/wp-json\/wp\/v2\/product_brand?post=4304"},{"taxonomy":"product_cat","embeddable":true,"href":"https:\/\/koningdrone.be\/fr\/wp-json\/wp\/v2\/product_cat?post=4304"},{"taxonomy":"product_tag","embeddable":true,"href":"https:\/\/koningdrone.be\/fr\/wp-json\/wp\/v2\/product_tag?post=4304"}],"curies":[{"name":"wp","href":"https:\/\/api.w.org\/{rel}","templated":true}]}}