{"id":4274,"date":"2023-09-27T13:28:12","date_gmt":"2023-09-27T11:28:12","guid":{"rendered":"https:\/\/koningdrone.nl\/kon\/product\/dji-mini-4-pro-fly-more-combo-including-rc331-smart-controller\/"},"modified":"2026-04-29T15:20:30","modified_gmt":"2026-04-29T13:20:30","slug":"dji-mini-4-pro-fly-more-combo-including-rc331-smart-controller","status":"publish","type":"product","link":"https:\/\/koningdrone.be\/fr\/produit\/dji-mini-4-pro-fly-more-combo-including-rc331-smart-controller\/","title":{"rendered":"DJI Mini 4 Pro - Fly More Combo - incluant le contr\u00f4leur intelligent RC331 (DJI RC 2)"},"content":{"rendered":"<p><strong>Compact et puissant<\/strong><br \/>\nLe DJI Mini 4 Pro est un mini-drone cam\u00e9ra avanc\u00e9, parfait pour les professionnels comme pour les d\u00e9butants. L'appareil est l\u00e9ger (moins de 249 g), ce qui rend l'enregistrement inutile dans de nombreux pays. Le drone est dot\u00e9 d'un capteur CMOS de 1\/1,3 pouce, d'une ouverture f\/1,7 et de capacit\u00e9s vid\u00e9o HDR 4K\/60fps pour des images nettes et \u00e9clatantes. De plus, il prend en charge D-Log M 10 bits et HLG pour une large gamme de couleurs et une grande souplesse d'\u00e9dition, et offre des capacit\u00e9s telles que des photos RAW de 48MP et divers modes de prise de vue tels que Hyperlapse et Panorama.<\/p>\n<p><strong>S\u00fbre et efficace<\/strong><br \/>\nGr\u00e2ce \u00e0 la d\u00e9tection d'obstacles \u00e0 360\u00b0 et aux syst\u00e8mes avanc\u00e9s d'assistance au vol tels que l'APAS, le Mini 4 Pro offre des vols s\u00fbrs et efficaces. Le drone a une longue dur\u00e9e de vol de 34 minutes, qui peut \u00eatre prolong\u00e9e \u00e0 45 minutes avec la batterie Intelligent Flight Battery Plus. Le contr\u00f4leur intelligent RC331 inclus avec la transmission vid\u00e9o O4 fournit des flux FHD 1080p\/60fps fluides et en direct jusqu'\u00e0 10 km. La planification automatique des itin\u00e9raires, le r\u00e9gulateur de vitesse et les fonctions de retour avanc\u00e9es augmentent l'efficacit\u00e9 op\u00e9rationnelle, tandis que l'application LightCut permet un montage vid\u00e9o rapide et un partage instantan\u00e9.<\/p>","protected":false},"excerpt":{"rendered":"<ul>\n<li>Poids inf\u00e9rieur \u00e0 249 g.<\/li>\n<li>4K\/60fps HDR<\/li>\n<li>Dur\u00e9e de vie prolong\u00e9e de la batterie<\/li>\n<li>Transmission vid\u00e9o FHD sur 10 km<\/li>\n<li>Mode de suivi actif \u00e0 360<\/li>\n<li>Aucun enregistrement ou formation n'est requis dans la plupart des pays.<\/li>\n<\/ul>","protected":false},"featured_media":4272,"template":"","meta":{"_acf_changed":false},"product_brand":[],"product_cat":[135,97,136,334,177],"product_tag":[],"class_list":{"0":"post-4274","1":"product","2":"type-product","3":"status-publish","4":"has-post-thumbnail","6":"product_cat-alle-drones","7":"product_cat-alle-producten","8":"product_cat-consumer-drones","9":"product_cat-dji-mini-4-pro","10":"product_cat-drones-zonder-certificaat","11":"product_shipping_class-outofstock","12":"pa_brand-dji","13":"pa_dronegrade-consumer","14":"pa_productfamily-drone","15":"pa_producttype-drone","16":"pa_series-mini-4-pro","18":"first","19":"outofstock","20":"taxable","21":"shipping-taxable","22":"purchasable","23":"product-type-simple"},"acf":[],"yoast_head":"<!-- This site is optimized with the Yoast SEO Premium plugin v27.2 (Yoast SEO v27.2) - https:\/\/yoast.com\/product\/yoast-seo-premium-wordpress\/ -->\n<title>DJI Mini 4 Pro - Fly More Combo - including RC331 Smart Controller (DJI RC 2) - koningdrone.be<\/title>\n<meta name=\"robots\" content=\"index, follow, max-snippet:-1, max-image-preview:large, max-video-preview:-1\" \/>\n<link rel=\"canonical\" href=\"https:\/\/koningdrone.be\/fr\/produit\/dji-mini-4-pro-fly-more-combo-including-rc331-smart-controller\/\" \/>\n<meta property=\"og:locale\" content=\"fr_FR\" \/>\n<meta property=\"og:type\" content=\"article\" \/>\n<meta property=\"og:title\" content=\"DJI Mini 4 Pro - Fly More Combo - including RC331 Smart Controller (DJI RC 2)\" \/>\n<meta property=\"og:description\" content=\"Weegt minder dan 249 g.  4K\/60fps HDR  Verlengde Batterijduur  10 km FHD Video Transmissie  Actieve Volgmodus 360\u00b0  Geen registratie of training nodig in de meeste landen.\" \/>\n<meta property=\"og:url\" content=\"https:\/\/koningdrone.be\/fr\/produit\/dji-mini-4-pro-fly-more-combo-including-rc331-smart-controller\/\" \/>\n<meta property=\"og:site_name\" content=\"koningdrone.be\" \/>\n<meta property=\"article:modified_time\" content=\"2026-04-29T13:20:30+00:00\" \/>\n<meta property=\"og:image\" content=\"https:\/\/koningdrone.be\/wp-content\/uploads\/sites\/13\/2025\/04\/6941565969101-1.jpg\" \/>\n\t<meta property=\"og:image:width\" content=\"1200\" \/>\n\t<meta property=\"og:image:height\" content=\"1200\" \/>\n\t<meta property=\"og:image:type\" content=\"image\/jpeg\" \/>\n<meta name=\"twitter:card\" content=\"summary_large_image\" \/>\n<meta name=\"twitter:label1\" content=\"Dur\u00e9e de lecture est.\" \/>\n\t<meta name=\"twitter:data1\" content=\"1 minute\" \/>\n<script type=\"application\/ld+json\" class=\"yoast-schema-graph\">{\"@context\":\"https:\/\/schema.org\",\"@graph\":[{\"@type\":\"WebPage\",\"@id\":\"https:\/\/koningdrone.be\/product\/dji-mini-4-pro-fly-more-combo-including-rc331-smart-controller\/\",\"url\":\"https:\/\/koningdrone.be\/product\/dji-mini-4-pro-fly-more-combo-including-rc331-smart-controller\/\",\"name\":\"DJI Mini 4 Pro - Fly More Combo - including RC331 Smart Controller (DJI RC 2) - koningdrone.be\",\"isPartOf\":{\"@id\":\"https:\/\/koningdrone.be\/#website\"},\"primaryImageOfPage\":{\"@id\":\"https:\/\/koningdrone.be\/product\/dji-mini-4-pro-fly-more-combo-including-rc331-smart-controller\/#primaryimage\"},\"image\":{\"@id\":\"https:\/\/koningdrone.be\/product\/dji-mini-4-pro-fly-more-combo-including-rc331-smart-controller\/#primaryimage\"},\"thumbnailUrl\":\"https:\/\/koningdrone.be\/wp-content\/uploads\/sites\/13\/2025\/04\/6941565969101-1.jpg\",\"datePublished\":\"2023-09-27T11:28:12+00:00\",\"dateModified\":\"2026-04-29T13:20:30+00:00\",\"breadcrumb\":{\"@id\":\"https:\/\/koningdrone.be\/product\/dji-mini-4-pro-fly-more-combo-including-rc331-smart-controller\/#breadcrumb\"},\"inLanguage\":\"fr-BE\",\"potentialAction\":[{\"@type\":\"ReadAction\",\"target\":[\"https:\/\/koningdrone.be\/product\/dji-mini-4-pro-fly-more-combo-including-rc331-smart-controller\/\"]}]},{\"@type\":\"ImageObject\",\"inLanguage\":\"fr-BE\",\"@id\":\"https:\/\/koningdrone.be\/product\/dji-mini-4-pro-fly-more-combo-including-rc331-smart-controller\/#primaryimage\",\"url\":\"https:\/\/koningdrone.be\/wp-content\/uploads\/sites\/13\/2025\/04\/6941565969101-1.jpg\",\"contentUrl\":\"https:\/\/koningdrone.be\/wp-content\/uploads\/sites\/13\/2025\/04\/6941565969101-1.jpg\",\"width\":1200,\"height\":1200},{\"@type\":\"BreadcrumbList\",\"@id\":\"https:\/\/koningdrone.be\/product\/dji-mini-4-pro-fly-more-combo-including-rc331-smart-controller\/#breadcrumb\",\"itemListElement\":[{\"@type\":\"ListItem\",\"position\":1,\"name\":\"Home\",\"item\":\"https:\/\/koningdrone.be\/\"},{\"@type\":\"ListItem\",\"position\":2,\"name\":\"AVSS Parachute Recovery System for DJI Matrice 300\/350\",\"item\":\"https:\/\/koningdrone.be\/product\/avss-parachute-recovery-system-for-dji-matrice-300-350\/\"},{\"@type\":\"ListItem\",\"position\":3,\"name\":\"Alle drones\",\"item\":\"https:\/\/koningdrone.be\/categorie\/alle-drones\/\"},{\"@type\":\"ListItem\",\"position\":4,\"name\":\"DJI Mini 4 Pro &#8211; Fly More Combo &#8211; including RC331 Smart Controller (DJI RC 2)\"}]},{\"@type\":\"WebSite\",\"@id\":\"https:\/\/koningdrone.be\/#website\",\"url\":\"https:\/\/koningdrone.be\/\",\"name\":\"Koningdrone.be - Uw online specialist in drones, gimbals, camera's en power stations.\",\"description\":\"De webshop in drones en gimbals\",\"publisher\":{\"@id\":\"https:\/\/koningdrone.be\/#organization\"},\"potentialAction\":[{\"@type\":\"SearchAction\",\"target\":{\"@type\":\"EntryPoint\",\"urlTemplate\":\"https:\/\/koningdrone.be\/?s={search_term_string}\"},\"query-input\":{\"@type\":\"PropertyValueSpecification\",\"valueRequired\":true,\"valueName\":\"search_term_string\"}}],\"inLanguage\":\"fr-BE\"},{\"@type\":\"Organization\",\"@id\":\"https:\/\/koningdrone.be\/#organization\",\"name\":\"Koningdrone.be\",\"url\":\"https:\/\/koningdrone.be\/\",\"logo\":{\"@type\":\"ImageObject\",\"inLanguage\":\"fr-BE\",\"@id\":\"https:\/\/koningdrone.be\/#\/schema\/logo\/image\/\",\"url\":\"https:\/\/koningdrone.be\/wp-content\/uploads\/sites\/13\/2025\/04\/koningdrone-copyright-logo.svg\",\"contentUrl\":\"https:\/\/koningdrone.be\/wp-content\/uploads\/sites\/13\/2025\/04\/koningdrone-copyright-logo.svg\",\"width\":227,\"height\":38,\"caption\":\"Koningdrone.be\"},\"image\":{\"@id\":\"https:\/\/koningdrone.be\/#\/schema\/logo\/image\/\"}}]}<\/script>\n<!-- \/ Yoast SEO Premium plugin. -->","yoast_head_json":{"title":"DJI Mini 4 Pro - Fly More Combo - including RC331 Smart Controller (DJI RC 2) - koningdrone.be","robots":{"index":"index","follow":"follow","max-snippet":"max-snippet:-1","max-image-preview":"max-image-preview:large","max-video-preview":"max-video-preview:-1"},"canonical":"https:\/\/koningdrone.be\/fr\/produit\/dji-mini-4-pro-fly-more-combo-including-rc331-smart-controller\/","og_locale":"fr_FR","og_type":"article","og_title":"DJI Mini 4 Pro - Fly More Combo - including RC331 Smart Controller (DJI RC 2)","og_description":"Weegt minder dan 249 g.  4K\/60fps HDR  Verlengde Batterijduur  10 km FHD Video Transmissie  Actieve Volgmodus 360\u00b0  Geen registratie of training nodig in de meeste landen.","og_url":"https:\/\/koningdrone.be\/fr\/produit\/dji-mini-4-pro-fly-more-combo-including-rc331-smart-controller\/","og_site_name":"koningdrone.be","article_modified_time":"2026-04-29T13:20:30+00:00","og_image":[{"width":1200,"height":1200,"url":"https:\/\/koningdrone.be\/wp-content\/uploads\/sites\/13\/2025\/04\/6941565969101-1.jpg","type":"image\/jpeg"}],"twitter_card":"summary_large_image","twitter_misc":{"Dur\u00e9e de lecture est.":"1 minute"},"schema":{"@context":"https:\/\/schema.org","@graph":[{"@type":"WebPage","@id":"https:\/\/koningdrone.be\/product\/dji-mini-4-pro-fly-more-combo-including-rc331-smart-controller\/","url":"https:\/\/koningdrone.be\/product\/dji-mini-4-pro-fly-more-combo-including-rc331-smart-controller\/","name":"DJI Mini 4 Pro - Fly More Combo - including RC331 Smart Controller (DJI RC 2) - koningdrone.be","isPartOf":{"@id":"https:\/\/koningdrone.be\/#website"},"primaryImageOfPage":{"@id":"https:\/\/koningdrone.be\/product\/dji-mini-4-pro-fly-more-combo-including-rc331-smart-controller\/#primaryimage"},"image":{"@id":"https:\/\/koningdrone.be\/product\/dji-mini-4-pro-fly-more-combo-including-rc331-smart-controller\/#primaryimage"},"thumbnailUrl":"https:\/\/koningdrone.be\/wp-content\/uploads\/sites\/13\/2025\/04\/6941565969101-1.jpg","datePublished":"2023-09-27T11:28:12+00:00","dateModified":"2026-04-29T13:20:30+00:00","breadcrumb":{"@id":"https:\/\/koningdrone.be\/product\/dji-mini-4-pro-fly-more-combo-including-rc331-smart-controller\/#breadcrumb"},"inLanguage":"fr-BE","potentialAction":[{"@type":"ReadAction","target":["https:\/\/koningdrone.be\/product\/dji-mini-4-pro-fly-more-combo-including-rc331-smart-controller\/"]}]},{"@type":"ImageObject","inLanguage":"fr-BE","@id":"https:\/\/koningdrone.be\/product\/dji-mini-4-pro-fly-more-combo-including-rc331-smart-controller\/#primaryimage","url":"https:\/\/koningdrone.be\/wp-content\/uploads\/sites\/13\/2025\/04\/6941565969101-1.jpg","contentUrl":"https:\/\/koningdrone.be\/wp-content\/uploads\/sites\/13\/2025\/04\/6941565969101-1.jpg","width":1200,"height":1200},{"@type":"BreadcrumbList","@id":"https:\/\/koningdrone.be\/product\/dji-mini-4-pro-fly-more-combo-including-rc331-smart-controller\/#breadcrumb","itemListElement":[{"@type":"ListItem","position":1,"name":"Home","item":"https:\/\/koningdrone.be\/"},{"@type":"ListItem","position":2,"name":"AVSS Parachute Recovery System for DJI Matrice 300\/350","item":"https:\/\/koningdrone.be\/product\/avss-parachute-recovery-system-for-dji-matrice-300-350\/"},{"@type":"ListItem","position":3,"name":"Alle drones","item":"https:\/\/koningdrone.be\/categorie\/alle-drones\/"},{"@type":"ListItem","position":4,"name":"DJI Mini 4 Pro &#8211; Fly More Combo &#8211; including RC331 Smart Controller (DJI RC 2)"}]},{"@type":"WebSite","@id":"https:\/\/koningdrone.be\/#website","url":"https:\/\/koningdrone.be\/","name":"Koningdrone.be - Votre sp\u00e9cialiste en ligne en mati\u00e8re de drones, de cardans, de cam\u00e9ras et de centrales \u00e9lectriques.","description":"La boutique en ligne de drones et de cardans","publisher":{"@id":"https:\/\/koningdrone.be\/#organization"},"potentialAction":[{"@type":"SearchAction","target":{"@type":"EntryPoint","urlTemplate":"https:\/\/koningdrone.be\/?s={search_term_string}"},"query-input":{"@type":"PropertyValueSpecification","valueRequired":true,"valueName":"search_term_string"}}],"inLanguage":"fr-BE"},{"@type":"Organization","@id":"https:\/\/koningdrone.be\/#organization","name":"Kingdrone.co.uk","url":"https:\/\/koningdrone.be\/","logo":{"@type":"ImageObject","inLanguage":"fr-BE","@id":"https:\/\/koningdrone.be\/#\/schema\/logo\/image\/","url":"https:\/\/koningdrone.be\/wp-content\/uploads\/sites\/13\/2025\/04\/koningdrone-copyright-logo.svg","contentUrl":"https:\/\/koningdrone.be\/wp-content\/uploads\/sites\/13\/2025\/04\/koningdrone-copyright-logo.svg","width":227,"height":38,"caption":"Koningdrone.be"},"image":{"@id":"https:\/\/koningdrone.be\/#\/schema\/logo\/image\/"}}]}},"df_price":959,"df_sale_price":"","df_regular_price":959,"df_image_link":"https:\/\/koningdrone.be\/wp-content\/uploads\/sites\/13\/2025\/04\/6941565969101-1-300x300.jpg","_links":{"self":[{"href":"https:\/\/koningdrone.be\/fr\/wp-json\/wp\/v2\/product\/4274","targetHints":{"allow":["GET"]}}],"collection":[{"href":"https:\/\/koningdrone.be\/fr\/wp-json\/wp\/v2\/product"}],"about":[{"href":"https:\/\/koningdrone.be\/fr\/wp-json\/wp\/v2\/types\/product"}],"wp:featuredmedia":[{"embeddable":true,"href":"https:\/\/koningdrone.be\/fr\/wp-json\/wp\/v2\/media\/4272"}],"wp:attachment":[{"href":"https:\/\/koningdrone.be\/fr\/wp-json\/wp\/v2\/media?parent=4274"}],"wp:term":[{"taxonomy":"product_brand","embeddable":true,"href":"https:\/\/koningdrone.be\/fr\/wp-json\/wp\/v2\/product_brand?post=4274"},{"taxonomy":"product_cat","embeddable":true,"href":"https:\/\/koningdrone.be\/fr\/wp-json\/wp\/v2\/product_cat?post=4274"},{"taxonomy":"product_tag","embeddable":true,"href":"https:\/\/koningdrone.be\/fr\/wp-json\/wp\/v2\/product_tag?post=4274"}],"curies":[{"name":"wp","href":"https:\/\/api.w.org\/{rel}","templated":true}]}}