{"id":4253,"date":"2023-09-28T09:55:35","date_gmt":"2023-09-28T07:55:35","guid":{"rendered":"https:\/\/koningdrone.nl\/kon\/product\/dji-air-3-nd-filters-set-nd8-16-32-64\/"},"modified":"2026-04-29T15:50:47","modified_gmt":"2026-04-29T13:50:47","slug":"dji-air-3-nd-filters-set-nd8-16-32-64","status":"publish","type":"product","link":"https:\/\/koningdrone.be\/fr\/produit\/dji-air-3-nd-filters-set-nd8-16-32-64\/","title":{"rendered":"DJI Air 3 filtres ND (ND8\/16\/32\/64)"},"content":{"rendered":"<p>Les filtres ND sont des outils con\u00e7us pour permettre aux d\u00e9butants et aux experts de mieux contr\u00f4ler la vitesse d'obturation de leur appareil photo, en particulier dans les environnements tr\u00e8s \u00e9clair\u00e9s. Ce contr\u00f4le est essentiel pour obtenir des images vid\u00e9o fluides sans avoir \u00e0 compromettre la qualit\u00e9 de l'image en augmentant le niveau ISO.<br \/><strong>Contr\u00f4le de l'angle d'obturation<\/strong><\/p>\n<p> Ces filtres sont particuli\u00e8rement utiles car ils permettent une technique appel\u00e9e \"contr\u00f4le de l'angle d'obturation\". En termes simples, l'angle d'obturation correspond \u00e0 la dur\u00e9e pendant laquelle l'obturateur de la cam\u00e9ra reste ouvert par rapport \u00e0 la fr\u00e9quence d'images pendant le tournage. Par exemple, si vous filmez \u00e0 24 images par seconde (ips) et que l'angle d'obturation est de 180\u00b0, cela signifie que l'obturateur de votre cam\u00e9ra sera ouvert pendant 1\/48 de seconde pour chaque image. Ce r\u00e9glage est id\u00e9al pour capturer le mouvement d'une mani\u00e8re qui semble naturelle \u00e0 l'\u0153il humain, et l'utilisation de filtres ND facilite le maintien de ce r\u00e9glage, m\u00eame en cas de forte luminosit\u00e9, sans surexposer les images.<\/p>\n<p><strong>Conclusion<\/strong><\/p>\n<p> En bref, les filtres ND sont indispensables pour les cin\u00e9astes qui souhaitent conserver des s\u00e9quences de haute qualit\u00e9 dans diff\u00e9rentes conditions d'\u00e9clairage.<\/p>\n<p><\/p>","protected":false},"excerpt":{"rendered":"<ul>\n<li>Contr\u00f4le pr\u00e9cis de la vitesse d'obturation.<\/li>\n<li> Permet d'obtenir des images fluides dans les environnements lumineux.<\/li>\n<li> Permet une utilisation flexible pour l'imagerie pure.<\/li>\n<li> Fonctionnel \u00e0 180\u00b0 d'ouverture de l'obturateur avec une faible sensibilit\u00e9 ISO.<\/li>\n<li> Le temps d'exposition est calcul\u00e9 \u00e0 partir de la fr\u00e9quence des images et de l'angle d'obturation.<\/li>\n<\/ul>","protected":false},"featured_media":4251,"template":"","meta":{"_acf_changed":false},"product_brand":[],"product_cat":[172,97,732,852],"product_tag":[],"class_list":{"0":"post-4253","1":"product","2":"type-product","3":"status-publish","4":"has-post-thumbnail","6":"product_cat-alle-nd-filters","7":"product_cat-alle-producten","8":"product_cat-dji-air-3","9":"product_cat-nd-filters","10":"product_shipping_class-outofstock","11":"pa_brand-dji","12":"pa_productfamily-nd-filters","13":"pa_producttype-nd-filters","14":"pa_series-air-3","16":"first","17":"outofstock","18":"taxable","19":"shipping-taxable","20":"purchasable","21":"product-type-simple"},"acf":[],"yoast_head":"<!-- This site is optimized with the Yoast SEO Premium plugin v27.2 (Yoast SEO v27.2) - https:\/\/yoast.com\/product\/yoast-seo-premium-wordpress\/ -->\n<title>DJI Air 3 ND Filters Set (ND8\/16\/32\/64) - koningdrone.be<\/title>\n<meta name=\"robots\" content=\"index, follow, max-snippet:-1, max-image-preview:large, max-video-preview:-1\" \/>\n<link rel=\"canonical\" href=\"https:\/\/koningdrone.be\/fr\/produit\/dji-air-3-nd-filters-set-nd8-16-32-64\/\" \/>\n<meta property=\"og:locale\" content=\"fr_FR\" \/>\n<meta property=\"og:type\" content=\"article\" \/>\n<meta property=\"og:title\" content=\"DJI Air 3 ND Filters Set (ND8\/16\/32\/64)\" \/>\n<meta property=\"og:description\" content=\"Nauwkeurige controle over de sluitertijd. Maakt vloeiende beelden mogelijk in heldere omgevingen. Ondersteunt flexibel gebruik voor zuiver beeldmateriaal. Functioneel bij 180\u00b0 sluiteropening met lage ISO. Belichtingstijd berekend op basis van framesnelheid en sluiterhoek.\" \/>\n<meta property=\"og:url\" content=\"https:\/\/koningdrone.be\/fr\/produit\/dji-air-3-nd-filters-set-nd8-16-32-64\/\" \/>\n<meta property=\"og:site_name\" content=\"koningdrone.be\" \/>\n<meta property=\"article:modified_time\" content=\"2026-04-29T13:50:47+00:00\" \/>\n<meta property=\"og:image\" content=\"https:\/\/koningdrone.be\/wp-content\/uploads\/sites\/13\/2025\/04\/2ddb510405f5e47fcacd9012c8ed4ee9@large.jpg\" \/>\n\t<meta property=\"og:image:width\" content=\"1200\" \/>\n\t<meta property=\"og:image:height\" content=\"800\" \/>\n\t<meta property=\"og:image:type\" content=\"image\/jpeg\" \/>\n<meta name=\"twitter:card\" content=\"summary_large_image\" \/>\n<meta name=\"twitter:label1\" content=\"Dur\u00e9e de lecture est.\" \/>\n\t<meta name=\"twitter:data1\" content=\"1 minute\" \/>\n<script type=\"application\/ld+json\" class=\"yoast-schema-graph\">{\"@context\":\"https:\/\/schema.org\",\"@graph\":[{\"@type\":\"WebPage\",\"@id\":\"https:\/\/koningdrone.be\/product\/dji-air-3-nd-filters-set-nd8-16-32-64\/\",\"url\":\"https:\/\/koningdrone.be\/product\/dji-air-3-nd-filters-set-nd8-16-32-64\/\",\"name\":\"DJI Air 3 ND Filters Set (ND8\/16\/32\/64) - koningdrone.be\",\"isPartOf\":{\"@id\":\"https:\/\/koningdrone.be\/#website\"},\"primaryImageOfPage\":{\"@id\":\"https:\/\/koningdrone.be\/product\/dji-air-3-nd-filters-set-nd8-16-32-64\/#primaryimage\"},\"image\":{\"@id\":\"https:\/\/koningdrone.be\/product\/dji-air-3-nd-filters-set-nd8-16-32-64\/#primaryimage\"},\"thumbnailUrl\":\"https:\/\/koningdrone.be\/wp-content\/uploads\/sites\/13\/2025\/04\/2ddb510405f5e47fcacd9012c8ed4ee9@large.jpg\",\"datePublished\":\"2023-09-28T07:55:35+00:00\",\"dateModified\":\"2026-04-29T13:50:47+00:00\",\"breadcrumb\":{\"@id\":\"https:\/\/koningdrone.be\/product\/dji-air-3-nd-filters-set-nd8-16-32-64\/#breadcrumb\"},\"inLanguage\":\"fr-BE\",\"potentialAction\":[{\"@type\":\"ReadAction\",\"target\":[\"https:\/\/koningdrone.be\/product\/dji-air-3-nd-filters-set-nd8-16-32-64\/\"]}]},{\"@type\":\"ImageObject\",\"inLanguage\":\"fr-BE\",\"@id\":\"https:\/\/koningdrone.be\/product\/dji-air-3-nd-filters-set-nd8-16-32-64\/#primaryimage\",\"url\":\"https:\/\/koningdrone.be\/wp-content\/uploads\/sites\/13\/2025\/04\/2ddb510405f5e47fcacd9012c8ed4ee9@large.jpg\",\"contentUrl\":\"https:\/\/koningdrone.be\/wp-content\/uploads\/sites\/13\/2025\/04\/2ddb510405f5e47fcacd9012c8ed4ee9@large.jpg\",\"width\":1200,\"height\":800},{\"@type\":\"BreadcrumbList\",\"@id\":\"https:\/\/koningdrone.be\/product\/dji-air-3-nd-filters-set-nd8-16-32-64\/#breadcrumb\",\"itemListElement\":[{\"@type\":\"ListItem\",\"position\":1,\"name\":\"Home\",\"item\":\"https:\/\/koningdrone.be\/\"},{\"@type\":\"ListItem\",\"position\":2,\"name\":\"AVSS Parachute Recovery System for DJI Matrice 300\/350\",\"item\":\"https:\/\/koningdrone.be\/product\/avss-parachute-recovery-system-for-dji-matrice-300-350\/\"},{\"@type\":\"ListItem\",\"position\":3,\"name\":\"Alle ND Filters\",\"item\":\"https:\/\/koningdrone.be\/categorie\/alle-nd-filters\/\"},{\"@type\":\"ListItem\",\"position\":4,\"name\":\"DJI Air 3 ND Filters Set (ND8\/16\/32\/64)\"}]},{\"@type\":\"WebSite\",\"@id\":\"https:\/\/koningdrone.be\/#website\",\"url\":\"https:\/\/koningdrone.be\/\",\"name\":\"Koningdrone.be - Uw online specialist in drones, gimbals, camera's en power stations.\",\"description\":\"De webshop in drones en gimbals\",\"publisher\":{\"@id\":\"https:\/\/koningdrone.be\/#organization\"},\"potentialAction\":[{\"@type\":\"SearchAction\",\"target\":{\"@type\":\"EntryPoint\",\"urlTemplate\":\"https:\/\/koningdrone.be\/?s={search_term_string}\"},\"query-input\":{\"@type\":\"PropertyValueSpecification\",\"valueRequired\":true,\"valueName\":\"search_term_string\"}}],\"inLanguage\":\"fr-BE\"},{\"@type\":\"Organization\",\"@id\":\"https:\/\/koningdrone.be\/#organization\",\"name\":\"Koningdrone.be\",\"url\":\"https:\/\/koningdrone.be\/\",\"logo\":{\"@type\":\"ImageObject\",\"inLanguage\":\"fr-BE\",\"@id\":\"https:\/\/koningdrone.be\/#\/schema\/logo\/image\/\",\"url\":\"https:\/\/koningdrone.be\/wp-content\/uploads\/sites\/13\/2025\/04\/koningdrone-copyright-logo.svg\",\"contentUrl\":\"https:\/\/koningdrone.be\/wp-content\/uploads\/sites\/13\/2025\/04\/koningdrone-copyright-logo.svg\",\"width\":227,\"height\":38,\"caption\":\"Koningdrone.be\"},\"image\":{\"@id\":\"https:\/\/koningdrone.be\/#\/schema\/logo\/image\/\"}}]}<\/script>\n<!-- \/ Yoast SEO Premium plugin. -->","yoast_head_json":{"title":"DJI Air 3 ND Filters Set (ND8\/16\/32\/64) - koningdrone.be","robots":{"index":"index","follow":"follow","max-snippet":"max-snippet:-1","max-image-preview":"max-image-preview:large","max-video-preview":"max-video-preview:-1"},"canonical":"https:\/\/koningdrone.be\/fr\/produit\/dji-air-3-nd-filters-set-nd8-16-32-64\/","og_locale":"fr_FR","og_type":"article","og_title":"DJI Air 3 ND Filters Set (ND8\/16\/32\/64)","og_description":"Nauwkeurige controle over de sluitertijd. Maakt vloeiende beelden mogelijk in heldere omgevingen. Ondersteunt flexibel gebruik voor zuiver beeldmateriaal. Functioneel bij 180\u00b0 sluiteropening met lage ISO. Belichtingstijd berekend op basis van framesnelheid en sluiterhoek.","og_url":"https:\/\/koningdrone.be\/fr\/produit\/dji-air-3-nd-filters-set-nd8-16-32-64\/","og_site_name":"koningdrone.be","article_modified_time":"2026-04-29T13:50:47+00:00","og_image":[{"width":1200,"height":800,"url":"https:\/\/koningdrone.be\/wp-content\/uploads\/sites\/13\/2025\/04\/2ddb510405f5e47fcacd9012c8ed4ee9@large.jpg","type":"image\/jpeg"}],"twitter_card":"summary_large_image","twitter_misc":{"Dur\u00e9e de lecture est.":"1 minute"},"schema":{"@context":"https:\/\/schema.org","@graph":[{"@type":"WebPage","@id":"https:\/\/koningdrone.be\/product\/dji-air-3-nd-filters-set-nd8-16-32-64\/","url":"https:\/\/koningdrone.be\/product\/dji-air-3-nd-filters-set-nd8-16-32-64\/","name":"DJI Air 3 ND Filters Set (ND8\/16\/32\/64) - koningdrone.be","isPartOf":{"@id":"https:\/\/koningdrone.be\/#website"},"primaryImageOfPage":{"@id":"https:\/\/koningdrone.be\/product\/dji-air-3-nd-filters-set-nd8-16-32-64\/#primaryimage"},"image":{"@id":"https:\/\/koningdrone.be\/product\/dji-air-3-nd-filters-set-nd8-16-32-64\/#primaryimage"},"thumbnailUrl":"https:\/\/koningdrone.be\/wp-content\/uploads\/sites\/13\/2025\/04\/2ddb510405f5e47fcacd9012c8ed4ee9@large.jpg","datePublished":"2023-09-28T07:55:35+00:00","dateModified":"2026-04-29T13:50:47+00:00","breadcrumb":{"@id":"https:\/\/koningdrone.be\/product\/dji-air-3-nd-filters-set-nd8-16-32-64\/#breadcrumb"},"inLanguage":"fr-BE","potentialAction":[{"@type":"ReadAction","target":["https:\/\/koningdrone.be\/product\/dji-air-3-nd-filters-set-nd8-16-32-64\/"]}]},{"@type":"ImageObject","inLanguage":"fr-BE","@id":"https:\/\/koningdrone.be\/product\/dji-air-3-nd-filters-set-nd8-16-32-64\/#primaryimage","url":"https:\/\/koningdrone.be\/wp-content\/uploads\/sites\/13\/2025\/04\/2ddb510405f5e47fcacd9012c8ed4ee9@large.jpg","contentUrl":"https:\/\/koningdrone.be\/wp-content\/uploads\/sites\/13\/2025\/04\/2ddb510405f5e47fcacd9012c8ed4ee9@large.jpg","width":1200,"height":800},{"@type":"BreadcrumbList","@id":"https:\/\/koningdrone.be\/product\/dji-air-3-nd-filters-set-nd8-16-32-64\/#breadcrumb","itemListElement":[{"@type":"ListItem","position":1,"name":"Home","item":"https:\/\/koningdrone.be\/"},{"@type":"ListItem","position":2,"name":"AVSS Parachute Recovery System for DJI Matrice 300\/350","item":"https:\/\/koningdrone.be\/product\/avss-parachute-recovery-system-for-dji-matrice-300-350\/"},{"@type":"ListItem","position":3,"name":"Alle ND Filters","item":"https:\/\/koningdrone.be\/categorie\/alle-nd-filters\/"},{"@type":"ListItem","position":4,"name":"DJI Air 3 ND Filters Set (ND8\/16\/32\/64)"}]},{"@type":"WebSite","@id":"https:\/\/koningdrone.be\/#website","url":"https:\/\/koningdrone.be\/","name":"Koningdrone.be - Votre sp\u00e9cialiste en ligne en mati\u00e8re de drones, de cardans, de cam\u00e9ras et de centrales \u00e9lectriques.","description":"La boutique en ligne de drones et de cardans","publisher":{"@id":"https:\/\/koningdrone.be\/#organization"},"potentialAction":[{"@type":"SearchAction","target":{"@type":"EntryPoint","urlTemplate":"https:\/\/koningdrone.be\/?s={search_term_string}"},"query-input":{"@type":"PropertyValueSpecification","valueRequired":true,"valueName":"search_term_string"}}],"inLanguage":"fr-BE"},{"@type":"Organization","@id":"https:\/\/koningdrone.be\/#organization","name":"Kingdrone.co.uk","url":"https:\/\/koningdrone.be\/","logo":{"@type":"ImageObject","inLanguage":"fr-BE","@id":"https:\/\/koningdrone.be\/#\/schema\/logo\/image\/","url":"https:\/\/koningdrone.be\/wp-content\/uploads\/sites\/13\/2025\/04\/koningdrone-copyright-logo.svg","contentUrl":"https:\/\/koningdrone.be\/wp-content\/uploads\/sites\/13\/2025\/04\/koningdrone-copyright-logo.svg","width":227,"height":38,"caption":"Koningdrone.be"},"image":{"@id":"https:\/\/koningdrone.be\/#\/schema\/logo\/image\/"}}]}},"df_price":89,"df_sale_price":"","df_regular_price":89,"df_image_link":"https:\/\/koningdrone.be\/wp-content\/uploads\/sites\/13\/2025\/04\/2ddb510405f5e47fcacd9012c8ed4ee9@large-300x200.jpg","_links":{"self":[{"href":"https:\/\/koningdrone.be\/fr\/wp-json\/wp\/v2\/product\/4253","targetHints":{"allow":["GET"]}}],"collection":[{"href":"https:\/\/koningdrone.be\/fr\/wp-json\/wp\/v2\/product"}],"about":[{"href":"https:\/\/koningdrone.be\/fr\/wp-json\/wp\/v2\/types\/product"}],"wp:featuredmedia":[{"embeddable":true,"href":"https:\/\/koningdrone.be\/fr\/wp-json\/wp\/v2\/media\/4251"}],"wp:attachment":[{"href":"https:\/\/koningdrone.be\/fr\/wp-json\/wp\/v2\/media?parent=4253"}],"wp:term":[{"taxonomy":"product_brand","embeddable":true,"href":"https:\/\/koningdrone.be\/fr\/wp-json\/wp\/v2\/product_brand?post=4253"},{"taxonomy":"product_cat","embeddable":true,"href":"https:\/\/koningdrone.be\/fr\/wp-json\/wp\/v2\/product_cat?post=4253"},{"taxonomy":"product_tag","embeddable":true,"href":"https:\/\/koningdrone.be\/fr\/wp-json\/wp\/v2\/product_tag?post=4253"}],"curies":[{"name":"wp","href":"https:\/\/api.w.org\/{rel}","templated":true}]}}