{"id":4250,"date":"2023-09-28T09:55:35","date_gmt":"2023-09-28T07:55:35","guid":{"rendered":"https:\/\/koningdrone.nl\/kon\/product\/dji-air-3-battery-charging-hub\/"},"modified":"2026-04-29T15:01:02","modified_gmt":"2026-04-29T13:01:02","slug":"dji-air-3-battery-charging-hub","status":"publish","type":"product","link":"https:\/\/koningdrone.be\/fr\/produit\/dji-air-3-battery-charging-hub\/","title":{"rendered":"DJI Air 3 Battery Charging Hub"},"content":{"rendered":"<p><strong>Une solution de charge efficace<\/strong><\/p>\n<p> Le concentrateur de charge de batterie est un dispositif tr\u00e8s efficace con\u00e7u pour rationaliser le processus de charge de plusieurs batteries et d'autres appareils. Gr\u00e2ce \u00e0 sa nouvelle fonction, la fonction d'accumulation d'\u00e9nergie, il peut redistribuer l'\u00e9nergie entre plusieurs batteries. Plus pr\u00e9cis\u00e9ment, cette fonction transf\u00e8re l'\u00e9nergie restante des batteries les moins charg\u00e9es vers la batterie dont la puissance restante est la plus \u00e9lev\u00e9e, garantissant ainsi une utilisation optimale de l'\u00e9nergie disponible.<\/p>\n<p><strong>Am\u00e9lioration de la capacit\u00e9 de charge<\/strong><\/p>\n<p> Lorsqu'il est connect\u00e9 \u00e0 un chargeur particulier, ce concentrateur peut porter le nombre de ports de charge \u00e0 trois. Cette capacit\u00e9 permet non seulement de charger plusieurs batteries simultan\u00e9ment, mais aussi de donner la priorit\u00e9 au processus de charge. Il charge intelligemment les batteries, en commen\u00e7ant par celles qui sont d\u00e9j\u00e0 les plus charg\u00e9es, ce qui permet \u00e0 vos appareils d'\u00eatre pr\u00eats \u00e0 l'emploi plus rapidement.<\/p>\n<p><strong>Options de chargement polyvalentes<\/strong><\/p>\n<p> En plus de charger les batteries, le concentrateur est suffisamment polyvalent pour charger rapidement d'autres appareils, y compris les t\u00e9l\u00e9commandes et les smartphones. Le concentrateur de charge de batterie est donc un outil essentiel pour tous ceux qui souhaitent g\u00e9rer efficacement la charge de divers appareils \u00e9lectroniques, en veillant \u00e0 ce qu'ils soient aliment\u00e9s et pr\u00eats \u00e0 l'emploi en cas de besoin.<\/p>\n<p><\/p>","protected":false},"excerpt":{"rendered":"<ul>\n<li>La nouvelle fonction d'accumulation de puissance transf\u00e8re efficacement la puissance restante.<\/li>\n<li> Extension de l'interface de charge \u00e0 trois avec un chargeur d\u00e9di\u00e9.<\/li>\n<li> Chargez les batteries dans l'ordre en fonction de la puissance restante.<\/li>\n<li> Prise en charge de la charge rapide pour les t\u00e9l\u00e9commandes, les smartphones et d'autres appareils.<\/li>\n<\/ul>","protected":false},"featured_media":4246,"template":"","meta":{"_acf_changed":false},"product_brand":[],"product_cat":[111,97,732],"product_tag":[],"class_list":{"0":"post-4250","1":"product","2":"type-product","3":"status-publish","4":"has-post-thumbnail","6":"product_cat-alle-opladers","7":"product_cat-alle-producten","8":"product_cat-dji-air-3","9":"product_shipping_class-outofstock","10":"pa_brand-dji","11":"pa_productfamily-oplaadhub","12":"pa_producttype-oplaadhub","13":"pa_series-air-3","15":"first","16":"outofstock","17":"taxable","18":"shipping-taxable","19":"purchasable","20":"product-type-simple"},"acf":[],"yoast_head":"<!-- This site is optimized with the Yoast SEO Premium plugin v27.2 (Yoast SEO v27.2) - https:\/\/yoast.com\/product\/yoast-seo-premium-wordpress\/ -->\n<title>DJI Air 3 Battery Charging Hub - koningdrone.be<\/title>\n<meta name=\"robots\" content=\"index, follow, max-snippet:-1, max-image-preview:large, max-video-preview:-1\" \/>\n<link rel=\"canonical\" href=\"https:\/\/koningdrone.be\/fr\/produit\/dji-air-3-battery-charging-hub\/\" \/>\n<meta property=\"og:locale\" content=\"fr_FR\" \/>\n<meta property=\"og:type\" content=\"article\" \/>\n<meta property=\"og:title\" content=\"DJI Air 3 Battery Charging Hub\" \/>\n<meta property=\"og:description\" content=\"De nieuwe vermogensaccumulatiefunctie draagt het resterende vermogen effici\u00ebnt over. Breidt de oplaadinterface uit naar drie met een speciale oplader. Laadt de batterijen op volgorde op, op basis van het resterende vermogen. Ondersteunt snel opladen voor afstandsbedieningen, smartphones en andere apparaten.\" \/>\n<meta property=\"og:url\" content=\"https:\/\/koningdrone.be\/fr\/produit\/dji-air-3-battery-charging-hub\/\" \/>\n<meta property=\"og:site_name\" content=\"koningdrone.be\" \/>\n<meta property=\"article:modified_time\" content=\"2026-04-29T13:01:02+00:00\" \/>\n<meta property=\"og:image\" content=\"https:\/\/koningdrone.be\/wp-content\/uploads\/sites\/13\/2025\/04\/dji-air-3-hub-1.jpg\" \/>\n\t<meta property=\"og:image:width\" content=\"1200\" \/>\n\t<meta property=\"og:image:height\" content=\"1200\" \/>\n\t<meta property=\"og:image:type\" content=\"image\/jpeg\" \/>\n<meta name=\"twitter:card\" content=\"summary_large_image\" \/>\n<meta name=\"twitter:label1\" content=\"Dur\u00e9e de lecture est.\" \/>\n\t<meta name=\"twitter:data1\" content=\"1 minute\" \/>\n<script type=\"application\/ld+json\" class=\"yoast-schema-graph\">{\"@context\":\"https:\/\/schema.org\",\"@graph\":[{\"@type\":\"WebPage\",\"@id\":\"https:\/\/koningdrone.be\/product\/dji-air-3-battery-charging-hub\/\",\"url\":\"https:\/\/koningdrone.be\/product\/dji-air-3-battery-charging-hub\/\",\"name\":\"DJI Air 3 Battery Charging Hub - koningdrone.be\",\"isPartOf\":{\"@id\":\"https:\/\/koningdrone.be\/#website\"},\"primaryImageOfPage\":{\"@id\":\"https:\/\/koningdrone.be\/product\/dji-air-3-battery-charging-hub\/#primaryimage\"},\"image\":{\"@id\":\"https:\/\/koningdrone.be\/product\/dji-air-3-battery-charging-hub\/#primaryimage\"},\"thumbnailUrl\":\"https:\/\/koningdrone.be\/wp-content\/uploads\/sites\/13\/2025\/04\/dji-air-3-hub-1.jpg\",\"datePublished\":\"2023-09-28T07:55:35+00:00\",\"dateModified\":\"2026-04-29T13:01:02+00:00\",\"breadcrumb\":{\"@id\":\"https:\/\/koningdrone.be\/product\/dji-air-3-battery-charging-hub\/#breadcrumb\"},\"inLanguage\":\"fr-BE\",\"potentialAction\":[{\"@type\":\"ReadAction\",\"target\":[\"https:\/\/koningdrone.be\/product\/dji-air-3-battery-charging-hub\/\"]}]},{\"@type\":\"ImageObject\",\"inLanguage\":\"fr-BE\",\"@id\":\"https:\/\/koningdrone.be\/product\/dji-air-3-battery-charging-hub\/#primaryimage\",\"url\":\"https:\/\/koningdrone.be\/wp-content\/uploads\/sites\/13\/2025\/04\/dji-air-3-hub-1.jpg\",\"contentUrl\":\"https:\/\/koningdrone.be\/wp-content\/uploads\/sites\/13\/2025\/04\/dji-air-3-hub-1.jpg\",\"width\":1200,\"height\":1200},{\"@type\":\"BreadcrumbList\",\"@id\":\"https:\/\/koningdrone.be\/product\/dji-air-3-battery-charging-hub\/#breadcrumb\",\"itemListElement\":[{\"@type\":\"ListItem\",\"position\":1,\"name\":\"Home\",\"item\":\"https:\/\/koningdrone.be\/\"},{\"@type\":\"ListItem\",\"position\":2,\"name\":\"AVSS Parachute Recovery System for DJI Matrice 300\/350\",\"item\":\"https:\/\/koningdrone.be\/product\/avss-parachute-recovery-system-for-dji-matrice-300-350\/\"},{\"@type\":\"ListItem\",\"position\":3,\"name\":\"Alle opladers\",\"item\":\"https:\/\/koningdrone.be\/categorie\/alle-opladers\/\"},{\"@type\":\"ListItem\",\"position\":4,\"name\":\"DJI Air 3 Battery Charging Hub\"}]},{\"@type\":\"WebSite\",\"@id\":\"https:\/\/koningdrone.be\/#website\",\"url\":\"https:\/\/koningdrone.be\/\",\"name\":\"Koningdrone.be - Uw online specialist in drones, gimbals, camera's en power stations.\",\"description\":\"De webshop in drones en gimbals\",\"publisher\":{\"@id\":\"https:\/\/koningdrone.be\/#organization\"},\"potentialAction\":[{\"@type\":\"SearchAction\",\"target\":{\"@type\":\"EntryPoint\",\"urlTemplate\":\"https:\/\/koningdrone.be\/?s={search_term_string}\"},\"query-input\":{\"@type\":\"PropertyValueSpecification\",\"valueRequired\":true,\"valueName\":\"search_term_string\"}}],\"inLanguage\":\"fr-BE\"},{\"@type\":\"Organization\",\"@id\":\"https:\/\/koningdrone.be\/#organization\",\"name\":\"Koningdrone.be\",\"url\":\"https:\/\/koningdrone.be\/\",\"logo\":{\"@type\":\"ImageObject\",\"inLanguage\":\"fr-BE\",\"@id\":\"https:\/\/koningdrone.be\/#\/schema\/logo\/image\/\",\"url\":\"https:\/\/koningdrone.be\/wp-content\/uploads\/sites\/13\/2025\/04\/koningdrone-copyright-logo.svg\",\"contentUrl\":\"https:\/\/koningdrone.be\/wp-content\/uploads\/sites\/13\/2025\/04\/koningdrone-copyright-logo.svg\",\"width\":227,\"height\":38,\"caption\":\"Koningdrone.be\"},\"image\":{\"@id\":\"https:\/\/koningdrone.be\/#\/schema\/logo\/image\/\"}}]}<\/script>\n<!-- \/ Yoast SEO Premium plugin. -->","yoast_head_json":{"title":"DJI Air 3 Battery Charging Hub - koningdrone.be","robots":{"index":"index","follow":"follow","max-snippet":"max-snippet:-1","max-image-preview":"max-image-preview:large","max-video-preview":"max-video-preview:-1"},"canonical":"https:\/\/koningdrone.be\/fr\/produit\/dji-air-3-battery-charging-hub\/","og_locale":"fr_FR","og_type":"article","og_title":"DJI Air 3 Battery Charging Hub","og_description":"De nieuwe vermogensaccumulatiefunctie draagt het resterende vermogen effici\u00ebnt over. Breidt de oplaadinterface uit naar drie met een speciale oplader. Laadt de batterijen op volgorde op, op basis van het resterende vermogen. Ondersteunt snel opladen voor afstandsbedieningen, smartphones en andere apparaten.","og_url":"https:\/\/koningdrone.be\/fr\/produit\/dji-air-3-battery-charging-hub\/","og_site_name":"koningdrone.be","article_modified_time":"2026-04-29T13:01:02+00:00","og_image":[{"width":1200,"height":1200,"url":"https:\/\/koningdrone.be\/wp-content\/uploads\/sites\/13\/2025\/04\/dji-air-3-hub-1.jpg","type":"image\/jpeg"}],"twitter_card":"summary_large_image","twitter_misc":{"Dur\u00e9e de lecture est.":"1 minute"},"schema":{"@context":"https:\/\/schema.org","@graph":[{"@type":"WebPage","@id":"https:\/\/koningdrone.be\/product\/dji-air-3-battery-charging-hub\/","url":"https:\/\/koningdrone.be\/product\/dji-air-3-battery-charging-hub\/","name":"DJI Air 3 Battery Charging Hub - koningdrone.be","isPartOf":{"@id":"https:\/\/koningdrone.be\/#website"},"primaryImageOfPage":{"@id":"https:\/\/koningdrone.be\/product\/dji-air-3-battery-charging-hub\/#primaryimage"},"image":{"@id":"https:\/\/koningdrone.be\/product\/dji-air-3-battery-charging-hub\/#primaryimage"},"thumbnailUrl":"https:\/\/koningdrone.be\/wp-content\/uploads\/sites\/13\/2025\/04\/dji-air-3-hub-1.jpg","datePublished":"2023-09-28T07:55:35+00:00","dateModified":"2026-04-29T13:01:02+00:00","breadcrumb":{"@id":"https:\/\/koningdrone.be\/product\/dji-air-3-battery-charging-hub\/#breadcrumb"},"inLanguage":"fr-BE","potentialAction":[{"@type":"ReadAction","target":["https:\/\/koningdrone.be\/product\/dji-air-3-battery-charging-hub\/"]}]},{"@type":"ImageObject","inLanguage":"fr-BE","@id":"https:\/\/koningdrone.be\/product\/dji-air-3-battery-charging-hub\/#primaryimage","url":"https:\/\/koningdrone.be\/wp-content\/uploads\/sites\/13\/2025\/04\/dji-air-3-hub-1.jpg","contentUrl":"https:\/\/koningdrone.be\/wp-content\/uploads\/sites\/13\/2025\/04\/dji-air-3-hub-1.jpg","width":1200,"height":1200},{"@type":"BreadcrumbList","@id":"https:\/\/koningdrone.be\/product\/dji-air-3-battery-charging-hub\/#breadcrumb","itemListElement":[{"@type":"ListItem","position":1,"name":"Home","item":"https:\/\/koningdrone.be\/"},{"@type":"ListItem","position":2,"name":"AVSS Parachute Recovery System for DJI Matrice 300\/350","item":"https:\/\/koningdrone.be\/product\/avss-parachute-recovery-system-for-dji-matrice-300-350\/"},{"@type":"ListItem","position":3,"name":"Alle opladers","item":"https:\/\/koningdrone.be\/categorie\/alle-opladers\/"},{"@type":"ListItem","position":4,"name":"DJI Air 3 Battery Charging Hub"}]},{"@type":"WebSite","@id":"https:\/\/koningdrone.be\/#website","url":"https:\/\/koningdrone.be\/","name":"Koningdrone.be - Votre sp\u00e9cialiste en ligne en mati\u00e8re de drones, de cardans, de cam\u00e9ras et de centrales \u00e9lectriques.","description":"La boutique en ligne de drones et de cardans","publisher":{"@id":"https:\/\/koningdrone.be\/#organization"},"potentialAction":[{"@type":"SearchAction","target":{"@type":"EntryPoint","urlTemplate":"https:\/\/koningdrone.be\/?s={search_term_string}"},"query-input":{"@type":"PropertyValueSpecification","valueRequired":true,"valueName":"search_term_string"}}],"inLanguage":"fr-BE"},{"@type":"Organization","@id":"https:\/\/koningdrone.be\/#organization","name":"Kingdrone.co.uk","url":"https:\/\/koningdrone.be\/","logo":{"@type":"ImageObject","inLanguage":"fr-BE","@id":"https:\/\/koningdrone.be\/#\/schema\/logo\/image\/","url":"https:\/\/koningdrone.be\/wp-content\/uploads\/sites\/13\/2025\/04\/koningdrone-copyright-logo.svg","contentUrl":"https:\/\/koningdrone.be\/wp-content\/uploads\/sites\/13\/2025\/04\/koningdrone-copyright-logo.svg","width":227,"height":38,"caption":"Koningdrone.be"},"image":{"@id":"https:\/\/koningdrone.be\/#\/schema\/logo\/image\/"}}]}},"df_price":69,"df_sale_price":"","df_regular_price":69,"df_image_link":"https:\/\/koningdrone.be\/wp-content\/uploads\/sites\/13\/2025\/04\/dji-air-3-hub-1-300x300.jpg","_links":{"self":[{"href":"https:\/\/koningdrone.be\/fr\/wp-json\/wp\/v2\/product\/4250","targetHints":{"allow":["GET"]}}],"collection":[{"href":"https:\/\/koningdrone.be\/fr\/wp-json\/wp\/v2\/product"}],"about":[{"href":"https:\/\/koningdrone.be\/fr\/wp-json\/wp\/v2\/types\/product"}],"wp:featuredmedia":[{"embeddable":true,"href":"https:\/\/koningdrone.be\/fr\/wp-json\/wp\/v2\/media\/4246"}],"wp:attachment":[{"href":"https:\/\/koningdrone.be\/fr\/wp-json\/wp\/v2\/media?parent=4250"}],"wp:term":[{"taxonomy":"product_brand","embeddable":true,"href":"https:\/\/koningdrone.be\/fr\/wp-json\/wp\/v2\/product_brand?post=4250"},{"taxonomy":"product_cat","embeddable":true,"href":"https:\/\/koningdrone.be\/fr\/wp-json\/wp\/v2\/product_cat?post=4250"},{"taxonomy":"product_tag","embeddable":true,"href":"https:\/\/koningdrone.be\/fr\/wp-json\/wp\/v2\/product_tag?post=4250"}],"curies":[{"name":"wp","href":"https:\/\/api.w.org\/{rel}","templated":true}]}}