{"id":4245,"date":"2023-09-28T09:55:35","date_gmt":"2023-09-28T07:55:35","guid":{"rendered":"https:\/\/koningdrone.nl\/kon\/product\/dji-air-3-fly-more-combo-dji-rc-2\/"},"modified":"2026-04-29T15:50:44","modified_gmt":"2026-04-29T13:50:44","slug":"dji-air-3-fly-more-combo-dji-rc-2","status":"publish","type":"product","link":"https:\/\/koningdrone.be\/fr\/produit\/dji-air-3-fly-more-combo-dji-rc-2\/","title":{"rendered":"DJI Air 3 Fly More Combo (DJI RC 2)"},"content":{"rendered":"<p><strong>Syst\u00e8me avanc\u00e9 de double cam\u00e9ra<\/strong><\/p>\n<p> Le drone Air 3 est \u00e9quip\u00e9 de deux cam\u00e9ras avanc\u00e9es : une cam\u00e9ra CMOS grand angle de 1\/1,3 pouce et une cam\u00e9ra t\u00e9l\u00e9objectif moyenne 3x. Cette double configuration permet non seulement d'obtenir des images d'une qualit\u00e9 constante, mais aussi d'introduire de nouvelles fa\u00e7ons dynamiques de prendre des photos. La possibilit\u00e9 de prendre des photos de 48 MP garantit que chaque image est riche en d\u00e9tails, ce qui est id\u00e9al pour l'\u00e9dition et le recadrage apr\u00e8s la prise de vue. En outre, la prise en charge de la double sensibilit\u00e9 ISO native permet d'enregistrer des vid\u00e9os 4K \u00e0 60 images par seconde en HDR sans recadrage, offrant ainsi une exp\u00e9rience visuelle d'une qualit\u00e9 r\u00e9aliste.<\/p>\n<p>  <strong>Temps de vol prolong\u00e9<\/strong><\/p>\n<p> L'Air 3 am\u00e9liore consid\u00e9rablement le temps de fonctionnement et peut voler jusqu'\u00e0 46 minutes, ce qui repr\u00e9sente une augmentation de 48% par rapport \u00e0 ses pr\u00e9d\u00e9cesseurs. Ce temps de vol plus long est soutenu par un hub de charge de batterie innovant, qui non seulement charge les batteries mais g\u00e8re aussi efficacement le transfert d'\u00e9nergie entre elles. Cette optimisation de la consommation d'\u00e9nergie permet au drone d'entreprendre des missions plus longues ou des vols de loisir sans devoir s'arr\u00eater fr\u00e9quemment pour se recharger.<\/p>\n<p>  <strong>Des dispositifs de s\u00e9curit\u00e9 renforc\u00e9s<\/strong><\/p>\n<p> La s\u00e9curit\u00e9 est au c\u0153ur de la conception de l'Air 3. Le drone est \u00e9quip\u00e9 de capteurs capables de d\u00e9tecter les obstacles dans toutes les directions, ce qui am\u00e9liore consid\u00e9rablement les capacit\u00e9s d'\u00e9vitement des collisions. De plus, il int\u00e8gre la technologie APAS 5.0, qui lui permet de contourner les obstacles en douceur et en toute s\u00e9curit\u00e9, ajoutant ainsi une couche suppl\u00e9mentaire de s\u00e9curit\u00e9 pendant les op\u00e9rations de vol.<\/p>\n<p>  <strong>Technologie avanc\u00e9e de transmission vid\u00e9o<\/strong><\/p>\n<p> L'Air 3 utilise la toute derni\u00e8re technologie de transmission vid\u00e9o O4, qui maximise la port\u00e9e jusqu'\u00e0 20 kilom\u00e8tres et garantit une meilleure stabilit\u00e9 de la connexion. Les op\u00e9rateurs peuvent profiter d'un flux en direct de qualit\u00e9 sup\u00e9rieure en 1080p \u00e0 60 fps, ce qui am\u00e9liore consid\u00e9rablement l'exp\u00e9rience de vol en fournissant une vid\u00e9o en temps r\u00e9el d'une clart\u00e9 cristalline sur de longues distances. Cette technologie facilite les op\u00e9rations et rend plus agr\u00e9able la visualisation de vid\u00e9os a\u00e9riennes en direct.<\/p>\n<p>  <strong>Progr\u00e8s technologique<\/strong><\/p>\n<p> L'Air 3 repr\u00e9sente une avanc\u00e9e technologique significative dans l'ing\u00e9nierie des drones. Ce drone est con\u00e7u pour les pilotes novices comme pour les photographes a\u00e9riens chevronn\u00e9s, en am\u00e9liorant le plaisir et la s\u00e9curit\u00e9 du vol. Gr\u00e2ce \u00e0 ses fonctions avanc\u00e9es et \u00e0 ses performances am\u00e9lior\u00e9es, l'Air 3 offre une exp\u00e9rience de vol in\u00e9gal\u00e9e, \u00e0 la fois s\u00fbre et agr\u00e9able.<\/p>","protected":false},"excerpt":{"rendered":"<ul>\n<li>Cam\u00e9ras grand angle et t\u00e9l\u00e9objectif CMOS 1\/1,3 pouce pour des images de haute qualit\u00e9.<\/li>\n<li>Photos de 48 m\u00e9gapixels et possibilit\u00e9s de recadrage en continu.<\/li>\n<li>Prend en charge les vid\u00e9os HDR 4K\/60fps sans recadrage.<\/li>\n<li>La double technologie ISO native am\u00e9liore les performances en basse lumi\u00e8re.<\/li>\n<li>46 minutes d'autonomie de vol, soit 48% de plus que les mod\u00e8les pr\u00e9c\u00e9dents.<\/li>\n<li>Le concentrateur de batterie assure le transfert d'\u00e9nergie entre les batteries.<\/li>\n<li>La d\u00e9tection des obstacles dans toutes les directions accro\u00eet la s\u00e9curit\u00e9.<\/li>\n<li>Technologie APAS 5.0 pour un \u00e9vitement des obstacles plus fluide.<\/li>\n<li>Transmission vid\u00e9o O4 avec une port\u00e9e de 20 km et une stabilit\u00e9 accrue.<\/li>\n<li>Flux vid\u00e9o en direct de haute qualit\u00e9 1080p\/60fps.<\/li>\n<\/ul>","protected":false},"featured_media":4241,"template":"","meta":{"_acf_changed":false},"product_brand":[],"product_cat":[97,136,732,99],"product_tag":[],"class_list":{"0":"post-4245","1":"product","2":"type-product","3":"status-publish","4":"has-post-thumbnail","6":"product_cat-alle-producten","7":"product_cat-consumer-drones","8":"product_cat-dji-air-3","9":"product_cat-drones-met-certificaat","10":"product_shipping_class-outofstock","11":"pa_brand-dji","12":"pa_dronegrade-consumer","13":"pa_productfamily-drone","14":"pa_producttype-drone","15":"pa_series-air-3","17":"first","18":"outofstock","19":"taxable","20":"shipping-taxable","21":"purchasable","22":"product-type-simple"},"acf":[],"yoast_head":"<!-- This site is optimized with the Yoast SEO Premium plugin v27.2 (Yoast SEO v27.2) - https:\/\/yoast.com\/product\/yoast-seo-premium-wordpress\/ -->\n<title>DJI Air 3 Fly More Combo (DJI RC 2) - koningdrone.be<\/title>\n<meta name=\"robots\" content=\"index, follow, max-snippet:-1, max-image-preview:large, max-video-preview:-1\" \/>\n<link rel=\"canonical\" href=\"https:\/\/koningdrone.be\/fr\/produit\/dji-air-3-fly-more-combo-dji-rc-2\/\" \/>\n<meta property=\"og:locale\" content=\"fr_FR\" \/>\n<meta property=\"og:type\" content=\"article\" \/>\n<meta property=\"og:title\" content=\"DJI Air 3 Fly More Combo (DJI RC 2)\" \/>\n<meta property=\"og:description\" content=\"1\/1,3-inch CMOS-groothoek- en telecamera&#039;s voor beelden van hoge kwaliteit.  48 MP foto&#039;s en naadloze bijsnijdmogelijkheden.  Ondersteunt 4K\/60fps HDR-video&#039;s zonder bijsnijden.  Dual native ISO-technologie verbetert de prestaties bij weinig licht.  46 minuten vliegtijd, een stijging van 48% ten opzichte van eerdere modellen.  Batterijhub zorgt voor krachtoverdracht tussen batterijen.  Obstakeldetectie in volledige richting verhoogt de veiligheid.  APAS 5.0-technologie voor soepeler vermijden van obstakels.  O4-videotransmissie met een bereik van 20 km en verbeterde stabiliteit.  1080p\/60fps live videofeed van hoge kwaliteit.\" \/>\n<meta property=\"og:url\" content=\"https:\/\/koningdrone.be\/fr\/produit\/dji-air-3-fly-more-combo-dji-rc-2\/\" \/>\n<meta property=\"og:site_name\" content=\"koningdrone.be\" \/>\n<meta property=\"article:modified_time\" content=\"2026-04-29T13:50:44+00:00\" \/>\n<meta property=\"og:image\" content=\"https:\/\/koningdrone.be\/wp-content\/uploads\/sites\/13\/2025\/04\/d4f22444f7c57664260cdfa95ed48c3f@ultra.jpg\" \/>\n\t<meta property=\"og:image:width\" content=\"1280\" \/>\n\t<meta property=\"og:image:height\" content=\"1280\" \/>\n\t<meta property=\"og:image:type\" content=\"image\/jpeg\" \/>\n<meta name=\"twitter:card\" content=\"summary_large_image\" \/>\n<meta name=\"twitter:label1\" content=\"Dur\u00e9e de lecture est.\" \/>\n\t<meta name=\"twitter:data1\" content=\"2 minutes\" \/>\n<script type=\"application\/ld+json\" class=\"yoast-schema-graph\">{\"@context\":\"https:\/\/schema.org\",\"@graph\":[{\"@type\":\"WebPage\",\"@id\":\"https:\/\/koningdrone.be\/product\/dji-air-3-fly-more-combo-dji-rc-2\/\",\"url\":\"https:\/\/koningdrone.be\/product\/dji-air-3-fly-more-combo-dji-rc-2\/\",\"name\":\"DJI Air 3 Fly More Combo (DJI RC 2) - koningdrone.be\",\"isPartOf\":{\"@id\":\"https:\/\/koningdrone.be\/#website\"},\"primaryImageOfPage\":{\"@id\":\"https:\/\/koningdrone.be\/product\/dji-air-3-fly-more-combo-dji-rc-2\/#primaryimage\"},\"image\":{\"@id\":\"https:\/\/koningdrone.be\/product\/dji-air-3-fly-more-combo-dji-rc-2\/#primaryimage\"},\"thumbnailUrl\":\"https:\/\/koningdrone.be\/wp-content\/uploads\/sites\/13\/2025\/04\/d4f22444f7c57664260cdfa95ed48c3f@ultra.jpg\",\"datePublished\":\"2023-09-28T07:55:35+00:00\",\"dateModified\":\"2026-04-29T13:50:44+00:00\",\"breadcrumb\":{\"@id\":\"https:\/\/koningdrone.be\/product\/dji-air-3-fly-more-combo-dji-rc-2\/#breadcrumb\"},\"inLanguage\":\"fr-BE\",\"potentialAction\":[{\"@type\":\"ReadAction\",\"target\":[\"https:\/\/koningdrone.be\/product\/dji-air-3-fly-more-combo-dji-rc-2\/\"]}]},{\"@type\":\"ImageObject\",\"inLanguage\":\"fr-BE\",\"@id\":\"https:\/\/koningdrone.be\/product\/dji-air-3-fly-more-combo-dji-rc-2\/#primaryimage\",\"url\":\"https:\/\/koningdrone.be\/wp-content\/uploads\/sites\/13\/2025\/04\/d4f22444f7c57664260cdfa95ed48c3f@ultra.jpg\",\"contentUrl\":\"https:\/\/koningdrone.be\/wp-content\/uploads\/sites\/13\/2025\/04\/d4f22444f7c57664260cdfa95ed48c3f@ultra.jpg\",\"width\":1280,\"height\":1280},{\"@type\":\"BreadcrumbList\",\"@id\":\"https:\/\/koningdrone.be\/product\/dji-air-3-fly-more-combo-dji-rc-2\/#breadcrumb\",\"itemListElement\":[{\"@type\":\"ListItem\",\"position\":1,\"name\":\"Home\",\"item\":\"https:\/\/koningdrone.be\/\"},{\"@type\":\"ListItem\",\"position\":2,\"name\":\"AVSS Parachute Recovery System for DJI Matrice 300\/350\",\"item\":\"https:\/\/koningdrone.be\/product\/avss-parachute-recovery-system-for-dji-matrice-300-350\/\"},{\"@type\":\"ListItem\",\"position\":3,\"name\":\"Alle producten\",\"item\":\"https:\/\/koningdrone.be\/categorie\/alle-producten\/\"},{\"@type\":\"ListItem\",\"position\":4,\"name\":\"DJI Air 3 Fly More Combo (DJI RC 2)\"}]},{\"@type\":\"WebSite\",\"@id\":\"https:\/\/koningdrone.be\/#website\",\"url\":\"https:\/\/koningdrone.be\/\",\"name\":\"Koningdrone.be - Uw online specialist in drones, gimbals, camera's en power stations.\",\"description\":\"De webshop in drones en gimbals\",\"publisher\":{\"@id\":\"https:\/\/koningdrone.be\/#organization\"},\"potentialAction\":[{\"@type\":\"SearchAction\",\"target\":{\"@type\":\"EntryPoint\",\"urlTemplate\":\"https:\/\/koningdrone.be\/?s={search_term_string}\"},\"query-input\":{\"@type\":\"PropertyValueSpecification\",\"valueRequired\":true,\"valueName\":\"search_term_string\"}}],\"inLanguage\":\"fr-BE\"},{\"@type\":\"Organization\",\"@id\":\"https:\/\/koningdrone.be\/#organization\",\"name\":\"Koningdrone.be\",\"url\":\"https:\/\/koningdrone.be\/\",\"logo\":{\"@type\":\"ImageObject\",\"inLanguage\":\"fr-BE\",\"@id\":\"https:\/\/koningdrone.be\/#\/schema\/logo\/image\/\",\"url\":\"https:\/\/koningdrone.be\/wp-content\/uploads\/sites\/13\/2025\/04\/koningdrone-copyright-logo.svg\",\"contentUrl\":\"https:\/\/koningdrone.be\/wp-content\/uploads\/sites\/13\/2025\/04\/koningdrone-copyright-logo.svg\",\"width\":227,\"height\":38,\"caption\":\"Koningdrone.be\"},\"image\":{\"@id\":\"https:\/\/koningdrone.be\/#\/schema\/logo\/image\/\"}}]}<\/script>\n<!-- \/ Yoast SEO Premium plugin. -->","yoast_head_json":{"title":"DJI Air 3 Fly More Combo (DJI RC 2) - koningdrone.be","robots":{"index":"index","follow":"follow","max-snippet":"max-snippet:-1","max-image-preview":"max-image-preview:large","max-video-preview":"max-video-preview:-1"},"canonical":"https:\/\/koningdrone.be\/fr\/produit\/dji-air-3-fly-more-combo-dji-rc-2\/","og_locale":"fr_FR","og_type":"article","og_title":"DJI Air 3 Fly More Combo (DJI RC 2)","og_description":"1\/1,3-inch CMOS-groothoek- en telecamera's voor beelden van hoge kwaliteit.  48 MP foto's en naadloze bijsnijdmogelijkheden.  Ondersteunt 4K\/60fps HDR-video's zonder bijsnijden.  Dual native ISO-technologie verbetert de prestaties bij weinig licht.  46 minuten vliegtijd, een stijging van 48% ten opzichte van eerdere modellen.  Batterijhub zorgt voor krachtoverdracht tussen batterijen.  Obstakeldetectie in volledige richting verhoogt de veiligheid.  APAS 5.0-technologie voor soepeler vermijden van obstakels.  O4-videotransmissie met een bereik van 20 km en verbeterde stabiliteit.  1080p\/60fps live videofeed van hoge kwaliteit.","og_url":"https:\/\/koningdrone.be\/fr\/produit\/dji-air-3-fly-more-combo-dji-rc-2\/","og_site_name":"koningdrone.be","article_modified_time":"2026-04-29T13:50:44+00:00","og_image":[{"width":1280,"height":1280,"url":"https:\/\/koningdrone.be\/wp-content\/uploads\/sites\/13\/2025\/04\/d4f22444f7c57664260cdfa95ed48c3f@ultra.jpg","type":"image\/jpeg"}],"twitter_card":"summary_large_image","twitter_misc":{"Dur\u00e9e de lecture est.":"2 minutes"},"schema":{"@context":"https:\/\/schema.org","@graph":[{"@type":"WebPage","@id":"https:\/\/koningdrone.be\/product\/dji-air-3-fly-more-combo-dji-rc-2\/","url":"https:\/\/koningdrone.be\/product\/dji-air-3-fly-more-combo-dji-rc-2\/","name":"DJI Air 3 Fly More Combo (DJI RC 2) - koningdrone.be","isPartOf":{"@id":"https:\/\/koningdrone.be\/#website"},"primaryImageOfPage":{"@id":"https:\/\/koningdrone.be\/product\/dji-air-3-fly-more-combo-dji-rc-2\/#primaryimage"},"image":{"@id":"https:\/\/koningdrone.be\/product\/dji-air-3-fly-more-combo-dji-rc-2\/#primaryimage"},"thumbnailUrl":"https:\/\/koningdrone.be\/wp-content\/uploads\/sites\/13\/2025\/04\/d4f22444f7c57664260cdfa95ed48c3f@ultra.jpg","datePublished":"2023-09-28T07:55:35+00:00","dateModified":"2026-04-29T13:50:44+00:00","breadcrumb":{"@id":"https:\/\/koningdrone.be\/product\/dji-air-3-fly-more-combo-dji-rc-2\/#breadcrumb"},"inLanguage":"fr-BE","potentialAction":[{"@type":"ReadAction","target":["https:\/\/koningdrone.be\/product\/dji-air-3-fly-more-combo-dji-rc-2\/"]}]},{"@type":"ImageObject","inLanguage":"fr-BE","@id":"https:\/\/koningdrone.be\/product\/dji-air-3-fly-more-combo-dji-rc-2\/#primaryimage","url":"https:\/\/koningdrone.be\/wp-content\/uploads\/sites\/13\/2025\/04\/d4f22444f7c57664260cdfa95ed48c3f@ultra.jpg","contentUrl":"https:\/\/koningdrone.be\/wp-content\/uploads\/sites\/13\/2025\/04\/d4f22444f7c57664260cdfa95ed48c3f@ultra.jpg","width":1280,"height":1280},{"@type":"BreadcrumbList","@id":"https:\/\/koningdrone.be\/product\/dji-air-3-fly-more-combo-dji-rc-2\/#breadcrumb","itemListElement":[{"@type":"ListItem","position":1,"name":"Home","item":"https:\/\/koningdrone.be\/"},{"@type":"ListItem","position":2,"name":"AVSS Parachute Recovery System for DJI Matrice 300\/350","item":"https:\/\/koningdrone.be\/product\/avss-parachute-recovery-system-for-dji-matrice-300-350\/"},{"@type":"ListItem","position":3,"name":"Alle producten","item":"https:\/\/koningdrone.be\/categorie\/alle-producten\/"},{"@type":"ListItem","position":4,"name":"DJI Air 3 Fly More Combo (DJI RC 2)"}]},{"@type":"WebSite","@id":"https:\/\/koningdrone.be\/#website","url":"https:\/\/koningdrone.be\/","name":"Koningdrone.be - Votre sp\u00e9cialiste en ligne en mati\u00e8re de drones, de cardans, de cam\u00e9ras et de centrales \u00e9lectriques.","description":"La boutique en ligne de drones et de cardans","publisher":{"@id":"https:\/\/koningdrone.be\/#organization"},"potentialAction":[{"@type":"SearchAction","target":{"@type":"EntryPoint","urlTemplate":"https:\/\/koningdrone.be\/?s={search_term_string}"},"query-input":{"@type":"PropertyValueSpecification","valueRequired":true,"valueName":"search_term_string"}}],"inLanguage":"fr-BE"},{"@type":"Organization","@id":"https:\/\/koningdrone.be\/#organization","name":"Kingdrone.co.uk","url":"https:\/\/koningdrone.be\/","logo":{"@type":"ImageObject","inLanguage":"fr-BE","@id":"https:\/\/koningdrone.be\/#\/schema\/logo\/image\/","url":"https:\/\/koningdrone.be\/wp-content\/uploads\/sites\/13\/2025\/04\/koningdrone-copyright-logo.svg","contentUrl":"https:\/\/koningdrone.be\/wp-content\/uploads\/sites\/13\/2025\/04\/koningdrone-copyright-logo.svg","width":227,"height":38,"caption":"Koningdrone.be"},"image":{"@id":"https:\/\/koningdrone.be\/#\/schema\/logo\/image\/"}}]}},"df_price":1549.01,"df_sale_price":"","df_regular_price":1549.01,"df_image_link":"https:\/\/koningdrone.be\/wp-content\/uploads\/sites\/13\/2025\/04\/d4f22444f7c57664260cdfa95ed48c3f@ultra-300x300.jpg","_links":{"self":[{"href":"https:\/\/koningdrone.be\/fr\/wp-json\/wp\/v2\/product\/4245","targetHints":{"allow":["GET"]}}],"collection":[{"href":"https:\/\/koningdrone.be\/fr\/wp-json\/wp\/v2\/product"}],"about":[{"href":"https:\/\/koningdrone.be\/fr\/wp-json\/wp\/v2\/types\/product"}],"wp:featuredmedia":[{"embeddable":true,"href":"https:\/\/koningdrone.be\/fr\/wp-json\/wp\/v2\/media\/4241"}],"wp:attachment":[{"href":"https:\/\/koningdrone.be\/fr\/wp-json\/wp\/v2\/media?parent=4245"}],"wp:term":[{"taxonomy":"product_brand","embeddable":true,"href":"https:\/\/koningdrone.be\/fr\/wp-json\/wp\/v2\/product_brand?post=4245"},{"taxonomy":"product_cat","embeddable":true,"href":"https:\/\/koningdrone.be\/fr\/wp-json\/wp\/v2\/product_cat?post=4245"},{"taxonomy":"product_tag","embeddable":true,"href":"https:\/\/koningdrone.be\/fr\/wp-json\/wp\/v2\/product_tag?post=4245"}],"curies":[{"name":"wp","href":"https:\/\/api.w.org\/{rel}","templated":true}]}}