{"id":4240,"date":"2023-09-28T09:55:35","date_gmt":"2023-09-28T07:55:35","guid":{"rendered":"https:\/\/koningdrone.nl\/kon\/product\/dji-air-3-fly-more-combo-dji-rc-n2\/"},"modified":"2026-04-29T15:50:45","modified_gmt":"2026-04-29T13:50:45","slug":"dji-air-3-fly-more-combo-dji-rc-n2","status":"publish","type":"product","link":"https:\/\/koningdrone.be\/fr\/produit\/dji-air-3-fly-more-combo-dji-rc-n2\/","title":{"rendered":"DJI Air 3 Fly More Combo (DJI RC-N2)"},"content":{"rendered":"<p><strong>Capacit\u00e9s am\u00e9lior\u00e9es de l'appareil photo<\/strong><\/p>\n<p> Le drone Air 3 est \u00e9quip\u00e9 de deux cam\u00e9ras avanc\u00e9es avec des capteurs CMOS de 1\/1,3 pouce, ce qui am\u00e9liore consid\u00e9rablement ses capacit\u00e9s photographiques. Il comprend une cam\u00e9ra grand angle et un t\u00e9l\u00e9objectif moyen 3x qui fonctionnent ensemble pour fournir des images de haute qualit\u00e9 dans une vari\u00e9t\u00e9 d'environnements. Ces appareils peuvent prendre des photos avec une r\u00e9solution impressionnante de 48 MP, ce qui permet de capturer des d\u00e9tails complexes et de rendre les images \u00e9clatantes. De plus, les appareils photo prennent en charge la double sensibilit\u00e9 ISO native et peuvent enregistrer des vid\u00e9os HDR 4K\/60fps tout en conservant le cadrage, la richesse des couleurs et la nettet\u00e9 des d\u00e9tails.<\/p>\n<p>  <strong>Dur\u00e9e de vol prolong\u00e9e et gestion efficace de l'\u00e9nergie<\/strong><\/p>\n<p> Am\u00e9lioration significative par rapport aux mod\u00e8les pr\u00e9c\u00e9dents, l'Air 3 offre une dur\u00e9e de vol prolong\u00e9e de 46 minutes, ce qui repr\u00e9sente une augmentation de 48%. Cette dur\u00e9e prolong\u00e9e est soutenue par un concentrateur de charge de batterie intelligent, qui non seulement charge les batteries, mais permet \u00e9galement un transfert d'\u00e9nergie efficace entre elles. Cette caract\u00e9ristique est extr\u00eamement utile en cas d'utilisation prolong\u00e9e, tant pour le travail sur le terrain que pour les activit\u00e9s de loisir, car elle r\u00e9duit la n\u00e9cessit\u00e9 d'une recharge fr\u00e9quente.<\/p>\n<p>  <strong>Syst\u00e8mes de navigation et de s\u00e9curit\u00e9 avanc\u00e9s<\/strong><\/p>\n<p> L'Air 3 a \u00e9t\u00e9 mis \u00e0 jour avec des technologies de s\u00e9curit\u00e9 et de navigation avanc\u00e9es, y compris la d\u00e9tection d'obstacles enti\u00e8rement cibl\u00e9e. Ce drone utilise la technologie avanc\u00e9e APAS 5.0 pour effectuer des man\u0153uvres d'\u00e9vitement plus fluides, ajoutant ainsi une couche suppl\u00e9mentaire de s\u00e9curit\u00e9 pendant les vols. Cette technologie est essentielle pour pr\u00e9venir les accidents et garantir un vol stable dans diverses conditions environnementales.<\/p>\n<p>  <strong>Transmission vid\u00e9o de haute qualit\u00e9<\/strong><\/p>\n<p> Pour compl\u00e9ter ses caract\u00e9ristiques avanc\u00e9es, l'Air 3 introduit le syst\u00e8me de transmission vid\u00e9o O4 de nouvelle g\u00e9n\u00e9ration. Ce syst\u00e8me am\u00e9liore consid\u00e9rablement l'exp\u00e9rience du t\u00e9l\u00e9pilotage en \u00e9tendant la port\u00e9e maximale de transmission \u00e0 20 kilom\u00e8tres et en prenant en charge un flux vid\u00e9o en direct de 1080p\/60 images\/seconde en qualit\u00e9 maximale. La stabilit\u00e9 et la clart\u00e9 accrues du flux vid\u00e9o en direct augmentent non seulement la confiance du pilote, mais am\u00e9liorent \u00e9galement le plaisir de la photographie et de la vid\u00e9ographie a\u00e9riennes.<\/p>","protected":false},"excerpt":{"rendered":"<ul>\n<li>Les cam\u00e9ras CMOS grand angle et t\u00e9l\u00e9objectif de 1\/1,3 pouce garantissent une qualit\u00e9 d'image \u00e9lev\u00e9e.<\/li>\n<li> Prend en charge la prise de vue au t\u00e9l\u00e9objectif moyen 3x pour des capacit\u00e9s dynamiques.<\/li>\n<li> Temps de vol prolong\u00e9 de 46 minutes, une am\u00e9lioration par rapport au 48%.<\/li>\n<li> Comprend un concentrateur de charge de batterie pour un transfert d'\u00e9nergie efficace.<\/li>\n<li> Les deux appareils produisent des photos de 48 MP avec des d\u00e9tails r\u00e9alistes.<\/li>\n<li> La double sensibilit\u00e9 ISO native des capteurs CMOS 1\/1,3 pouce prend en charge les vid\u00e9os HDR 4K\/60 images par seconde.<\/li>\n<li> D\u00e9tection \u00e9tendue des obstacles et APAS 5.0 pour une navigation plus s\u00fbre.<\/li>\n<li> La transmission vid\u00e9o O4 de nouvelle g\u00e9n\u00e9ration offre une port\u00e9e allant jusqu'\u00e0 20 km.<\/li>\n<li> Flux en direct 1080p\/60fps pour une vid\u00e9o en temps r\u00e9el de haute qualit\u00e9.<\/li>\n<\/ul>","protected":false},"featured_media":4237,"template":"","meta":{"_acf_changed":false},"product_brand":[],"product_cat":[97,136,732,99],"product_tag":[],"class_list":{"0":"post-4240","1":"product","2":"type-product","3":"status-publish","4":"has-post-thumbnail","6":"product_cat-alle-producten","7":"product_cat-consumer-drones","8":"product_cat-dji-air-3","9":"product_cat-drones-met-certificaat","10":"product_shipping_class-outofstock","11":"pa_brand-dji","12":"pa_dronegrade-consumer","13":"pa_productfamily-drone","14":"pa_producttype-drone","15":"pa_series-air-3","17":"first","18":"outofstock","19":"taxable","20":"shipping-taxable","21":"purchasable","22":"product-type-simple"},"acf":[],"yoast_head":"<!-- This site is optimized with the Yoast SEO Premium plugin v27.2 (Yoast SEO v27.2) - https:\/\/yoast.com\/product\/yoast-seo-premium-wordpress\/ -->\n<title>DJI Air 3 Fly More Combo (DJI RC-N2) - koningdrone.be<\/title>\n<meta name=\"robots\" content=\"index, follow, max-snippet:-1, max-image-preview:large, max-video-preview:-1\" \/>\n<link rel=\"canonical\" href=\"https:\/\/koningdrone.be\/fr\/produit\/dji-air-3-fly-more-combo-dji-rc-n2\/\" \/>\n<meta property=\"og:locale\" content=\"fr_FR\" \/>\n<meta property=\"og:type\" content=\"article\" \/>\n<meta property=\"og:title\" content=\"DJI Air 3 Fly More Combo (DJI RC-N2)\" \/>\n<meta property=\"og:description\" content=\"1\/1,3-inch CMOS-groothoek- en telecamera&#039;s zorgen voor een hoge beeldkwaliteit. Ondersteunt 3x medium telefoto-opnamen voor dynamische mogelijkheden. Verlengde vliegtijd van 46 minuten, een verbetering van 48%. Beschikt over een batterijoplaadhub voor effici\u00ebnte krachtoverdracht. Beide camera&#039;s produceren 48 MP foto&#039;s met levensechte details. Dubbele native ISO in 1\/1,3-inch CMOS-sensoren ondersteunen 4K\/60fps HDR-video&#039;s. Uitgebreide obstakeldetectie en APAS 5.0 voor veiligere navigatie. De volgende generatie O4-videotransmissie biedt een bereik tot 20 km. 1080p\/60fps livefeed voor realtime video van hoge kwaliteit.\" \/>\n<meta property=\"og:url\" content=\"https:\/\/koningdrone.be\/fr\/produit\/dji-air-3-fly-more-combo-dji-rc-n2\/\" \/>\n<meta property=\"og:site_name\" content=\"koningdrone.be\" \/>\n<meta property=\"article:modified_time\" content=\"2026-04-29T13:50:45+00:00\" \/>\n<meta property=\"og:image\" content=\"https:\/\/koningdrone.be\/wp-content\/uploads\/sites\/13\/2025\/04\/abaa7703aa197395abea1510d960d257@ultra.jpg\" \/>\n\t<meta property=\"og:image:width\" content=\"1280\" \/>\n\t<meta property=\"og:image:height\" content=\"1280\" \/>\n\t<meta property=\"og:image:type\" content=\"image\/jpeg\" \/>\n<meta name=\"twitter:card\" content=\"summary_large_image\" \/>\n<meta name=\"twitter:label1\" content=\"Dur\u00e9e de lecture est.\" \/>\n\t<meta name=\"twitter:data1\" content=\"2 minutes\" \/>\n<script type=\"application\/ld+json\" class=\"yoast-schema-graph\">{\"@context\":\"https:\/\/schema.org\",\"@graph\":[{\"@type\":\"WebPage\",\"@id\":\"https:\/\/koningdrone.be\/product\/dji-air-3-fly-more-combo-dji-rc-n2\/\",\"url\":\"https:\/\/koningdrone.be\/product\/dji-air-3-fly-more-combo-dji-rc-n2\/\",\"name\":\"DJI Air 3 Fly More Combo (DJI RC-N2) - koningdrone.be\",\"isPartOf\":{\"@id\":\"https:\/\/koningdrone.be\/#website\"},\"primaryImageOfPage\":{\"@id\":\"https:\/\/koningdrone.be\/product\/dji-air-3-fly-more-combo-dji-rc-n2\/#primaryimage\"},\"image\":{\"@id\":\"https:\/\/koningdrone.be\/product\/dji-air-3-fly-more-combo-dji-rc-n2\/#primaryimage\"},\"thumbnailUrl\":\"https:\/\/koningdrone.be\/wp-content\/uploads\/sites\/13\/2025\/04\/abaa7703aa197395abea1510d960d257@ultra.jpg\",\"datePublished\":\"2023-09-28T07:55:35+00:00\",\"dateModified\":\"2026-04-29T13:50:45+00:00\",\"breadcrumb\":{\"@id\":\"https:\/\/koningdrone.be\/product\/dji-air-3-fly-more-combo-dji-rc-n2\/#breadcrumb\"},\"inLanguage\":\"fr-BE\",\"potentialAction\":[{\"@type\":\"ReadAction\",\"target\":[\"https:\/\/koningdrone.be\/product\/dji-air-3-fly-more-combo-dji-rc-n2\/\"]}]},{\"@type\":\"ImageObject\",\"inLanguage\":\"fr-BE\",\"@id\":\"https:\/\/koningdrone.be\/product\/dji-air-3-fly-more-combo-dji-rc-n2\/#primaryimage\",\"url\":\"https:\/\/koningdrone.be\/wp-content\/uploads\/sites\/13\/2025\/04\/abaa7703aa197395abea1510d960d257@ultra.jpg\",\"contentUrl\":\"https:\/\/koningdrone.be\/wp-content\/uploads\/sites\/13\/2025\/04\/abaa7703aa197395abea1510d960d257@ultra.jpg\",\"width\":1280,\"height\":1280},{\"@type\":\"BreadcrumbList\",\"@id\":\"https:\/\/koningdrone.be\/product\/dji-air-3-fly-more-combo-dji-rc-n2\/#breadcrumb\",\"itemListElement\":[{\"@type\":\"ListItem\",\"position\":1,\"name\":\"Home\",\"item\":\"https:\/\/koningdrone.be\/\"},{\"@type\":\"ListItem\",\"position\":2,\"name\":\"AVSS Parachute Recovery System for DJI Matrice 300\/350\",\"item\":\"https:\/\/koningdrone.be\/product\/avss-parachute-recovery-system-for-dji-matrice-300-350\/\"},{\"@type\":\"ListItem\",\"position\":3,\"name\":\"Alle producten\",\"item\":\"https:\/\/koningdrone.be\/categorie\/alle-producten\/\"},{\"@type\":\"ListItem\",\"position\":4,\"name\":\"DJI Air 3 Fly More Combo (DJI RC-N2)\"}]},{\"@type\":\"WebSite\",\"@id\":\"https:\/\/koningdrone.be\/#website\",\"url\":\"https:\/\/koningdrone.be\/\",\"name\":\"Koningdrone.be - Uw online specialist in drones, gimbals, camera's en power stations.\",\"description\":\"De webshop in drones en gimbals\",\"publisher\":{\"@id\":\"https:\/\/koningdrone.be\/#organization\"},\"potentialAction\":[{\"@type\":\"SearchAction\",\"target\":{\"@type\":\"EntryPoint\",\"urlTemplate\":\"https:\/\/koningdrone.be\/?s={search_term_string}\"},\"query-input\":{\"@type\":\"PropertyValueSpecification\",\"valueRequired\":true,\"valueName\":\"search_term_string\"}}],\"inLanguage\":\"fr-BE\"},{\"@type\":\"Organization\",\"@id\":\"https:\/\/koningdrone.be\/#organization\",\"name\":\"Koningdrone.be\",\"url\":\"https:\/\/koningdrone.be\/\",\"logo\":{\"@type\":\"ImageObject\",\"inLanguage\":\"fr-BE\",\"@id\":\"https:\/\/koningdrone.be\/#\/schema\/logo\/image\/\",\"url\":\"https:\/\/koningdrone.be\/wp-content\/uploads\/sites\/13\/2025\/04\/koningdrone-copyright-logo.svg\",\"contentUrl\":\"https:\/\/koningdrone.be\/wp-content\/uploads\/sites\/13\/2025\/04\/koningdrone-copyright-logo.svg\",\"width\":227,\"height\":38,\"caption\":\"Koningdrone.be\"},\"image\":{\"@id\":\"https:\/\/koningdrone.be\/#\/schema\/logo\/image\/\"}}]}<\/script>\n<!-- \/ Yoast SEO Premium plugin. -->","yoast_head_json":{"title":"DJI Air 3 Fly More Combo (DJI RC-N2) - koningdrone.be","robots":{"index":"index","follow":"follow","max-snippet":"max-snippet:-1","max-image-preview":"max-image-preview:large","max-video-preview":"max-video-preview:-1"},"canonical":"https:\/\/koningdrone.be\/fr\/produit\/dji-air-3-fly-more-combo-dji-rc-n2\/","og_locale":"fr_FR","og_type":"article","og_title":"DJI Air 3 Fly More Combo (DJI RC-N2)","og_description":"1\/1,3-inch CMOS-groothoek- en telecamera&#039;s zorgen voor een hoge beeldkwaliteit. Ondersteunt 3x medium telefoto-opnamen voor dynamische mogelijkheden. Verlengde vliegtijd van 46 minuten, een verbetering van 48%. Beschikt over een batterijoplaadhub voor effici\u00ebnte krachtoverdracht. Beide camera&#039;s produceren 48 MP foto&#039;s met levensechte details. Dubbele native ISO in 1\/1,3-inch CMOS-sensoren ondersteunen 4K\/60fps HDR-video&#039;s. Uitgebreide obstakeldetectie en APAS 5.0 voor veiligere navigatie. De volgende generatie O4-videotransmissie biedt een bereik tot 20 km. 1080p\/60fps livefeed voor realtime video van hoge kwaliteit.","og_url":"https:\/\/koningdrone.be\/fr\/produit\/dji-air-3-fly-more-combo-dji-rc-n2\/","og_site_name":"koningdrone.be","article_modified_time":"2026-04-29T13:50:45+00:00","og_image":[{"width":1280,"height":1280,"url":"https:\/\/koningdrone.be\/wp-content\/uploads\/sites\/13\/2025\/04\/abaa7703aa197395abea1510d960d257@ultra.jpg","type":"image\/jpeg"}],"twitter_card":"summary_large_image","twitter_misc":{"Dur\u00e9e de lecture est.":"2 minutes"},"schema":{"@context":"https:\/\/schema.org","@graph":[{"@type":"WebPage","@id":"https:\/\/koningdrone.be\/product\/dji-air-3-fly-more-combo-dji-rc-n2\/","url":"https:\/\/koningdrone.be\/product\/dji-air-3-fly-more-combo-dji-rc-n2\/","name":"DJI Air 3 Fly More Combo (DJI RC-N2) - koningdrone.be","isPartOf":{"@id":"https:\/\/koningdrone.be\/#website"},"primaryImageOfPage":{"@id":"https:\/\/koningdrone.be\/product\/dji-air-3-fly-more-combo-dji-rc-n2\/#primaryimage"},"image":{"@id":"https:\/\/koningdrone.be\/product\/dji-air-3-fly-more-combo-dji-rc-n2\/#primaryimage"},"thumbnailUrl":"https:\/\/koningdrone.be\/wp-content\/uploads\/sites\/13\/2025\/04\/abaa7703aa197395abea1510d960d257@ultra.jpg","datePublished":"2023-09-28T07:55:35+00:00","dateModified":"2026-04-29T13:50:45+00:00","breadcrumb":{"@id":"https:\/\/koningdrone.be\/product\/dji-air-3-fly-more-combo-dji-rc-n2\/#breadcrumb"},"inLanguage":"fr-BE","potentialAction":[{"@type":"ReadAction","target":["https:\/\/koningdrone.be\/product\/dji-air-3-fly-more-combo-dji-rc-n2\/"]}]},{"@type":"ImageObject","inLanguage":"fr-BE","@id":"https:\/\/koningdrone.be\/product\/dji-air-3-fly-more-combo-dji-rc-n2\/#primaryimage","url":"https:\/\/koningdrone.be\/wp-content\/uploads\/sites\/13\/2025\/04\/abaa7703aa197395abea1510d960d257@ultra.jpg","contentUrl":"https:\/\/koningdrone.be\/wp-content\/uploads\/sites\/13\/2025\/04\/abaa7703aa197395abea1510d960d257@ultra.jpg","width":1280,"height":1280},{"@type":"BreadcrumbList","@id":"https:\/\/koningdrone.be\/product\/dji-air-3-fly-more-combo-dji-rc-n2\/#breadcrumb","itemListElement":[{"@type":"ListItem","position":1,"name":"Home","item":"https:\/\/koningdrone.be\/"},{"@type":"ListItem","position":2,"name":"AVSS Parachute Recovery System for DJI Matrice 300\/350","item":"https:\/\/koningdrone.be\/product\/avss-parachute-recovery-system-for-dji-matrice-300-350\/"},{"@type":"ListItem","position":3,"name":"Alle producten","item":"https:\/\/koningdrone.be\/categorie\/alle-producten\/"},{"@type":"ListItem","position":4,"name":"DJI Air 3 Fly More Combo (DJI RC-N2)"}]},{"@type":"WebSite","@id":"https:\/\/koningdrone.be\/#website","url":"https:\/\/koningdrone.be\/","name":"Koningdrone.be - Votre sp\u00e9cialiste en ligne en mati\u00e8re de drones, de cardans, de cam\u00e9ras et de centrales \u00e9lectriques.","description":"La boutique en ligne de drones et de cardans","publisher":{"@id":"https:\/\/koningdrone.be\/#organization"},"potentialAction":[{"@type":"SearchAction","target":{"@type":"EntryPoint","urlTemplate":"https:\/\/koningdrone.be\/?s={search_term_string}"},"query-input":{"@type":"PropertyValueSpecification","valueRequired":true,"valueName":"search_term_string"}}],"inLanguage":"fr-BE"},{"@type":"Organization","@id":"https:\/\/koningdrone.be\/#organization","name":"Kingdrone.co.uk","url":"https:\/\/koningdrone.be\/","logo":{"@type":"ImageObject","inLanguage":"fr-BE","@id":"https:\/\/koningdrone.be\/#\/schema\/logo\/image\/","url":"https:\/\/koningdrone.be\/wp-content\/uploads\/sites\/13\/2025\/04\/koningdrone-copyright-logo.svg","contentUrl":"https:\/\/koningdrone.be\/wp-content\/uploads\/sites\/13\/2025\/04\/koningdrone-copyright-logo.svg","width":227,"height":38,"caption":"Koningdrone.be"},"image":{"@id":"https:\/\/koningdrone.be\/#\/schema\/logo\/image\/"}}]}},"df_price":1349,"df_sale_price":"","df_regular_price":1349,"df_image_link":"https:\/\/koningdrone.be\/wp-content\/uploads\/sites\/13\/2025\/04\/abaa7703aa197395abea1510d960d257@ultra-300x300.jpg","_links":{"self":[{"href":"https:\/\/koningdrone.be\/fr\/wp-json\/wp\/v2\/product\/4240","targetHints":{"allow":["GET"]}}],"collection":[{"href":"https:\/\/koningdrone.be\/fr\/wp-json\/wp\/v2\/product"}],"about":[{"href":"https:\/\/koningdrone.be\/fr\/wp-json\/wp\/v2\/types\/product"}],"wp:featuredmedia":[{"embeddable":true,"href":"https:\/\/koningdrone.be\/fr\/wp-json\/wp\/v2\/media\/4237"}],"wp:attachment":[{"href":"https:\/\/koningdrone.be\/fr\/wp-json\/wp\/v2\/media?parent=4240"}],"wp:term":[{"taxonomy":"product_brand","embeddable":true,"href":"https:\/\/koningdrone.be\/fr\/wp-json\/wp\/v2\/product_brand?post=4240"},{"taxonomy":"product_cat","embeddable":true,"href":"https:\/\/koningdrone.be\/fr\/wp-json\/wp\/v2\/product_cat?post=4240"},{"taxonomy":"product_tag","embeddable":true,"href":"https:\/\/koningdrone.be\/fr\/wp-json\/wp\/v2\/product_tag?post=4240"}],"curies":[{"name":"wp","href":"https:\/\/api.w.org\/{rel}","templated":true}]}}