{"id":4236,"date":"2023-09-28T09:55:35","date_gmt":"2023-09-28T07:55:35","guid":{"rendered":"https:\/\/koningdrone.nl\/kon\/product\/dji-air-3-dji-rc-n2\/"},"modified":"2026-04-29T15:50:46","modified_gmt":"2026-04-29T13:50:46","slug":"dji-air-3-dji-rc-n2","status":"publish","type":"product","link":"https:\/\/koningdrone.be\/fr\/produit\/dji-air-3-dji-rc-n2\/","title":{"rendered":"DJI Air 3 (DJI RC-N2)"},"content":{"rendered":"<p><strong>Aper\u00e7u du produit<\/strong><\/p>\n<p> Le drone Air 3 est dot\u00e9 d'une multitude de fonctions avanc\u00e9es con\u00e7ues pour fournir des images de qualit\u00e9 sup\u00e9rieure et des capacit\u00e9s op\u00e9rationnelles accrues. Avec son syst\u00e8me de cam\u00e9ra avanc\u00e9, ses capacit\u00e9s vid\u00e9o am\u00e9lior\u00e9es, son temps de vol prolong\u00e9 et sa gestion innovante de la batterie, il convient aussi bien aux passionn\u00e9s qu'aux utilisateurs professionnels. De plus, il garantit la s\u00e9curit\u00e9 gr\u00e2ce \u00e0 son syst\u00e8me complet d'\u00e9vitement des obstacles et utilise une technologie avanc\u00e9e pour une transmission vid\u00e9o fiable.<\/p>\n<p>  <strong>Syst\u00e8me de cam\u00e9ra avanc\u00e9<\/strong><\/p>\n<p> Le produit est dot\u00e9 d'une cam\u00e9ra CMOS grand angle de 1\/1,3 pouce et d'un t\u00e9l\u00e9objectif moyen 3x. Ensemble, ces cam\u00e9ras fournissent des images de haute qualit\u00e9, id\u00e9ales pour capturer des sc\u00e8nes dynamiques et des photos d\u00e9taill\u00e9es de 48 MP. Les images conservent leur clart\u00e9 m\u00eame lorsqu'elles sont recadr\u00e9es, r\u00e9pondant ainsi aux exigences \u00e9lev\u00e9es des photographes amateurs et professionnels.<\/p>\n<p>  <strong>Capacit\u00e9s vid\u00e9o am\u00e9lior\u00e9es<\/strong><\/p>\n<p> \u00c9quip\u00e9es d'une double sensibilit\u00e9 ISO native, les cam\u00e9ras du drone Air 3 peuvent enregistrer des vid\u00e9os 4K \u00e0 60 images par seconde en HDR (High Dynamic Range). Cette fonction permet de capturer des s\u00e9quences vid\u00e9o qui semblent \u00e0 la fois naturelles et riches en couleurs, et d'immortaliser des moments rapides et sereins avec une qualit\u00e9 exceptionnelle.<\/p>\n<p>  <strong>Dur\u00e9e de vol prolong\u00e9e<\/strong><\/p>\n<p> Le drone Air 3 a une dur\u00e9e de vol remarquable de 46 minutes, ce qui repr\u00e9sente une augmentation de 48% par rapport \u00e0 ses pr\u00e9d\u00e9cesseurs. Gr\u00e2ce \u00e0 cette extension, les utilisateurs peuvent profiter de p\u00e9riodes op\u00e9rationnelles plus longues et capturer des s\u00e9quences plus \u00e9tendues sans avoir \u00e0 s'inqui\u00e9ter d'une batterie souvent faible.<\/p>\n<p>  <strong>Gestion innovante de la batterie<\/strong><\/p>\n<p> \u00c9quip\u00e9 d'un concentrateur de charge de batterie sp\u00e9cialis\u00e9, le drone rationalise le processus de gestion de l'\u00e9nergie en chargeant efficacement les batteries et en permettant le transfert d'\u00e9nergie entre elles. Cette fonction garantit que le drone reste op\u00e9rationnel, ce qui permet une utilisation prolong\u00e9e, id\u00e9ale pour les prises de vue prolong\u00e9es et les vols s\u00e9quentiels.<\/p>\n<p>  <strong>\u00c9vitement des obstacles et s\u00e9curit\u00e9<\/strong><\/p>\n<p> \u00c9quip\u00e9 de capteurs multidirectionnels et utilisant les syst\u00e8mes avanc\u00e9s d'assistance au pilotage (APAS) 5.0, le drone Air 3 garantit une exp\u00e9rience de vol plus s\u00fbre. Ces syst\u00e8mes permettent de contourner les obstacles en douceur, ce qui r\u00e9duit consid\u00e9rablement le risque d'accident et favorise la s\u00e9curit\u00e9 pendant les op\u00e9rations de vol.<\/p>\n<p>  <strong>Transmission vid\u00e9o de nouvelle g\u00e9n\u00e9ration<\/strong><\/p>\n<p> Gr\u00e2ce \u00e0 la derni\u00e8re technologie de transmission vid\u00e9o O4, l'Air 3 peut transmettre des vid\u00e9os sur des distances allant jusqu'\u00e0 20 kilom\u00e8tres. Cette technologie permet un flux vid\u00e9o en direct stable et de haute qualit\u00e9 de 1080p\/60fps, permettant aux utilisateurs de compter sur une vue claire et coh\u00e9rente du flux de la cam\u00e9ra de leur drone, m\u00eame lorsqu'ils op\u00e8rent sur de longues distances.<\/p>","protected":false},"excerpt":{"rendered":"<ul>\n<li>Les cam\u00e9ras CMOS grand angle et t\u00e9l\u00e9objectif moyen de 1\/1,3 pouce fournissent des images de haute qualit\u00e9.<\/li>\n<li> Le temps de vol de 46 minutes repr\u00e9sente une augmentation de 48% par rapport au mod\u00e8le pr\u00e9c\u00e9dent.<\/li>\n<li> Le concentrateur de charge de batterie permet le transfert d'\u00e9nergie entre les batteries.<\/li>\n<li> L'appareil photo produit des photos de 48 MP avec des d\u00e9tails r\u00e9alistes.<\/li>\n<li> La double sensibilit\u00e9 ISO native prend en charge les vid\u00e9os HDR 4K\/60 images\/s sans recadrage.<\/li>\n<li> La d\u00e9tection des obstacles dans toutes les directions accro\u00eet la s\u00e9curit\u00e9.<\/li>\n<li> La technologie APAS 5.0 permet d'\u00e9viter les obstacles en douceur.<\/li>\n<li> La transmission vid\u00e9o O4 peut atteindre 20 km avec une connexion stable.<\/li>\n<li> Fournit un flux en direct de 1080p\/60fps pour une vid\u00e9o en temps r\u00e9el de haute qualit\u00e9.<\/li>\n<\/ul>","protected":false},"featured_media":4231,"template":"","meta":{"_acf_changed":false},"product_brand":[],"product_cat":[97,136,732,99],"product_tag":[],"class_list":{"0":"post-4236","1":"product","2":"type-product","3":"status-publish","4":"has-post-thumbnail","6":"product_cat-alle-producten","7":"product_cat-consumer-drones","8":"product_cat-dji-air-3","9":"product_cat-drones-met-certificaat","10":"product_shipping_class-outofstock","11":"pa_brand-dji","12":"pa_dronegrade-consumer","13":"pa_productfamily-drone","14":"pa_producttype-drone","15":"pa_series-air-3","17":"first","18":"outofstock","19":"taxable","20":"shipping-taxable","21":"purchasable","22":"product-type-simple"},"acf":[],"yoast_head":"<!-- This site is optimized with the Yoast SEO Premium plugin v27.2 (Yoast SEO v27.2) - https:\/\/yoast.com\/product\/yoast-seo-premium-wordpress\/ -->\n<title>DJI Air 3 (DJI RC-N2) - koningdrone.be<\/title>\n<meta name=\"robots\" content=\"index, follow, max-snippet:-1, max-image-preview:large, max-video-preview:-1\" \/>\n<link rel=\"canonical\" href=\"https:\/\/koningdrone.be\/fr\/produit\/dji-air-3-dji-rc-n2\/\" \/>\n<meta property=\"og:locale\" content=\"fr_FR\" \/>\n<meta property=\"og:type\" content=\"article\" \/>\n<meta property=\"og:title\" content=\"DJI Air 3 (DJI RC-N2)\" \/>\n<meta property=\"og:description\" content=\"1\/1,3-inch CMOS groothoek- en medium telecamera&#039;s zorgen voor beelden van hoge kwaliteit. De vliegtijd van 46 minuten vertegenwoordigt een toename van 48% ten opzichte van het vorige model. De batterijoplaadhub maakt stroomoverdracht tussen batterijen mogelijk. Camera&#039;s produceren 48 MP foto&#039;s met levensechte details. Dual native ISO ondersteunt 4K\/60fps HDR-video&#039;s zonder bijsnijden. Obstakeldetectie in alle richtingen verhoogt de veiligheid. APAS 5.0-technologie zorgt voor een soepelere ontwijking van obstakels. O4-videotransmissie reikt tot 20 km met stabiele verbinding. Levert 1080p\/60fps livefeed voor realtime video van hoge kwaliteit.\" \/>\n<meta property=\"og:url\" content=\"https:\/\/koningdrone.be\/fr\/produit\/dji-air-3-dji-rc-n2\/\" \/>\n<meta property=\"og:site_name\" content=\"koningdrone.be\" \/>\n<meta property=\"article:modified_time\" content=\"2026-04-29T13:50:46+00:00\" \/>\n<meta property=\"og:image\" content=\"https:\/\/koningdrone.be\/wp-content\/uploads\/sites\/13\/2025\/04\/6cebd8efcbc6c4e13bc21efb7e05be67@ultra.jpg\" \/>\n\t<meta property=\"og:image:width\" content=\"1280\" \/>\n\t<meta property=\"og:image:height\" content=\"1280\" \/>\n\t<meta property=\"og:image:type\" content=\"image\/jpeg\" \/>\n<meta name=\"twitter:card\" content=\"summary_large_image\" \/>\n<meta name=\"twitter:label1\" content=\"Dur\u00e9e de lecture est.\" \/>\n\t<meta name=\"twitter:data1\" content=\"2 minutes\" \/>\n<script type=\"application\/ld+json\" class=\"yoast-schema-graph\">{\"@context\":\"https:\/\/schema.org\",\"@graph\":[{\"@type\":\"WebPage\",\"@id\":\"https:\/\/koningdrone.be\/product\/dji-air-3-dji-rc-n2\/\",\"url\":\"https:\/\/koningdrone.be\/product\/dji-air-3-dji-rc-n2\/\",\"name\":\"DJI Air 3 (DJI RC-N2) - koningdrone.be\",\"isPartOf\":{\"@id\":\"https:\/\/koningdrone.be\/#website\"},\"primaryImageOfPage\":{\"@id\":\"https:\/\/koningdrone.be\/product\/dji-air-3-dji-rc-n2\/#primaryimage\"},\"image\":{\"@id\":\"https:\/\/koningdrone.be\/product\/dji-air-3-dji-rc-n2\/#primaryimage\"},\"thumbnailUrl\":\"https:\/\/koningdrone.be\/wp-content\/uploads\/sites\/13\/2025\/04\/6cebd8efcbc6c4e13bc21efb7e05be67@ultra.jpg\",\"datePublished\":\"2023-09-28T07:55:35+00:00\",\"dateModified\":\"2026-04-29T13:50:46+00:00\",\"breadcrumb\":{\"@id\":\"https:\/\/koningdrone.be\/product\/dji-air-3-dji-rc-n2\/#breadcrumb\"},\"inLanguage\":\"fr-BE\",\"potentialAction\":[{\"@type\":\"ReadAction\",\"target\":[\"https:\/\/koningdrone.be\/product\/dji-air-3-dji-rc-n2\/\"]}]},{\"@type\":\"ImageObject\",\"inLanguage\":\"fr-BE\",\"@id\":\"https:\/\/koningdrone.be\/product\/dji-air-3-dji-rc-n2\/#primaryimage\",\"url\":\"https:\/\/koningdrone.be\/wp-content\/uploads\/sites\/13\/2025\/04\/6cebd8efcbc6c4e13bc21efb7e05be67@ultra.jpg\",\"contentUrl\":\"https:\/\/koningdrone.be\/wp-content\/uploads\/sites\/13\/2025\/04\/6cebd8efcbc6c4e13bc21efb7e05be67@ultra.jpg\",\"width\":1280,\"height\":1280},{\"@type\":\"BreadcrumbList\",\"@id\":\"https:\/\/koningdrone.be\/product\/dji-air-3-dji-rc-n2\/#breadcrumb\",\"itemListElement\":[{\"@type\":\"ListItem\",\"position\":1,\"name\":\"Home\",\"item\":\"https:\/\/koningdrone.be\/\"},{\"@type\":\"ListItem\",\"position\":2,\"name\":\"AVSS Parachute Recovery System for DJI Matrice 300\/350\",\"item\":\"https:\/\/koningdrone.be\/product\/avss-parachute-recovery-system-for-dji-matrice-300-350\/\"},{\"@type\":\"ListItem\",\"position\":3,\"name\":\"Alle producten\",\"item\":\"https:\/\/koningdrone.be\/categorie\/alle-producten\/\"},{\"@type\":\"ListItem\",\"position\":4,\"name\":\"DJI Air 3 (DJI RC-N2)\"}]},{\"@type\":\"WebSite\",\"@id\":\"https:\/\/koningdrone.be\/#website\",\"url\":\"https:\/\/koningdrone.be\/\",\"name\":\"Koningdrone.be - Uw online specialist in drones, gimbals, camera's en power stations.\",\"description\":\"De webshop in drones en gimbals\",\"publisher\":{\"@id\":\"https:\/\/koningdrone.be\/#organization\"},\"potentialAction\":[{\"@type\":\"SearchAction\",\"target\":{\"@type\":\"EntryPoint\",\"urlTemplate\":\"https:\/\/koningdrone.be\/?s={search_term_string}\"},\"query-input\":{\"@type\":\"PropertyValueSpecification\",\"valueRequired\":true,\"valueName\":\"search_term_string\"}}],\"inLanguage\":\"fr-BE\"},{\"@type\":\"Organization\",\"@id\":\"https:\/\/koningdrone.be\/#organization\",\"name\":\"Koningdrone.be\",\"url\":\"https:\/\/koningdrone.be\/\",\"logo\":{\"@type\":\"ImageObject\",\"inLanguage\":\"fr-BE\",\"@id\":\"https:\/\/koningdrone.be\/#\/schema\/logo\/image\/\",\"url\":\"https:\/\/koningdrone.be\/wp-content\/uploads\/sites\/13\/2025\/04\/koningdrone-copyright-logo.svg\",\"contentUrl\":\"https:\/\/koningdrone.be\/wp-content\/uploads\/sites\/13\/2025\/04\/koningdrone-copyright-logo.svg\",\"width\":227,\"height\":38,\"caption\":\"Koningdrone.be\"},\"image\":{\"@id\":\"https:\/\/koningdrone.be\/#\/schema\/logo\/image\/\"}}]}<\/script>\n<!-- \/ Yoast SEO Premium plugin. -->","yoast_head_json":{"title":"DJI Air 3 (DJI RC-N2) - koningdrone.be","robots":{"index":"index","follow":"follow","max-snippet":"max-snippet:-1","max-image-preview":"max-image-preview:large","max-video-preview":"max-video-preview:-1"},"canonical":"https:\/\/koningdrone.be\/fr\/produit\/dji-air-3-dji-rc-n2\/","og_locale":"fr_FR","og_type":"article","og_title":"DJI Air 3 (DJI RC-N2)","og_description":"1\/1,3-inch CMOS groothoek- en medium telecamera&#039;s zorgen voor beelden van hoge kwaliteit. De vliegtijd van 46 minuten vertegenwoordigt een toename van 48% ten opzichte van het vorige model. De batterijoplaadhub maakt stroomoverdracht tussen batterijen mogelijk. Camera&#039;s produceren 48 MP foto&#039;s met levensechte details. Dual native ISO ondersteunt 4K\/60fps HDR-video&#039;s zonder bijsnijden. Obstakeldetectie in alle richtingen verhoogt de veiligheid. APAS 5.0-technologie zorgt voor een soepelere ontwijking van obstakels. O4-videotransmissie reikt tot 20 km met stabiele verbinding. Levert 1080p\/60fps livefeed voor realtime video van hoge kwaliteit.","og_url":"https:\/\/koningdrone.be\/fr\/produit\/dji-air-3-dji-rc-n2\/","og_site_name":"koningdrone.be","article_modified_time":"2026-04-29T13:50:46+00:00","og_image":[{"width":1280,"height":1280,"url":"https:\/\/koningdrone.be\/wp-content\/uploads\/sites\/13\/2025\/04\/6cebd8efcbc6c4e13bc21efb7e05be67@ultra.jpg","type":"image\/jpeg"}],"twitter_card":"summary_large_image","twitter_misc":{"Dur\u00e9e de lecture est.":"2 minutes"},"schema":{"@context":"https:\/\/schema.org","@graph":[{"@type":"WebPage","@id":"https:\/\/koningdrone.be\/product\/dji-air-3-dji-rc-n2\/","url":"https:\/\/koningdrone.be\/product\/dji-air-3-dji-rc-n2\/","name":"DJI Air 3 (DJI RC-N2) - koningdrone.be","isPartOf":{"@id":"https:\/\/koningdrone.be\/#website"},"primaryImageOfPage":{"@id":"https:\/\/koningdrone.be\/product\/dji-air-3-dji-rc-n2\/#primaryimage"},"image":{"@id":"https:\/\/koningdrone.be\/product\/dji-air-3-dji-rc-n2\/#primaryimage"},"thumbnailUrl":"https:\/\/koningdrone.be\/wp-content\/uploads\/sites\/13\/2025\/04\/6cebd8efcbc6c4e13bc21efb7e05be67@ultra.jpg","datePublished":"2023-09-28T07:55:35+00:00","dateModified":"2026-04-29T13:50:46+00:00","breadcrumb":{"@id":"https:\/\/koningdrone.be\/product\/dji-air-3-dji-rc-n2\/#breadcrumb"},"inLanguage":"fr-BE","potentialAction":[{"@type":"ReadAction","target":["https:\/\/koningdrone.be\/product\/dji-air-3-dji-rc-n2\/"]}]},{"@type":"ImageObject","inLanguage":"fr-BE","@id":"https:\/\/koningdrone.be\/product\/dji-air-3-dji-rc-n2\/#primaryimage","url":"https:\/\/koningdrone.be\/wp-content\/uploads\/sites\/13\/2025\/04\/6cebd8efcbc6c4e13bc21efb7e05be67@ultra.jpg","contentUrl":"https:\/\/koningdrone.be\/wp-content\/uploads\/sites\/13\/2025\/04\/6cebd8efcbc6c4e13bc21efb7e05be67@ultra.jpg","width":1280,"height":1280},{"@type":"BreadcrumbList","@id":"https:\/\/koningdrone.be\/product\/dji-air-3-dji-rc-n2\/#breadcrumb","itemListElement":[{"@type":"ListItem","position":1,"name":"Home","item":"https:\/\/koningdrone.be\/"},{"@type":"ListItem","position":2,"name":"AVSS Parachute Recovery System for DJI Matrice 300\/350","item":"https:\/\/koningdrone.be\/product\/avss-parachute-recovery-system-for-dji-matrice-300-350\/"},{"@type":"ListItem","position":3,"name":"Alle producten","item":"https:\/\/koningdrone.be\/categorie\/alle-producten\/"},{"@type":"ListItem","position":4,"name":"DJI Air 3 (DJI RC-N2)"}]},{"@type":"WebSite","@id":"https:\/\/koningdrone.be\/#website","url":"https:\/\/koningdrone.be\/","name":"Koningdrone.be - Votre sp\u00e9cialiste en ligne en mati\u00e8re de drones, de cardans, de cam\u00e9ras et de centrales \u00e9lectriques.","description":"La boutique en ligne de drones et de cardans","publisher":{"@id":"https:\/\/koningdrone.be\/#organization"},"potentialAction":[{"@type":"SearchAction","target":{"@type":"EntryPoint","urlTemplate":"https:\/\/koningdrone.be\/?s={search_term_string}"},"query-input":{"@type":"PropertyValueSpecification","valueRequired":true,"valueName":"search_term_string"}}],"inLanguage":"fr-BE"},{"@type":"Organization","@id":"https:\/\/koningdrone.be\/#organization","name":"Kingdrone.co.uk","url":"https:\/\/koningdrone.be\/","logo":{"@type":"ImageObject","inLanguage":"fr-BE","@id":"https:\/\/koningdrone.be\/#\/schema\/logo\/image\/","url":"https:\/\/koningdrone.be\/wp-content\/uploads\/sites\/13\/2025\/04\/koningdrone-copyright-logo.svg","contentUrl":"https:\/\/koningdrone.be\/wp-content\/uploads\/sites\/13\/2025\/04\/koningdrone-copyright-logo.svg","width":227,"height":38,"caption":"Koningdrone.be"},"image":{"@id":"https:\/\/koningdrone.be\/#\/schema\/logo\/image\/"}}]}},"df_price":1098.99,"df_sale_price":"","df_regular_price":1098.99,"df_image_link":"https:\/\/koningdrone.be\/wp-content\/uploads\/sites\/13\/2025\/04\/6cebd8efcbc6c4e13bc21efb7e05be67@ultra-300x300.jpg","_links":{"self":[{"href":"https:\/\/koningdrone.be\/fr\/wp-json\/wp\/v2\/product\/4236","targetHints":{"allow":["GET"]}}],"collection":[{"href":"https:\/\/koningdrone.be\/fr\/wp-json\/wp\/v2\/product"}],"about":[{"href":"https:\/\/koningdrone.be\/fr\/wp-json\/wp\/v2\/types\/product"}],"wp:featuredmedia":[{"embeddable":true,"href":"https:\/\/koningdrone.be\/fr\/wp-json\/wp\/v2\/media\/4231"}],"wp:attachment":[{"href":"https:\/\/koningdrone.be\/fr\/wp-json\/wp\/v2\/media?parent=4236"}],"wp:term":[{"taxonomy":"product_brand","embeddable":true,"href":"https:\/\/koningdrone.be\/fr\/wp-json\/wp\/v2\/product_brand?post=4236"},{"taxonomy":"product_cat","embeddable":true,"href":"https:\/\/koningdrone.be\/fr\/wp-json\/wp\/v2\/product_cat?post=4236"},{"taxonomy":"product_tag","embeddable":true,"href":"https:\/\/koningdrone.be\/fr\/wp-json\/wp\/v2\/product_tag?post=4236"}],"curies":[{"name":"wp","href":"https:\/\/api.w.org\/{rel}","templated":true}]}}