{"id":4230,"date":"2023-09-28T09:55:35","date_gmt":"2023-09-28T07:55:35","guid":{"rendered":"https:\/\/koningdrone.nl\/kon\/product\/dji-air-3-dji-care-refresh-2-year-plan\/"},"modified":"2026-04-29T16:10:15","modified_gmt":"2026-04-29T14:10:15","slug":"dji-air-3-dji-care-refresh-2-year-plan","status":"publish","type":"product","link":"https:\/\/koningdrone.be\/fr\/produit\/dji-air-3-dji-care-refresh-2-year-plan\/","title":{"rendered":"DJI Air 3 - DJI Care Refresh - Plan de 2 ans"},"content":{"rendered":"<h1>DJI Air 3 - DJI Care Refresh - Plan de 2 ans<\/h1>\n<p>DJI Care Refresh est un plan de protection pratique pour les produits DJI, en particulier pour le drone DJI Air 3. Il offre une tranquillit\u00e9 d'esprit et une couverture pour diverses situations, y compris les accidents et l'usure normale. En voici les points essentiels :<\/p>\n<p><\/p>\n<ul> <\/p>\n<li><strong>Couverture des accidents et de l'usure<\/strong>DJI Care Refresh : DJI Care Refresh couvre les dommages accidentels, tels que les collisions et les d\u00e9g\u00e2ts des eaux, ainsi que l'usure normale de votre DJI Air 3.<\/li>\n<p> <\/p>\n<li><strong>Options de remplacement<\/strong>: Si votre DJI Air 3 est endommag\u00e9, vous pouvez obtenir jusqu'\u00e0 deux pi\u00e8ces de rechange \u00e0 bas prix, moyennant des frais suppl\u00e9mentaires. Ces remplacements sont soit neufs, soit de qualit\u00e9 comparable \u00e0 celle des produits neufs.<\/li>\n<p> <\/p>\n<li><strong>Couverture du programme Fly Away<\/strong>DJI Care Refresh couvre \u00e9galement les situations o\u00f9 votre drone peut \u00eatre perdu en vol.<\/li>\n<p> <\/p>\n<li><strong>Couverture renouvelable<\/strong>DJI Care Refresh : Vous pouvez prolonger la protection de DJI Care Refresh pour des ann\u00e9es suppl\u00e9mentaires. Elle peut durer jusqu'\u00e0 3 ans au total.<\/li>\n<p> <\/p>\n<li><strong>Option express<\/strong>: Si vous choisissez l'option express, vous pouvez ignorer le processus d'\u00e9valuation. Un centre de service DJI vous enverra imm\u00e9diatement un produit de remplacement d\u00e8s qu'il aura re\u00e7u votre produit endommag\u00e9.<\/li>\n<p> <\/p>\n<li><strong>Pas de frais de port<\/strong>DJI prend en charge les frais d'exp\u00e9dition dans les deux sens lorsque vous retournez un produit pour un service de remplacement.<\/li>\n<p><\/ul>\n<p>Il est important de noter que le DJI Care Refresh ne peut \u00eatre achet\u00e9 et enregistr\u00e9 que lors d'un nouvel achat ou dans les 48 heures suivant l'activation initiale de votre DJI Air 3. Apr\u00e8s l'activation du code, l'annulation n'est plus possible. Il s'agit donc d'un moyen fiable de prot\u00e9ger votre investissement et d'avoir l'esprit tranquille lorsque vous utilisez votre drone\".<\/p>","protected":false},"excerpt":{"rendered":"<ul>\n<li>DJI Air 3 Care Refresh<\/li>\n<li>2 ans<\/li>\n<\/ul>","protected":false},"featured_media":4228,"template":"","meta":{"_acf_changed":false},"product_brand":[],"product_cat":[175,97,732],"product_tag":[],"class_list":{"0":"post-4230","1":"product","2":"type-product","3":"status-publish","4":"has-post-thumbnail","6":"product_cat-alle-care-refresh","7":"product_cat-alle-producten","8":"product_cat-dji-air-3","9":"product_shipping_class-outofstock","10":"pa_brand-dji","11":"pa_productfamily-care-refresh","12":"pa_producttype-care-refresh","13":"pa_series-air-3","15":"first","16":"outofstock","17":"taxable","18":"shipping-taxable","19":"purchasable","20":"product-type-simple"},"acf":[],"yoast_head":"<!-- This site is optimized with the Yoast SEO Premium plugin v27.2 (Yoast SEO v27.2) - https:\/\/yoast.com\/product\/yoast-seo-premium-wordpress\/ -->\n<title>DJI Air 3 - DJI Care Refresh - 2 Year Plan - koningdrone.be<\/title>\n<meta name=\"robots\" content=\"index, follow, max-snippet:-1, max-image-preview:large, max-video-preview:-1\" \/>\n<link rel=\"canonical\" href=\"https:\/\/koningdrone.be\/fr\/produit\/dji-air-3-dji-care-refresh-2-year-plan\/\" \/>\n<meta property=\"og:locale\" content=\"fr_FR\" \/>\n<meta property=\"og:type\" content=\"article\" \/>\n<meta property=\"og:title\" content=\"DJI Air 3 - DJI Care Refresh - 2 Year Plan\" \/>\n<meta property=\"og:description\" content=\"DJI Air 3 Care Refresh2 jaar\" \/>\n<meta property=\"og:url\" content=\"https:\/\/koningdrone.be\/fr\/produit\/dji-air-3-dji-care-refresh-2-year-plan\/\" \/>\n<meta property=\"og:site_name\" content=\"koningdrone.be\" \/>\n<meta property=\"article:modified_time\" content=\"2026-04-29T14:10:15+00:00\" \/>\n<meta property=\"og:image\" content=\"https:\/\/koningdrone.be\/wp-content\/uploads\/sites\/13\/2025\/04\/dji-care-refresh-dji-air-3.jpg\" \/>\n\t<meta property=\"og:image:width\" content=\"1200\" \/>\n\t<meta property=\"og:image:height\" content=\"1200\" \/>\n\t<meta property=\"og:image:type\" content=\"image\/jpeg\" \/>\n<meta name=\"twitter:card\" content=\"summary_large_image\" \/>\n<meta name=\"twitter:label1\" content=\"Dur\u00e9e de lecture est.\" \/>\n\t<meta name=\"twitter:data1\" content=\"1 minute\" \/>\n<script type=\"application\/ld+json\" class=\"yoast-schema-graph\">{\"@context\":\"https:\/\/schema.org\",\"@graph\":[{\"@type\":\"WebPage\",\"@id\":\"https:\/\/koningdrone.be\/product\/dji-air-3-dji-care-refresh-2-year-plan\/\",\"url\":\"https:\/\/koningdrone.be\/product\/dji-air-3-dji-care-refresh-2-year-plan\/\",\"name\":\"DJI Air 3 - DJI Care Refresh - 2 Year Plan - koningdrone.be\",\"isPartOf\":{\"@id\":\"https:\/\/koningdrone.be\/#website\"},\"primaryImageOfPage\":{\"@id\":\"https:\/\/koningdrone.be\/product\/dji-air-3-dji-care-refresh-2-year-plan\/#primaryimage\"},\"image\":{\"@id\":\"https:\/\/koningdrone.be\/product\/dji-air-3-dji-care-refresh-2-year-plan\/#primaryimage\"},\"thumbnailUrl\":\"https:\/\/koningdrone.be\/wp-content\/uploads\/sites\/13\/2025\/04\/dji-care-refresh-dji-air-3.jpg\",\"datePublished\":\"2023-09-28T07:55:35+00:00\",\"dateModified\":\"2026-04-29T14:10:15+00:00\",\"breadcrumb\":{\"@id\":\"https:\/\/koningdrone.be\/product\/dji-air-3-dji-care-refresh-2-year-plan\/#breadcrumb\"},\"inLanguage\":\"fr-BE\",\"potentialAction\":[{\"@type\":\"ReadAction\",\"target\":[\"https:\/\/koningdrone.be\/product\/dji-air-3-dji-care-refresh-2-year-plan\/\"]}]},{\"@type\":\"ImageObject\",\"inLanguage\":\"fr-BE\",\"@id\":\"https:\/\/koningdrone.be\/product\/dji-air-3-dji-care-refresh-2-year-plan\/#primaryimage\",\"url\":\"https:\/\/koningdrone.be\/wp-content\/uploads\/sites\/13\/2025\/04\/dji-care-refresh-dji-air-3.jpg\",\"contentUrl\":\"https:\/\/koningdrone.be\/wp-content\/uploads\/sites\/13\/2025\/04\/dji-care-refresh-dji-air-3.jpg\",\"width\":1200,\"height\":1200},{\"@type\":\"BreadcrumbList\",\"@id\":\"https:\/\/koningdrone.be\/product\/dji-air-3-dji-care-refresh-2-year-plan\/#breadcrumb\",\"itemListElement\":[{\"@type\":\"ListItem\",\"position\":1,\"name\":\"Home\",\"item\":\"https:\/\/koningdrone.be\/\"},{\"@type\":\"ListItem\",\"position\":2,\"name\":\"AVSS Parachute Recovery System for DJI Matrice 300\/350\",\"item\":\"https:\/\/koningdrone.be\/product\/avss-parachute-recovery-system-for-dji-matrice-300-350\/\"},{\"@type\":\"ListItem\",\"position\":3,\"name\":\"Alle care refresh\",\"item\":\"https:\/\/koningdrone.be\/categorie\/alle-care-refresh\/\"},{\"@type\":\"ListItem\",\"position\":4,\"name\":\"DJI Air 3 &#8211; DJI Care Refresh &#8211; 2 Year Plan\"}]},{\"@type\":\"WebSite\",\"@id\":\"https:\/\/koningdrone.be\/#website\",\"url\":\"https:\/\/koningdrone.be\/\",\"name\":\"Koningdrone.be - Uw online specialist in drones, gimbals, camera's en power stations.\",\"description\":\"De webshop in drones en gimbals\",\"publisher\":{\"@id\":\"https:\/\/koningdrone.be\/#organization\"},\"potentialAction\":[{\"@type\":\"SearchAction\",\"target\":{\"@type\":\"EntryPoint\",\"urlTemplate\":\"https:\/\/koningdrone.be\/?s={search_term_string}\"},\"query-input\":{\"@type\":\"PropertyValueSpecification\",\"valueRequired\":true,\"valueName\":\"search_term_string\"}}],\"inLanguage\":\"fr-BE\"},{\"@type\":\"Organization\",\"@id\":\"https:\/\/koningdrone.be\/#organization\",\"name\":\"Koningdrone.be\",\"url\":\"https:\/\/koningdrone.be\/\",\"logo\":{\"@type\":\"ImageObject\",\"inLanguage\":\"fr-BE\",\"@id\":\"https:\/\/koningdrone.be\/#\/schema\/logo\/image\/\",\"url\":\"https:\/\/koningdrone.be\/wp-content\/uploads\/sites\/13\/2025\/04\/koningdrone-copyright-logo.svg\",\"contentUrl\":\"https:\/\/koningdrone.be\/wp-content\/uploads\/sites\/13\/2025\/04\/koningdrone-copyright-logo.svg\",\"width\":227,\"height\":38,\"caption\":\"Koningdrone.be\"},\"image\":{\"@id\":\"https:\/\/koningdrone.be\/#\/schema\/logo\/image\/\"}}]}<\/script>\n<!-- \/ Yoast SEO Premium plugin. -->","yoast_head_json":{"title":"DJI Air 3 - DJI Care Refresh - 2 Year Plan - koningdrone.be","robots":{"index":"index","follow":"follow","max-snippet":"max-snippet:-1","max-image-preview":"max-image-preview:large","max-video-preview":"max-video-preview:-1"},"canonical":"https:\/\/koningdrone.be\/fr\/produit\/dji-air-3-dji-care-refresh-2-year-plan\/","og_locale":"fr_FR","og_type":"article","og_title":"DJI Air 3 - DJI Care Refresh - 2 Year Plan","og_description":"DJI Air 3 Care Refresh2 jaar","og_url":"https:\/\/koningdrone.be\/fr\/produit\/dji-air-3-dji-care-refresh-2-year-plan\/","og_site_name":"koningdrone.be","article_modified_time":"2026-04-29T14:10:15+00:00","og_image":[{"width":1200,"height":1200,"url":"https:\/\/koningdrone.be\/wp-content\/uploads\/sites\/13\/2025\/04\/dji-care-refresh-dji-air-3.jpg","type":"image\/jpeg"}],"twitter_card":"summary_large_image","twitter_misc":{"Dur\u00e9e de lecture est.":"1 minute"},"schema":{"@context":"https:\/\/schema.org","@graph":[{"@type":"WebPage","@id":"https:\/\/koningdrone.be\/product\/dji-air-3-dji-care-refresh-2-year-plan\/","url":"https:\/\/koningdrone.be\/product\/dji-air-3-dji-care-refresh-2-year-plan\/","name":"DJI Air 3 - DJI Care Refresh - 2 Year Plan - koningdrone.be","isPartOf":{"@id":"https:\/\/koningdrone.be\/#website"},"primaryImageOfPage":{"@id":"https:\/\/koningdrone.be\/product\/dji-air-3-dji-care-refresh-2-year-plan\/#primaryimage"},"image":{"@id":"https:\/\/koningdrone.be\/product\/dji-air-3-dji-care-refresh-2-year-plan\/#primaryimage"},"thumbnailUrl":"https:\/\/koningdrone.be\/wp-content\/uploads\/sites\/13\/2025\/04\/dji-care-refresh-dji-air-3.jpg","datePublished":"2023-09-28T07:55:35+00:00","dateModified":"2026-04-29T14:10:15+00:00","breadcrumb":{"@id":"https:\/\/koningdrone.be\/product\/dji-air-3-dji-care-refresh-2-year-plan\/#breadcrumb"},"inLanguage":"fr-BE","potentialAction":[{"@type":"ReadAction","target":["https:\/\/koningdrone.be\/product\/dji-air-3-dji-care-refresh-2-year-plan\/"]}]},{"@type":"ImageObject","inLanguage":"fr-BE","@id":"https:\/\/koningdrone.be\/product\/dji-air-3-dji-care-refresh-2-year-plan\/#primaryimage","url":"https:\/\/koningdrone.be\/wp-content\/uploads\/sites\/13\/2025\/04\/dji-care-refresh-dji-air-3.jpg","contentUrl":"https:\/\/koningdrone.be\/wp-content\/uploads\/sites\/13\/2025\/04\/dji-care-refresh-dji-air-3.jpg","width":1200,"height":1200},{"@type":"BreadcrumbList","@id":"https:\/\/koningdrone.be\/product\/dji-air-3-dji-care-refresh-2-year-plan\/#breadcrumb","itemListElement":[{"@type":"ListItem","position":1,"name":"Home","item":"https:\/\/koningdrone.be\/"},{"@type":"ListItem","position":2,"name":"AVSS Parachute Recovery System for DJI Matrice 300\/350","item":"https:\/\/koningdrone.be\/product\/avss-parachute-recovery-system-for-dji-matrice-300-350\/"},{"@type":"ListItem","position":3,"name":"Alle care refresh","item":"https:\/\/koningdrone.be\/categorie\/alle-care-refresh\/"},{"@type":"ListItem","position":4,"name":"DJI Air 3 &#8211; DJI Care Refresh &#8211; 2 Year Plan"}]},{"@type":"WebSite","@id":"https:\/\/koningdrone.be\/#website","url":"https:\/\/koningdrone.be\/","name":"Koningdrone.be - Votre sp\u00e9cialiste en ligne en mati\u00e8re de drones, de cardans, de cam\u00e9ras et de centrales \u00e9lectriques.","description":"La boutique en ligne de drones et de cardans","publisher":{"@id":"https:\/\/koningdrone.be\/#organization"},"potentialAction":[{"@type":"SearchAction","target":{"@type":"EntryPoint","urlTemplate":"https:\/\/koningdrone.be\/?s={search_term_string}"},"query-input":{"@type":"PropertyValueSpecification","valueRequired":true,"valueName":"search_term_string"}}],"inLanguage":"fr-BE"},{"@type":"Organization","@id":"https:\/\/koningdrone.be\/#organization","name":"Kingdrone.co.uk","url":"https:\/\/koningdrone.be\/","logo":{"@type":"ImageObject","inLanguage":"fr-BE","@id":"https:\/\/koningdrone.be\/#\/schema\/logo\/image\/","url":"https:\/\/koningdrone.be\/wp-content\/uploads\/sites\/13\/2025\/04\/koningdrone-copyright-logo.svg","contentUrl":"https:\/\/koningdrone.be\/wp-content\/uploads\/sites\/13\/2025\/04\/koningdrone-copyright-logo.svg","width":227,"height":38,"caption":"Koningdrone.be"},"image":{"@id":"https:\/\/koningdrone.be\/#\/schema\/logo\/image\/"}}]}},"df_price":189,"df_sale_price":"","df_regular_price":189,"df_image_link":"https:\/\/koningdrone.be\/wp-content\/uploads\/sites\/13\/2025\/04\/dji-care-refresh-dji-air-3-300x300.jpg","_links":{"self":[{"href":"https:\/\/koningdrone.be\/fr\/wp-json\/wp\/v2\/product\/4230","targetHints":{"allow":["GET"]}}],"collection":[{"href":"https:\/\/koningdrone.be\/fr\/wp-json\/wp\/v2\/product"}],"about":[{"href":"https:\/\/koningdrone.be\/fr\/wp-json\/wp\/v2\/types\/product"}],"wp:featuredmedia":[{"embeddable":true,"href":"https:\/\/koningdrone.be\/fr\/wp-json\/wp\/v2\/media\/4228"}],"wp:attachment":[{"href":"https:\/\/koningdrone.be\/fr\/wp-json\/wp\/v2\/media?parent=4230"}],"wp:term":[{"taxonomy":"product_brand","embeddable":true,"href":"https:\/\/koningdrone.be\/fr\/wp-json\/wp\/v2\/product_brand?post=4230"},{"taxonomy":"product_cat","embeddable":true,"href":"https:\/\/koningdrone.be\/fr\/wp-json\/wp\/v2\/product_cat?post=4230"},{"taxonomy":"product_tag","embeddable":true,"href":"https:\/\/koningdrone.be\/fr\/wp-json\/wp\/v2\/product_tag?post=4230"}],"curies":[{"name":"wp","href":"https:\/\/api.w.org\/{rel}","templated":true}]}}