{"id":4227,"date":"2023-09-28T09:55:35","date_gmt":"2023-09-28T07:55:35","guid":{"rendered":"https:\/\/koningdrone.nl\/kon\/product\/dji-rc-331-remote-smart-controller\/"},"modified":"2026-04-29T15:20:39","modified_gmt":"2026-04-29T13:20:39","slug":"dji-rc-331-remote-smart-controller","status":"publish","type":"product","link":"https:\/\/koningdrone.be\/fr\/produit\/dji-rc-331-remote-smart-controller\/","title":{"rendered":"T\u00e9l\u00e9commande DJI RC 2 - Remis \u00e0 neuf"},"content":{"rendered":"<h4>Krachtige verwerking voor een soepele ervaring<\/h4>\n<p>De DJI RC 2-afstandsbediening is uitgerust met een krachtige processor die zowel de CPU- als GPU-mogelijkheden aanzienlijk verbetert. Deze upgrade zorgt ervoor dat apps en het systeem soepel werken, waardoor u voor elke vlucht een intu\u00eftieve en naadloze besturingservaring krijgt.<\/p>\n<h4>Geavanceerde videotransmissietechnologie<\/h4>\n<p>De DJI RC 2 is uitgerust met de nieuwste DJI O4-videotransmissietechnologie en ondersteunt meerdere frequentiebanden (2,4 GHz, 5,1 GHz en 5,8 GHz). Deze vooruitgang biedt een verbeterde weerstand tegen interferentie. Bij gebruik met compatibele drones zoals de DJI Air 3 zorgt deze technologie ervoor dat de DJI RC 2 HD-video met lage latentie kan verzenden over afstanden tot 20 km.<\/p>\n<h4>Verbeterd antennesysteem voor betrouwbare verbinding<\/h4>\n<p>De DJI RC 2 combineert twee interne en twee externe antennes, met behulp van een 2T4R-antennesysteem (Two Transmitter, Four Receiver). Deze opstelling verdubbelt het aantal zend- en ontvangstantennes in vergelijking met zijn voorganger, waardoor de signaalsterkte wordt vergroot en de transmissieprestaties aanzienlijk worden verbeterd. Dit resulteert in een soepelere controle en veiliger vluchten.<\/p>\n<h4>High-Definition scherm voor helder zicht<\/h4>\n<p>Het wordt geleverd met een ingebouwd 5,5-inch FHD-scherm (Full High Definition) met een resolutie van 1920\u00d71080 pixels. Het scherm kan een helderheid tot 700 nits bereiken, waardoor zelfs bij fel zonlicht een duidelijk zicht wordt gegarandeerd.<\/p>\n<h4>Ruime opslagcapaciteit<\/h4>\n<p>De DJI RC 2 is uitgerust met 32 GB intern geheugen, wat voldoende ruimte biedt voor directe schermopnamen en datacaching. Bovendien ondersteunt het microSD-kaarten, waardoor u de flexibiliteit heeft om de opslag uit te breiden volgens uw behoeften.<\/p>\n<h4>Lichtgewicht en draagbaar ontwerp<\/h4>\n<p>Ondanks de verbeteringen in verwerkingskracht, videotransmissiemogelijkheden en de toevoeging van meer antennes, behoudt de DJI RC 2 een licht en compact ontwerp, met een gewicht van slechts 420 gram. Hierdoor is hij gemakkelijk vast te houden en te bedienen, zelfs gedurende langere perioden, waardoor een comfortabele gebruikerservaring wordt gegarandeerd.<\/p>\n<h4>Opmerkingen<\/h4>\n<p>[1] Compatibiliteit met frequentiebanden kan vari\u00ebren per regio en lokale regelgeving. [2] Maximaal bereik bereikt onder optimale omstandigheden zonder storingsbronnen. [3] De beschikbare opslagcapaciteit kan minder zijn vanwege systeemsoftware. [4] Het genoemde gewicht is zonder eventuele accessoires.<\/p>\n<h4>Over refurbished producten<\/h4>\n<p><em><strong>Dit product is gebruikt, maar verkeert in zeer goede\/zo goed als nieuwe staat. Het is binnen 14 dagen geretourneerd en vaak slechts kort gebruikt. De algehele staat is bijna als nieuw.<\/strong><\/em><\/p>\n","protected":false},"excerpt":{"rendered":"<ul>\n<li>\u00c9quip\u00e9 d'un processeur puissant pour un fonctionnement fluide de l'application.<\/li>\n<li>Dot\u00e9 de la technologie de transmission vid\u00e9o DJI O4 de nouvelle g\u00e9n\u00e9ration.<\/li>\n<li>Prend en charge les bandes de fr\u00e9quences 2,4 GHz, 5,1 GHz et 5,8 GHz.<\/li>\n<li>Permet de r\u00e9aliser des vid\u00e9os HD avec une faible latence dans un rayon de 20 km.<\/li>\n<li>Int\u00e8gre des antennes 2T4R pour am\u00e9liorer la puissance du signal.<\/li>\n<li>\u00c9cran FHD de 5,5 pouces 1920\u00d71080 avec une luminosit\u00e9 de 700 nits.<\/li>\n<li>Stockage int\u00e9gr\u00e9 de 32 Go avec possibilit\u00e9 d'extension microSD.<\/li>\n<li>Il ne p\u00e8se que 420 g pour une utilisation confortable et durable.<\/li>\n<\/ul>","protected":false},"featured_media":4224,"template":"","meta":{"_acf_changed":false},"product_brand":[],"product_cat":[122,97,335,297,139],"product_tag":[],"class_list":{"0":"post-4227","1":"product","2":"type-product","3":"status-publish","4":"has-post-thumbnail","6":"product_cat-alle-afstandsbedieningen","7":"product_cat-alle-producten","8":"product_cat-dji-air-3s","9":"product_cat-dji-osmo","10":"product_cat-refurbished","11":"product_shipping_class-outofstock","12":"pa_brand-dji","13":"pa_productfamily-afstandsbediening","14":"pa_producttype-afstandsbediening","16":"first","17":"outofstock","18":"taxable","19":"shipping-taxable","20":"purchasable","21":"product-type-simple"},"acf":[],"yoast_head":"<!-- This site is optimized with the Yoast SEO Premium plugin v27.2 (Yoast SEO v27.2) - https:\/\/yoast.com\/product\/yoast-seo-premium-wordpress\/ -->\n<title>DJI RC 2 Remote Controller - Refurbished - koningdrone.be<\/title>\n<meta name=\"robots\" content=\"index, follow, max-snippet:-1, max-image-preview:large, max-video-preview:-1\" \/>\n<link rel=\"canonical\" href=\"https:\/\/koningdrone.be\/fr\/produit\/dji-rc-331-remote-smart-controller\/\" \/>\n<meta property=\"og:locale\" content=\"fr_FR\" \/>\n<meta property=\"og:type\" content=\"article\" \/>\n<meta property=\"og:title\" content=\"DJI RC 2 Remote Controller - Refurbished\" \/>\n<meta property=\"og:description\" content=\"Uitgerust met een krachtige processor voor een soepele app-bediening.  Beschikt over de volgende generatie DJI O4-videotransmissietechnologie.  Ondersteunt de frequentiebanden 2,4GHz, 5,1GHz en 5,8GHz.  Bereikt HD-video met lage latentie binnen een bereik van 20 km.  Integreert 2T4R-antennes voor verbeterde signaalsterkte.  5,5-inch 1920\u00d71080 FHD-scherm met 700 nits helderheid.  32 GB ingebouwde opslag met ondersteuning voor microSD-uitbreiding.  Weegt slechts 420 gram voor comfortabel, langdurig gebruik.\" \/>\n<meta property=\"og:url\" content=\"https:\/\/koningdrone.be\/fr\/produit\/dji-rc-331-remote-smart-controller\/\" \/>\n<meta property=\"og:site_name\" content=\"koningdrone.be\" \/>\n<meta property=\"article:modified_time\" content=\"2026-04-29T13:20:39+00:00\" \/>\n<meta property=\"og:image\" content=\"https:\/\/koningdrone.be\/wp-content\/uploads\/sites\/13\/2025\/04\/e28a9335e35068a905ae561b9b0aeaa5@large.jpg\" \/>\n\t<meta property=\"og:image:width\" content=\"1200\" \/>\n\t<meta property=\"og:image:height\" content=\"800\" \/>\n\t<meta property=\"og:image:type\" content=\"image\/jpeg\" \/>\n<meta name=\"twitter:card\" content=\"summary_large_image\" \/>\n<meta name=\"twitter:label1\" content=\"Dur\u00e9e de lecture est.\" \/>\n\t<meta name=\"twitter:data1\" content=\"2 minutes\" \/>\n<script type=\"application\/ld+json\" class=\"yoast-schema-graph\">{\"@context\":\"https:\/\/schema.org\",\"@graph\":[{\"@type\":\"WebPage\",\"@id\":\"https:\/\/koningdrone.be\/product\/dji-rc-331-remote-smart-controller\/\",\"url\":\"https:\/\/koningdrone.be\/product\/dji-rc-331-remote-smart-controller\/\",\"name\":\"DJI RC 2 Remote Controller - Refurbished - koningdrone.be\",\"isPartOf\":{\"@id\":\"https:\/\/koningdrone.be\/#website\"},\"primaryImageOfPage\":{\"@id\":\"https:\/\/koningdrone.be\/product\/dji-rc-331-remote-smart-controller\/#primaryimage\"},\"image\":{\"@id\":\"https:\/\/koningdrone.be\/product\/dji-rc-331-remote-smart-controller\/#primaryimage\"},\"thumbnailUrl\":\"https:\/\/koningdrone.be\/wp-content\/uploads\/sites\/13\/2025\/04\/e28a9335e35068a905ae561b9b0aeaa5@large.jpg\",\"datePublished\":\"2023-09-28T07:55:35+00:00\",\"dateModified\":\"2026-04-29T13:20:39+00:00\",\"breadcrumb\":{\"@id\":\"https:\/\/koningdrone.be\/product\/dji-rc-331-remote-smart-controller\/#breadcrumb\"},\"inLanguage\":\"fr-BE\",\"potentialAction\":[{\"@type\":\"ReadAction\",\"target\":[\"https:\/\/koningdrone.be\/product\/dji-rc-331-remote-smart-controller\/\"]}]},{\"@type\":\"ImageObject\",\"inLanguage\":\"fr-BE\",\"@id\":\"https:\/\/koningdrone.be\/product\/dji-rc-331-remote-smart-controller\/#primaryimage\",\"url\":\"https:\/\/koningdrone.be\/wp-content\/uploads\/sites\/13\/2025\/04\/e28a9335e35068a905ae561b9b0aeaa5@large.jpg\",\"contentUrl\":\"https:\/\/koningdrone.be\/wp-content\/uploads\/sites\/13\/2025\/04\/e28a9335e35068a905ae561b9b0aeaa5@large.jpg\",\"width\":1200,\"height\":800},{\"@type\":\"BreadcrumbList\",\"@id\":\"https:\/\/koningdrone.be\/product\/dji-rc-331-remote-smart-controller\/#breadcrumb\",\"itemListElement\":[{\"@type\":\"ListItem\",\"position\":1,\"name\":\"Home\",\"item\":\"https:\/\/koningdrone.be\/\"},{\"@type\":\"ListItem\",\"position\":2,\"name\":\"AVSS Parachute Recovery System for DJI Matrice 300\/350\",\"item\":\"https:\/\/koningdrone.be\/product\/avss-parachute-recovery-system-for-dji-matrice-300-350\/\"},{\"@type\":\"ListItem\",\"position\":3,\"name\":\"Alle afstandsbedieningen\",\"item\":\"https:\/\/koningdrone.be\/categorie\/alle-afstandsbedieningen\/\"},{\"@type\":\"ListItem\",\"position\":4,\"name\":\"DJI RC 2 Remote Controller &#8211; Refurbished\"}]},{\"@type\":\"WebSite\",\"@id\":\"https:\/\/koningdrone.be\/#website\",\"url\":\"https:\/\/koningdrone.be\/\",\"name\":\"Koningdrone.be - Uw online specialist in drones, gimbals, camera's en power stations.\",\"description\":\"De webshop in drones en gimbals\",\"publisher\":{\"@id\":\"https:\/\/koningdrone.be\/#organization\"},\"potentialAction\":[{\"@type\":\"SearchAction\",\"target\":{\"@type\":\"EntryPoint\",\"urlTemplate\":\"https:\/\/koningdrone.be\/?s={search_term_string}\"},\"query-input\":{\"@type\":\"PropertyValueSpecification\",\"valueRequired\":true,\"valueName\":\"search_term_string\"}}],\"inLanguage\":\"fr-BE\"},{\"@type\":\"Organization\",\"@id\":\"https:\/\/koningdrone.be\/#organization\",\"name\":\"Koningdrone.be\",\"url\":\"https:\/\/koningdrone.be\/\",\"logo\":{\"@type\":\"ImageObject\",\"inLanguage\":\"fr-BE\",\"@id\":\"https:\/\/koningdrone.be\/#\/schema\/logo\/image\/\",\"url\":\"https:\/\/koningdrone.be\/wp-content\/uploads\/sites\/13\/2025\/04\/koningdrone-copyright-logo.svg\",\"contentUrl\":\"https:\/\/koningdrone.be\/wp-content\/uploads\/sites\/13\/2025\/04\/koningdrone-copyright-logo.svg\",\"width\":227,\"height\":38,\"caption\":\"Koningdrone.be\"},\"image\":{\"@id\":\"https:\/\/koningdrone.be\/#\/schema\/logo\/image\/\"}}]}<\/script>\n<!-- \/ Yoast SEO Premium plugin. -->","yoast_head_json":{"title":"DJI RC 2 Remote Controller - Refurbished - koningdrone.be","robots":{"index":"index","follow":"follow","max-snippet":"max-snippet:-1","max-image-preview":"max-image-preview:large","max-video-preview":"max-video-preview:-1"},"canonical":"https:\/\/koningdrone.be\/fr\/produit\/dji-rc-331-remote-smart-controller\/","og_locale":"fr_FR","og_type":"article","og_title":"DJI RC 2 Remote Controller - Refurbished","og_description":"Uitgerust met een krachtige processor voor een soepele app-bediening.  Beschikt over de volgende generatie DJI O4-videotransmissietechnologie.  Ondersteunt de frequentiebanden 2,4GHz, 5,1GHz en 5,8GHz.  Bereikt HD-video met lage latentie binnen een bereik van 20 km.  Integreert 2T4R-antennes voor verbeterde signaalsterkte.  5,5-inch 1920\u00d71080 FHD-scherm met 700 nits helderheid.  32 GB ingebouwde opslag met ondersteuning voor microSD-uitbreiding.  Weegt slechts 420 gram voor comfortabel, langdurig gebruik.","og_url":"https:\/\/koningdrone.be\/fr\/produit\/dji-rc-331-remote-smart-controller\/","og_site_name":"koningdrone.be","article_modified_time":"2026-04-29T13:20:39+00:00","og_image":[{"width":1200,"height":800,"url":"https:\/\/koningdrone.be\/wp-content\/uploads\/sites\/13\/2025\/04\/e28a9335e35068a905ae561b9b0aeaa5@large.jpg","type":"image\/jpeg"}],"twitter_card":"summary_large_image","twitter_misc":{"Dur\u00e9e de lecture est.":"2 minutes"},"schema":{"@context":"https:\/\/schema.org","@graph":[{"@type":"WebPage","@id":"https:\/\/koningdrone.be\/product\/dji-rc-331-remote-smart-controller\/","url":"https:\/\/koningdrone.be\/product\/dji-rc-331-remote-smart-controller\/","name":"DJI RC 2 Remote Controller - Refurbished - koningdrone.be","isPartOf":{"@id":"https:\/\/koningdrone.be\/#website"},"primaryImageOfPage":{"@id":"https:\/\/koningdrone.be\/product\/dji-rc-331-remote-smart-controller\/#primaryimage"},"image":{"@id":"https:\/\/koningdrone.be\/product\/dji-rc-331-remote-smart-controller\/#primaryimage"},"thumbnailUrl":"https:\/\/koningdrone.be\/wp-content\/uploads\/sites\/13\/2025\/04\/e28a9335e35068a905ae561b9b0aeaa5@large.jpg","datePublished":"2023-09-28T07:55:35+00:00","dateModified":"2026-04-29T13:20:39+00:00","breadcrumb":{"@id":"https:\/\/koningdrone.be\/product\/dji-rc-331-remote-smart-controller\/#breadcrumb"},"inLanguage":"fr-BE","potentialAction":[{"@type":"ReadAction","target":["https:\/\/koningdrone.be\/product\/dji-rc-331-remote-smart-controller\/"]}]},{"@type":"ImageObject","inLanguage":"fr-BE","@id":"https:\/\/koningdrone.be\/product\/dji-rc-331-remote-smart-controller\/#primaryimage","url":"https:\/\/koningdrone.be\/wp-content\/uploads\/sites\/13\/2025\/04\/e28a9335e35068a905ae561b9b0aeaa5@large.jpg","contentUrl":"https:\/\/koningdrone.be\/wp-content\/uploads\/sites\/13\/2025\/04\/e28a9335e35068a905ae561b9b0aeaa5@large.jpg","width":1200,"height":800},{"@type":"BreadcrumbList","@id":"https:\/\/koningdrone.be\/product\/dji-rc-331-remote-smart-controller\/#breadcrumb","itemListElement":[{"@type":"ListItem","position":1,"name":"Home","item":"https:\/\/koningdrone.be\/"},{"@type":"ListItem","position":2,"name":"AVSS Parachute Recovery System for DJI Matrice 300\/350","item":"https:\/\/koningdrone.be\/product\/avss-parachute-recovery-system-for-dji-matrice-300-350\/"},{"@type":"ListItem","position":3,"name":"Alle afstandsbedieningen","item":"https:\/\/koningdrone.be\/categorie\/alle-afstandsbedieningen\/"},{"@type":"ListItem","position":4,"name":"DJI RC 2 Remote Controller &#8211; Refurbished"}]},{"@type":"WebSite","@id":"https:\/\/koningdrone.be\/#website","url":"https:\/\/koningdrone.be\/","name":"Koningdrone.be - Votre sp\u00e9cialiste en ligne en mati\u00e8re de drones, de cardans, de cam\u00e9ras et de centrales \u00e9lectriques.","description":"La boutique en ligne de drones et de cardans","publisher":{"@id":"https:\/\/koningdrone.be\/#organization"},"potentialAction":[{"@type":"SearchAction","target":{"@type":"EntryPoint","urlTemplate":"https:\/\/koningdrone.be\/?s={search_term_string}"},"query-input":{"@type":"PropertyValueSpecification","valueRequired":true,"valueName":"search_term_string"}}],"inLanguage":"fr-BE"},{"@type":"Organization","@id":"https:\/\/koningdrone.be\/#organization","name":"Kingdrone.co.uk","url":"https:\/\/koningdrone.be\/","logo":{"@type":"ImageObject","inLanguage":"fr-BE","@id":"https:\/\/koningdrone.be\/#\/schema\/logo\/image\/","url":"https:\/\/koningdrone.be\/wp-content\/uploads\/sites\/13\/2025\/04\/koningdrone-copyright-logo.svg","contentUrl":"https:\/\/koningdrone.be\/wp-content\/uploads\/sites\/13\/2025\/04\/koningdrone-copyright-logo.svg","width":227,"height":38,"caption":"Koningdrone.be"},"image":{"@id":"https:\/\/koningdrone.be\/#\/schema\/logo\/image\/"}}]}},"df_price":359,"df_sale_price":"","df_regular_price":359,"df_image_link":"https:\/\/koningdrone.be\/wp-content\/uploads\/sites\/13\/2025\/04\/e28a9335e35068a905ae561b9b0aeaa5@large-300x200.jpg","_links":{"self":[{"href":"https:\/\/koningdrone.be\/fr\/wp-json\/wp\/v2\/product\/4227","targetHints":{"allow":["GET"]}}],"collection":[{"href":"https:\/\/koningdrone.be\/fr\/wp-json\/wp\/v2\/product"}],"about":[{"href":"https:\/\/koningdrone.be\/fr\/wp-json\/wp\/v2\/types\/product"}],"wp:featuredmedia":[{"embeddable":true,"href":"https:\/\/koningdrone.be\/fr\/wp-json\/wp\/v2\/media\/4224"}],"wp:attachment":[{"href":"https:\/\/koningdrone.be\/fr\/wp-json\/wp\/v2\/media?parent=4227"}],"wp:term":[{"taxonomy":"product_brand","embeddable":true,"href":"https:\/\/koningdrone.be\/fr\/wp-json\/wp\/v2\/product_brand?post=4227"},{"taxonomy":"product_cat","embeddable":true,"href":"https:\/\/koningdrone.be\/fr\/wp-json\/wp\/v2\/product_cat?post=4227"},{"taxonomy":"product_tag","embeddable":true,"href":"https:\/\/koningdrone.be\/fr\/wp-json\/wp\/v2\/product_tag?post=4227"}],"curies":[{"name":"wp","href":"https:\/\/api.w.org\/{rel}","templated":true}]}}