{"id":4223,"date":"2023-11-24T22:43:26","date_gmt":"2023-11-24T21:43:26","guid":{"rendered":"https:\/\/koningdrone.nl\/kon\/product\/dji-fpv-combo-transport-case-hprc-type-2500\/"},"modified":"2026-05-01T09:10:53","modified_gmt":"2026-05-01T07:10:53","slug":"dji-fpv-combo-transport-case-hprc-type-2500","status":"publish","type":"product","link":"https:\/\/koningdrone.be\/fr\/produit\/dji-fpv-combo-transport-case-hprc-type-2500\/","title":{"rendered":"DJI FPV Combo - Mallette de transport HPRC Type 2500"},"content":{"rendered":"<h1>DJI FPV Combo - Mallette de transport HPRC Type 2500<\/h1>\n<p>&nbsp;<\/p>\n<p>Le FPV-2500-01 est la valise HPRC bas\u00e9e sur le mod\u00e8le HPRC2500 et est con\u00e7ue pour transporter le DJI FPV Combo avec tous ses accessoires.<\/p>\n<p>&nbsp;<\/p>\n<p>Le rev\u00eatement en mousse peut contenir le DJI FPV Drone avec la batterie mont\u00e9e, 2 batteries Goggles, 1 kit Fly More, 1 Goggles V2 avec l'antenne Goggles mont\u00e9e (ou TrueRC), 1 t\u00e9l\u00e9commande, 1 contr\u00f4leur de mouvement, 1 adaptateur AC, h\u00e9lices (paire) \/ c\u00e2ble, 4 batteries de vol intelligentes.<\/p>\n<p>&nbsp;<\/p>\n<p>Gr\u00e2ce \u00e0 son poids l\u00e9ger et \u00e0 sa poign\u00e9e ergonomique, la mallette est tr\u00e8s pratique et facile \u00e0 emporter partout.<\/p>\n<p>&nbsp;<\/p>\n<p>Id\u00e9al comme bagage \u00e0 main (taille autoris\u00e9e en cabine). De plus, la valise est r\u00e9sistante aux chocs, \u00e0 la poussi\u00e8re, aux acides et \u00e9tanche, ce qui vous permet de transporter votre DJI FPV n'importe o\u00f9 et dans diff\u00e9rentes conditions.<\/p>\n<p>&nbsp;<\/p>\n<p>Le panneau Vector n'offre pas seulement une protection suppl\u00e9mentaire pour l'\u00e9quipement, mais permet \u00e9galement une organisation rapide et facile des pi\u00e8ces.<\/p>\n<p>&nbsp;<\/p>","protected":false},"excerpt":{"rendered":"<ul>\n<li>Conception compacte et portable<\/li>\n<li>Des r\u00e9sultats rapides et pr\u00e9cis<\/li>\n<li>Facile \u00e0 utiliser<\/li>\n<li>Diverses options de mesure<\/li>\n<li>Compatible avec diff\u00e9rents appareils<\/li>\n<\/ul>","protected":false},"featured_media":17822,"template":"","meta":{"_acf_changed":false},"product_brand":[],"product_cat":[97,201,719],"product_tag":[],"class_list":{"0":"post-4223","1":"product","2":"type-product","3":"status-publish","4":"has-post-thumbnail","6":"product_cat-alle-producten","7":"product_cat-alle-tassen-en-koffers","8":"product_cat-dji-fpv","9":"product_shipping_class-outofstock","10":"pa_brand-hprc","11":"pa_productfamily-koffer","12":"pa_producttype-koffer","13":"pa_series-dji-fpv","15":"first","16":"outofstock","17":"taxable","18":"shipping-taxable","19":"product-type-simple"},"acf":[],"yoast_head":"<!-- This site is optimized with the Yoast SEO Premium plugin v27.2 (Yoast SEO v27.2) - https:\/\/yoast.com\/product\/yoast-seo-premium-wordpress\/ -->\n<title>DJI FPV Combo - Transport Case HPRC Type 2500 - koningdrone.be<\/title>\n<meta name=\"robots\" content=\"index, follow, max-snippet:-1, max-image-preview:large, max-video-preview:-1\" \/>\n<link rel=\"canonical\" href=\"https:\/\/koningdrone.be\/fr\/produit\/dji-fpv-combo-transport-case-hprc-type-2500\/\" \/>\n<meta property=\"og:locale\" content=\"fr_FR\" \/>\n<meta property=\"og:type\" content=\"article\" \/>\n<meta property=\"og:title\" content=\"DJI FPV Combo - Transport Case HPRC Type 2500\" \/>\n<meta property=\"og:description\" content=\"Compact en draagbaar ontwerp  Snelle en nauwkeurige resultaten  Makkelijk in gebruik  Diverse meetmogelijkheden  Compatibel met verschillende apparaten\" \/>\n<meta property=\"og:url\" content=\"https:\/\/koningdrone.be\/fr\/produit\/dji-fpv-combo-transport-case-hprc-type-2500\/\" \/>\n<meta property=\"og:site_name\" content=\"koningdrone.be\" \/>\n<meta property=\"article:modified_time\" content=\"2026-05-01T07:10:53+00:00\" \/>\n<meta property=\"og:image\" content=\"https:\/\/koningdrone.be\/wp-content\/uploads\/sites\/13\/2026\/03\/dji-fpv-combo-transportkoffer-hprc-typ-2500.png\" \/>\n\t<meta property=\"og:image:width\" content=\"600\" \/>\n\t<meta property=\"og:image:height\" content=\"600\" \/>\n\t<meta property=\"og:image:type\" content=\"image\/png\" \/>\n<meta name=\"twitter:card\" content=\"summary_large_image\" \/>\n<meta name=\"twitter:label1\" content=\"Dur\u00e9e de lecture est.\" \/>\n\t<meta name=\"twitter:data1\" content=\"1 minute\" \/>\n<script type=\"application\/ld+json\" class=\"yoast-schema-graph\">{\"@context\":\"https:\/\/schema.org\",\"@graph\":[{\"@type\":\"WebPage\",\"@id\":\"https:\/\/koningdrone.be\/product\/dji-fpv-combo-transport-case-hprc-type-2500\/\",\"url\":\"https:\/\/koningdrone.be\/product\/dji-fpv-combo-transport-case-hprc-type-2500\/\",\"name\":\"DJI FPV Combo - Transport Case HPRC Type 2500 - koningdrone.be\",\"isPartOf\":{\"@id\":\"https:\/\/koningdrone.be\/#website\"},\"primaryImageOfPage\":{\"@id\":\"https:\/\/koningdrone.be\/product\/dji-fpv-combo-transport-case-hprc-type-2500\/#primaryimage\"},\"image\":{\"@id\":\"https:\/\/koningdrone.be\/product\/dji-fpv-combo-transport-case-hprc-type-2500\/#primaryimage\"},\"thumbnailUrl\":\"https:\/\/koningdrone.be\/wp-content\/uploads\/sites\/13\/2026\/03\/dji-fpv-combo-transportkoffer-hprc-typ-2500.png\",\"datePublished\":\"2023-11-24T21:43:26+00:00\",\"dateModified\":\"2026-05-01T07:10:53+00:00\",\"breadcrumb\":{\"@id\":\"https:\/\/koningdrone.be\/product\/dji-fpv-combo-transport-case-hprc-type-2500\/#breadcrumb\"},\"inLanguage\":\"fr-BE\",\"potentialAction\":[{\"@type\":\"ReadAction\",\"target\":[\"https:\/\/koningdrone.be\/product\/dji-fpv-combo-transport-case-hprc-type-2500\/\"]}]},{\"@type\":\"ImageObject\",\"inLanguage\":\"fr-BE\",\"@id\":\"https:\/\/koningdrone.be\/product\/dji-fpv-combo-transport-case-hprc-type-2500\/#primaryimage\",\"url\":\"https:\/\/koningdrone.be\/wp-content\/uploads\/sites\/13\/2026\/03\/dji-fpv-combo-transportkoffer-hprc-typ-2500.png\",\"contentUrl\":\"https:\/\/koningdrone.be\/wp-content\/uploads\/sites\/13\/2026\/03\/dji-fpv-combo-transportkoffer-hprc-typ-2500.png\",\"width\":600,\"height\":600},{\"@type\":\"BreadcrumbList\",\"@id\":\"https:\/\/koningdrone.be\/product\/dji-fpv-combo-transport-case-hprc-type-2500\/#breadcrumb\",\"itemListElement\":[{\"@type\":\"ListItem\",\"position\":1,\"name\":\"Home\",\"item\":\"https:\/\/koningdrone.be\/\"},{\"@type\":\"ListItem\",\"position\":2,\"name\":\"AVSS Parachute Recovery System for DJI Matrice 300\/350\",\"item\":\"https:\/\/koningdrone.be\/product\/avss-parachute-recovery-system-for-dji-matrice-300-350\/\"},{\"@type\":\"ListItem\",\"position\":3,\"name\":\"Alle producten\",\"item\":\"https:\/\/koningdrone.be\/categorie\/alle-producten\/\"},{\"@type\":\"ListItem\",\"position\":4,\"name\":\"DJI FPV Combo &#8211; Transport Case HPRC Type 2500\"}]},{\"@type\":\"WebSite\",\"@id\":\"https:\/\/koningdrone.be\/#website\",\"url\":\"https:\/\/koningdrone.be\/\",\"name\":\"Koningdrone.be - Uw online specialist in drones, gimbals, camera's en power stations.\",\"description\":\"De webshop in drones en gimbals\",\"publisher\":{\"@id\":\"https:\/\/koningdrone.be\/#organization\"},\"potentialAction\":[{\"@type\":\"SearchAction\",\"target\":{\"@type\":\"EntryPoint\",\"urlTemplate\":\"https:\/\/koningdrone.be\/?s={search_term_string}\"},\"query-input\":{\"@type\":\"PropertyValueSpecification\",\"valueRequired\":true,\"valueName\":\"search_term_string\"}}],\"inLanguage\":\"fr-BE\"},{\"@type\":\"Organization\",\"@id\":\"https:\/\/koningdrone.be\/#organization\",\"name\":\"Koningdrone.be\",\"url\":\"https:\/\/koningdrone.be\/\",\"logo\":{\"@type\":\"ImageObject\",\"inLanguage\":\"fr-BE\",\"@id\":\"https:\/\/koningdrone.be\/#\/schema\/logo\/image\/\",\"url\":\"https:\/\/koningdrone.be\/wp-content\/uploads\/sites\/13\/2025\/04\/koningdrone-copyright-logo.svg\",\"contentUrl\":\"https:\/\/koningdrone.be\/wp-content\/uploads\/sites\/13\/2025\/04\/koningdrone-copyright-logo.svg\",\"width\":227,\"height\":38,\"caption\":\"Koningdrone.be\"},\"image\":{\"@id\":\"https:\/\/koningdrone.be\/#\/schema\/logo\/image\/\"}}]}<\/script>\n<!-- \/ Yoast SEO Premium plugin. -->","yoast_head_json":{"title":"DJI FPV Combo - Transport Case HPRC Type 2500 - koningdrone.be","robots":{"index":"index","follow":"follow","max-snippet":"max-snippet:-1","max-image-preview":"max-image-preview:large","max-video-preview":"max-video-preview:-1"},"canonical":"https:\/\/koningdrone.be\/fr\/produit\/dji-fpv-combo-transport-case-hprc-type-2500\/","og_locale":"fr_FR","og_type":"article","og_title":"DJI FPV Combo - Transport Case HPRC Type 2500","og_description":"Compact en draagbaar ontwerp  Snelle en nauwkeurige resultaten  Makkelijk in gebruik  Diverse meetmogelijkheden  Compatibel met verschillende apparaten","og_url":"https:\/\/koningdrone.be\/fr\/produit\/dji-fpv-combo-transport-case-hprc-type-2500\/","og_site_name":"koningdrone.be","article_modified_time":"2026-05-01T07:10:53+00:00","og_image":[{"width":600,"height":600,"url":"https:\/\/koningdrone.be\/wp-content\/uploads\/sites\/13\/2026\/03\/dji-fpv-combo-transportkoffer-hprc-typ-2500.png","type":"image\/png"}],"twitter_card":"summary_large_image","twitter_misc":{"Dur\u00e9e de lecture est.":"1 minute"},"schema":{"@context":"https:\/\/schema.org","@graph":[{"@type":"WebPage","@id":"https:\/\/koningdrone.be\/product\/dji-fpv-combo-transport-case-hprc-type-2500\/","url":"https:\/\/koningdrone.be\/product\/dji-fpv-combo-transport-case-hprc-type-2500\/","name":"DJI FPV Combo - Transport Case HPRC Type 2500 - koningdrone.be","isPartOf":{"@id":"https:\/\/koningdrone.be\/#website"},"primaryImageOfPage":{"@id":"https:\/\/koningdrone.be\/product\/dji-fpv-combo-transport-case-hprc-type-2500\/#primaryimage"},"image":{"@id":"https:\/\/koningdrone.be\/product\/dji-fpv-combo-transport-case-hprc-type-2500\/#primaryimage"},"thumbnailUrl":"https:\/\/koningdrone.be\/wp-content\/uploads\/sites\/13\/2026\/03\/dji-fpv-combo-transportkoffer-hprc-typ-2500.png","datePublished":"2023-11-24T21:43:26+00:00","dateModified":"2026-05-01T07:10:53+00:00","breadcrumb":{"@id":"https:\/\/koningdrone.be\/product\/dji-fpv-combo-transport-case-hprc-type-2500\/#breadcrumb"},"inLanguage":"fr-BE","potentialAction":[{"@type":"ReadAction","target":["https:\/\/koningdrone.be\/product\/dji-fpv-combo-transport-case-hprc-type-2500\/"]}]},{"@type":"ImageObject","inLanguage":"fr-BE","@id":"https:\/\/koningdrone.be\/product\/dji-fpv-combo-transport-case-hprc-type-2500\/#primaryimage","url":"https:\/\/koningdrone.be\/wp-content\/uploads\/sites\/13\/2026\/03\/dji-fpv-combo-transportkoffer-hprc-typ-2500.png","contentUrl":"https:\/\/koningdrone.be\/wp-content\/uploads\/sites\/13\/2026\/03\/dji-fpv-combo-transportkoffer-hprc-typ-2500.png","width":600,"height":600},{"@type":"BreadcrumbList","@id":"https:\/\/koningdrone.be\/product\/dji-fpv-combo-transport-case-hprc-type-2500\/#breadcrumb","itemListElement":[{"@type":"ListItem","position":1,"name":"Home","item":"https:\/\/koningdrone.be\/"},{"@type":"ListItem","position":2,"name":"AVSS Parachute Recovery System for DJI Matrice 300\/350","item":"https:\/\/koningdrone.be\/product\/avss-parachute-recovery-system-for-dji-matrice-300-350\/"},{"@type":"ListItem","position":3,"name":"Alle producten","item":"https:\/\/koningdrone.be\/categorie\/alle-producten\/"},{"@type":"ListItem","position":4,"name":"DJI FPV Combo &#8211; Transport Case HPRC Type 2500"}]},{"@type":"WebSite","@id":"https:\/\/koningdrone.be\/#website","url":"https:\/\/koningdrone.be\/","name":"Koningdrone.be - Votre sp\u00e9cialiste en ligne en mati\u00e8re de drones, de cardans, de cam\u00e9ras et de centrales \u00e9lectriques.","description":"La boutique en ligne de drones et de cardans","publisher":{"@id":"https:\/\/koningdrone.be\/#organization"},"potentialAction":[{"@type":"SearchAction","target":{"@type":"EntryPoint","urlTemplate":"https:\/\/koningdrone.be\/?s={search_term_string}"},"query-input":{"@type":"PropertyValueSpecification","valueRequired":true,"valueName":"search_term_string"}}],"inLanguage":"fr-BE"},{"@type":"Organization","@id":"https:\/\/koningdrone.be\/#organization","name":"Kingdrone.co.uk","url":"https:\/\/koningdrone.be\/","logo":{"@type":"ImageObject","inLanguage":"fr-BE","@id":"https:\/\/koningdrone.be\/#\/schema\/logo\/image\/","url":"https:\/\/koningdrone.be\/wp-content\/uploads\/sites\/13\/2025\/04\/koningdrone-copyright-logo.svg","contentUrl":"https:\/\/koningdrone.be\/wp-content\/uploads\/sites\/13\/2025\/04\/koningdrone-copyright-logo.svg","width":227,"height":38,"caption":"Koningdrone.be"},"image":{"@id":"https:\/\/koningdrone.be\/#\/schema\/logo\/image\/"}}]}},"df_price":"","df_sale_price":"","df_regular_price":"","df_image_link":"https:\/\/koningdrone.be\/wp-content\/uploads\/sites\/13\/2026\/03\/dji-fpv-combo-transportkoffer-hprc-typ-2500-300x300.png","_links":{"self":[{"href":"https:\/\/koningdrone.be\/fr\/wp-json\/wp\/v2\/product\/4223","targetHints":{"allow":["GET"]}}],"collection":[{"href":"https:\/\/koningdrone.be\/fr\/wp-json\/wp\/v2\/product"}],"about":[{"href":"https:\/\/koningdrone.be\/fr\/wp-json\/wp\/v2\/types\/product"}],"wp:featuredmedia":[{"embeddable":true,"href":"https:\/\/koningdrone.be\/fr\/wp-json\/wp\/v2\/media\/17822"}],"wp:attachment":[{"href":"https:\/\/koningdrone.be\/fr\/wp-json\/wp\/v2\/media?parent=4223"}],"wp:term":[{"taxonomy":"product_brand","embeddable":true,"href":"https:\/\/koningdrone.be\/fr\/wp-json\/wp\/v2\/product_brand?post=4223"},{"taxonomy":"product_cat","embeddable":true,"href":"https:\/\/koningdrone.be\/fr\/wp-json\/wp\/v2\/product_cat?post=4223"},{"taxonomy":"product_tag","embeddable":true,"href":"https:\/\/koningdrone.be\/fr\/wp-json\/wp\/v2\/product_tag?post=4223"}],"curies":[{"name":"wp","href":"https:\/\/api.w.org\/{rel}","templated":true}]}}