{"id":4220,"date":"2023-11-28T18:49:48","date_gmt":"2023-11-28T17:49:48","guid":{"rendered":"https:\/\/koningdrone.nl\/kon\/product\/dji-care-pro-dji-inspire-3-1-year-code\/"},"modified":"2026-04-29T15:51:05","modified_gmt":"2026-04-29T13:51:05","slug":"dji-care-pro-dji-inspire-3-1-year-code","status":"publish","type":"product","link":"https:\/\/koningdrone.be\/fr\/produit\/dji-care-pro-dji-inspire-3-1-year-code\/","title":{"rendered":"DJI Care Pro (DJI Inspire 3) 1 an (Code)"},"content":{"rendered":"<p><strong>Conditions d'achat<\/strong><br \/>\nIncendie d'un produit nouveau et non activ\u00e9<br \/>\nProduit activ\u00e9 dans les 48 heures<\/p>\n<p>&nbsp;<\/p>\n<p><strong>Sc\u00e9narios couverts<\/strong><br \/>\nR\u00e9parations gratuites illimit\u00e9es (dans la limite de la couverture) : D\u00e9g\u00e2ts des eaux, d\u00e9g\u00e2ts de collision, envol.<br \/>\net autres dommages accidentels<\/p>\n<p>&nbsp;<\/p>\n<p><strong>Pi\u00e8ces couvertes<\/strong><br \/>\nAvion, t\u00e9l\u00e9commande, cam\u00e9ra \u00e0 cardan (sans objectif), batterie intelligente (uniquement pour le service de remplacement), h\u00e9lices et PROSSD 1TB.<\/p>\n<p>&nbsp;<\/p>\n<p><strong>Remplacement gratuit de la batterie<\/strong><br \/>\nRemplacement gratuit de 2 batteries pendant la p\u00e9riode de validit\u00e9 de DJI Care Pro<\/p>\n<p>&nbsp;<\/p>\n<p><strong>Limite de couverture<\/strong><br \/>\n11 000 euros<\/p>\n<p>&nbsp;<\/p>\n<p><strong>S'envoler<\/strong><br \/>\n5500 euros<br \/>\nDJI Care Pro est d\u00e9sormais extensible<br \/>\nDJI Care Pro peut \u00eatre prolong\u00e9 jusqu'\u00e0 une dur\u00e9e totale maximale de 4 ans, au plus tard 15 jours apr\u00e8s l'expiration de la dur\u00e9e du contrat en cours.<br \/>\nDJI Care Pro 1 an : peut \u00eatre renouvel\u00e9 3 fois pour 1 an \u00e0 chaque fois (la derni\u00e8re fois dans les 15 jours suivant l'expiration de la protection Care actuelle).<br \/>\nRemarque : DJI Care Pro 1 an ne peut pas \u00eatre prolong\u00e9 avec DJI Care Pro 2 ans.<br \/>\nS'envoler<br \/>\nEn cas d'incident, vous pouvez acheter le m\u00eame produit \u00e0 un prix r\u00e9duit (60-70% discount).<\/p>\n<p>&nbsp;<\/p>\n<p><strong>Co\u00fbt des services<\/strong><br \/>\nService gratuit : sous garantie \/ couverture restante sur<br \/>\nService pay\u00e9 : aucun montant de couverture restant<\/p>\n<p>&nbsp;<\/p>\n<p><strong>Maintenance de l'usine<\/strong><br \/>\nUne maintenance d'usine gratuite (service standard) par an, comprenant l'inspection des composants, la mise \u00e0 jour du micrologiciel, l'\u00e9talonnage et le remplacement des pi\u00e8ces sensibles, ainsi qu'un rapport de maintenance officiel.<\/p>\n<p>&nbsp;<\/p>\n<p><strong>R\u00e9compenses pour l'extension des services<\/strong><br \/>\nLorsque DJI Care Pro expire, la garantie peut \u00eatre prolong\u00e9e de 12 mois si la limite de couverture restante est sup\u00e9rieure \u00e0 80%.<\/p>\n<p>&nbsp;<\/p>","protected":false},"excerpt":{"rendered":"<ul>\n<li>Produit nouveau et non activ\u00e9<\/li>\n<li>Couverture des dommages caus\u00e9s par l'eau et la collision<\/li>\n<li>R\u00e9parations gratuites illimit\u00e9es<\/li>\n<li>Remplacement gratuit de 2 piles<\/li>\n<li>Limite de couverture de 11 000 euros<\/li>\n<li>Renouvelable jusqu'\u00e0 4 ans<\/li>\n<li>Prix r\u00e9duit en cas d'incident d'envol<\/li>\n<li>Entretien annuel gratuit en usine<\/li>\n<li>Extension de la garantie pour un montant r\u00e9siduel \u00e9lev\u00e9<\/li>\n<\/ul>","protected":false},"featured_media":17814,"template":"","meta":{"_acf_changed":false},"product_brand":[],"product_cat":[175,97,433],"product_tag":[],"class_list":{"0":"post-4220","1":"product","2":"type-product","3":"status-publish","4":"has-post-thumbnail","6":"product_cat-alle-care-refresh","7":"product_cat-alle-producten","8":"product_cat-dji-inspire-3","9":"product_shipping_class-outofstock","10":"pa_brand-dji","11":"pa_productfamily-care-refresh","12":"pa_producttype-care-refresh","13":"pa_series-inspire-3","15":"first","16":"outofstock","17":"taxable","18":"shipping-taxable","19":"purchasable","20":"product-type-simple"},"acf":[],"yoast_head":"<!-- This site is optimized with the Yoast SEO Premium plugin v27.2 (Yoast SEO v27.2) - https:\/\/yoast.com\/product\/yoast-seo-premium-wordpress\/ -->\n<title>DJI Care Pro (DJI Inspire 3) 1 Year (Code) - koningdrone.be<\/title>\n<meta name=\"robots\" content=\"index, follow, max-snippet:-1, max-image-preview:large, max-video-preview:-1\" \/>\n<link rel=\"canonical\" href=\"https:\/\/koningdrone.be\/fr\/produit\/dji-care-pro-dji-inspire-3-1-year-code\/\" \/>\n<meta property=\"og:locale\" content=\"fr_FR\" \/>\n<meta property=\"og:type\" content=\"article\" \/>\n<meta property=\"og:title\" content=\"DJI Care Pro (DJI Inspire 3) 1 Year (Code)\" \/>\n<meta property=\"og:description\" content=\"Nieuw en ongeactiveerd product  Dekking van water- en botsingschade  Onbeperkt aantal gratis reparaties  Gratis vervanging van 2 batterijen  Dekkingslimiet van 11.000 Euro  Verlengbaar tot maximaal 4 jaar  Reductieprijs bij flyaway-incident  Gratis fabrieksonderhoud per jaar  Verlenging van garantie bij hoog resterend bedrag\" \/>\n<meta property=\"og:url\" content=\"https:\/\/koningdrone.be\/fr\/produit\/dji-care-pro-dji-inspire-3-1-year-code\/\" \/>\n<meta property=\"og:site_name\" content=\"koningdrone.be\" \/>\n<meta property=\"article:modified_time\" content=\"2026-04-29T13:51:05+00:00\" \/>\n<meta property=\"og:image\" content=\"https:\/\/koningdrone.be\/wp-content\/uploads\/sites\/13\/2026\/03\/dji-care-pro-dji-inspire-3-2-jahre-code-de.jpg\" \/>\n\t<meta property=\"og:image:width\" content=\"800\" \/>\n\t<meta property=\"og:image:height\" content=\"533\" \/>\n\t<meta property=\"og:image:type\" content=\"image\/jpeg\" \/>\n<meta name=\"twitter:card\" content=\"summary_large_image\" \/>\n<meta name=\"twitter:label1\" content=\"Dur\u00e9e de lecture est.\" \/>\n\t<meta name=\"twitter:data1\" content=\"1 minute\" \/>\n<script type=\"application\/ld+json\" class=\"yoast-schema-graph\">{\"@context\":\"https:\/\/schema.org\",\"@graph\":[{\"@type\":\"WebPage\",\"@id\":\"https:\/\/koningdrone.be\/product\/dji-care-pro-dji-inspire-3-1-year-code\/\",\"url\":\"https:\/\/koningdrone.be\/product\/dji-care-pro-dji-inspire-3-1-year-code\/\",\"name\":\"DJI Care Pro (DJI Inspire 3) 1 Year (Code) - koningdrone.be\",\"isPartOf\":{\"@id\":\"https:\/\/koningdrone.be\/#website\"},\"primaryImageOfPage\":{\"@id\":\"https:\/\/koningdrone.be\/product\/dji-care-pro-dji-inspire-3-1-year-code\/#primaryimage\"},\"image\":{\"@id\":\"https:\/\/koningdrone.be\/product\/dji-care-pro-dji-inspire-3-1-year-code\/#primaryimage\"},\"thumbnailUrl\":\"https:\/\/koningdrone.be\/wp-content\/uploads\/sites\/13\/2026\/03\/dji-care-pro-dji-inspire-3-2-jahre-code-de.jpg\",\"datePublished\":\"2023-11-28T17:49:48+00:00\",\"dateModified\":\"2026-04-29T13:51:05+00:00\",\"breadcrumb\":{\"@id\":\"https:\/\/koningdrone.be\/product\/dji-care-pro-dji-inspire-3-1-year-code\/#breadcrumb\"},\"inLanguage\":\"fr-BE\",\"potentialAction\":[{\"@type\":\"ReadAction\",\"target\":[\"https:\/\/koningdrone.be\/product\/dji-care-pro-dji-inspire-3-1-year-code\/\"]}]},{\"@type\":\"ImageObject\",\"inLanguage\":\"fr-BE\",\"@id\":\"https:\/\/koningdrone.be\/product\/dji-care-pro-dji-inspire-3-1-year-code\/#primaryimage\",\"url\":\"https:\/\/koningdrone.be\/wp-content\/uploads\/sites\/13\/2026\/03\/dji-care-pro-dji-inspire-3-2-jahre-code-de.jpg\",\"contentUrl\":\"https:\/\/koningdrone.be\/wp-content\/uploads\/sites\/13\/2026\/03\/dji-care-pro-dji-inspire-3-2-jahre-code-de.jpg\",\"width\":800,\"height\":533},{\"@type\":\"BreadcrumbList\",\"@id\":\"https:\/\/koningdrone.be\/product\/dji-care-pro-dji-inspire-3-1-year-code\/#breadcrumb\",\"itemListElement\":[{\"@type\":\"ListItem\",\"position\":1,\"name\":\"Home\",\"item\":\"https:\/\/koningdrone.be\/\"},{\"@type\":\"ListItem\",\"position\":2,\"name\":\"AVSS Parachute Recovery System for DJI Matrice 300\/350\",\"item\":\"https:\/\/koningdrone.be\/product\/avss-parachute-recovery-system-for-dji-matrice-300-350\/\"},{\"@type\":\"ListItem\",\"position\":3,\"name\":\"Alle care refresh\",\"item\":\"https:\/\/koningdrone.be\/categorie\/alle-care-refresh\/\"},{\"@type\":\"ListItem\",\"position\":4,\"name\":\"DJI Care Pro (DJI Inspire 3) 1 Year (Code)\"}]},{\"@type\":\"WebSite\",\"@id\":\"https:\/\/koningdrone.be\/#website\",\"url\":\"https:\/\/koningdrone.be\/\",\"name\":\"Koningdrone.be - Uw online specialist in drones, gimbals, camera's en power stations.\",\"description\":\"De webshop in drones en gimbals\",\"publisher\":{\"@id\":\"https:\/\/koningdrone.be\/#organization\"},\"potentialAction\":[{\"@type\":\"SearchAction\",\"target\":{\"@type\":\"EntryPoint\",\"urlTemplate\":\"https:\/\/koningdrone.be\/?s={search_term_string}\"},\"query-input\":{\"@type\":\"PropertyValueSpecification\",\"valueRequired\":true,\"valueName\":\"search_term_string\"}}],\"inLanguage\":\"fr-BE\"},{\"@type\":\"Organization\",\"@id\":\"https:\/\/koningdrone.be\/#organization\",\"name\":\"Koningdrone.be\",\"url\":\"https:\/\/koningdrone.be\/\",\"logo\":{\"@type\":\"ImageObject\",\"inLanguage\":\"fr-BE\",\"@id\":\"https:\/\/koningdrone.be\/#\/schema\/logo\/image\/\",\"url\":\"https:\/\/koningdrone.be\/wp-content\/uploads\/sites\/13\/2025\/04\/koningdrone-copyright-logo.svg\",\"contentUrl\":\"https:\/\/koningdrone.be\/wp-content\/uploads\/sites\/13\/2025\/04\/koningdrone-copyright-logo.svg\",\"width\":227,\"height\":38,\"caption\":\"Koningdrone.be\"},\"image\":{\"@id\":\"https:\/\/koningdrone.be\/#\/schema\/logo\/image\/\"}}]}<\/script>\n<!-- \/ Yoast SEO Premium plugin. -->","yoast_head_json":{"title":"DJI Care Pro (DJI Inspire 3) 1 Year (Code) - koningdrone.be","robots":{"index":"index","follow":"follow","max-snippet":"max-snippet:-1","max-image-preview":"max-image-preview:large","max-video-preview":"max-video-preview:-1"},"canonical":"https:\/\/koningdrone.be\/fr\/produit\/dji-care-pro-dji-inspire-3-1-year-code\/","og_locale":"fr_FR","og_type":"article","og_title":"DJI Care Pro (DJI Inspire 3) 1 Year (Code)","og_description":"Nieuw en ongeactiveerd product  Dekking van water- en botsingschade  Onbeperkt aantal gratis reparaties  Gratis vervanging van 2 batterijen  Dekkingslimiet van 11.000 Euro  Verlengbaar tot maximaal 4 jaar  Reductieprijs bij flyaway-incident  Gratis fabrieksonderhoud per jaar  Verlenging van garantie bij hoog resterend bedrag","og_url":"https:\/\/koningdrone.be\/fr\/produit\/dji-care-pro-dji-inspire-3-1-year-code\/","og_site_name":"koningdrone.be","article_modified_time":"2026-04-29T13:51:05+00:00","og_image":[{"width":800,"height":533,"url":"https:\/\/koningdrone.be\/wp-content\/uploads\/sites\/13\/2026\/03\/dji-care-pro-dji-inspire-3-2-jahre-code-de.jpg","type":"image\/jpeg"}],"twitter_card":"summary_large_image","twitter_misc":{"Dur\u00e9e de lecture est.":"1 minute"},"schema":{"@context":"https:\/\/schema.org","@graph":[{"@type":"WebPage","@id":"https:\/\/koningdrone.be\/product\/dji-care-pro-dji-inspire-3-1-year-code\/","url":"https:\/\/koningdrone.be\/product\/dji-care-pro-dji-inspire-3-1-year-code\/","name":"DJI Care Pro (DJI Inspire 3) 1 Year (Code) - koningdrone.be","isPartOf":{"@id":"https:\/\/koningdrone.be\/#website"},"primaryImageOfPage":{"@id":"https:\/\/koningdrone.be\/product\/dji-care-pro-dji-inspire-3-1-year-code\/#primaryimage"},"image":{"@id":"https:\/\/koningdrone.be\/product\/dji-care-pro-dji-inspire-3-1-year-code\/#primaryimage"},"thumbnailUrl":"https:\/\/koningdrone.be\/wp-content\/uploads\/sites\/13\/2026\/03\/dji-care-pro-dji-inspire-3-2-jahre-code-de.jpg","datePublished":"2023-11-28T17:49:48+00:00","dateModified":"2026-04-29T13:51:05+00:00","breadcrumb":{"@id":"https:\/\/koningdrone.be\/product\/dji-care-pro-dji-inspire-3-1-year-code\/#breadcrumb"},"inLanguage":"fr-BE","potentialAction":[{"@type":"ReadAction","target":["https:\/\/koningdrone.be\/product\/dji-care-pro-dji-inspire-3-1-year-code\/"]}]},{"@type":"ImageObject","inLanguage":"fr-BE","@id":"https:\/\/koningdrone.be\/product\/dji-care-pro-dji-inspire-3-1-year-code\/#primaryimage","url":"https:\/\/koningdrone.be\/wp-content\/uploads\/sites\/13\/2026\/03\/dji-care-pro-dji-inspire-3-2-jahre-code-de.jpg","contentUrl":"https:\/\/koningdrone.be\/wp-content\/uploads\/sites\/13\/2026\/03\/dji-care-pro-dji-inspire-3-2-jahre-code-de.jpg","width":800,"height":533},{"@type":"BreadcrumbList","@id":"https:\/\/koningdrone.be\/product\/dji-care-pro-dji-inspire-3-1-year-code\/#breadcrumb","itemListElement":[{"@type":"ListItem","position":1,"name":"Home","item":"https:\/\/koningdrone.be\/"},{"@type":"ListItem","position":2,"name":"AVSS Parachute Recovery System for DJI Matrice 300\/350","item":"https:\/\/koningdrone.be\/product\/avss-parachute-recovery-system-for-dji-matrice-300-350\/"},{"@type":"ListItem","position":3,"name":"Alle care refresh","item":"https:\/\/koningdrone.be\/categorie\/alle-care-refresh\/"},{"@type":"ListItem","position":4,"name":"DJI Care Pro (DJI Inspire 3) 1 Year (Code)"}]},{"@type":"WebSite","@id":"https:\/\/koningdrone.be\/#website","url":"https:\/\/koningdrone.be\/","name":"Koningdrone.be - Votre sp\u00e9cialiste en ligne en mati\u00e8re de drones, de cardans, de cam\u00e9ras et de centrales \u00e9lectriques.","description":"La boutique en ligne de drones et de cardans","publisher":{"@id":"https:\/\/koningdrone.be\/#organization"},"potentialAction":[{"@type":"SearchAction","target":{"@type":"EntryPoint","urlTemplate":"https:\/\/koningdrone.be\/?s={search_term_string}"},"query-input":{"@type":"PropertyValueSpecification","valueRequired":true,"valueName":"search_term_string"}}],"inLanguage":"fr-BE"},{"@type":"Organization","@id":"https:\/\/koningdrone.be\/#organization","name":"Kingdrone.co.uk","url":"https:\/\/koningdrone.be\/","logo":{"@type":"ImageObject","inLanguage":"fr-BE","@id":"https:\/\/koningdrone.be\/#\/schema\/logo\/image\/","url":"https:\/\/koningdrone.be\/wp-content\/uploads\/sites\/13\/2025\/04\/koningdrone-copyright-logo.svg","contentUrl":"https:\/\/koningdrone.be\/wp-content\/uploads\/sites\/13\/2025\/04\/koningdrone-copyright-logo.svg","width":227,"height":38,"caption":"Koningdrone.be"},"image":{"@id":"https:\/\/koningdrone.be\/#\/schema\/logo\/image\/"}}]}},"df_price":1899,"df_sale_price":"","df_regular_price":1899,"df_image_link":"https:\/\/koningdrone.be\/wp-content\/uploads\/sites\/13\/2026\/03\/dji-care-pro-dji-inspire-3-2-jahre-code-de-300x200.jpg","_links":{"self":[{"href":"https:\/\/koningdrone.be\/fr\/wp-json\/wp\/v2\/product\/4220","targetHints":{"allow":["GET"]}}],"collection":[{"href":"https:\/\/koningdrone.be\/fr\/wp-json\/wp\/v2\/product"}],"about":[{"href":"https:\/\/koningdrone.be\/fr\/wp-json\/wp\/v2\/types\/product"}],"wp:featuredmedia":[{"embeddable":true,"href":"https:\/\/koningdrone.be\/fr\/wp-json\/wp\/v2\/media\/17814"}],"wp:attachment":[{"href":"https:\/\/koningdrone.be\/fr\/wp-json\/wp\/v2\/media?parent=4220"}],"wp:term":[{"taxonomy":"product_brand","embeddable":true,"href":"https:\/\/koningdrone.be\/fr\/wp-json\/wp\/v2\/product_brand?post=4220"},{"taxonomy":"product_cat","embeddable":true,"href":"https:\/\/koningdrone.be\/fr\/wp-json\/wp\/v2\/product_cat?post=4220"},{"taxonomy":"product_tag","embeddable":true,"href":"https:\/\/koningdrone.be\/fr\/wp-json\/wp\/v2\/product_tag?post=4220"}],"curies":[{"name":"wp","href":"https:\/\/api.w.org\/{rel}","templated":true}]}}