{"id":4218,"date":"2023-11-28T18:49:48","date_gmt":"2023-11-28T17:49:48","guid":{"rendered":"https:\/\/koningdrone.nl\/kon\/product\/dji-osmo-action-4-standard-combo\/"},"modified":"2026-04-29T04:10:47","modified_gmt":"2026-04-29T02:10:47","slug":"dji-osmo-action-4-standard-combo","status":"publish","type":"product","link":"https:\/\/koningdrone.be\/fr\/produit\/dji-osmo-action-4-standard-combo\/","title":{"rendered":"DJI Osmo Action 4 Standard Combo"},"content":{"rendered":"<p><strong>Donner le ton<\/strong><br \/>Donnez le ton avec la DJI Osmo Action 4, \u00e9quip\u00e9e d'un capteur de 1\/1,3 pouce pour des s\u00e9quences \u00e9poustouflantes en basse lumi\u00e8re, d'une performance couleur D-Log M 10 bits et d'une batterie longue dur\u00e9e. Avec 4K\/120fps et un ultra grand angle de 155\u00ba, cette cam\u00e9ra d'action capture chaque aventure avec la meilleure qualit\u00e9 d'image possible.<\/p>\n<p><\/p>\n<p><strong>Syst\u00e8me d'imagerie<\/strong><br \/>Saisissez l'action en capturant chaque instant avec une qualit\u00e9 d'image \u00e9poustouflante et une flexibilit\u00e9 sans pr\u00e9c\u00e9dent, m\u00eame en cas de faible luminosit\u00e9. Gr\u00e2ce au capteur d'image 1\/1,3\u2033 et au mode couleur D-Log M 10 bits, chaque pixel et chaque couleur sont saisis de mani\u00e8re saisissante, cr\u00e9ant ainsi des clich\u00e9s \u00e9poustouflants \u00e0 chaque fois.<\/p>\n<p><\/p>\n<p><strong>Stabilisation de la situation<\/strong><br \/>Avec HorizonSteady 360\u00ba, cette cam\u00e9ra d'action va au-del\u00e0 d'une simple stabilisation, corrigeant les inclinaisons horizontales \u00e0 n'importe quel angle, m\u00eame avec des mouvements multiples. Et avec RockSteady 3.0, les tremblements de la cam\u00e9ra appartiennent au pass\u00e9, m\u00eame en 4K\/120fps.<\/p>\n<p><\/p>\n<p><strong>Une force robuste, une forme compacte<\/strong><br \/>Avec une \u00e9tanch\u00e9it\u00e9 allant jusqu'\u00e0 18 m\u00e8tres, une autonomie de plus de 2,5 heures et un syst\u00e8me de charge rapide, l'Osmo Action 4 est pr\u00eate pour toutes les aventures, quelles que soient les conditions.<\/p>\n<p><\/p>\n<p><strong>\u00c9lever l'atmosph\u00e8re<\/strong><br \/>Personnalisez vos enregistrements gr\u00e2ce aux nombreuses options d'enregistrement, \u00e0 l'enregistrement st\u00e9r\u00e9o, \u00e0 la r\u00e9duction du bruit ambiant et aux options de microphone sans fil. Avec les fonctions de livestreaming Wi-Fi, d'assistance et de contr\u00f4le vocaux, ainsi que les capacit\u00e9s d'\u00e9dition AI int\u00e9gr\u00e9es, l'Osmo Action 4 ouvre un monde de nouvelles possibilit\u00e9s cr\u00e9atives.<\/p>\n<p><\/p>\n<p><strong>Accessoires \u00e9tendus<\/strong><br \/>De nombreux accessoires sont disponibles pour adapter l'Osmo Action 4 \u00e0 un large \u00e9ventail de sc\u00e9narios d'aventure, du VTT \u00e0 la plong\u00e9e en passant par le ski\/snowboard et le cyclisme.<\/p>\n<p><\/p>","protected":false},"excerpt":{"rendered":"<ul>\n<li>Capteur de 1\/1,3 pouce et imagerie \u00e9tonnante en basse lumi\u00e8re<\/li>\n<li>Performance couleur 10 bits et D-Log M<\/li>\n<li>R\u00e9sistance au gel et longue dur\u00e9e de vie de la batterie<\/li>\n<li>4K\/120 images\/seconde et FOV ultra-large de 155 degr\u00e9s<\/li>\n<li>Attache rapide magn\u00e9tique et vid\u00e9o verticale native<\/li>\n<li>Horizon 360\u00b0Steady<\/li>\n<li>\u00c9tanch\u00e9it\u00e9 jusqu'\u00e0 18 m<\/li>\n<li>Deux \u00e9crans tactiles couleur<\/li>\n<li>Cam\u00e9ra d'action avec une qualit\u00e9 d'image in\u00e9gal\u00e9e<\/li>\n<\/ul>","protected":false},"featured_media":4217,"template":"","meta":{"_acf_changed":false},"product_brand":[],"product_cat":[849,410,97,297,850],"product_tag":[],"class_list":{"0":"post-4218","1":"product","2":"type-product","3":"status-publish","4":"has-post-thumbnail","6":"product_cat-action-camera","7":"product_cat-alle-handheld-gimbals","8":"product_cat-alle-producten","9":"product_cat-dji-osmo","10":"product_cat-dji-osmo-action-4","11":"product_shipping_class-acsystemsall","12":"pa_brand-dji","13":"pa_productfamily-action-cam","14":"pa_producttype-action-cam","15":"pa_series-osmo-action","17":"first","18":"instock","19":"taxable","20":"shipping-taxable","21":"purchasable","22":"product-type-simple"},"acf":[],"yoast_head":"<!-- This site is optimized with the Yoast SEO Premium plugin v27.2 (Yoast SEO v27.2) - https:\/\/yoast.com\/product\/yoast-seo-premium-wordpress\/ -->\n<title>DJI Osmo Action 4 Standard Combo - koningdrone.be<\/title>\n<meta name=\"robots\" content=\"index, follow, max-snippet:-1, max-image-preview:large, max-video-preview:-1\" \/>\n<link rel=\"canonical\" href=\"https:\/\/koningdrone.be\/fr\/produit\/dji-osmo-action-4-standard-combo\/\" \/>\n<meta property=\"og:locale\" content=\"fr_FR\" \/>\n<meta property=\"og:type\" content=\"article\" \/>\n<meta property=\"og:title\" content=\"DJI Osmo Action 4 Standard Combo\" \/>\n<meta property=\"og:description\" content=\"1\/1.3-inch Sensor &amp; Stunning Low-Light Imaging  10-bit &amp; D-Log M Color Performance  Deep-Freeze Resistant &amp; Long-Lasting Battery Life  4K\/120fps &amp; 155\u00ba Ultra-Wide FOV  Magnetic Quick Release &amp; Native Vertical Video  360\u00b0 HorizonSteady  Waterproof up to 18m  Dual Full-Color Touchscreens  Action Camera with Best-in-Class Image Quality\" \/>\n<meta property=\"og:url\" content=\"https:\/\/koningdrone.be\/fr\/produit\/dji-osmo-action-4-standard-combo\/\" \/>\n<meta property=\"og:site_name\" content=\"koningdrone.be\" \/>\n<meta property=\"article:modified_time\" content=\"2026-04-29T02:10:47+00:00\" \/>\n<meta property=\"og:image\" content=\"https:\/\/koningdrone.be\/wp-content\/uploads\/sites\/13\/2025\/04\/dji-osmo-action-4-standard-combo-shop-de10.jpg\" \/>\n\t<meta property=\"og:image:width\" content=\"1000\" \/>\n\t<meta property=\"og:image:height\" content=\"720\" \/>\n\t<meta property=\"og:image:type\" content=\"image\/jpeg\" \/>\n<meta name=\"twitter:card\" content=\"summary_large_image\" \/>\n<meta name=\"twitter:label1\" content=\"Dur\u00e9e de lecture est.\" \/>\n\t<meta name=\"twitter:data1\" content=\"1 minute\" \/>\n<script type=\"application\/ld+json\" class=\"yoast-schema-graph\">{\"@context\":\"https:\/\/schema.org\",\"@graph\":[{\"@type\":\"WebPage\",\"@id\":\"https:\/\/koningdrone.be\/product\/dji-osmo-action-4-standard-combo\/\",\"url\":\"https:\/\/koningdrone.be\/product\/dji-osmo-action-4-standard-combo\/\",\"name\":\"DJI Osmo Action 4 Standard Combo - koningdrone.be\",\"isPartOf\":{\"@id\":\"https:\/\/koningdrone.be\/#website\"},\"primaryImageOfPage\":{\"@id\":\"https:\/\/koningdrone.be\/product\/dji-osmo-action-4-standard-combo\/#primaryimage\"},\"image\":{\"@id\":\"https:\/\/koningdrone.be\/product\/dji-osmo-action-4-standard-combo\/#primaryimage\"},\"thumbnailUrl\":\"https:\/\/koningdrone.be\/wp-content\/uploads\/sites\/13\/2025\/04\/dji-osmo-action-4-standard-combo-shop-de10.jpg\",\"datePublished\":\"2023-11-28T17:49:48+00:00\",\"dateModified\":\"2026-04-29T02:10:47+00:00\",\"breadcrumb\":{\"@id\":\"https:\/\/koningdrone.be\/product\/dji-osmo-action-4-standard-combo\/#breadcrumb\"},\"inLanguage\":\"fr-BE\",\"potentialAction\":[{\"@type\":\"ReadAction\",\"target\":[\"https:\/\/koningdrone.be\/product\/dji-osmo-action-4-standard-combo\/\"]}]},{\"@type\":\"ImageObject\",\"inLanguage\":\"fr-BE\",\"@id\":\"https:\/\/koningdrone.be\/product\/dji-osmo-action-4-standard-combo\/#primaryimage\",\"url\":\"https:\/\/koningdrone.be\/wp-content\/uploads\/sites\/13\/2025\/04\/dji-osmo-action-4-standard-combo-shop-de10.jpg\",\"contentUrl\":\"https:\/\/koningdrone.be\/wp-content\/uploads\/sites\/13\/2025\/04\/dji-osmo-action-4-standard-combo-shop-de10.jpg\",\"width\":1000,\"height\":720},{\"@type\":\"BreadcrumbList\",\"@id\":\"https:\/\/koningdrone.be\/product\/dji-osmo-action-4-standard-combo\/#breadcrumb\",\"itemListElement\":[{\"@type\":\"ListItem\",\"position\":1,\"name\":\"Home\",\"item\":\"https:\/\/koningdrone.be\/\"},{\"@type\":\"ListItem\",\"position\":2,\"name\":\"AVSS Parachute Recovery System for DJI Matrice 300\/350\",\"item\":\"https:\/\/koningdrone.be\/product\/avss-parachute-recovery-system-for-dji-matrice-300-350\/\"},{\"@type\":\"ListItem\",\"position\":3,\"name\":\"Action Camera\",\"item\":\"https:\/\/koningdrone.be\/categorie\/action-camera\/\"},{\"@type\":\"ListItem\",\"position\":4,\"name\":\"DJI Osmo Action 4 Standard Combo\"}]},{\"@type\":\"WebSite\",\"@id\":\"https:\/\/koningdrone.be\/#website\",\"url\":\"https:\/\/koningdrone.be\/\",\"name\":\"Koningdrone.be - Uw online specialist in drones, gimbals, camera's en power stations.\",\"description\":\"De webshop in drones en gimbals\",\"publisher\":{\"@id\":\"https:\/\/koningdrone.be\/#organization\"},\"potentialAction\":[{\"@type\":\"SearchAction\",\"target\":{\"@type\":\"EntryPoint\",\"urlTemplate\":\"https:\/\/koningdrone.be\/?s={search_term_string}\"},\"query-input\":{\"@type\":\"PropertyValueSpecification\",\"valueRequired\":true,\"valueName\":\"search_term_string\"}}],\"inLanguage\":\"fr-BE\"},{\"@type\":\"Organization\",\"@id\":\"https:\/\/koningdrone.be\/#organization\",\"name\":\"Koningdrone.be\",\"url\":\"https:\/\/koningdrone.be\/\",\"logo\":{\"@type\":\"ImageObject\",\"inLanguage\":\"fr-BE\",\"@id\":\"https:\/\/koningdrone.be\/#\/schema\/logo\/image\/\",\"url\":\"https:\/\/koningdrone.be\/wp-content\/uploads\/sites\/13\/2025\/04\/koningdrone-copyright-logo.svg\",\"contentUrl\":\"https:\/\/koningdrone.be\/wp-content\/uploads\/sites\/13\/2025\/04\/koningdrone-copyright-logo.svg\",\"width\":227,\"height\":38,\"caption\":\"Koningdrone.be\"},\"image\":{\"@id\":\"https:\/\/koningdrone.be\/#\/schema\/logo\/image\/\"}}]}<\/script>\n<!-- \/ Yoast SEO Premium plugin. -->","yoast_head_json":{"title":"DJI Osmo Action 4 Standard Combo - koningdrone.be","robots":{"index":"index","follow":"follow","max-snippet":"max-snippet:-1","max-image-preview":"max-image-preview:large","max-video-preview":"max-video-preview:-1"},"canonical":"https:\/\/koningdrone.be\/fr\/produit\/dji-osmo-action-4-standard-combo\/","og_locale":"fr_FR","og_type":"article","og_title":"DJI Osmo Action 4 Standard Combo","og_description":"1\/1.3-inch Sensor &amp; Stunning Low-Light Imaging  10-bit &amp; D-Log M Color Performance  Deep-Freeze Resistant &amp; Long-Lasting Battery Life  4K\/120fps &amp; 155\u00ba Ultra-Wide FOV  Magnetic Quick Release &amp; Native Vertical Video  360\u00b0 HorizonSteady  Waterproof up to 18m  Dual Full-Color Touchscreens  Action Camera with Best-in-Class Image Quality","og_url":"https:\/\/koningdrone.be\/fr\/produit\/dji-osmo-action-4-standard-combo\/","og_site_name":"koningdrone.be","article_modified_time":"2026-04-29T02:10:47+00:00","og_image":[{"width":1000,"height":720,"url":"https:\/\/koningdrone.be\/wp-content\/uploads\/sites\/13\/2025\/04\/dji-osmo-action-4-standard-combo-shop-de10.jpg","type":"image\/jpeg"}],"twitter_card":"summary_large_image","twitter_misc":{"Dur\u00e9e de lecture est.":"1 minute"},"schema":{"@context":"https:\/\/schema.org","@graph":[{"@type":"WebPage","@id":"https:\/\/koningdrone.be\/product\/dji-osmo-action-4-standard-combo\/","url":"https:\/\/koningdrone.be\/product\/dji-osmo-action-4-standard-combo\/","name":"DJI Osmo Action 4 Standard Combo - koningdrone.be","isPartOf":{"@id":"https:\/\/koningdrone.be\/#website"},"primaryImageOfPage":{"@id":"https:\/\/koningdrone.be\/product\/dji-osmo-action-4-standard-combo\/#primaryimage"},"image":{"@id":"https:\/\/koningdrone.be\/product\/dji-osmo-action-4-standard-combo\/#primaryimage"},"thumbnailUrl":"https:\/\/koningdrone.be\/wp-content\/uploads\/sites\/13\/2025\/04\/dji-osmo-action-4-standard-combo-shop-de10.jpg","datePublished":"2023-11-28T17:49:48+00:00","dateModified":"2026-04-29T02:10:47+00:00","breadcrumb":{"@id":"https:\/\/koningdrone.be\/product\/dji-osmo-action-4-standard-combo\/#breadcrumb"},"inLanguage":"fr-BE","potentialAction":[{"@type":"ReadAction","target":["https:\/\/koningdrone.be\/product\/dji-osmo-action-4-standard-combo\/"]}]},{"@type":"ImageObject","inLanguage":"fr-BE","@id":"https:\/\/koningdrone.be\/product\/dji-osmo-action-4-standard-combo\/#primaryimage","url":"https:\/\/koningdrone.be\/wp-content\/uploads\/sites\/13\/2025\/04\/dji-osmo-action-4-standard-combo-shop-de10.jpg","contentUrl":"https:\/\/koningdrone.be\/wp-content\/uploads\/sites\/13\/2025\/04\/dji-osmo-action-4-standard-combo-shop-de10.jpg","width":1000,"height":720},{"@type":"BreadcrumbList","@id":"https:\/\/koningdrone.be\/product\/dji-osmo-action-4-standard-combo\/#breadcrumb","itemListElement":[{"@type":"ListItem","position":1,"name":"Home","item":"https:\/\/koningdrone.be\/"},{"@type":"ListItem","position":2,"name":"AVSS Parachute Recovery System for DJI Matrice 300\/350","item":"https:\/\/koningdrone.be\/product\/avss-parachute-recovery-system-for-dji-matrice-300-350\/"},{"@type":"ListItem","position":3,"name":"Action Camera","item":"https:\/\/koningdrone.be\/categorie\/action-camera\/"},{"@type":"ListItem","position":4,"name":"DJI Osmo Action 4 Standard Combo"}]},{"@type":"WebSite","@id":"https:\/\/koningdrone.be\/#website","url":"https:\/\/koningdrone.be\/","name":"Koningdrone.be - Votre sp\u00e9cialiste en ligne en mati\u00e8re de drones, de cardans, de cam\u00e9ras et de centrales \u00e9lectriques.","description":"La boutique en ligne de drones et de cardans","publisher":{"@id":"https:\/\/koningdrone.be\/#organization"},"potentialAction":[{"@type":"SearchAction","target":{"@type":"EntryPoint","urlTemplate":"https:\/\/koningdrone.be\/?s={search_term_string}"},"query-input":{"@type":"PropertyValueSpecification","valueRequired":true,"valueName":"search_term_string"}}],"inLanguage":"fr-BE"},{"@type":"Organization","@id":"https:\/\/koningdrone.be\/#organization","name":"Kingdrone.co.uk","url":"https:\/\/koningdrone.be\/","logo":{"@type":"ImageObject","inLanguage":"fr-BE","@id":"https:\/\/koningdrone.be\/#\/schema\/logo\/image\/","url":"https:\/\/koningdrone.be\/wp-content\/uploads\/sites\/13\/2025\/04\/koningdrone-copyright-logo.svg","contentUrl":"https:\/\/koningdrone.be\/wp-content\/uploads\/sites\/13\/2025\/04\/koningdrone-copyright-logo.svg","width":227,"height":38,"caption":"Koningdrone.be"},"image":{"@id":"https:\/\/koningdrone.be\/#\/schema\/logo\/image\/"}}]}},"df_price":238,"df_sale_price":"","df_regular_price":238,"df_image_link":"https:\/\/koningdrone.be\/wp-content\/uploads\/sites\/13\/2025\/04\/dji-osmo-action-4-standard-combo-shop-de10-300x216.jpg","_links":{"self":[{"href":"https:\/\/koningdrone.be\/fr\/wp-json\/wp\/v2\/product\/4218","targetHints":{"allow":["GET"]}}],"collection":[{"href":"https:\/\/koningdrone.be\/fr\/wp-json\/wp\/v2\/product"}],"about":[{"href":"https:\/\/koningdrone.be\/fr\/wp-json\/wp\/v2\/types\/product"}],"wp:featuredmedia":[{"embeddable":true,"href":"https:\/\/koningdrone.be\/fr\/wp-json\/wp\/v2\/media\/4217"}],"wp:attachment":[{"href":"https:\/\/koningdrone.be\/fr\/wp-json\/wp\/v2\/media?parent=4218"}],"wp:term":[{"taxonomy":"product_brand","embeddable":true,"href":"https:\/\/koningdrone.be\/fr\/wp-json\/wp\/v2\/product_brand?post=4218"},{"taxonomy":"product_cat","embeddable":true,"href":"https:\/\/koningdrone.be\/fr\/wp-json\/wp\/v2\/product_cat?post=4218"},{"taxonomy":"product_tag","embeddable":true,"href":"https:\/\/koningdrone.be\/fr\/wp-json\/wp\/v2\/product_tag?post=4218"}],"curies":[{"name":"wp","href":"https:\/\/api.w.org\/{rel}","templated":true}]}}