{"id":4216,"date":"2023-11-28T18:49:48","date_gmt":"2023-11-28T17:49:48","guid":{"rendered":"https:\/\/koningdrone.nl\/kon\/product\/osmo-pocket-3-creator-combo\/"},"modified":"2026-04-29T04:10:48","modified_gmt":"2026-04-29T02:10:48","slug":"osmo-pocket-3-creator-combo","status":"publish","type":"product","link":"https:\/\/koningdrone.be\/fr\/produit\/osmo-pocket-3-creator-combo\/","title":{"rendered":"Osmo Pocket 3 Creator Combo"},"content":{"rendered":"<p>Pour les moments mouvement\u00e9s, le Pocket 3 capture tous les d\u00e9tails gr\u00e2ce \u00e0 un puissant capteur CMOS de 1 pouce, \u00e0 la vid\u00e9o 4K\/120fps et \u00e0 la stabilisation sur trois axes. L'\u00e9cran tactile rotatif de 2 pouces et la mise au point rapide permettent de r\u00e9aliser des prises de vue horizontales et verticales sans effort.<\/p>\n<p>M\u00eame en cas de faible luminosit\u00e9, le capteur fournit des images claires et riches en d\u00e9tails. Gr\u00e2ce aux technologies D-Log M et HLG 10 bits, vous obtenez des couleurs professionnelles et des r\u00e9sultats r\u00e9alistes.<\/p>\n<p>Les effets Glamour 2.0 et les tons de peau naturels vous permettent de toujours \u00eatre \u00e0 votre avantage. Avec ActiveTrack 6.0, l'enregistrement st\u00e9r\u00e9o et la prise en charge du DJI Mic 2, vous cr\u00e9ez des s\u00e9quences fluides et un son clair, le tout d'une seule main.<\/p>\n<p>Compact, polyvalent et puissant, le Pocket 3 est pr\u00eat \u00e0 capturer chaque instant sans tremblement.<\/p>","protected":false},"excerpt":{"rendered":"<ul>\n<li>Capteur CMOS de 1 pouce pour des images riches en d\u00e9tails au creux de la main<\/li>\n<li>4K\/120 images\/s, stabilisation m\u00e9canique sur 3 axes pour des s\u00e9quences au ralenti d'une grande nettet\u00e9<\/li>\n<li>Mise au point rapide sur l'ensemble du pixel et D-Log M et HLG 10 bits pour des couleurs naturelles<\/li>\n<li>Stabilisation m\u00e9canique \u00e0 3 axes pour des prises de vue stables<\/li>\n<li>\u00c9cran tactile rotatif de 2 pouces pour les prises de vue verticales et horizontales<\/li>\n<li>ActiveTrack 6.0 pour des images fluides et cin\u00e9matiques d'une seule main<\/li>\n<li>\u00c9metteurs DJI Mic 2 pour un son cristallin et un enregistrement facile<\/li>\n<li>4K\/120fps pour des s\u00e9quences au ralenti dynamiques et fluides<\/li>\n<li>Conception compacte avec des images impressionnantes et une longue dur\u00e9e de vie de la batterie<\/li>\n<li>SpinShot, Motionlapse, zoom num\u00e9rique, panoramas et autres options cr\u00e9atives<\/li>\n<\/ul>","protected":false},"featured_media":4215,"template":"","meta":{"_acf_changed":false},"product_brand":[],"product_cat":[97,847,297,778,842],"product_tag":[108],"class_list":{"0":"post-4216","1":"product","2":"type-product","3":"status-publish","4":"has-post-thumbnail","6":"product_cat-alle-producten","7":"product_cat-camera","8":"product_cat-dji-osmo","9":"product_cat-dji-osmo-pocket","10":"product_cat-dji-osmo-pocket-3","11":"product_tag-acsystemsall","12":"product_shipping_class-acsystemsall","13":"pa_brand-dji","14":"pa_productfamily-gimbal-camera","15":"pa_producttype-gimbal-camera","16":"pa_series-osmo-pocket","18":"first","19":"instock","20":"taxable","21":"shipping-taxable","22":"purchasable","23":"product-type-simple"},"acf":[],"yoast_head":"<!-- This site is optimized with the Yoast SEO Premium plugin v27.2 (Yoast SEO v27.2) - https:\/\/yoast.com\/product\/yoast-seo-premium-wordpress\/ -->\n<title>Osmo Pocket 3 Creator Combo - koningdrone.be<\/title>\n<meta name=\"robots\" content=\"index, follow, max-snippet:-1, max-image-preview:large, max-video-preview:-1\" \/>\n<link rel=\"canonical\" href=\"https:\/\/koningdrone.be\/fr\/produit\/osmo-pocket-3-creator-combo\/\" \/>\n<meta property=\"og:locale\" content=\"fr_FR\" \/>\n<meta property=\"og:type\" content=\"article\" \/>\n<meta property=\"og:title\" content=\"Osmo Pocket 3 Creator Combo\" \/>\n<meta property=\"og:description\" content=\"1-inch CMOS sensor voor detailrijke beelden in de palm van je hand  4K\/120fps, 3-assige mechanische stabilisatie voor scherpe slow-motion beelden  Full-pixel snelle focus en 10-bit D-Log M &amp; HLG voor natuurlijke kleuren  3-assige mechanische stabilisatie voor stabiele opnames  2-inch draaibaar touchscreen voor verticale en horizontale opnames  ActiveTrack 6.0 voor soepele en filmische beelden met \u00e9\u00e9n hand  DJI Mic 2 Transmitters voor kristalhelder geluid en eenvoudige opnames  4K\/120fps voor dynamische en vloeiende slow-motion beelden  Compact ontwerp met indrukwekkende visuals en lange batterijduur  SpinShot, Motionlapse, digitale zoom, panorama&#039;s en meer creatieve opties\" \/>\n<meta property=\"og:url\" content=\"https:\/\/koningdrone.be\/fr\/produit\/osmo-pocket-3-creator-combo\/\" \/>\n<meta property=\"og:site_name\" content=\"koningdrone.be\" \/>\n<meta property=\"article:modified_time\" content=\"2026-04-29T02:10:48+00:00\" \/>\n<meta property=\"og:image\" content=\"https:\/\/koningdrone.be\/wp-content\/uploads\/sites\/13\/2025\/04\/osmo-pocket-3-kreativ-combo-shop-de9.webp\" \/>\n\t<meta property=\"og:image:width\" content=\"1000\" \/>\n\t<meta property=\"og:image:height\" content=\"720\" \/>\n\t<meta property=\"og:image:type\" content=\"image\/webp\" \/>\n<meta name=\"twitter:card\" content=\"summary_large_image\" \/>\n<meta name=\"twitter:label1\" content=\"Dur\u00e9e de lecture est.\" \/>\n\t<meta name=\"twitter:data1\" content=\"1 minute\" \/>\n<script type=\"application\/ld+json\" class=\"yoast-schema-graph\">{\"@context\":\"https:\/\/schema.org\",\"@graph\":[{\"@type\":\"WebPage\",\"@id\":\"https:\/\/koningdrone.be\/product\/osmo-pocket-3-creator-combo\/\",\"url\":\"https:\/\/koningdrone.be\/product\/osmo-pocket-3-creator-combo\/\",\"name\":\"Osmo Pocket 3 Creator Combo - koningdrone.be\",\"isPartOf\":{\"@id\":\"https:\/\/koningdrone.be\/#website\"},\"primaryImageOfPage\":{\"@id\":\"https:\/\/koningdrone.be\/product\/osmo-pocket-3-creator-combo\/#primaryimage\"},\"image\":{\"@id\":\"https:\/\/koningdrone.be\/product\/osmo-pocket-3-creator-combo\/#primaryimage\"},\"thumbnailUrl\":\"https:\/\/koningdrone.be\/wp-content\/uploads\/sites\/13\/2025\/04\/osmo-pocket-3-kreativ-combo-shop-de9.webp\",\"datePublished\":\"2023-11-28T17:49:48+00:00\",\"dateModified\":\"2026-04-29T02:10:48+00:00\",\"breadcrumb\":{\"@id\":\"https:\/\/koningdrone.be\/product\/osmo-pocket-3-creator-combo\/#breadcrumb\"},\"inLanguage\":\"fr-BE\",\"potentialAction\":[{\"@type\":\"ReadAction\",\"target\":[\"https:\/\/koningdrone.be\/product\/osmo-pocket-3-creator-combo\/\"]}]},{\"@type\":\"ImageObject\",\"inLanguage\":\"fr-BE\",\"@id\":\"https:\/\/koningdrone.be\/product\/osmo-pocket-3-creator-combo\/#primaryimage\",\"url\":\"https:\/\/koningdrone.be\/wp-content\/uploads\/sites\/13\/2025\/04\/osmo-pocket-3-kreativ-combo-shop-de9.webp\",\"contentUrl\":\"https:\/\/koningdrone.be\/wp-content\/uploads\/sites\/13\/2025\/04\/osmo-pocket-3-kreativ-combo-shop-de9.webp\",\"width\":1000,\"height\":720},{\"@type\":\"BreadcrumbList\",\"@id\":\"https:\/\/koningdrone.be\/product\/osmo-pocket-3-creator-combo\/#breadcrumb\",\"itemListElement\":[{\"@type\":\"ListItem\",\"position\":1,\"name\":\"Home\",\"item\":\"https:\/\/koningdrone.be\/\"},{\"@type\":\"ListItem\",\"position\":2,\"name\":\"AVSS Parachute Recovery System for DJI Matrice 300\/350\",\"item\":\"https:\/\/koningdrone.be\/product\/avss-parachute-recovery-system-for-dji-matrice-300-350\/\"},{\"@type\":\"ListItem\",\"position\":3,\"name\":\"Alle producten\",\"item\":\"https:\/\/koningdrone.be\/categorie\/alle-producten\/\"},{\"@type\":\"ListItem\",\"position\":4,\"name\":\"Osmo Pocket 3 Creator Combo\"}]},{\"@type\":\"WebSite\",\"@id\":\"https:\/\/koningdrone.be\/#website\",\"url\":\"https:\/\/koningdrone.be\/\",\"name\":\"Koningdrone.be - Uw online specialist in drones, gimbals, camera's en power stations.\",\"description\":\"De webshop in drones en gimbals\",\"publisher\":{\"@id\":\"https:\/\/koningdrone.be\/#organization\"},\"potentialAction\":[{\"@type\":\"SearchAction\",\"target\":{\"@type\":\"EntryPoint\",\"urlTemplate\":\"https:\/\/koningdrone.be\/?s={search_term_string}\"},\"query-input\":{\"@type\":\"PropertyValueSpecification\",\"valueRequired\":true,\"valueName\":\"search_term_string\"}}],\"inLanguage\":\"fr-BE\"},{\"@type\":\"Organization\",\"@id\":\"https:\/\/koningdrone.be\/#organization\",\"name\":\"Koningdrone.be\",\"url\":\"https:\/\/koningdrone.be\/\",\"logo\":{\"@type\":\"ImageObject\",\"inLanguage\":\"fr-BE\",\"@id\":\"https:\/\/koningdrone.be\/#\/schema\/logo\/image\/\",\"url\":\"https:\/\/koningdrone.be\/wp-content\/uploads\/sites\/13\/2025\/04\/koningdrone-copyright-logo.svg\",\"contentUrl\":\"https:\/\/koningdrone.be\/wp-content\/uploads\/sites\/13\/2025\/04\/koningdrone-copyright-logo.svg\",\"width\":227,\"height\":38,\"caption\":\"Koningdrone.be\"},\"image\":{\"@id\":\"https:\/\/koningdrone.be\/#\/schema\/logo\/image\/\"}}]}<\/script>\n<!-- \/ Yoast SEO Premium plugin. -->","yoast_head_json":{"title":"Osmo Pocket 3 Creator Combo - koningdrone.be","robots":{"index":"index","follow":"follow","max-snippet":"max-snippet:-1","max-image-preview":"max-image-preview:large","max-video-preview":"max-video-preview:-1"},"canonical":"https:\/\/koningdrone.be\/fr\/produit\/osmo-pocket-3-creator-combo\/","og_locale":"fr_FR","og_type":"article","og_title":"Osmo Pocket 3 Creator Combo","og_description":"1-inch CMOS sensor voor detailrijke beelden in de palm van je hand  4K\/120fps, 3-assige mechanische stabilisatie voor scherpe slow-motion beelden  Full-pixel snelle focus en 10-bit D-Log M &amp; HLG voor natuurlijke kleuren  3-assige mechanische stabilisatie voor stabiele opnames  2-inch draaibaar touchscreen voor verticale en horizontale opnames  ActiveTrack 6.0 voor soepele en filmische beelden met \u00e9\u00e9n hand  DJI Mic 2 Transmitters voor kristalhelder geluid en eenvoudige opnames  4K\/120fps voor dynamische en vloeiende slow-motion beelden  Compact ontwerp met indrukwekkende visuals en lange batterijduur  SpinShot, Motionlapse, digitale zoom, panorama's en meer creatieve opties","og_url":"https:\/\/koningdrone.be\/fr\/produit\/osmo-pocket-3-creator-combo\/","og_site_name":"koningdrone.be","article_modified_time":"2026-04-29T02:10:48+00:00","og_image":[{"width":1000,"height":720,"url":"https:\/\/koningdrone.be\/wp-content\/uploads\/sites\/13\/2025\/04\/osmo-pocket-3-kreativ-combo-shop-de9.webp","type":"image\/webp"}],"twitter_card":"summary_large_image","twitter_misc":{"Dur\u00e9e de lecture est.":"1 minute"},"schema":{"@context":"https:\/\/schema.org","@graph":[{"@type":"WebPage","@id":"https:\/\/koningdrone.be\/product\/osmo-pocket-3-creator-combo\/","url":"https:\/\/koningdrone.be\/product\/osmo-pocket-3-creator-combo\/","name":"Osmo Pocket 3 Creator Combo - koningdrone.be","isPartOf":{"@id":"https:\/\/koningdrone.be\/#website"},"primaryImageOfPage":{"@id":"https:\/\/koningdrone.be\/product\/osmo-pocket-3-creator-combo\/#primaryimage"},"image":{"@id":"https:\/\/koningdrone.be\/product\/osmo-pocket-3-creator-combo\/#primaryimage"},"thumbnailUrl":"https:\/\/koningdrone.be\/wp-content\/uploads\/sites\/13\/2025\/04\/osmo-pocket-3-kreativ-combo-shop-de9.webp","datePublished":"2023-11-28T17:49:48+00:00","dateModified":"2026-04-29T02:10:48+00:00","breadcrumb":{"@id":"https:\/\/koningdrone.be\/product\/osmo-pocket-3-creator-combo\/#breadcrumb"},"inLanguage":"fr-BE","potentialAction":[{"@type":"ReadAction","target":["https:\/\/koningdrone.be\/product\/osmo-pocket-3-creator-combo\/"]}]},{"@type":"ImageObject","inLanguage":"fr-BE","@id":"https:\/\/koningdrone.be\/product\/osmo-pocket-3-creator-combo\/#primaryimage","url":"https:\/\/koningdrone.be\/wp-content\/uploads\/sites\/13\/2025\/04\/osmo-pocket-3-kreativ-combo-shop-de9.webp","contentUrl":"https:\/\/koningdrone.be\/wp-content\/uploads\/sites\/13\/2025\/04\/osmo-pocket-3-kreativ-combo-shop-de9.webp","width":1000,"height":720},{"@type":"BreadcrumbList","@id":"https:\/\/koningdrone.be\/product\/osmo-pocket-3-creator-combo\/#breadcrumb","itemListElement":[{"@type":"ListItem","position":1,"name":"Home","item":"https:\/\/koningdrone.be\/"},{"@type":"ListItem","position":2,"name":"AVSS Parachute Recovery System for DJI Matrice 300\/350","item":"https:\/\/koningdrone.be\/product\/avss-parachute-recovery-system-for-dji-matrice-300-350\/"},{"@type":"ListItem","position":3,"name":"Alle producten","item":"https:\/\/koningdrone.be\/categorie\/alle-producten\/"},{"@type":"ListItem","position":4,"name":"Osmo Pocket 3 Creator Combo"}]},{"@type":"WebSite","@id":"https:\/\/koningdrone.be\/#website","url":"https:\/\/koningdrone.be\/","name":"Koningdrone.be - Votre sp\u00e9cialiste en ligne en mati\u00e8re de drones, de cardans, de cam\u00e9ras et de centrales \u00e9lectriques.","description":"La boutique en ligne de drones et de cardans","publisher":{"@id":"https:\/\/koningdrone.be\/#organization"},"potentialAction":[{"@type":"SearchAction","target":{"@type":"EntryPoint","urlTemplate":"https:\/\/koningdrone.be\/?s={search_term_string}"},"query-input":{"@type":"PropertyValueSpecification","valueRequired":true,"valueName":"search_term_string"}}],"inLanguage":"fr-BE"},{"@type":"Organization","@id":"https:\/\/koningdrone.be\/#organization","name":"Kingdrone.co.uk","url":"https:\/\/koningdrone.be\/","logo":{"@type":"ImageObject","inLanguage":"fr-BE","@id":"https:\/\/koningdrone.be\/#\/schema\/logo\/image\/","url":"https:\/\/koningdrone.be\/wp-content\/uploads\/sites\/13\/2025\/04\/koningdrone-copyright-logo.svg","contentUrl":"https:\/\/koningdrone.be\/wp-content\/uploads\/sites\/13\/2025\/04\/koningdrone-copyright-logo.svg","width":227,"height":38,"caption":"Koningdrone.be"},"image":{"@id":"https:\/\/koningdrone.be\/#\/schema\/logo\/image\/"}}]}},"df_price":535,"df_sale_price":"","df_regular_price":535,"df_image_link":"https:\/\/koningdrone.be\/wp-content\/uploads\/sites\/13\/2025\/04\/osmo-pocket-3-kreativ-combo-shop-de9-300x216.webp","_links":{"self":[{"href":"https:\/\/koningdrone.be\/fr\/wp-json\/wp\/v2\/product\/4216","targetHints":{"allow":["GET"]}}],"collection":[{"href":"https:\/\/koningdrone.be\/fr\/wp-json\/wp\/v2\/product"}],"about":[{"href":"https:\/\/koningdrone.be\/fr\/wp-json\/wp\/v2\/types\/product"}],"wp:featuredmedia":[{"embeddable":true,"href":"https:\/\/koningdrone.be\/fr\/wp-json\/wp\/v2\/media\/4215"}],"wp:attachment":[{"href":"https:\/\/koningdrone.be\/fr\/wp-json\/wp\/v2\/media?parent=4216"}],"wp:term":[{"taxonomy":"product_brand","embeddable":true,"href":"https:\/\/koningdrone.be\/fr\/wp-json\/wp\/v2\/product_brand?post=4216"},{"taxonomy":"product_cat","embeddable":true,"href":"https:\/\/koningdrone.be\/fr\/wp-json\/wp\/v2\/product_cat?post=4216"},{"taxonomy":"product_tag","embeddable":true,"href":"https:\/\/koningdrone.be\/fr\/wp-json\/wp\/v2\/product_tag?post=4216"}],"curies":[{"name":"wp","href":"https:\/\/api.w.org\/{rel}","templated":true}]}}