{"id":4214,"date":"2023-11-28T18:49:48","date_gmt":"2023-11-28T17:49:48","guid":{"rendered":"https:\/\/koningdrone.nl\/kon\/product\/dji-mini-3-dji-rc\/"},"modified":"2026-04-29T13:20:52","modified_gmt":"2026-04-29T11:20:52","slug":"dji-mini-3-dji-rc","status":"publish","type":"product","link":"https:\/\/koningdrone.be\/fr\/produit\/dji-mini-3-dji-rc\/","title":{"rendered":"DJI Mini 3 (DJI RC)"},"content":{"rendered":"<p><strong>Profiter de la libert\u00e9<\/strong><br \/>\nLe DJI Mini 3 est un drone cam\u00e9ra ultra-l\u00e9ger id\u00e9al pour les aventures, avec une autonomie de batterie \u00e9tendue et des vid\u00e9os 4K HDR pour des couleurs et des d\u00e9tails r\u00e9alistes. Il est \u00e9galement dot\u00e9 de la fonction True Vertical Shooting pour des prises de vue parfaites sur les r\u00e9seaux sociaux. Emportez-le facilement lors de vos aventures gr\u00e2ce \u00e0 son design pliable et \u00e0 son poids de moins de 249 g.<\/p>\n<p><strong>Des kilom\u00e8tres au-dessus de l'ordinaire<\/strong><br \/>\nProlongez vos vols jusqu'\u00e0 51 minutes avec la batterie de vol intelligente Plus. La cam\u00e9ra, dot\u00e9e d'un capteur CMOS de 1\/1,3 pouce, capture des images nocturnes \u00e9poustouflantes et offre un zoom 4x pour plus d'exploration. Les fonctions QuickShots et QuickTransfer permettent de prendre des photos et de les partager facilement et rapidement, tandis que le drone reste stable m\u00eame avec des vents allant jusqu'\u00e0 10,7 m\/s. Explorez davantage gr\u00e2ce \u00e0 la prise en charge du panorama pour des photos \u00e0 couper le souffle et profitez d'un contr\u00f4le sans effort gr\u00e2ce aux fonctions de vol intelligentes.<\/p>","protected":false},"excerpt":{"rendered":"<ul>\n<li>Compact et ultral\u00e9ger<\/li>\n<li>Dur\u00e9e de vie prolong\u00e9e de la batterie<\/li>\n<li>Vid\u00e9o 4K HDR<\/li>\n<li>V\u00e9ritable prise de vue verticale<\/li>\n<li>Batterie de vol intelligente<\/li>\n<li>38 min de vol<\/li>\n<li>R\u00e9sistant au vent jusqu'\u00e0 38 km\/h<\/li>\n<li>QuickShots pour des prises de vue avanc\u00e9es<\/li>\n<li>Des fonctions intelligentes pour un pilotage facile<\/li>\n<li>DJI RC et autres accessoires disponibles<\/li>\n<\/ul>","protected":false},"featured_media":4213,"template":"","meta":{"_acf_changed":false},"product_brand":[],"product_cat":[97,446,844,177],"product_tag":[],"class_list":{"0":"post-4214","1":"product","2":"type-product","3":"status-publish","4":"has-post-thumbnail","6":"product_cat-alle-producten","7":"product_cat-dji-mini-3","8":"product_cat-drones","9":"product_cat-drones-zonder-certificaat","10":"product_shipping_class-outofstock","11":"pa_brand-dji","12":"pa_dronegrade-consumer","13":"pa_productfamily-drone","14":"pa_producttype-drone","15":"pa_series-mini-3","17":"first","18":"outofstock","19":"taxable","20":"shipping-taxable","21":"product-type-simple"},"acf":[],"yoast_head":"<!-- This site is optimized with the Yoast SEO Premium plugin v27.2 (Yoast SEO v27.2) - https:\/\/yoast.com\/product\/yoast-seo-premium-wordpress\/ -->\n<title>DJI Mini 3 (DJI RC) - koningdrone.be<\/title>\n<meta name=\"robots\" content=\"index, follow, max-snippet:-1, max-image-preview:large, max-video-preview:-1\" \/>\n<link rel=\"canonical\" href=\"https:\/\/koningdrone.be\/fr\/produit\/dji-mini-3-dji-rc\/\" \/>\n<meta property=\"og:locale\" content=\"fr_FR\" \/>\n<meta property=\"og:type\" content=\"article\" \/>\n<meta property=\"og:title\" content=\"DJI Mini 3 (DJI RC)\" \/>\n<meta property=\"og:description\" content=\"Compact en ultralicht  Extended Battery Life  4K HDR-video  True Vertical Shooting  Intelligent Flight Battery  38 min. vluchttijd  Windbestendig tot 38 kph  QuickShots voor geavanceerde opnames  Intelligentie functies voor eenvoudig vliegen  DJI RC en andere accessoires beschikbaar\" \/>\n<meta property=\"og:url\" content=\"https:\/\/koningdrone.be\/fr\/produit\/dji-mini-3-dji-rc\/\" \/>\n<meta property=\"og:site_name\" content=\"koningdrone.be\" \/>\n<meta property=\"article:modified_time\" content=\"2026-04-29T11:20:52+00:00\" \/>\n<meta property=\"og:image\" content=\"https:\/\/koningdrone.be\/wp-content\/uploads\/sites\/13\/2025\/04\/dji-mini-3-dji-rc-shop-de27.jpg\" \/>\n\t<meta property=\"og:image:width\" content=\"1000\" \/>\n\t<meta property=\"og:image:height\" content=\"720\" \/>\n\t<meta property=\"og:image:type\" content=\"image\/jpeg\" \/>\n<meta name=\"twitter:card\" content=\"summary_large_image\" \/>\n<meta name=\"twitter:label1\" content=\"Dur\u00e9e de lecture est.\" \/>\n\t<meta name=\"twitter:data1\" content=\"1 minute\" \/>\n<script type=\"application\/ld+json\" class=\"yoast-schema-graph\">{\"@context\":\"https:\/\/schema.org\",\"@graph\":[{\"@type\":\"WebPage\",\"@id\":\"https:\/\/koningdrone.be\/product\/dji-mini-3-dji-rc\/\",\"url\":\"https:\/\/koningdrone.be\/product\/dji-mini-3-dji-rc\/\",\"name\":\"DJI Mini 3 (DJI RC) - koningdrone.be\",\"isPartOf\":{\"@id\":\"https:\/\/koningdrone.be\/#website\"},\"primaryImageOfPage\":{\"@id\":\"https:\/\/koningdrone.be\/product\/dji-mini-3-dji-rc\/#primaryimage\"},\"image\":{\"@id\":\"https:\/\/koningdrone.be\/product\/dji-mini-3-dji-rc\/#primaryimage\"},\"thumbnailUrl\":\"https:\/\/koningdrone.be\/wp-content\/uploads\/sites\/13\/2025\/04\/dji-mini-3-dji-rc-shop-de27.jpg\",\"datePublished\":\"2023-11-28T17:49:48+00:00\",\"dateModified\":\"2026-04-29T11:20:52+00:00\",\"breadcrumb\":{\"@id\":\"https:\/\/koningdrone.be\/product\/dji-mini-3-dji-rc\/#breadcrumb\"},\"inLanguage\":\"fr-BE\",\"potentialAction\":[{\"@type\":\"ReadAction\",\"target\":[\"https:\/\/koningdrone.be\/product\/dji-mini-3-dji-rc\/\"]}]},{\"@type\":\"ImageObject\",\"inLanguage\":\"fr-BE\",\"@id\":\"https:\/\/koningdrone.be\/product\/dji-mini-3-dji-rc\/#primaryimage\",\"url\":\"https:\/\/koningdrone.be\/wp-content\/uploads\/sites\/13\/2025\/04\/dji-mini-3-dji-rc-shop-de27.jpg\",\"contentUrl\":\"https:\/\/koningdrone.be\/wp-content\/uploads\/sites\/13\/2025\/04\/dji-mini-3-dji-rc-shop-de27.jpg\",\"width\":1000,\"height\":720},{\"@type\":\"BreadcrumbList\",\"@id\":\"https:\/\/koningdrone.be\/product\/dji-mini-3-dji-rc\/#breadcrumb\",\"itemListElement\":[{\"@type\":\"ListItem\",\"position\":1,\"name\":\"Home\",\"item\":\"https:\/\/koningdrone.be\/\"},{\"@type\":\"ListItem\",\"position\":2,\"name\":\"AVSS Parachute Recovery System for DJI Matrice 300\/350\",\"item\":\"https:\/\/koningdrone.be\/product\/avss-parachute-recovery-system-for-dji-matrice-300-350\/\"},{\"@type\":\"ListItem\",\"position\":3,\"name\":\"Alle producten\",\"item\":\"https:\/\/koningdrone.be\/categorie\/alle-producten\/\"},{\"@type\":\"ListItem\",\"position\":4,\"name\":\"DJI Mini 3 (DJI RC)\"}]},{\"@type\":\"WebSite\",\"@id\":\"https:\/\/koningdrone.be\/#website\",\"url\":\"https:\/\/koningdrone.be\/\",\"name\":\"Koningdrone.be - Uw online specialist in drones, gimbals, camera's en power stations.\",\"description\":\"De webshop in drones en gimbals\",\"publisher\":{\"@id\":\"https:\/\/koningdrone.be\/#organization\"},\"potentialAction\":[{\"@type\":\"SearchAction\",\"target\":{\"@type\":\"EntryPoint\",\"urlTemplate\":\"https:\/\/koningdrone.be\/?s={search_term_string}\"},\"query-input\":{\"@type\":\"PropertyValueSpecification\",\"valueRequired\":true,\"valueName\":\"search_term_string\"}}],\"inLanguage\":\"fr-BE\"},{\"@type\":\"Organization\",\"@id\":\"https:\/\/koningdrone.be\/#organization\",\"name\":\"Koningdrone.be\",\"url\":\"https:\/\/koningdrone.be\/\",\"logo\":{\"@type\":\"ImageObject\",\"inLanguage\":\"fr-BE\",\"@id\":\"https:\/\/koningdrone.be\/#\/schema\/logo\/image\/\",\"url\":\"https:\/\/koningdrone.be\/wp-content\/uploads\/sites\/13\/2025\/04\/koningdrone-copyright-logo.svg\",\"contentUrl\":\"https:\/\/koningdrone.be\/wp-content\/uploads\/sites\/13\/2025\/04\/koningdrone-copyright-logo.svg\",\"width\":227,\"height\":38,\"caption\":\"Koningdrone.be\"},\"image\":{\"@id\":\"https:\/\/koningdrone.be\/#\/schema\/logo\/image\/\"}}]}<\/script>\n<!-- \/ Yoast SEO Premium plugin. -->","yoast_head_json":{"title":"DJI Mini 3 (DJI RC) - koningdrone.be","robots":{"index":"index","follow":"follow","max-snippet":"max-snippet:-1","max-image-preview":"max-image-preview:large","max-video-preview":"max-video-preview:-1"},"canonical":"https:\/\/koningdrone.be\/fr\/produit\/dji-mini-3-dji-rc\/","og_locale":"fr_FR","og_type":"article","og_title":"DJI Mini 3 (DJI RC)","og_description":"Compact en ultralicht  Extended Battery Life  4K HDR-video  True Vertical Shooting  Intelligent Flight Battery  38 min. vluchttijd  Windbestendig tot 38 kph  QuickShots voor geavanceerde opnames  Intelligentie functies voor eenvoudig vliegen  DJI RC en andere accessoires beschikbaar","og_url":"https:\/\/koningdrone.be\/fr\/produit\/dji-mini-3-dji-rc\/","og_site_name":"koningdrone.be","article_modified_time":"2026-04-29T11:20:52+00:00","og_image":[{"width":1000,"height":720,"url":"https:\/\/koningdrone.be\/wp-content\/uploads\/sites\/13\/2025\/04\/dji-mini-3-dji-rc-shop-de27.jpg","type":"image\/jpeg"}],"twitter_card":"summary_large_image","twitter_misc":{"Dur\u00e9e de lecture est.":"1 minute"},"schema":{"@context":"https:\/\/schema.org","@graph":[{"@type":"WebPage","@id":"https:\/\/koningdrone.be\/product\/dji-mini-3-dji-rc\/","url":"https:\/\/koningdrone.be\/product\/dji-mini-3-dji-rc\/","name":"DJI Mini 3 (DJI RC) - koningdrone.be","isPartOf":{"@id":"https:\/\/koningdrone.be\/#website"},"primaryImageOfPage":{"@id":"https:\/\/koningdrone.be\/product\/dji-mini-3-dji-rc\/#primaryimage"},"image":{"@id":"https:\/\/koningdrone.be\/product\/dji-mini-3-dji-rc\/#primaryimage"},"thumbnailUrl":"https:\/\/koningdrone.be\/wp-content\/uploads\/sites\/13\/2025\/04\/dji-mini-3-dji-rc-shop-de27.jpg","datePublished":"2023-11-28T17:49:48+00:00","dateModified":"2026-04-29T11:20:52+00:00","breadcrumb":{"@id":"https:\/\/koningdrone.be\/product\/dji-mini-3-dji-rc\/#breadcrumb"},"inLanguage":"fr-BE","potentialAction":[{"@type":"ReadAction","target":["https:\/\/koningdrone.be\/product\/dji-mini-3-dji-rc\/"]}]},{"@type":"ImageObject","inLanguage":"fr-BE","@id":"https:\/\/koningdrone.be\/product\/dji-mini-3-dji-rc\/#primaryimage","url":"https:\/\/koningdrone.be\/wp-content\/uploads\/sites\/13\/2025\/04\/dji-mini-3-dji-rc-shop-de27.jpg","contentUrl":"https:\/\/koningdrone.be\/wp-content\/uploads\/sites\/13\/2025\/04\/dji-mini-3-dji-rc-shop-de27.jpg","width":1000,"height":720},{"@type":"BreadcrumbList","@id":"https:\/\/koningdrone.be\/product\/dji-mini-3-dji-rc\/#breadcrumb","itemListElement":[{"@type":"ListItem","position":1,"name":"Home","item":"https:\/\/koningdrone.be\/"},{"@type":"ListItem","position":2,"name":"AVSS Parachute Recovery System for DJI Matrice 300\/350","item":"https:\/\/koningdrone.be\/product\/avss-parachute-recovery-system-for-dji-matrice-300-350\/"},{"@type":"ListItem","position":3,"name":"Alle producten","item":"https:\/\/koningdrone.be\/categorie\/alle-producten\/"},{"@type":"ListItem","position":4,"name":"DJI Mini 3 (DJI RC)"}]},{"@type":"WebSite","@id":"https:\/\/koningdrone.be\/#website","url":"https:\/\/koningdrone.be\/","name":"Koningdrone.be - Votre sp\u00e9cialiste en ligne en mati\u00e8re de drones, de cardans, de cam\u00e9ras et de centrales \u00e9lectriques.","description":"La boutique en ligne de drones et de cardans","publisher":{"@id":"https:\/\/koningdrone.be\/#organization"},"potentialAction":[{"@type":"SearchAction","target":{"@type":"EntryPoint","urlTemplate":"https:\/\/koningdrone.be\/?s={search_term_string}"},"query-input":{"@type":"PropertyValueSpecification","valueRequired":true,"valueName":"search_term_string"}}],"inLanguage":"fr-BE"},{"@type":"Organization","@id":"https:\/\/koningdrone.be\/#organization","name":"Kingdrone.co.uk","url":"https:\/\/koningdrone.be\/","logo":{"@type":"ImageObject","inLanguage":"fr-BE","@id":"https:\/\/koningdrone.be\/#\/schema\/logo\/image\/","url":"https:\/\/koningdrone.be\/wp-content\/uploads\/sites\/13\/2025\/04\/koningdrone-copyright-logo.svg","contentUrl":"https:\/\/koningdrone.be\/wp-content\/uploads\/sites\/13\/2025\/04\/koningdrone-copyright-logo.svg","width":227,"height":38,"caption":"Koningdrone.be"},"image":{"@id":"https:\/\/koningdrone.be\/#\/schema\/logo\/image\/"}}]}},"df_price":"","df_sale_price":"","df_regular_price":"","df_image_link":"https:\/\/koningdrone.be\/wp-content\/uploads\/sites\/13\/2025\/04\/dji-mini-3-dji-rc-shop-de27-300x216.jpg","_links":{"self":[{"href":"https:\/\/koningdrone.be\/fr\/wp-json\/wp\/v2\/product\/4214","targetHints":{"allow":["GET"]}}],"collection":[{"href":"https:\/\/koningdrone.be\/fr\/wp-json\/wp\/v2\/product"}],"about":[{"href":"https:\/\/koningdrone.be\/fr\/wp-json\/wp\/v2\/types\/product"}],"wp:featuredmedia":[{"embeddable":true,"href":"https:\/\/koningdrone.be\/fr\/wp-json\/wp\/v2\/media\/4213"}],"wp:attachment":[{"href":"https:\/\/koningdrone.be\/fr\/wp-json\/wp\/v2\/media?parent=4214"}],"wp:term":[{"taxonomy":"product_brand","embeddable":true,"href":"https:\/\/koningdrone.be\/fr\/wp-json\/wp\/v2\/product_brand?post=4214"},{"taxonomy":"product_cat","embeddable":true,"href":"https:\/\/koningdrone.be\/fr\/wp-json\/wp\/v2\/product_cat?post=4214"},{"taxonomy":"product_tag","embeddable":true,"href":"https:\/\/koningdrone.be\/fr\/wp-json\/wp\/v2\/product_tag?post=4214"}],"curies":[{"name":"wp","href":"https:\/\/api.w.org\/{rel}","templated":true}]}}