{"id":4202,"date":"2023-11-28T18:50:44","date_gmt":"2023-11-28T17:50:44","guid":{"rendered":"https:\/\/koningdrone.nl\/kon\/product\/osmo-pocket-3-expansion-adapter\/"},"modified":"2026-04-29T15:10:19","modified_gmt":"2026-04-29T13:10:19","slug":"osmo-pocket-3-expansion-adapter","status":"publish","type":"product","link":"https:\/\/koningdrone.be\/fr\/produit\/osmo-pocket-3-expansion-adapter\/","title":{"rendered":"Adaptateur d'expansion Osmo Pocket 3"},"content":{"rendered":"<p><strong>Am\u00e9liorez votre Osmo Pocket 3<\/strong><\/p>\n<p> L'adaptateur d'extension est ing\u00e9nieusement con\u00e7u pour faire passer votre Osmo Pocket 3 au niveau sup\u00e9rieur en introduisant un niveau de polyvalence sans pr\u00e9c\u00e9dent. Avec la possibilit\u00e9 de connecter \u00e0 la fois une griffe froide et un port pour cam\u00e9ra d'action, il transforme votre appareil en un outil hautement personnalisable. Cette personnalisation augmente non seulement la convivialit\u00e9 de votre Osmo Pocket 3, mais am\u00e9liore aussi consid\u00e9rablement sa compatibilit\u00e9 avec une large gamme d'accessoires Osmo Action.<\/p>\n<p><strong>Lib\u00e9rer les possibilit\u00e9s cr\u00e9atives<\/strong><\/p>\n<p> En utilisant l'adaptateur d'extension, vous d\u00e9bloquez un royaume de possibilit\u00e9s cr\u00e9atives pour votre Osmo Pocket 3. Il devient parfaitement compatible avec le support de sangle de sac \u00e0 dos Osmo, entre autres, \u00e9largissant consid\u00e9rablement les sc\u00e9narios d'utilisation. Que vous vous aventuriez sur un terrain accident\u00e9 ou que vous exploriez la ville, votre appareil est d\u00e9sormais enti\u00e8rement \u00e9quip\u00e9 pour capturer chaque instant avec facilit\u00e9 et flexibilit\u00e9. Cet adaptateur ne se contente pas de simplifier vos aventures, il enrichit \u00e9galement vos capacit\u00e9s de narration visuelle.<\/p>\n<p><\/p>","protected":false},"excerpt":{"rendered":"<ul>\n<li>Extensible pour une griffe froide et un port pour cam\u00e9ra d'action<\/li>\n<li> Rend l'Osmo Pocket 3 compatible avec la plupart des accessoires Osmo Action<\/li>\n<li> Compatible avec la sangle de fixation pour sac \u00e0 dos Osmo<\/li>\n<\/ul>","protected":false},"featured_media":4199,"template":"","meta":{"_acf_changed":false},"product_brand":[],"product_cat":[410,97,297,757,778],"product_tag":[],"class_list":{"0":"post-4202","1":"product","2":"type-product","3":"status-publish","4":"has-post-thumbnail","6":"product_cat-alle-handheld-gimbals","7":"product_cat-alle-producten","8":"product_cat-dji-osmo","9":"product_cat-dji-osmo-action","10":"product_cat-dji-osmo-pocket","11":"product_shipping_class-outofstock","12":"pa_brand-dji","13":"pa_productfamily-expansion-set","14":"pa_producttype-expansion-set","15":"pa_series-osmo-pocket","17":"first","18":"outofstock","19":"taxable","20":"shipping-taxable","21":"purchasable","22":"product-type-simple"},"acf":[],"yoast_head":"<!-- This site is optimized with the Yoast SEO Premium plugin v27.2 (Yoast SEO v27.2) - https:\/\/yoast.com\/product\/yoast-seo-premium-wordpress\/ -->\n<title>Osmo Pocket 3 Expansion Adapter - koningdrone.be<\/title>\n<meta name=\"robots\" content=\"index, follow, max-snippet:-1, max-image-preview:large, max-video-preview:-1\" \/>\n<link rel=\"canonical\" href=\"https:\/\/koningdrone.be\/fr\/produit\/osmo-pocket-3-expansion-adapter\/\" \/>\n<meta property=\"og:locale\" content=\"fr_FR\" \/>\n<meta property=\"og:type\" content=\"article\" \/>\n<meta property=\"og:title\" content=\"Osmo Pocket 3 Expansion Adapter\" \/>\n<meta property=\"og:description\" content=\"Uitbreidbaar voor een cold shoe en actiecamerapoort Maakt Osmo Pocket 3 compatibel met de meeste Osmo Action-accessoires Ondersteunt gebruik met de Osmo Backpack Strap Mount\" \/>\n<meta property=\"og:url\" content=\"https:\/\/koningdrone.be\/fr\/produit\/osmo-pocket-3-expansion-adapter\/\" \/>\n<meta property=\"og:site_name\" content=\"koningdrone.be\" \/>\n<meta property=\"article:modified_time\" content=\"2026-04-29T13:10:19+00:00\" \/>\n<meta property=\"og:image\" content=\"https:\/\/koningdrone.be\/wp-content\/uploads\/sites\/13\/2025\/04\/0980782dacf15c9c4f478baa1c7f89ba@large.jpg\" \/>\n\t<meta property=\"og:image:width\" content=\"1200\" \/>\n\t<meta property=\"og:image:height\" content=\"800\" \/>\n\t<meta property=\"og:image:type\" content=\"image\/jpeg\" \/>\n<meta name=\"twitter:card\" content=\"summary_large_image\" \/>\n<meta name=\"twitter:label1\" content=\"Dur\u00e9e de lecture est.\" \/>\n\t<meta name=\"twitter:data1\" content=\"1 minute\" \/>\n<script type=\"application\/ld+json\" class=\"yoast-schema-graph\">{\"@context\":\"https:\/\/schema.org\",\"@graph\":[{\"@type\":\"WebPage\",\"@id\":\"https:\/\/koningdrone.be\/product\/osmo-pocket-3-expansion-adapter\/\",\"url\":\"https:\/\/koningdrone.be\/product\/osmo-pocket-3-expansion-adapter\/\",\"name\":\"Osmo Pocket 3 Expansion Adapter - koningdrone.be\",\"isPartOf\":{\"@id\":\"https:\/\/koningdrone.be\/#website\"},\"primaryImageOfPage\":{\"@id\":\"https:\/\/koningdrone.be\/product\/osmo-pocket-3-expansion-adapter\/#primaryimage\"},\"image\":{\"@id\":\"https:\/\/koningdrone.be\/product\/osmo-pocket-3-expansion-adapter\/#primaryimage\"},\"thumbnailUrl\":\"https:\/\/koningdrone.be\/wp-content\/uploads\/sites\/13\/2025\/04\/0980782dacf15c9c4f478baa1c7f89ba@large.jpg\",\"datePublished\":\"2023-11-28T17:50:44+00:00\",\"dateModified\":\"2026-04-29T13:10:19+00:00\",\"breadcrumb\":{\"@id\":\"https:\/\/koningdrone.be\/product\/osmo-pocket-3-expansion-adapter\/#breadcrumb\"},\"inLanguage\":\"fr-BE\",\"potentialAction\":[{\"@type\":\"ReadAction\",\"target\":[\"https:\/\/koningdrone.be\/product\/osmo-pocket-3-expansion-adapter\/\"]}]},{\"@type\":\"ImageObject\",\"inLanguage\":\"fr-BE\",\"@id\":\"https:\/\/koningdrone.be\/product\/osmo-pocket-3-expansion-adapter\/#primaryimage\",\"url\":\"https:\/\/koningdrone.be\/wp-content\/uploads\/sites\/13\/2025\/04\/0980782dacf15c9c4f478baa1c7f89ba@large.jpg\",\"contentUrl\":\"https:\/\/koningdrone.be\/wp-content\/uploads\/sites\/13\/2025\/04\/0980782dacf15c9c4f478baa1c7f89ba@large.jpg\",\"width\":1200,\"height\":800},{\"@type\":\"BreadcrumbList\",\"@id\":\"https:\/\/koningdrone.be\/product\/osmo-pocket-3-expansion-adapter\/#breadcrumb\",\"itemListElement\":[{\"@type\":\"ListItem\",\"position\":1,\"name\":\"Home\",\"item\":\"https:\/\/koningdrone.be\/\"},{\"@type\":\"ListItem\",\"position\":2,\"name\":\"AVSS Parachute Recovery System for DJI Matrice 300\/350\",\"item\":\"https:\/\/koningdrone.be\/product\/avss-parachute-recovery-system-for-dji-matrice-300-350\/\"},{\"@type\":\"ListItem\",\"position\":3,\"name\":\"Alle handheld gimbals\",\"item\":\"https:\/\/koningdrone.be\/categorie\/alle-handheld-gimbals\/\"},{\"@type\":\"ListItem\",\"position\":4,\"name\":\"Osmo Pocket 3 Expansion Adapter\"}]},{\"@type\":\"WebSite\",\"@id\":\"https:\/\/koningdrone.be\/#website\",\"url\":\"https:\/\/koningdrone.be\/\",\"name\":\"Koningdrone.be - Uw online specialist in drones, gimbals, camera's en power stations.\",\"description\":\"De webshop in drones en gimbals\",\"publisher\":{\"@id\":\"https:\/\/koningdrone.be\/#organization\"},\"potentialAction\":[{\"@type\":\"SearchAction\",\"target\":{\"@type\":\"EntryPoint\",\"urlTemplate\":\"https:\/\/koningdrone.be\/?s={search_term_string}\"},\"query-input\":{\"@type\":\"PropertyValueSpecification\",\"valueRequired\":true,\"valueName\":\"search_term_string\"}}],\"inLanguage\":\"fr-BE\"},{\"@type\":\"Organization\",\"@id\":\"https:\/\/koningdrone.be\/#organization\",\"name\":\"Koningdrone.be\",\"url\":\"https:\/\/koningdrone.be\/\",\"logo\":{\"@type\":\"ImageObject\",\"inLanguage\":\"fr-BE\",\"@id\":\"https:\/\/koningdrone.be\/#\/schema\/logo\/image\/\",\"url\":\"https:\/\/koningdrone.be\/wp-content\/uploads\/sites\/13\/2025\/04\/koningdrone-copyright-logo.svg\",\"contentUrl\":\"https:\/\/koningdrone.be\/wp-content\/uploads\/sites\/13\/2025\/04\/koningdrone-copyright-logo.svg\",\"width\":227,\"height\":38,\"caption\":\"Koningdrone.be\"},\"image\":{\"@id\":\"https:\/\/koningdrone.be\/#\/schema\/logo\/image\/\"}}]}<\/script>\n<!-- \/ Yoast SEO Premium plugin. -->","yoast_head_json":{"title":"Osmo Pocket 3 Expansion Adapter - koningdrone.be","robots":{"index":"index","follow":"follow","max-snippet":"max-snippet:-1","max-image-preview":"max-image-preview:large","max-video-preview":"max-video-preview:-1"},"canonical":"https:\/\/koningdrone.be\/fr\/produit\/osmo-pocket-3-expansion-adapter\/","og_locale":"fr_FR","og_type":"article","og_title":"Osmo Pocket 3 Expansion Adapter","og_description":"Uitbreidbaar voor een cold shoe en actiecamerapoort Maakt Osmo Pocket 3 compatibel met de meeste Osmo Action-accessoires Ondersteunt gebruik met de Osmo Backpack Strap Mount","og_url":"https:\/\/koningdrone.be\/fr\/produit\/osmo-pocket-3-expansion-adapter\/","og_site_name":"koningdrone.be","article_modified_time":"2026-04-29T13:10:19+00:00","og_image":[{"width":1200,"height":800,"url":"https:\/\/koningdrone.be\/wp-content\/uploads\/sites\/13\/2025\/04\/0980782dacf15c9c4f478baa1c7f89ba@large.jpg","type":"image\/jpeg"}],"twitter_card":"summary_large_image","twitter_misc":{"Dur\u00e9e de lecture est.":"1 minute"},"schema":{"@context":"https:\/\/schema.org","@graph":[{"@type":"WebPage","@id":"https:\/\/koningdrone.be\/product\/osmo-pocket-3-expansion-adapter\/","url":"https:\/\/koningdrone.be\/product\/osmo-pocket-3-expansion-adapter\/","name":"Osmo Pocket 3 Expansion Adapter - koningdrone.be","isPartOf":{"@id":"https:\/\/koningdrone.be\/#website"},"primaryImageOfPage":{"@id":"https:\/\/koningdrone.be\/product\/osmo-pocket-3-expansion-adapter\/#primaryimage"},"image":{"@id":"https:\/\/koningdrone.be\/product\/osmo-pocket-3-expansion-adapter\/#primaryimage"},"thumbnailUrl":"https:\/\/koningdrone.be\/wp-content\/uploads\/sites\/13\/2025\/04\/0980782dacf15c9c4f478baa1c7f89ba@large.jpg","datePublished":"2023-11-28T17:50:44+00:00","dateModified":"2026-04-29T13:10:19+00:00","breadcrumb":{"@id":"https:\/\/koningdrone.be\/product\/osmo-pocket-3-expansion-adapter\/#breadcrumb"},"inLanguage":"fr-BE","potentialAction":[{"@type":"ReadAction","target":["https:\/\/koningdrone.be\/product\/osmo-pocket-3-expansion-adapter\/"]}]},{"@type":"ImageObject","inLanguage":"fr-BE","@id":"https:\/\/koningdrone.be\/product\/osmo-pocket-3-expansion-adapter\/#primaryimage","url":"https:\/\/koningdrone.be\/wp-content\/uploads\/sites\/13\/2025\/04\/0980782dacf15c9c4f478baa1c7f89ba@large.jpg","contentUrl":"https:\/\/koningdrone.be\/wp-content\/uploads\/sites\/13\/2025\/04\/0980782dacf15c9c4f478baa1c7f89ba@large.jpg","width":1200,"height":800},{"@type":"BreadcrumbList","@id":"https:\/\/koningdrone.be\/product\/osmo-pocket-3-expansion-adapter\/#breadcrumb","itemListElement":[{"@type":"ListItem","position":1,"name":"Home","item":"https:\/\/koningdrone.be\/"},{"@type":"ListItem","position":2,"name":"AVSS Parachute Recovery System for DJI Matrice 300\/350","item":"https:\/\/koningdrone.be\/product\/avss-parachute-recovery-system-for-dji-matrice-300-350\/"},{"@type":"ListItem","position":3,"name":"Alle handheld gimbals","item":"https:\/\/koningdrone.be\/categorie\/alle-handheld-gimbals\/"},{"@type":"ListItem","position":4,"name":"Osmo Pocket 3 Expansion Adapter"}]},{"@type":"WebSite","@id":"https:\/\/koningdrone.be\/#website","url":"https:\/\/koningdrone.be\/","name":"Koningdrone.be - Votre sp\u00e9cialiste en ligne en mati\u00e8re de drones, de cardans, de cam\u00e9ras et de centrales \u00e9lectriques.","description":"La boutique en ligne de drones et de cardans","publisher":{"@id":"https:\/\/koningdrone.be\/#organization"},"potentialAction":[{"@type":"SearchAction","target":{"@type":"EntryPoint","urlTemplate":"https:\/\/koningdrone.be\/?s={search_term_string}"},"query-input":{"@type":"PropertyValueSpecification","valueRequired":true,"valueName":"search_term_string"}}],"inLanguage":"fr-BE"},{"@type":"Organization","@id":"https:\/\/koningdrone.be\/#organization","name":"Kingdrone.co.uk","url":"https:\/\/koningdrone.be\/","logo":{"@type":"ImageObject","inLanguage":"fr-BE","@id":"https:\/\/koningdrone.be\/#\/schema\/logo\/image\/","url":"https:\/\/koningdrone.be\/wp-content\/uploads\/sites\/13\/2025\/04\/koningdrone-copyright-logo.svg","contentUrl":"https:\/\/koningdrone.be\/wp-content\/uploads\/sites\/13\/2025\/04\/koningdrone-copyright-logo.svg","width":227,"height":38,"caption":"Koningdrone.be"},"image":{"@id":"https:\/\/koningdrone.be\/#\/schema\/logo\/image\/"}}]}},"df_price":19,"df_sale_price":"","df_regular_price":19,"df_image_link":"https:\/\/koningdrone.be\/wp-content\/uploads\/sites\/13\/2025\/04\/0980782dacf15c9c4f478baa1c7f89ba@large-300x200.jpg","_links":{"self":[{"href":"https:\/\/koningdrone.be\/fr\/wp-json\/wp\/v2\/product\/4202","targetHints":{"allow":["GET"]}}],"collection":[{"href":"https:\/\/koningdrone.be\/fr\/wp-json\/wp\/v2\/product"}],"about":[{"href":"https:\/\/koningdrone.be\/fr\/wp-json\/wp\/v2\/types\/product"}],"wp:featuredmedia":[{"embeddable":true,"href":"https:\/\/koningdrone.be\/fr\/wp-json\/wp\/v2\/media\/4199"}],"wp:attachment":[{"href":"https:\/\/koningdrone.be\/fr\/wp-json\/wp\/v2\/media?parent=4202"}],"wp:term":[{"taxonomy":"product_brand","embeddable":true,"href":"https:\/\/koningdrone.be\/fr\/wp-json\/wp\/v2\/product_brand?post=4202"},{"taxonomy":"product_cat","embeddable":true,"href":"https:\/\/koningdrone.be\/fr\/wp-json\/wp\/v2\/product_cat?post=4202"},{"taxonomy":"product_tag","embeddable":true,"href":"https:\/\/koningdrone.be\/fr\/wp-json\/wp\/v2\/product_tag?post=4202"}],"curies":[{"name":"wp","href":"https:\/\/api.w.org\/{rel}","templated":true}]}}