{"id":4198,"date":"2023-11-28T18:50:44","date_gmt":"2023-11-28T17:50:44","guid":{"rendered":"https:\/\/koningdrone.nl\/kon\/product\/osmo-pocket-3-magnetic-nd-filters-set\/"},"modified":"2026-04-29T15:10:17","modified_gmt":"2026-04-29T13:10:17","slug":"osmo-pocket-3-magnetic-nd-filters-set","status":"publish","type":"product","link":"https:\/\/koningdrone.be\/fr\/produit\/osmo-pocket-3-magnetic-nd-filters-set\/","title":{"rendered":"Set de filtres ND magn\u00e9tiques Osmo Pocket 3"},"content":{"rendered":"<p><strong>Fixation magn\u00e9tique facile<\/strong><\/p>\n<p> Le jeu de filtres ND magn\u00e9tiques r\u00e9volutionne la mani\u00e8re dont les photographes fixent les filtres \u00e0 leur appareil photo. Gr\u00e2ce \u00e0 un syst\u00e8me magn\u00e9tique, ces filtres peuvent \u00eatre facilement et rapidement attach\u00e9s ou d\u00e9tach\u00e9s, ce qui simplifie le processus et \u00e9limine les tracas souvent associ\u00e9s aux filtres flous traditionnels. Cette caract\u00e9ristique am\u00e9liore consid\u00e9rablement l'exp\u00e9rience de l'utilisateur, ce qui en fait un outil id\u00e9al pour les photographes de tous niveaux qui ont besoin de changements rapides dans des environnements de prise de vue dynamiques.<\/p>\n<p><strong>Gamme de filtres polyvalente<\/strong><\/p>\n<p> Ce set contient trois filtres \u00e0 densit\u00e9 neutre (ND) diff\u00e9rents : ND16, ND64 et ND256, chacun con\u00e7u pour emp\u00eacher diff\u00e9rents degr\u00e9s de lumi\u00e8re d'entrer dans l'appareil photo. Ils permettent ainsi aux photographes d'allonger les temps d'exposition ou d'ouvrir davantage leur diaphragme sans risquer de surexposer l'image. Cette polyvalence est indispensable pour prendre des photos de haute qualit\u00e9 dans des conditions d'\u00e9clairage vari\u00e9es, qu'il s'agisse de r\u00e9duire la profondeur de champ en pleine lumi\u00e8re ou de cr\u00e9er un flou de boug\u00e9 en plein jour.<\/p>\n<p><strong>Conception s\u00fbre et de haute qualit\u00e9<\/strong><\/p>\n<p> La conception magn\u00e9tique de ces filtres ND les rend non seulement pratiques \u00e0 utiliser, mais assure \u00e9galement une fixation s\u00fbre sur votre appareil photo. Cette fixation solide est essentielle pour maintenir la qualit\u00e9 de l'image en \u00e9vitant les fuites de lumi\u00e8re et en garantissant que le filtre reste exactement dans la position souhait\u00e9e. Gr\u00e2ce \u00e0 cette conception, les photographes peuvent \u00eatre s\u00fbrs que leur \u00e9quipement fonctionnera de mani\u00e8re fiable et produira des images nettes et claires r\u00e9pondant aux normes professionnelles.<\/p>\n<p><strong>Id\u00e9al pour tous les niveaux de comp\u00e9tence<\/strong><\/p>\n<p> Que vous soyez novice en photographie ou professionnel exp\u00e9riment\u00e9, le jeu de filtres ND magn\u00e9tiques offre une solution qui peut am\u00e9liorer votre photographie. La facilit\u00e9 d'utilisation combin\u00e9e \u00e0 la qualit\u00e9 et \u00e0 la polyvalence des filtres en fait un outil pr\u00e9cieux pour contr\u00f4ler l'exposition \u00e0 la lumi\u00e8re et obtenir les effets photographiques souhait\u00e9s dans n'importe quelle situation. Ce set permet aux photographes d'explorer et d'\u00e9tendre leur potentiel cr\u00e9atif, quel que soit leur niveau d'exp\u00e9rience.<\/p>\n<p><\/p>","protected":false},"excerpt":{"rendered":"<ul>\n<li>Filtres ND16, ND64 et ND256 inclus<\/li>\n<li> Conception magn\u00e9tique pour une fixation\/un retrait faciles<\/li>\n<\/ul>","protected":false},"featured_media":4196,"template":"","meta":{"_acf_changed":false},"product_brand":[],"product_cat":[410,172,97,297,778],"product_tag":[],"class_list":{"0":"post-4198","1":"product","2":"type-product","3":"status-publish","4":"has-post-thumbnail","6":"product_cat-alle-handheld-gimbals","7":"product_cat-alle-nd-filters","8":"product_cat-alle-producten","9":"product_cat-dji-osmo","10":"product_cat-dji-osmo-pocket","11":"product_shipping_class-outofstock","12":"pa_brand-dji","13":"pa_productfamily-nd-filters","14":"pa_producttype-nd-filters","15":"pa_series-osmo-pocket","17":"first","18":"outofstock","19":"taxable","20":"shipping-taxable","21":"purchasable","22":"product-type-simple"},"acf":[],"yoast_head":"<!-- This site is optimized with the Yoast SEO Premium plugin v27.2 (Yoast SEO v27.2) - https:\/\/yoast.com\/product\/yoast-seo-premium-wordpress\/ -->\n<title>Osmo Pocket 3 Magnetic ND Filters Set - koningdrone.be<\/title>\n<meta name=\"robots\" content=\"index, follow, max-snippet:-1, max-image-preview:large, max-video-preview:-1\" \/>\n<link rel=\"canonical\" href=\"https:\/\/koningdrone.be\/fr\/produit\/osmo-pocket-3-magnetic-nd-filters-set\/\" \/>\n<meta property=\"og:locale\" content=\"fr_FR\" \/>\n<meta property=\"og:type\" content=\"article\" \/>\n<meta property=\"og:title\" content=\"Osmo Pocket 3 Magnetic ND Filters Set\" \/>\n<meta property=\"og:description\" content=\"Inclusief ND16-, ND64- en ND256-filters Magnetisch ontwerp voor eenvoudig bevestigen\/verwijderen\" \/>\n<meta property=\"og:url\" content=\"https:\/\/koningdrone.be\/fr\/produit\/osmo-pocket-3-magnetic-nd-filters-set\/\" \/>\n<meta property=\"og:site_name\" content=\"koningdrone.be\" \/>\n<meta property=\"article:modified_time\" content=\"2026-04-29T13:10:17+00:00\" \/>\n<meta property=\"og:image\" content=\"https:\/\/koningdrone.be\/wp-content\/uploads\/sites\/13\/2025\/04\/abd4f334db72d10b789c4f4f7edf9538@large.jpg\" \/>\n\t<meta property=\"og:image:width\" content=\"1200\" \/>\n\t<meta property=\"og:image:height\" content=\"800\" \/>\n\t<meta property=\"og:image:type\" content=\"image\/jpeg\" \/>\n<meta name=\"twitter:card\" content=\"summary_large_image\" \/>\n<meta name=\"twitter:label1\" content=\"Dur\u00e9e de lecture est.\" \/>\n\t<meta name=\"twitter:data1\" content=\"2 minutes\" \/>\n<script type=\"application\/ld+json\" class=\"yoast-schema-graph\">{\"@context\":\"https:\/\/schema.org\",\"@graph\":[{\"@type\":\"WebPage\",\"@id\":\"https:\/\/koningdrone.be\/product\/osmo-pocket-3-magnetic-nd-filters-set\/\",\"url\":\"https:\/\/koningdrone.be\/product\/osmo-pocket-3-magnetic-nd-filters-set\/\",\"name\":\"Osmo Pocket 3 Magnetic ND Filters Set - koningdrone.be\",\"isPartOf\":{\"@id\":\"https:\/\/koningdrone.be\/#website\"},\"primaryImageOfPage\":{\"@id\":\"https:\/\/koningdrone.be\/product\/osmo-pocket-3-magnetic-nd-filters-set\/#primaryimage\"},\"image\":{\"@id\":\"https:\/\/koningdrone.be\/product\/osmo-pocket-3-magnetic-nd-filters-set\/#primaryimage\"},\"thumbnailUrl\":\"https:\/\/koningdrone.be\/wp-content\/uploads\/sites\/13\/2025\/04\/abd4f334db72d10b789c4f4f7edf9538@large.jpg\",\"datePublished\":\"2023-11-28T17:50:44+00:00\",\"dateModified\":\"2026-04-29T13:10:17+00:00\",\"breadcrumb\":{\"@id\":\"https:\/\/koningdrone.be\/product\/osmo-pocket-3-magnetic-nd-filters-set\/#breadcrumb\"},\"inLanguage\":\"fr-BE\",\"potentialAction\":[{\"@type\":\"ReadAction\",\"target\":[\"https:\/\/koningdrone.be\/product\/osmo-pocket-3-magnetic-nd-filters-set\/\"]}]},{\"@type\":\"ImageObject\",\"inLanguage\":\"fr-BE\",\"@id\":\"https:\/\/koningdrone.be\/product\/osmo-pocket-3-magnetic-nd-filters-set\/#primaryimage\",\"url\":\"https:\/\/koningdrone.be\/wp-content\/uploads\/sites\/13\/2025\/04\/abd4f334db72d10b789c4f4f7edf9538@large.jpg\",\"contentUrl\":\"https:\/\/koningdrone.be\/wp-content\/uploads\/sites\/13\/2025\/04\/abd4f334db72d10b789c4f4f7edf9538@large.jpg\",\"width\":1200,\"height\":800},{\"@type\":\"BreadcrumbList\",\"@id\":\"https:\/\/koningdrone.be\/product\/osmo-pocket-3-magnetic-nd-filters-set\/#breadcrumb\",\"itemListElement\":[{\"@type\":\"ListItem\",\"position\":1,\"name\":\"Home\",\"item\":\"https:\/\/koningdrone.be\/\"},{\"@type\":\"ListItem\",\"position\":2,\"name\":\"AVSS Parachute Recovery System for DJI Matrice 300\/350\",\"item\":\"https:\/\/koningdrone.be\/product\/avss-parachute-recovery-system-for-dji-matrice-300-350\/\"},{\"@type\":\"ListItem\",\"position\":3,\"name\":\"Alle handheld gimbals\",\"item\":\"https:\/\/koningdrone.be\/categorie\/alle-handheld-gimbals\/\"},{\"@type\":\"ListItem\",\"position\":4,\"name\":\"Osmo Pocket 3 Magnetic ND Filters Set\"}]},{\"@type\":\"WebSite\",\"@id\":\"https:\/\/koningdrone.be\/#website\",\"url\":\"https:\/\/koningdrone.be\/\",\"name\":\"Koningdrone.be - Uw online specialist in drones, gimbals, camera's en power stations.\",\"description\":\"De webshop in drones en gimbals\",\"publisher\":{\"@id\":\"https:\/\/koningdrone.be\/#organization\"},\"potentialAction\":[{\"@type\":\"SearchAction\",\"target\":{\"@type\":\"EntryPoint\",\"urlTemplate\":\"https:\/\/koningdrone.be\/?s={search_term_string}\"},\"query-input\":{\"@type\":\"PropertyValueSpecification\",\"valueRequired\":true,\"valueName\":\"search_term_string\"}}],\"inLanguage\":\"fr-BE\"},{\"@type\":\"Organization\",\"@id\":\"https:\/\/koningdrone.be\/#organization\",\"name\":\"Koningdrone.be\",\"url\":\"https:\/\/koningdrone.be\/\",\"logo\":{\"@type\":\"ImageObject\",\"inLanguage\":\"fr-BE\",\"@id\":\"https:\/\/koningdrone.be\/#\/schema\/logo\/image\/\",\"url\":\"https:\/\/koningdrone.be\/wp-content\/uploads\/sites\/13\/2025\/04\/koningdrone-copyright-logo.svg\",\"contentUrl\":\"https:\/\/koningdrone.be\/wp-content\/uploads\/sites\/13\/2025\/04\/koningdrone-copyright-logo.svg\",\"width\":227,\"height\":38,\"caption\":\"Koningdrone.be\"},\"image\":{\"@id\":\"https:\/\/koningdrone.be\/#\/schema\/logo\/image\/\"}}]}<\/script>\n<!-- \/ Yoast SEO Premium plugin. -->","yoast_head_json":{"title":"Osmo Pocket 3 Magnetic ND Filters Set - koningdrone.be","robots":{"index":"index","follow":"follow","max-snippet":"max-snippet:-1","max-image-preview":"max-image-preview:large","max-video-preview":"max-video-preview:-1"},"canonical":"https:\/\/koningdrone.be\/fr\/produit\/osmo-pocket-3-magnetic-nd-filters-set\/","og_locale":"fr_FR","og_type":"article","og_title":"Osmo Pocket 3 Magnetic ND Filters Set","og_description":"Inclusief ND16-, ND64- en ND256-filters Magnetisch ontwerp voor eenvoudig bevestigen\/verwijderen","og_url":"https:\/\/koningdrone.be\/fr\/produit\/osmo-pocket-3-magnetic-nd-filters-set\/","og_site_name":"koningdrone.be","article_modified_time":"2026-04-29T13:10:17+00:00","og_image":[{"width":1200,"height":800,"url":"https:\/\/koningdrone.be\/wp-content\/uploads\/sites\/13\/2025\/04\/abd4f334db72d10b789c4f4f7edf9538@large.jpg","type":"image\/jpeg"}],"twitter_card":"summary_large_image","twitter_misc":{"Dur\u00e9e de lecture est.":"2 minutes"},"schema":{"@context":"https:\/\/schema.org","@graph":[{"@type":"WebPage","@id":"https:\/\/koningdrone.be\/product\/osmo-pocket-3-magnetic-nd-filters-set\/","url":"https:\/\/koningdrone.be\/product\/osmo-pocket-3-magnetic-nd-filters-set\/","name":"Osmo Pocket 3 Magnetic ND Filters Set - koningdrone.be","isPartOf":{"@id":"https:\/\/koningdrone.be\/#website"},"primaryImageOfPage":{"@id":"https:\/\/koningdrone.be\/product\/osmo-pocket-3-magnetic-nd-filters-set\/#primaryimage"},"image":{"@id":"https:\/\/koningdrone.be\/product\/osmo-pocket-3-magnetic-nd-filters-set\/#primaryimage"},"thumbnailUrl":"https:\/\/koningdrone.be\/wp-content\/uploads\/sites\/13\/2025\/04\/abd4f334db72d10b789c4f4f7edf9538@large.jpg","datePublished":"2023-11-28T17:50:44+00:00","dateModified":"2026-04-29T13:10:17+00:00","breadcrumb":{"@id":"https:\/\/koningdrone.be\/product\/osmo-pocket-3-magnetic-nd-filters-set\/#breadcrumb"},"inLanguage":"fr-BE","potentialAction":[{"@type":"ReadAction","target":["https:\/\/koningdrone.be\/product\/osmo-pocket-3-magnetic-nd-filters-set\/"]}]},{"@type":"ImageObject","inLanguage":"fr-BE","@id":"https:\/\/koningdrone.be\/product\/osmo-pocket-3-magnetic-nd-filters-set\/#primaryimage","url":"https:\/\/koningdrone.be\/wp-content\/uploads\/sites\/13\/2025\/04\/abd4f334db72d10b789c4f4f7edf9538@large.jpg","contentUrl":"https:\/\/koningdrone.be\/wp-content\/uploads\/sites\/13\/2025\/04\/abd4f334db72d10b789c4f4f7edf9538@large.jpg","width":1200,"height":800},{"@type":"BreadcrumbList","@id":"https:\/\/koningdrone.be\/product\/osmo-pocket-3-magnetic-nd-filters-set\/#breadcrumb","itemListElement":[{"@type":"ListItem","position":1,"name":"Home","item":"https:\/\/koningdrone.be\/"},{"@type":"ListItem","position":2,"name":"AVSS Parachute Recovery System for DJI Matrice 300\/350","item":"https:\/\/koningdrone.be\/product\/avss-parachute-recovery-system-for-dji-matrice-300-350\/"},{"@type":"ListItem","position":3,"name":"Alle handheld gimbals","item":"https:\/\/koningdrone.be\/categorie\/alle-handheld-gimbals\/"},{"@type":"ListItem","position":4,"name":"Osmo Pocket 3 Magnetic ND Filters Set"}]},{"@type":"WebSite","@id":"https:\/\/koningdrone.be\/#website","url":"https:\/\/koningdrone.be\/","name":"Koningdrone.be - Votre sp\u00e9cialiste en ligne en mati\u00e8re de drones, de cardans, de cam\u00e9ras et de centrales \u00e9lectriques.","description":"La boutique en ligne de drones et de cardans","publisher":{"@id":"https:\/\/koningdrone.be\/#organization"},"potentialAction":[{"@type":"SearchAction","target":{"@type":"EntryPoint","urlTemplate":"https:\/\/koningdrone.be\/?s={search_term_string}"},"query-input":{"@type":"PropertyValueSpecification","valueRequired":true,"valueName":"search_term_string"}}],"inLanguage":"fr-BE"},{"@type":"Organization","@id":"https:\/\/koningdrone.be\/#organization","name":"Kingdrone.co.uk","url":"https:\/\/koningdrone.be\/","logo":{"@type":"ImageObject","inLanguage":"fr-BE","@id":"https:\/\/koningdrone.be\/#\/schema\/logo\/image\/","url":"https:\/\/koningdrone.be\/wp-content\/uploads\/sites\/13\/2025\/04\/koningdrone-copyright-logo.svg","contentUrl":"https:\/\/koningdrone.be\/wp-content\/uploads\/sites\/13\/2025\/04\/koningdrone-copyright-logo.svg","width":227,"height":38,"caption":"Koningdrone.be"},"image":{"@id":"https:\/\/koningdrone.be\/#\/schema\/logo\/image\/"}}]}},"df_price":59,"df_sale_price":"","df_regular_price":59,"df_image_link":"https:\/\/koningdrone.be\/wp-content\/uploads\/sites\/13\/2025\/04\/abd4f334db72d10b789c4f4f7edf9538@large-300x200.jpg","_links":{"self":[{"href":"https:\/\/koningdrone.be\/fr\/wp-json\/wp\/v2\/product\/4198","targetHints":{"allow":["GET"]}}],"collection":[{"href":"https:\/\/koningdrone.be\/fr\/wp-json\/wp\/v2\/product"}],"about":[{"href":"https:\/\/koningdrone.be\/fr\/wp-json\/wp\/v2\/types\/product"}],"wp:featuredmedia":[{"embeddable":true,"href":"https:\/\/koningdrone.be\/fr\/wp-json\/wp\/v2\/media\/4196"}],"wp:attachment":[{"href":"https:\/\/koningdrone.be\/fr\/wp-json\/wp\/v2\/media?parent=4198"}],"wp:term":[{"taxonomy":"product_brand","embeddable":true,"href":"https:\/\/koningdrone.be\/fr\/wp-json\/wp\/v2\/product_brand?post=4198"},{"taxonomy":"product_cat","embeddable":true,"href":"https:\/\/koningdrone.be\/fr\/wp-json\/wp\/v2\/product_cat?post=4198"},{"taxonomy":"product_tag","embeddable":true,"href":"https:\/\/koningdrone.be\/fr\/wp-json\/wp\/v2\/product_tag?post=4198"}],"curies":[{"name":"wp","href":"https:\/\/api.w.org\/{rel}","templated":true}]}}