{"id":4195,"date":"2023-11-28T18:50:44","date_gmt":"2023-11-28T17:50:44","guid":{"rendered":"https:\/\/koningdrone.nl\/kon\/product\/dji-care-refresh-pocket-2-1-year-code\/"},"modified":"2026-04-29T13:20:57","modified_gmt":"2026-04-29T11:20:57","slug":"dji-care-refresh-pocket-2-1-year-code","status":"publish","type":"product","link":"https:\/\/koningdrone.be\/fr\/produit\/dji-care-refresh-pocket-2-1-year-code\/","title":{"rendered":"DJI Care Refresh (Pocket 2) 1 an (Code)"},"content":{"rendered":"<p><strong>Protection \u00e9tendue pour les produits DJI<\/strong><br \/>\nDJI Care Refresh est un plan de protection complet et fiable qui couvre les produits DJI contre toute une s\u00e9rie de dommages accidentels et l'usure naturelle.<\/p>\n<p>&nbsp;<\/p>\n<p><strong>Remplacement pour la tranquillit\u00e9 d'esprit<\/strong><br \/>\nMoyennant des frais de remplacement suppl\u00e9mentaires, vous pouvez faire remplacer votre produit endommag\u00e9 en cas d'accident. Les produits de remplacement sont neufs ou \u00e9quivalents \u00e0 des produits neufs en termes de performance et de fiabilit\u00e9.<\/p>\n<p>&nbsp;<\/p>\n<p><strong>Renouvelable DJI Care Refresh<\/strong><br \/>\nLe contrat DJI Care Refresh peut \u00eatre prolong\u00e9 jusqu'\u00e0 une dur\u00e9e totale maximale de 3 ans, au plus tard 15 jours apr\u00e8s l'expiration de la dur\u00e9e du contrat en cours.<\/p>\n<p>&nbsp;<\/p>\n<p><strong>Vitesse avec Express<\/strong><br \/>\nL'option Express vous permet d'\u00e9viter l'\u00e9valuation des dommages et le processus de devis. Un centre de service DJI vous enverra un produit de remplacement d\u00e8s qu'il aura re\u00e7u votre produit.<\/p>\n<p>&nbsp;<\/p>\n<p><strong>LIVRAISON GRATUITE<\/strong><br \/>\nDJI couvre les frais d'exp\u00e9dition aller-retour lorsqu'un produit est retourn\u00e9 pour un service de remplacement.<\/p>\n<p>&nbsp;<\/p>\n<p><strong>Avis important<\/strong><br \/>\nDJI Care ne peut \u00eatre r\u00e9serv\u00e9 et enregistr\u00e9 que lors d'un nouvel achat ou au plus tard dans les 30 jours suivant l'activation initiale. Vous n'achetez que le code d'activation pour vous enregistrer aupr\u00e8s de DJI. Toutes les r\u00e9clamations ou services doivent \u00eatre trait\u00e9s directement avec DJI. Apr\u00e8s l'activation du code, la r\u00e9vocation de la prise en charge n'est plus possible !<\/p>\n<p>&nbsp;<\/p>","protected":false},"excerpt":{"rendered":"<ul>\n<li>2 remplacements bon march\u00e9<\/li>\n<li>Couverture des pertes, de l'eau et de la collision<\/li>\n<li>Envoi gratuit pour le remplacement<\/li>\n<li>Protection des produits DJI<\/li>\n<li>Couverture des dommages caus\u00e9s \u00e0 l'\u00e9cran et \u00e0 l'eau<\/li>\n<li>Remplacement payant<\/li>\n<li>Renouvelable jusqu'\u00e0 3 ans<\/li>\n<li>Option express pour un remplacement rapide<\/li>\n<li>Envoi gratuit d'un produit de remplacement<\/li>\n<li>Enregistrement requis dans les 30 jours suivant l'activation<\/li>\n<\/ul>","protected":false},"featured_media":17815,"template":"","meta":{"_acf_changed":false},"product_brand":[],"product_cat":[175,97,841],"product_tag":[],"class_list":{"0":"post-4195","1":"product","2":"type-product","3":"status-publish","4":"has-post-thumbnail","6":"product_cat-alle-care-refresh","7":"product_cat-alle-producten","8":"product_cat-dji-care-refresh","9":"product_shipping_class-outofstock","10":"pa_brand-dji","11":"pa_productfamily-care-refresh","12":"pa_producttype-care-refresh","14":"first","15":"outofstock","16":"taxable","17":"shipping-taxable","18":"product-type-simple"},"acf":[],"yoast_head":"<!-- This site is optimized with the Yoast SEO Premium plugin v27.2 (Yoast SEO v27.2) - https:\/\/yoast.com\/product\/yoast-seo-premium-wordpress\/ -->\n<title>DJI Care Refresh (Pocket 2) 1 Year (Code) - koningdrone.be<\/title>\n<meta name=\"robots\" content=\"index, follow, max-snippet:-1, max-image-preview:large, max-video-preview:-1\" \/>\n<link rel=\"canonical\" href=\"https:\/\/koningdrone.be\/fr\/produit\/dji-care-refresh-pocket-2-1-year-code\/\" \/>\n<meta property=\"og:locale\" content=\"fr_FR\" \/>\n<meta property=\"og:type\" content=\"article\" \/>\n<meta property=\"og:title\" content=\"DJI Care Refresh (Pocket 2) 1 Year (Code)\" \/>\n<meta property=\"og:description\" content=\"2 goedkope vervangingen  Dekking voor verlies, water en botsingen  Gratis verzending voor vervanging  Bescherming voor DJI producten  Dekking voor scherm- en waterschade  Vervanging tegen een vergoeding  Verlengbaar tot 3 jaar  Express optie voor snelle vervanging  Gratis verzending voor vervangend product  Registratie vereist binnen 30 dagen na activatie\" \/>\n<meta property=\"og:url\" content=\"https:\/\/koningdrone.be\/fr\/produit\/dji-care-refresh-pocket-2-1-year-code\/\" \/>\n<meta property=\"og:site_name\" content=\"koningdrone.be\" \/>\n<meta property=\"article:modified_time\" content=\"2026-04-29T11:20:57+00:00\" \/>\n<meta property=\"og:image\" content=\"https:\/\/koningdrone.be\/wp-content\/uploads\/sites\/13\/2026\/03\/dji-care-refresh-osmo.jpg\" \/>\n\t<meta property=\"og:image:width\" content=\"1548\" \/>\n\t<meta property=\"og:image:height\" content=\"1548\" \/>\n\t<meta property=\"og:image:type\" content=\"image\/jpeg\" \/>\n<meta name=\"twitter:card\" content=\"summary_large_image\" \/>\n<meta name=\"twitter:label1\" content=\"Dur\u00e9e de lecture est.\" \/>\n\t<meta name=\"twitter:data1\" content=\"1 minute\" \/>\n<script type=\"application\/ld+json\" class=\"yoast-schema-graph\">{\"@context\":\"https:\/\/schema.org\",\"@graph\":[{\"@type\":\"WebPage\",\"@id\":\"https:\/\/koningdrone.be\/product\/dji-care-refresh-pocket-2-1-year-code\/\",\"url\":\"https:\/\/koningdrone.be\/product\/dji-care-refresh-pocket-2-1-year-code\/\",\"name\":\"DJI Care Refresh (Pocket 2) 1 Year (Code) - koningdrone.be\",\"isPartOf\":{\"@id\":\"https:\/\/koningdrone.be\/#website\"},\"primaryImageOfPage\":{\"@id\":\"https:\/\/koningdrone.be\/product\/dji-care-refresh-pocket-2-1-year-code\/#primaryimage\"},\"image\":{\"@id\":\"https:\/\/koningdrone.be\/product\/dji-care-refresh-pocket-2-1-year-code\/#primaryimage\"},\"thumbnailUrl\":\"https:\/\/koningdrone.be\/wp-content\/uploads\/sites\/13\/2026\/03\/dji-care-refresh-osmo.jpg\",\"datePublished\":\"2023-11-28T17:50:44+00:00\",\"dateModified\":\"2026-04-29T11:20:57+00:00\",\"breadcrumb\":{\"@id\":\"https:\/\/koningdrone.be\/product\/dji-care-refresh-pocket-2-1-year-code\/#breadcrumb\"},\"inLanguage\":\"fr-BE\",\"potentialAction\":[{\"@type\":\"ReadAction\",\"target\":[\"https:\/\/koningdrone.be\/product\/dji-care-refresh-pocket-2-1-year-code\/\"]}]},{\"@type\":\"ImageObject\",\"inLanguage\":\"fr-BE\",\"@id\":\"https:\/\/koningdrone.be\/product\/dji-care-refresh-pocket-2-1-year-code\/#primaryimage\",\"url\":\"https:\/\/koningdrone.be\/wp-content\/uploads\/sites\/13\/2026\/03\/dji-care-refresh-osmo.jpg\",\"contentUrl\":\"https:\/\/koningdrone.be\/wp-content\/uploads\/sites\/13\/2026\/03\/dji-care-refresh-osmo.jpg\",\"width\":1548,\"height\":1548},{\"@type\":\"BreadcrumbList\",\"@id\":\"https:\/\/koningdrone.be\/product\/dji-care-refresh-pocket-2-1-year-code\/#breadcrumb\",\"itemListElement\":[{\"@type\":\"ListItem\",\"position\":1,\"name\":\"Home\",\"item\":\"https:\/\/koningdrone.be\/\"},{\"@type\":\"ListItem\",\"position\":2,\"name\":\"AVSS Parachute Recovery System for DJI Matrice 300\/350\",\"item\":\"https:\/\/koningdrone.be\/product\/avss-parachute-recovery-system-for-dji-matrice-300-350\/\"},{\"@type\":\"ListItem\",\"position\":3,\"name\":\"Alle care refresh\",\"item\":\"https:\/\/koningdrone.be\/categorie\/alle-care-refresh\/\"},{\"@type\":\"ListItem\",\"position\":4,\"name\":\"DJI Care Refresh (Pocket 2) 1 Year (Code)\"}]},{\"@type\":\"WebSite\",\"@id\":\"https:\/\/koningdrone.be\/#website\",\"url\":\"https:\/\/koningdrone.be\/\",\"name\":\"Koningdrone.be - Uw online specialist in drones, gimbals, camera's en power stations.\",\"description\":\"De webshop in drones en gimbals\",\"publisher\":{\"@id\":\"https:\/\/koningdrone.be\/#organization\"},\"potentialAction\":[{\"@type\":\"SearchAction\",\"target\":{\"@type\":\"EntryPoint\",\"urlTemplate\":\"https:\/\/koningdrone.be\/?s={search_term_string}\"},\"query-input\":{\"@type\":\"PropertyValueSpecification\",\"valueRequired\":true,\"valueName\":\"search_term_string\"}}],\"inLanguage\":\"fr-BE\"},{\"@type\":\"Organization\",\"@id\":\"https:\/\/koningdrone.be\/#organization\",\"name\":\"Koningdrone.be\",\"url\":\"https:\/\/koningdrone.be\/\",\"logo\":{\"@type\":\"ImageObject\",\"inLanguage\":\"fr-BE\",\"@id\":\"https:\/\/koningdrone.be\/#\/schema\/logo\/image\/\",\"url\":\"https:\/\/koningdrone.be\/wp-content\/uploads\/sites\/13\/2025\/04\/koningdrone-copyright-logo.svg\",\"contentUrl\":\"https:\/\/koningdrone.be\/wp-content\/uploads\/sites\/13\/2025\/04\/koningdrone-copyright-logo.svg\",\"width\":227,\"height\":38,\"caption\":\"Koningdrone.be\"},\"image\":{\"@id\":\"https:\/\/koningdrone.be\/#\/schema\/logo\/image\/\"}}]}<\/script>\n<!-- \/ Yoast SEO Premium plugin. -->","yoast_head_json":{"title":"DJI Care Refresh (Pocket 2) 1 Year (Code) - koningdrone.be","robots":{"index":"index","follow":"follow","max-snippet":"max-snippet:-1","max-image-preview":"max-image-preview:large","max-video-preview":"max-video-preview:-1"},"canonical":"https:\/\/koningdrone.be\/fr\/produit\/dji-care-refresh-pocket-2-1-year-code\/","og_locale":"fr_FR","og_type":"article","og_title":"DJI Care Refresh (Pocket 2) 1 Year (Code)","og_description":"2 goedkope vervangingen  Dekking voor verlies, water en botsingen  Gratis verzending voor vervanging  Bescherming voor DJI producten  Dekking voor scherm- en waterschade  Vervanging tegen een vergoeding  Verlengbaar tot 3 jaar  Express optie voor snelle vervanging  Gratis verzending voor vervangend product  Registratie vereist binnen 30 dagen na activatie","og_url":"https:\/\/koningdrone.be\/fr\/produit\/dji-care-refresh-pocket-2-1-year-code\/","og_site_name":"koningdrone.be","article_modified_time":"2026-04-29T11:20:57+00:00","og_image":[{"width":1548,"height":1548,"url":"https:\/\/koningdrone.be\/wp-content\/uploads\/sites\/13\/2026\/03\/dji-care-refresh-osmo.jpg","type":"image\/jpeg"}],"twitter_card":"summary_large_image","twitter_misc":{"Dur\u00e9e de lecture est.":"1 minute"},"schema":{"@context":"https:\/\/schema.org","@graph":[{"@type":"WebPage","@id":"https:\/\/koningdrone.be\/product\/dji-care-refresh-pocket-2-1-year-code\/","url":"https:\/\/koningdrone.be\/product\/dji-care-refresh-pocket-2-1-year-code\/","name":"DJI Care Refresh (Pocket 2) 1 Year (Code) - koningdrone.be","isPartOf":{"@id":"https:\/\/koningdrone.be\/#website"},"primaryImageOfPage":{"@id":"https:\/\/koningdrone.be\/product\/dji-care-refresh-pocket-2-1-year-code\/#primaryimage"},"image":{"@id":"https:\/\/koningdrone.be\/product\/dji-care-refresh-pocket-2-1-year-code\/#primaryimage"},"thumbnailUrl":"https:\/\/koningdrone.be\/wp-content\/uploads\/sites\/13\/2026\/03\/dji-care-refresh-osmo.jpg","datePublished":"2023-11-28T17:50:44+00:00","dateModified":"2026-04-29T11:20:57+00:00","breadcrumb":{"@id":"https:\/\/koningdrone.be\/product\/dji-care-refresh-pocket-2-1-year-code\/#breadcrumb"},"inLanguage":"fr-BE","potentialAction":[{"@type":"ReadAction","target":["https:\/\/koningdrone.be\/product\/dji-care-refresh-pocket-2-1-year-code\/"]}]},{"@type":"ImageObject","inLanguage":"fr-BE","@id":"https:\/\/koningdrone.be\/product\/dji-care-refresh-pocket-2-1-year-code\/#primaryimage","url":"https:\/\/koningdrone.be\/wp-content\/uploads\/sites\/13\/2026\/03\/dji-care-refresh-osmo.jpg","contentUrl":"https:\/\/koningdrone.be\/wp-content\/uploads\/sites\/13\/2026\/03\/dji-care-refresh-osmo.jpg","width":1548,"height":1548},{"@type":"BreadcrumbList","@id":"https:\/\/koningdrone.be\/product\/dji-care-refresh-pocket-2-1-year-code\/#breadcrumb","itemListElement":[{"@type":"ListItem","position":1,"name":"Home","item":"https:\/\/koningdrone.be\/"},{"@type":"ListItem","position":2,"name":"AVSS Parachute Recovery System for DJI Matrice 300\/350","item":"https:\/\/koningdrone.be\/product\/avss-parachute-recovery-system-for-dji-matrice-300-350\/"},{"@type":"ListItem","position":3,"name":"Alle care refresh","item":"https:\/\/koningdrone.be\/categorie\/alle-care-refresh\/"},{"@type":"ListItem","position":4,"name":"DJI Care Refresh (Pocket 2) 1 Year (Code)"}]},{"@type":"WebSite","@id":"https:\/\/koningdrone.be\/#website","url":"https:\/\/koningdrone.be\/","name":"Koningdrone.be - Votre sp\u00e9cialiste en ligne en mati\u00e8re de drones, de cardans, de cam\u00e9ras et de centrales \u00e9lectriques.","description":"La boutique en ligne de drones et de cardans","publisher":{"@id":"https:\/\/koningdrone.be\/#organization"},"potentialAction":[{"@type":"SearchAction","target":{"@type":"EntryPoint","urlTemplate":"https:\/\/koningdrone.be\/?s={search_term_string}"},"query-input":{"@type":"PropertyValueSpecification","valueRequired":true,"valueName":"search_term_string"}}],"inLanguage":"fr-BE"},{"@type":"Organization","@id":"https:\/\/koningdrone.be\/#organization","name":"Kingdrone.co.uk","url":"https:\/\/koningdrone.be\/","logo":{"@type":"ImageObject","inLanguage":"fr-BE","@id":"https:\/\/koningdrone.be\/#\/schema\/logo\/image\/","url":"https:\/\/koningdrone.be\/wp-content\/uploads\/sites\/13\/2025\/04\/koningdrone-copyright-logo.svg","contentUrl":"https:\/\/koningdrone.be\/wp-content\/uploads\/sites\/13\/2025\/04\/koningdrone-copyright-logo.svg","width":227,"height":38,"caption":"Koningdrone.be"},"image":{"@id":"https:\/\/koningdrone.be\/#\/schema\/logo\/image\/"}}]}},"df_price":"","df_sale_price":"","df_regular_price":"","df_image_link":"https:\/\/koningdrone.be\/wp-content\/uploads\/sites\/13\/2026\/03\/dji-care-refresh-osmo-300x300.jpg","_links":{"self":[{"href":"https:\/\/koningdrone.be\/fr\/wp-json\/wp\/v2\/product\/4195","targetHints":{"allow":["GET"]}}],"collection":[{"href":"https:\/\/koningdrone.be\/fr\/wp-json\/wp\/v2\/product"}],"about":[{"href":"https:\/\/koningdrone.be\/fr\/wp-json\/wp\/v2\/types\/product"}],"wp:featuredmedia":[{"embeddable":true,"href":"https:\/\/koningdrone.be\/fr\/wp-json\/wp\/v2\/media\/17815"}],"wp:attachment":[{"href":"https:\/\/koningdrone.be\/fr\/wp-json\/wp\/v2\/media?parent=4195"}],"wp:term":[{"taxonomy":"product_brand","embeddable":true,"href":"https:\/\/koningdrone.be\/fr\/wp-json\/wp\/v2\/product_brand?post=4195"},{"taxonomy":"product_cat","embeddable":true,"href":"https:\/\/koningdrone.be\/fr\/wp-json\/wp\/v2\/product_cat?post=4195"},{"taxonomy":"product_tag","embeddable":true,"href":"https:\/\/koningdrone.be\/fr\/wp-json\/wp\/v2\/product_tag?post=4195"}],"curies":[{"name":"wp","href":"https:\/\/api.w.org\/{rel}","templated":true}]}}