{"id":4189,"date":"2023-11-28T18:50:44","date_gmt":"2023-11-28T17:50:44","guid":{"rendered":"https:\/\/koningdrone.nl\/kon\/product\/osmo-pocket-3\/"},"modified":"2026-04-29T15:20:33","modified_gmt":"2026-04-29T13:20:33","slug":"osmo-pocket-3","status":"publish","type":"product","link":"https:\/\/koningdrone.be\/fr\/produit\/osmo-pocket-3\/","title":{"rendered":"Osmo Pocket 3"},"content":{"rendered":"<p><strong>Pour les moments \u00e9mouvants<\/strong><\/p>\n<p><\/p>\n<p>Le tout nouveau Pocket 3 est dot\u00e9 d'un puissant capteur CMOS de 1 pouce qui vous permet d'obtenir des images d\u00e9taill\u00e9es au creux de votre main. Avec un \u00e9cran tactile rotatif de 2 pouces et une mise au point rapide au pixel pr\u00e8s, vous pouvez aller \u00e0 l'horizontale ou \u00e0 la verticale pour une prise de conscience et un contr\u00f4le plus pr\u00e9cis. 4K\/120fps, une stabilisation m\u00e9canique tridimensionnelle et un ensemble de fonctions intelligentes font du Pocket 3 un appareil pr\u00eat \u00e0 affronter tous les moments de mouvement. <\/p>\n<p><\/p>\n<p><strong>D\u00e9tails du jeu Endless Light and Shadow<\/strong><\/p>\n<p><\/p>\n<p>Le capteur CMOS de 1 pouce capture les hautes lumi\u00e8res et les d\u00e9tails des ombres, ce qui permet d'obtenir de superbes clich\u00e9s m\u00eame dans des situations de faible luminosit\u00e9. Avec 4K\/120 images par seconde, vous pouvez vivre chaque moment \u00e9poustouflant au ralenti. Les technologies D-Log M et HLG 10 bits permettent de capturer des paysages avec une flexibilit\u00e9 de couleur professionnelle pour des couleurs r\u00e9alistes et une exp\u00e9rience visuelle compl\u00e8te.<\/p>\n<p><\/p>\n<p><strong>Teintes naturelles de la peau - Une v\u00e9ritable prouesse<\/strong><\/p>\n<p><\/p>\n<p>La sortie instantan\u00e9e avec un teint lumineux et \u00e9clatant garantit d'excellents r\u00e9sultats en permanence. Soyez toujours \u00e0 votre avantage avec Glamour Effects 2.0 et les options de beaut\u00e9 personnalis\u00e9es.<\/p>\n<p><\/p>\n<p><strong>Prise de vue rapide, stable et pr\u00e9cise - Saisissez chaque instant sans vibration<\/strong><\/p>\n<p><\/p>\n<p>Qu'il s'agisse de moments en famille ou d'aventures avec des animaux de compagnie, la mise au point rapide au pixel pr\u00e8s se verrouille sur un enfant \u00e9nergique ou un chiot enjou\u00e9 avec une pr\u00e9cision stup\u00e9fiante. Gr\u00e2ce \u00e0 la stabilisation m\u00e9canique tridimensionnelle par cardan, l'image de l'appareil photo reste stable m\u00eame lors de mouvements dynamiques. Sa conception compacte et son format de poche permettent une cr\u00e9ation tr\u00e8s pratique en d\u00e9placement.<\/p>\n<p><\/p>\n<p><strong>Une cr\u00e9ation sans souci - Des options vibrantes et innovantes<\/strong><\/p>\n<p><\/p>\n<p>L'\u00e9cran tactile pivotant de 2 pouces permet de passer rapidement de la prise de vue horizontale \u00e0 la prise de vue verticale. D'une simple rotation, vous \u00eates pr\u00eat \u00e0 partir. ActiveTrack 6.0 offre plusieurs modes de suivi, vous permettant de produire des images fluides et cin\u00e9matiques d'une seule main. L'enregistrement st\u00e9r\u00e9o et la connexion directe \u00e0 deux \u00e9metteurs DJI Mic 2 garantissent un son clair et net et une cr\u00e9ation sans effort.<\/p>\n<p><\/p>\n<p><strong>Syst\u00e8me d'imagerie<\/strong><\/p>\n<p>... (le reste de la description est exclu)<\/p>","protected":false},"excerpt":{"rendered":"<ul>\n<li>Puissante cam\u00e9ra CMOS 1\u2033 \u00e0 cardan<\/li>\n<li>4K\/120fps et stabilisation sur 3 axes<\/li>\n<li>\u00c9cran tactile rotatif de 2<\/li>\n<li>Incorporation de tons de peau naturels<\/li>\n<li>Enregistrement rapide, stable et pr\u00e9cis<\/li>\n<li>\u00c9cran tactile rotatif de 2<\/li>\n<li>Stabilisation m\u00e9canique \u00e0 3 axes<\/li>\n<li>Mode vid\u00e9o 4K\/120fps<\/li>\n<li>Prise en charge de la diffusion en direct et des webcams<\/li>\n<\/ul>","protected":false},"featured_media":4188,"template":"","meta":{"_acf_changed":false},"product_brand":[],"product_cat":[410,97,297,778,842,299],"product_tag":[],"class_list":{"0":"post-4189","1":"product","2":"type-product","3":"status-publish","4":"has-post-thumbnail","6":"product_cat-alle-handheld-gimbals","7":"product_cat-alle-producten","8":"product_cat-dji-osmo","9":"product_cat-dji-osmo-pocket","10":"product_cat-dji-osmo-pocket-3","11":"product_cat-gimbals-en-cameras","12":"product_shipping_class-outofstock","13":"pa_brand-dji","14":"pa_productfamily-camera-stabilisator","15":"pa_producttype-camera-stabilisator","16":"pa_series-osmo-pocket","18":"first","19":"outofstock","20":"taxable","21":"shipping-taxable","22":"purchasable","23":"product-type-simple"},"acf":[],"yoast_head":"<!-- This site is optimized with the Yoast SEO Premium plugin v27.2 (Yoast SEO v27.2) - https:\/\/yoast.com\/product\/yoast-seo-premium-wordpress\/ -->\n<title>Osmo Pocket 3 - koningdrone.be<\/title>\n<meta name=\"robots\" content=\"index, follow, max-snippet:-1, max-image-preview:large, max-video-preview:-1\" \/>\n<link rel=\"canonical\" href=\"https:\/\/koningdrone.be\/fr\/produit\/osmo-pocket-3\/\" \/>\n<meta property=\"og:locale\" content=\"fr_FR\" \/>\n<meta property=\"og:type\" content=\"article\" \/>\n<meta property=\"og:title\" content=\"Osmo Pocket 3\" \/>\n<meta property=\"og:description\" content=\"Krachtige 1&quot; CMOS-gimbalcamera  4K\/120fps en 3-assige stabilisatie  2&quot; roteerbaar touchscreen  Opname van natuurlijke huidtinten  Snelle, stabiele, nauwkeurige opname  2&quot; roteerbaar touchscreen  3-assige mechanische stabilisatie  4K\/120fps videomodus  Ondersteunt livestreamen en webcams\" \/>\n<meta property=\"og:url\" content=\"https:\/\/koningdrone.be\/fr\/produit\/osmo-pocket-3\/\" \/>\n<meta property=\"og:site_name\" content=\"koningdrone.be\" \/>\n<meta property=\"article:modified_time\" content=\"2026-04-29T13:20:33+00:00\" \/>\n<meta property=\"og:image\" content=\"https:\/\/koningdrone.be\/wp-content\/uploads\/sites\/13\/2025\/04\/osmo-pocket-3-shop-de9.webp\" \/>\n\t<meta property=\"og:image:width\" content=\"1000\" \/>\n\t<meta property=\"og:image:height\" content=\"720\" \/>\n\t<meta property=\"og:image:type\" content=\"image\/webp\" \/>\n<meta name=\"twitter:card\" content=\"summary_large_image\" \/>\n<meta name=\"twitter:label1\" content=\"Dur\u00e9e de lecture est.\" \/>\n\t<meta name=\"twitter:data1\" content=\"1 minute\" \/>\n<script type=\"application\/ld+json\" class=\"yoast-schema-graph\">{\"@context\":\"https:\/\/schema.org\",\"@graph\":[{\"@type\":\"WebPage\",\"@id\":\"https:\/\/koningdrone.be\/product\/osmo-pocket-3\/\",\"url\":\"https:\/\/koningdrone.be\/product\/osmo-pocket-3\/\",\"name\":\"Osmo Pocket 3 - koningdrone.be\",\"isPartOf\":{\"@id\":\"https:\/\/koningdrone.be\/#website\"},\"primaryImageOfPage\":{\"@id\":\"https:\/\/koningdrone.be\/product\/osmo-pocket-3\/#primaryimage\"},\"image\":{\"@id\":\"https:\/\/koningdrone.be\/product\/osmo-pocket-3\/#primaryimage\"},\"thumbnailUrl\":\"https:\/\/koningdrone.be\/wp-content\/uploads\/sites\/13\/2025\/04\/osmo-pocket-3-shop-de9.webp\",\"datePublished\":\"2023-11-28T17:50:44+00:00\",\"dateModified\":\"2026-04-29T13:20:33+00:00\",\"breadcrumb\":{\"@id\":\"https:\/\/koningdrone.be\/product\/osmo-pocket-3\/#breadcrumb\"},\"inLanguage\":\"fr-BE\",\"potentialAction\":[{\"@type\":\"ReadAction\",\"target\":[\"https:\/\/koningdrone.be\/product\/osmo-pocket-3\/\"]}]},{\"@type\":\"ImageObject\",\"inLanguage\":\"fr-BE\",\"@id\":\"https:\/\/koningdrone.be\/product\/osmo-pocket-3\/#primaryimage\",\"url\":\"https:\/\/koningdrone.be\/wp-content\/uploads\/sites\/13\/2025\/04\/osmo-pocket-3-shop-de9.webp\",\"contentUrl\":\"https:\/\/koningdrone.be\/wp-content\/uploads\/sites\/13\/2025\/04\/osmo-pocket-3-shop-de9.webp\",\"width\":1000,\"height\":720},{\"@type\":\"BreadcrumbList\",\"@id\":\"https:\/\/koningdrone.be\/product\/osmo-pocket-3\/#breadcrumb\",\"itemListElement\":[{\"@type\":\"ListItem\",\"position\":1,\"name\":\"Home\",\"item\":\"https:\/\/koningdrone.be\/\"},{\"@type\":\"ListItem\",\"position\":2,\"name\":\"AVSS Parachute Recovery System for DJI Matrice 300\/350\",\"item\":\"https:\/\/koningdrone.be\/product\/avss-parachute-recovery-system-for-dji-matrice-300-350\/\"},{\"@type\":\"ListItem\",\"position\":3,\"name\":\"Alle handheld gimbals\",\"item\":\"https:\/\/koningdrone.be\/categorie\/alle-handheld-gimbals\/\"},{\"@type\":\"ListItem\",\"position\":4,\"name\":\"Osmo Pocket 3\"}]},{\"@type\":\"WebSite\",\"@id\":\"https:\/\/koningdrone.be\/#website\",\"url\":\"https:\/\/koningdrone.be\/\",\"name\":\"Koningdrone.be - Uw online specialist in drones, gimbals, camera's en power stations.\",\"description\":\"De webshop in drones en gimbals\",\"publisher\":{\"@id\":\"https:\/\/koningdrone.be\/#organization\"},\"potentialAction\":[{\"@type\":\"SearchAction\",\"target\":{\"@type\":\"EntryPoint\",\"urlTemplate\":\"https:\/\/koningdrone.be\/?s={search_term_string}\"},\"query-input\":{\"@type\":\"PropertyValueSpecification\",\"valueRequired\":true,\"valueName\":\"search_term_string\"}}],\"inLanguage\":\"fr-BE\"},{\"@type\":\"Organization\",\"@id\":\"https:\/\/koningdrone.be\/#organization\",\"name\":\"Koningdrone.be\",\"url\":\"https:\/\/koningdrone.be\/\",\"logo\":{\"@type\":\"ImageObject\",\"inLanguage\":\"fr-BE\",\"@id\":\"https:\/\/koningdrone.be\/#\/schema\/logo\/image\/\",\"url\":\"https:\/\/koningdrone.be\/wp-content\/uploads\/sites\/13\/2025\/04\/koningdrone-copyright-logo.svg\",\"contentUrl\":\"https:\/\/koningdrone.be\/wp-content\/uploads\/sites\/13\/2025\/04\/koningdrone-copyright-logo.svg\",\"width\":227,\"height\":38,\"caption\":\"Koningdrone.be\"},\"image\":{\"@id\":\"https:\/\/koningdrone.be\/#\/schema\/logo\/image\/\"}}]}<\/script>\n<!-- \/ Yoast SEO Premium plugin. -->","yoast_head_json":{"title":"Osmo Pocket 3 - koningdrone.be","robots":{"index":"index","follow":"follow","max-snippet":"max-snippet:-1","max-image-preview":"max-image-preview:large","max-video-preview":"max-video-preview:-1"},"canonical":"https:\/\/koningdrone.be\/fr\/produit\/osmo-pocket-3\/","og_locale":"fr_FR","og_type":"article","og_title":"Osmo Pocket 3","og_description":"Krachtige 1\" CMOS-gimbalcamera  4K\/120fps en 3-assige stabilisatie  2\" roteerbaar touchscreen  Opname van natuurlijke huidtinten  Snelle, stabiele, nauwkeurige opname  2\" roteerbaar touchscreen  3-assige mechanische stabilisatie  4K\/120fps videomodus  Ondersteunt livestreamen en webcams","og_url":"https:\/\/koningdrone.be\/fr\/produit\/osmo-pocket-3\/","og_site_name":"koningdrone.be","article_modified_time":"2026-04-29T13:20:33+00:00","og_image":[{"width":1000,"height":720,"url":"https:\/\/koningdrone.be\/wp-content\/uploads\/sites\/13\/2025\/04\/osmo-pocket-3-shop-de9.webp","type":"image\/webp"}],"twitter_card":"summary_large_image","twitter_misc":{"Dur\u00e9e de lecture est.":"1 minute"},"schema":{"@context":"https:\/\/schema.org","@graph":[{"@type":"WebPage","@id":"https:\/\/koningdrone.be\/product\/osmo-pocket-3\/","url":"https:\/\/koningdrone.be\/product\/osmo-pocket-3\/","name":"Osmo Pocket 3 - koningdrone.be","isPartOf":{"@id":"https:\/\/koningdrone.be\/#website"},"primaryImageOfPage":{"@id":"https:\/\/koningdrone.be\/product\/osmo-pocket-3\/#primaryimage"},"image":{"@id":"https:\/\/koningdrone.be\/product\/osmo-pocket-3\/#primaryimage"},"thumbnailUrl":"https:\/\/koningdrone.be\/wp-content\/uploads\/sites\/13\/2025\/04\/osmo-pocket-3-shop-de9.webp","datePublished":"2023-11-28T17:50:44+00:00","dateModified":"2026-04-29T13:20:33+00:00","breadcrumb":{"@id":"https:\/\/koningdrone.be\/product\/osmo-pocket-3\/#breadcrumb"},"inLanguage":"fr-BE","potentialAction":[{"@type":"ReadAction","target":["https:\/\/koningdrone.be\/product\/osmo-pocket-3\/"]}]},{"@type":"ImageObject","inLanguage":"fr-BE","@id":"https:\/\/koningdrone.be\/product\/osmo-pocket-3\/#primaryimage","url":"https:\/\/koningdrone.be\/wp-content\/uploads\/sites\/13\/2025\/04\/osmo-pocket-3-shop-de9.webp","contentUrl":"https:\/\/koningdrone.be\/wp-content\/uploads\/sites\/13\/2025\/04\/osmo-pocket-3-shop-de9.webp","width":1000,"height":720},{"@type":"BreadcrumbList","@id":"https:\/\/koningdrone.be\/product\/osmo-pocket-3\/#breadcrumb","itemListElement":[{"@type":"ListItem","position":1,"name":"Home","item":"https:\/\/koningdrone.be\/"},{"@type":"ListItem","position":2,"name":"AVSS Parachute Recovery System for DJI Matrice 300\/350","item":"https:\/\/koningdrone.be\/product\/avss-parachute-recovery-system-for-dji-matrice-300-350\/"},{"@type":"ListItem","position":3,"name":"Alle handheld gimbals","item":"https:\/\/koningdrone.be\/categorie\/alle-handheld-gimbals\/"},{"@type":"ListItem","position":4,"name":"Osmo Pocket 3"}]},{"@type":"WebSite","@id":"https:\/\/koningdrone.be\/#website","url":"https:\/\/koningdrone.be\/","name":"Koningdrone.be - Votre sp\u00e9cialiste en ligne en mati\u00e8re de drones, de cardans, de cam\u00e9ras et de centrales \u00e9lectriques.","description":"La boutique en ligne de drones et de cardans","publisher":{"@id":"https:\/\/koningdrone.be\/#organization"},"potentialAction":[{"@type":"SearchAction","target":{"@type":"EntryPoint","urlTemplate":"https:\/\/koningdrone.be\/?s={search_term_string}"},"query-input":{"@type":"PropertyValueSpecification","valueRequired":true,"valueName":"search_term_string"}}],"inLanguage":"fr-BE"},{"@type":"Organization","@id":"https:\/\/koningdrone.be\/#organization","name":"Kingdrone.co.uk","url":"https:\/\/koningdrone.be\/","logo":{"@type":"ImageObject","inLanguage":"fr-BE","@id":"https:\/\/koningdrone.be\/#\/schema\/logo\/image\/","url":"https:\/\/koningdrone.be\/wp-content\/uploads\/sites\/13\/2025\/04\/koningdrone-copyright-logo.svg","contentUrl":"https:\/\/koningdrone.be\/wp-content\/uploads\/sites\/13\/2025\/04\/koningdrone-copyright-logo.svg","width":227,"height":38,"caption":"Koningdrone.be"},"image":{"@id":"https:\/\/koningdrone.be\/#\/schema\/logo\/image\/"}}]}},"df_price":429,"df_sale_price":"","df_regular_price":429,"df_image_link":"https:\/\/koningdrone.be\/wp-content\/uploads\/sites\/13\/2025\/04\/osmo-pocket-3-shop-de9-300x216.webp","_links":{"self":[{"href":"https:\/\/koningdrone.be\/fr\/wp-json\/wp\/v2\/product\/4189","targetHints":{"allow":["GET"]}}],"collection":[{"href":"https:\/\/koningdrone.be\/fr\/wp-json\/wp\/v2\/product"}],"about":[{"href":"https:\/\/koningdrone.be\/fr\/wp-json\/wp\/v2\/types\/product"}],"wp:featuredmedia":[{"embeddable":true,"href":"https:\/\/koningdrone.be\/fr\/wp-json\/wp\/v2\/media\/4188"}],"wp:attachment":[{"href":"https:\/\/koningdrone.be\/fr\/wp-json\/wp\/v2\/media?parent=4189"}],"wp:term":[{"taxonomy":"product_brand","embeddable":true,"href":"https:\/\/koningdrone.be\/fr\/wp-json\/wp\/v2\/product_brand?post=4189"},{"taxonomy":"product_cat","embeddable":true,"href":"https:\/\/koningdrone.be\/fr\/wp-json\/wp\/v2\/product_cat?post=4189"},{"taxonomy":"product_tag","embeddable":true,"href":"https:\/\/koningdrone.be\/fr\/wp-json\/wp\/v2\/product_tag?post=4189"}],"curies":[{"name":"wp","href":"https:\/\/api.w.org\/{rel}","templated":true}]}}