{"id":4185,"date":"2023-11-28T18:50:44","date_gmt":"2023-11-28T17:50:44","guid":{"rendered":"https:\/\/koningdrone.nl\/kon\/product\/dji-lidar-range-finder-rs-to-dji-transmission-cable-hub\/"},"modified":"2026-04-29T04:00:40","modified_gmt":"2026-04-29T02:00:40","slug":"dji-lidar-range-finder-rs-to-dji-transmission-cable-hub","status":"publish","type":"product","link":"https:\/\/koningdrone.be\/fr\/produit\/dji-lidar-range-finder-rs-to-dji-transmission-cable-hub\/","title":{"rendered":"DJI LiDAR Range Finder (RS) vers DJI Transmission Cable Hub"},"content":{"rendered":"<p> Le concentrateur de c\u00e2bles DJI LiDAR Range Finder (RS) vers DJI Transmission est un accessoire int\u00e9gral destin\u00e9 \u00e0 faire passer votre exp\u00e9rience de tournage au niveau sup\u00e9rieur. Ce hub est livr\u00e9 avec quatre c\u00e2bles diff\u00e9rents qui permettent des connexions entre diff\u00e9rents appareils : le t\u00e9l\u00e9m\u00e8tre LiDAR DJI (RS), le transmetteur vid\u00e9o DJI, le moteur de mise au point RS DJI (2022) et une source d'alimentation. La conception permet un syst\u00e8me coh\u00e9sif qui s'int\u00e8gre parfaitement \u00e0 votre cam\u00e9ra et \u00e0 votre configuration d'objectifs manuels, offrant une gamme d'am\u00e9liorations pour les professionnels du cin\u00e9ma.<\/p>\n<p><strong>Fonctionnalit\u00e9 et avantages<\/strong><\/p>\n<p> Cette configuration est particuli\u00e8rement avantageuse pour ceux qui utilisent une cam\u00e9ra et un objectif manuel, car elle offre des fonctionnalit\u00e9s telles que l'\u00e9talonnage de l'objectif et l'autofocus manuel de l'objectif. En connectant le DJI LiDAR Range Finder (RS) au DJI Video Transmitter et \u00e0 d'autres accessoires, les utilisateurs ont acc\u00e8s \u00e0 un syst\u00e8me enti\u00e8rement fonctionnel qui am\u00e9liore consid\u00e9rablement le processus de tournage. Il permet une mise au point et un contr\u00f4le pr\u00e9cis, am\u00e9liorant ainsi le professionnalisme et la qualit\u00e9 du r\u00e9sultat.<\/p>\n<p><strong>Am\u00e9lioration de la connectivit\u00e9<\/strong><\/p>\n<p> L'ajout d'un port de communication USB-C am\u00e9liore encore l'utilit\u00e9 du hub. La connexion du DJI RS 3 Pro via un c\u00e2ble de contr\u00f4le multi-cam\u00e9ras DJI R (USB-C) cr\u00e9e une connexion compl\u00e8te entre le DJI RS 3 Pro, la transmission DJI et le t\u00e9l\u00e9m\u00e8tre LiDAR (RS). Cette connectivit\u00e9 offre aux utilisateurs des fonctionnalit\u00e9s suppl\u00e9mentaires telles que la stabilisation de la cam\u00e9ra, la surveillance et le contr\u00f4le \u00e0 distance et une fonctionnalit\u00e9 autofocus am\u00e9lior\u00e9e, ce qui en fait un outil indispensable pour les cin\u00e9astes qui cherchent \u00e0 exploiter la technologie pour obtenir des r\u00e9sultats sup\u00e9rieurs.<\/p>\n<p><strong>Conclusion<\/strong><\/p>\n<p> En r\u00e9sum\u00e9, le DJI LiDAR Range Finder (RS) to DJI Transmission Cable Hub est un accessoire crucial pour les cin\u00e9astes qui cherchent \u00e0 optimiser leurs objectifs manuels. Sa capacit\u00e9 \u00e0 fournir une mise au point et un contr\u00f4le pr\u00e9cis pendant le processus de tournage peut am\u00e9liorer de mani\u00e8re significative les r\u00e9sultats finaux. Qu'il s'agisse d'un tournage professionnel ou d'activit\u00e9s amateurs avanc\u00e9es, ce kit de concentrateur de c\u00e2ble repr\u00e9sente une avanc\u00e9e significative pour rendre les t\u00e2ches de tournage complexes plus faciles \u00e0 g\u00e9rer et plus efficaces.<\/p>\n<p><\/p>","protected":false},"excerpt":{"rendered":"<ul>\n<li>Int\u00e8gre le t\u00e9l\u00e9m\u00e8tre DJI LiDAR avec les accessoires.<\/li>\n<li> Peut \u00eatre connect\u00e9 \u00e0 quatre appareils diff\u00e9rents en m\u00eame temps.<\/li>\n<li> Permet la configuration compl\u00e8te du syst\u00e8me de focalisation et de surveillance.<\/li>\n<li> Prise en charge de l'\u00e9talonnage des objectifs et de la mise au point automatique avec des objectifs manuels.<\/li>\n<li> Facilite l'interconnexion avec le DJI RS 3 Pro.<\/li>\n<li> Permet la stabilisation, la surveillance et le contr\u00f4le \u00e0 distance.<\/li>\n<\/ul>","protected":false},"featured_media":4182,"template":"","meta":{"_acf_changed":false},"product_brand":[],"product_cat":[244,187,97,1815,265],"product_tag":[],"class_list":{"0":"post-4185","1":"product","2":"type-product","3":"status-publish","4":"has-post-thumbnail","6":"product_cat-alle-kabels","7":"product_cat-alle-lidar","8":"product_cat-alle-producten","9":"product_cat-dji-pro-accessoires","10":"product_cat-dji-ronin","11":"product_shipping_class-acsystemsall","12":"pa_brand-dji","13":"pa_productfamily-connection-cable","14":"pa_producttype-connection-cable","15":"pa_series-ronin","17":"first","18":"instock","19":"taxable","20":"shipping-taxable","21":"purchasable","22":"product-type-simple"},"acf":[],"yoast_head":"<!-- This site is optimized with the Yoast SEO Premium plugin v27.2 (Yoast SEO v27.2) - https:\/\/yoast.com\/product\/yoast-seo-premium-wordpress\/ -->\n<title>DJI LiDAR Range Finder (RS) to DJI Transmission Cable Hub - koningdrone.be<\/title>\n<meta name=\"robots\" content=\"index, follow, max-snippet:-1, max-image-preview:large, max-video-preview:-1\" \/>\n<link rel=\"canonical\" href=\"https:\/\/koningdrone.be\/fr\/produit\/dji-lidar-range-finder-rs-to-dji-transmission-cable-hub\/\" \/>\n<meta property=\"og:locale\" content=\"fr_FR\" \/>\n<meta property=\"og:type\" content=\"article\" \/>\n<meta property=\"og:title\" content=\"DJI LiDAR Range Finder (RS) to DJI Transmission Cable Hub\" \/>\n<meta property=\"og:description\" content=\"Integreert DJI LiDAR Range Finder met accessoires. Kan tegelijkertijd met vier verschillende apparaten worden verbonden. Maakt volledige configuratie van het focus- en monitoringsysteem mogelijk. Ondersteunt lenskalibratie en autofocus met handmatige lenzen. Vergemakkelijkt de onderlinge verbinding met DJI RS 3 Pro. Maakt stabilisatie, bewaking op afstand en controle mogelijk.\" \/>\n<meta property=\"og:url\" content=\"https:\/\/koningdrone.be\/fr\/produit\/dji-lidar-range-finder-rs-to-dji-transmission-cable-hub\/\" \/>\n<meta property=\"og:site_name\" content=\"koningdrone.be\" \/>\n<meta property=\"article:modified_time\" content=\"2026-04-29T02:00:40+00:00\" \/>\n<meta property=\"og:image\" content=\"https:\/\/koningdrone.be\/wp-content\/uploads\/sites\/13\/2025\/04\/c36a392811a43283901199b5862c6842@large.jpg\" \/>\n\t<meta property=\"og:image:width\" content=\"1200\" \/>\n\t<meta property=\"og:image:height\" content=\"800\" \/>\n\t<meta property=\"og:image:type\" content=\"image\/jpeg\" \/>\n<meta name=\"twitter:card\" content=\"summary_large_image\" \/>\n<meta name=\"twitter:label1\" content=\"Dur\u00e9e de lecture est.\" \/>\n\t<meta name=\"twitter:data1\" content=\"2 minutes\" \/>\n<script type=\"application\/ld+json\" class=\"yoast-schema-graph\">{\"@context\":\"https:\/\/schema.org\",\"@graph\":[{\"@type\":\"WebPage\",\"@id\":\"https:\/\/koningdrone.be\/product\/dji-lidar-range-finder-rs-to-dji-transmission-cable-hub\/\",\"url\":\"https:\/\/koningdrone.be\/product\/dji-lidar-range-finder-rs-to-dji-transmission-cable-hub\/\",\"name\":\"DJI LiDAR Range Finder (RS) to DJI Transmission Cable Hub - koningdrone.be\",\"isPartOf\":{\"@id\":\"https:\/\/koningdrone.be\/#website\"},\"primaryImageOfPage\":{\"@id\":\"https:\/\/koningdrone.be\/product\/dji-lidar-range-finder-rs-to-dji-transmission-cable-hub\/#primaryimage\"},\"image\":{\"@id\":\"https:\/\/koningdrone.be\/product\/dji-lidar-range-finder-rs-to-dji-transmission-cable-hub\/#primaryimage\"},\"thumbnailUrl\":\"https:\/\/koningdrone.be\/wp-content\/uploads\/sites\/13\/2025\/04\/c36a392811a43283901199b5862c6842@large.jpg\",\"datePublished\":\"2023-11-28T17:50:44+00:00\",\"dateModified\":\"2026-04-29T02:00:40+00:00\",\"breadcrumb\":{\"@id\":\"https:\/\/koningdrone.be\/product\/dji-lidar-range-finder-rs-to-dji-transmission-cable-hub\/#breadcrumb\"},\"inLanguage\":\"fr-BE\",\"potentialAction\":[{\"@type\":\"ReadAction\",\"target\":[\"https:\/\/koningdrone.be\/product\/dji-lidar-range-finder-rs-to-dji-transmission-cable-hub\/\"]}]},{\"@type\":\"ImageObject\",\"inLanguage\":\"fr-BE\",\"@id\":\"https:\/\/koningdrone.be\/product\/dji-lidar-range-finder-rs-to-dji-transmission-cable-hub\/#primaryimage\",\"url\":\"https:\/\/koningdrone.be\/wp-content\/uploads\/sites\/13\/2025\/04\/c36a392811a43283901199b5862c6842@large.jpg\",\"contentUrl\":\"https:\/\/koningdrone.be\/wp-content\/uploads\/sites\/13\/2025\/04\/c36a392811a43283901199b5862c6842@large.jpg\",\"width\":1200,\"height\":800},{\"@type\":\"BreadcrumbList\",\"@id\":\"https:\/\/koningdrone.be\/product\/dji-lidar-range-finder-rs-to-dji-transmission-cable-hub\/#breadcrumb\",\"itemListElement\":[{\"@type\":\"ListItem\",\"position\":1,\"name\":\"Home\",\"item\":\"https:\/\/koningdrone.be\/\"},{\"@type\":\"ListItem\",\"position\":2,\"name\":\"AVSS Parachute Recovery System for DJI Matrice 300\/350\",\"item\":\"https:\/\/koningdrone.be\/product\/avss-parachute-recovery-system-for-dji-matrice-300-350\/\"},{\"@type\":\"ListItem\",\"position\":3,\"name\":\"Alle kabels\",\"item\":\"https:\/\/koningdrone.be\/categorie\/alle-kabels\/\"},{\"@type\":\"ListItem\",\"position\":4,\"name\":\"DJI LiDAR Range Finder (RS) to DJI Transmission Cable Hub\"}]},{\"@type\":\"WebSite\",\"@id\":\"https:\/\/koningdrone.be\/#website\",\"url\":\"https:\/\/koningdrone.be\/\",\"name\":\"Koningdrone.be - Uw online specialist in drones, gimbals, camera's en power stations.\",\"description\":\"De webshop in drones en gimbals\",\"publisher\":{\"@id\":\"https:\/\/koningdrone.be\/#organization\"},\"potentialAction\":[{\"@type\":\"SearchAction\",\"target\":{\"@type\":\"EntryPoint\",\"urlTemplate\":\"https:\/\/koningdrone.be\/?s={search_term_string}\"},\"query-input\":{\"@type\":\"PropertyValueSpecification\",\"valueRequired\":true,\"valueName\":\"search_term_string\"}}],\"inLanguage\":\"fr-BE\"},{\"@type\":\"Organization\",\"@id\":\"https:\/\/koningdrone.be\/#organization\",\"name\":\"Koningdrone.be\",\"url\":\"https:\/\/koningdrone.be\/\",\"logo\":{\"@type\":\"ImageObject\",\"inLanguage\":\"fr-BE\",\"@id\":\"https:\/\/koningdrone.be\/#\/schema\/logo\/image\/\",\"url\":\"https:\/\/koningdrone.be\/wp-content\/uploads\/sites\/13\/2025\/04\/koningdrone-copyright-logo.svg\",\"contentUrl\":\"https:\/\/koningdrone.be\/wp-content\/uploads\/sites\/13\/2025\/04\/koningdrone-copyright-logo.svg\",\"width\":227,\"height\":38,\"caption\":\"Koningdrone.be\"},\"image\":{\"@id\":\"https:\/\/koningdrone.be\/#\/schema\/logo\/image\/\"}}]}<\/script>\n<!-- \/ Yoast SEO Premium plugin. -->","yoast_head_json":{"title":"DJI LiDAR Range Finder (RS) to DJI Transmission Cable Hub - koningdrone.be","robots":{"index":"index","follow":"follow","max-snippet":"max-snippet:-1","max-image-preview":"max-image-preview:large","max-video-preview":"max-video-preview:-1"},"canonical":"https:\/\/koningdrone.be\/fr\/produit\/dji-lidar-range-finder-rs-to-dji-transmission-cable-hub\/","og_locale":"fr_FR","og_type":"article","og_title":"DJI LiDAR Range Finder (RS) to DJI Transmission Cable Hub","og_description":"Integreert DJI LiDAR Range Finder met accessoires. Kan tegelijkertijd met vier verschillende apparaten worden verbonden. Maakt volledige configuratie van het focus- en monitoringsysteem mogelijk. Ondersteunt lenskalibratie en autofocus met handmatige lenzen. Vergemakkelijkt de onderlinge verbinding met DJI RS 3 Pro. Maakt stabilisatie, bewaking op afstand en controle mogelijk.","og_url":"https:\/\/koningdrone.be\/fr\/produit\/dji-lidar-range-finder-rs-to-dji-transmission-cable-hub\/","og_site_name":"koningdrone.be","article_modified_time":"2026-04-29T02:00:40+00:00","og_image":[{"width":1200,"height":800,"url":"https:\/\/koningdrone.be\/wp-content\/uploads\/sites\/13\/2025\/04\/c36a392811a43283901199b5862c6842@large.jpg","type":"image\/jpeg"}],"twitter_card":"summary_large_image","twitter_misc":{"Dur\u00e9e de lecture est.":"2 minutes"},"schema":{"@context":"https:\/\/schema.org","@graph":[{"@type":"WebPage","@id":"https:\/\/koningdrone.be\/product\/dji-lidar-range-finder-rs-to-dji-transmission-cable-hub\/","url":"https:\/\/koningdrone.be\/product\/dji-lidar-range-finder-rs-to-dji-transmission-cable-hub\/","name":"DJI LiDAR Range Finder (RS) to DJI Transmission Cable Hub - koningdrone.be","isPartOf":{"@id":"https:\/\/koningdrone.be\/#website"},"primaryImageOfPage":{"@id":"https:\/\/koningdrone.be\/product\/dji-lidar-range-finder-rs-to-dji-transmission-cable-hub\/#primaryimage"},"image":{"@id":"https:\/\/koningdrone.be\/product\/dji-lidar-range-finder-rs-to-dji-transmission-cable-hub\/#primaryimage"},"thumbnailUrl":"https:\/\/koningdrone.be\/wp-content\/uploads\/sites\/13\/2025\/04\/c36a392811a43283901199b5862c6842@large.jpg","datePublished":"2023-11-28T17:50:44+00:00","dateModified":"2026-04-29T02:00:40+00:00","breadcrumb":{"@id":"https:\/\/koningdrone.be\/product\/dji-lidar-range-finder-rs-to-dji-transmission-cable-hub\/#breadcrumb"},"inLanguage":"fr-BE","potentialAction":[{"@type":"ReadAction","target":["https:\/\/koningdrone.be\/product\/dji-lidar-range-finder-rs-to-dji-transmission-cable-hub\/"]}]},{"@type":"ImageObject","inLanguage":"fr-BE","@id":"https:\/\/koningdrone.be\/product\/dji-lidar-range-finder-rs-to-dji-transmission-cable-hub\/#primaryimage","url":"https:\/\/koningdrone.be\/wp-content\/uploads\/sites\/13\/2025\/04\/c36a392811a43283901199b5862c6842@large.jpg","contentUrl":"https:\/\/koningdrone.be\/wp-content\/uploads\/sites\/13\/2025\/04\/c36a392811a43283901199b5862c6842@large.jpg","width":1200,"height":800},{"@type":"BreadcrumbList","@id":"https:\/\/koningdrone.be\/product\/dji-lidar-range-finder-rs-to-dji-transmission-cable-hub\/#breadcrumb","itemListElement":[{"@type":"ListItem","position":1,"name":"Home","item":"https:\/\/koningdrone.be\/"},{"@type":"ListItem","position":2,"name":"AVSS Parachute Recovery System for DJI Matrice 300\/350","item":"https:\/\/koningdrone.be\/product\/avss-parachute-recovery-system-for-dji-matrice-300-350\/"},{"@type":"ListItem","position":3,"name":"Alle kabels","item":"https:\/\/koningdrone.be\/categorie\/alle-kabels\/"},{"@type":"ListItem","position":4,"name":"DJI LiDAR Range Finder (RS) to DJI Transmission Cable Hub"}]},{"@type":"WebSite","@id":"https:\/\/koningdrone.be\/#website","url":"https:\/\/koningdrone.be\/","name":"Koningdrone.be - Votre sp\u00e9cialiste en ligne en mati\u00e8re de drones, de cardans, de cam\u00e9ras et de centrales \u00e9lectriques.","description":"La boutique en ligne de drones et de cardans","publisher":{"@id":"https:\/\/koningdrone.be\/#organization"},"potentialAction":[{"@type":"SearchAction","target":{"@type":"EntryPoint","urlTemplate":"https:\/\/koningdrone.be\/?s={search_term_string}"},"query-input":{"@type":"PropertyValueSpecification","valueRequired":true,"valueName":"search_term_string"}}],"inLanguage":"fr-BE"},{"@type":"Organization","@id":"https:\/\/koningdrone.be\/#organization","name":"Kingdrone.co.uk","url":"https:\/\/koningdrone.be\/","logo":{"@type":"ImageObject","inLanguage":"fr-BE","@id":"https:\/\/koningdrone.be\/#\/schema\/logo\/image\/","url":"https:\/\/koningdrone.be\/wp-content\/uploads\/sites\/13\/2025\/04\/koningdrone-copyright-logo.svg","contentUrl":"https:\/\/koningdrone.be\/wp-content\/uploads\/sites\/13\/2025\/04\/koningdrone-copyright-logo.svg","width":227,"height":38,"caption":"Koningdrone.be"},"image":{"@id":"https:\/\/koningdrone.be\/#\/schema\/logo\/image\/"}}]}},"df_price":93,"df_sale_price":"","df_regular_price":93,"df_image_link":"https:\/\/koningdrone.be\/wp-content\/uploads\/sites\/13\/2025\/04\/c36a392811a43283901199b5862c6842@large-300x200.jpg","_links":{"self":[{"href":"https:\/\/koningdrone.be\/fr\/wp-json\/wp\/v2\/product\/4185","targetHints":{"allow":["GET"]}}],"collection":[{"href":"https:\/\/koningdrone.be\/fr\/wp-json\/wp\/v2\/product"}],"about":[{"href":"https:\/\/koningdrone.be\/fr\/wp-json\/wp\/v2\/types\/product"}],"wp:featuredmedia":[{"embeddable":true,"href":"https:\/\/koningdrone.be\/fr\/wp-json\/wp\/v2\/media\/4182"}],"wp:attachment":[{"href":"https:\/\/koningdrone.be\/fr\/wp-json\/wp\/v2\/media?parent=4185"}],"wp:term":[{"taxonomy":"product_brand","embeddable":true,"href":"https:\/\/koningdrone.be\/fr\/wp-json\/wp\/v2\/product_brand?post=4185"},{"taxonomy":"product_cat","embeddable":true,"href":"https:\/\/koningdrone.be\/fr\/wp-json\/wp\/v2\/product_cat?post=4185"},{"taxonomy":"product_tag","embeddable":true,"href":"https:\/\/koningdrone.be\/fr\/wp-json\/wp\/v2\/product_tag?post=4185"}],"curies":[{"name":"wp","href":"https:\/\/api.w.org\/{rel}","templated":true}]}}