{"id":4169,"date":"2023-11-28T18:50:44","date_gmt":"2023-11-28T17:50:44","guid":{"rendered":"https:\/\/koningdrone.nl\/kon\/product\/osmo-pocket-3-battery-handle\/"},"modified":"2026-04-29T15:10:16","modified_gmt":"2026-04-29T13:10:16","slug":"osmo-pocket-3-battery-handle","status":"publish","type":"product","link":"https:\/\/koningdrone.be\/fr\/produit\/osmo-pocket-3-battery-handle\/","title":{"rendered":"Poign\u00e9e de batterie Osmo Pocket 3"},"content":{"rendered":"<p><strong>Dur\u00e9e de vie prolong\u00e9e de la batterie<\/strong><\/p>\n<p> La poign\u00e9e de la batterie augmente consid\u00e9rablement la capacit\u00e9 d'utilisation de l'Osmo Pocket 3 en incorporant une batterie interne substantielle de 950 mAh. Cet ajout augmente l'autonomie de l'appareil d'environ 62%, vous donnant suffisamment de puissance pour capturer chaque moment sans vous soucier de la d\u00e9charge de la batterie pendant les longues journ\u00e9es de tournage.<\/p>\n<p><strong>Capacit\u00e9 de remplacement \u00e0 chaud<\/strong><\/p>\n<p> Dot\u00e9e d'une fonction pratique de remplacement \u00e0 chaud, cette poign\u00e9e vous permet de l'\u00e9teindre sans avoir \u00e0 \u00e9teindre votre appareil. Cette fonction est particuli\u00e8rement utile dans les sc\u00e9narios de prise de vue rapide, rendant l'utilisation de votre appareil plus efficace et plus conviviale.<\/p>\n<p><strong>Connexions audio am\u00e9lior\u00e9es<\/strong><\/p>\n<p> Con\u00e7ue avec un port USB-C \u00e0 l'arri\u00e8re, la poign\u00e9e de batterie offre une connectivit\u00e9 directe pour divers appareils audio externes. Il peut s'agir de casques num\u00e9riques filaires, de microphones filaires ou de r\u00e9cepteurs de microphones sans fil, offrant ainsi un large \u00e9ventail d'options audio. Gr\u00e2ce \u00e0 cette fonctionnalit\u00e9, vos enregistrements sont non seulement visuellement captivants, mais aussi auditivement nets et clairs.<\/p>\n<p><strong>Compatibilit\u00e9 des accessoires<\/strong><\/p>\n<p> Avec un filetage de 1\/4\u2033 \u00e0 la base, la poign\u00e9e fournit un point de connexion universel pour fixer une large gamme d'accessoires, tels que des tr\u00e9pieds. Cette possibilit\u00e9 d'extension am\u00e9liore consid\u00e9rablement la fonctionnalit\u00e9 de l'appareil, permettant des prises de vue stables et l'exploration ais\u00e9e d'angles uniques, am\u00e9liorant ainsi la qualit\u00e9 de votre contenu.<\/p>\n<p><strong>Conclusion<\/strong><\/p>\n<p> La poign\u00e9e de batterie de l'Osmo Pocket 3 est un compl\u00e9ment inestimable pour tous ceux qui souhaitent passer \u00e0 la vitesse sup\u00e9rieure dans la r\u00e9alisation de leurs films. En prolongeant la dur\u00e9e de vie de la batterie, en facilitant le fonctionnement efficace de l'appareil, en \u00e9largissant les options de connectivit\u00e9 audio et en offrant une large compatibilit\u00e9 avec les accessoires, elle r\u00e9pond aux besoins des utilisateurs novices et exp\u00e9riment\u00e9s \u00e0 la recherche d'une meilleure qualit\u00e9 vid\u00e9o et d'une plus grande fiabilit\u00e9 lors des tournages plus longs.<\/p>\n<p><\/p>","protected":false},"excerpt":{"rendered":"<ul>\n<li>La batterie int\u00e9gr\u00e9e de 950mAh augmente le temps d'utilisation avec le 62%<\/li>\n<li> Permet le remplacement \u00e0 chaud pour un fonctionnement continu<\/li>\n<li> Comprend un port USB-C pour connecter des appareils audio externes.<\/li>\n<li> Compatible avec les \u00e9couteurs num\u00e9riques filaires, les microphones filaires et les r\u00e9cepteurs sans fil<\/li>\n<li> Filetage 1\/4\u2033 pour la fixation de tr\u00e9pieds et d'autres accessoires<\/li>\n<\/ul>","protected":false},"featured_media":4166,"template":"","meta":{"_acf_changed":false},"product_brand":[],"product_cat":[410,97,201,297,778],"product_tag":[],"class_list":{"0":"post-4169","1":"product","2":"type-product","3":"status-publish","4":"has-post-thumbnail","6":"product_cat-alle-handheld-gimbals","7":"product_cat-alle-producten","8":"product_cat-alle-tassen-en-koffers","9":"product_cat-dji-osmo","10":"product_cat-dji-osmo-pocket","11":"product_shipping_class-outofstock","12":"pa_brand-dji","13":"pa_productfamily-handle","14":"pa_producttype-handle","15":"pa_series-osmo-pocket","17":"first","18":"outofstock","19":"taxable","20":"shipping-taxable","21":"purchasable","22":"product-type-simple"},"acf":[],"yoast_head":"<!-- This site is optimized with the Yoast SEO Premium plugin v27.2 (Yoast SEO v27.2) - https:\/\/yoast.com\/product\/yoast-seo-premium-wordpress\/ -->\n<title>Osmo Pocket 3 Battery Handle - koningdrone.be<\/title>\n<meta name=\"robots\" content=\"index, follow, max-snippet:-1, max-image-preview:large, max-video-preview:-1\" \/>\n<link rel=\"canonical\" href=\"https:\/\/koningdrone.be\/fr\/produit\/osmo-pocket-3-battery-handle\/\" \/>\n<meta property=\"og:locale\" content=\"fr_FR\" \/>\n<meta property=\"og:type\" content=\"article\" \/>\n<meta property=\"og:title\" content=\"Osmo Pocket 3 Battery Handle\" \/>\n<meta property=\"og:description\" content=\"Ingebouwde 950mAh-batterij verhoogt de gebruikstijd met 62% Ondersteunt hot-swapping voor continu gebruik Inclusief USB-C-poort voor het aansluiten van externe audioapparaten Compatibel met digitale bedrade hoofdtelefoons, bedrade microfoons en draadloze ontvangers 1\/4\u2033 schroefdraad voor bevestiging aan statieven en andere accessoires\" \/>\n<meta property=\"og:url\" content=\"https:\/\/koningdrone.be\/fr\/produit\/osmo-pocket-3-battery-handle\/\" \/>\n<meta property=\"og:site_name\" content=\"koningdrone.be\" \/>\n<meta property=\"article:modified_time\" content=\"2026-04-29T13:10:16+00:00\" \/>\n<meta property=\"og:image\" content=\"https:\/\/koningdrone.be\/wp-content\/uploads\/sites\/13\/2025\/04\/7d58e2bd4e31f2139beef5051558c97d@large.jpg\" \/>\n\t<meta property=\"og:image:width\" content=\"1200\" \/>\n\t<meta property=\"og:image:height\" content=\"800\" \/>\n\t<meta property=\"og:image:type\" content=\"image\/jpeg\" \/>\n<meta name=\"twitter:card\" content=\"summary_large_image\" \/>\n<meta name=\"twitter:label1\" content=\"Dur\u00e9e de lecture est.\" \/>\n\t<meta name=\"twitter:data1\" content=\"1 minute\" \/>\n<script type=\"application\/ld+json\" class=\"yoast-schema-graph\">{\"@context\":\"https:\/\/schema.org\",\"@graph\":[{\"@type\":\"WebPage\",\"@id\":\"https:\/\/koningdrone.be\/product\/osmo-pocket-3-battery-handle\/\",\"url\":\"https:\/\/koningdrone.be\/product\/osmo-pocket-3-battery-handle\/\",\"name\":\"Osmo Pocket 3 Battery Handle - koningdrone.be\",\"isPartOf\":{\"@id\":\"https:\/\/koningdrone.be\/#website\"},\"primaryImageOfPage\":{\"@id\":\"https:\/\/koningdrone.be\/product\/osmo-pocket-3-battery-handle\/#primaryimage\"},\"image\":{\"@id\":\"https:\/\/koningdrone.be\/product\/osmo-pocket-3-battery-handle\/#primaryimage\"},\"thumbnailUrl\":\"https:\/\/koningdrone.be\/wp-content\/uploads\/sites\/13\/2025\/04\/7d58e2bd4e31f2139beef5051558c97d@large.jpg\",\"datePublished\":\"2023-11-28T17:50:44+00:00\",\"dateModified\":\"2026-04-29T13:10:16+00:00\",\"breadcrumb\":{\"@id\":\"https:\/\/koningdrone.be\/product\/osmo-pocket-3-battery-handle\/#breadcrumb\"},\"inLanguage\":\"fr-BE\",\"potentialAction\":[{\"@type\":\"ReadAction\",\"target\":[\"https:\/\/koningdrone.be\/product\/osmo-pocket-3-battery-handle\/\"]}]},{\"@type\":\"ImageObject\",\"inLanguage\":\"fr-BE\",\"@id\":\"https:\/\/koningdrone.be\/product\/osmo-pocket-3-battery-handle\/#primaryimage\",\"url\":\"https:\/\/koningdrone.be\/wp-content\/uploads\/sites\/13\/2025\/04\/7d58e2bd4e31f2139beef5051558c97d@large.jpg\",\"contentUrl\":\"https:\/\/koningdrone.be\/wp-content\/uploads\/sites\/13\/2025\/04\/7d58e2bd4e31f2139beef5051558c97d@large.jpg\",\"width\":1200,\"height\":800},{\"@type\":\"BreadcrumbList\",\"@id\":\"https:\/\/koningdrone.be\/product\/osmo-pocket-3-battery-handle\/#breadcrumb\",\"itemListElement\":[{\"@type\":\"ListItem\",\"position\":1,\"name\":\"Home\",\"item\":\"https:\/\/koningdrone.be\/\"},{\"@type\":\"ListItem\",\"position\":2,\"name\":\"AVSS Parachute Recovery System for DJI Matrice 300\/350\",\"item\":\"https:\/\/koningdrone.be\/product\/avss-parachute-recovery-system-for-dji-matrice-300-350\/\"},{\"@type\":\"ListItem\",\"position\":3,\"name\":\"Alle handheld gimbals\",\"item\":\"https:\/\/koningdrone.be\/categorie\/alle-handheld-gimbals\/\"},{\"@type\":\"ListItem\",\"position\":4,\"name\":\"Osmo Pocket 3 Battery Handle\"}]},{\"@type\":\"WebSite\",\"@id\":\"https:\/\/koningdrone.be\/#website\",\"url\":\"https:\/\/koningdrone.be\/\",\"name\":\"Koningdrone.be - Uw online specialist in drones, gimbals, camera's en power stations.\",\"description\":\"De webshop in drones en gimbals\",\"publisher\":{\"@id\":\"https:\/\/koningdrone.be\/#organization\"},\"potentialAction\":[{\"@type\":\"SearchAction\",\"target\":{\"@type\":\"EntryPoint\",\"urlTemplate\":\"https:\/\/koningdrone.be\/?s={search_term_string}\"},\"query-input\":{\"@type\":\"PropertyValueSpecification\",\"valueRequired\":true,\"valueName\":\"search_term_string\"}}],\"inLanguage\":\"fr-BE\"},{\"@type\":\"Organization\",\"@id\":\"https:\/\/koningdrone.be\/#organization\",\"name\":\"Koningdrone.be\",\"url\":\"https:\/\/koningdrone.be\/\",\"logo\":{\"@type\":\"ImageObject\",\"inLanguage\":\"fr-BE\",\"@id\":\"https:\/\/koningdrone.be\/#\/schema\/logo\/image\/\",\"url\":\"https:\/\/koningdrone.be\/wp-content\/uploads\/sites\/13\/2025\/04\/koningdrone-copyright-logo.svg\",\"contentUrl\":\"https:\/\/koningdrone.be\/wp-content\/uploads\/sites\/13\/2025\/04\/koningdrone-copyright-logo.svg\",\"width\":227,\"height\":38,\"caption\":\"Koningdrone.be\"},\"image\":{\"@id\":\"https:\/\/koningdrone.be\/#\/schema\/logo\/image\/\"}}]}<\/script>\n<!-- \/ Yoast SEO Premium plugin. -->","yoast_head_json":{"title":"Osmo Pocket 3 Battery Handle - koningdrone.be","robots":{"index":"index","follow":"follow","max-snippet":"max-snippet:-1","max-image-preview":"max-image-preview:large","max-video-preview":"max-video-preview:-1"},"canonical":"https:\/\/koningdrone.be\/fr\/produit\/osmo-pocket-3-battery-handle\/","og_locale":"fr_FR","og_type":"article","og_title":"Osmo Pocket 3 Battery Handle","og_description":"Ingebouwde 950mAh-batterij verhoogt de gebruikstijd met 62% Ondersteunt hot-swapping voor continu gebruik Inclusief USB-C-poort voor het aansluiten van externe audioapparaten Compatibel met digitale bedrade hoofdtelefoons, bedrade microfoons en draadloze ontvangers 1\/4\u2033 schroefdraad voor bevestiging aan statieven en andere accessoires","og_url":"https:\/\/koningdrone.be\/fr\/produit\/osmo-pocket-3-battery-handle\/","og_site_name":"koningdrone.be","article_modified_time":"2026-04-29T13:10:16+00:00","og_image":[{"width":1200,"height":800,"url":"https:\/\/koningdrone.be\/wp-content\/uploads\/sites\/13\/2025\/04\/7d58e2bd4e31f2139beef5051558c97d@large.jpg","type":"image\/jpeg"}],"twitter_card":"summary_large_image","twitter_misc":{"Dur\u00e9e de lecture est.":"1 minute"},"schema":{"@context":"https:\/\/schema.org","@graph":[{"@type":"WebPage","@id":"https:\/\/koningdrone.be\/product\/osmo-pocket-3-battery-handle\/","url":"https:\/\/koningdrone.be\/product\/osmo-pocket-3-battery-handle\/","name":"Osmo Pocket 3 Battery Handle - koningdrone.be","isPartOf":{"@id":"https:\/\/koningdrone.be\/#website"},"primaryImageOfPage":{"@id":"https:\/\/koningdrone.be\/product\/osmo-pocket-3-battery-handle\/#primaryimage"},"image":{"@id":"https:\/\/koningdrone.be\/product\/osmo-pocket-3-battery-handle\/#primaryimage"},"thumbnailUrl":"https:\/\/koningdrone.be\/wp-content\/uploads\/sites\/13\/2025\/04\/7d58e2bd4e31f2139beef5051558c97d@large.jpg","datePublished":"2023-11-28T17:50:44+00:00","dateModified":"2026-04-29T13:10:16+00:00","breadcrumb":{"@id":"https:\/\/koningdrone.be\/product\/osmo-pocket-3-battery-handle\/#breadcrumb"},"inLanguage":"fr-BE","potentialAction":[{"@type":"ReadAction","target":["https:\/\/koningdrone.be\/product\/osmo-pocket-3-battery-handle\/"]}]},{"@type":"ImageObject","inLanguage":"fr-BE","@id":"https:\/\/koningdrone.be\/product\/osmo-pocket-3-battery-handle\/#primaryimage","url":"https:\/\/koningdrone.be\/wp-content\/uploads\/sites\/13\/2025\/04\/7d58e2bd4e31f2139beef5051558c97d@large.jpg","contentUrl":"https:\/\/koningdrone.be\/wp-content\/uploads\/sites\/13\/2025\/04\/7d58e2bd4e31f2139beef5051558c97d@large.jpg","width":1200,"height":800},{"@type":"BreadcrumbList","@id":"https:\/\/koningdrone.be\/product\/osmo-pocket-3-battery-handle\/#breadcrumb","itemListElement":[{"@type":"ListItem","position":1,"name":"Home","item":"https:\/\/koningdrone.be\/"},{"@type":"ListItem","position":2,"name":"AVSS Parachute Recovery System for DJI Matrice 300\/350","item":"https:\/\/koningdrone.be\/product\/avss-parachute-recovery-system-for-dji-matrice-300-350\/"},{"@type":"ListItem","position":3,"name":"Alle handheld gimbals","item":"https:\/\/koningdrone.be\/categorie\/alle-handheld-gimbals\/"},{"@type":"ListItem","position":4,"name":"Osmo Pocket 3 Battery Handle"}]},{"@type":"WebSite","@id":"https:\/\/koningdrone.be\/#website","url":"https:\/\/koningdrone.be\/","name":"Koningdrone.be - Votre sp\u00e9cialiste en ligne en mati\u00e8re de drones, de cardans, de cam\u00e9ras et de centrales \u00e9lectriques.","description":"La boutique en ligne de drones et de cardans","publisher":{"@id":"https:\/\/koningdrone.be\/#organization"},"potentialAction":[{"@type":"SearchAction","target":{"@type":"EntryPoint","urlTemplate":"https:\/\/koningdrone.be\/?s={search_term_string}"},"query-input":{"@type":"PropertyValueSpecification","valueRequired":true,"valueName":"search_term_string"}}],"inLanguage":"fr-BE"},{"@type":"Organization","@id":"https:\/\/koningdrone.be\/#organization","name":"Kingdrone.co.uk","url":"https:\/\/koningdrone.be\/","logo":{"@type":"ImageObject","inLanguage":"fr-BE","@id":"https:\/\/koningdrone.be\/#\/schema\/logo\/image\/","url":"https:\/\/koningdrone.be\/wp-content\/uploads\/sites\/13\/2025\/04\/koningdrone-copyright-logo.svg","contentUrl":"https:\/\/koningdrone.be\/wp-content\/uploads\/sites\/13\/2025\/04\/koningdrone-copyright-logo.svg","width":227,"height":38,"caption":"Koningdrone.be"},"image":{"@id":"https:\/\/koningdrone.be\/#\/schema\/logo\/image\/"}}]}},"df_price":69,"df_sale_price":"","df_regular_price":69,"df_image_link":"https:\/\/koningdrone.be\/wp-content\/uploads\/sites\/13\/2025\/04\/7d58e2bd4e31f2139beef5051558c97d@large-300x200.jpg","_links":{"self":[{"href":"https:\/\/koningdrone.be\/fr\/wp-json\/wp\/v2\/product\/4169","targetHints":{"allow":["GET"]}}],"collection":[{"href":"https:\/\/koningdrone.be\/fr\/wp-json\/wp\/v2\/product"}],"about":[{"href":"https:\/\/koningdrone.be\/fr\/wp-json\/wp\/v2\/types\/product"}],"wp:featuredmedia":[{"embeddable":true,"href":"https:\/\/koningdrone.be\/fr\/wp-json\/wp\/v2\/media\/4166"}],"wp:attachment":[{"href":"https:\/\/koningdrone.be\/fr\/wp-json\/wp\/v2\/media?parent=4169"}],"wp:term":[{"taxonomy":"product_brand","embeddable":true,"href":"https:\/\/koningdrone.be\/fr\/wp-json\/wp\/v2\/product_brand?post=4169"},{"taxonomy":"product_cat","embeddable":true,"href":"https:\/\/koningdrone.be\/fr\/wp-json\/wp\/v2\/product_cat?post=4169"},{"taxonomy":"product_tag","embeddable":true,"href":"https:\/\/koningdrone.be\/fr\/wp-json\/wp\/v2\/product_tag?post=4169"}],"curies":[{"name":"wp","href":"https:\/\/api.w.org\/{rel}","templated":true}]}}