{"id":4165,"date":"2024-01-04T15:02:37","date_gmt":"2024-01-04T14:02:37","guid":{"rendered":"https:\/\/koningdrone.nl\/kon\/product\/jackery-explorer-100-plus-mini-draagbaar-power-station\/"},"modified":"2026-04-29T14:40:48","modified_gmt":"2026-04-29T12:40:48","slug":"jackery-explorer-100-plus-mini-draagbaar-power-station","status":"publish","type":"product","link":"https:\/\/koningdrone.be\/fr\/produit\/jackery-explorer-100-plus-mini-draagbaar-power-station\/","title":{"rendered":"Jackery Explorer 100 plus - Mini-centrale \u00e9lectrique portable"},"content":{"rendered":"<h1>Jackery Explorer 100 plus - Mini-centrale \u00e9lectrique portable<\/h1>\n<p>Le Jackery Explorer 100 Plus est un powerbank pratique et attrayant pour les voyageurs, gr\u00e2ce \u00e0 sa capacit\u00e9 \u00e9nerg\u00e9tique \u00e9lev\u00e9e de 99,2Wh et \u00e0 sa puissance de sortie significative de 128 watts. Ce powerbank utilise la technologie avanc\u00e9e des batteries LFP\/LiFePO4, ce qui lui conf\u00e8re une dur\u00e9e de vie exceptionnellement longue. M\u00eame apr\u00e8s 2000 recharges, il conserve environ 80% de sa capacit\u00e9 d'origine, bien plus que les 500 cycles habituels des produits similaires dans cette cat\u00e9gorie de prix.<\/p>\n<p>Avec une puissance de sortie stable de 128 watts, il est capable de charger presque tous les appareils portables, y compris les ordinateurs portables, les tablettes, les t\u00e9l\u00e9phones, les batteries d'appareils photo et les drones via ses ports USB-C et USB-A. Le powerbank prend en charge la charge rapide pour les appareils dot\u00e9s de l'USB-C, une norme d\u00e9sormais largement utilis\u00e9e, et permet de charger jusqu'\u00e0 3 appareils simultan\u00e9ment.<\/p>\n<p>Un contr\u00f4leur MPPT int\u00e9gr\u00e9 permet au powerbank d'\u00eatre charg\u00e9 par un panneau solaire de 100 W, ce qui est parfait pour les situations o\u00f9 vous d\u00e9pendez de l'\u00e9nergie solaire et n'avez pas acc\u00e8s au r\u00e9seau.<\/p>","protected":false},"excerpt":{"rendered":"<ul>\n<li>Batterie durable de 99,2 Wh Technologie de batterie LFP\/LiFePO4<\/li>\n<li>128W de puissance continue via 2x sortie USB-C et 1x sortie USB-A<\/li>\n<li>Capacit\u00e9 maximale autoris\u00e9e dans un avion<\/li>\n<li>Taille pratique, l\u00e9ger et silencieux<\/li>\n<li>Rechargeable gr\u00e2ce aux panneaux solaires Jackery 40, 80 et 100W<\/li>\n<li>Chargement rapide dans la voiture, via USB-C et panneau solaire<\/li>\n<li>Chargement complet en 1,8 heure<\/li>\n<li>Utilisation s\u00fbre gr\u00e2ce \u00e0 des syst\u00e8mes de gestion de la batterie avanc\u00e9s (BMS)<br \/>\nApr\u00e8s 2000 cycles de charge, il reste 80% de la capacit\u00e9 d'origine<\/li>\n<\/ul>","protected":false},"featured_media":4162,"template":"","meta":{"_acf_changed":false},"product_brand":[],"product_cat":[454,97,415,475,476],"product_tag":[],"class_list":{"0":"post-4165","1":"product","2":"type-product","3":"status-publish","4":"has-post-thumbnail","6":"product_cat-alle-powerstations","7":"product_cat-alle-producten","8":"product_cat-energy","9":"product_cat-jackery","10":"product_cat-jackery-powerstations","11":"product_shipping_class-outofstock","12":"pa_brand-jackery","13":"pa_capaciteit-301-1100-wh","14":"pa_productfamily-power-station","15":"pa_producttype-power-station","16":"pa_series-explorer","17":"pa_type-batterij-li-ion-nmc","19":"first","20":"outofstock","21":"taxable","22":"shipping-taxable","23":"product-type-simple"},"acf":[],"yoast_head":"<!-- This site is optimized with the Yoast SEO Premium plugin v27.2 (Yoast SEO v27.2) - https:\/\/yoast.com\/product\/yoast-seo-premium-wordpress\/ -->\n<title>Jackery Explorer 100 plus - Mini Draagbaar Power station - koningdrone.be<\/title>\n<meta name=\"robots\" content=\"index, follow, max-snippet:-1, max-image-preview:large, max-video-preview:-1\" \/>\n<link rel=\"canonical\" href=\"https:\/\/koningdrone.be\/fr\/produit\/jackery-explorer-100-plus-mini-draagbaar-power-station\/\" \/>\n<meta property=\"og:locale\" content=\"fr_FR\" \/>\n<meta property=\"og:type\" content=\"article\" \/>\n<meta property=\"og:title\" content=\"Jackery Explorer 100 plus - Mini Draagbaar Power station\" \/>\n<meta property=\"og:description\" content=\"Duurzame 99,2Wh batterij LFP\/LiFePO4 batterijtechnologie  128W continu vermogen via 2x USB-C en 1x USB-A output  Maximale capaciteit toegestaan in een vliegtuig  Handzaam formaat, lichtgewicht en fluisterstil  Oplaadbaar via Jackery 40, 80 en 100W zonnepanelen  Snelladen in de auto, via USB-C en zonnepaneel  Volledig opladen binnen 1,8 uur  Veilig in gebruik dankzij geavanceerde batterij management systemen (BMS) Na 2000 laadcycli nog 80% van de oorspronkelijke capaciteit\" \/>\n<meta property=\"og:url\" content=\"https:\/\/koningdrone.be\/fr\/produit\/jackery-explorer-100-plus-mini-draagbaar-power-station\/\" \/>\n<meta property=\"og:site_name\" content=\"koningdrone.be\" \/>\n<meta property=\"article:modified_time\" content=\"2026-04-29T12:40:48+00:00\" \/>\n<meta property=\"og:image\" content=\"https:\/\/koningdrone.be\/wp-content\/uploads\/sites\/13\/2025\/04\/Jackery-Explorer-100-plus-Mini-Draagbaar-Power-station.png\" \/>\n\t<meta property=\"og:image:width\" content=\"500\" \/>\n\t<meta property=\"og:image:height\" content=\"267\" \/>\n\t<meta property=\"og:image:type\" content=\"image\/png\" \/>\n<meta name=\"twitter:card\" content=\"summary_large_image\" \/>\n<meta name=\"twitter:label1\" content=\"Dur\u00e9e de lecture est.\" \/>\n\t<meta name=\"twitter:data1\" content=\"1 minute\" \/>\n<script type=\"application\/ld+json\" class=\"yoast-schema-graph\">{\"@context\":\"https:\/\/schema.org\",\"@graph\":[{\"@type\":\"WebPage\",\"@id\":\"https:\/\/koningdrone.be\/product\/jackery-explorer-100-plus-mini-draagbaar-power-station\/\",\"url\":\"https:\/\/koningdrone.be\/product\/jackery-explorer-100-plus-mini-draagbaar-power-station\/\",\"name\":\"Jackery Explorer 100 plus - Mini Draagbaar Power station - koningdrone.be\",\"isPartOf\":{\"@id\":\"https:\/\/koningdrone.be\/#website\"},\"primaryImageOfPage\":{\"@id\":\"https:\/\/koningdrone.be\/product\/jackery-explorer-100-plus-mini-draagbaar-power-station\/#primaryimage\"},\"image\":{\"@id\":\"https:\/\/koningdrone.be\/product\/jackery-explorer-100-plus-mini-draagbaar-power-station\/#primaryimage\"},\"thumbnailUrl\":\"https:\/\/koningdrone.be\/wp-content\/uploads\/sites\/13\/2025\/04\/Jackery-Explorer-100-plus-Mini-Draagbaar-Power-station.png\",\"datePublished\":\"2024-01-04T14:02:37+00:00\",\"dateModified\":\"2026-04-29T12:40:48+00:00\",\"breadcrumb\":{\"@id\":\"https:\/\/koningdrone.be\/product\/jackery-explorer-100-plus-mini-draagbaar-power-station\/#breadcrumb\"},\"inLanguage\":\"fr-BE\",\"potentialAction\":[{\"@type\":\"ReadAction\",\"target\":[\"https:\/\/koningdrone.be\/product\/jackery-explorer-100-plus-mini-draagbaar-power-station\/\"]}]},{\"@type\":\"ImageObject\",\"inLanguage\":\"fr-BE\",\"@id\":\"https:\/\/koningdrone.be\/product\/jackery-explorer-100-plus-mini-draagbaar-power-station\/#primaryimage\",\"url\":\"https:\/\/koningdrone.be\/wp-content\/uploads\/sites\/13\/2025\/04\/Jackery-Explorer-100-plus-Mini-Draagbaar-Power-station.png\",\"contentUrl\":\"https:\/\/koningdrone.be\/wp-content\/uploads\/sites\/13\/2025\/04\/Jackery-Explorer-100-plus-Mini-Draagbaar-Power-station.png\",\"width\":500,\"height\":267},{\"@type\":\"BreadcrumbList\",\"@id\":\"https:\/\/koningdrone.be\/product\/jackery-explorer-100-plus-mini-draagbaar-power-station\/#breadcrumb\",\"itemListElement\":[{\"@type\":\"ListItem\",\"position\":1,\"name\":\"Home\",\"item\":\"https:\/\/koningdrone.be\/\"},{\"@type\":\"ListItem\",\"position\":2,\"name\":\"AVSS Parachute Recovery System for DJI Matrice 300\/350\",\"item\":\"https:\/\/koningdrone.be\/product\/avss-parachute-recovery-system-for-dji-matrice-300-350\/\"},{\"@type\":\"ListItem\",\"position\":3,\"name\":\"Alle powerstations\",\"item\":\"https:\/\/koningdrone.be\/categorie\/alle-powerstations\/\"},{\"@type\":\"ListItem\",\"position\":4,\"name\":\"Jackery Explorer 100 plus &#8211; Mini Draagbaar Power station\"}]},{\"@type\":\"WebSite\",\"@id\":\"https:\/\/koningdrone.be\/#website\",\"url\":\"https:\/\/koningdrone.be\/\",\"name\":\"Koningdrone.be - Uw online specialist in drones, gimbals, camera's en power stations.\",\"description\":\"De webshop in drones en gimbals\",\"publisher\":{\"@id\":\"https:\/\/koningdrone.be\/#organization\"},\"potentialAction\":[{\"@type\":\"SearchAction\",\"target\":{\"@type\":\"EntryPoint\",\"urlTemplate\":\"https:\/\/koningdrone.be\/?s={search_term_string}\"},\"query-input\":{\"@type\":\"PropertyValueSpecification\",\"valueRequired\":true,\"valueName\":\"search_term_string\"}}],\"inLanguage\":\"fr-BE\"},{\"@type\":\"Organization\",\"@id\":\"https:\/\/koningdrone.be\/#organization\",\"name\":\"Koningdrone.be\",\"url\":\"https:\/\/koningdrone.be\/\",\"logo\":{\"@type\":\"ImageObject\",\"inLanguage\":\"fr-BE\",\"@id\":\"https:\/\/koningdrone.be\/#\/schema\/logo\/image\/\",\"url\":\"https:\/\/koningdrone.be\/wp-content\/uploads\/sites\/13\/2025\/04\/koningdrone-copyright-logo.svg\",\"contentUrl\":\"https:\/\/koningdrone.be\/wp-content\/uploads\/sites\/13\/2025\/04\/koningdrone-copyright-logo.svg\",\"width\":227,\"height\":38,\"caption\":\"Koningdrone.be\"},\"image\":{\"@id\":\"https:\/\/koningdrone.be\/#\/schema\/logo\/image\/\"}}]}<\/script>\n<!-- \/ Yoast SEO Premium plugin. -->","yoast_head_json":{"title":"Jackery Explorer 100 plus - Mini Draagbaar Power station - koningdrone.be","robots":{"index":"index","follow":"follow","max-snippet":"max-snippet:-1","max-image-preview":"max-image-preview:large","max-video-preview":"max-video-preview:-1"},"canonical":"https:\/\/koningdrone.be\/fr\/produit\/jackery-explorer-100-plus-mini-draagbaar-power-station\/","og_locale":"fr_FR","og_type":"article","og_title":"Jackery Explorer 100 plus - Mini Draagbaar Power station","og_description":"Duurzame 99,2Wh batterij LFP\/LiFePO4 batterijtechnologie  128W continu vermogen via 2x USB-C en 1x USB-A output  Maximale capaciteit toegestaan in een vliegtuig  Handzaam formaat, lichtgewicht en fluisterstil  Oplaadbaar via Jackery 40, 80 en 100W zonnepanelen  Snelladen in de auto, via USB-C en zonnepaneel  Volledig opladen binnen 1,8 uur  Veilig in gebruik dankzij geavanceerde batterij management systemen (BMS) Na 2000 laadcycli nog 80% van de oorspronkelijke capaciteit","og_url":"https:\/\/koningdrone.be\/fr\/produit\/jackery-explorer-100-plus-mini-draagbaar-power-station\/","og_site_name":"koningdrone.be","article_modified_time":"2026-04-29T12:40:48+00:00","og_image":[{"width":500,"height":267,"url":"https:\/\/koningdrone.be\/wp-content\/uploads\/sites\/13\/2025\/04\/Jackery-Explorer-100-plus-Mini-Draagbaar-Power-station.png","type":"image\/png"}],"twitter_card":"summary_large_image","twitter_misc":{"Dur\u00e9e de lecture est.":"1 minute"},"schema":{"@context":"https:\/\/schema.org","@graph":[{"@type":"WebPage","@id":"https:\/\/koningdrone.be\/product\/jackery-explorer-100-plus-mini-draagbaar-power-station\/","url":"https:\/\/koningdrone.be\/product\/jackery-explorer-100-plus-mini-draagbaar-power-station\/","name":"Jackery Explorer 100 plus - Mini Draagbaar Power station - koningdrone.be","isPartOf":{"@id":"https:\/\/koningdrone.be\/#website"},"primaryImageOfPage":{"@id":"https:\/\/koningdrone.be\/product\/jackery-explorer-100-plus-mini-draagbaar-power-station\/#primaryimage"},"image":{"@id":"https:\/\/koningdrone.be\/product\/jackery-explorer-100-plus-mini-draagbaar-power-station\/#primaryimage"},"thumbnailUrl":"https:\/\/koningdrone.be\/wp-content\/uploads\/sites\/13\/2025\/04\/Jackery-Explorer-100-plus-Mini-Draagbaar-Power-station.png","datePublished":"2024-01-04T14:02:37+00:00","dateModified":"2026-04-29T12:40:48+00:00","breadcrumb":{"@id":"https:\/\/koningdrone.be\/product\/jackery-explorer-100-plus-mini-draagbaar-power-station\/#breadcrumb"},"inLanguage":"fr-BE","potentialAction":[{"@type":"ReadAction","target":["https:\/\/koningdrone.be\/product\/jackery-explorer-100-plus-mini-draagbaar-power-station\/"]}]},{"@type":"ImageObject","inLanguage":"fr-BE","@id":"https:\/\/koningdrone.be\/product\/jackery-explorer-100-plus-mini-draagbaar-power-station\/#primaryimage","url":"https:\/\/koningdrone.be\/wp-content\/uploads\/sites\/13\/2025\/04\/Jackery-Explorer-100-plus-Mini-Draagbaar-Power-station.png","contentUrl":"https:\/\/koningdrone.be\/wp-content\/uploads\/sites\/13\/2025\/04\/Jackery-Explorer-100-plus-Mini-Draagbaar-Power-station.png","width":500,"height":267},{"@type":"BreadcrumbList","@id":"https:\/\/koningdrone.be\/product\/jackery-explorer-100-plus-mini-draagbaar-power-station\/#breadcrumb","itemListElement":[{"@type":"ListItem","position":1,"name":"Home","item":"https:\/\/koningdrone.be\/"},{"@type":"ListItem","position":2,"name":"AVSS Parachute Recovery System for DJI Matrice 300\/350","item":"https:\/\/koningdrone.be\/product\/avss-parachute-recovery-system-for-dji-matrice-300-350\/"},{"@type":"ListItem","position":3,"name":"Alle powerstations","item":"https:\/\/koningdrone.be\/categorie\/alle-powerstations\/"},{"@type":"ListItem","position":4,"name":"Jackery Explorer 100 plus &#8211; Mini Draagbaar Power station"}]},{"@type":"WebSite","@id":"https:\/\/koningdrone.be\/#website","url":"https:\/\/koningdrone.be\/","name":"Koningdrone.be - Votre sp\u00e9cialiste en ligne en mati\u00e8re de drones, de cardans, de cam\u00e9ras et de centrales \u00e9lectriques.","description":"La boutique en ligne de drones et de cardans","publisher":{"@id":"https:\/\/koningdrone.be\/#organization"},"potentialAction":[{"@type":"SearchAction","target":{"@type":"EntryPoint","urlTemplate":"https:\/\/koningdrone.be\/?s={search_term_string}"},"query-input":{"@type":"PropertyValueSpecification","valueRequired":true,"valueName":"search_term_string"}}],"inLanguage":"fr-BE"},{"@type":"Organization","@id":"https:\/\/koningdrone.be\/#organization","name":"Kingdrone.co.uk","url":"https:\/\/koningdrone.be\/","logo":{"@type":"ImageObject","inLanguage":"fr-BE","@id":"https:\/\/koningdrone.be\/#\/schema\/logo\/image\/","url":"https:\/\/koningdrone.be\/wp-content\/uploads\/sites\/13\/2025\/04\/koningdrone-copyright-logo.svg","contentUrl":"https:\/\/koningdrone.be\/wp-content\/uploads\/sites\/13\/2025\/04\/koningdrone-copyright-logo.svg","width":227,"height":38,"caption":"Koningdrone.be"},"image":{"@id":"https:\/\/koningdrone.be\/#\/schema\/logo\/image\/"}}]}},"df_price":"","df_sale_price":"","df_regular_price":"","df_image_link":"https:\/\/koningdrone.be\/wp-content\/uploads\/sites\/13\/2025\/04\/Jackery-Explorer-100-plus-Mini-Draagbaar-Power-station-300x160.png","_links":{"self":[{"href":"https:\/\/koningdrone.be\/fr\/wp-json\/wp\/v2\/product\/4165","targetHints":{"allow":["GET"]}}],"collection":[{"href":"https:\/\/koningdrone.be\/fr\/wp-json\/wp\/v2\/product"}],"about":[{"href":"https:\/\/koningdrone.be\/fr\/wp-json\/wp\/v2\/types\/product"}],"wp:featuredmedia":[{"embeddable":true,"href":"https:\/\/koningdrone.be\/fr\/wp-json\/wp\/v2\/media\/4162"}],"wp:attachment":[{"href":"https:\/\/koningdrone.be\/fr\/wp-json\/wp\/v2\/media?parent=4165"}],"wp:term":[{"taxonomy":"product_brand","embeddable":true,"href":"https:\/\/koningdrone.be\/fr\/wp-json\/wp\/v2\/product_brand?post=4165"},{"taxonomy":"product_cat","embeddable":true,"href":"https:\/\/koningdrone.be\/fr\/wp-json\/wp\/v2\/product_cat?post=4165"},{"taxonomy":"product_tag","embeddable":true,"href":"https:\/\/koningdrone.be\/fr\/wp-json\/wp\/v2\/product_tag?post=4165"}],"curies":[{"name":"wp","href":"https:\/\/api.w.org\/{rel}","templated":true}]}}