{"id":4160,"date":"2024-02-28T11:15:10","date_gmt":"2024-02-28T10:15:10","guid":{"rendered":"https:\/\/koningdrone.nl\/kon\/product\/bluetti-eb3a-pv120-solar-generator-kit\/"},"modified":"2025-05-20T14:31:43","modified_gmt":"2025-05-20T12:31:43","slug":"bluetti-eb3a-pv120-solar-generator-kit","status":"publish","type":"product","link":"https:\/\/koningdrone.be\/fr\/produit\/bluetti-eb3a-pv120-solar-generator-kit\/","title":{"rendered":"Kit g\u00e9n\u00e9rateur solaire BLUETTI EB3A + PV120"},"content":{"rendered":"<p><strong>Description du produit<\/strong><\/p>\n<p>Le BLUETTI EB3A est un groupe \u00e9lectrog\u00e8ne portable con\u00e7u pour un mode de vie respectueux de l'environnement. Ce g\u00e9n\u00e9rateur est l\u00e9ger et \u00e9conome en \u00e9nergie, ce qui contribue \u00e0 r\u00e9duire les \u00e9missions de CO2.<\/p>\n<p><strong>Caract\u00e9ristiques principales :<\/strong><\/p>\n<p>- Compact et l\u00e9ger, mais suffisamment puissant pour effectuer diverses t\u00e2ches, avec une puissance de 600 W CA (1 200 W en cr\u00eate) et une capacit\u00e9 de 268 Wh.<\/p>\n<p><\/p>\n<p>- Temps de charge rapide du 80% en 40 minutes.<\/p>\n<p><\/p>\n<p>- 6 fa\u00e7ons de recharger, y compris via des panneaux solaires, une voiture ou une prise de courant.<\/p>\n<p><\/p>\n<p>- Utilisation s\u00fbre gr\u00e2ce \u00e0 la batterie LiFePO4 et au BMS pour la gestion et la protection de la batterie.<\/p>\n<p><\/p>\n<p>- 8 prises et divers ports de charge, y compris la charge sans fil et le type C.<\/p>\n<p><\/p>\n<p>- Facile \u00e0 g\u00e9rer via l'application BLUETTI.<\/p>\n<p><\/p>\n<p>Source d'\u00e9nergie pratique et fiable pour les voyages, le camping ou la maison, le BLUETTI EB3A offre diverses options de charge et de nombreuses connexions pour r\u00e9pondre \u00e0 diff\u00e9rents besoins.<\/p>\n<p><\/p>","protected":false},"excerpt":{"rendered":"<ul>\n<li>Conception \u00e9conome en \u00e9nergie<\/li>\n<li>L\u00e9ger et r\u00e9duit les \u00e9missions de CO2<\/li>\n<li>80% charge en 40 minutes<\/li>\n<li>Compact avec convertisseur CA de 600 W<\/li>\n<li>6 m\u00e9thodes de charge rapide<\/li>\n<li>Une alimentation hors r\u00e9seau s\u00fbre<\/li>\n<li>8 prises et batterie LiFePO4<\/li>\n<li>BLUETTI APP connectivit\u00e9<\/li>\n<\/ul>","protected":false},"featured_media":4159,"template":"","meta":{"_acf_changed":false},"product_brand":[],"product_cat":[97,829,415,198],"product_tag":[],"class_list":{"0":"post-4160","1":"product","2":"type-product","3":"status-publish","4":"has-post-thumbnail","6":"product_cat-alle-producten","7":"product_cat-bluetti","8":"product_cat-energy","9":"product_cat-zonnepanelen","10":"pa_brand-bluetti","11":"pa_productfamily-zonnepaneel","12":"pa_producttype-zonnepaneel","13":"pa_series-bluetti","15":"first","16":"instock","17":"taxable","18":"shipping-taxable","19":"product-type-simple"},"acf":[],"yoast_head":"<!-- This site is optimized with the Yoast SEO Premium plugin v27.2 (Yoast SEO v27.2) - https:\/\/yoast.com\/product\/yoast-seo-premium-wordpress\/ -->\n<title>BLUETTI EB3A + PV120 Solar Generator Kit - koningdrone.be<\/title>\n<meta name=\"robots\" content=\"index, follow, max-snippet:-1, max-image-preview:large, max-video-preview:-1\" \/>\n<link rel=\"canonical\" href=\"https:\/\/koningdrone.be\/fr\/produit\/bluetti-eb3a-pv120-solar-generator-kit\/\" \/>\n<meta property=\"og:locale\" content=\"fr_FR\" \/>\n<meta property=\"og:type\" content=\"article\" \/>\n<meta property=\"og:title\" content=\"BLUETTI EB3A + PV120 Solar Generator Kit\" \/>\n<meta property=\"og:description\" content=\"Energy-efficient design   Lightweight &amp; reduces CO2 emissions   80% charge in 40 minutes   Compact with 600W AC inverter   6 quick charging methods   Safe off-grid power   8 outlets &amp; LiFePO4 battery   BLUETTI APP connectivity\" \/>\n<meta property=\"og:url\" content=\"https:\/\/koningdrone.be\/fr\/produit\/bluetti-eb3a-pv120-solar-generator-kit\/\" \/>\n<meta property=\"og:site_name\" content=\"koningdrone.be\" \/>\n<meta property=\"article:modified_time\" content=\"2025-05-20T12:31:43+00:00\" \/>\n<meta property=\"og:image\" content=\"https:\/\/koningdrone.be\/wp-content\/uploads\/sites\/13\/2025\/04\/EB3A_PV120_750x.jpg\" \/>\n\t<meta property=\"og:image:width\" content=\"750\" \/>\n\t<meta property=\"og:image:height\" content=\"750\" \/>\n\t<meta property=\"og:image:type\" content=\"image\/jpeg\" \/>\n<meta name=\"twitter:card\" content=\"summary_large_image\" \/>\n<meta name=\"twitter:label1\" content=\"Dur\u00e9e de lecture est.\" \/>\n\t<meta name=\"twitter:data1\" content=\"1 minute\" \/>\n<script type=\"application\/ld+json\" class=\"yoast-schema-graph\">{\"@context\":\"https:\/\/schema.org\",\"@graph\":[{\"@type\":\"WebPage\",\"@id\":\"https:\/\/koningdrone.be\/product\/bluetti-eb3a-pv120-solar-generator-kit\/\",\"url\":\"https:\/\/koningdrone.be\/product\/bluetti-eb3a-pv120-solar-generator-kit\/\",\"name\":\"BLUETTI EB3A + PV120 Solar Generator Kit - koningdrone.be\",\"isPartOf\":{\"@id\":\"https:\/\/koningdrone.be\/#website\"},\"primaryImageOfPage\":{\"@id\":\"https:\/\/koningdrone.be\/product\/bluetti-eb3a-pv120-solar-generator-kit\/#primaryimage\"},\"image\":{\"@id\":\"https:\/\/koningdrone.be\/product\/bluetti-eb3a-pv120-solar-generator-kit\/#primaryimage\"},\"thumbnailUrl\":\"https:\/\/koningdrone.be\/wp-content\/uploads\/sites\/13\/2025\/04\/EB3A_PV120_750x.jpg\",\"datePublished\":\"2024-02-28T10:15:10+00:00\",\"dateModified\":\"2025-05-20T12:31:43+00:00\",\"breadcrumb\":{\"@id\":\"https:\/\/koningdrone.be\/product\/bluetti-eb3a-pv120-solar-generator-kit\/#breadcrumb\"},\"inLanguage\":\"fr-BE\",\"potentialAction\":[{\"@type\":\"ReadAction\",\"target\":[\"https:\/\/koningdrone.be\/product\/bluetti-eb3a-pv120-solar-generator-kit\/\"]}]},{\"@type\":\"ImageObject\",\"inLanguage\":\"fr-BE\",\"@id\":\"https:\/\/koningdrone.be\/product\/bluetti-eb3a-pv120-solar-generator-kit\/#primaryimage\",\"url\":\"https:\/\/koningdrone.be\/wp-content\/uploads\/sites\/13\/2025\/04\/EB3A_PV120_750x.jpg\",\"contentUrl\":\"https:\/\/koningdrone.be\/wp-content\/uploads\/sites\/13\/2025\/04\/EB3A_PV120_750x.jpg\",\"width\":750,\"height\":750},{\"@type\":\"BreadcrumbList\",\"@id\":\"https:\/\/koningdrone.be\/product\/bluetti-eb3a-pv120-solar-generator-kit\/#breadcrumb\",\"itemListElement\":[{\"@type\":\"ListItem\",\"position\":1,\"name\":\"Home\",\"item\":\"https:\/\/koningdrone.be\/\"},{\"@type\":\"ListItem\",\"position\":2,\"name\":\"AVSS Parachute Recovery System for DJI Matrice 300\/350\",\"item\":\"https:\/\/koningdrone.be\/product\/avss-parachute-recovery-system-for-dji-matrice-300-350\/\"},{\"@type\":\"ListItem\",\"position\":3,\"name\":\"Alle producten\",\"item\":\"https:\/\/koningdrone.be\/categorie\/alle-producten\/\"},{\"@type\":\"ListItem\",\"position\":4,\"name\":\"BLUETTI EB3A + PV120 Solar Generator Kit\"}]},{\"@type\":\"WebSite\",\"@id\":\"https:\/\/koningdrone.be\/#website\",\"url\":\"https:\/\/koningdrone.be\/\",\"name\":\"Koningdrone.be - Uw online specialist in drones, gimbals, camera's en power stations.\",\"description\":\"De webshop in drones en gimbals\",\"publisher\":{\"@id\":\"https:\/\/koningdrone.be\/#organization\"},\"potentialAction\":[{\"@type\":\"SearchAction\",\"target\":{\"@type\":\"EntryPoint\",\"urlTemplate\":\"https:\/\/koningdrone.be\/?s={search_term_string}\"},\"query-input\":{\"@type\":\"PropertyValueSpecification\",\"valueRequired\":true,\"valueName\":\"search_term_string\"}}],\"inLanguage\":\"fr-BE\"},{\"@type\":\"Organization\",\"@id\":\"https:\/\/koningdrone.be\/#organization\",\"name\":\"Koningdrone.be\",\"url\":\"https:\/\/koningdrone.be\/\",\"logo\":{\"@type\":\"ImageObject\",\"inLanguage\":\"fr-BE\",\"@id\":\"https:\/\/koningdrone.be\/#\/schema\/logo\/image\/\",\"url\":\"https:\/\/koningdrone.be\/wp-content\/uploads\/sites\/13\/2025\/04\/koningdrone-copyright-logo.svg\",\"contentUrl\":\"https:\/\/koningdrone.be\/wp-content\/uploads\/sites\/13\/2025\/04\/koningdrone-copyright-logo.svg\",\"width\":227,\"height\":38,\"caption\":\"Koningdrone.be\"},\"image\":{\"@id\":\"https:\/\/koningdrone.be\/#\/schema\/logo\/image\/\"}}]}<\/script>\n<!-- \/ Yoast SEO Premium plugin. -->","yoast_head_json":{"title":"BLUETTI EB3A + PV120 Solar Generator Kit - koningdrone.be","robots":{"index":"index","follow":"follow","max-snippet":"max-snippet:-1","max-image-preview":"max-image-preview:large","max-video-preview":"max-video-preview:-1"},"canonical":"https:\/\/koningdrone.be\/fr\/produit\/bluetti-eb3a-pv120-solar-generator-kit\/","og_locale":"fr_FR","og_type":"article","og_title":"BLUETTI EB3A + PV120 Solar Generator Kit","og_description":"Energy-efficient design   Lightweight &amp; reduces CO2 emissions   80% charge in 40 minutes   Compact with 600W AC inverter   6 quick charging methods   Safe off-grid power   8 outlets &amp; LiFePO4 battery   BLUETTI APP connectivity","og_url":"https:\/\/koningdrone.be\/fr\/produit\/bluetti-eb3a-pv120-solar-generator-kit\/","og_site_name":"koningdrone.be","article_modified_time":"2025-05-20T12:31:43+00:00","og_image":[{"width":750,"height":750,"url":"https:\/\/koningdrone.be\/wp-content\/uploads\/sites\/13\/2025\/04\/EB3A_PV120_750x.jpg","type":"image\/jpeg"}],"twitter_card":"summary_large_image","twitter_misc":{"Dur\u00e9e de lecture est.":"1 minute"},"schema":{"@context":"https:\/\/schema.org","@graph":[{"@type":"WebPage","@id":"https:\/\/koningdrone.be\/product\/bluetti-eb3a-pv120-solar-generator-kit\/","url":"https:\/\/koningdrone.be\/product\/bluetti-eb3a-pv120-solar-generator-kit\/","name":"BLUETTI EB3A + PV120 Solar Generator Kit - koningdrone.be","isPartOf":{"@id":"https:\/\/koningdrone.be\/#website"},"primaryImageOfPage":{"@id":"https:\/\/koningdrone.be\/product\/bluetti-eb3a-pv120-solar-generator-kit\/#primaryimage"},"image":{"@id":"https:\/\/koningdrone.be\/product\/bluetti-eb3a-pv120-solar-generator-kit\/#primaryimage"},"thumbnailUrl":"https:\/\/koningdrone.be\/wp-content\/uploads\/sites\/13\/2025\/04\/EB3A_PV120_750x.jpg","datePublished":"2024-02-28T10:15:10+00:00","dateModified":"2025-05-20T12:31:43+00:00","breadcrumb":{"@id":"https:\/\/koningdrone.be\/product\/bluetti-eb3a-pv120-solar-generator-kit\/#breadcrumb"},"inLanguage":"fr-BE","potentialAction":[{"@type":"ReadAction","target":["https:\/\/koningdrone.be\/product\/bluetti-eb3a-pv120-solar-generator-kit\/"]}]},{"@type":"ImageObject","inLanguage":"fr-BE","@id":"https:\/\/koningdrone.be\/product\/bluetti-eb3a-pv120-solar-generator-kit\/#primaryimage","url":"https:\/\/koningdrone.be\/wp-content\/uploads\/sites\/13\/2025\/04\/EB3A_PV120_750x.jpg","contentUrl":"https:\/\/koningdrone.be\/wp-content\/uploads\/sites\/13\/2025\/04\/EB3A_PV120_750x.jpg","width":750,"height":750},{"@type":"BreadcrumbList","@id":"https:\/\/koningdrone.be\/product\/bluetti-eb3a-pv120-solar-generator-kit\/#breadcrumb","itemListElement":[{"@type":"ListItem","position":1,"name":"Home","item":"https:\/\/koningdrone.be\/"},{"@type":"ListItem","position":2,"name":"AVSS Parachute Recovery System for DJI Matrice 300\/350","item":"https:\/\/koningdrone.be\/product\/avss-parachute-recovery-system-for-dji-matrice-300-350\/"},{"@type":"ListItem","position":3,"name":"Alle producten","item":"https:\/\/koningdrone.be\/categorie\/alle-producten\/"},{"@type":"ListItem","position":4,"name":"BLUETTI EB3A + PV120 Solar Generator Kit"}]},{"@type":"WebSite","@id":"https:\/\/koningdrone.be\/#website","url":"https:\/\/koningdrone.be\/","name":"Koningdrone.be - Votre sp\u00e9cialiste en ligne en mati\u00e8re de drones, de cardans, de cam\u00e9ras et de centrales \u00e9lectriques.","description":"La boutique en ligne de drones et de cardans","publisher":{"@id":"https:\/\/koningdrone.be\/#organization"},"potentialAction":[{"@type":"SearchAction","target":{"@type":"EntryPoint","urlTemplate":"https:\/\/koningdrone.be\/?s={search_term_string}"},"query-input":{"@type":"PropertyValueSpecification","valueRequired":true,"valueName":"search_term_string"}}],"inLanguage":"fr-BE"},{"@type":"Organization","@id":"https:\/\/koningdrone.be\/#organization","name":"Kingdrone.co.uk","url":"https:\/\/koningdrone.be\/","logo":{"@type":"ImageObject","inLanguage":"fr-BE","@id":"https:\/\/koningdrone.be\/#\/schema\/logo\/image\/","url":"https:\/\/koningdrone.be\/wp-content\/uploads\/sites\/13\/2025\/04\/koningdrone-copyright-logo.svg","contentUrl":"https:\/\/koningdrone.be\/wp-content\/uploads\/sites\/13\/2025\/04\/koningdrone-copyright-logo.svg","width":227,"height":38,"caption":"Koningdrone.be"},"image":{"@id":"https:\/\/koningdrone.be\/#\/schema\/logo\/image\/"}}]}},"df_price":"","df_sale_price":"","df_regular_price":"","df_image_link":"https:\/\/koningdrone.be\/wp-content\/uploads\/sites\/13\/2025\/04\/EB3A_PV120_750x-300x300.jpg","_links":{"self":[{"href":"https:\/\/koningdrone.be\/fr\/wp-json\/wp\/v2\/product\/4160","targetHints":{"allow":["GET"]}}],"collection":[{"href":"https:\/\/koningdrone.be\/fr\/wp-json\/wp\/v2\/product"}],"about":[{"href":"https:\/\/koningdrone.be\/fr\/wp-json\/wp\/v2\/types\/product"}],"wp:featuredmedia":[{"embeddable":true,"href":"https:\/\/koningdrone.be\/fr\/wp-json\/wp\/v2\/media\/4159"}],"wp:attachment":[{"href":"https:\/\/koningdrone.be\/fr\/wp-json\/wp\/v2\/media?parent=4160"}],"wp:term":[{"taxonomy":"product_brand","embeddable":true,"href":"https:\/\/koningdrone.be\/fr\/wp-json\/wp\/v2\/product_brand?post=4160"},{"taxonomy":"product_cat","embeddable":true,"href":"https:\/\/koningdrone.be\/fr\/wp-json\/wp\/v2\/product_cat?post=4160"},{"taxonomy":"product_tag","embeddable":true,"href":"https:\/\/koningdrone.be\/fr\/wp-json\/wp\/v2\/product_tag?post=4160"}],"curies":[{"name":"wp","href":"https:\/\/api.w.org\/{rel}","templated":true}]}}