{"id":4158,"date":"2024-02-28T11:15:10","date_gmt":"2024-02-28T10:15:10","guid":{"rendered":"https:\/\/koningdrone.nl\/kon\/product\/bluetti-eb3a-portable-power-station-600w-268wh\/"},"modified":"2025-05-20T14:31:33","modified_gmt":"2025-05-20T12:31:33","slug":"bluetti-eb3a-portable-power-station-600w-268wh","status":"publish","type":"product","link":"https:\/\/koningdrone.be\/fr\/produit\/bluetti-eb3a-portable-power-station-600w-268wh\/","title":{"rendered":"BLUETTI EB3A Centrale \u00e9lectrique portable | 600W 268Wh"},"content":{"rendered":"<p><strong>Description du produit : de l'\u00e9nergie portable pour un mode de vie durable<\/strong><\/p>\n<p>Le BLUETTI EB3A est con\u00e7u pour \u00eatre plus \u00e9conome en \u00e9nergie que les g\u00e9n\u00e9rateurs traditionnels. Il est l\u00e9ger, ce qui contribue \u00e0 r\u00e9duire les \u00e9missions de carbone dans l'environnement.<\/p>\n<p><strong>Petit mais puissant<\/strong><\/p>\n<p>De taille compacte, le BLUETTI EB3A est suffisamment puissant pour alimenter tous vos appareils essentiels, o\u00f9 que vous soyez.<\/p>\n<p><strong>80% Chargement en 40 minutes<\/strong><\/p>\n<p>Gr\u00e2ce \u00e0 la technologie de charge rapide du BLUETTI EB3A, vous pouvez charger cette source d'alimentation portable en seulement 40 minutes pour 80%, ce qui vous permet de reprendre rapidement vos activit\u00e9s.<\/p>\n<p><strong>6 fa\u00e7ons de se ressourcer<\/strong><\/p>\n<p>Le BLUETTI EB3A offre plusieurs moyens de se recharger : \u00e9nergie solaire, prise murale, chargeur de voiture et autres, ce qui vous permet d'acc\u00e9der \u00e0 l'\u00e9nergie \u00e0 tout moment et en tout lieu.<\/p>\n<p><strong>La s\u00e9curit\u00e9 est dans les d\u00e9tails<\/strong><\/p>\n<p>Avec des fonctions de s\u00e9curit\u00e9 int\u00e9gr\u00e9es telles que la protection contre les surtensions, la protection contre les surcharges et la protection contre les courts-circuits, le BLUETTI EB3A garantit votre s\u00e9curit\u00e9 et celle de vos appareils pendant leur utilisation.<\/p>\n<p><strong>8 prises pour tous les besoins<\/strong><\/p>\n<p>Qu'il s'agisse de brancher des appareils \u00e9lectroniques, des appareils de cuisine ou de l'\u00e9clairage, avec ses 8 prises, le BLUETTI EB3A offre suffisamment d'options pour r\u00e9pondre \u00e0 tous vos besoins en mati\u00e8re d'alimentation.<\/p>\n<p><strong>Restez connect\u00e9 avec l'application BLUETTI<\/strong><\/p>\n<p>BLUETTI-APP vous permet de v\u00e9rifier l'\u00e9tat de votre EB3A, de g\u00e9rer la consommation d'\u00e9nergie et m\u00eame de recevoir des notifications lorsqu'il est temps de le recharger, ce qui vous permet de rester connect\u00e9 et pr\u00e9par\u00e9 \u00e0 tout moment.<\/p>\n<p><\/p>","protected":false},"excerpt":{"rendered":"<ul>\n<li>Alimentation portable \u00e9conome en \u00e9nergie<\/li>\n<li>Conception l\u00e9g\u00e8re<\/li>\n<li>80% charge en 40 minutes<\/li>\n<li>6 fa\u00e7ons de se ressourcer<\/li>\n<li>Caract\u00e9ristiques de s\u00e9curit\u00e9 d\u00e9taill\u00e9es<\/li>\n<li>8 prises disponibles<\/li>\n<li>BLUETTI APP connectivit\u00e9<\/li>\n<\/ul>","protected":false},"featured_media":4157,"template":"","meta":{"_acf_changed":false},"product_brand":[],"product_cat":[454,97,829,830,415],"product_tag":[],"class_list":{"0":"post-4158","1":"product","2":"type-product","3":"status-publish","4":"has-post-thumbnail","6":"product_cat-alle-powerstations","7":"product_cat-alle-producten","8":"product_cat-bluetti","9":"product_cat-bluetti-powerstations","10":"product_cat-energy","11":"pa_brand-bluetti","12":"pa_productfamily-power-station","13":"pa_producttype-power-station","15":"first","16":"instock","17":"taxable","18":"shipping-taxable","19":"product-type-simple"},"acf":[],"yoast_head":"<!-- This site is optimized with the Yoast SEO Premium plugin v27.2 (Yoast SEO v27.2) - https:\/\/yoast.com\/product\/yoast-seo-premium-wordpress\/ -->\n<title>BLUETTI EB3A Portable Power Station | 600W 268Wh - koningdrone.be<\/title>\n<meta name=\"robots\" content=\"index, follow, max-snippet:-1, max-image-preview:large, max-video-preview:-1\" \/>\n<link rel=\"canonical\" href=\"https:\/\/koningdrone.be\/fr\/produit\/bluetti-eb3a-portable-power-station-600w-268wh\/\" \/>\n<meta property=\"og:locale\" content=\"fr_FR\" \/>\n<meta property=\"og:type\" content=\"article\" \/>\n<meta property=\"og:title\" content=\"BLUETTI EB3A Portable Power Station | 600W 268Wh\" \/>\n<meta property=\"og:description\" content=\"Energy-efficient portable power   Lightweight design   80% charge in 40 minutes   6 ways to recharge   Detailed safety features   8 outlets available   BLUETTI APP connectivity\" \/>\n<meta property=\"og:url\" content=\"https:\/\/koningdrone.be\/fr\/produit\/bluetti-eb3a-portable-power-station-600w-268wh\/\" \/>\n<meta property=\"og:site_name\" content=\"koningdrone.be\" \/>\n<meta property=\"article:modified_time\" content=\"2025-05-20T12:31:33+00:00\" \/>\n<meta property=\"og:image\" content=\"https:\/\/koningdrone.be\/wp-content\/uploads\/sites\/13\/2025\/04\/EB3A-Front_750x.png\" \/>\n\t<meta property=\"og:image:width\" content=\"750\" \/>\n\t<meta property=\"og:image:height\" content=\"750\" \/>\n\t<meta property=\"og:image:type\" content=\"image\/png\" \/>\n<meta name=\"twitter:card\" content=\"summary_large_image\" \/>\n<meta name=\"twitter:label1\" content=\"Dur\u00e9e de lecture est.\" \/>\n\t<meta name=\"twitter:data1\" content=\"1 minute\" \/>\n<script type=\"application\/ld+json\" class=\"yoast-schema-graph\">{\"@context\":\"https:\/\/schema.org\",\"@graph\":[{\"@type\":\"WebPage\",\"@id\":\"https:\/\/koningdrone.be\/product\/bluetti-eb3a-portable-power-station-600w-268wh\/\",\"url\":\"https:\/\/koningdrone.be\/product\/bluetti-eb3a-portable-power-station-600w-268wh\/\",\"name\":\"BLUETTI EB3A Portable Power Station | 600W 268Wh - koningdrone.be\",\"isPartOf\":{\"@id\":\"https:\/\/koningdrone.be\/#website\"},\"primaryImageOfPage\":{\"@id\":\"https:\/\/koningdrone.be\/product\/bluetti-eb3a-portable-power-station-600w-268wh\/#primaryimage\"},\"image\":{\"@id\":\"https:\/\/koningdrone.be\/product\/bluetti-eb3a-portable-power-station-600w-268wh\/#primaryimage\"},\"thumbnailUrl\":\"https:\/\/koningdrone.be\/wp-content\/uploads\/sites\/13\/2025\/04\/EB3A-Front_750x.png\",\"datePublished\":\"2024-02-28T10:15:10+00:00\",\"dateModified\":\"2025-05-20T12:31:33+00:00\",\"breadcrumb\":{\"@id\":\"https:\/\/koningdrone.be\/product\/bluetti-eb3a-portable-power-station-600w-268wh\/#breadcrumb\"},\"inLanguage\":\"fr-BE\",\"potentialAction\":[{\"@type\":\"ReadAction\",\"target\":[\"https:\/\/koningdrone.be\/product\/bluetti-eb3a-portable-power-station-600w-268wh\/\"]}]},{\"@type\":\"ImageObject\",\"inLanguage\":\"fr-BE\",\"@id\":\"https:\/\/koningdrone.be\/product\/bluetti-eb3a-portable-power-station-600w-268wh\/#primaryimage\",\"url\":\"https:\/\/koningdrone.be\/wp-content\/uploads\/sites\/13\/2025\/04\/EB3A-Front_750x.png\",\"contentUrl\":\"https:\/\/koningdrone.be\/wp-content\/uploads\/sites\/13\/2025\/04\/EB3A-Front_750x.png\",\"width\":750,\"height\":750},{\"@type\":\"BreadcrumbList\",\"@id\":\"https:\/\/koningdrone.be\/product\/bluetti-eb3a-portable-power-station-600w-268wh\/#breadcrumb\",\"itemListElement\":[{\"@type\":\"ListItem\",\"position\":1,\"name\":\"Home\",\"item\":\"https:\/\/koningdrone.be\/\"},{\"@type\":\"ListItem\",\"position\":2,\"name\":\"AVSS Parachute Recovery System for DJI Matrice 300\/350\",\"item\":\"https:\/\/koningdrone.be\/product\/avss-parachute-recovery-system-for-dji-matrice-300-350\/\"},{\"@type\":\"ListItem\",\"position\":3,\"name\":\"Alle powerstations\",\"item\":\"https:\/\/koningdrone.be\/categorie\/alle-powerstations\/\"},{\"@type\":\"ListItem\",\"position\":4,\"name\":\"BLUETTI EB3A Portable Power Station | 600W 268Wh\"}]},{\"@type\":\"WebSite\",\"@id\":\"https:\/\/koningdrone.be\/#website\",\"url\":\"https:\/\/koningdrone.be\/\",\"name\":\"Koningdrone.be - Uw online specialist in drones, gimbals, camera's en power stations.\",\"description\":\"De webshop in drones en gimbals\",\"publisher\":{\"@id\":\"https:\/\/koningdrone.be\/#organization\"},\"potentialAction\":[{\"@type\":\"SearchAction\",\"target\":{\"@type\":\"EntryPoint\",\"urlTemplate\":\"https:\/\/koningdrone.be\/?s={search_term_string}\"},\"query-input\":{\"@type\":\"PropertyValueSpecification\",\"valueRequired\":true,\"valueName\":\"search_term_string\"}}],\"inLanguage\":\"fr-BE\"},{\"@type\":\"Organization\",\"@id\":\"https:\/\/koningdrone.be\/#organization\",\"name\":\"Koningdrone.be\",\"url\":\"https:\/\/koningdrone.be\/\",\"logo\":{\"@type\":\"ImageObject\",\"inLanguage\":\"fr-BE\",\"@id\":\"https:\/\/koningdrone.be\/#\/schema\/logo\/image\/\",\"url\":\"https:\/\/koningdrone.be\/wp-content\/uploads\/sites\/13\/2025\/04\/koningdrone-copyright-logo.svg\",\"contentUrl\":\"https:\/\/koningdrone.be\/wp-content\/uploads\/sites\/13\/2025\/04\/koningdrone-copyright-logo.svg\",\"width\":227,\"height\":38,\"caption\":\"Koningdrone.be\"},\"image\":{\"@id\":\"https:\/\/koningdrone.be\/#\/schema\/logo\/image\/\"}}]}<\/script>\n<!-- \/ Yoast SEO Premium plugin. -->","yoast_head_json":{"title":"BLUETTI EB3A Portable Power Station | 600W 268Wh - koningdrone.be","robots":{"index":"index","follow":"follow","max-snippet":"max-snippet:-1","max-image-preview":"max-image-preview:large","max-video-preview":"max-video-preview:-1"},"canonical":"https:\/\/koningdrone.be\/fr\/produit\/bluetti-eb3a-portable-power-station-600w-268wh\/","og_locale":"fr_FR","og_type":"article","og_title":"BLUETTI EB3A Portable Power Station | 600W 268Wh","og_description":"Energy-efficient portable power   Lightweight design   80% charge in 40 minutes   6 ways to recharge   Detailed safety features   8 outlets available   BLUETTI APP connectivity","og_url":"https:\/\/koningdrone.be\/fr\/produit\/bluetti-eb3a-portable-power-station-600w-268wh\/","og_site_name":"koningdrone.be","article_modified_time":"2025-05-20T12:31:33+00:00","og_image":[{"width":750,"height":750,"url":"https:\/\/koningdrone.be\/wp-content\/uploads\/sites\/13\/2025\/04\/EB3A-Front_750x.png","type":"image\/png"}],"twitter_card":"summary_large_image","twitter_misc":{"Dur\u00e9e de lecture est.":"1 minute"},"schema":{"@context":"https:\/\/schema.org","@graph":[{"@type":"WebPage","@id":"https:\/\/koningdrone.be\/product\/bluetti-eb3a-portable-power-station-600w-268wh\/","url":"https:\/\/koningdrone.be\/product\/bluetti-eb3a-portable-power-station-600w-268wh\/","name":"BLUETTI EB3A Portable Power Station | 600W 268Wh - koningdrone.be","isPartOf":{"@id":"https:\/\/koningdrone.be\/#website"},"primaryImageOfPage":{"@id":"https:\/\/koningdrone.be\/product\/bluetti-eb3a-portable-power-station-600w-268wh\/#primaryimage"},"image":{"@id":"https:\/\/koningdrone.be\/product\/bluetti-eb3a-portable-power-station-600w-268wh\/#primaryimage"},"thumbnailUrl":"https:\/\/koningdrone.be\/wp-content\/uploads\/sites\/13\/2025\/04\/EB3A-Front_750x.png","datePublished":"2024-02-28T10:15:10+00:00","dateModified":"2025-05-20T12:31:33+00:00","breadcrumb":{"@id":"https:\/\/koningdrone.be\/product\/bluetti-eb3a-portable-power-station-600w-268wh\/#breadcrumb"},"inLanguage":"fr-BE","potentialAction":[{"@type":"ReadAction","target":["https:\/\/koningdrone.be\/product\/bluetti-eb3a-portable-power-station-600w-268wh\/"]}]},{"@type":"ImageObject","inLanguage":"fr-BE","@id":"https:\/\/koningdrone.be\/product\/bluetti-eb3a-portable-power-station-600w-268wh\/#primaryimage","url":"https:\/\/koningdrone.be\/wp-content\/uploads\/sites\/13\/2025\/04\/EB3A-Front_750x.png","contentUrl":"https:\/\/koningdrone.be\/wp-content\/uploads\/sites\/13\/2025\/04\/EB3A-Front_750x.png","width":750,"height":750},{"@type":"BreadcrumbList","@id":"https:\/\/koningdrone.be\/product\/bluetti-eb3a-portable-power-station-600w-268wh\/#breadcrumb","itemListElement":[{"@type":"ListItem","position":1,"name":"Home","item":"https:\/\/koningdrone.be\/"},{"@type":"ListItem","position":2,"name":"AVSS Parachute Recovery System for DJI Matrice 300\/350","item":"https:\/\/koningdrone.be\/product\/avss-parachute-recovery-system-for-dji-matrice-300-350\/"},{"@type":"ListItem","position":3,"name":"Alle powerstations","item":"https:\/\/koningdrone.be\/categorie\/alle-powerstations\/"},{"@type":"ListItem","position":4,"name":"BLUETTI EB3A Portable Power Station | 600W 268Wh"}]},{"@type":"WebSite","@id":"https:\/\/koningdrone.be\/#website","url":"https:\/\/koningdrone.be\/","name":"Koningdrone.be - Votre sp\u00e9cialiste en ligne en mati\u00e8re de drones, de cardans, de cam\u00e9ras et de centrales \u00e9lectriques.","description":"La boutique en ligne de drones et de cardans","publisher":{"@id":"https:\/\/koningdrone.be\/#organization"},"potentialAction":[{"@type":"SearchAction","target":{"@type":"EntryPoint","urlTemplate":"https:\/\/koningdrone.be\/?s={search_term_string}"},"query-input":{"@type":"PropertyValueSpecification","valueRequired":true,"valueName":"search_term_string"}}],"inLanguage":"fr-BE"},{"@type":"Organization","@id":"https:\/\/koningdrone.be\/#organization","name":"Kingdrone.co.uk","url":"https:\/\/koningdrone.be\/","logo":{"@type":"ImageObject","inLanguage":"fr-BE","@id":"https:\/\/koningdrone.be\/#\/schema\/logo\/image\/","url":"https:\/\/koningdrone.be\/wp-content\/uploads\/sites\/13\/2025\/04\/koningdrone-copyright-logo.svg","contentUrl":"https:\/\/koningdrone.be\/wp-content\/uploads\/sites\/13\/2025\/04\/koningdrone-copyright-logo.svg","width":227,"height":38,"caption":"Koningdrone.be"},"image":{"@id":"https:\/\/koningdrone.be\/#\/schema\/logo\/image\/"}}]}},"df_price":"","df_sale_price":"","df_regular_price":"","df_image_link":"https:\/\/koningdrone.be\/wp-content\/uploads\/sites\/13\/2025\/04\/EB3A-Front_750x-300x300.png","_links":{"self":[{"href":"https:\/\/koningdrone.be\/fr\/wp-json\/wp\/v2\/product\/4158","targetHints":{"allow":["GET"]}}],"collection":[{"href":"https:\/\/koningdrone.be\/fr\/wp-json\/wp\/v2\/product"}],"about":[{"href":"https:\/\/koningdrone.be\/fr\/wp-json\/wp\/v2\/types\/product"}],"wp:featuredmedia":[{"embeddable":true,"href":"https:\/\/koningdrone.be\/fr\/wp-json\/wp\/v2\/media\/4157"}],"wp:attachment":[{"href":"https:\/\/koningdrone.be\/fr\/wp-json\/wp\/v2\/media?parent=4158"}],"wp:term":[{"taxonomy":"product_brand","embeddable":true,"href":"https:\/\/koningdrone.be\/fr\/wp-json\/wp\/v2\/product_brand?post=4158"},{"taxonomy":"product_cat","embeddable":true,"href":"https:\/\/koningdrone.be\/fr\/wp-json\/wp\/v2\/product_cat?post=4158"},{"taxonomy":"product_tag","embeddable":true,"href":"https:\/\/koningdrone.be\/fr\/wp-json\/wp\/v2\/product_tag?post=4158"}],"curies":[{"name":"wp","href":"https:\/\/api.w.org\/{rel}","templated":true}]}}