{"id":4149,"date":"2024-03-13T15:24:02","date_gmt":"2024-03-13T14:24:02","guid":{"rendered":"https:\/\/koningdrone.nl\/kon\/product\/bs65-intelligent-battery-station\/"},"modified":"2025-05-08T14:45:50","modified_gmt":"2025-05-08T12:45:50","slug":"bs65-intelligent-battery-station","status":"publish","type":"product","link":"https:\/\/koningdrone.be\/fr\/produit\/bs65-intelligent-battery-station\/","title":{"rendered":"Station de recharge intelligente BS65"},"content":{"rendered":"<p>La station de charge en question est une bo\u00eete \u00e0 outils d'avant-garde, soigneusement con\u00e7ue pour un entretien sans pareil des batteries. Elle est id\u00e9ale pour les personnes qui ont besoin d'une solution avanc\u00e9e pour charger plusieurs batteries, assurer un stockage s\u00fbr et faciliter le transport sans effort. Cette station est l'incarnation de l'excellence en mati\u00e8re de gestion des batteries. Elle offre aux utilisateurs des fonctions avanc\u00e9es qui red\u00e9finissent l'efficacit\u00e9 et la long\u00e9vit\u00e9 des batteries.<\/p>\n<p><strong>Caract\u00e9ristiques innovantes<\/strong><\/p>\n<p>Parmi les innovations les plus notables, citons le mode stockage et le mode pr\u00eat \u00e0 voler, des am\u00e9liorations sp\u00e9cialement con\u00e7ues pour optimiser les processus de charge et prolonger la dur\u00e9e de vie de la batterie. Ces caract\u00e9ristiques repr\u00e9sentent non seulement un bond en avant dans la technologie de maintenance des batteries, mais soulignent \u00e9galement l'engagement de la station \u00e0 fournir aux utilisateurs des solutions pratiques et efficaces sur le plan \u00e9nerg\u00e9tique. L'introduction de roues \u00e0 360 degr\u00e9s est une autre mise \u00e0 niveau notable qui am\u00e9liore consid\u00e9rablement la mobilit\u00e9. Cet ajout apparemment minime se traduit par des \u00e9conomies de temps et d'efforts consid\u00e9rables, en facilitant la transition entre les diff\u00e9rentes phases de la gestion de la batterie.<\/p>\n<p><strong>Polyvalence et compatibilit\u00e9<\/strong><\/p>\n<p>Cette station de batterie se distingue par sa polyvalence et sa compatibilit\u00e9 remarquables, avec des ports pour huit batteries TB65 et quatre batteries WB37. De plus, elle est \u00e9quip\u00e9e d'un port de maintenance USB-C, d'un port de charge USB-C et d'un port de charge USB-A, ce qui en fait un alli\u00e9 redoutable pour la charge et la maintenance des batteries. Sa capacit\u00e9 \u00e0 charger simultan\u00e9ment deux batteries TB65 et une batterie WB37 d\u00e9montre sa robuste capacit\u00e9 de charge et la positionne non seulement comme une station de charge, mais aussi comme un syst\u00e8me complet de gestion des batteries. Que ce soit pour les d\u00e9butants ou les experts, cette station offre une solution de gestion de batterie fiable et efficace.<\/p>\n<p>&nbsp;<\/p>","protected":false},"excerpt":{"rendered":"<ul>\n<li>Une solution unique pour les besoins en batteries<\/li>\n<li>Modes de stockage et de pr\u00e9paration au vol<\/li>\n<li>Am\u00e9liore l'efficacit\u00e9 du chargement<\/li>\n<li>Prolonge la dur\u00e9e de vie de la batterie<\/li>\n<li>Nouvelles roues mobiles \u00e0 360\u00b0 pour un transport facile<\/li>\n<li>Fournit huit ports de batterie TB65<\/li>\n<li>Comprend quatre ports de batterie WB37<\/li>\n<li>Un port de maintenance et de charge USB-C chacun<\/li>\n<li>Un port de charge USB-A<\/li>\n<li>Chargement simultan\u00e9 : deux TB65 et un WB37<\/li>\n<\/ul>","protected":false},"featured_media":4146,"template":"","meta":{"_acf_changed":false},"product_brand":[],"product_cat":[111,97,628],"product_tag":[],"class_list":{"0":"post-4149","1":"product","2":"type-product","3":"status-publish","4":"has-post-thumbnail","6":"product_cat-alle-opladers","7":"product_cat-alle-producten","8":"product_cat-powerstations","9":"pa_brand-dji","10":"pa_productfamily-oplader","11":"pa_producttype-oplader","12":"pa_series-matrice-350","14":"first","15":"instock","16":"taxable","17":"shipping-taxable","18":"product-type-simple"},"acf":[],"yoast_head":"<!-- This site is optimized with the Yoast SEO Premium plugin v27.2 (Yoast SEO v27.2) - https:\/\/yoast.com\/product\/yoast-seo-premium-wordpress\/ -->\n<title>BS65 Intelligent Battery Station - koningdrone.be<\/title>\n<meta name=\"robots\" content=\"index, follow, max-snippet:-1, max-image-preview:large, max-video-preview:-1\" \/>\n<link rel=\"canonical\" href=\"https:\/\/koningdrone.be\/fr\/produkt\/bs65-intelligent-battery-station\/\" \/>\n<meta property=\"og:locale\" content=\"fr_FR\" \/>\n<meta property=\"og:type\" content=\"article\" \/>\n<meta property=\"og:title\" content=\"BS65 Intelligent Battery Station\" \/>\n<meta property=\"og:description\" content=\"One-stop-oplossing voor batterijbehoeften  Beschikt over opslag- en vliegklaarmodi  Verbetert de laadeffici\u00ebntie  Verlengt de levensduur van de batterij  Nieuwe 360\u00b0 bewegende wielen voor eenvoudig transport  Biedt acht TB65-batterijpoorten  Inclusief vier WB37-batterijpoorten  Elk \u00e9\u00e9n USB-C-onderhouds- en oplaadpoort  E\u00e9n USB-A-oplaadpoort  Gelijktijdig opladen: twee TB65&#039;s en \u00e9\u00e9n WB37\" \/>\n<meta property=\"og:url\" content=\"https:\/\/koningdrone.be\/fr\/produkt\/bs65-intelligent-battery-station\/\" \/>\n<meta property=\"og:site_name\" content=\"koningdrone.be\" \/>\n<meta property=\"article:modified_time\" content=\"2025-05-08T12:45:50+00:00\" \/>\n<meta property=\"og:image\" content=\"https:\/\/koningdrone.be\/wp-content\/uploads\/sites\/13\/2025\/04\/69c786e0125458c7cd26dcf0e3fd4232@large.jpg\" \/>\n\t<meta property=\"og:image:width\" content=\"1200\" \/>\n\t<meta property=\"og:image:height\" content=\"800\" \/>\n\t<meta property=\"og:image:type\" content=\"image\/jpeg\" \/>\n<meta name=\"twitter:card\" content=\"summary_large_image\" \/>\n<meta name=\"twitter:label1\" content=\"Dur\u00e9e de lecture est.\" \/>\n\t<meta name=\"twitter:data1\" content=\"1 minute\" \/>\n<script type=\"application\/ld+json\" class=\"yoast-schema-graph\">{\"@context\":\"https:\/\/schema.org\",\"@graph\":[{\"@type\":\"WebPage\",\"@id\":\"https:\/\/koningdrone.be\/de\/produkt\/bs65-intelligent-battery-station\/\",\"url\":\"https:\/\/koningdrone.be\/de\/produkt\/bs65-intelligent-battery-station\/\",\"name\":\"BS65 Intelligent Battery Station - koningdrone.be\",\"isPartOf\":{\"@id\":\"https:\/\/koningdrone.be\/#website\"},\"primaryImageOfPage\":{\"@id\":\"https:\/\/koningdrone.be\/de\/produkt\/bs65-intelligent-battery-station\/#primaryimage\"},\"image\":{\"@id\":\"https:\/\/koningdrone.be\/de\/produkt\/bs65-intelligent-battery-station\/#primaryimage\"},\"thumbnailUrl\":\"https:\/\/koningdrone.be\/wp-content\/uploads\/sites\/13\/2025\/04\/69c786e0125458c7cd26dcf0e3fd4232@large.jpg\",\"datePublished\":\"2024-03-13T14:24:02+00:00\",\"dateModified\":\"2025-05-08T12:45:50+00:00\",\"breadcrumb\":{\"@id\":\"https:\/\/koningdrone.be\/de\/produkt\/bs65-intelligent-battery-station\/#breadcrumb\"},\"inLanguage\":\"fr-BE\",\"potentialAction\":[{\"@type\":\"ReadAction\",\"target\":[\"https:\/\/koningdrone.be\/de\/produkt\/bs65-intelligent-battery-station\/\"]}]},{\"@type\":\"ImageObject\",\"inLanguage\":\"fr-BE\",\"@id\":\"https:\/\/koningdrone.be\/de\/produkt\/bs65-intelligent-battery-station\/#primaryimage\",\"url\":\"https:\/\/koningdrone.be\/wp-content\/uploads\/sites\/13\/2025\/04\/69c786e0125458c7cd26dcf0e3fd4232@large.jpg\",\"contentUrl\":\"https:\/\/koningdrone.be\/wp-content\/uploads\/sites\/13\/2025\/04\/69c786e0125458c7cd26dcf0e3fd4232@large.jpg\",\"width\":1200,\"height\":800},{\"@type\":\"BreadcrumbList\",\"@id\":\"https:\/\/koningdrone.be\/de\/produkt\/bs65-intelligent-battery-station\/#breadcrumb\",\"itemListElement\":[{\"@type\":\"ListItem\",\"position\":1,\"name\":\"Home\",\"item\":\"https:\/\/koningdrone.be\/\"},{\"@type\":\"ListItem\",\"position\":2,\"name\":\"AVSS Parachute Recovery System for DJI Matrice 300\/350\",\"item\":\"https:\/\/koningdrone.be\/product\/avss-parachute-recovery-system-for-dji-matrice-300-350\/\"},{\"@type\":\"ListItem\",\"position\":3,\"name\":\"Alle opladers\",\"item\":\"https:\/\/koningdrone.be\/categorie\/alle-opladers\/\"},{\"@type\":\"ListItem\",\"position\":4,\"name\":\"BS65 Intelligent Battery Station\"}]},{\"@type\":\"WebSite\",\"@id\":\"https:\/\/koningdrone.be\/#website\",\"url\":\"https:\/\/koningdrone.be\/\",\"name\":\"Koningdrone.be - Uw online specialist in drones, gimbals, camera's en power stations.\",\"description\":\"De webshop in drones en gimbals\",\"publisher\":{\"@id\":\"https:\/\/koningdrone.be\/#organization\"},\"potentialAction\":[{\"@type\":\"SearchAction\",\"target\":{\"@type\":\"EntryPoint\",\"urlTemplate\":\"https:\/\/koningdrone.be\/?s={search_term_string}\"},\"query-input\":{\"@type\":\"PropertyValueSpecification\",\"valueRequired\":true,\"valueName\":\"search_term_string\"}}],\"inLanguage\":\"fr-BE\"},{\"@type\":\"Organization\",\"@id\":\"https:\/\/koningdrone.be\/#organization\",\"name\":\"Koningdrone.be\",\"url\":\"https:\/\/koningdrone.be\/\",\"logo\":{\"@type\":\"ImageObject\",\"inLanguage\":\"fr-BE\",\"@id\":\"https:\/\/koningdrone.be\/#\/schema\/logo\/image\/\",\"url\":\"https:\/\/koningdrone.be\/wp-content\/uploads\/sites\/13\/2025\/04\/koningdrone-copyright-logo.svg\",\"contentUrl\":\"https:\/\/koningdrone.be\/wp-content\/uploads\/sites\/13\/2025\/04\/koningdrone-copyright-logo.svg\",\"width\":227,\"height\":38,\"caption\":\"Koningdrone.be\"},\"image\":{\"@id\":\"https:\/\/koningdrone.be\/#\/schema\/logo\/image\/\"}}]}<\/script>\n<!-- \/ Yoast SEO Premium plugin. -->","yoast_head_json":{"title":"BS65 Intelligent Battery Station - koningdrone.be","robots":{"index":"index","follow":"follow","max-snippet":"max-snippet:-1","max-image-preview":"max-image-preview:large","max-video-preview":"max-video-preview:-1"},"canonical":"https:\/\/koningdrone.be\/fr\/produkt\/bs65-intelligent-battery-station\/","og_locale":"fr_FR","og_type":"article","og_title":"BS65 Intelligent Battery Station","og_description":"One-stop-oplossing voor batterijbehoeften  Beschikt over opslag- en vliegklaarmodi  Verbetert de laadeffici\u00ebntie  Verlengt de levensduur van de batterij  Nieuwe 360\u00b0 bewegende wielen voor eenvoudig transport  Biedt acht TB65-batterijpoorten  Inclusief vier WB37-batterijpoorten  Elk \u00e9\u00e9n USB-C-onderhouds- en oplaadpoort  E\u00e9n USB-A-oplaadpoort  Gelijktijdig opladen: twee TB65's en \u00e9\u00e9n WB37","og_url":"https:\/\/koningdrone.be\/fr\/produkt\/bs65-intelligent-battery-station\/","og_site_name":"koningdrone.be","article_modified_time":"2025-05-08T12:45:50+00:00","og_image":[{"width":1200,"height":800,"url":"https:\/\/koningdrone.be\/wp-content\/uploads\/sites\/13\/2025\/04\/69c786e0125458c7cd26dcf0e3fd4232@large.jpg","type":"image\/jpeg"}],"twitter_card":"summary_large_image","twitter_misc":{"Dur\u00e9e de lecture est.":"1 minute"},"schema":{"@context":"https:\/\/schema.org","@graph":[{"@type":"WebPage","@id":"https:\/\/koningdrone.be\/de\/produkt\/bs65-intelligent-battery-station\/","url":"https:\/\/koningdrone.be\/de\/produkt\/bs65-intelligent-battery-station\/","name":"BS65 Intelligent Battery Station - koningdrone.be","isPartOf":{"@id":"https:\/\/koningdrone.be\/#website"},"primaryImageOfPage":{"@id":"https:\/\/koningdrone.be\/de\/produkt\/bs65-intelligent-battery-station\/#primaryimage"},"image":{"@id":"https:\/\/koningdrone.be\/de\/produkt\/bs65-intelligent-battery-station\/#primaryimage"},"thumbnailUrl":"https:\/\/koningdrone.be\/wp-content\/uploads\/sites\/13\/2025\/04\/69c786e0125458c7cd26dcf0e3fd4232@large.jpg","datePublished":"2024-03-13T14:24:02+00:00","dateModified":"2025-05-08T12:45:50+00:00","breadcrumb":{"@id":"https:\/\/koningdrone.be\/de\/produkt\/bs65-intelligent-battery-station\/#breadcrumb"},"inLanguage":"fr-BE","potentialAction":[{"@type":"ReadAction","target":["https:\/\/koningdrone.be\/de\/produkt\/bs65-intelligent-battery-station\/"]}]},{"@type":"ImageObject","inLanguage":"fr-BE","@id":"https:\/\/koningdrone.be\/de\/produkt\/bs65-intelligent-battery-station\/#primaryimage","url":"https:\/\/koningdrone.be\/wp-content\/uploads\/sites\/13\/2025\/04\/69c786e0125458c7cd26dcf0e3fd4232@large.jpg","contentUrl":"https:\/\/koningdrone.be\/wp-content\/uploads\/sites\/13\/2025\/04\/69c786e0125458c7cd26dcf0e3fd4232@large.jpg","width":1200,"height":800},{"@type":"BreadcrumbList","@id":"https:\/\/koningdrone.be\/de\/produkt\/bs65-intelligent-battery-station\/#breadcrumb","itemListElement":[{"@type":"ListItem","position":1,"name":"Home","item":"https:\/\/koningdrone.be\/"},{"@type":"ListItem","position":2,"name":"AVSS Parachute Recovery System for DJI Matrice 300\/350","item":"https:\/\/koningdrone.be\/product\/avss-parachute-recovery-system-for-dji-matrice-300-350\/"},{"@type":"ListItem","position":3,"name":"Alle opladers","item":"https:\/\/koningdrone.be\/categorie\/alle-opladers\/"},{"@type":"ListItem","position":4,"name":"BS65 Intelligent Battery Station"}]},{"@type":"WebSite","@id":"https:\/\/koningdrone.be\/#website","url":"https:\/\/koningdrone.be\/","name":"Koningdrone.be - Votre sp\u00e9cialiste en ligne en mati\u00e8re de drones, de cardans, de cam\u00e9ras et de centrales \u00e9lectriques.","description":"La boutique en ligne de drones et de cardans","publisher":{"@id":"https:\/\/koningdrone.be\/#organization"},"potentialAction":[{"@type":"SearchAction","target":{"@type":"EntryPoint","urlTemplate":"https:\/\/koningdrone.be\/?s={search_term_string}"},"query-input":{"@type":"PropertyValueSpecification","valueRequired":true,"valueName":"search_term_string"}}],"inLanguage":"fr-BE"},{"@type":"Organization","@id":"https:\/\/koningdrone.be\/#organization","name":"Kingdrone.co.uk","url":"https:\/\/koningdrone.be\/","logo":{"@type":"ImageObject","inLanguage":"fr-BE","@id":"https:\/\/koningdrone.be\/#\/schema\/logo\/image\/","url":"https:\/\/koningdrone.be\/wp-content\/uploads\/sites\/13\/2025\/04\/koningdrone-copyright-logo.svg","contentUrl":"https:\/\/koningdrone.be\/wp-content\/uploads\/sites\/13\/2025\/04\/koningdrone-copyright-logo.svg","width":227,"height":38,"caption":"Koningdrone.be"},"image":{"@id":"https:\/\/koningdrone.be\/#\/schema\/logo\/image\/"}}]}},"df_price":"","df_sale_price":"","df_regular_price":"","df_image_link":"https:\/\/koningdrone.be\/wp-content\/uploads\/sites\/13\/2025\/04\/69c786e0125458c7cd26dcf0e3fd4232@large-300x200.jpg","_links":{"self":[{"href":"https:\/\/koningdrone.be\/fr\/wp-json\/wp\/v2\/product\/4149","targetHints":{"allow":["GET"]}}],"collection":[{"href":"https:\/\/koningdrone.be\/fr\/wp-json\/wp\/v2\/product"}],"about":[{"href":"https:\/\/koningdrone.be\/fr\/wp-json\/wp\/v2\/types\/product"}],"wp:featuredmedia":[{"embeddable":true,"href":"https:\/\/koningdrone.be\/fr\/wp-json\/wp\/v2\/media\/4146"}],"wp:attachment":[{"href":"https:\/\/koningdrone.be\/fr\/wp-json\/wp\/v2\/media?parent=4149"}],"wp:term":[{"taxonomy":"product_brand","embeddable":true,"href":"https:\/\/koningdrone.be\/fr\/wp-json\/wp\/v2\/product_brand?post=4149"},{"taxonomy":"product_cat","embeddable":true,"href":"https:\/\/koningdrone.be\/fr\/wp-json\/wp\/v2\/product_cat?post=4149"},{"taxonomy":"product_tag","embeddable":true,"href":"https:\/\/koningdrone.be\/fr\/wp-json\/wp\/v2\/product_tag?post=4149"}],"curies":[{"name":"wp","href":"https:\/\/api.w.org\/{rel}","templated":true}]}}