{"id":4145,"date":"2024-03-13T15:29:06","date_gmt":"2024-03-13T15:29:06","guid":{"rendered":"https:\/\/koningdrone.nl\/kon\/product\/dji-avata-battery-buckle-mount\/"},"modified":"2025-04-29T12:04:55","modified_gmt":"2025-04-29T12:04:55","slug":"dji-avata-battery-buckle-mount","status":"publish","type":"product","link":"https:\/\/koningdrone.be\/fr\/produit\/dji-avata-battery-buckle-mount\/","title":{"rendered":"Boucle de fixation de la batterie DJI Avata"},"content":{"rendered":"<p>Le support de boucle de batterie est un accessoire essentiel con\u00e7u pour am\u00e9liorer la s\u00e9curit\u00e9 et la fiabilit\u00e9 de votre drone. Fabriqu\u00e9 avec expertise, il allie l\u00e9g\u00e8ret\u00e9 et robustesse.<br \/><strong>Conception mat\u00e9rielle<\/strong><\/p>\n<p> Fabriqu\u00e9e en mat\u00e9riaux composites avanc\u00e9s, la monture offre un \u00e9quilibre optimal entre l\u00e9g\u00e8ret\u00e9 et durabilit\u00e9. La conception est soigneusement adapt\u00e9e au mod\u00e8le d'a\u00e9ronef sp\u00e9cifi\u00e9, garantissant ainsi une correspondance parfaite.<\/p>\n<p><strong>Fonctionnalit\u00e9<\/strong><\/p>\n<p> Cet accessoire simplifie le processus de fixation et de d\u00e9tachement de la batterie de vol intelligente, rationalisant ainsi votre pr\u00e9paration au vol. Sa fonction premi\u00e8re est de maintenir la batterie fermement en place, \u00e9liminant ainsi le risque qu'elle se d\u00e9tache et coupe l'alimentation pendant les op\u00e9rations de vol.<\/p>\n<p><strong>Am\u00e9liorer la s\u00e9curit\u00e9<\/strong><\/p>\n<p> En r\u00e9duisant de mani\u00e8re significative le risque de perte accidentelle d'alimentation, le support de boucle de batterie augmente les param\u00e8tres de s\u00e9curit\u00e9 de vos vols. Il vous permet d'utiliser votre drone en toute confiance, sachant que la batterie de vol est solidement fix\u00e9e et que votre a\u00e9ronef est prot\u00e9g\u00e9 contre les coupures de courant inattendues.<\/p>\n<p><strong>Conclusion<\/strong><\/p>\n<p> Le support de boucle de batterie n'est pas un simple accessoire, c'est un composant essentiel qui garantit la fiabilit\u00e9 et la s\u00e9curit\u00e9 de vos vols en drone. Gr\u00e2ce \u00e0 sa conception et \u00e0 ses fonctionnalit\u00e9s sup\u00e9rieures, c'est un outil indispensable pour les passionn\u00e9s de drones et les professionnels.<\/p>\n<p><\/p>","protected":false},"excerpt":{"rendered":"<ul>\n<li>Utilise des mat\u00e9riaux l\u00e9gers et durables<\/li>\n<li> S'int\u00e8gre parfaitement \u00e0 l'avion<\/li>\n<li> Facile \u00e0 attacher et \u00e0 d\u00e9tacher<\/li>\n<li> Emp\u00eache la batterie de vol intelligente de tomber<\/li>\n<li> Garantit un vol plus s\u00fbr en maintenant la stabilit\u00e9 de l'alimentation<\/li>\n<\/ul>","protected":false},"featured_media":4143,"template":"","meta":{"_acf_changed":false},"product_brand":[],"product_cat":[113,97,261],"product_tag":[],"class_list":{"0":"post-4145","1":"product","2":"type-product","3":"status-publish","4":"has-post-thumbnail","6":"product_cat-alle-batterijen","7":"product_cat-alle-producten","8":"product_cat-dji-avata","9":"pa_brand-dji","10":"pa_productfamily-mount","11":"pa_producttype-mount","12":"pa_series-avata","14":"first","15":"instock","16":"taxable","17":"shipping-taxable","18":"product-type-simple"},"acf":[],"yoast_head":"<!-- This site is optimized with the Yoast SEO Premium plugin v27.2 (Yoast SEO v27.2) - https:\/\/yoast.com\/product\/yoast-seo-premium-wordpress\/ -->\n<title>DJI Avata Battery Buckle Mount - koningdrone.be<\/title>\n<meta name=\"robots\" content=\"index, follow, max-snippet:-1, max-image-preview:large, max-video-preview:-1\" \/>\n<link rel=\"canonical\" href=\"https:\/\/koningdrone.be\/fr\/produit\/dji-avata-battery-buckle-mount\/\" \/>\n<meta property=\"og:locale\" content=\"fr_FR\" \/>\n<meta property=\"og:type\" content=\"article\" \/>\n<meta property=\"og:title\" content=\"DJI Avata Battery Buckle Mount\" \/>\n<meta property=\"og:description\" content=\"Gebruikt lichtgewicht en duurzame materialen Past naadloos bij het vliegtuig Gemakkelijk bevestigen en losmaken Voorkomt dat de Intelligent Flight Battery eruit valt Zorgt voor een veiliger vlucht door de stroomstabiliteit te behouden\" \/>\n<meta property=\"og:url\" content=\"https:\/\/koningdrone.be\/fr\/produit\/dji-avata-battery-buckle-mount\/\" \/>\n<meta property=\"og:site_name\" content=\"koningdrone.be\" \/>\n<meta property=\"article:modified_time\" content=\"2025-04-29T12:04:55+00:00\" \/>\n<meta property=\"og:image\" content=\"https:\/\/koningdrone.be\/wp-content\/uploads\/sites\/13\/2025\/04\/f26b5823907b0529d7fce673f10625f5@large.jpg\" \/>\n\t<meta property=\"og:image:width\" content=\"1200\" \/>\n\t<meta property=\"og:image:height\" content=\"800\" \/>\n\t<meta property=\"og:image:type\" content=\"image\/jpeg\" \/>\n<meta name=\"twitter:card\" content=\"summary_large_image\" \/>\n<meta name=\"twitter:label1\" content=\"Dur\u00e9e de lecture est.\" \/>\n\t<meta name=\"twitter:data1\" content=\"1 minute\" \/>\n<script type=\"application\/ld+json\" class=\"yoast-schema-graph\">{\"@context\":\"https:\/\/schema.org\",\"@graph\":[{\"@type\":\"WebPage\",\"@id\":\"https:\/\/koningdrone.be\/product\/dji-avata-battery-buckle-mount\/\",\"url\":\"https:\/\/koningdrone.be\/product\/dji-avata-battery-buckle-mount\/\",\"name\":\"DJI Avata Battery Buckle Mount - koningdrone.be\",\"isPartOf\":{\"@id\":\"https:\/\/koningdrone.be\/#website\"},\"primaryImageOfPage\":{\"@id\":\"https:\/\/koningdrone.be\/product\/dji-avata-battery-buckle-mount\/#primaryimage\"},\"image\":{\"@id\":\"https:\/\/koningdrone.be\/product\/dji-avata-battery-buckle-mount\/#primaryimage\"},\"thumbnailUrl\":\"https:\/\/koningdrone.be\/wp-content\/uploads\/sites\/13\/2025\/04\/f26b5823907b0529d7fce673f10625f5@large.jpg\",\"datePublished\":\"2024-03-13T15:29:06+00:00\",\"dateModified\":\"2025-04-29T12:04:55+00:00\",\"breadcrumb\":{\"@id\":\"https:\/\/koningdrone.be\/product\/dji-avata-battery-buckle-mount\/#breadcrumb\"},\"inLanguage\":\"fr-BE\",\"potentialAction\":[{\"@type\":\"ReadAction\",\"target\":[\"https:\/\/koningdrone.be\/product\/dji-avata-battery-buckle-mount\/\"]}]},{\"@type\":\"ImageObject\",\"inLanguage\":\"fr-BE\",\"@id\":\"https:\/\/koningdrone.be\/product\/dji-avata-battery-buckle-mount\/#primaryimage\",\"url\":\"https:\/\/koningdrone.be\/wp-content\/uploads\/sites\/13\/2025\/04\/f26b5823907b0529d7fce673f10625f5@large.jpg\",\"contentUrl\":\"https:\/\/koningdrone.be\/wp-content\/uploads\/sites\/13\/2025\/04\/f26b5823907b0529d7fce673f10625f5@large.jpg\",\"width\":1200,\"height\":800},{\"@type\":\"BreadcrumbList\",\"@id\":\"https:\/\/koningdrone.be\/product\/dji-avata-battery-buckle-mount\/#breadcrumb\",\"itemListElement\":[{\"@type\":\"ListItem\",\"position\":1,\"name\":\"Home\",\"item\":\"https:\/\/koningdrone.be\/\"},{\"@type\":\"ListItem\",\"position\":2,\"name\":\"AVSS Parachute Recovery System for DJI Matrice 300\/350\",\"item\":\"https:\/\/koningdrone.be\/product\/avss-parachute-recovery-system-for-dji-matrice-300-350\/\"},{\"@type\":\"ListItem\",\"position\":3,\"name\":\"Alle batterijen\",\"item\":\"https:\/\/koningdrone.be\/categorie\/alle-batterijen\/\"},{\"@type\":\"ListItem\",\"position\":4,\"name\":\"DJI Avata Battery Buckle Mount\"}]},{\"@type\":\"WebSite\",\"@id\":\"https:\/\/koningdrone.be\/#website\",\"url\":\"https:\/\/koningdrone.be\/\",\"name\":\"Koningdrone.be - Uw online specialist in drones, gimbals, camera's en power stations.\",\"description\":\"De webshop in drones en gimbals\",\"publisher\":{\"@id\":\"https:\/\/koningdrone.be\/#organization\"},\"potentialAction\":[{\"@type\":\"SearchAction\",\"target\":{\"@type\":\"EntryPoint\",\"urlTemplate\":\"https:\/\/koningdrone.be\/?s={search_term_string}\"},\"query-input\":{\"@type\":\"PropertyValueSpecification\",\"valueRequired\":true,\"valueName\":\"search_term_string\"}}],\"inLanguage\":\"fr-BE\"},{\"@type\":\"Organization\",\"@id\":\"https:\/\/koningdrone.be\/#organization\",\"name\":\"Koningdrone.be\",\"url\":\"https:\/\/koningdrone.be\/\",\"logo\":{\"@type\":\"ImageObject\",\"inLanguage\":\"fr-BE\",\"@id\":\"https:\/\/koningdrone.be\/#\/schema\/logo\/image\/\",\"url\":\"https:\/\/koningdrone.be\/wp-content\/uploads\/sites\/13\/2025\/04\/koningdrone-copyright-logo.svg\",\"contentUrl\":\"https:\/\/koningdrone.be\/wp-content\/uploads\/sites\/13\/2025\/04\/koningdrone-copyright-logo.svg\",\"width\":227,\"height\":38,\"caption\":\"Koningdrone.be\"},\"image\":{\"@id\":\"https:\/\/koningdrone.be\/#\/schema\/logo\/image\/\"}}]}<\/script>\n<!-- \/ Yoast SEO Premium plugin. -->","yoast_head_json":{"title":"DJI Avata Battery Buckle Mount - koningdrone.be","robots":{"index":"index","follow":"follow","max-snippet":"max-snippet:-1","max-image-preview":"max-image-preview:large","max-video-preview":"max-video-preview:-1"},"canonical":"https:\/\/koningdrone.be\/fr\/produit\/dji-avata-battery-buckle-mount\/","og_locale":"fr_FR","og_type":"article","og_title":"DJI Avata Battery Buckle Mount","og_description":"Gebruikt lichtgewicht en duurzame materialen Past naadloos bij het vliegtuig Gemakkelijk bevestigen en losmaken Voorkomt dat de Intelligent Flight Battery eruit valt Zorgt voor een veiliger vlucht door de stroomstabiliteit te behouden","og_url":"https:\/\/koningdrone.be\/fr\/produit\/dji-avata-battery-buckle-mount\/","og_site_name":"koningdrone.be","article_modified_time":"2025-04-29T12:04:55+00:00","og_image":[{"width":1200,"height":800,"url":"https:\/\/koningdrone.be\/wp-content\/uploads\/sites\/13\/2025\/04\/f26b5823907b0529d7fce673f10625f5@large.jpg","type":"image\/jpeg"}],"twitter_card":"summary_large_image","twitter_misc":{"Dur\u00e9e de lecture est.":"1 minute"},"schema":{"@context":"https:\/\/schema.org","@graph":[{"@type":"WebPage","@id":"https:\/\/koningdrone.be\/product\/dji-avata-battery-buckle-mount\/","url":"https:\/\/koningdrone.be\/product\/dji-avata-battery-buckle-mount\/","name":"DJI Avata Battery Buckle Mount - koningdrone.be","isPartOf":{"@id":"https:\/\/koningdrone.be\/#website"},"primaryImageOfPage":{"@id":"https:\/\/koningdrone.be\/product\/dji-avata-battery-buckle-mount\/#primaryimage"},"image":{"@id":"https:\/\/koningdrone.be\/product\/dji-avata-battery-buckle-mount\/#primaryimage"},"thumbnailUrl":"https:\/\/koningdrone.be\/wp-content\/uploads\/sites\/13\/2025\/04\/f26b5823907b0529d7fce673f10625f5@large.jpg","datePublished":"2024-03-13T15:29:06+00:00","dateModified":"2025-04-29T12:04:55+00:00","breadcrumb":{"@id":"https:\/\/koningdrone.be\/product\/dji-avata-battery-buckle-mount\/#breadcrumb"},"inLanguage":"fr-BE","potentialAction":[{"@type":"ReadAction","target":["https:\/\/koningdrone.be\/product\/dji-avata-battery-buckle-mount\/"]}]},{"@type":"ImageObject","inLanguage":"fr-BE","@id":"https:\/\/koningdrone.be\/product\/dji-avata-battery-buckle-mount\/#primaryimage","url":"https:\/\/koningdrone.be\/wp-content\/uploads\/sites\/13\/2025\/04\/f26b5823907b0529d7fce673f10625f5@large.jpg","contentUrl":"https:\/\/koningdrone.be\/wp-content\/uploads\/sites\/13\/2025\/04\/f26b5823907b0529d7fce673f10625f5@large.jpg","width":1200,"height":800},{"@type":"BreadcrumbList","@id":"https:\/\/koningdrone.be\/product\/dji-avata-battery-buckle-mount\/#breadcrumb","itemListElement":[{"@type":"ListItem","position":1,"name":"Home","item":"https:\/\/koningdrone.be\/"},{"@type":"ListItem","position":2,"name":"AVSS Parachute Recovery System for DJI Matrice 300\/350","item":"https:\/\/koningdrone.be\/product\/avss-parachute-recovery-system-for-dji-matrice-300-350\/"},{"@type":"ListItem","position":3,"name":"Alle batterijen","item":"https:\/\/koningdrone.be\/categorie\/alle-batterijen\/"},{"@type":"ListItem","position":4,"name":"DJI Avata Battery Buckle Mount"}]},{"@type":"WebSite","@id":"https:\/\/koningdrone.be\/#website","url":"https:\/\/koningdrone.be\/","name":"Koningdrone.be - Votre sp\u00e9cialiste en ligne en mati\u00e8re de drones, de cardans, de cam\u00e9ras et de centrales \u00e9lectriques.","description":"La boutique en ligne de drones et de cardans","publisher":{"@id":"https:\/\/koningdrone.be\/#organization"},"potentialAction":[{"@type":"SearchAction","target":{"@type":"EntryPoint","urlTemplate":"https:\/\/koningdrone.be\/?s={search_term_string}"},"query-input":{"@type":"PropertyValueSpecification","valueRequired":true,"valueName":"search_term_string"}}],"inLanguage":"fr-BE"},{"@type":"Organization","@id":"https:\/\/koningdrone.be\/#organization","name":"Kingdrone.co.uk","url":"https:\/\/koningdrone.be\/","logo":{"@type":"ImageObject","inLanguage":"fr-BE","@id":"https:\/\/koningdrone.be\/#\/schema\/logo\/image\/","url":"https:\/\/koningdrone.be\/wp-content\/uploads\/sites\/13\/2025\/04\/koningdrone-copyright-logo.svg","contentUrl":"https:\/\/koningdrone.be\/wp-content\/uploads\/sites\/13\/2025\/04\/koningdrone-copyright-logo.svg","width":227,"height":38,"caption":"Koningdrone.be"},"image":{"@id":"https:\/\/koningdrone.be\/#\/schema\/logo\/image\/"}}]}},"df_price":"","df_sale_price":"","df_regular_price":"","df_image_link":"https:\/\/koningdrone.be\/wp-content\/uploads\/sites\/13\/2025\/04\/f26b5823907b0529d7fce673f10625f5@large-300x200.jpg","_links":{"self":[{"href":"https:\/\/koningdrone.be\/fr\/wp-json\/wp\/v2\/product\/4145","targetHints":{"allow":["GET"]}}],"collection":[{"href":"https:\/\/koningdrone.be\/fr\/wp-json\/wp\/v2\/product"}],"about":[{"href":"https:\/\/koningdrone.be\/fr\/wp-json\/wp\/v2\/types\/product"}],"wp:featuredmedia":[{"embeddable":true,"href":"https:\/\/koningdrone.be\/fr\/wp-json\/wp\/v2\/media\/4143"}],"wp:attachment":[{"href":"https:\/\/koningdrone.be\/fr\/wp-json\/wp\/v2\/media?parent=4145"}],"wp:term":[{"taxonomy":"product_brand","embeddable":true,"href":"https:\/\/koningdrone.be\/fr\/wp-json\/wp\/v2\/product_brand?post=4145"},{"taxonomy":"product_cat","embeddable":true,"href":"https:\/\/koningdrone.be\/fr\/wp-json\/wp\/v2\/product_cat?post=4145"},{"taxonomy":"product_tag","embeddable":true,"href":"https:\/\/koningdrone.be\/fr\/wp-json\/wp\/v2\/product_tag?post=4145"}],"curies":[{"name":"wp","href":"https:\/\/api.w.org\/{rel}","templated":true}]}}